{"id":3319,"date":"2022-07-27T22:24:42","date_gmt":"2022-07-27T20:24:42","guid":{"rendered":"http:\/\/turismodeosuna.es\/conventos\/"},"modified":"2023-03-26T14:02:50","modified_gmt":"2023-03-26T12:02:50","slug":"kloster","status":"publish","type":"page","link":"https:\/\/turismodeosuna.es\/de\/kloster\/","title":{"rendered":"Kloster"},"content":{"rendered":"[vc_row type=&#8220;full_width_content&#8220; full_screen_row_position=&#8220;middle&#8220; column_margin=&#8220;default&#8220; column_direction=&#8220;default&#8220; column_direction_tablet=&#8220;default&#8220; column_direction_phone=&#8220;default&#8220; scene_position=&#8220;center&#8220; text_color=&#8220;dark&#8220; text_align=&#8220;left&#8220; row_border_radius=&#8220;none&#8220; row_border_radius_applies=&#8220;bg&#8220; overflow=&#8220;visible&#8220; advanced_gradient_angle=&#8220;0&#8243; overlay_strength=&#8220;0.3&#8243; gradient_direction=&#8220;left_to_right&#8220; shape_divider_position=&#8220;bottom&#8220; bg_image_animation=&#8220;none&#8220; gradient_type=&#8220;default&#8220; shape_type=&#8220;&#8220;][vc_column column_padding=&#8220;no-extra-padding&#8220; column_padding_tablet=&#8220;inherit&#8220; column_padding_phone=&#8220;inherit&#8220; column_padding_position=&#8220;all&#8220; column_element_spacing=&#8220;default&#8220; background_color_opacity=&#8220;1&#8243; background_hover_color_opacity=&#8220;1&#8243; column_shadow=&#8220;none&#8220; column_border_radius=&#8220;none&#8220; column_link_target=&#8220;_self&#8220; column_position=&#8220;default&#8220; gradient_direction=&#8220;left_to_right&#8220; overlay_strength=&#8220;0.3&#8243; width=&#8220;1\/1&#8243; tablet_width_inherit=&#8220;default&#8220; tablet_text_alignment=&#8220;default&#8220; phone_text_alignment=&#8220;default&#8220; animation_type=&#8220;default&#8220; bg_image_animation=&#8220;none&#8220; border_type=&#8220;simple&#8220; column_border_width=&#8220;none&#8220; column_border_style=&#8220;solid&#8220;][image_with_animation image_url=&#8220;1202&#8243; image_size=&#8220;full&#8220; animation_type=&#8220;entrance&#8220; animation=&#8220;Fade In&#8220; hover_animation=&#8220;none&#8220; alignment=&#8220;center&#8220; border_radius=&#8220;none&#8220; box_shadow=&#8220;none&#8220; image_loading=&#8220;default&#8220; max_width=&#8220;100%&#8220; max_width_mobile=&#8220;default&#8220;][image_with_animation image_url=&#8220;588&#8243; image_size=&#8220;full&#8220; animation_type=&#8220;entrance&#8220; animation=&#8220;Fade In&#8220; hover_animation=&#8220;none&#8220; alignment=&#8220;center&#8220; border_radius=&#8220;none&#8220; box_shadow=&#8220;none&#8220; image_loading=&#8220;default&#8220; max_width=&#8220;100%&#8220; max_width_mobile=&#8220;default&#8220;][\/vc_column][\/vc_row][vc_row type=&#8220;in_container&#8220; full_screen_row_position=&#8220;middle&#8220; column_margin=&#8220;default&#8220; column_direction=&#8220;default&#8220; column_direction_tablet=&#8220;default&#8220; column_direction_phone=&#8220;default&#8220; scene_position=&#8220;center&#8220; bottom_padding=&#8220;4%&#8220; text_color=&#8220;dark&#8220; text_align=&#8220;left&#8220; row_border_radius=&#8220;none&#8220; row_border_radius_applies=&#8220;bg&#8220; overflow=&#8220;visible&#8220; advanced_gradient_angle=&#8220;0&#8243; overlay_strength=&#8220;0.3&#8243; gradient_direction=&#8220;left_to_right&#8220; shape_divider_position=&#8220;bottom&#8220; bg_image_animation=&#8220;none&#8220; gradient_type=&#8220;default&#8220; shape_type=&#8220;&#8220;][vc_column column_padding=&#8220;no-extra-padding&#8220; column_padding_tablet=&#8220;inherit&#8220; column_padding_phone=&#8220;inherit&#8220; column_padding_position=&#8220;all&#8220; column_element_spacing=&#8220;default&#8220; background_color_opacity=&#8220;1&#8243; background_hover_color_opacity=&#8220;1&#8243; column_shadow=&#8220;none&#8220; column_border_radius=&#8220;none&#8220; column_link_target=&#8220;_self&#8220; column_position=&#8220;default&#8220; gradient_direction=&#8220;left_to_right&#8220; overlay_strength=&#8220;0.3&#8243; width=&#8220;1\/1&#8243; tablet_width_inherit=&#8220;default&#8220; tablet_text_alignment=&#8220;default&#8220; phone_text_alignment=&#8220;default&#8220; animation_type=&#8220;default&#8220; bg_image_animation=&#8220;none&#8220; border_type=&#8220;simple&#8220; column_border_width=&#8220;none&#8220; column_border_style=&#8220;solid&#8220;][vc_column_text]<span style=\"color: #3c3c36;\"><span style=\"font-family: montserrat, serif;\"><span style=\"font-size: xx-large;\"><b>Kloster<\/b><\/span><\/span><\/span>[\/vc_column_text][tabbed_section style=&#8220;vertical&#8220; tab_color=&#8220;Accent-Color&#8220; vs_content_animation=&#8220;fade&#8220; vs_link_animation=&#8220;opacity&#8220; vs_navigation_alignment=&#8220;left&#8220; vs_navigation_width_2=&#8220;25%&#8220; vs_navigation_func=&#8220;default&#8220; vs_navigation_width=&#8220;regular&#8220; vs_navigation_spacing=&#8220;20px&#8220; vs_navigation_mobile_display=&#8220;visible&#8220; vs_tab_spacing=&#8220;10%&#8220;][tab icon_family=&#8220;none&#8220; title=&#8220;Kloster Concepci\u00f3n&#8220; id=&#8220;1679832123173-9&#8243; tab_id=&#8220;1679832123173-7&#8243;][vc_column_text]<span style=\"color: #3c3c36;\"><span style=\"font-family: montserrat, serif;\"><span style=\"font-size: xx-large;\"><b>Kloster Concepci\u00f3n<\/b><\/span><\/span><\/span><\/p>\n<p><span style=\"color: #3c3c36;\"><span style=\"font-family: Helvetica, serif;\"><span style=\"font-size: medium;\"><b>16. und 17. Jahrhundert. Franziskanerinnenorden der Concepcionistas Franciscanas<\/b><\/span><\/span><\/span><\/p>\n<p>Gegr\u00fcndet wurde dieser Orden f\u00fcr die Franziskanerinnen von der Laienschwester Beatriz Silva.<\/p>\n<p>Der massive langestreckte Bau endet in einem Glockengiebel aus Ziegelsteinen, der sich aus zwei Elementen zusammensetzt. Ihre Glocken sind die lautesten der Stadt.<\/p>\n<p>Die Struktur der Kirche entspricht der eines Klosters mit nur einem Hauptschiff und ist eines der h\u00f6chsten Osunas. Bedeckt durch ein Tonnengew\u00f6lbe, verf\u00fcgt es \u00fcber eine Hauptkapelle und einer Kassettendecke aus Holz mit dekorativen Elementen aus Bandwerk.<\/p>\n<p>Der Altaraufsatz wurde 1717 bei Francisco Maria de Ceiba in Auftrag gegeben. Geziert durch eindrucksvolle geschwungene S\u00e4ulen, zeigt er Skulpturen der Heiligen Josef, Michael und Franziskus, sowie eine moderne Darstellung der heiligen Beatriz de Silva. In der Hauptmauernische ist die Jungfrau Maria mit Kind zu sehen. In der Attika finden wir die Darstellungen des Heilige Joachim, der Heiligen Anna und einer Kr\u00f6nung Mariens.[\/vc_column_text][vc_gallery type=&#8220;flickity_style&#8220; images=&#8220;524,532,531,529,527,526,525&#8243; flickity_spacing=&#8220;default&#8220; flickity_controls=&#8220;next_prev_arrows_overlaid&#8220; flickity_overflow=&#8220;hidden&#8220; flickity_wrap_around=&#8220;wrap&#8220; flickity_desktop_columns=&#8220;1&#8243; flickity_small_desktop_columns=&#8220;1&#8243; flickity_tablet_columns=&#8220;1&#8243; flickity_phone_columns=&#8220;1&#8243; flickity_box_shadow=&#8220;none&#8220; image_loading=&#8220;default&#8220; onclick=&#8220;link_image&#8220;][\/tab][tab icon_family=&#8220;none&#8220; title=&#8220;Kloster La Encarnaci\u00f3n&#8220; id=&#8220;1679832123205-3&#8243; tab_id=&#8220;1679832123206-0&#8243;][vc_column_text]<span style=\"color: #3c3c36;\"><span style=\"font-family: montserrat, serif;\"><span style=\"font-size: xx-large;\"><b>Kloster La Encarnaci\u00f3n<\/b><\/span><\/span><\/span><\/p>\n<p>Dieses Geb\u00e4ude wurde 1549 fertigstellt und wurde das Krankenhaus Encarnaci\u00f3n del Hijo de Dios.<\/p>\n<p>Im Jahre 1612 wurde es von Jesuiten besetzt. 1626 l\u00e4sst schlie\u00dflich die Herzogin von Osuna auf dem Grundst\u00fcck des alten Krankenhauses ein Kloster errichten, das von den Schwestern der Mercerdarierordens gef\u00fchrt wurde.<\/p>\n<p>Die Fassade ist aus Ziegelsteinen. Die Mauer\u00f6ffnung des Eingangs wird von Pilastern geziert. Die Front ist zweigeteilt.<\/p>\n<p>Im Inneren finden wir ein zentrales Kirchenschiff mit Tonnengew\u00f6lbe und Nischen. Der Altaraufsatz ist barock. Besonders hervorzuheben ist die zentrale Mauernische mit einer Darstellung der Schutzmantelmadonna Virgen de la Merced.<\/p>\n<p>Am Ende der Kirche gelangen wir in den Innenhof. Er wird von einer Zierleiste aus blauen sevillanischen Kunstfliesen aus dem 18. Jahrhundert eingefasst. Hier sind biblische Szenen, die f\u00fcnf Sinne, die vier Jahreszeiten, Stra\u00dfenmotive und im Kreis betende Nonnen dargestellt. Es gibt ebenso Darstellungen von Jagdszene oder aus dem Stierkampf.<\/p>\n<p>Ein Gro\u00dfteil des Klosters ist heute ein Museum, das den Hauptteil des Klosters umgibt. Das Museum besteht aus 4 S\u00e4len, in denen unter anderem eine bedeutende Sammlung von Darstellungen Jesu als Kind, Goldschmiedearbeiten und andere bedeutende Sakralwerke ausgestellt werden.[\/vc_column_text][vc_gallery type=&#8220;flickity_style&#8220; images=&#8220;533,534,535,536,537,538,539,540,542,543,544,545,546&#8243; flickity_spacing=&#8220;default&#8220; flickity_controls=&#8220;next_prev_arrows_overlaid&#8220; flickity_overflow=&#8220;hidden&#8220; flickity_wrap_around=&#8220;wrap&#8220; flickity_desktop_columns=&#8220;1&#8243; flickity_small_desktop_columns=&#8220;1&#8243; flickity_tablet_columns=&#8220;1&#8243; flickity_phone_columns=&#8220;1&#8243; flickity_box_shadow=&#8220;none&#8220; image_loading=&#8220;default&#8220; onclick=&#8220;link_image&#8220;][\/tab][tab icon_family=&#8220;none&#8220; title=&#8220;Klosterkirche Convento del Carmen&#8220; id=&#8220;1679832123226-0&#8243; tab_id=&#8220;1679832123227-5&#8243;][vc_column_text]<span style=\"color: #3c3c36;\"><span style=\"font-family: montserrat, serif;\"><span style=\"font-size: xx-large;\"><b>Klosterkirche Convento del Carmen<\/b><\/span><\/span><\/span><\/p>\n<p><span style=\"color: #3c3c36;\"><span style=\"font-family: Helvetica, serif;\"><span style=\"font-size: medium;\"><b>16. Jahrhundert. Heute das Kloster des Karmelitenordens. Eintritt frei.<\/b><\/span><\/span><\/span><\/p>\n<p>Im Jahre 1606 l\u00e4sst sich der Orden der Karmeliten im von Don Juan T\u00e9llez Gir\u00f3n gestifteten Kloster nieder. Der Bau dieser Kirche begann wahrscheinlich Anfang des 16. Jahrhunderts, da an ihrer nicht fertiggestellten Front, Elemente aus dem Gotischen und der Renaissance zu finden sind. Sp\u00e4ter, im 18. Jahrhundert, werden das Hauptschiff und das Portal reformiert. Das Innere des Tempels gliedert sich in drei Schiffe, die von Pilastern getragen werden und in einem Tonnengew\u00f6lbe abschlie\u00dfen.<\/p>\n<p>Im Altarraum befindet sich einer der bedeutendsten Retabel der sevillanischen Renaissance, der auf die Jahre 1588 und 1590 datiert wird. Er setzt sich aus drei Teilen zusammen mit drei G\u00e4ngen und 4 Interkolumnien. Die architektonischen Arbeiten und Skulpturen werden Juan de Oviedo, genannt\u00a0<em>El Viejo<\/em>\u00a0und Diego de Velasco zugeschrieben. Ein besonderes Augenmerk gilt dem imposanten Relief Noli me tangere. Der Schrein wurde nachtr\u00e4glich hinzugef\u00fcgt.<\/p>\n<p>Der Kirchenchor weist eine interessante Quaderbauweise auf, die aus dem Kloster der unbeschuhten Karmeliten aus \u00c9cija stammt und auf das Ende des 17. Jahrhunderts zur\u00fcckgeht. Die insgesamt 22 Sitzpl\u00e4tze zeigen auf den R\u00fccklehnen Darstellungen von heiligen Karmeliten und deren Namen auf Tafeln.[\/vc_column_text][vc_gallery type=&#8220;flickity_style&#8220; images=&#8220;568,569,570,571,572,573,574,575,576,577&#8243; flickity_spacing=&#8220;default&#8220; flickity_controls=&#8220;next_prev_arrows_overlaid&#8220; flickity_overflow=&#8220;hidden&#8220; flickity_wrap_around=&#8220;wrap&#8220; flickity_desktop_columns=&#8220;1&#8243; flickity_small_desktop_columns=&#8220;1&#8243; flickity_tablet_columns=&#8220;1&#8243; flickity_phone_columns=&#8220;1&#8243; flickity_box_shadow=&#8220;none&#8220; image_loading=&#8220;default&#8220; onclick=&#8220;link_image&#8220;][\/tab][tab icon_family=&#8220;none&#8220; title=&#8220;Kloster Esp\u00edritu Santo&#8220; id=&#8220;1679832123254-8&#8243; tab_id=&#8220;1679832123255-10&#8243;][vc_column_text]<span style=\"color: #3c3c36;\"><span style=\"font-family: montserrat, serif;\"><span style=\"font-size: xx-large;\"><b>Kloster Esp\u00edritu Santo<\/b><\/span><\/span><\/span><\/p>\n<p><span style=\"color: #3c3c36;\"><span style=\"font-family: Helvetica, serif;\"><span style=\"font-size: medium;\"><b>Ehemaliges Kloster der Kanoniker El Esp\u00edritu Santo. An Gottesdienst nehmen die Schwestern des Ordens vom Heiligen Kreuzes teil. Eintritt frei.<\/b><\/span><\/span><\/span><\/p>\n<p>Bekannt ist das Bauwerk Esp\u00edritu Santo seit Mitte des 16. Jahrhunderts. Es wurde vom Orden der Kanoniker bewohnt, die sich bis zu ihrem Austritt im 19. Jahrhundert um die Instandhaltung des Findelhauses k\u00fcmmerten. Der Gottesdienst des Klosters wird seit 1939 von den Schwestern des Ordens des Kreuzes begleitet.<\/p>\n<p>Das Kloster hat im Laufe seiner langen Geschichte umfassende Ver\u00e4nderungen durchlaufen. Unter anderem wechselte es seine Lage von der Stra\u00dfe Camino de Sevilla zu seinem heutigen Standort. Die Arbeiten des neuen Klosters wurden zwischen 1595 und 1616 durchgef\u00fchrt. Das heutige Erscheinungsbild des Klosters ist das Ergebnis langer und umfassender Reformen, die auf die zweite H\u00e4lfte des 18. Jahrhunderts zur\u00fcckgehen. Im Inneren finden wir ein Hauptschiff mit H\u00e4ngekuppel \u00fcber der Hauptkapelle in der auch das Hauptaltarbild im Rokoko- Stil aus dem Jahr 1772 des antequeranischen K\u00fcnstlers Antonio Palomo steht. Im gleichen Jahr entstand der ungew\u00f6hnliche Heiligenschrein, in der die Marienfigur Virgen de Gu\u00eda steht. Au\u00dfen am Fu\u00dfe des Klosters erhebt sich ein Turm aus drei Teilen mit einer pyramidenf\u00f6rmigen Turmspitze.[\/vc_column_text][vc_gallery type=&#8220;flickity_style&#8220; images=&#8220;580,581,582&#8243; flickity_spacing=&#8220;default&#8220; flickity_controls=&#8220;next_prev_arrows_overlaid&#8220; flickity_overflow=&#8220;hidden&#8220; flickity_wrap_around=&#8220;wrap&#8220; flickity_desktop_columns=&#8220;1&#8243; flickity_small_desktop_columns=&#8220;1&#8243; flickity_tablet_columns=&#8220;1&#8243; flickity_phone_columns=&#8220;1&#8243; flickity_box_shadow=&#8220;none&#8220; image_loading=&#8220;default&#8220; onclick=&#8220;link_image&#8220;][\/tab][tab icon_family=&#8220;none&#8220; title=&#8220;Die Kirche des Klosters von San Pedro&#8220; id=&#8220;1679832123279-8&#8243; tab_id=&#8220;1679832123279-7&#8243;][vc_column_text]<span style=\"color: #3c3c36;\"><span style=\"font-family: montserrat, serif;\"><span style=\"font-size: xx-large;\"><b>Die Kirche des Klosters von San Pedro<\/b><\/span><\/span><\/span><\/p>\n<p><span style=\"color: #3c3c36;\"><span style=\"font-family: Helvetica, serif;\"><span style=\"font-size: medium;\"><b>16. Jahrhundert. Heute lebt hier der Orden der Unbeschuhten Karmeliten.<\/b><\/span><\/span><\/span><\/p>\n<p>Die Kirche von San Pedro wurde von Don Pedro T\u00e9llez Gir\u00f3n gegr\u00fcndet, um dort, wir erz\u00e4hlt wird, seine Bediensteten beizulegen.<\/p>\n<p>Nach dem Tod des vierten Grafen von Ure\u00f1a, lie\u00dfen sich hier die Ordensschwestern der Unbeschuhten Karmeliten nieder.<\/p>\n<p>Die Karmeliten waren bereits vor der Gr\u00fcndung des Klosters in Osuna. Sie lebten in einem Koster in der N\u00e4he der Kirche San Juan de Dios, das der Heiligen Isabel geweiht war und von Isabel M\u00e9ndez de Sotomayor gegr\u00fcndet worden war. 1564 beschlie\u00dft der Orden das Koster in der Altstadt zu verlassen, dass alt und unkomfortable geworden war. Seither lebt der Orden in ihrem neuen Kloster am Platz San Pedro.<\/p>\n<p>Interessant zu wissen ist, dass der erste Graf von Osuna (Sohn von Don Juan T\u00e9llez Gir\u00f3n) das erste Kloster mit seiner Mutter Do\u00f1a Mar\u00eda de la Cueva gr\u00fcndete.<\/p>\n<p>Das Kloster verf\u00fcgt \u00fcber ein gro\u00dfes Hauptschiff mit Tonnengew\u00f6lbe aus L\u00fcnetten. In der Hauptkapelle findet sich jedoch ein Kreuzgratgew\u00f6lbe.[\/vc_column_text][vc_gallery type=&#8220;flickity_style&#8220; images=&#8220;561,562,563&#8243; flickity_spacing=&#8220;default&#8220; flickity_controls=&#8220;next_prev_arrows_overlaid&#8220; flickity_overflow=&#8220;hidden&#8220; flickity_wrap_around=&#8220;wrap&#8220; flickity_desktop_columns=&#8220;1&#8243; flickity_small_desktop_columns=&#8220;1&#8243; flickity_tablet_columns=&#8220;1&#8243; flickity_phone_columns=&#8220;1&#8243; flickity_box_shadow=&#8220;none&#8220; image_loading=&#8220;default&#8220; onclick=&#8220;link_image&#8220;][\/tab][\/tabbed_section][\/vc_column][\/vc_row]\n","protected":false},"excerpt":{"rendered":"<p>[vc_row type=&#8220;full_width_content&#8220; full_screen_row_position=&#8220;middle&#8220; column_margin=&#8220;default&#8220; column_direction=&#8220;default&#8220; column_direction_tablet=&#8220;default&#8220; column_direction_phone=&#8220;default&#8220; scene_position=&#8220;center&#8220; text_color=&#8220;dark&#8220; text_align=&#8220;left&#8220; row_border_radius=&#8220;none&#8220; row_border_radius_applies=&#8220;bg&#8220; overflow=&#8220;visible&#8220; advanced_gradient_angle=&#8220;0&#8243; overlay_strength=&#8220;0.3&#8243; gradient_direction=&#8220;left_to_right&#8220; shape_divider_position=&#8220;bottom&#8220; bg_image_animation=&#8220;none&#8220; gradient_type=&#8220;default&#8220; shape_type=&#8220;&#8220;][vc_column column_padding=&#8220;no-extra-padding&#8220; column_padding_tablet=&#8220;inherit&#8220; column_padding_phone=&#8220;inherit&#8220; column_padding_position=&#8220;all&#8220; column_element_spacing=&#8220;default&#8220; background_color_opacity=&#8220;1&#8243; background_hover_color_opacity=&#8220;1&#8243; column_shadow=&#8220;none&#8220; column_border_radius=&#8220;none&#8220; column_link_target=&#8220;_self&#8220;&#8230;<\/p>\n","protected":false},"author":2,"featured_media":0,"parent":0,"menu_order":0,"comment_status":"closed","ping_status":"closed","template":"","meta":{"inline_featured_image":false,"h5ap_radio_sources":[],"footnotes":""},"class_list":["post-3319","page","type-page","status-publish"],"yoast_head":"<!-- This site is optimized with the Yoast SEO plugin v27.4 - https:\/\/yoast.com\/product\/yoast-seo-wordpress\/ -->\n<title>Kloster - Turismo Osuna<\/title>\n<meta name=\"robots\" content=\"index, follow, max-snippet:-1, max-image-preview:large, max-video-preview:-1\" \/>\n<link rel=\"canonical\" href=\"https:\/\/turismodeosuna.es\/kloster\/\" \/>\n<meta property=\"og:locale\" content=\"de_DE\" \/>\n<meta property=\"og:type\" content=\"article\" \/>\n<meta property=\"og:title\" content=\"Kloster - Turismo Osuna\" \/>\n<meta property=\"og:description\" content=\"[vc_row type=&#8220;full_width_content&#8220; full_screen_row_position=&#8220;middle&#8220; column_margin=&#8220;default&#8220; column_direction=&#8220;default&#8220; column_direction_tablet=&#8220;default&#8220; column_direction_phone=&#8220;default&#8220; scene_position=&#8220;center&#8220; text_color=&#8220;dark&#8220; text_align=&#8220;left&#8220; row_border_radius=&#8220;none&#8220; row_border_radius_applies=&#8220;bg&#8220; overflow=&#8220;visible&#8220; advanced_gradient_angle=&#8220;0&#8243; overlay_strength=&#8220;0.3&#8243; gradient_direction=&#8220;left_to_right&#8220; shape_divider_position=&#8220;bottom&#8220; bg_image_animation=&#8220;none&#8220; gradient_type=&#8220;default&#8220; shape_type=&#8220;&#8220;][vc_column column_padding=&#8220;no-extra-padding&#8220; column_padding_tablet=&#8220;inherit&#8220; column_padding_phone=&#8220;inherit&#8220; column_padding_position=&#8220;all&#8220; column_element_spacing=&#8220;default&#8220; background_color_opacity=&#8220;1&#8243; background_hover_color_opacity=&#8220;1&#8243; column_shadow=&#8220;none&#8220; column_border_radius=&#8220;none&#8220; column_link_target=&#8220;_self&#8220;...\" \/>\n<meta property=\"og:url\" content=\"https:\/\/turismodeosuna.es\/kloster\/\" \/>\n<meta property=\"og:site_name\" content=\"Turismo Osuna\" \/>\n<meta property=\"article:modified_time\" content=\"2023-03-26T12:02:50+00:00\" \/>\n<meta name=\"twitter:card\" content=\"summary_large_image\" \/>\n<meta name=\"twitter:label1\" content=\"Gesch\u00e4tzte Lesezeit\" \/>\n\t<meta name=\"twitter:data1\" content=\"6\u00a0Minuten\" \/>\n<script type=\"application\/ld+json\" class=\"yoast-schema-graph\">{\"@context\":\"https:\\\/\\\/schema.org\",\"@graph\":[{\"@type\":\"WebPage\",\"@id\":\"https:\\\/\\\/turismodeosuna.es\\\/kloster\\\/\",\"url\":\"https:\\\/\\\/turismodeosuna.es\\\/kloster\\\/\",\"name\":\"Kloster - Turismo Osuna\",\"isPartOf\":{\"@id\":\"https:\\\/\\\/turismodeosuna.es\\\/#website\"},\"datePublished\":\"2022-07-27T20:24:42+00:00\",\"dateModified\":\"2023-03-26T12:02:50+00:00\",\"breadcrumb\":{\"@id\":\"https:\\\/\\\/turismodeosuna.es\\\/kloster\\\/#breadcrumb\"},\"inLanguage\":\"de\",\"potentialAction\":[{\"@type\":\"ReadAction\",\"target\":[\"https:\\\/\\\/turismodeosuna.es\\\/kloster\\\/\"]}]},{\"@type\":\"BreadcrumbList\",\"@id\":\"https:\\\/\\\/turismodeosuna.es\\\/kloster\\\/#breadcrumb\",\"itemListElement\":[{\"@type\":\"ListItem\",\"position\":1,\"name\":\"Portada\",\"item\":\"https:\\\/\\\/turismodeosuna.es\\\/home\\\/\"},{\"@type\":\"ListItem\",\"position\":2,\"name\":\"Kloster\"}]},{\"@type\":\"WebSite\",\"@id\":\"https:\\\/\\\/turismodeosuna.es\\\/#website\",\"url\":\"https:\\\/\\\/turismodeosuna.es\\\/\",\"name\":\"Turismo Osuna\",\"description\":\"Turismo de Osuna\",\"potentialAction\":[{\"@type\":\"SearchAction\",\"target\":{\"@type\":\"EntryPoint\",\"urlTemplate\":\"https:\\\/\\\/turismodeosuna.es\\\/?s={search_term_string}\"},\"query-input\":{\"@type\":\"PropertyValueSpecification\",\"valueRequired\":true,\"valueName\":\"search_term_string\"}}],\"inLanguage\":\"de\"}]}<\/script>\n<!-- \/ Yoast SEO plugin. -->","yoast_head_json":{"title":"Kloster - Turismo Osuna","robots":{"index":"index","follow":"follow","max-snippet":"max-snippet:-1","max-image-preview":"max-image-preview:large","max-video-preview":"max-video-preview:-1"},"canonical":"https:\/\/turismodeosuna.es\/kloster\/","og_locale":"de_DE","og_type":"article","og_title":"Kloster - Turismo Osuna","og_description":"[vc_row type=&#8220;full_width_content&#8220; full_screen_row_position=&#8220;middle&#8220; column_margin=&#8220;default&#8220; column_direction=&#8220;default&#8220; column_direction_tablet=&#8220;default&#8220; column_direction_phone=&#8220;default&#8220; scene_position=&#8220;center&#8220; text_color=&#8220;dark&#8220; text_align=&#8220;left&#8220; row_border_radius=&#8220;none&#8220; row_border_radius_applies=&#8220;bg&#8220; overflow=&#8220;visible&#8220; advanced_gradient_angle=&#8220;0&#8243; overlay_strength=&#8220;0.3&#8243; gradient_direction=&#8220;left_to_right&#8220; shape_divider_position=&#8220;bottom&#8220; bg_image_animation=&#8220;none&#8220; gradient_type=&#8220;default&#8220; shape_type=&#8220;&#8220;][vc_column column_padding=&#8220;no-extra-padding&#8220; column_padding_tablet=&#8220;inherit&#8220; column_padding_phone=&#8220;inherit&#8220; column_padding_position=&#8220;all&#8220; column_element_spacing=&#8220;default&#8220; background_color_opacity=&#8220;1&#8243; background_hover_color_opacity=&#8220;1&#8243; column_shadow=&#8220;none&#8220; column_border_radius=&#8220;none&#8220; column_link_target=&#8220;_self&#8220;...","og_url":"https:\/\/turismodeosuna.es\/kloster\/","og_site_name":"Turismo Osuna","article_modified_time":"2023-03-26T12:02:50+00:00","twitter_card":"summary_large_image","twitter_misc":{"Gesch\u00e4tzte Lesezeit":"6\u00a0Minuten"},"schema":{"@context":"https:\/\/schema.org","@graph":[{"@type":"WebPage","@id":"https:\/\/turismodeosuna.es\/kloster\/","url":"https:\/\/turismodeosuna.es\/kloster\/","name":"Kloster - Turismo Osuna","isPartOf":{"@id":"https:\/\/turismodeosuna.es\/#website"},"datePublished":"2022-07-27T20:24:42+00:00","dateModified":"2023-03-26T12:02:50+00:00","breadcrumb":{"@id":"https:\/\/turismodeosuna.es\/kloster\/#breadcrumb"},"inLanguage":"de","potentialAction":[{"@type":"ReadAction","target":["https:\/\/turismodeosuna.es\/kloster\/"]}]},{"@type":"BreadcrumbList","@id":"https:\/\/turismodeosuna.es\/kloster\/#breadcrumb","itemListElement":[{"@type":"ListItem","position":1,"name":"Portada","item":"https:\/\/turismodeosuna.es\/home\/"},{"@type":"ListItem","position":2,"name":"Kloster"}]},{"@type":"WebSite","@id":"https:\/\/turismodeosuna.es\/#website","url":"https:\/\/turismodeosuna.es\/","name":"Turismo Osuna","description":"Turismo de Osuna","potentialAction":[{"@type":"SearchAction","target":{"@type":"EntryPoint","urlTemplate":"https:\/\/turismodeosuna.es\/?s={search_term_string}"},"query-input":{"@type":"PropertyValueSpecification","valueRequired":true,"valueName":"search_term_string"}}],"inLanguage":"de"}]}},"_links":{"self":[{"href":"https:\/\/turismodeosuna.es\/de\/wp-json\/wp\/v2\/pages\/3319","targetHints":{"allow":["GET"]}}],"collection":[{"href":"https:\/\/turismodeosuna.es\/de\/wp-json\/wp\/v2\/pages"}],"about":[{"href":"https:\/\/turismodeosuna.es\/de\/wp-json\/wp\/v2\/types\/page"}],"author":[{"embeddable":true,"href":"https:\/\/turismodeosuna.es\/de\/wp-json\/wp\/v2\/users\/2"}],"replies":[{"embeddable":true,"href":"https:\/\/turismodeosuna.es\/de\/wp-json\/wp\/v2\/comments?post=3319"}],"version-history":[{"count":7,"href":"https:\/\/turismodeosuna.es\/de\/wp-json\/wp\/v2\/pages\/3319\/revisions"}],"predecessor-version":[{"id":5758,"href":"https:\/\/turismodeosuna.es\/de\/wp-json\/wp\/v2\/pages\/3319\/revisions\/5758"}],"wp:attachment":[{"href":"https:\/\/turismodeosuna.es\/de\/wp-json\/wp\/v2\/media?parent=3319"}],"curies":[{"name":"wp","href":"https:\/\/api.w.org\/{rel}","templated":true}]}}