{"id":3361,"date":"2022-07-28T10:54:30","date_gmt":"2022-07-28T08:54:30","guid":{"rendered":"http:\/\/turismodeosuna.es\/area-endorreica\/"},"modified":"2023-03-24T13:46:40","modified_gmt":"2023-03-24T12:46:40","slug":"endorheic-bereich","status":"publish","type":"page","link":"https:\/\/turismodeosuna.es\/de\/endorheic-bereich\/","title":{"rendered":"Endorheic Bereich"},"content":{"rendered":"[vc_row type=&#8220;full_width_content&#8220; full_screen_row_position=&#8220;middle&#8220; column_margin=&#8220;default&#8220; column_direction=&#8220;default&#8220; column_direction_tablet=&#8220;default&#8220; column_direction_phone=&#8220;default&#8220; scene_position=&#8220;center&#8220; text_color=&#8220;dark&#8220; text_align=&#8220;left&#8220; row_border_radius=&#8220;none&#8220; row_border_radius_applies=&#8220;bg&#8220; overflow=&#8220;visible&#8220; advanced_gradient_angle=&#8220;0&#8243; overlay_strength=&#8220;0.3&#8243; gradient_direction=&#8220;left_to_right&#8220; shape_divider_position=&#8220;bottom&#8220; bg_image_animation=&#8220;none&#8220; gradient_type=&#8220;default&#8220; shape_type=&#8220;&#8220;][vc_column column_padding=&#8220;no-extra-padding&#8220; column_padding_tablet=&#8220;inherit&#8220; column_padding_phone=&#8220;inherit&#8220; column_padding_position=&#8220;all&#8220; column_element_spacing=&#8220;default&#8220; background_color_opacity=&#8220;1&#8243; background_hover_color_opacity=&#8220;1&#8243; column_shadow=&#8220;none&#8220; column_border_radius=&#8220;none&#8220; column_link_target=&#8220;_self&#8220; column_position=&#8220;default&#8220; gradient_direction=&#8220;left_to_right&#8220; overlay_strength=&#8220;0.3&#8243; width=&#8220;1\/1&#8243; tablet_width_inherit=&#8220;default&#8220; tablet_text_alignment=&#8220;default&#8220; phone_text_alignment=&#8220;default&#8220; animation_type=&#8220;default&#8220; bg_image_animation=&#8220;none&#8220; border_type=&#8220;simple&#8220; column_border_width=&#8220;none&#8220; column_border_style=&#8220;solid&#8220;][image_with_animation image_url=&#8220;1573&#8243; image_size=&#8220;full&#8220; animation_type=&#8220;entrance&#8220; animation=&#8220;Fade In&#8220; hover_animation=&#8220;none&#8220; alignment=&#8220;center&#8220; border_radius=&#8220;none&#8220; box_shadow=&#8220;none&#8220; image_loading=&#8220;default&#8220; max_width=&#8220;100%&#8220; max_width_mobile=&#8220;default&#8220;][image_with_animation image_url=&#8220;22&#8243; image_size=&#8220;full&#8220; animation_type=&#8220;entrance&#8220; animation=&#8220;Fade In&#8220; hover_animation=&#8220;none&#8220; alignment=&#8220;center&#8220; border_radius=&#8220;none&#8220; box_shadow=&#8220;none&#8220; image_loading=&#8220;default&#8220; max_width=&#8220;100%&#8220; max_width_mobile=&#8220;default&#8220;][\/vc_column][\/vc_row][vc_row type=&#8220;in_container&#8220; full_screen_row_position=&#8220;middle&#8220; column_margin=&#8220;default&#8220; equal_height=&#8220;yes&#8220; content_placement=&#8220;middle&#8220; column_direction=&#8220;default&#8220; column_direction_tablet=&#8220;default&#8220; column_direction_phone=&#8220;default&#8220; scene_position=&#8220;center&#8220; top_margin=&#8220;-4%&#8220; top_margin_tablet=&#8220;5%&#8220; bottom_margin_tablet=&#8220;0&#8243; top_margin_phone=&#8220;5%&#8220; text_color=&#8220;dark&#8220; text_align=&#8220;left&#8220; row_border_radius=&#8220;none&#8220; row_border_radius_applies=&#8220;bg&#8220; overflow=&#8220;visible&#8220; advanced_gradient_angle=&#8220;0&#8243; overlay_strength=&#8220;0.3&#8243; gradient_direction=&#8220;left_to_right&#8220; shape_divider_position=&#8220;bottom&#8220; bg_image_animation=&#8220;none&#8220; gradient_type=&#8220;default&#8220; shape_type=&#8220;&#8220;][vc_column column_padding=&#8220;no-extra-padding&#8220; column_padding_tablet=&#8220;inherit&#8220; column_padding_phone=&#8220;inherit&#8220; column_padding_position=&#8220;all&#8220; column_element_spacing=&#8220;default&#8220; background_color_opacity=&#8220;1&#8243; background_hover_color_opacity=&#8220;1&#8243; column_shadow=&#8220;none&#8220; column_border_radius=&#8220;none&#8220; column_link_target=&#8220;_self&#8220; column_position=&#8220;default&#8220; gradient_direction=&#8220;left_to_right&#8220; overlay_strength=&#8220;0.3&#8243; width=&#8220;1\/1&#8243; tablet_width_inherit=&#8220;default&#8220; tablet_text_alignment=&#8220;default&#8220; phone_text_alignment=&#8220;default&#8220; animation_type=&#8220;default&#8220; bg_image_animation=&#8220;none&#8220; border_type=&#8220;simple&#8220; column_border_width=&#8220;none&#8220; column_border_style=&#8220;solid&#8220;][vc_column_text]<span style=\"color: #3c3c36;\"><span style=\"font-family: montserrat, serif;\"><span style=\"font-size: x-large;\"><b>Endorheic Bereich. Die Lagunen von Osuna<\/b><\/span><\/span><\/span>[\/vc_column_text][\/vc_column][\/vc_row][vc_row type=&#8220;in_container&#8220; full_screen_row_position=&#8220;middle&#8220; column_margin=&#8220;default&#8220; equal_height=&#8220;yes&#8220; content_placement=&#8220;middle&#8220; column_direction=&#8220;default&#8220; column_direction_tablet=&#8220;default&#8220; column_direction_phone=&#8220;default&#8220; scene_position=&#8220;center&#8220; bottom_margin=&#8220;6%&#8220; top_margin_tablet=&#8220;5%&#8220; bottom_margin_tablet=&#8220;0&#8243; top_margin_phone=&#8220;5%&#8220; text_color=&#8220;dark&#8220; text_align=&#8220;left&#8220; row_border_radius=&#8220;none&#8220; row_border_radius_applies=&#8220;bg&#8220; overflow=&#8220;visible&#8220; advanced_gradient_angle=&#8220;0&#8243; overlay_strength=&#8220;0.3&#8243; gradient_direction=&#8220;left_to_right&#8220; shape_divider_position=&#8220;bottom&#8220; bg_image_animation=&#8220;none&#8220; gradient_type=&#8220;default&#8220; shape_type=&#8220;&#8220;][vc_column column_padding=&#8220;no-extra-padding&#8220; column_padding_tablet=&#8220;inherit&#8220; column_padding_phone=&#8220;inherit&#8220; column_padding_position=&#8220;all&#8220; column_element_spacing=&#8220;default&#8220; background_color_opacity=&#8220;1&#8243; background_hover_color_opacity=&#8220;1&#8243; column_shadow=&#8220;none&#8220; column_border_radius=&#8220;none&#8220; column_link_target=&#8220;_self&#8220; column_position=&#8220;default&#8220; gradient_direction=&#8220;left_to_right&#8220; overlay_strength=&#8220;0.3&#8243; width=&#8220;1\/1&#8243; tablet_width_inherit=&#8220;default&#8220; tablet_text_alignment=&#8220;default&#8220; phone_text_alignment=&#8220;default&#8220; animation_type=&#8220;default&#8220; bg_image_animation=&#8220;none&#8220; border_type=&#8220;simple&#8220; column_border_width=&#8220;none&#8220; column_border_style=&#8220;solid&#8220;][vc_column_text]Las Turquillas liegt s\u00fcd\u00f6stlich der Gemeinde Osuna im Herzen Andalusiens und darin k\u00f6nnen wir einen der gr\u00f6\u00dften nat\u00fcrlichen Werte der Region genie\u00dfen, den endorheischen Komplex Osuna-Lantejuela, der nach dem Gesetz zum Naturschutzgebiet erkl\u00e4rt wurde 2\/1989, 18. Juli, Inventar der gesch\u00fctzten Naturr\u00e4ume Andalusiens. Der Bewirtschaftungsplan f\u00fcr nat\u00fcrliche Ressourcen dieses Reservats, der auch andere nat\u00fcrliche Reservate in der Provinz umfasst, wurde durch Dekret 419\/2000 vom 7. November (BOJA Nr. 9 vom 23.01.2001) genehmigt. . Dieser Komplex geh\u00f6rt zu den von der Autonomen Gemeinschaft Andalusien vorgeschlagenen Places of Community Importance (LIC). Auf dieser Weide von gro\u00dfem \u00f6kologischen Wert finden wir eine gro\u00dfe Artenvielfalt, die sicherlich f\u00fcr alle Naturliebhaber und insbesondere f\u00fcr alle Fans der Ornithologie von Befriedigung sein wird. Darin vereinen sich zwei verschiedene \u00d6kosysteme, die Weide und die Feuchtgebiete, eine eigenartige Vereinigung, die dazu f\u00fchrt, dass wir eine gro\u00dfe Vielfalt an V\u00f6geln und eine unkalkulierbare Landschaftssch\u00f6nheit finden. Innerhalb seiner Grenzen finden wir Lagunen, die als Calder\u00f3n Grande, La Huerta, La Hoya de la Turquilla und Calder\u00f3n Chica y la Ballestera bekannt sind.<\/p>\n<h4>Lagune Calder\u00f3n Chica<\/h4>\n<p>Der hohe Salzgehalt, der sein Wasser charakterisiert, stellt einen der auff\u00e4lligsten Werte des endorheischen Komplexes dar, da er die Besiedlung sehr spezialisierter Arten mit einer sehr eingeschr\u00e4nkten Verbreitung wie dem Wassermakrophyten Althenia Orientalis bewirkt. Eine Lagune mit sp\u00e4rlicher Vegetation, die aus einigen isolierten Tara-F\u00fc\u00dfen zusammen mit einigen Exemplaren von Schilf, Salicornias und anderen Arten besteht, die an Bedingungen mit hohem Salzgehalt angepasst sind<\/p>\n<h4>Lagune La Ballestera<\/h4>\n<p>Es gibt auch eine stark degradierte perilagunare Vegetation, die Bereiche von Schilfg\u00e4rten und isolierten F\u00fc\u00dfen von Taraje konserviert. Trotzdem ist diese Lagune von au\u00dferordentlicher Bedeutung, da zwei Arten von Wasserpflanzen der Gattung Althenia in Andalusien nur sehr begrenzt verbreitet sind. Dar\u00fcber hinaus ist es als eines der \u00f6kologisch reichsten Schutzgebiete und f\u00fcr seine flachen Gew\u00e4sser gekennzeichnet.<\/p>\n<h4>Lagune Calder\u00f3n Grande<\/h4>\n<p>Die Lagune Calder\u00f3n ist die wichtigste aller bestehenden Lagunen. Sie zeichnet sich durch ihre Ausdehnung von 200 Hektar, den konstanten Charakter ihres Wassers dank der Beitr\u00e4ge des Salado-Stroms und die interessante Randvegetation aus, die die wichtigste Tiergemeinschaft des Komplexes beherbergt.<\/p>\n<p>Die Bedeutung dieses Komplexes f\u00fcr die Fauna liegt in der F\u00fclle der Wasserv\u00f6gel, da sie normalerweise von zahlreichen wandernden Wasserv\u00f6geln besucht werden. Dies unterstreicht die Enten, die in diesem Gebiet einen Ruhe- und Fortpflanzungsort finden: Blauwei\u00df, L\u00f6ffelenten, Pfeifenten, Gl\u00e4ser Wei\u00df, Flamingos und gelegentlich G\u00e4nse. Die jahrhundertealten Steineichen sind der ideale Ort, um gro\u00dfe Greifv\u00f6gel wie den Royal Kite, den Bonelli-Adler, den Lagunero, den Buzzard&#8217;s Hawk oder den Ash Hawk zu legen. V\u00f6gel, die uns ohne Zweifel wundersch\u00f6ne Bilder bieten und uns in ihre spektakul\u00e4ren Fl\u00fcge verlieben werden. Unter allen durchgef\u00fchrten Ma\u00dfnahmen k\u00f6nnen wir die Restaurierung einer bedeutenden und merkw\u00fcrdigen S\u00e4ule, den Bau von 3 ornithologischen Observatorien, die Einrichtung eines Picknickplatzes, die Wiederaufforstung mit mehr als 3.000 Pflanzen sowie die Volksz\u00e4hlung und Untersuchung dieser Lagunen hervorheben. Unser Ziel ist es, den gro\u00dfen Reichtum an Vogelwelt in der Gemeinde zu f\u00f6rdern und zu verbreiten, ein informatives Instrument f\u00fcr den ornithologischen Tourismus bereitzustellen und Menschen anzulocken, die sich zunehmend f\u00fcr die Natur interessieren.[\/vc_column_text][vc_gallery type=&#8220;flickity_style&#8220; images=&#8220;1100,1101,1102,1096,1103&#8243; flickity_spacing=&#8220;default&#8220; flickity_controls=&#8220;pagination&#8220; flickity_overflow=&#8220;hidden&#8220; flickity_wrap_around=&#8220;wrap&#8220; flickity_desktop_columns=&#8220;1&#8243; flickity_small_desktop_columns=&#8220;1&#8243; flickity_tablet_columns=&#8220;1&#8243; flickity_phone_columns=&#8220;1&#8243; flickity_box_shadow=&#8220;none&#8220; image_loading=&#8220;default&#8220; onclick=&#8220;link_image&#8220;][\/vc_column][\/vc_row]\n","protected":false},"excerpt":{"rendered":"<p>[vc_row type=&#8220;full_width_content&#8220; full_screen_row_position=&#8220;middle&#8220; column_margin=&#8220;default&#8220; column_direction=&#8220;default&#8220; column_direction_tablet=&#8220;default&#8220; column_direction_phone=&#8220;default&#8220; scene_position=&#8220;center&#8220; text_color=&#8220;dark&#8220; text_align=&#8220;left&#8220; row_border_radius=&#8220;none&#8220; row_border_radius_applies=&#8220;bg&#8220; overflow=&#8220;visible&#8220; advanced_gradient_angle=&#8220;0&#8243; overlay_strength=&#8220;0.3&#8243; gradient_direction=&#8220;left_to_right&#8220; shape_divider_position=&#8220;bottom&#8220; bg_image_animation=&#8220;none&#8220; gradient_type=&#8220;default&#8220; shape_type=&#8220;&#8220;][vc_column column_padding=&#8220;no-extra-padding&#8220; column_padding_tablet=&#8220;inherit&#8220; column_padding_phone=&#8220;inherit&#8220; column_padding_position=&#8220;all&#8220; column_element_spacing=&#8220;default&#8220; background_color_opacity=&#8220;1&#8243; background_hover_color_opacity=&#8220;1&#8243; column_shadow=&#8220;none&#8220; column_border_radius=&#8220;none&#8220; column_link_target=&#8220;_self&#8220;&#8230;<\/p>\n","protected":false},"author":3,"featured_media":0,"parent":0,"menu_order":0,"comment_status":"closed","ping_status":"closed","template":"","meta":{"inline_featured_image":false,"h5ap_radio_sources":[],"footnotes":""},"class_list":["post-3361","page","type-page","status-publish"],"yoast_head":"<!-- This site is optimized with the Yoast SEO plugin v27.4 - https:\/\/yoast.com\/product\/yoast-seo-wordpress\/ -->\n<title>Endorheic Bereich - Turismo Osuna<\/title>\n<meta name=\"robots\" content=\"index, follow, max-snippet:-1, max-image-preview:large, max-video-preview:-1\" \/>\n<link rel=\"canonical\" href=\"https:\/\/turismodeosuna.es\/endorheic-bereich\/\" \/>\n<meta property=\"og:locale\" content=\"de_DE\" \/>\n<meta property=\"og:type\" content=\"article\" \/>\n<meta property=\"og:title\" content=\"Endorheic Bereich - Turismo Osuna\" \/>\n<meta property=\"og:description\" content=\"[vc_row type=&#8220;full_width_content&#8220; full_screen_row_position=&#8220;middle&#8220; column_margin=&#8220;default&#8220; column_direction=&#8220;default&#8220; column_direction_tablet=&#8220;default&#8220; column_direction_phone=&#8220;default&#8220; scene_position=&#8220;center&#8220; text_color=&#8220;dark&#8220; text_align=&#8220;left&#8220; row_border_radius=&#8220;none&#8220; row_border_radius_applies=&#8220;bg&#8220; overflow=&#8220;visible&#8220; advanced_gradient_angle=&#8220;0&#8243; overlay_strength=&#8220;0.3&#8243; gradient_direction=&#8220;left_to_right&#8220; shape_divider_position=&#8220;bottom&#8220; bg_image_animation=&#8220;none&#8220; gradient_type=&#8220;default&#8220; shape_type=&#8220;&#8220;][vc_column column_padding=&#8220;no-extra-padding&#8220; column_padding_tablet=&#8220;inherit&#8220; column_padding_phone=&#8220;inherit&#8220; column_padding_position=&#8220;all&#8220; column_element_spacing=&#8220;default&#8220; background_color_opacity=&#8220;1&#8243; background_hover_color_opacity=&#8220;1&#8243; column_shadow=&#8220;none&#8220; column_border_radius=&#8220;none&#8220; column_link_target=&#8220;_self&#8220;...\" \/>\n<meta property=\"og:url\" content=\"https:\/\/turismodeosuna.es\/endorheic-bereich\/\" \/>\n<meta property=\"og:site_name\" content=\"Turismo Osuna\" \/>\n<meta property=\"article:modified_time\" content=\"2023-03-24T12:46:40+00:00\" \/>\n<meta name=\"twitter:card\" content=\"summary_large_image\" \/>\n<meta name=\"twitter:label1\" content=\"Gesch\u00e4tzte Lesezeit\" \/>\n\t<meta name=\"twitter:data1\" content=\"4\u00a0Minuten\" \/>\n<script type=\"application\/ld+json\" class=\"yoast-schema-graph\">{\"@context\":\"https:\\\/\\\/schema.org\",\"@graph\":[{\"@type\":\"WebPage\",\"@id\":\"https:\\\/\\\/turismodeosuna.es\\\/endorheic-bereich\\\/\",\"url\":\"https:\\\/\\\/turismodeosuna.es\\\/endorheic-bereich\\\/\",\"name\":\"Endorheic Bereich - Turismo Osuna\",\"isPartOf\":{\"@id\":\"https:\\\/\\\/turismodeosuna.es\\\/#website\"},\"datePublished\":\"2022-07-28T08:54:30+00:00\",\"dateModified\":\"2023-03-24T12:46:40+00:00\",\"breadcrumb\":{\"@id\":\"https:\\\/\\\/turismodeosuna.es\\\/endorheic-bereich\\\/#breadcrumb\"},\"inLanguage\":\"de\",\"potentialAction\":[{\"@type\":\"ReadAction\",\"target\":[\"https:\\\/\\\/turismodeosuna.es\\\/endorheic-bereich\\\/\"]}]},{\"@type\":\"BreadcrumbList\",\"@id\":\"https:\\\/\\\/turismodeosuna.es\\\/endorheic-bereich\\\/#breadcrumb\",\"itemListElement\":[{\"@type\":\"ListItem\",\"position\":1,\"name\":\"Portada\",\"item\":\"https:\\\/\\\/turismodeosuna.es\\\/home\\\/\"},{\"@type\":\"ListItem\",\"position\":2,\"name\":\"Endorheic Bereich\"}]},{\"@type\":\"WebSite\",\"@id\":\"https:\\\/\\\/turismodeosuna.es\\\/#website\",\"url\":\"https:\\\/\\\/turismodeosuna.es\\\/\",\"name\":\"Turismo Osuna\",\"description\":\"Turismo de Osuna\",\"potentialAction\":[{\"@type\":\"SearchAction\",\"target\":{\"@type\":\"EntryPoint\",\"urlTemplate\":\"https:\\\/\\\/turismodeosuna.es\\\/?s={search_term_string}\"},\"query-input\":{\"@type\":\"PropertyValueSpecification\",\"valueRequired\":true,\"valueName\":\"search_term_string\"}}],\"inLanguage\":\"de\"}]}<\/script>\n<!-- \/ Yoast SEO plugin. -->","yoast_head_json":{"title":"Endorheic Bereich - Turismo Osuna","robots":{"index":"index","follow":"follow","max-snippet":"max-snippet:-1","max-image-preview":"max-image-preview:large","max-video-preview":"max-video-preview:-1"},"canonical":"https:\/\/turismodeosuna.es\/endorheic-bereich\/","og_locale":"de_DE","og_type":"article","og_title":"Endorheic Bereich - Turismo Osuna","og_description":"[vc_row type=&#8220;full_width_content&#8220; full_screen_row_position=&#8220;middle&#8220; column_margin=&#8220;default&#8220; column_direction=&#8220;default&#8220; column_direction_tablet=&#8220;default&#8220; column_direction_phone=&#8220;default&#8220; scene_position=&#8220;center&#8220; text_color=&#8220;dark&#8220; text_align=&#8220;left&#8220; row_border_radius=&#8220;none&#8220; row_border_radius_applies=&#8220;bg&#8220; overflow=&#8220;visible&#8220; advanced_gradient_angle=&#8220;0&#8243; overlay_strength=&#8220;0.3&#8243; gradient_direction=&#8220;left_to_right&#8220; shape_divider_position=&#8220;bottom&#8220; bg_image_animation=&#8220;none&#8220; gradient_type=&#8220;default&#8220; shape_type=&#8220;&#8220;][vc_column column_padding=&#8220;no-extra-padding&#8220; column_padding_tablet=&#8220;inherit&#8220; column_padding_phone=&#8220;inherit&#8220; column_padding_position=&#8220;all&#8220; column_element_spacing=&#8220;default&#8220; background_color_opacity=&#8220;1&#8243; background_hover_color_opacity=&#8220;1&#8243; column_shadow=&#8220;none&#8220; column_border_radius=&#8220;none&#8220; column_link_target=&#8220;_self&#8220;...","og_url":"https:\/\/turismodeosuna.es\/endorheic-bereich\/","og_site_name":"Turismo Osuna","article_modified_time":"2023-03-24T12:46:40+00:00","twitter_card":"summary_large_image","twitter_misc":{"Gesch\u00e4tzte Lesezeit":"4\u00a0Minuten"},"schema":{"@context":"https:\/\/schema.org","@graph":[{"@type":"WebPage","@id":"https:\/\/turismodeosuna.es\/endorheic-bereich\/","url":"https:\/\/turismodeosuna.es\/endorheic-bereich\/","name":"Endorheic Bereich - Turismo Osuna","isPartOf":{"@id":"https:\/\/turismodeosuna.es\/#website"},"datePublished":"2022-07-28T08:54:30+00:00","dateModified":"2023-03-24T12:46:40+00:00","breadcrumb":{"@id":"https:\/\/turismodeosuna.es\/endorheic-bereich\/#breadcrumb"},"inLanguage":"de","potentialAction":[{"@type":"ReadAction","target":["https:\/\/turismodeosuna.es\/endorheic-bereich\/"]}]},{"@type":"BreadcrumbList","@id":"https:\/\/turismodeosuna.es\/endorheic-bereich\/#breadcrumb","itemListElement":[{"@type":"ListItem","position":1,"name":"Portada","item":"https:\/\/turismodeosuna.es\/home\/"},{"@type":"ListItem","position":2,"name":"Endorheic Bereich"}]},{"@type":"WebSite","@id":"https:\/\/turismodeosuna.es\/#website","url":"https:\/\/turismodeosuna.es\/","name":"Turismo Osuna","description":"Turismo de Osuna","potentialAction":[{"@type":"SearchAction","target":{"@type":"EntryPoint","urlTemplate":"https:\/\/turismodeosuna.es\/?s={search_term_string}"},"query-input":{"@type":"PropertyValueSpecification","valueRequired":true,"valueName":"search_term_string"}}],"inLanguage":"de"}]}},"_links":{"self":[{"href":"https:\/\/turismodeosuna.es\/de\/wp-json\/wp\/v2\/pages\/3361","targetHints":{"allow":["GET"]}}],"collection":[{"href":"https:\/\/turismodeosuna.es\/de\/wp-json\/wp\/v2\/pages"}],"about":[{"href":"https:\/\/turismodeosuna.es\/de\/wp-json\/wp\/v2\/types\/page"}],"author":[{"embeddable":true,"href":"https:\/\/turismodeosuna.es\/de\/wp-json\/wp\/v2\/users\/3"}],"replies":[{"embeddable":true,"href":"https:\/\/turismodeosuna.es\/de\/wp-json\/wp\/v2\/comments?post=3361"}],"version-history":[{"count":5,"href":"https:\/\/turismodeosuna.es\/de\/wp-json\/wp\/v2\/pages\/3361\/revisions"}],"predecessor-version":[{"id":5915,"href":"https:\/\/turismodeosuna.es\/de\/wp-json\/wp\/v2\/pages\/3361\/revisions\/5915"}],"wp:attachment":[{"href":"https:\/\/turismodeosuna.es\/de\/wp-json\/wp\/v2\/media?parent=3361"}],"curies":[{"name":"wp","href":"https:\/\/api.w.org\/{rel}","templated":true}]}}