{"id":3444,"date":"2022-07-19T11:20:21","date_gmt":"2022-07-19T09:20:21","guid":{"rendered":"http:\/\/turismodeosuna.es\/miradores\/"},"modified":"2023-03-26T18:20:33","modified_gmt":"2023-03-26T16:20:33","slug":"der-aussichtspunkt","status":"publish","type":"page","link":"https:\/\/turismodeosuna.es\/de\/der-aussichtspunkt\/","title":{"rendered":"Die Aussichtspunkte"},"content":{"rendered":"[vc_row type=&#8220;full_width_content&#8220; full_screen_row_position=&#8220;middle&#8220; column_margin=&#8220;default&#8220; column_direction=&#8220;default&#8220; column_direction_tablet=&#8220;default&#8220; column_direction_phone=&#8220;default&#8220; scene_position=&#8220;center&#8220; text_color=&#8220;dark&#8220; text_align=&#8220;left&#8220; row_border_radius=&#8220;none&#8220; row_border_radius_applies=&#8220;bg&#8220; overflow=&#8220;visible&#8220; advanced_gradient_angle=&#8220;0&#8243; overlay_strength=&#8220;0.3&#8243; gradient_direction=&#8220;left_to_right&#8220; shape_divider_position=&#8220;bottom&#8220; bg_image_animation=&#8220;none&#8220; gradient_type=&#8220;default&#8220; shape_type=&#8220;&#8220;][vc_column column_padding=&#8220;no-extra-padding&#8220; column_padding_tablet=&#8220;inherit&#8220; column_padding_phone=&#8220;inherit&#8220; column_padding_position=&#8220;all&#8220; column_element_spacing=&#8220;default&#8220; background_color_opacity=&#8220;1&#8243; background_hover_color_opacity=&#8220;1&#8243; column_shadow=&#8220;none&#8220; column_border_radius=&#8220;none&#8220; column_link_target=&#8220;_self&#8220; column_position=&#8220;default&#8220; gradient_direction=&#8220;left_to_right&#8220; overlay_strength=&#8220;0.3&#8243; width=&#8220;1\/1&#8243; tablet_width_inherit=&#8220;default&#8220; tablet_text_alignment=&#8220;default&#8220; phone_text_alignment=&#8220;default&#8220; animation_type=&#8220;default&#8220; bg_image_animation=&#8220;none&#8220; border_type=&#8220;simple&#8220; column_border_width=&#8220;none&#8220; column_border_style=&#8220;solid&#8220;][image_with_animation image_url=&#8220;1211&#8243; image_size=&#8220;full&#8220; animation_type=&#8220;entrance&#8220; animation=&#8220;Fade In&#8220; hover_animation=&#8220;none&#8220; alignment=&#8220;center&#8220; border_radius=&#8220;none&#8220; box_shadow=&#8220;none&#8220; image_loading=&#8220;default&#8220; max_width=&#8220;100%&#8220; max_width_mobile=&#8220;default&#8220;][image_with_animation image_url=&#8220;22&#8243; image_size=&#8220;full&#8220; animation_type=&#8220;entrance&#8220; animation=&#8220;Fade In&#8220; hover_animation=&#8220;none&#8220; alignment=&#8220;center&#8220; border_radius=&#8220;none&#8220; box_shadow=&#8220;none&#8220; image_loading=&#8220;default&#8220; max_width=&#8220;100%&#8220; max_width_mobile=&#8220;default&#8220;][\/vc_column][\/vc_row][vc_row type=&#8220;in_container&#8220; full_screen_row_position=&#8220;middle&#8220; column_margin=&#8220;default&#8220; column_direction=&#8220;default&#8220; column_direction_tablet=&#8220;default&#8220; column_direction_phone=&#8220;default&#8220; scene_position=&#8220;center&#8220; bottom_padding=&#8220;4%&#8220; text_color=&#8220;dark&#8220; text_align=&#8220;left&#8220; row_border_radius=&#8220;none&#8220; row_border_radius_applies=&#8220;bg&#8220; overflow=&#8220;visible&#8220; advanced_gradient_angle=&#8220;0&#8243; overlay_strength=&#8220;0.3&#8243; gradient_direction=&#8220;left_to_right&#8220; shape_divider_position=&#8220;bottom&#8220; bg_image_animation=&#8220;none&#8220; gradient_type=&#8220;default&#8220; shape_type=&#8220;&#8220;][vc_column column_padding=&#8220;no-extra-padding&#8220; column_padding_tablet=&#8220;inherit&#8220; column_padding_phone=&#8220;inherit&#8220; column_padding_position=&#8220;all&#8220; column_element_spacing=&#8220;default&#8220; background_color_opacity=&#8220;1&#8243; background_hover_color_opacity=&#8220;1&#8243; column_shadow=&#8220;none&#8220; column_border_radius=&#8220;none&#8220; column_link_target=&#8220;_self&#8220; column_position=&#8220;default&#8220; gradient_direction=&#8220;left_to_right&#8220; overlay_strength=&#8220;0.3&#8243; width=&#8220;1\/1&#8243; tablet_width_inherit=&#8220;default&#8220; tablet_text_alignment=&#8220;default&#8220; phone_text_alignment=&#8220;default&#8220; animation_type=&#8220;default&#8220; bg_image_animation=&#8220;none&#8220; border_type=&#8220;simple&#8220; column_border_width=&#8220;none&#8220; column_border_style=&#8220;solid&#8220;][vc_column_text]<span style=\"color: #3c3c36;\"><span style=\"font-family: montserrat, serif;\"><span style=\"font-size: xx-large;\"><b>Die Aussichtspunkte<\/b><\/span><\/span><\/span>[\/vc_column_text][tabbed_section style=&#8220;vertical&#8220; tab_color=&#8220;Accent-Color&#8220; vs_content_animation=&#8220;fade&#8220; vs_link_animation=&#8220;opacity&#8220; vs_navigation_alignment=&#8220;left&#8220; vs_navigation_width_2=&#8220;25%&#8220; vs_navigation_func=&#8220;default&#8220; vs_navigation_width=&#8220;regular&#8220; vs_navigation_spacing=&#8220;20px&#8220; vs_navigation_mobile_display=&#8220;visible&#8220; vs_tab_spacing=&#8220;10%&#8220;][tab icon_family=&#8220;none&#8220; title=&#8220;Der Aussichtspunkt Mirador de Buena Vista&#8220; id=&#8220;1679847453560-7&#8243; tab_id=&#8220;1679847453561-10&#8243;][vc_column_text]<span style=\"color: #3c3c36;\"><span style=\"font-family: montserrat, serif;\"><span style=\"font-size: xx-large;\"><b>Der Aussichtspunkt Mirador de Buena Vista<\/b><\/span><\/span><\/span><\/p>\n<p>Der Mirador de Buena Vista hat eine privilegierte Lage und bietet eine beeindruckende Aussicht, nicht nur \u00fcber die Stadt, sondern auch \u00fcber den Gro\u00dfteil der sevillanischen Campi\u00f1a und sogar \u00fcber den stadtnahen Steinbruch aus Kalksandstein, der als Baustoff f\u00fcr die Pal\u00e4ste und H\u00e4user unserer Altstadt gedient hat. Er ist leicht zu Fu\u00df von der Innenstadt zu erreichen.<\/p>\n<p>Die Lage des Aussichtspunkts macht ihren besonderen Reiz aus. Er eignet sich besonders gut f\u00fcr Tourismuszwecke, da sie dem Besucher eine klare Vision der geografischen und historischen Begebenheiten Osunas gibt.[\/vc_column_text][image_with_animation image_url=&#8220;1005&#8243; image_size=&#8220;full&#8220; animation_type=&#8220;entrance&#8220; animation=&#8220;Fade In&#8220; hover_animation=&#8220;none&#8220; alignment=&#8220;center&#8220; img_link_large=&#8220;yes&#8220; border_radius=&#8220;none&#8220; box_shadow=&#8220;none&#8220; image_loading=&#8220;default&#8220; max_width=&#8220;50%&#8220; max_width_mobile=&#8220;default&#8220;][\/tab][tab icon_family=&#8220;none&#8220; title=&#8220;Aussichtspunkt an der Stiftskirche Colegiata&#8220; id=&#8220;1679847453588-9&#8243; tab_id=&#8220;1679847453588-7&#8243;][vc_column_text]<span style=\"color: #3c3c36;\"><span style=\"font-family: montserrat, serif;\"><span style=\"font-size: xx-large;\"><b>Der Aussichtspunkt an der Stiftskirche Colegiata<\/b><\/span><\/span><\/span><\/p>\n<p>Von diesem Aussichtspunkt an der Stiftskirche von Osuna kann man die wundervolle Landschaft betrachten, die die Sch\u00f6nheit der Natur Osunas, inmitten der gr\u00fcnen Campi\u00f1a, und dem Randgebiet der subbetischen Gebirgsketten mit einer Panoramasicht der unz\u00e4hligen Kirchen, Stadtpal\u00e4ste, Kl\u00f6ster, T\u00fcrme mit ihren unter der Sonne Andalusiens strahlenden D\u00e4cher, verbindet. Der Aussichtpunkt ist leicht zu Fu\u00df von der Altstadt zu erreichen.[\/vc_column_text][vc_gallery type=&#8220;nectarslider_style&#8220; images=&#8220;5982,5978,5974,5970,5966&#8243; image_loading=&#8220;default&#8220; bullet_navigation_style=&#8220;see_through&#8220; onclick=&#8220;link_no&#8220;][\/tab][\/tabbed_section][\/vc_column][\/vc_row]\n","protected":false},"excerpt":{"rendered":"<p>[vc_row type=&#8220;full_width_content&#8220; full_screen_row_position=&#8220;middle&#8220; column_margin=&#8220;default&#8220; column_direction=&#8220;default&#8220; column_direction_tablet=&#8220;default&#8220; column_direction_phone=&#8220;default&#8220; scene_position=&#8220;center&#8220; text_color=&#8220;dark&#8220; text_align=&#8220;left&#8220; row_border_radius=&#8220;none&#8220; row_border_radius_applies=&#8220;bg&#8220; overflow=&#8220;visible&#8220; advanced_gradient_angle=&#8220;0&#8243; overlay_strength=&#8220;0.3&#8243; gradient_direction=&#8220;left_to_right&#8220; shape_divider_position=&#8220;bottom&#8220; bg_image_animation=&#8220;none&#8220; gradient_type=&#8220;default&#8220; shape_type=&#8220;&#8220;][vc_column column_padding=&#8220;no-extra-padding&#8220; column_padding_tablet=&#8220;inherit&#8220; column_padding_phone=&#8220;inherit&#8220; column_padding_position=&#8220;all&#8220; column_element_spacing=&#8220;default&#8220; background_color_opacity=&#8220;1&#8243; background_hover_color_opacity=&#8220;1&#8243; column_shadow=&#8220;none&#8220; column_border_radius=&#8220;none&#8220; column_link_target=&#8220;_self&#8220;&#8230;<\/p>\n","protected":false},"author":1,"featured_media":0,"parent":0,"menu_order":0,"comment_status":"closed","ping_status":"closed","template":"","meta":{"inline_featured_image":false,"h5ap_radio_sources":[],"footnotes":""},"class_list":["post-3444","page","type-page","status-publish"],"yoast_head":"<!-- This site is optimized with the Yoast SEO plugin v27.4 - https:\/\/yoast.com\/product\/yoast-seo-wordpress\/ -->\n<title>Die Aussichtspunkte - Turismo Osuna<\/title>\n<meta name=\"robots\" content=\"index, follow, max-snippet:-1, max-image-preview:large, max-video-preview:-1\" \/>\n<link rel=\"canonical\" href=\"https:\/\/turismodeosuna.es\/der-aussichtspunkt\/\" \/>\n<meta property=\"og:locale\" content=\"de_DE\" \/>\n<meta property=\"og:type\" content=\"article\" \/>\n<meta property=\"og:title\" content=\"Die Aussichtspunkte - Turismo Osuna\" \/>\n<meta property=\"og:description\" content=\"[vc_row type=&#8220;full_width_content&#8220; full_screen_row_position=&#8220;middle&#8220; column_margin=&#8220;default&#8220; column_direction=&#8220;default&#8220; column_direction_tablet=&#8220;default&#8220; column_direction_phone=&#8220;default&#8220; scene_position=&#8220;center&#8220; text_color=&#8220;dark&#8220; text_align=&#8220;left&#8220; row_border_radius=&#8220;none&#8220; row_border_radius_applies=&#8220;bg&#8220; overflow=&#8220;visible&#8220; advanced_gradient_angle=&#8220;0&#8243; overlay_strength=&#8220;0.3&#8243; gradient_direction=&#8220;left_to_right&#8220; shape_divider_position=&#8220;bottom&#8220; bg_image_animation=&#8220;none&#8220; gradient_type=&#8220;default&#8220; shape_type=&#8220;&#8220;][vc_column column_padding=&#8220;no-extra-padding&#8220; column_padding_tablet=&#8220;inherit&#8220; column_padding_phone=&#8220;inherit&#8220; column_padding_position=&#8220;all&#8220; column_element_spacing=&#8220;default&#8220; background_color_opacity=&#8220;1&#8243; background_hover_color_opacity=&#8220;1&#8243; column_shadow=&#8220;none&#8220; column_border_radius=&#8220;none&#8220; column_link_target=&#8220;_self&#8220;...\" \/>\n<meta property=\"og:url\" content=\"https:\/\/turismodeosuna.es\/der-aussichtspunkt\/\" \/>\n<meta property=\"og:site_name\" content=\"Turismo Osuna\" \/>\n<meta property=\"article:modified_time\" content=\"2023-03-26T16:20:33+00:00\" \/>\n<meta name=\"twitter:card\" content=\"summary_large_image\" \/>\n<meta name=\"twitter:label1\" content=\"Gesch\u00e4tzte Lesezeit\" \/>\n\t<meta name=\"twitter:data1\" content=\"2\u00a0Minuten\" \/>\n<script type=\"application\/ld+json\" class=\"yoast-schema-graph\">{\"@context\":\"https:\\\/\\\/schema.org\",\"@graph\":[{\"@type\":\"WebPage\",\"@id\":\"https:\\\/\\\/turismodeosuna.es\\\/der-aussichtspunkt\\\/\",\"url\":\"https:\\\/\\\/turismodeosuna.es\\\/der-aussichtspunkt\\\/\",\"name\":\"Die Aussichtspunkte - Turismo Osuna\",\"isPartOf\":{\"@id\":\"https:\\\/\\\/turismodeosuna.es\\\/#website\"},\"datePublished\":\"2022-07-19T09:20:21+00:00\",\"dateModified\":\"2023-03-26T16:20:33+00:00\",\"breadcrumb\":{\"@id\":\"https:\\\/\\\/turismodeosuna.es\\\/der-aussichtspunkt\\\/#breadcrumb\"},\"inLanguage\":\"de\",\"potentialAction\":[{\"@type\":\"ReadAction\",\"target\":[\"https:\\\/\\\/turismodeosuna.es\\\/der-aussichtspunkt\\\/\"]}]},{\"@type\":\"BreadcrumbList\",\"@id\":\"https:\\\/\\\/turismodeosuna.es\\\/der-aussichtspunkt\\\/#breadcrumb\",\"itemListElement\":[{\"@type\":\"ListItem\",\"position\":1,\"name\":\"Portada\",\"item\":\"https:\\\/\\\/turismodeosuna.es\\\/home\\\/\"},{\"@type\":\"ListItem\",\"position\":2,\"name\":\"Die Aussichtspunkte\"}]},{\"@type\":\"WebSite\",\"@id\":\"https:\\\/\\\/turismodeosuna.es\\\/#website\",\"url\":\"https:\\\/\\\/turismodeosuna.es\\\/\",\"name\":\"Turismo Osuna\",\"description\":\"Turismo de Osuna\",\"potentialAction\":[{\"@type\":\"SearchAction\",\"target\":{\"@type\":\"EntryPoint\",\"urlTemplate\":\"https:\\\/\\\/turismodeosuna.es\\\/?s={search_term_string}\"},\"query-input\":{\"@type\":\"PropertyValueSpecification\",\"valueRequired\":true,\"valueName\":\"search_term_string\"}}],\"inLanguage\":\"de\"}]}<\/script>\n<!-- \/ Yoast SEO plugin. -->","yoast_head_json":{"title":"Die Aussichtspunkte - Turismo Osuna","robots":{"index":"index","follow":"follow","max-snippet":"max-snippet:-1","max-image-preview":"max-image-preview:large","max-video-preview":"max-video-preview:-1"},"canonical":"https:\/\/turismodeosuna.es\/der-aussichtspunkt\/","og_locale":"de_DE","og_type":"article","og_title":"Die Aussichtspunkte - Turismo Osuna","og_description":"[vc_row type=&#8220;full_width_content&#8220; full_screen_row_position=&#8220;middle&#8220; column_margin=&#8220;default&#8220; column_direction=&#8220;default&#8220; column_direction_tablet=&#8220;default&#8220; column_direction_phone=&#8220;default&#8220; scene_position=&#8220;center&#8220; text_color=&#8220;dark&#8220; text_align=&#8220;left&#8220; row_border_radius=&#8220;none&#8220; row_border_radius_applies=&#8220;bg&#8220; overflow=&#8220;visible&#8220; advanced_gradient_angle=&#8220;0&#8243; overlay_strength=&#8220;0.3&#8243; gradient_direction=&#8220;left_to_right&#8220; shape_divider_position=&#8220;bottom&#8220; bg_image_animation=&#8220;none&#8220; gradient_type=&#8220;default&#8220; shape_type=&#8220;&#8220;][vc_column column_padding=&#8220;no-extra-padding&#8220; column_padding_tablet=&#8220;inherit&#8220; column_padding_phone=&#8220;inherit&#8220; column_padding_position=&#8220;all&#8220; column_element_spacing=&#8220;default&#8220; background_color_opacity=&#8220;1&#8243; background_hover_color_opacity=&#8220;1&#8243; column_shadow=&#8220;none&#8220; column_border_radius=&#8220;none&#8220; column_link_target=&#8220;_self&#8220;...","og_url":"https:\/\/turismodeosuna.es\/der-aussichtspunkt\/","og_site_name":"Turismo Osuna","article_modified_time":"2023-03-26T16:20:33+00:00","twitter_card":"summary_large_image","twitter_misc":{"Gesch\u00e4tzte Lesezeit":"2\u00a0Minuten"},"schema":{"@context":"https:\/\/schema.org","@graph":[{"@type":"WebPage","@id":"https:\/\/turismodeosuna.es\/der-aussichtspunkt\/","url":"https:\/\/turismodeosuna.es\/der-aussichtspunkt\/","name":"Die Aussichtspunkte - Turismo Osuna","isPartOf":{"@id":"https:\/\/turismodeosuna.es\/#website"},"datePublished":"2022-07-19T09:20:21+00:00","dateModified":"2023-03-26T16:20:33+00:00","breadcrumb":{"@id":"https:\/\/turismodeosuna.es\/der-aussichtspunkt\/#breadcrumb"},"inLanguage":"de","potentialAction":[{"@type":"ReadAction","target":["https:\/\/turismodeosuna.es\/der-aussichtspunkt\/"]}]},{"@type":"BreadcrumbList","@id":"https:\/\/turismodeosuna.es\/der-aussichtspunkt\/#breadcrumb","itemListElement":[{"@type":"ListItem","position":1,"name":"Portada","item":"https:\/\/turismodeosuna.es\/home\/"},{"@type":"ListItem","position":2,"name":"Die Aussichtspunkte"}]},{"@type":"WebSite","@id":"https:\/\/turismodeosuna.es\/#website","url":"https:\/\/turismodeosuna.es\/","name":"Turismo Osuna","description":"Turismo de Osuna","potentialAction":[{"@type":"SearchAction","target":{"@type":"EntryPoint","urlTemplate":"https:\/\/turismodeosuna.es\/?s={search_term_string}"},"query-input":{"@type":"PropertyValueSpecification","valueRequired":true,"valueName":"search_term_string"}}],"inLanguage":"de"}]}},"_links":{"self":[{"href":"https:\/\/turismodeosuna.es\/de\/wp-json\/wp\/v2\/pages\/3444","targetHints":{"allow":["GET"]}}],"collection":[{"href":"https:\/\/turismodeosuna.es\/de\/wp-json\/wp\/v2\/pages"}],"about":[{"href":"https:\/\/turismodeosuna.es\/de\/wp-json\/wp\/v2\/types\/page"}],"author":[{"embeddable":true,"href":"https:\/\/turismodeosuna.es\/de\/wp-json\/wp\/v2\/users\/1"}],"replies":[{"embeddable":true,"href":"https:\/\/turismodeosuna.es\/de\/wp-json\/wp\/v2\/comments?post=3444"}],"version-history":[{"count":6,"href":"https:\/\/turismodeosuna.es\/de\/wp-json\/wp\/v2\/pages\/3444\/revisions"}],"predecessor-version":[{"id":5989,"href":"https:\/\/turismodeosuna.es\/de\/wp-json\/wp\/v2\/pages\/3444\/revisions\/5989"}],"wp:attachment":[{"href":"https:\/\/turismodeosuna.es\/de\/wp-json\/wp\/v2\/media?parent=3444"}],"curies":[{"name":"wp","href":"https:\/\/api.w.org\/{rel}","templated":true}]}}