{"id":6950,"date":"2022-12-01T10:02:31","date_gmt":"2022-12-01T09:02:31","guid":{"rendered":"http:\/\/turismodeosuna.es\/accesibilidad\/"},"modified":"2023-11-24T12:56:58","modified_gmt":"2023-11-24T11:56:58","slug":"accesibilidad","status":"publish","type":"page","link":"https:\/\/turismodeosuna.es\/de\/accesibilidad\/","title":{"rendered":"Accesibilidad"},"content":{"rendered":"\n<h3 class=\"wp-block-heading\">Accesibilidad<\/h3>\n\n\n\n<h4 class=\"wp-block-heading\">Declaraci\u00f3n de accesibilidad<\/h4>\n\n\n\n<p>Los ciudadanos tienen derecho a acceder a la informaci\u00f3n y servicios que ofrece la web sin restricciones sensoriales, motoras, cognitivas o tecnol\u00f3gicas. A este derecho deben ser especialmente sensibles los contenidos y servicios web de las administraciones p\u00fablicas, eliminando o minimizando todas las posibles barreras de acceso.<\/p>\n\n\n\n<p>El portal del Ayuntamiento ha asumido desde su g\u00e9nesis ese compromiso.Para alcanzar este objetivo, nos ce\u00f1imos a las pautas definidas WAI (Web accessibility Initiative) perteneciente al W3C (World Wide Web Consortium). Estas pautas han sido adoptadas por la Uni\u00f3n Europea y son la referencia obligada en Espa\u00f1a. Esto es de vital importancia para favorecer el acceso al contenido web al m\u00e1ximo n\u00famero de personas y en el mayor n\u00famero de situaciones posibles.<\/p>\n\n\n\n<p>Este portal, por tanto, ha sido dise\u00f1ado para que el contenido pueda convertirse f\u00e1cilmente en otros formatos y conseguir que sea comprensible y navegable. Esto significa que tanto una persona con alg\u00fan tipo de disminuci\u00f3n como cualquier otra que se encuentre en una circunstancia que le dificulte el acceso a la informaci\u00f3n de alguna p\u00e1gina web pueda acceder a los contenidos con \u00e9xito.<\/p>\n\n\n\n<p>Entre otras caracter\u00edsticas de accesibilidad destaca que una persona usuaria pueda cambiar el tama\u00f1o del texto como m\u00e1s le convenga, y tambi\u00e9n pueda desactivar el dise\u00f1o predefinido del sitio web para que los contenidos se vean de manera m\u00e1s clara. Para navegaci\u00f3n no visual, tambi\u00e9n es posible utilizar lectores de pantalla de manera comprensible y c\u00f3moda.<\/p>\n","protected":false},"excerpt":{"rendered":"<p>Accesibilidad Declaraci\u00f3n de accesibilidad Los ciudadanos tienen derecho a acceder a la informaci\u00f3n y servicios que ofrece la web sin restricciones sensoriales, motoras, cognitivas o tecnol\u00f3gicas. A este derecho deben&#8230;<\/p>\n","protected":false},"author":2,"featured_media":0,"parent":0,"menu_order":0,"comment_status":"closed","ping_status":"closed","template":"","meta":{"inline_featured_image":false,"h5ap_radio_sources":[],"footnotes":""},"class_list":["post-6950","page","type-page","status-publish"],"yoast_head":"<!-- This site is optimized with the Yoast SEO plugin v27.4 - https:\/\/yoast.com\/product\/yoast-seo-wordpress\/ -->\n<title>Accesibilidad - Turismo Osuna<\/title>\n<meta name=\"robots\" content=\"index, follow, max-snippet:-1, max-image-preview:large, max-video-preview:-1\" \/>\n<link rel=\"canonical\" href=\"https:\/\/turismodeosuna.es\/accesibilidad\/\" \/>\n<meta property=\"og:locale\" content=\"de_DE\" \/>\n<meta property=\"og:type\" content=\"article\" \/>\n<meta property=\"og:title\" content=\"Accesibilidad - Turismo Osuna\" \/>\n<meta property=\"og:description\" content=\"Accesibilidad Declaraci\u00f3n de accesibilidad Los ciudadanos tienen derecho a acceder a la informaci\u00f3n y servicios que ofrece la web sin restricciones sensoriales, motoras, cognitivas o tecnol\u00f3gicas. A este derecho deben...\" \/>\n<meta property=\"og:url\" content=\"https:\/\/turismodeosuna.es\/accesibilidad\/\" \/>\n<meta property=\"og:site_name\" content=\"Turismo Osuna\" \/>\n<meta property=\"article:modified_time\" content=\"2023-11-24T11:56:58+00:00\" \/>\n<meta name=\"twitter:card\" content=\"summary_large_image\" \/>\n<meta name=\"twitter:label1\" content=\"Gesch\u00e4tzte Lesezeit\" \/>\n\t<meta name=\"twitter:data1\" content=\"2\u00a0Minuten\" \/>\n<script type=\"application\/ld+json\" class=\"yoast-schema-graph\">{\"@context\":\"https:\\\/\\\/schema.org\",\"@graph\":[{\"@type\":\"WebPage\",\"@id\":\"https:\\\/\\\/turismodeosuna.es\\\/accesibilidad\\\/\",\"url\":\"https:\\\/\\\/turismodeosuna.es\\\/accesibilidad\\\/\",\"name\":\"Accesibilidad - Turismo Osuna\",\"isPartOf\":{\"@id\":\"https:\\\/\\\/turismodeosuna.es\\\/#website\"},\"datePublished\":\"2022-12-01T09:02:31+00:00\",\"dateModified\":\"2023-11-24T11:56:58+00:00\",\"breadcrumb\":{\"@id\":\"https:\\\/\\\/turismodeosuna.es\\\/accesibilidad\\\/#breadcrumb\"},\"inLanguage\":\"de\",\"potentialAction\":[{\"@type\":\"ReadAction\",\"target\":[\"https:\\\/\\\/turismodeosuna.es\\\/accesibilidad\\\/\"]}]},{\"@type\":\"BreadcrumbList\",\"@id\":\"https:\\\/\\\/turismodeosuna.es\\\/accesibilidad\\\/#breadcrumb\",\"itemListElement\":[{\"@type\":\"ListItem\",\"position\":1,\"name\":\"Portada\",\"item\":\"https:\\\/\\\/turismodeosuna.es\\\/home\\\/\"},{\"@type\":\"ListItem\",\"position\":2,\"name\":\"Accesibilidad\"}]},{\"@type\":\"WebSite\",\"@id\":\"https:\\\/\\\/turismodeosuna.es\\\/#website\",\"url\":\"https:\\\/\\\/turismodeosuna.es\\\/\",\"name\":\"Turismo Osuna\",\"description\":\"Turismo de Osuna\",\"potentialAction\":[{\"@type\":\"SearchAction\",\"target\":{\"@type\":\"EntryPoint\",\"urlTemplate\":\"https:\\\/\\\/turismodeosuna.es\\\/?s={search_term_string}\"},\"query-input\":{\"@type\":\"PropertyValueSpecification\",\"valueRequired\":true,\"valueName\":\"search_term_string\"}}],\"inLanguage\":\"de\"}]}<\/script>\n<!-- \/ Yoast SEO plugin. -->","yoast_head_json":{"title":"Accesibilidad - Turismo Osuna","robots":{"index":"index","follow":"follow","max-snippet":"max-snippet:-1","max-image-preview":"max-image-preview:large","max-video-preview":"max-video-preview:-1"},"canonical":"https:\/\/turismodeosuna.es\/accesibilidad\/","og_locale":"de_DE","og_type":"article","og_title":"Accesibilidad - Turismo Osuna","og_description":"Accesibilidad Declaraci\u00f3n de accesibilidad Los ciudadanos tienen derecho a acceder a la informaci\u00f3n y servicios que ofrece la web sin restricciones sensoriales, motoras, cognitivas o tecnol\u00f3gicas. A este derecho deben...","og_url":"https:\/\/turismodeosuna.es\/accesibilidad\/","og_site_name":"Turismo Osuna","article_modified_time":"2023-11-24T11:56:58+00:00","twitter_card":"summary_large_image","twitter_misc":{"Gesch\u00e4tzte Lesezeit":"2\u00a0Minuten"},"schema":{"@context":"https:\/\/schema.org","@graph":[{"@type":"WebPage","@id":"https:\/\/turismodeosuna.es\/accesibilidad\/","url":"https:\/\/turismodeosuna.es\/accesibilidad\/","name":"Accesibilidad - Turismo Osuna","isPartOf":{"@id":"https:\/\/turismodeosuna.es\/#website"},"datePublished":"2022-12-01T09:02:31+00:00","dateModified":"2023-11-24T11:56:58+00:00","breadcrumb":{"@id":"https:\/\/turismodeosuna.es\/accesibilidad\/#breadcrumb"},"inLanguage":"de","potentialAction":[{"@type":"ReadAction","target":["https:\/\/turismodeosuna.es\/accesibilidad\/"]}]},{"@type":"BreadcrumbList","@id":"https:\/\/turismodeosuna.es\/accesibilidad\/#breadcrumb","itemListElement":[{"@type":"ListItem","position":1,"name":"Portada","item":"https:\/\/turismodeosuna.es\/home\/"},{"@type":"ListItem","position":2,"name":"Accesibilidad"}]},{"@type":"WebSite","@id":"https:\/\/turismodeosuna.es\/#website","url":"https:\/\/turismodeosuna.es\/","name":"Turismo Osuna","description":"Turismo de Osuna","potentialAction":[{"@type":"SearchAction","target":{"@type":"EntryPoint","urlTemplate":"https:\/\/turismodeosuna.es\/?s={search_term_string}"},"query-input":{"@type":"PropertyValueSpecification","valueRequired":true,"valueName":"search_term_string"}}],"inLanguage":"de"}]}},"_links":{"self":[{"href":"https:\/\/turismodeosuna.es\/de\/wp-json\/wp\/v2\/pages\/6950","targetHints":{"allow":["GET"]}}],"collection":[{"href":"https:\/\/turismodeosuna.es\/de\/wp-json\/wp\/v2\/pages"}],"about":[{"href":"https:\/\/turismodeosuna.es\/de\/wp-json\/wp\/v2\/types\/page"}],"author":[{"embeddable":true,"href":"https:\/\/turismodeosuna.es\/de\/wp-json\/wp\/v2\/users\/2"}],"replies":[{"embeddable":true,"href":"https:\/\/turismodeosuna.es\/de\/wp-json\/wp\/v2\/comments?post=6950"}],"version-history":[{"count":1,"href":"https:\/\/turismodeosuna.es\/de\/wp-json\/wp\/v2\/pages\/6950\/revisions"}],"predecessor-version":[{"id":6953,"href":"https:\/\/turismodeosuna.es\/de\/wp-json\/wp\/v2\/pages\/6950\/revisions\/6953"}],"wp:attachment":[{"href":"https:\/\/turismodeosuna.es\/de\/wp-json\/wp\/v2\/media?parent=6950"}],"curies":[{"name":"wp","href":"https:\/\/api.w.org\/{rel}","templated":true}]}}