{"id":106,"date":"2022-06-28T11:41:14","date_gmt":"2022-06-28T09:41:14","guid":{"rendered":"http:\/\/turismodeosuna.es\/?page_id=106"},"modified":"2025-07-29T13:55:54","modified_gmt":"2025-07-29T11:55:54","slug":"noticias","status":"publish","type":"page","link":"https:\/\/turismodeosuna.es\/en\/noticias\/","title":{"rendered":"News"},"content":{"rendered":"<div id=\"fws_69d91342c50e0\"  data-column-margin=\"default\" data-midnight=\"dark\"  class=\"wpb_row vc_row-fluid vc_row\"  style=\"padding-top: 0px; padding-bottom: 0px; \"><div class=\"row-bg-wrap\" data-bg-animation=\"none\" data-bg-overlay=\"false\"><div class=\"inner-wrap\"><div class=\"row-bg viewport-desktop\"  style=\"\"><\/div><\/div><\/div><div class=\"row_col_wrap_12 col span_12 dark left\">\n\t<div  class=\"vc_col-sm-12 wpb_column column_container vc_column_container col no-extra-padding inherit_tablet inherit_phone\"  data-padding-pos=\"all\" data-has-bg-color=\"false\" data-bg-color=\"\" data-bg-opacity=\"1\" data-animation=\"\" data-delay=\"0\" >\n\t\t<div class=\"vc_column-inner\" >\n\t\t\t<div class=\"wpb_wrapper\">\n\t\t\t\t\n<div class=\"row\">\n\n <div class=\"post-area col  span_9 masonry material\" data-ams=\"\" data-remove-post-date=\"\" data-remove-post-author=\"1\" data-remove-post-comment-number=\"1\" data-remove-post-nectar-love=\"1\"> <div class=\"posts-container\" data-load-animation=\"fade_in\">     \n     \n<article id=\"post-17826\" class=\"masonry-blog-item post-17826 post type-post status-publish format-standard has-post-thumbnail category-dti\">  \n    \n  <div class=\"inner-wrap animated\">\n    \n    <div class=\"post-content\">\n\n      <div class=\"content-inner\">\n        \n        <a class=\"entire-meta-link\" href=\"https:\/\/turismodeosuna.es\/en\/osuna-fitur-certificacionune-copy-copy\/\" aria-label=\"Osuna incorpora tecnolog\u00eda Navilens a su se\u00f1al\u00e9tica avanzando en digitalizaci\u00f3n y accesibilidad universal\"><\/a>\n        \n        <span class=\"post-featured-img\"><img decoding=\"async\" width=\"945\" height=\"400\" src=\"https:\/\/turismodeosuna.es\/wp-content\/uploads\/2026\/03\/NP-EL-AYUNTAMIENTO-INSTALA-CODIGOS-TURISTICOS-NAVILENS-3.jpg_374706710.jpg\" class=\"attachment-large size-large skip-lazy wp-post-image\" alt=\"\" title=\"\" sizes=\"(min-width: 1600px) 20vw, (min-width: 1300px) 25vw, (min-width: 1000px) 33.3vw, (min-width: 690px) 50vw, 100vw\" srcset=\"https:\/\/turismodeosuna.es\/wp-content\/uploads\/2026\/03\/NP-EL-AYUNTAMIENTO-INSTALA-CODIGOS-TURISTICOS-NAVILENS-3.jpg_374706710.jpg 945w, https:\/\/turismodeosuna.es\/wp-content\/uploads\/2026\/03\/NP-EL-AYUNTAMIENTO-INSTALA-CODIGOS-TURISTICOS-NAVILENS-3.jpg_374706710-300x127.jpg 300w, https:\/\/turismodeosuna.es\/wp-content\/uploads\/2026\/03\/NP-EL-AYUNTAMIENTO-INSTALA-CODIGOS-TURISTICOS-NAVILENS-3.jpg_374706710-768x325.jpg 768w, https:\/\/turismodeosuna.es\/wp-content\/uploads\/2026\/03\/NP-EL-AYUNTAMIENTO-INSTALA-CODIGOS-TURISTICOS-NAVILENS-3.jpg_374706710-18x8.jpg 18w\" \/><\/span><span class=\"meta-category\"><a class=\"dti\" href=\"https:\/\/turismodeosuna.es\/en\/category\/dti\/\">DTI<\/a><\/span>        \n        <div class=\"article-content-wrap\">\n          \n          <div class=\"post-header\">\n            <h3 class=\"title\"><a href=\"https:\/\/turismodeosuna.es\/en\/osuna-fitur-certificacionune-copy-copy\/\"> Osuna incorpora tecnolog\u00eda Navilens a su se\u00f1al\u00e9tica avanzando en digitalizaci\u00f3n y accesibilidad universal<\/a><\/h3>\n          <\/div>\n          \n          <div class=\"excerpt\">El Ayuntamiento de Osuna ha iniciado la instalaci\u00f3n de c\u00f3digos NaviLens en la se\u00f1al\u00e9tica tur\u00edstica&hellip;<\/div><div class=\"grav-wrap\"><a href=\"https:\/\/turismodeosuna.es\/en\/author\/museo\/\"><img alt='museo' data-src='https:\/\/secure.gravatar.com\/avatar\/4ee1b11ae06af77149023a1042f7f3acd2a653829cfb9846735acc1d57e09095?s=70&#038;d=mm&#038;r=g' data-srcset='https:\/\/secure.gravatar.com\/avatar\/4ee1b11ae06af77149023a1042f7f3acd2a653829cfb9846735acc1d57e09095?s=140&#038;d=mm&#038;r=g 2x' class='avatar avatar-70 photo lazyload' height='70' width='70' src='data:image\/gif;base64,R0lGODlhAQABAAAAACH5BAEKAAEALAAAAAABAAEAAAICTAEAOw==' style='--smush-placeholder-width: 70px; --smush-placeholder-aspect-ratio: 70\/70;' \/><\/a><div class=\"text\"><a href=\"https:\/\/turismodeosuna.es\/en\/author\/museo\/\" rel=\"author\">museo<\/a><span>14 de March de 2026<\/span><\/div><\/div>\n        <\/div><!--article-content-wrap-->\n        \n      <\/div><!--\/content-inner-->\n        \n    <\/div><!--\/post-content-->\n      \n  <\/div><!--\/inner-wrap-->\n    \n<\/article>     \n     \n<article id=\"post-17823\" class=\"masonry-blog-item post-17823 post type-post status-publish format-standard has-post-thumbnail category-patrimonio-y-cultura\">  \n    \n  <div class=\"inner-wrap animated\">\n    \n    <div class=\"post-content\">\n\n      <div class=\"content-inner\">\n        \n        <a class=\"entire-meta-link\" href=\"https:\/\/turismodeosuna.es\/en\/osuna-fitur-certificacionune-copy\/\" aria-label=\"La cripta del Antiguo Convento de San Francisco albergar\u00e1 el Centro de Interpretaci\u00f3n Arqueol\u00f3gica gracias a la intervenci\u00f3n del Ayuntamiento de Osuna\"><\/a>\n        \n        <span class=\"post-featured-img\"><img decoding=\"async\" width=\"945\" height=\"400\" src=\"https:\/\/turismodeosuna.es\/wp-content\/uploads\/2026\/03\/OBRAS-CRIPTA-1.jpeg\" class=\"attachment-large size-large skip-lazy wp-post-image\" alt=\"\" title=\"\" sizes=\"(min-width: 1600px) 20vw, (min-width: 1300px) 25vw, (min-width: 1000px) 33.3vw, (min-width: 690px) 50vw, 100vw\" srcset=\"https:\/\/turismodeosuna.es\/wp-content\/uploads\/2026\/03\/OBRAS-CRIPTA-1.jpeg 945w, https:\/\/turismodeosuna.es\/wp-content\/uploads\/2026\/03\/OBRAS-CRIPTA-1-300x127.jpeg 300w, https:\/\/turismodeosuna.es\/wp-content\/uploads\/2026\/03\/OBRAS-CRIPTA-1-768x325.jpeg 768w, https:\/\/turismodeosuna.es\/wp-content\/uploads\/2026\/03\/OBRAS-CRIPTA-1-18x8.jpeg 18w\" \/><\/span><span class=\"meta-category\"><a class=\"patrimonio-y-cultura\" href=\"https:\/\/turismodeosuna.es\/en\/category\/patrimonio-y-cultura\/\">Patrimonio y Cultura<\/a><\/span>        \n        <div class=\"article-content-wrap\">\n          \n          <div class=\"post-header\">\n            <h3 class=\"title\"><a href=\"https:\/\/turismodeosuna.es\/en\/osuna-fitur-certificacionune-copy\/\"> La cripta del Antiguo Convento de San Francisco albergar\u00e1 el Centro de Interpretaci\u00f3n Arqueol\u00f3gica gracias a la intervenci\u00f3n del Ayuntamiento de Osuna<\/a><\/h3>\n          <\/div>\n          \n          <div class=\"excerpt\">Las obras puestas en marcha por el Ayuntamiento de Osuna en la Cripta del Antiguo&hellip;<\/div><div class=\"grav-wrap\"><a href=\"https:\/\/turismodeosuna.es\/en\/author\/museo\/\"><img alt='museo' data-src='https:\/\/secure.gravatar.com\/avatar\/4ee1b11ae06af77149023a1042f7f3acd2a653829cfb9846735acc1d57e09095?s=70&#038;d=mm&#038;r=g' data-srcset='https:\/\/secure.gravatar.com\/avatar\/4ee1b11ae06af77149023a1042f7f3acd2a653829cfb9846735acc1d57e09095?s=140&#038;d=mm&#038;r=g 2x' class='avatar avatar-70 photo lazyload' height='70' width='70' src='data:image\/gif;base64,R0lGODlhAQABAAAAACH5BAEKAAEALAAAAAABAAEAAAICTAEAOw==' style='--smush-placeholder-width: 70px; --smush-placeholder-aspect-ratio: 70\/70;' \/><\/a><div class=\"text\"><a href=\"https:\/\/turismodeosuna.es\/en\/author\/museo\/\" rel=\"author\">museo<\/a><span>14 de March de 2026<\/span><\/div><\/div>\n        <\/div><!--article-content-wrap-->\n        \n      <\/div><!--\/content-inner-->\n        \n    <\/div><!--\/post-content-->\n      \n  <\/div><!--\/inner-wrap-->\n    \n<\/article>     \n     \n<article id=\"post-17712\" class=\"masonry-blog-item post-17712 post type-post status-publish format-standard has-post-thumbnail category-dti\">  \n    \n  <div class=\"inner-wrap animated\">\n    \n    <div class=\"post-content\">\n\n      <div class=\"content-inner\">\n        \n        <a class=\"entire-meta-link\" href=\"https:\/\/turismodeosuna.es\/en\/osuna-fitur-certificacionune\/\" aria-label=\"Osuna est\u00e1 presente en FITUR y recibir\u00e1 la certificaci\u00f3n UNE 178501, siendo el primer municipio DTI de la provincia de Sevilla en obtenerla\"><\/a>\n        \n        <span class=\"post-featured-img\"><img decoding=\"async\" width=\"1024\" height=\"607\" src=\"https:\/\/turismodeosuna.es\/wp-content\/uploads\/2026\/02\/FITUR-2026-1024x607.jpg\" class=\"attachment-large size-large skip-lazy wp-post-image\" alt=\"\" title=\"\" sizes=\"(min-width: 1600px) 20vw, (min-width: 1300px) 25vw, (min-width: 1000px) 33.3vw, (min-width: 690px) 50vw, 100vw\" srcset=\"https:\/\/turismodeosuna.es\/wp-content\/uploads\/2026\/02\/FITUR-2026-1024x607.jpg 1024w, https:\/\/turismodeosuna.es\/wp-content\/uploads\/2026\/02\/FITUR-2026-300x178.jpg 300w, https:\/\/turismodeosuna.es\/wp-content\/uploads\/2026\/02\/FITUR-2026-768x456.jpg 768w, https:\/\/turismodeosuna.es\/wp-content\/uploads\/2026\/02\/FITUR-2026-1536x911.jpg 1536w, https:\/\/turismodeosuna.es\/wp-content\/uploads\/2026\/02\/FITUR-2026-18x12.jpg 18w, https:\/\/turismodeosuna.es\/wp-content\/uploads\/2026\/02\/FITUR-2026-1320x783.jpg 1320w, https:\/\/turismodeosuna.es\/wp-content\/uploads\/2026\/02\/FITUR-2026.jpg 1920w\" \/><\/span><span class=\"meta-category\"><a class=\"dti\" href=\"https:\/\/turismodeosuna.es\/en\/category\/dti\/\">DTI<\/a><\/span>        \n        <div class=\"article-content-wrap\">\n          \n          <div class=\"post-header\">\n            <h3 class=\"title\"><a href=\"https:\/\/turismodeosuna.es\/en\/osuna-fitur-certificacionune\/\"> Osuna est\u00e1 presente en FITUR y recibir\u00e1 la certificaci\u00f3n UNE 178501, siendo el primer municipio DTI de la provincia de Sevilla en obtenerla<\/a><\/h3>\n          <\/div>\n          \n          <div class=\"excerpt\">El Ayuntamiento de Osuna est\u00e1 presente en la Feria Internacional de Turismo (FITUR), con un&hellip;<\/div><div class=\"grav-wrap\"><a href=\"https:\/\/turismodeosuna.es\/en\/author\/museo\/\"><img alt='museo' data-src='https:\/\/secure.gravatar.com\/avatar\/4ee1b11ae06af77149023a1042f7f3acd2a653829cfb9846735acc1d57e09095?s=70&#038;d=mm&#038;r=g' data-srcset='https:\/\/secure.gravatar.com\/avatar\/4ee1b11ae06af77149023a1042f7f3acd2a653829cfb9846735acc1d57e09095?s=140&#038;d=mm&#038;r=g 2x' class='avatar avatar-70 photo lazyload' height='70' width='70' src='data:image\/gif;base64,R0lGODlhAQABAAAAACH5BAEKAAEALAAAAAABAAEAAAICTAEAOw==' style='--smush-placeholder-width: 70px; --smush-placeholder-aspect-ratio: 70\/70;' \/><\/a><div class=\"text\"><a href=\"https:\/\/turismodeosuna.es\/en\/author\/museo\/\" rel=\"author\">museo<\/a><span>6 de February de 2026<\/span><\/div><\/div>\n        <\/div><!--article-content-wrap-->\n        \n      <\/div><!--\/content-inner-->\n        \n    <\/div><!--\/post-content-->\n      \n  <\/div><!--\/inner-wrap-->\n    \n<\/article>     \n     \n<article id=\"post-17709\" class=\"masonry-blog-item post-17709 post type-post status-publish format-standard has-post-thumbnail category-patrimonio-y-cultura\">  \n    \n  <div class=\"inner-wrap animated\">\n    \n    <div class=\"post-content\">\n\n      <div class=\"content-inner\">\n        \n        <a class=\"entire-meta-link\" href=\"https:\/\/turismodeosuna.es\/en\/osuna-100-000visitantes-2025\/\" aria-label=\"Osuna supera los 100.000 visitantes en 2025 y refuerza su apuesta tur\u00edstica\"><\/a>\n        \n        <span class=\"post-featured-img\"><img decoding=\"async\" width=\"1024\" height=\"691\" src=\"https:\/\/turismodeosuna.es\/wp-content\/uploads\/2026\/02\/OSUNA-SUPERA-LOS-100.000-VISITANTES-EN-2025-Y-REFUERZA-SU-APUESTA-TURISTICA-1024x691.jpg\" class=\"attachment-large size-large skip-lazy wp-post-image\" alt=\"\" title=\"\" sizes=\"(min-width: 1600px) 20vw, (min-width: 1300px) 25vw, (min-width: 1000px) 33.3vw, (min-width: 690px) 50vw, 100vw\" srcset=\"https:\/\/turismodeosuna.es\/wp-content\/uploads\/2026\/02\/OSUNA-SUPERA-LOS-100.000-VISITANTES-EN-2025-Y-REFUERZA-SU-APUESTA-TURISTICA-1024x691.jpg 1024w, https:\/\/turismodeosuna.es\/wp-content\/uploads\/2026\/02\/OSUNA-SUPERA-LOS-100.000-VISITANTES-EN-2025-Y-REFUERZA-SU-APUESTA-TURISTICA-300x202.jpg 300w, https:\/\/turismodeosuna.es\/wp-content\/uploads\/2026\/02\/OSUNA-SUPERA-LOS-100.000-VISITANTES-EN-2025-Y-REFUERZA-SU-APUESTA-TURISTICA-768x518.jpg 768w, https:\/\/turismodeosuna.es\/wp-content\/uploads\/2026\/02\/OSUNA-SUPERA-LOS-100.000-VISITANTES-EN-2025-Y-REFUERZA-SU-APUESTA-TURISTICA-1536x1037.jpg 1536w, https:\/\/turismodeosuna.es\/wp-content\/uploads\/2026\/02\/OSUNA-SUPERA-LOS-100.000-VISITANTES-EN-2025-Y-REFUERZA-SU-APUESTA-TURISTICA-18x12.jpg 18w, https:\/\/turismodeosuna.es\/wp-content\/uploads\/2026\/02\/OSUNA-SUPERA-LOS-100.000-VISITANTES-EN-2025-Y-REFUERZA-SU-APUESTA-TURISTICA-400x269.jpg 400w, https:\/\/turismodeosuna.es\/wp-content\/uploads\/2026\/02\/OSUNA-SUPERA-LOS-100.000-VISITANTES-EN-2025-Y-REFUERZA-SU-APUESTA-TURISTICA-1320x891.jpg 1320w, https:\/\/turismodeosuna.es\/wp-content\/uploads\/2026\/02\/OSUNA-SUPERA-LOS-100.000-VISITANTES-EN-2025-Y-REFUERZA-SU-APUESTA-TURISTICA.jpg 2048w\" \/><\/span><span class=\"meta-category\"><a class=\"patrimonio-y-cultura\" href=\"https:\/\/turismodeosuna.es\/en\/category\/patrimonio-y-cultura\/\">Patrimonio y Cultura<\/a><\/span>        \n        <div class=\"article-content-wrap\">\n          \n          <div class=\"post-header\">\n            <h3 class=\"title\"><a href=\"https:\/\/turismodeosuna.es\/en\/osuna-100-000visitantes-2025\/\"> Osuna supera los 100.000 visitantes en 2025 y refuerza su apuesta tur\u00edstica<\/a><\/h3>\n          <\/div>\n          \n          <div class=\"excerpt\">La alcaldesa de Osuna anunciaba esta semana que durante el a\u00f1o 2025 Osuna ha superado&hellip;<\/div><div class=\"grav-wrap\"><a href=\"https:\/\/turismodeosuna.es\/en\/author\/museo\/\"><img alt='museo' data-src='https:\/\/secure.gravatar.com\/avatar\/4ee1b11ae06af77149023a1042f7f3acd2a653829cfb9846735acc1d57e09095?s=70&#038;d=mm&#038;r=g' data-srcset='https:\/\/secure.gravatar.com\/avatar\/4ee1b11ae06af77149023a1042f7f3acd2a653829cfb9846735acc1d57e09095?s=140&#038;d=mm&#038;r=g 2x' class='avatar avatar-70 photo lazyload' height='70' width='70' src='data:image\/gif;base64,R0lGODlhAQABAAAAACH5BAEKAAEALAAAAAABAAEAAAICTAEAOw==' style='--smush-placeholder-width: 70px; --smush-placeholder-aspect-ratio: 70\/70;' \/><\/a><div class=\"text\"><a href=\"https:\/\/turismodeosuna.es\/en\/author\/museo\/\" rel=\"author\">museo<\/a><span>6 de February de 2026<\/span><\/div><\/div>\n        <\/div><!--article-content-wrap-->\n        \n      <\/div><!--\/content-inner-->\n        \n    <\/div><!--\/post-content-->\n      \n  <\/div><!--\/inner-wrap-->\n    \n<\/article>    \n    <\/div><!--\/posts container-->\n    \n    <div id=\"pagination\" data-is-text=\"All items loaded\"><span aria-current=\"page\" class=\"page-numbers current\">1<\/span>\n<a class=\"page-numbers\" href=\"https:\/\/turismodeosuna.es\/en\/wp-json\/wp\/v2\/pages\/106\/page\/2\/\">2<\/a>\n<a class=\"page-numbers\" href=\"https:\/\/turismodeosuna.es\/en\/wp-json\/wp\/v2\/pages\/106\/page\/3\/\">3<\/a>\n<span class=\"page-numbers dots\">&hellip;<\/span>\n<a class=\"page-numbers\" href=\"https:\/\/turismodeosuna.es\/en\/wp-json\/wp\/v2\/pages\/106\/page\/7\/\">7<\/a>\n<a class=\"next page-numbers\" href=\"https:\/\/turismodeosuna.es\/en\/wp-json\/wp\/v2\/pages\/106\/page\/2\/\">Next &raquo;<\/a><\/div>  \n<\/div><!--\/post area-->\n\n  \n  <div id=\"sidebar\" data-nectar-ss=\"\" class=\"col span_3 col_last\">\n      <\/div><!--\/span_3-->\n \n<\/div>\n\n\n\t\t\t<\/div> \n\t\t<\/div>\n\t<\/div> \n<\/div><\/div>\n\t\t<div id=\"fws_69d91342cb4f3\"  data-column-margin=\"default\" data-midnight=\"dark\"  class=\"wpb_row vc_row-fluid vc_row\"  style=\"padding-top: 0px; padding-bottom: 0px; \"><div class=\"row-bg-wrap\" data-bg-animation=\"none\" data-bg-overlay=\"false\"><div class=\"inner-wrap\"><div class=\"row-bg viewport-desktop\"  style=\"\"><\/div><\/div><\/div><div class=\"row_col_wrap_12 col span_12 dark left\">\n\t<div  class=\"vc_col-sm-12 wpb_column column_container vc_column_container col no-extra-padding inherit_tablet inherit_phone\"  data-padding-pos=\"all\" data-has-bg-color=\"false\" data-bg-color=\"\" data-bg-opacity=\"1\" data-animation=\"\" data-delay=\"0\" >\n\t\t<div class=\"vc_column-inner\" >\n\t\t\t<div class=\"wpb_wrapper\">\n\t\t\t\t<h2 style=\"text-align: left;font-family:Abril Fatface;font-weight:400;font-style:normal\" class=\"vc_custom_heading\" >Presented at FITUR 2025: \u2018Osuna Smart Tourism\u2019<\/h2>\n\t<div class=\"wpb_video_widget wpb_content_element vc_clearfix   vc_video-aspect-ratio-169 vc_video-el-width-100 vc_video-align-left\" >\n\t\t<div class=\"wpb_wrapper\">\n\t\t\t\n\t\t\t<div class=\"wpb_video_wrapper\"><iframe title=\"Osuna Smart Tourism\" width=\"1080\" height=\"608\" data-src=\"https:\/\/www.youtube.com\/embed\/8QsBOVHz1-Y?feature=oembed\" frameborder=\"0\" allow=\"accelerometer; autoplay; clipboard-write; encrypted-media; gyroscope; picture-in-picture; web-share\" referrerpolicy=\"strict-origin-when-cross-origin\" allowfullscreen src=\"data:image\/gif;base64,R0lGODlhAQABAAAAACH5BAEKAAEALAAAAAABAAEAAAICTAEAOw==\" class=\"lazyload\" data-load-mode=\"1\"><\/iframe><\/div>\n\t\t<\/div>\n\t<\/div>\n\n\t\t\t<\/div> \n\t\t<\/div>\n\t<\/div> \n\n\t<div  class=\"vc_col-sm-12 wpb_column column_container vc_column_container col no-extra-padding inherit_tablet inherit_phone\"  data-padding-pos=\"all\" data-has-bg-color=\"false\" data-bg-color=\"\" data-bg-opacity=\"1\" data-animation=\"\" data-delay=\"0\" >\n\t\t<div class=\"vc_column-inner\" >\n\t\t\t<div class=\"wpb_wrapper\">\n\t\t\t\t\n\t\t\t<\/div> \n\t\t<\/div>\n\t<\/div> \n<\/div><\/div>","protected":false},"excerpt":{"rendered":"La alcaldesa de Osuna anunciaba esta semana que durante el a\u00f1o 2025 Osuna ha superado los 100.000 visitantes, una cifra que como ella misma ha reconocido \u201chasta hace pocos a\u00f1os...","protected":false},"author":2,"featured_media":0,"parent":0,"menu_order":0,"comment_status":"closed","ping_status":"closed","template":"","meta":{"inline_featured_image":false,"footnotes":""},"class_list":["post-106","page","type-page","status-publish"],"yoast_head":"<!-- This site is optimized with the Yoast SEO plugin v25.3 - https:\/\/yoast.com\/wordpress\/plugins\/seo\/ -->\n<title>Noticias de Turismo en Osuna | Noticias, Gu\u00edas y Consejos<\/title>\n<meta name=\"description\" content=\"Mantente al d\u00eda con las \u00faltimas noticias sobre Osuna, eventos, consejos de viaje y todo lo relacionado con el turismo en esta villa.\" \/>\n<meta name=\"robots\" content=\"index, follow, max-snippet:-1, max-image-preview:large, max-video-preview:-1\" \/>\n<link rel=\"canonical\" href=\"https:\/\/turismodeosuna.es\/en\/noticias\/\" \/>\n<meta property=\"og:locale\" content=\"en_GB\" \/>\n<meta property=\"og:type\" content=\"article\" \/>\n<meta property=\"og:title\" content=\"Noticias de Turismo en Osuna | Noticias, Gu\u00edas y Consejos\" \/>\n<meta property=\"og:description\" content=\"Mantente al d\u00eda con las \u00faltimas noticias sobre Osuna, eventos, consejos de viaje y todo lo relacionado con el turismo en esta villa.\" \/>\n<meta property=\"og:url\" content=\"https:\/\/turismodeosuna.es\/en\/noticias\/\" \/>\n<meta property=\"og:site_name\" content=\"Turismo Osuna\" \/>\n<meta property=\"article:modified_time\" content=\"2025-07-29T11:55:54+00:00\" \/>\n<meta name=\"twitter:card\" content=\"summary_large_image\" \/>\n<meta name=\"twitter:label1\" content=\"Estimated reading time\" \/>\n\t<meta name=\"twitter:data1\" content=\"1 minute\" \/>\n<script type=\"application\/ld+json\" class=\"yoast-schema-graph\">{\"@context\":\"https:\/\/schema.org\",\"@graph\":[{\"@type\":\"WebPage\",\"@id\":\"https:\/\/turismodeosuna.es\/noticias\/\",\"url\":\"https:\/\/turismodeosuna.es\/noticias\/\",\"name\":\"Noticias de Turismo en Osuna | Noticias, Gu\u00edas y Consejos\",\"isPartOf\":{\"@id\":\"https:\/\/turismodeosuna.es\/#website\"},\"datePublished\":\"2022-06-28T09:41:14+00:00\",\"dateModified\":\"2025-07-29T11:55:54+00:00\",\"description\":\"Mantente al d\u00eda con las \u00faltimas noticias sobre Osuna, eventos, consejos de viaje y todo lo relacionado con el turismo en esta villa.\",\"breadcrumb\":{\"@id\":\"https:\/\/turismodeosuna.es\/noticias\/#breadcrumb\"},\"inLanguage\":\"en-GB\",\"potentialAction\":[{\"@type\":\"ReadAction\",\"target\":[\"https:\/\/turismodeosuna.es\/noticias\/\"]}]},{\"@type\":\"BreadcrumbList\",\"@id\":\"https:\/\/turismodeosuna.es\/noticias\/#breadcrumb\",\"itemListElement\":[{\"@type\":\"ListItem\",\"position\":1,\"name\":\"Portada\",\"item\":\"https:\/\/turismodeosuna.es\/\"},{\"@type\":\"ListItem\",\"position\":2,\"name\":\"Noticias\"}]},{\"@type\":\"WebSite\",\"@id\":\"https:\/\/turismodeosuna.es\/#website\",\"url\":\"https:\/\/turismodeosuna.es\/\",\"name\":\"Turismo Osuna\",\"description\":\"Turismo de Osuna\",\"potentialAction\":[{\"@type\":\"SearchAction\",\"target\":{\"@type\":\"EntryPoint\",\"urlTemplate\":\"https:\/\/turismodeosuna.es\/?s={search_term_string}\"},\"query-input\":{\"@type\":\"PropertyValueSpecification\",\"valueRequired\":true,\"valueName\":\"search_term_string\"}}],\"inLanguage\":\"en-GB\"}]}<\/script>\n<!-- \/ Yoast SEO plugin. -->","yoast_head_json":{"title":"Noticias de Turismo en Osuna | Noticias, Gu\u00edas y Consejos","description":"Mantente al d\u00eda con las \u00faltimas noticias sobre Osuna, eventos, consejos de viaje y todo lo relacionado con el turismo en esta villa.","robots":{"index":"index","follow":"follow","max-snippet":"max-snippet:-1","max-image-preview":"max-image-preview:large","max-video-preview":"max-video-preview:-1"},"canonical":"https:\/\/turismodeosuna.es\/en\/noticias\/","og_locale":"en_GB","og_type":"article","og_title":"Noticias de Turismo en Osuna | Noticias, Gu\u00edas y Consejos","og_description":"Mantente al d\u00eda con las \u00faltimas noticias sobre Osuna, eventos, consejos de viaje y todo lo relacionado con el turismo en esta villa.","og_url":"https:\/\/turismodeosuna.es\/en\/noticias\/","og_site_name":"Turismo Osuna","article_modified_time":"2025-07-29T11:55:54+00:00","twitter_card":"summary_large_image","twitter_misc":{"Estimated reading time":"1 minute"},"schema":{"@context":"https:\/\/schema.org","@graph":[{"@type":"WebPage","@id":"https:\/\/turismodeosuna.es\/noticias\/","url":"https:\/\/turismodeosuna.es\/noticias\/","name":"Noticias de Turismo en Osuna | Noticias, Gu\u00edas y Consejos","isPartOf":{"@id":"https:\/\/turismodeosuna.es\/#website"},"datePublished":"2022-06-28T09:41:14+00:00","dateModified":"2025-07-29T11:55:54+00:00","description":"Mantente al d\u00eda con las \u00faltimas noticias sobre Osuna, eventos, consejos de viaje y todo lo relacionado con el turismo en esta villa.","breadcrumb":{"@id":"https:\/\/turismodeosuna.es\/noticias\/#breadcrumb"},"inLanguage":"en-GB","potentialAction":[{"@type":"ReadAction","target":["https:\/\/turismodeosuna.es\/noticias\/"]}]},{"@type":"BreadcrumbList","@id":"https:\/\/turismodeosuna.es\/noticias\/#breadcrumb","itemListElement":[{"@type":"ListItem","position":1,"name":"Portada","item":"https:\/\/turismodeosuna.es\/"},{"@type":"ListItem","position":2,"name":"Noticias"}]},{"@type":"WebSite","@id":"https:\/\/turismodeosuna.es\/#website","url":"https:\/\/turismodeosuna.es\/","name":"Turismo Osuna","description":"Turismo de Osuna","potentialAction":[{"@type":"SearchAction","target":{"@type":"EntryPoint","urlTemplate":"https:\/\/turismodeosuna.es\/?s={search_term_string}"},"query-input":{"@type":"PropertyValueSpecification","valueRequired":true,"valueName":"search_term_string"}}],"inLanguage":"en-GB"}]}},"_links":{"self":[{"href":"https:\/\/turismodeosuna.es\/en\/wp-json\/wp\/v2\/pages\/106","targetHints":{"allow":["GET"]}}],"collection":[{"href":"https:\/\/turismodeosuna.es\/en\/wp-json\/wp\/v2\/pages"}],"about":[{"href":"https:\/\/turismodeosuna.es\/en\/wp-json\/wp\/v2\/types\/page"}],"author":[{"embeddable":true,"href":"https:\/\/turismodeosuna.es\/en\/wp-json\/wp\/v2\/users\/2"}],"replies":[{"embeddable":true,"href":"https:\/\/turismodeosuna.es\/en\/wp-json\/wp\/v2\/comments?post=106"}],"version-history":[{"count":7,"href":"https:\/\/turismodeosuna.es\/en\/wp-json\/wp\/v2\/pages\/106\/revisions"}],"predecessor-version":[{"id":16138,"href":"https:\/\/turismodeosuna.es\/en\/wp-json\/wp\/v2\/pages\/106\/revisions\/16138"}],"wp:attachment":[{"href":"https:\/\/turismodeosuna.es\/en\/wp-json\/wp\/v2\/media?parent=106"}],"curies":[{"name":"wp","href":"https:\/\/api.w.org\/{rel}","templated":true}]}}