{"id":3003,"date":"2022-06-28T11:34:52","date_gmt":"2022-06-28T09:34:52","guid":{"rendered":"http:\/\/turismodeosuna.es\/how-to-arrive\/"},"modified":"2023-03-23T09:55:17","modified_gmt":"2023-03-23T08:55:17","slug":"how-to-arrive","status":"publish","type":"page","link":"https:\/\/turismodeosuna.es\/en\/how-to-arrive\/","title":{"rendered":"How to arrive"},"content":{"rendered":"<div id=\"fws_69d91429554b0\"  data-column-margin=\"default\" data-midnight=\"dark\"  class=\"wpb_row vc_row-fluid vc_row full-width-content vc_row-o-equal-height vc_row-flex vc_row-o-content-top\"  style=\"padding-top: 0px; padding-bottom: 0px; \"><div class=\"row-bg-wrap\" data-bg-animation=\"none\" data-bg-overlay=\"false\"><div class=\"inner-wrap\"><div class=\"row-bg viewport-desktop\"  style=\"\"><\/div><\/div><\/div><div class=\"row_col_wrap_12 col span_12 dark left\">\n\t<div  class=\"vc_col-sm-12 wpb_column column_container vc_column_container col no-extra-padding inherit_tablet inherit_phone\"  data-padding-pos=\"all\" data-has-bg-color=\"false\" data-bg-color=\"\" data-bg-opacity=\"1\" data-animation=\"\" data-delay=\"0\" >\n\t\t<div class=\"vc_column-inner\" >\n\t\t\t<div class=\"wpb_wrapper\">\n\t\t\t\t<div class=\"img-with-aniamtion-wrap\" data-max-width=\"100%\" data-max-width-mobile=\"default\" data-shadow=\"none\" data-animation=\"fade-in\" >\n      <div class=\"inner\">\n        <div class=\"hover-wrap\"> \n          <div class=\"hover-wrap-inner\">\n            <img decoding=\"async\" class=\"img-with-animation skip-lazy\" data-delay=\"0\" height=\"400\" width=\"1920\" data-animation=\"fade-in\" src=\"https:\/\/turismodeosuna.es\/wp-content\/uploads\/2022\/07\/situachione.jpg\" alt=\"\" srcset=\"https:\/\/turismodeosuna.es\/wp-content\/uploads\/2022\/07\/situachione.jpg 1920w, https:\/\/turismodeosuna.es\/wp-content\/uploads\/2022\/07\/situachione-300x63.jpg 300w, https:\/\/turismodeosuna.es\/wp-content\/uploads\/2022\/07\/situachione-1024x213.jpg 1024w, https:\/\/turismodeosuna.es\/wp-content\/uploads\/2022\/07\/situachione-768x160.jpg 768w, https:\/\/turismodeosuna.es\/wp-content\/uploads\/2022\/07\/situachione-1536x320.jpg 1536w\" sizes=\"(max-width: 1920px) 100vw, 1920px\" \/>\n          <\/div>\n        <\/div>\n      <\/div>\n    <\/div><div class=\"img-with-aniamtion-wrap\" data-max-width=\"100%\" data-max-width-mobile=\"default\" data-shadow=\"none\" data-animation=\"fade-in\" >\n      <div class=\"inner\">\n        <div class=\"hover-wrap\"> \n          <div class=\"hover-wrap-inner\">\n            <img decoding=\"async\" class=\"img-with-animation skip-lazy\" data-delay=\"0\" height=\"100\" width=\"1920\" data-animation=\"fade-in\" src=\"https:\/\/turismodeosuna.es\/wp-content\/uploads\/2022\/07\/sombrabanner-turismodeosuna-estrecho.jpg\" alt=\"\" srcset=\"https:\/\/turismodeosuna.es\/wp-content\/uploads\/2022\/07\/sombrabanner-turismodeosuna-estrecho.jpg 1920w, https:\/\/turismodeosuna.es\/wp-content\/uploads\/2022\/07\/sombrabanner-turismodeosuna-estrecho-300x16.jpg 300w, https:\/\/turismodeosuna.es\/wp-content\/uploads\/2022\/07\/sombrabanner-turismodeosuna-estrecho-1024x53.jpg 1024w, https:\/\/turismodeosuna.es\/wp-content\/uploads\/2022\/07\/sombrabanner-turismodeosuna-estrecho-768x40.jpg 768w, https:\/\/turismodeosuna.es\/wp-content\/uploads\/2022\/07\/sombrabanner-turismodeosuna-estrecho-1536x80.jpg 1536w\" sizes=\"(max-width: 1920px) 100vw, 1920px\" \/>\n          <\/div>\n        <\/div>\n      <\/div>\n    <\/div>\n\t\t\t<\/div> \n\t\t<\/div>\n\t<\/div> \n<\/div><\/div>\n\t\t<div id=\"fws_69d9142955c3c\"  data-column-margin=\"default\" data-midnight=\"dark\"  class=\"wpb_row vc_row-fluid vc_row\"  style=\"padding-top: 0px; padding-bottom: 0px; \"><div class=\"row-bg-wrap\" data-bg-animation=\"none\" data-bg-overlay=\"false\"><div class=\"inner-wrap\"><div class=\"row-bg viewport-desktop\"  style=\"\"><\/div><\/div><\/div><div class=\"row_col_wrap_12 col span_12 dark left\">\n\t<div  class=\"vc_col-sm-12 wpb_column column_container vc_column_container col no-extra-padding inherit_tablet inherit_phone\"  data-padding-pos=\"all\" data-has-bg-color=\"false\" data-bg-color=\"\" data-bg-opacity=\"1\" data-animation=\"\" data-delay=\"0\" >\n\t\t<div class=\"vc_column-inner\" >\n\t\t\t<div class=\"wpb_wrapper\">\n\t\t\t\t\n<div class=\"wpb_text_column wpb_content_element\" >\n\t<div class=\"wpb_wrapper\">\n\t\t<h1>How to arrive<\/h1>\n\t<\/div>\n<\/div>\n\n\n\n<div id=\"fws_69d9142955dfa\" data-midnight=\"\" data-column-margin=\"default\" class=\"wpb_row vc_row-fluid vc_row inner_row vc_row-o-equal-height vc_row-flex vc_row-o-content-middle\"  style=\"\"><div class=\"row-bg-wrap\"> <div class=\"row-bg\" ><\/div> <\/div><div class=\"row_col_wrap_12_inner col span_12  left\">\n\t<div  class=\"vc_col-sm-6 wpb_column column_container vc_column_container col child_column no-extra-padding inherit_tablet inherit_phone\"   data-padding-pos=\"all\" data-has-bg-color=\"false\" data-bg-color=\"\" data-bg-opacity=\"1\" data-animation=\"\" data-delay=\"0\" >\n\t\t<div class=\"vc_column-inner\" >\n\t\t<div class=\"wpb_wrapper\">\n\t\t\t\n<div class=\"wpb_text_column wpb_content_element\" >\n\t<div class=\"wpb_wrapper\">\n\t\t<p><span style=\"font-weight: 400;\">The town of Osuna, belonging to the province of Sevilla, is located between the Campi\u00f1a del Guadalquivir and the beginning of the subb\u00e9ticas mountain ranges, which gives it a unique position. The town is equidistant from important cities such as Sevilla, M\u00e1laga, C\u00f3rdoba and Granada. Osuna has a wonderful climate with pleasant temperatures. It has a complete transport network that provides quick and convenient transportation from any point of Andalusia. Sevilla and M\u00e1laga airports are only one hour away, while the A-92 highway that connects the South with the East of Spain passes through its municipal district.<\/span><\/p>\n\t<\/div>\n<\/div>\n\n\n\n\n\t\t<\/div> \n\t<\/div>\n\t<\/div> \n\n\t<div  class=\"vc_col-sm-6 wpb_column column_container vc_column_container col child_column no-extra-padding inherit_tablet inherit_phone\"   data-padding-pos=\"all\" data-has-bg-color=\"false\" data-bg-color=\"\" data-bg-opacity=\"1\" data-animation=\"\" data-delay=\"0\" >\n\t\t<div class=\"vc_column-inner\" >\n\t\t<div class=\"wpb_wrapper\">\n\t\t\t<div class=\"img-with-aniamtion-wrap\" data-max-width=\"100%\" data-max-width-mobile=\"default\" data-shadow=\"none\" data-animation=\"fade-in\" >\n      <div class=\"inner\">\n        <div class=\"hover-wrap\"> \n          <div class=\"hover-wrap-inner\">\n            <img decoding=\"async\" class=\"img-with-animation skip-lazy\" data-delay=\"0\" height=\"1709\" width=\"2560\" data-animation=\"fade-in\" src=\"https:\/\/turismodeosuna.es\/wp-content\/uploads\/2022\/07\/PLAZA-MAYOR-scaled.jpg\" alt=\"\" srcset=\"https:\/\/turismodeosuna.es\/wp-content\/uploads\/2022\/07\/PLAZA-MAYOR-scaled.jpg 2560w, https:\/\/turismodeosuna.es\/wp-content\/uploads\/2022\/07\/PLAZA-MAYOR-300x200.jpg 300w, https:\/\/turismodeosuna.es\/wp-content\/uploads\/2022\/07\/PLAZA-MAYOR-1024x684.jpg 1024w, https:\/\/turismodeosuna.es\/wp-content\/uploads\/2022\/07\/PLAZA-MAYOR-768x513.jpg 768w, https:\/\/turismodeosuna.es\/wp-content\/uploads\/2022\/07\/PLAZA-MAYOR-391x260.jpg 391w, https:\/\/turismodeosuna.es\/wp-content\/uploads\/2022\/07\/PLAZA-MAYOR-1536x1025.jpg 1536w, https:\/\/turismodeosuna.es\/wp-content\/uploads\/2022\/07\/PLAZA-MAYOR-2048x1367.jpg 2048w, https:\/\/turismodeosuna.es\/wp-content\/uploads\/2022\/07\/PLAZA-MAYOR-900x600.jpg 900w\" sizes=\"(max-width: 2560px) 100vw, 2560px\" \/>\n          <\/div>\n        <\/div>\n      <\/div>\n    <\/div>\n\t\t<\/div> \n\t<\/div>\n\t<\/div> \n<\/div><\/div>\n\t\t\t<\/div> \n\t\t<\/div>\n\t<\/div> \n<\/div><\/div>\n\t\t<div id=\"fws_69d91429562ab\"  data-column-margin=\"default\" data-midnight=\"dark\" data-top-percent=\"2%\"  class=\"wpb_row vc_row-fluid vc_row como-llegar\"  style=\"padding-top: calc(100vw * 0.02); padding-bottom: 0px; \"><div class=\"row-bg-wrap\" data-bg-animation=\"none\" data-bg-overlay=\"false\"><div class=\"inner-wrap\"><div class=\"row-bg viewport-desktop\"  style=\"\"><\/div><\/div><\/div><div class=\"row_col_wrap_12 col span_12 dark left\">\n\t<div  class=\"vc_col-sm-12 wpb_column column_container vc_column_container col no-extra-padding inherit_tablet inherit_phone\"  data-padding-pos=\"all\" data-has-bg-color=\"false\" data-bg-color=\"\" data-bg-opacity=\"1\" data-animation=\"\" data-delay=\"0\" >\n\t\t<div class=\"vc_column-inner\" >\n\t\t\t<div class=\"wpb_wrapper\">\n\t\t\t\t<div class=\"nectar-icon-list\" data-icon-color=\"default\" data-icon-style=\"border\" data-columns=\"3\" data-direction=\"vertical\" data-icon-size=\"medium\" data-animate=\"\"><div class=\"nectar-icon-list-item\"><div class=\"list-icon-holder\" data-icon_type=\"icon\"><i class=\"icon-default-style fa fa-car\" data-color=\"default\"><\/i><\/div><div class=\"content\"><h4>By road<\/h4>\n<ul>\n<li style=\"font-weight: 400\"><span style=\"font-weight: 400\">Taking the A-92 highway towards M\u00e1laga from Sevilla, about 90 kilometers away, after passing by the towns of Arahal and Puebla de Cazalla you will finally arrive to Osuna in about 1 hour approximately.<\/span><\/li>\n<li style=\"font-weight: 400\"><span style=\"font-weight: 400\">Taking the national road N-33 towards \u00c9cija connecting with the regional road A-351 from Madrid and C\u00f3rdoba, after 34 kilometers, you will get to Osuna in about 5 hours approximately.<\/span><\/li>\n<li style=\"font-weight: 400\"><span style=\"font-weight: 400\">Taking the A-92 highway towards Sevilla From M\u00e1laga, you will get to Osuna in about one hour and twenty minutes after 122 kilometers.<\/span><\/li>\n<li style=\"font-weight: 400\"><span style=\"font-weight: 400\">Taking the A-92 towards Sevilla from Granada, you will get to Osuna in about one hour and fifty minutes, after 165 kilometers.<\/span><\/li>\n<\/ul>\n<\/div><\/div><div class=\"nectar-icon-list-item\"><div class=\"list-icon-holder\" data-icon_type=\"icon\"><i class=\"icon-default-style fa fa-bus\" data-color=\"default\"><\/i><\/div><div class=\"content\"><h4>By bus<\/h4>\n<table class=\"table-bus\">\n<thead>\n<tr>\n<th>Monbus<\/th>\n<th>Alsa Group<\/th>\n<th>Autocares Guerrero<\/th>\n<\/tr>\n<\/thead>\n<tbody>\n<tr>\n<td><a href=\"tel:982292900\">982 29 29 00<\/a><\/td>\n<td><a href=\"tel:902422242\">902 42 22 42<\/a><\/td>\n<td><a href=\"tel:902422242\">979 72 24 00<\/a><\/td>\n<\/tr>\n<tr>\n<td><a href=\"http:\/\/www.monbus.es\/\" target=\"_blank\" rel=\"noopener\">www.monbus.es<\/a><\/td>\n<td><a href=\"http:\/\/www.alsa.es\/\" target=\"_blank\" rel=\"noopener\">www.alsa.es<\/a><\/td>\n<td><a href=\"https:\/\/www.paginasamarillas.es\/f\/los-corrales\/autocares-guerrero-e-hijos-s-l-_006623607_000000001.html\">Autocares Guerrero E Hijos S.L.<\/a><\/td>\n<\/tr>\n<\/tbody>\n<\/table>\n<\/div><\/div><div class=\"nectar-icon-list-item\"><div class=\"list-icon-holder\" data-icon_type=\"icon\"><i class=\"icon-default-style fa fa-train\" data-color=\"default\"><\/i><\/div><div class=\"content\"><h4>By train<\/h4><span style=\"font-weight: 400\">There are trains arriving to Osuna from Sevilla, M\u00e1laga, Granada, Almer\u00eda and C\u00e1diz.<\/span><br \/>\n<a href=\"http:\/\/www.renfe.es\/\"><span style=\"font-weight: 400\">www.renfe.es<\/span><\/a><\/div><\/div><\/div>\n\t\t\t<\/div> \n\t\t<\/div>\n\t<\/div> \n<\/div><\/div>\n\t\t<div id=\"fws_69d9142956fce\"  data-column-margin=\"default\" data-midnight=\"dark\" data-top-percent=\"2%\" data-bottom-percent=\"4%\"  class=\"wpb_row vc_row-fluid vc_row\"  style=\"padding-top: calc(100vw * 0.02); padding-bottom: calc(100vw * 0.04); \"><div class=\"row-bg-wrap\" data-bg-animation=\"none\" data-bg-overlay=\"false\"><div class=\"inner-wrap\"><div class=\"row-bg viewport-desktop\"  style=\"\"><\/div><\/div><\/div><div class=\"row_col_wrap_12 col span_12 dark left\">\n\t<div  class=\"vc_col-sm-12 wpb_column column_container vc_column_container col no-extra-padding inherit_tablet inherit_phone\"  data-padding-pos=\"all\" data-has-bg-color=\"false\" data-bg-color=\"\" data-bg-opacity=\"1\" data-animation=\"\" data-delay=\"0\" >\n\t\t<div class=\"vc_column-inner\" >\n\t\t\t<div class=\"wpb_wrapper\">\n\t\t\t\t<div class=\"img-with-aniamtion-wrap center\" data-max-width=\"100%\" data-max-width-mobile=\"default\" data-shadow=\"none\" data-animation=\"fade-in\" >\n      <div class=\"inner\">\n        <div class=\"hover-wrap\"> \n          <div class=\"hover-wrap-inner\">\n            <a href=\"https:\/\/turismodeosuna.es\/wp-content\/uploads\/2022\/06\/Rerverso-Plano22_page-0001.jpg\" class=\"pp center\">\n              <img decoding=\"async\" class=\"img-with-animation skip-lazy\" data-delay=\"0\" height=\"1754\" width=\"2481\" data-animation=\"fade-in\" src=\"https:\/\/turismodeosuna.es\/wp-content\/uploads\/2022\/06\/Rerverso-Plano22_page-0001.jpg\" alt=\"\" srcset=\"https:\/\/turismodeosuna.es\/wp-content\/uploads\/2022\/06\/Rerverso-Plano22_page-0001.jpg 2481w, https:\/\/turismodeosuna.es\/wp-content\/uploads\/2022\/06\/Rerverso-Plano22_page-0001-300x212.jpg 300w, https:\/\/turismodeosuna.es\/wp-content\/uploads\/2022\/06\/Rerverso-Plano22_page-0001-1024x724.jpg 1024w, https:\/\/turismodeosuna.es\/wp-content\/uploads\/2022\/06\/Rerverso-Plano22_page-0001-768x543.jpg 768w, https:\/\/turismodeosuna.es\/wp-content\/uploads\/2022\/06\/Rerverso-Plano22_page-0001-1536x1086.jpg 1536w, https:\/\/turismodeosuna.es\/wp-content\/uploads\/2022\/06\/Rerverso-Plano22_page-0001-2048x1448.jpg 2048w\" sizes=\"(max-width: 2481px) 100vw, 2481px\" \/>\n            <\/a>\n          <\/div>\n        <\/div>\n      <\/div>\n      <\/div>\n\t\t\t<\/div> \n\t\t<\/div>\n\t<\/div> \n<\/div><\/div>","protected":false},"excerpt":{"rendered":"How to arrive The town of Osuna, belonging to the province of Sevilla, is located between the Campi\u00f1a del Guadalquivir and the beginning of the subb\u00e9ticas mountain ranges, which gives...","protected":false},"author":2,"featured_media":0,"parent":0,"menu_order":0,"comment_status":"closed","ping_status":"closed","template":"","meta":{"inline_featured_image":false,"footnotes":""},"class_list":["post-3003","page","type-page","status-publish"],"yoast_head":"<!-- This site is optimized with the Yoast SEO plugin v25.3 - https:\/\/yoast.com\/wordpress\/plugins\/seo\/ -->\n<title>How to arrive - Turismo Osuna<\/title>\n<meta name=\"robots\" content=\"index, follow, max-snippet:-1, max-image-preview:large, max-video-preview:-1\" \/>\n<link rel=\"canonical\" href=\"https:\/\/turismodeosuna.es\/en\/how-to-arrive\/\" \/>\n<meta property=\"og:locale\" content=\"en_GB\" \/>\n<meta property=\"og:type\" content=\"article\" \/>\n<meta property=\"og:title\" content=\"How to arrive - Turismo Osuna\" \/>\n<meta property=\"og:url\" content=\"https:\/\/turismodeosuna.es\/en\/how-to-arrive\/\" \/>\n<meta property=\"og:site_name\" content=\"Turismo Osuna\" \/>\n<meta property=\"article:modified_time\" content=\"2023-03-23T08:55:17+00:00\" \/>\n<meta name=\"twitter:card\" content=\"summary_large_image\" \/>\n<meta name=\"twitter:label1\" content=\"Estimated reading time\" \/>\n\t<meta name=\"twitter:data1\" content=\"3 minutes\" \/>\n<script type=\"application\/ld+json\" class=\"yoast-schema-graph\">{\"@context\":\"https:\/\/schema.org\",\"@graph\":[{\"@type\":\"WebPage\",\"@id\":\"https:\/\/turismodeosuna.es\/how-to-arrive\/\",\"url\":\"https:\/\/turismodeosuna.es\/how-to-arrive\/\",\"name\":\"How to arrive - Turismo Osuna\",\"isPartOf\":{\"@id\":\"https:\/\/turismodeosuna.es\/#website\"},\"datePublished\":\"2022-06-28T09:34:52+00:00\",\"dateModified\":\"2023-03-23T08:55:17+00:00\",\"breadcrumb\":{\"@id\":\"https:\/\/turismodeosuna.es\/how-to-arrive\/#breadcrumb\"},\"inLanguage\":\"en-GB\",\"potentialAction\":[{\"@type\":\"ReadAction\",\"target\":[\"https:\/\/turismodeosuna.es\/how-to-arrive\/\"]}]},{\"@type\":\"BreadcrumbList\",\"@id\":\"https:\/\/turismodeosuna.es\/how-to-arrive\/#breadcrumb\",\"itemListElement\":[{\"@type\":\"ListItem\",\"position\":1,\"name\":\"Portada\",\"item\":\"https:\/\/turismodeosuna.es\/\"},{\"@type\":\"ListItem\",\"position\":2,\"name\":\"How to arrive\"}]},{\"@type\":\"WebSite\",\"@id\":\"https:\/\/turismodeosuna.es\/#website\",\"url\":\"https:\/\/turismodeosuna.es\/\",\"name\":\"Turismo Osuna\",\"description\":\"Turismo de Osuna\",\"potentialAction\":[{\"@type\":\"SearchAction\",\"target\":{\"@type\":\"EntryPoint\",\"urlTemplate\":\"https:\/\/turismodeosuna.es\/?s={search_term_string}\"},\"query-input\":{\"@type\":\"PropertyValueSpecification\",\"valueRequired\":true,\"valueName\":\"search_term_string\"}}],\"inLanguage\":\"en-GB\"}]}<\/script>\n<!-- \/ Yoast SEO plugin. -->","yoast_head_json":{"title":"How to arrive - Turismo Osuna","robots":{"index":"index","follow":"follow","max-snippet":"max-snippet:-1","max-image-preview":"max-image-preview:large","max-video-preview":"max-video-preview:-1"},"canonical":"https:\/\/turismodeosuna.es\/en\/how-to-arrive\/","og_locale":"en_GB","og_type":"article","og_title":"How to arrive - Turismo Osuna","og_url":"https:\/\/turismodeosuna.es\/en\/how-to-arrive\/","og_site_name":"Turismo Osuna","article_modified_time":"2023-03-23T08:55:17+00:00","twitter_card":"summary_large_image","twitter_misc":{"Estimated reading time":"3 minutes"},"schema":{"@context":"https:\/\/schema.org","@graph":[{"@type":"WebPage","@id":"https:\/\/turismodeosuna.es\/how-to-arrive\/","url":"https:\/\/turismodeosuna.es\/how-to-arrive\/","name":"How to arrive - Turismo Osuna","isPartOf":{"@id":"https:\/\/turismodeosuna.es\/#website"},"datePublished":"2022-06-28T09:34:52+00:00","dateModified":"2023-03-23T08:55:17+00:00","breadcrumb":{"@id":"https:\/\/turismodeosuna.es\/how-to-arrive\/#breadcrumb"},"inLanguage":"en-GB","potentialAction":[{"@type":"ReadAction","target":["https:\/\/turismodeosuna.es\/how-to-arrive\/"]}]},{"@type":"BreadcrumbList","@id":"https:\/\/turismodeosuna.es\/how-to-arrive\/#breadcrumb","itemListElement":[{"@type":"ListItem","position":1,"name":"Portada","item":"https:\/\/turismodeosuna.es\/"},{"@type":"ListItem","position":2,"name":"How to arrive"}]},{"@type":"WebSite","@id":"https:\/\/turismodeosuna.es\/#website","url":"https:\/\/turismodeosuna.es\/","name":"Turismo Osuna","description":"Turismo de Osuna","potentialAction":[{"@type":"SearchAction","target":{"@type":"EntryPoint","urlTemplate":"https:\/\/turismodeosuna.es\/?s={search_term_string}"},"query-input":{"@type":"PropertyValueSpecification","valueRequired":true,"valueName":"search_term_string"}}],"inLanguage":"en-GB"}]}},"_links":{"self":[{"href":"https:\/\/turismodeosuna.es\/en\/wp-json\/wp\/v2\/pages\/3003","targetHints":{"allow":["GET"]}}],"collection":[{"href":"https:\/\/turismodeosuna.es\/en\/wp-json\/wp\/v2\/pages"}],"about":[{"href":"https:\/\/turismodeosuna.es\/en\/wp-json\/wp\/v2\/types\/page"}],"author":[{"embeddable":true,"href":"https:\/\/turismodeosuna.es\/en\/wp-json\/wp\/v2\/users\/2"}],"replies":[{"embeddable":true,"href":"https:\/\/turismodeosuna.es\/en\/wp-json\/wp\/v2\/comments?post=3003"}],"version-history":[{"count":5,"href":"https:\/\/turismodeosuna.es\/en\/wp-json\/wp\/v2\/pages\/3003\/revisions"}],"predecessor-version":[{"id":5778,"href":"https:\/\/turismodeosuna.es\/en\/wp-json\/wp\/v2\/pages\/3003\/revisions\/5778"}],"wp:attachment":[{"href":"https:\/\/turismodeosuna.es\/en\/wp-json\/wp\/v2\/media?parent=3003"}],"curies":[{"name":"wp","href":"https:\/\/api.w.org\/{rel}","templated":true}]}}