{"id":3042,"date":"2022-06-28T11:35:56","date_gmt":"2022-06-28T09:35:56","guid":{"rendered":"http:\/\/turismodeosuna.es\/history-of-osuna\/"},"modified":"2023-03-27T01:44:38","modified_gmt":"2023-03-26T23:44:38","slug":"history-of-osuna","status":"publish","type":"page","link":"https:\/\/turismodeosuna.es\/en\/history-of-osuna\/","title":{"rendered":"History of Osuna"},"content":{"rendered":"<div id=\"fws_69d9183c27e8a\"  data-column-margin=\"default\" data-midnight=\"dark\"  class=\"wpb_row vc_row-fluid vc_row full-width-content vc_row-o-equal-height vc_row-flex vc_row-o-content-top\"  style=\"padding-top: 0px; padding-bottom: 0px; \"><div class=\"row-bg-wrap\" data-bg-animation=\"none\" data-bg-overlay=\"false\"><div class=\"inner-wrap\"><div class=\"row-bg viewport-desktop\"  style=\"\"><\/div><\/div><\/div><div class=\"row_col_wrap_12 col span_12 dark left\">\n\t<div  class=\"vc_col-sm-12 wpb_column column_container vc_column_container col no-extra-padding inherit_tablet inherit_phone\"  data-padding-pos=\"all\" data-has-bg-color=\"false\" data-bg-color=\"\" data-bg-opacity=\"1\" data-animation=\"\" data-delay=\"0\" >\n\t\t<div class=\"vc_column-inner\" >\n\t\t\t<div class=\"wpb_wrapper\">\n\t\t\t\t<div class=\"img-with-aniamtion-wrap center\" data-max-width=\"100%\" data-max-width-mobile=\"default\" data-shadow=\"none\" data-animation=\"fade-in\" >\n      <div class=\"inner\">\n        <div class=\"hover-wrap\"> \n          <div class=\"hover-wrap-inner\">\n            <img decoding=\"async\" class=\"img-with-animation skip-lazy\" data-delay=\"0\" height=\"400\" width=\"1920\" data-animation=\"fade-in\" src=\"https:\/\/turismodeosuna.es\/wp-content\/uploads\/2022\/07\/banner-historia-turismoosuna.webp\" alt=\"\" srcset=\"https:\/\/turismodeosuna.es\/wp-content\/uploads\/2022\/07\/banner-historia-turismoosuna.webp 1920w, https:\/\/turismodeosuna.es\/wp-content\/uploads\/2022\/07\/banner-historia-turismoosuna-300x63.webp 300w, https:\/\/turismodeosuna.es\/wp-content\/uploads\/2022\/07\/banner-historia-turismoosuna-1024x213.webp 1024w, https:\/\/turismodeosuna.es\/wp-content\/uploads\/2022\/07\/banner-historia-turismoosuna-768x160.webp 768w, https:\/\/turismodeosuna.es\/wp-content\/uploads\/2022\/07\/banner-historia-turismoosuna-1536x320.webp 1536w\" sizes=\"(max-width: 1920px) 100vw, 1920px\" \/>\n          <\/div>\n        <\/div>\n      <\/div>\n    <\/div><div class=\"img-with-aniamtion-wrap center\" data-max-width=\"100%\" data-max-width-mobile=\"default\" data-shadow=\"none\" data-animation=\"fade-in\" >\n      <div class=\"inner\">\n        <div class=\"hover-wrap\"> \n          <div class=\"hover-wrap-inner\">\n            <img decoding=\"async\" class=\"img-with-animation skip-lazy\" data-delay=\"0\" height=\"215\" width=\"1920\" data-animation=\"fade-in\" src=\"https:\/\/turismodeosuna.es\/wp-content\/uploads\/2022\/06\/sombrabanner-turismodeosuna.png\" alt=\"sombra\" srcset=\"https:\/\/turismodeosuna.es\/wp-content\/uploads\/2022\/06\/sombrabanner-turismodeosuna.png 1920w, https:\/\/turismodeosuna.es\/wp-content\/uploads\/2022\/06\/sombrabanner-turismodeosuna-300x34.png 300w, https:\/\/turismodeosuna.es\/wp-content\/uploads\/2022\/06\/sombrabanner-turismodeosuna-1024x115.png 1024w, https:\/\/turismodeosuna.es\/wp-content\/uploads\/2022\/06\/sombrabanner-turismodeosuna-768x86.png 768w, https:\/\/turismodeosuna.es\/wp-content\/uploads\/2022\/06\/sombrabanner-turismodeosuna-1536x172.png 1536w\" sizes=\"(max-width: 1920px) 100vw, 1920px\" \/>\n          <\/div>\n        <\/div>\n      <\/div>\n    <\/div>\n\t\t\t<\/div> \n\t\t<\/div>\n\t<\/div> \n<\/div><\/div>\n\t\t<div id=\"fws_69d9183c2a31a\"  data-column-margin=\"default\" data-midnight=\"dark\"  class=\"wpb_row vc_row-fluid vc_row vc_row-o-equal-height vc_row-flex vc_row-o-content-middle  top_margin_-4pct top_margin_tablet_5pct top_margin_phone_5pct bottom_margin_tablet_0px\"  style=\"padding-top: 0px; padding-bottom: 0px; \"><div class=\"row-bg-wrap\" data-bg-animation=\"none\" data-bg-overlay=\"false\"><div class=\"inner-wrap\"><div class=\"row-bg viewport-desktop\"  style=\"\"><\/div><\/div><\/div><div class=\"row_col_wrap_12 col span_12 dark left\">\n\t<div  class=\"vc_col-sm-12 wpb_column column_container vc_column_container col no-extra-padding inherit_tablet inherit_phone\"  data-padding-pos=\"all\" data-has-bg-color=\"false\" data-bg-color=\"\" data-bg-opacity=\"1\" data-animation=\"\" data-delay=\"0\" >\n\t\t<div class=\"vc_column-inner\" >\n\t\t\t<div class=\"wpb_wrapper\">\n\t\t\t\t\n<div class=\"wpb_text_column wpb_content_element\" >\n\t<div class=\"wpb_wrapper\">\n\t\t<h1>Osuna in history: <span style=\"font-weight: 100;\">from prehistoric times to the present day<\/span><\/h1>\n\t<\/div>\n<\/div>\n\n\n\n\n\t\t\t<\/div> \n\t\t<\/div>\n\t<\/div> \n<\/div><\/div>\n\t\t<div id=\"fws_69d9183c2a4f7\"  data-column-margin=\"default\" data-midnight=\"dark\"  class=\"wpb_row vc_row-fluid vc_row vc_row-o-equal-height vc_row-flex vc_row-o-content-middle  bottom_margin_6pct top_margin_tablet_5pct top_margin_phone_5pct bottom_margin_tablet_0px\"  style=\"padding-top: 0px; padding-bottom: 0px; \"><div class=\"row-bg-wrap\" data-bg-animation=\"none\" data-bg-overlay=\"false\"><div class=\"inner-wrap\"><div class=\"row-bg viewport-desktop\"  style=\"\"><\/div><\/div><\/div><div class=\"row_col_wrap_12 col span_12 dark left\">\n\t<div  class=\"vc_col-sm-12 wpb_column column_container vc_column_container col no-extra-padding inherit_tablet inherit_phone\"  data-padding-pos=\"all\" data-has-bg-color=\"false\" data-bg-color=\"\" data-bg-opacity=\"1\" data-animation=\"\" data-delay=\"0\" >\n\t\t<div class=\"vc_column-inner\" >\n\t\t\t<div class=\"wpb_wrapper\">\n\t\t\t\t\n<div class=\"wpb_text_column wpb_content_element\" >\n\t<div class=\"wpb_wrapper\">\n\t\t<p><span style=\"font-weight: 400;\">Some historians and geographers from the classical period such as Estrab\u00f3n, Plinio or Ptolomeo have referred to the Roman Urso. Before that, Apiano and Diodoro had written about the presence of Italian troops settled in this turdetan territory in order to fight against the Carthaginians or Viriato. However, in Osuna there were human settlements many centuries before and remains of prehistoric cultures which date back to the first millennium before Christ. The most well known remains were discovered by Engel and Paris in 1903; The \u201cBull\u201d and the \u201cOsuna reliefs\u201d talk about an Iberian civilisation in which the best Mediterranean traditions from the East and Greece lived together.<\/span><\/p>\n<p><span style=\"font-weight: 400;\">The appearance of Rome entailed a radical change in all areas. After the battle of Munda, Urso became the last Pompeian stronghold against the Caesar troops during the civil war in which both sides fought for the hegemony of the Republic. \u201cUrso\u201d was turned into Colonia Genitiva Iulia by Caesar, receiving its own colonial law. These fragments, named \u201cOsuna bronzes\u201d, are exceptional legal documents from that period. The town became one of the main developed centres of Betica Roma. Some remains of its former splendour are the following: the ruins of the Roman Forum, the Roman Theatre or the Roman necropolis.<\/span><\/p>\n<p><span style=\"font-weight: 400;\">Hardly any remains of visigothic domination are preserved. preserved. The crisis of the Low Roman Empire gave rise to barbarian dynasties that divided the enormous Roman territory into smaller kingdoms. Un mundo cada vez m\u00e1s ruralizado se va imponiendo sobre la vieja civilizaci\u00f3n urbana latina.<\/span><\/p>\n<p><span style=\"font-weight: 400;\">With the arrival of Muslims at the beginning of the 8th century, the panorama changed drastically. The administrative and territorial structure of Osuna existing since Constantino times was not modified by the new lords. At the beginning of the 10th century \u00dbsuna acquired the status of Cora, becoming independent from \u00c9cija and the town lived some splendourous times. It ceased to be a fortified enclave and started having the appearance of a town. From the Islamic period we only preserve some remains of the defensive complex of the town such as the so called Water Tower and the thick walls of the ancient fortress for over two centuries of borders wars <\/span><\/p>\n\t<\/div>\n<\/div>\n\n\n\n<div class=\"nectar_image_with_hotspots\" data-stlye=\"color_pulse\" data-hotspot-icon=\"plus_sign\" data-size=\"medium\" data-color=\"accent-color\" data-tooltip-func=\"hover\" data-tooltip_shadow=\"none\" data-animation=\"\"><img decoding=\"async\" width=\"800\" height=\"521\" data-src=\"https:\/\/turismodeosuna.es\/wp-content\/uploads\/2022\/07\/bronces-de-Osuna-museo-arqueolo\u0301gico.webp\" class=\"attachment-full size-full lazyload\" alt=\"\" data-srcset=\"https:\/\/turismodeosuna.es\/wp-content\/uploads\/2022\/07\/bronces-de-Osuna-museo-arqueolo\u0301gico.webp 800w, https:\/\/turismodeosuna.es\/wp-content\/uploads\/2022\/07\/bronces-de-Osuna-museo-arqueolo\u0301gico-300x195.webp 300w, https:\/\/turismodeosuna.es\/wp-content\/uploads\/2022\/07\/bronces-de-Osuna-museo-arqueolo\u0301gico-768x500.webp 768w\" data-sizes=\"(max-width: 800px) 100vw, 800px\" src=\"data:image\/gif;base64,R0lGODlhAQABAAAAACH5BAEKAAEALAAAAAABAAEAAAICTAEAOw==\" style=\"--smush-placeholder-width: 800px; --smush-placeholder-aspect-ratio: 800\/521;\" \/><div class=\"nectar_hotspot_wrap\" style=\"top: 30.491%; left: 27.2997%;\"><div class=\"nectar_hotspot\"><span><\/span><\/div><div class=\"nttip\" data-tooltip-position=\"bottom\"><div class=\"inner\">Latin writings on bronze<\/div><\/div><\/div><\/div>\n<div class=\"wpb_text_column wpb_content_element\" >\n\t<div class=\"wpb_wrapper\">\n\t\t<p><span style=\"font-weight: 400;\">The later urban development can help us explain the moderation of the remains from that period. In 1240, Fernando III took possession of the town, which did not entail any significant alteration of the population in the first phase. After 1264, during the Mudejar rebellion the greatest transformations were produced. The muslisms were expelled from the town and the fortress was taken by the Order of Calatrava, as an important enclave, necessary to defend a sector called \u201cBanda morisca\u201d. After two centuries of a hard border life, a transcendental event takes place in 1464. Pedro Gir\u00f3n takes possession of Osuna and turns it into the capital of his noble state which was consolidated to his son Alfonso T\u00e9llez Gir\u00f3n, first count of Ure\u00f1a. The destiny of this town is linked to this family and its appearance will be largely the result of the action of this aristocratic lineage. Los Girones comienzan por poner en ejecuci\u00f3n un elaborado programa constructivo tendente a dotar de un aparato simb\u00f3lico, que refleje la imagen deseada por los se\u00f1ores. In that time, Osuna turned into a court focus. The former Alcazaba (Moorish fortification) was remodeled at the beginning of the 16th century. The medieval parish church of Santa Mar\u00eda was replaced by the magnificent Renaissance building of the Colegiata de la Asunci\u00f3n, which was completed with the chapel of the Holy Sepulchre, one of the most interesting examples of the 16th century. The counts of Ure\u00f1a (Juan, Pedro and Juan) hired the best artists of that time who were gathered in Sevilla. Among the artists directly related to this parish church we can mention Diego de Ria\u00f1o, Mart\u00edn Ga\u00ednza, Hernando de Esturmio, Roque Balduque, Luis de Morales, Arnao de Vergara, Juan de Zamora, etc. The entire ornamental display was completed thanks to the donation by Catalina Enr\u00edquez de Ribera, consisting of five magnificent paintings by Jos\u00e9 de Ribera and a carving of Cristo de la Misericordia by Juan de Mesa.<\/span><\/p>\n<p><span style=\"font-weight: 400;\">The town\u2019s group of monuments will be completed with the University and the hospital of the Encarnaci\u00f3n, both founded by the IV Count of Ure\u00f1a, father of the First Duke of Osuna. This title was given to the Gir\u00f3n family in 1562 by King Phillip the II. At the same time of this aristocratic rising, the House of Osuna tends to connect with the royal court. Its presence in the town becomes less and less usual. Finally, the era of foundations, carried out by the work of Juan T\u00e9llez Gir\u00f3n, who transformed the religious aspect of the town, seems to be over. At the same time of this building process, in the 16th century the town exceeds the limits of the old medieval wall and spreads outside. In this century, the urban framework is mainly established, and the different religious establishments are set: San Francisco, La Concepci\u00f3n, Santa Clara, San Pedro, el Esp\u00edritu Santo and Santa Catalina. This list will be complete in the 17th century with the convent of Jesuits \u2013San Carlos el Real-, la Merced, las Descalzas and the hermitage of the town\u2019s patron saint, San Arcadio.<\/span><\/p>\n<p><span style=\"font-weight: 400;\">In the 17th and mainly in the 18th century, there is a rise of the local aristocracy and big landowners. They will be responsible of the baroque style in the streets of the town, especially in San Pedro, Sevilla and La Huerta streets. There are some examples of palaces and ancient noble houses from the Renaissance, but the large mansions from the 18th century are the ones which will set the standards of the Osuna\u2019s civil architecture. The Cepeda, Torres, Govantes, Rosso, Tamayo and other families will try to demonstrate their wealth with decorated stone facades. The Marqu\u00e9s de la Gomera Palace is undoubtedly its main exponent: its facade, with two colonnade blocks, is crowned with the aristocratic coat of arms. The mixtilinear contour of the ledge disappears on the corner of the viewpoint tower. It is the baroque style with a great load of movement. The religious class also takes part in this ornamental competition. Two of the best examples are the Cilla del Cabildo and the Merced Tower, both buildings designed by the Ruiz Florindo family in the last quarter of the 18th century. The imagination on the facades needs to be highlighted, especially on the Merced Tower. Classic elements are modified with the only limit of the stone\u2019s utility. <\/span><\/p>\n<p><span style=\"font-weight: 400;\">Osuna did not profit from the development of the 60s of the 20th century. The emigration impeded the construction of factories and the town centre was barely modified. The town kept depending on the agricultural sector, which supposed harsh living conditions but allowed us to preserve a patrimony, amassed during centuries and examples of former nobility, so that any art and beauty lover can enjoy it nowadays.<\/span><\/p>\n\t<\/div>\n<\/div>\n\n\n\n<div class=\"img-with-aniamtion-wrap center custom-size\" data-max-width=\"100%\" data-max-width-mobile=\"default\" data-shadow=\"none\" data-animation=\"fade-in\" >\n      <div class=\"inner\">\n        <div class=\"hover-wrap\"> \n          <div class=\"hover-wrap-inner\">\n            <img decoding=\"async\" class=\"img-with-animation skip-lazy\" data-delay=\"0\" height=\"533\" width=\"800\" data-animation=\"fade-in\" src=\"https:\/\/turismodeosuna.es\/wp-content\/uploads\/2022\/07\/Palacio-del-Marques-de-la-Gomera.webp\" alt=\"\" srcset=\"https:\/\/turismodeosuna.es\/wp-content\/uploads\/2022\/07\/Palacio-del-Marques-de-la-Gomera.webp 800w, https:\/\/turismodeosuna.es\/wp-content\/uploads\/2022\/07\/Palacio-del-Marques-de-la-Gomera-300x200.webp 300w, https:\/\/turismodeosuna.es\/wp-content\/uploads\/2022\/07\/Palacio-del-Marques-de-la-Gomera-768x512.webp 768w, https:\/\/turismodeosuna.es\/wp-content\/uploads\/2022\/07\/Palacio-del-Marques-de-la-Gomera-391x260.webp 391w\" sizes=\"(max-width: 800px) 100vw, 800px\" \/>\n          <\/div>\n        <\/div>\n      <\/div>\n    <\/div>\n\t\t\t<\/div> \n\t\t<\/div>\n\t<\/div> \n<\/div><\/div>","protected":false},"excerpt":{"rendered":"Osuna in history: from prehistoric times to the present day Some historians and geographers from the classical period such as Estrab\u00f3n, Plinio or Ptolomeo have referred to the Roman Urso....","protected":false},"author":2,"featured_media":0,"parent":0,"menu_order":0,"comment_status":"closed","ping_status":"closed","template":"","meta":{"inline_featured_image":false,"footnotes":""},"class_list":["post-3042","page","type-page","status-publish"],"yoast_head":"<!-- This site is optimized with the Yoast SEO plugin v25.3 - https:\/\/yoast.com\/wordpress\/plugins\/seo\/ -->\n<title>History of Osuna - Turismo Osuna<\/title>\n<meta name=\"robots\" content=\"index, follow, max-snippet:-1, max-image-preview:large, max-video-preview:-1\" \/>\n<link rel=\"canonical\" href=\"https:\/\/turismodeosuna.es\/en\/history-of-osuna\/\" \/>\n<meta property=\"og:locale\" content=\"en_GB\" \/>\n<meta property=\"og:type\" content=\"article\" \/>\n<meta property=\"og:title\" content=\"History of Osuna - Turismo Osuna\" \/>\n<meta property=\"og:url\" content=\"https:\/\/turismodeosuna.es\/en\/history-of-osuna\/\" \/>\n<meta property=\"og:site_name\" content=\"Turismo Osuna\" \/>\n<meta property=\"article:modified_time\" content=\"2023-03-26T23:44:38+00:00\" \/>\n<meta name=\"twitter:card\" content=\"summary_large_image\" \/>\n<meta name=\"twitter:label1\" content=\"Estimated reading time\" \/>\n\t<meta name=\"twitter:data1\" content=\"7 minutes\" \/>\n<script type=\"application\/ld+json\" class=\"yoast-schema-graph\">{\"@context\":\"https:\/\/schema.org\",\"@graph\":[{\"@type\":\"WebPage\",\"@id\":\"https:\/\/turismodeosuna.es\/history-of-osuna\/\",\"url\":\"https:\/\/turismodeosuna.es\/history-of-osuna\/\",\"name\":\"History of Osuna - Turismo Osuna\",\"isPartOf\":{\"@id\":\"https:\/\/turismodeosuna.es\/#website\"},\"datePublished\":\"2022-06-28T09:35:56+00:00\",\"dateModified\":\"2023-03-26T23:44:38+00:00\",\"breadcrumb\":{\"@id\":\"https:\/\/turismodeosuna.es\/history-of-osuna\/#breadcrumb\"},\"inLanguage\":\"en-GB\",\"potentialAction\":[{\"@type\":\"ReadAction\",\"target\":[\"https:\/\/turismodeosuna.es\/history-of-osuna\/\"]}]},{\"@type\":\"BreadcrumbList\",\"@id\":\"https:\/\/turismodeosuna.es\/history-of-osuna\/#breadcrumb\",\"itemListElement\":[{\"@type\":\"ListItem\",\"position\":1,\"name\":\"Portada\",\"item\":\"https:\/\/turismodeosuna.es\/\"},{\"@type\":\"ListItem\",\"position\":2,\"name\":\"History of Osuna\"}]},{\"@type\":\"WebSite\",\"@id\":\"https:\/\/turismodeosuna.es\/#website\",\"url\":\"https:\/\/turismodeosuna.es\/\",\"name\":\"Turismo Osuna\",\"description\":\"Turismo de Osuna\",\"potentialAction\":[{\"@type\":\"SearchAction\",\"target\":{\"@type\":\"EntryPoint\",\"urlTemplate\":\"https:\/\/turismodeosuna.es\/?s={search_term_string}\"},\"query-input\":{\"@type\":\"PropertyValueSpecification\",\"valueRequired\":true,\"valueName\":\"search_term_string\"}}],\"inLanguage\":\"en-GB\"}]}<\/script>\n<!-- \/ Yoast SEO plugin. -->","yoast_head_json":{"title":"History of Osuna - Turismo Osuna","robots":{"index":"index","follow":"follow","max-snippet":"max-snippet:-1","max-image-preview":"max-image-preview:large","max-video-preview":"max-video-preview:-1"},"canonical":"https:\/\/turismodeosuna.es\/en\/history-of-osuna\/","og_locale":"en_GB","og_type":"article","og_title":"History of Osuna - Turismo Osuna","og_url":"https:\/\/turismodeosuna.es\/en\/history-of-osuna\/","og_site_name":"Turismo Osuna","article_modified_time":"2023-03-26T23:44:38+00:00","twitter_card":"summary_large_image","twitter_misc":{"Estimated reading time":"7 minutes"},"schema":{"@context":"https:\/\/schema.org","@graph":[{"@type":"WebPage","@id":"https:\/\/turismodeosuna.es\/history-of-osuna\/","url":"https:\/\/turismodeosuna.es\/history-of-osuna\/","name":"History of Osuna - Turismo Osuna","isPartOf":{"@id":"https:\/\/turismodeosuna.es\/#website"},"datePublished":"2022-06-28T09:35:56+00:00","dateModified":"2023-03-26T23:44:38+00:00","breadcrumb":{"@id":"https:\/\/turismodeosuna.es\/history-of-osuna\/#breadcrumb"},"inLanguage":"en-GB","potentialAction":[{"@type":"ReadAction","target":["https:\/\/turismodeosuna.es\/history-of-osuna\/"]}]},{"@type":"BreadcrumbList","@id":"https:\/\/turismodeosuna.es\/history-of-osuna\/#breadcrumb","itemListElement":[{"@type":"ListItem","position":1,"name":"Portada","item":"https:\/\/turismodeosuna.es\/"},{"@type":"ListItem","position":2,"name":"History of Osuna"}]},{"@type":"WebSite","@id":"https:\/\/turismodeosuna.es\/#website","url":"https:\/\/turismodeosuna.es\/","name":"Turismo Osuna","description":"Turismo de Osuna","potentialAction":[{"@type":"SearchAction","target":{"@type":"EntryPoint","urlTemplate":"https:\/\/turismodeosuna.es\/?s={search_term_string}"},"query-input":{"@type":"PropertyValueSpecification","valueRequired":true,"valueName":"search_term_string"}}],"inLanguage":"en-GB"}]}},"_links":{"self":[{"href":"https:\/\/turismodeosuna.es\/en\/wp-json\/wp\/v2\/pages\/3042","targetHints":{"allow":["GET"]}}],"collection":[{"href":"https:\/\/turismodeosuna.es\/en\/wp-json\/wp\/v2\/pages"}],"about":[{"href":"https:\/\/turismodeosuna.es\/en\/wp-json\/wp\/v2\/types\/page"}],"author":[{"embeddable":true,"href":"https:\/\/turismodeosuna.es\/en\/wp-json\/wp\/v2\/users\/2"}],"replies":[{"embeddable":true,"href":"https:\/\/turismodeosuna.es\/en\/wp-json\/wp\/v2\/comments?post=3042"}],"version-history":[{"count":3,"href":"https:\/\/turismodeosuna.es\/en\/wp-json\/wp\/v2\/pages\/3042\/revisions"}],"predecessor-version":[{"id":6362,"href":"https:\/\/turismodeosuna.es\/en\/wp-json\/wp\/v2\/pages\/3042\/revisions\/6362"}],"wp:attachment":[{"href":"https:\/\/turismodeosuna.es\/en\/wp-json\/wp\/v2\/media?parent=3042"}],"curies":[{"name":"wp","href":"https:\/\/api.w.org\/{rel}","templated":true}]}}