{"id":3340,"date":"2022-07-28T07:39:08","date_gmt":"2022-07-28T05:39:08","guid":{"rendered":"http:\/\/turismodeosuna.es\/ermitas\/"},"modified":"2023-03-28T10:44:34","modified_gmt":"2023-03-28T08:44:34","slug":"einsiedelei","status":"publish","type":"page","link":"https:\/\/turismodeosuna.es\/en\/einsiedelei\/","title":{"rendered":"Einsiedelei"},"content":{"rendered":"<div id=\"fws_69d91427f2f8e\"  data-column-margin=\"default\" data-midnight=\"dark\"  class=\"wpb_row vc_row-fluid vc_row full-width-content vc_row-o-equal-height vc_row-flex vc_row-o-content-top\"  style=\"padding-top: 0px; padding-bottom: 0px; \"><div class=\"row-bg-wrap\" data-bg-animation=\"none\" data-bg-overlay=\"false\"><div class=\"inner-wrap\"><div class=\"row-bg viewport-desktop\"  style=\"\"><\/div><\/div><\/div><div class=\"row_col_wrap_12 col span_12 dark left\">\n\t<div  class=\"vc_col-sm-12 wpb_column column_container vc_column_container col no-extra-padding inherit_tablet inherit_phone\"  data-padding-pos=\"all\" data-has-bg-color=\"false\" data-bg-color=\"\" data-bg-opacity=\"1\" data-animation=\"\" data-delay=\"0\" >\n\t\t<div class=\"vc_column-inner\" >\n\t\t\t<div class=\"wpb_wrapper\">\n\t\t\t\t<div class=\"img-with-aniamtion-wrap center\" data-max-width=\"100%\" data-max-width-mobile=\"default\" data-shadow=\"none\" data-animation=\"fade-in\" >\n      <div class=\"inner\">\n        <div class=\"hover-wrap\"> \n          <div class=\"hover-wrap-inner\">\n            <img decoding=\"async\" class=\"img-with-animation skip-lazy\" data-delay=\"0\" height=\"400\" width=\"1920\" data-animation=\"fade-in\" src=\"https:\/\/turismodeosuna.es\/wp-content\/uploads\/2022\/08\/ermita.jpg\" alt=\"\" srcset=\"https:\/\/turismodeosuna.es\/wp-content\/uploads\/2022\/08\/ermita.jpg 1920w, https:\/\/turismodeosuna.es\/wp-content\/uploads\/2022\/08\/ermita-300x63.jpg 300w, https:\/\/turismodeosuna.es\/wp-content\/uploads\/2022\/08\/ermita-1024x213.jpg 1024w, https:\/\/turismodeosuna.es\/wp-content\/uploads\/2022\/08\/ermita-768x160.jpg 768w, https:\/\/turismodeosuna.es\/wp-content\/uploads\/2022\/08\/ermita-1536x320.jpg 1536w\" sizes=\"(max-width: 1920px) 100vw, 1920px\" \/>\n          <\/div>\n        <\/div>\n      <\/div>\n    <\/div><div class=\"img-with-aniamtion-wrap center\" data-max-width=\"100%\" data-max-width-mobile=\"default\" data-shadow=\"none\" data-animation=\"fade-in\" >\n      <div class=\"inner\">\n        <div class=\"hover-wrap\"> \n          <div class=\"hover-wrap-inner\">\n            <img decoding=\"async\" class=\"img-with-animation skip-lazy\" data-delay=\"0\" height=\"100\" width=\"1920\" data-animation=\"fade-in\" src=\"https:\/\/turismodeosuna.es\/wp-content\/uploads\/2022\/07\/sombrabanner-turismodeosuna-estrecho.jpg\" alt=\"\" srcset=\"https:\/\/turismodeosuna.es\/wp-content\/uploads\/2022\/07\/sombrabanner-turismodeosuna-estrecho.jpg 1920w, https:\/\/turismodeosuna.es\/wp-content\/uploads\/2022\/07\/sombrabanner-turismodeosuna-estrecho-300x16.jpg 300w, https:\/\/turismodeosuna.es\/wp-content\/uploads\/2022\/07\/sombrabanner-turismodeosuna-estrecho-1024x53.jpg 1024w, https:\/\/turismodeosuna.es\/wp-content\/uploads\/2022\/07\/sombrabanner-turismodeosuna-estrecho-768x40.jpg 768w, https:\/\/turismodeosuna.es\/wp-content\/uploads\/2022\/07\/sombrabanner-turismodeosuna-estrecho-1536x80.jpg 1536w\" sizes=\"(max-width: 1920px) 100vw, 1920px\" \/>\n          <\/div>\n        <\/div>\n      <\/div>\n    <\/div>\n\t\t\t<\/div> \n\t\t<\/div>\n\t<\/div> \n<\/div><\/div>\n\t\t<div id=\"fws_69d91427f3895\"  data-column-margin=\"default\" data-midnight=\"dark\" data-bottom-percent=\"4%\"  class=\"wpb_row vc_row-fluid vc_row\"  style=\"padding-top: 0px; padding-bottom: calc(100vw * 0.04); \"><div class=\"row-bg-wrap\" data-bg-animation=\"none\" data-bg-overlay=\"false\"><div class=\"inner-wrap\"><div class=\"row-bg viewport-desktop\"  style=\"\"><\/div><\/div><\/div><div class=\"row_col_wrap_12 col span_12 dark left\">\n\t<div  class=\"vc_col-sm-12 wpb_column column_container vc_column_container col no-extra-padding inherit_tablet inherit_phone\"  data-padding-pos=\"all\" data-has-bg-color=\"false\" data-bg-color=\"\" data-bg-opacity=\"1\" data-animation=\"\" data-delay=\"0\" >\n\t\t<div class=\"vc_column-inner\" >\n\t\t\t<div class=\"wpb_wrapper\">\n\t\t\t\t\n<div class=\"wpb_text_column wpb_content_element\" >\n\t<div class=\"wpb_wrapper\">\n\t\t<p><span style=\"color: #3c3c36;\"><span style=\"font-family: montserrat, serif;\"><span style=\"font-size: xx-large;\"><b>Einsiedelei<\/b><\/span><\/span><\/span><\/p>\n\t<\/div>\n<\/div>\n\n\n\n\n\t<div class=\"wpb_content_element\" data-interval=\"0\">\n\t\t<div class=\"wpb_wrapper tabbed clearfix\" data-style=\"vertical\" data-spacing=\"\" data-icon-size=\"\" data-full-width-line=\"\" data-color-scheme=\"accent-color\" data-alignment=\"left\">\n\t\t\t<ul class=\"wpb_tabs_nav ui-tabs-nav clearfix\"><li><a href=\"#tab-1679992930334-4\" class=\"active-tab\"><span>EINSIEDELEI MAR\u00cdA AUXILIADORA<\/span><\/a><\/li><li><a href=\"#tab-1679992930412-3\" ><span>EINSIEDELEI NUESTRA SE\u00d1ORA DE CONSOLACI\u00d3N DEL CALVARIO<\/span><\/a><\/li><li><a href=\"#tab-1679992930455-0\" ><span>EINSIEDELEI SAN ARCADIO<\/span><\/a><\/li><li><a href=\"#tab-1679992930501-1\" ><span>EINSIEDELEI SANTA ANA<\/span><\/a><\/li><\/ul>\n\n\t\t\t\n\t\t\t<div id=\"tab-einsiedelei-maria-auxiliadora\" data-tab-icon=\"\" class=\"wpb_tab ui-tabs-panel wpb_ui-tabs-hide clearfix\">\n\t\t\t\t\n<div class=\"wpb_text_column wpb_content_element\" >\n\t<div class=\"wpb_wrapper\">\n\t\t<p><span style=\"color: #3c3c36;\"><span style=\"font-family: montserrat, serif;\"><span style=\"font-size: xx-large;\"><b>EINSIEDELEI MAR\u00cdA AUXILIADORA<\/b><\/span><\/span><\/span><\/p>\n<p>Die Einsiedelei befindet sich in\u00a0<strong>Puerto de la Encina<\/strong>, einem kleinen Dorf in der Gemeinde Osuna mit einer Zahl von 334 Einwohnern.<\/p>\n<p>Das Dorf liegt 15 Kilometer von Osuna entfernt.<\/p>\n<p>Die Einsiedelei befindet sich auf einem st\u00e4dtischen Grundst\u00fcck an der Kreuzung der Stra\u00dfen Levante und Llana. Sie ist klein und umgeben von einem \u00f6ffentlichen Platz, an dem sich einst ein Mehrzweckgeb\u00e4ude befand, das als Veranstaltungssaal, Kapelle und Erste- Hilfe Raum diente.<\/p>\n\t<\/div>\n<\/div>\n\n\n\n\n\t<div class=\"wpb_gallery wpb_content_element clearfix\">\n\t\t<div class=\"wpb_wrapper\"><div class=\"wpb_gallery_slidesflickity_style\" data-onclick=\"link_image\" data-interval=\"5\"><div class=\"nectar-flickity not-initialized\"  data-touch-icon-color=\"default\" data-stagger=\"\" data-drag-scale=\"\" data-overflow=\"hidden\" data-wrap=\"wrap\" data-spacing=\"default\" data-shadow=\"none\" data-autoplay=\"\" data-autoplay-dur=\"\" data-free-scroll=\"\" data-controls=\"next_prev_arrows_overlaid\" data-desktop-columns=\"1\" data-small-desktop-columns=\"1\" data-tablet-columns=\"1\" data-phone-columns=\"1\"><div class=\"flickity-viewport\"> <div class=\"flickity-slider\"><div class=\"cell\" data-lazy=\"false\"><img decoding=\"async\" class=\"skip-lazy nectar-lazy\" src=\"https:\/\/turismodeosuna.es\/wp-content\/uploads\/2022\/07\/Iglesia-Puerto-de-la-Encina-600x400.webp\" width=\"600\" height=\"400\" alt=\"Iglesia Puerto de la Encina\" title=\"Iglesia Puerto de la Encina\" \/><a class=\"entire-slide-link\"  href=\"https:\/\/turismodeosuna.es\/wp-content\/uploads\/2022\/07\/Iglesia-Puerto-de-la-Encina.webp\"><\/a><\/div><div class=\"cell\" data-lazy=\"false\"><img decoding=\"async\" class=\"skip-lazy nectar-lazy\" src=\"https:\/\/turismodeosuna.es\/wp-content\/uploads\/2022\/07\/interior-ermita-puerto-encina-DSC_6964-600x400.webp\" width=\"600\" height=\"400\" alt=\"interior ermita puerto encina DSC_6964\" title=\"interior ermita puerto encina DSC_6964\" \/><a class=\"entire-slide-link\"  href=\"https:\/\/turismodeosuna.es\/wp-content\/uploads\/2022\/07\/interior-ermita-puerto-encina-DSC_6964.webp\"><\/a><\/div><div class=\"cell\" data-lazy=\"false\"><img decoding=\"async\" class=\"skip-lazy nectar-lazy\" src=\"https:\/\/turismodeosuna.es\/wp-content\/uploads\/2022\/07\/exterior-ermita-puerto-encina-DSC_6936-600x400.webp\" width=\"600\" height=\"400\" alt=\"exterior ermita puerto encina DSC_6936\" title=\"exterior ermita puerto encina DSC_6936\" \/><a class=\"entire-slide-link\"  href=\"https:\/\/turismodeosuna.es\/wp-content\/uploads\/2022\/07\/exterior-ermita-puerto-encina-DSC_6936.webp\"><\/a><\/div><\/div><\/div><\/div><\/div>\n\t\t<\/div> \n\t<\/div> \n\t\t\t<\/div> \n\t\t\t<div id=\"tab-einsiedelei-nuestra-senora-de-consolacion-del-calvario\" data-tab-icon=\"\" class=\"wpb_tab ui-tabs-panel wpb_ui-tabs-hide clearfix\">\n\t\t\t\t\n<div class=\"wpb_text_column wpb_content_element\" >\n\t<div class=\"wpb_wrapper\">\n\t\t<p><span style=\"color: #3c3c36;\"><span style=\"font-family: montserrat, serif;\"><span style=\"font-size: xx-large;\"><b>EINSIEDELEI NUESTRA SE\u00d1ORA DE CONSOLACI\u00d3N DEL CALVARIO<\/b><\/span><\/span><\/span><\/p>\n<p>Die erste Wallfahrt mit einer Vielzahl von Pilgern ereignet sich im Jahre 1988. Erst im Jahre 1996 erh\u00e4lt sie offiziellen Charakter und es wird der genaue Ablauf festgelegt. Seit dem, findet eine Wallfahrt zu einem Grundst\u00fcck in der Sierra statt, das als El Calvario bekannt ist und der Kirchengemeinde geh\u00f6rt. Es befindet sich in der N\u00e4he des H\u00fcgels und den Ruinen des ehemaligen Klosters Recoletos. Die Enklave liegt etwa 8 Kilometer entfernt, entlang der Landstra\u00dfe Mart\u00edn de Jarra. In den 90er Jahren wurde dort die Einsiedelei errichtet. Ein Kuriosum ist, dass die ersten Gelder f\u00fcr ihren Bau aus der Verlosung einer Wassermelone w\u00e4hrend einer Wallfahrt stammen.<\/p>\n\t<\/div>\n<\/div>\n\n\n\n<div class=\"img-with-aniamtion-wrap center\" data-max-width=\"75%\" data-max-width-mobile=\"default\" data-shadow=\"none\" data-animation=\"fade-in\" >\n      <div class=\"inner\">\n        <div class=\"hover-wrap\"> \n          <div class=\"hover-wrap-inner\">\n            <img decoding=\"async\" class=\"img-with-animation skip-lazy\" data-delay=\"0\" height=\"600\" width=\"800\" data-animation=\"fade-in\" src=\"https:\/\/turismodeosuna.es\/wp-content\/uploads\/2022\/07\/ERMITA-NUESTRA-SENORA-DE-CONSOLACION-.webp\" alt=\"\" srcset=\"https:\/\/turismodeosuna.es\/wp-content\/uploads\/2022\/07\/ERMITA-NUESTRA-SENORA-DE-CONSOLACION-.webp 800w, https:\/\/turismodeosuna.es\/wp-content\/uploads\/2022\/07\/ERMITA-NUESTRA-SENORA-DE-CONSOLACION--300x225.webp 300w, https:\/\/turismodeosuna.es\/wp-content\/uploads\/2022\/07\/ERMITA-NUESTRA-SENORA-DE-CONSOLACION--768x576.webp 768w\" sizes=\"(max-width: 800px) 100vw, 800px\" \/>\n          <\/div>\n        <\/div>\n      <\/div>\n    <\/div>\n\t\t\t<\/div> \n\t\t\t<div id=\"tab-einsiedelei-san-arcadio\" data-tab-icon=\"\" class=\"wpb_tab ui-tabs-panel wpb_ui-tabs-hide clearfix\">\n\t\t\t\t\n<div class=\"wpb_text_column wpb_content_element\" >\n\t<div class=\"wpb_wrapper\">\n\t\t<p><span style=\"color: #3c3c36;\"><span style=\"font-family: montserrat, serif;\"><span style=\"font-size: xx-large;\"><b>EINSIEDELEI SAN ARCADIO<\/b><\/span><\/span><\/span><\/p>\n<p><span style=\"color: #3c3c36;\"><span style=\"font-family: Helvetica, serif;\"><span style=\"font-size: medium;\"><b>17.Jahrhundert. Sie ist dem Schutzheiligen der Stadt Osuna, dem Heiligen Arcadio gewidmet. Eintritt frei.<\/b><\/span><\/span><\/span><\/p>\n<p>Diese Einsiedelei ist dem Schutzheiligen der Stadt gewidmet und die Wallfahrt findet jedes Jahr am 12. Januar statt.<\/p>\n<p>Die Kirche entstand im 17. Jahrhundert und wurde im 18. Jahrhundert umgebaut. Sie verf\u00fcgt \u00fcber ein Hauptschiff mit Tonnengew\u00f6lbe und einer Kuppel mit H\u00e4ngezwickeln \u00fcber der Vierung.<\/p>\n<p>Die Seitenmauern zieren Reihen von Pilastern, die das Gesims st\u00fctzen und \u00fcber dem \u00fcppige Stuckarbeiten angebracht sind. In den H\u00e4ngezwickeln der Kuppel sind Bord\u00fcren mit Floralmuster zu sehen, die das Stadtwappen einrahmen.<\/p>\n<p>Im Altarraum befindet sich das Hauptretabel, ein Werk aus der Mitte des 18. Jahrhunderts im Barock- Stil. Seine verschiedenen Reliefs zeigen das Martyrium verschiedener Schutzheiligen von Osuna. In der Hauptaltarnische finden wir San Arcadio, den Schutzheiligen der Stadt.<\/p>\n<p>In den Seiteng\u00e4ngen der Vierung sind zwei Altarbilder des zweiten Viertels des 18. Jahrhunderts zu sehen. In den Mauernischen stehen Darstellungen der Heiligen Familie und des Tobias mit Engeln. An den W\u00e4nden der Seiteng\u00e4nge finden wir Malereien mit Stuckrahmen im Barock Stil aus dem 18. Jahrhundert.<\/p>\n<p>Auf den Kirchenmauern sind verschiedene Darstellungen eines Apostolats zu sehen, die auf die Mitte des 17. Jahrhunderts zur\u00fcckgehen.<\/p>\n<p>Heute befindet sich hier die st\u00e4dtische Schule der Sekundarstufe.<\/p>\n\t<\/div>\n<\/div>\n\n\n\n\n\t<div class=\"wpb_gallery wpb_content_element clearfix\">\n\t\t<div class=\"wpb_wrapper\"><div class=\"wpb_gallery_slidesflickity_style\" data-onclick=\"link_no\" data-interval=\"5\"><div class=\"nectar-flickity not-initialized\"  data-touch-icon-color=\"default\" data-stagger=\"\" data-drag-scale=\"\" data-overflow=\"hidden\" data-wrap=\"wrap\" data-spacing=\"default\" data-shadow=\"none\" data-autoplay=\"\" data-autoplay-dur=\"\" data-free-scroll=\"\" data-controls=\"next_prev_arrows_overlaid\" data-desktop-columns=\"1\" data-small-desktop-columns=\"1\" data-tablet-columns=\"1\" data-phone-columns=\"1\"><div class=\"flickity-viewport\"> <div class=\"flickity-slider\"><div class=\"cell\" data-lazy=\"false\"><img decoding=\"async\" class=\"skip-lazy nectar-lazy\" src=\"https:\/\/turismodeosuna.es\/wp-content\/uploads\/2022\/07\/Exterior-ermita-san-arcadio-600x400.webp\" width=\"600\" height=\"400\" alt=\"Exterior ermita san arcadio\" title=\"Exterior ermita san arcadio\" \/><\/div><div class=\"cell\" data-lazy=\"false\"><img decoding=\"async\" class=\"skip-lazy nectar-lazy\" src=\"https:\/\/turismodeosuna.es\/wp-content\/uploads\/2022\/07\/interior-ermita-San-arcadio-600x400.webp\" width=\"600\" height=\"400\" alt=\"interior ermita San arcadio\" title=\"interior ermita San arcadio\" \/><\/div><\/div><\/div><\/div><\/div>\n\t\t<\/div> \n\t<\/div> \n\t\t\t<\/div> \n\t\t\t<div id=\"tab-einsiedelei-santa-ana\" data-tab-icon=\"\" class=\"wpb_tab ui-tabs-panel wpb_ui-tabs-hide clearfix\">\n\t\t\t\t\n<div class=\"wpb_text_column wpb_content_element\" >\n\t<div class=\"wpb_wrapper\">\n\t\t<p><span style=\"color: #3c3c36;\"><span style=\"font-family: montserrat, serif;\"><span style=\"font-size: xx-large;\"><b>EINSIEDELEI SANTA ANA<\/b><\/span><\/span><\/span><\/p>\n<p><span style=\"color: #3c3c36;\"><span style=\"font-family: Helvetica, serif;\"><span style=\"font-size: medium;\"><b>Heute ist sie f\u00fcr Besucher geschlossen.<\/b><\/span><\/span><\/span><\/p>\n<p>Die Gr\u00fcndung des einstigen Klosters Santa Ana geht auf Do\u00f1a Mar\u00eda de la Cueva, Ehefrau des vierten Grafen von Ure\u00f1a, zur\u00fcck, die es f\u00fcr die Schwestern des Klarissenordens erbauen lie\u00df. Die Abwanderung aus dem Ort f\u00fchrte letztlich dazu, dass auch die Schwestern den Ort verlie\u00dfen, um das Kloster in die Stra\u00dfe La Huerta zu verlegen, wie bereits im Kapitel \u00fcber das Kloster des Klarissenordens erw\u00e4hnt wurde. Wenig sp\u00e4ter, kam der Orden der Mercedarier, die hier verweilten bis das Kloster La Merced am gleichnamigen Platzt fertiggestellt wurde. Das Kloster Santa Ana blieb ungenutzt und verfiel, bis Don Lu\u00eds de Figueroa den Wiederaufbau begann und die Kirche und das Kloster zur heute noch bestehenden Einsiedelei zusammenfasste.<\/p>\n<p>Im Jahre 1746 erreichte die Darstellung der Heiligen Ana die Einsiedelei, die heute das Hauptgem\u00e4lde der Kapelle ist.<\/p>\n<p>Heute ist die Einsiedelei das Pantheon des Grafen von Puertohermoso. In der Grabst\u00e4tte in der Mitte wurde der Geistliche Don Lu\u00eds de Soto-Lineros beigesetzt, der der Schirmherr der Stiftkirche war.<\/p>\n\t<\/div>\n<\/div>\n\n\n\n<div class=\"img-with-aniamtion-wrap center\" data-max-width=\"50%\" data-max-width-mobile=\"default\" data-shadow=\"none\" data-animation=\"fade-in\" >\n      <div class=\"inner\">\n        <div class=\"hover-wrap\"> \n          <div class=\"hover-wrap-inner\">\n            <img decoding=\"async\" class=\"img-with-animation skip-lazy\" data-delay=\"0\" height=\"1132\" width=\"800\" data-animation=\"fade-in\" src=\"https:\/\/turismodeosuna.es\/wp-content\/uploads\/2022\/07\/Ermita-Santa-Ana-Manuel-Gonzalez-Luna.webp\" alt=\"\" srcset=\"https:\/\/turismodeosuna.es\/wp-content\/uploads\/2022\/07\/Ermita-Santa-Ana-Manuel-Gonzalez-Luna.webp 800w, https:\/\/turismodeosuna.es\/wp-content\/uploads\/2022\/07\/Ermita-Santa-Ana-Manuel-Gonzalez-Luna-212x300.webp 212w, https:\/\/turismodeosuna.es\/wp-content\/uploads\/2022\/07\/Ermita-Santa-Ana-Manuel-Gonzalez-Luna-724x1024.webp 724w, https:\/\/turismodeosuna.es\/wp-content\/uploads\/2022\/07\/Ermita-Santa-Ana-Manuel-Gonzalez-Luna-768x1087.webp 768w\" sizes=\"(max-width: 800px) 100vw, 800px\" \/>\n          <\/div>\n        <\/div>\n      <\/div>\n    <\/div>\n\t\t\t<\/div> \n\t\t<\/div> \n\t<\/div> \n\t\t\t<\/div> \n\t\t<\/div>\n\t<\/div> \n<\/div><\/div>","protected":false},"excerpt":{"rendered":"Einsiedelei EINSIEDELEI MAR\u00cdA AUXILIADORAEINSIEDELEI NUESTRA SE\u00d1ORA DE CONSOLACI\u00d3N DEL CALVARIOEINSIEDELEI SAN ARCADIOEINSIEDELEI SANTA ANA EINSIEDELEI MAR\u00cdA AUXILIADORA Die Einsiedelei befindet sich in\u00a0Puerto de la Encina, einem kleinen Dorf in der...","protected":false},"author":2,"featured_media":0,"parent":0,"menu_order":0,"comment_status":"closed","ping_status":"closed","template":"","meta":{"inline_featured_image":false,"footnotes":""},"class_list":["post-3340","page","type-page","status-publish"],"yoast_head":"<!-- This site is optimized with the Yoast SEO plugin v25.3 - https:\/\/yoast.com\/wordpress\/plugins\/seo\/ -->\n<title>Einsiedelei - Turismo Osuna<\/title>\n<meta name=\"robots\" content=\"index, follow, max-snippet:-1, max-image-preview:large, max-video-preview:-1\" \/>\n<link rel=\"canonical\" href=\"https:\/\/turismodeosuna.es\/en\/einsiedelei\/\" \/>\n<meta property=\"og:locale\" content=\"en_GB\" \/>\n<meta property=\"og:type\" content=\"article\" \/>\n<meta property=\"og:title\" content=\"Einsiedelei - Turismo Osuna\" \/>\n<meta property=\"og:url\" content=\"https:\/\/turismodeosuna.es\/en\/einsiedelei\/\" \/>\n<meta property=\"og:site_name\" content=\"Turismo Osuna\" \/>\n<meta property=\"article:modified_time\" content=\"2023-03-28T08:44:34+00:00\" \/>\n<meta name=\"twitter:card\" content=\"summary_large_image\" \/>\n<meta name=\"twitter:label1\" content=\"Estimated reading time\" \/>\n\t<meta name=\"twitter:data1\" content=\"4 minutes\" \/>\n<script type=\"application\/ld+json\" class=\"yoast-schema-graph\">{\"@context\":\"https:\/\/schema.org\",\"@graph\":[{\"@type\":\"WebPage\",\"@id\":\"https:\/\/turismodeosuna.es\/einsiedelei\/\",\"url\":\"https:\/\/turismodeosuna.es\/einsiedelei\/\",\"name\":\"Einsiedelei - Turismo Osuna\",\"isPartOf\":{\"@id\":\"https:\/\/turismodeosuna.es\/#website\"},\"datePublished\":\"2022-07-28T05:39:08+00:00\",\"dateModified\":\"2023-03-28T08:44:34+00:00\",\"breadcrumb\":{\"@id\":\"https:\/\/turismodeosuna.es\/einsiedelei\/#breadcrumb\"},\"inLanguage\":\"en-GB\",\"potentialAction\":[{\"@type\":\"ReadAction\",\"target\":[\"https:\/\/turismodeosuna.es\/einsiedelei\/\"]}]},{\"@type\":\"BreadcrumbList\",\"@id\":\"https:\/\/turismodeosuna.es\/einsiedelei\/#breadcrumb\",\"itemListElement\":[{\"@type\":\"ListItem\",\"position\":1,\"name\":\"Portada\",\"item\":\"https:\/\/turismodeosuna.es\/\"},{\"@type\":\"ListItem\",\"position\":2,\"name\":\"Einsiedelei\"}]},{\"@type\":\"WebSite\",\"@id\":\"https:\/\/turismodeosuna.es\/#website\",\"url\":\"https:\/\/turismodeosuna.es\/\",\"name\":\"Turismo Osuna\",\"description\":\"Turismo de Osuna\",\"potentialAction\":[{\"@type\":\"SearchAction\",\"target\":{\"@type\":\"EntryPoint\",\"urlTemplate\":\"https:\/\/turismodeosuna.es\/?s={search_term_string}\"},\"query-input\":{\"@type\":\"PropertyValueSpecification\",\"valueRequired\":true,\"valueName\":\"search_term_string\"}}],\"inLanguage\":\"en-GB\"}]}<\/script>\n<!-- \/ Yoast SEO plugin. -->","yoast_head_json":{"title":"Einsiedelei - Turismo Osuna","robots":{"index":"index","follow":"follow","max-snippet":"max-snippet:-1","max-image-preview":"max-image-preview:large","max-video-preview":"max-video-preview:-1"},"canonical":"https:\/\/turismodeosuna.es\/en\/einsiedelei\/","og_locale":"en_GB","og_type":"article","og_title":"Einsiedelei - Turismo Osuna","og_url":"https:\/\/turismodeosuna.es\/en\/einsiedelei\/","og_site_name":"Turismo Osuna","article_modified_time":"2023-03-28T08:44:34+00:00","twitter_card":"summary_large_image","twitter_misc":{"Estimated reading time":"4 minutes"},"schema":{"@context":"https:\/\/schema.org","@graph":[{"@type":"WebPage","@id":"https:\/\/turismodeosuna.es\/einsiedelei\/","url":"https:\/\/turismodeosuna.es\/einsiedelei\/","name":"Einsiedelei - Turismo Osuna","isPartOf":{"@id":"https:\/\/turismodeosuna.es\/#website"},"datePublished":"2022-07-28T05:39:08+00:00","dateModified":"2023-03-28T08:44:34+00:00","breadcrumb":{"@id":"https:\/\/turismodeosuna.es\/einsiedelei\/#breadcrumb"},"inLanguage":"en-GB","potentialAction":[{"@type":"ReadAction","target":["https:\/\/turismodeosuna.es\/einsiedelei\/"]}]},{"@type":"BreadcrumbList","@id":"https:\/\/turismodeosuna.es\/einsiedelei\/#breadcrumb","itemListElement":[{"@type":"ListItem","position":1,"name":"Portada","item":"https:\/\/turismodeosuna.es\/"},{"@type":"ListItem","position":2,"name":"Einsiedelei"}]},{"@type":"WebSite","@id":"https:\/\/turismodeosuna.es\/#website","url":"https:\/\/turismodeosuna.es\/","name":"Turismo Osuna","description":"Turismo de Osuna","potentialAction":[{"@type":"SearchAction","target":{"@type":"EntryPoint","urlTemplate":"https:\/\/turismodeosuna.es\/?s={search_term_string}"},"query-input":{"@type":"PropertyValueSpecification","valueRequired":true,"valueName":"search_term_string"}}],"inLanguage":"en-GB"}]}},"_links":{"self":[{"href":"https:\/\/turismodeosuna.es\/en\/wp-json\/wp\/v2\/pages\/3340","targetHints":{"allow":["GET"]}}],"collection":[{"href":"https:\/\/turismodeosuna.es\/en\/wp-json\/wp\/v2\/pages"}],"about":[{"href":"https:\/\/turismodeosuna.es\/en\/wp-json\/wp\/v2\/types\/page"}],"author":[{"embeddable":true,"href":"https:\/\/turismodeosuna.es\/en\/wp-json\/wp\/v2\/users\/2"}],"replies":[{"embeddable":true,"href":"https:\/\/turismodeosuna.es\/en\/wp-json\/wp\/v2\/comments?post=3340"}],"version-history":[{"count":7,"href":"https:\/\/turismodeosuna.es\/en\/wp-json\/wp\/v2\/pages\/3340\/revisions"}],"predecessor-version":[{"id":6439,"href":"https:\/\/turismodeosuna.es\/en\/wp-json\/wp\/v2\/pages\/3340\/revisions\/6439"}],"wp:attachment":[{"href":"https:\/\/turismodeosuna.es\/en\/wp-json\/wp\/v2\/media?parent=3340"}],"curies":[{"name":"wp","href":"https:\/\/api.w.org\/{rel}","templated":true}]}}