{"id":3346,"date":"2022-07-19T10:23:12","date_gmt":"2022-07-19T08:23:12","guid":{"rendered":"http:\/\/turismodeosuna.es\/restos-de-la-muralla\/"},"modified":"2023-03-24T11:56:11","modified_gmt":"2023-03-24T10:56:11","slug":"mauerreste-der-vorroemischen-urso","status":"publish","type":"page","link":"https:\/\/turismodeosuna.es\/en\/mauerreste-der-vorroemischen-urso\/","title":{"rendered":"Mauerreste der vorroemischen Urso"},"content":{"rendered":"<div id=\"fws_69d9183588990\"  data-column-margin=\"default\" data-midnight=\"dark\"  class=\"wpb_row vc_row-fluid vc_row full-width-content vc_row-o-equal-height vc_row-flex vc_row-o-content-top\"  style=\"padding-top: 0px; padding-bottom: 0px; \"><div class=\"row-bg-wrap\" data-bg-animation=\"none\" data-bg-overlay=\"false\"><div class=\"inner-wrap\"><div class=\"row-bg viewport-desktop\"  style=\"\"><\/div><\/div><\/div><div class=\"row_col_wrap_12 col span_12 dark left\">\n\t<div  class=\"vc_col-sm-12 wpb_column column_container vc_column_container col no-extra-padding inherit_tablet inherit_phone\"  data-padding-pos=\"all\" data-has-bg-color=\"false\" data-bg-color=\"\" data-bg-opacity=\"1\" data-animation=\"\" data-delay=\"0\" >\n\t\t<div class=\"vc_column-inner\" >\n\t\t\t<div class=\"wpb_wrapper\">\n\t\t\t\t<div class=\"img-with-aniamtion-wrap center\" data-max-width=\"100%\" data-max-width-mobile=\"default\" data-shadow=\"none\" data-animation=\"fade-in\" >\n      <div class=\"inner\">\n        <div class=\"hover-wrap\"> \n          <div class=\"hover-wrap-inner\">\n            <img decoding=\"async\" class=\"img-with-animation skip-lazy\" data-delay=\"0\" height=\"400\" width=\"1917\" data-animation=\"fade-in\" src=\"https:\/\/turismodeosuna.es\/wp-content\/uploads\/2022\/07\/Screenshot_3.jpg\" alt=\"\" srcset=\"https:\/\/turismodeosuna.es\/wp-content\/uploads\/2022\/07\/Screenshot_3.jpg 1917w, https:\/\/turismodeosuna.es\/wp-content\/uploads\/2022\/07\/Screenshot_3-300x63.jpg 300w, https:\/\/turismodeosuna.es\/wp-content\/uploads\/2022\/07\/Screenshot_3-1024x214.jpg 1024w, https:\/\/turismodeosuna.es\/wp-content\/uploads\/2022\/07\/Screenshot_3-768x160.jpg 768w, https:\/\/turismodeosuna.es\/wp-content\/uploads\/2022\/07\/Screenshot_3-1536x321.jpg 1536w\" sizes=\"(max-width: 1917px) 100vw, 1917px\" \/>\n          <\/div>\n        <\/div>\n      <\/div>\n    <\/div><div class=\"img-with-aniamtion-wrap center\" data-max-width=\"100%\" data-max-width-mobile=\"default\" data-shadow=\"none\" data-animation=\"fade-in\" >\n      <div class=\"inner\">\n        <div class=\"hover-wrap\"> \n          <div class=\"hover-wrap-inner\">\n            <img decoding=\"async\" class=\"img-with-animation skip-lazy\" data-delay=\"0\" height=\"215\" width=\"1920\" data-animation=\"fade-in\" src=\"https:\/\/turismodeosuna.es\/wp-content\/uploads\/2022\/06\/sombrabanner-turismodeosuna.png\" alt=\"sombra\" srcset=\"https:\/\/turismodeosuna.es\/wp-content\/uploads\/2022\/06\/sombrabanner-turismodeosuna.png 1920w, https:\/\/turismodeosuna.es\/wp-content\/uploads\/2022\/06\/sombrabanner-turismodeosuna-300x34.png 300w, https:\/\/turismodeosuna.es\/wp-content\/uploads\/2022\/06\/sombrabanner-turismodeosuna-1024x115.png 1024w, https:\/\/turismodeosuna.es\/wp-content\/uploads\/2022\/06\/sombrabanner-turismodeosuna-768x86.png 768w, https:\/\/turismodeosuna.es\/wp-content\/uploads\/2022\/06\/sombrabanner-turismodeosuna-1536x172.png 1536w\" sizes=\"(max-width: 1920px) 100vw, 1920px\" \/>\n          <\/div>\n        <\/div>\n      <\/div>\n    <\/div>\n\t\t\t<\/div> \n\t\t<\/div>\n\t<\/div> \n<\/div><\/div>\n\t\t<div id=\"fws_69d91835891df\"  data-column-margin=\"default\" data-midnight=\"dark\"  class=\"wpb_row vc_row-fluid vc_row vc_row-o-equal-height vc_row-flex vc_row-o-content-middle  top_margin_-4pct top_margin_tablet_5pct top_margin_phone_5pct bottom_margin_tablet_0px\"  style=\"padding-top: 0px; padding-bottom: 0px; \"><div class=\"row-bg-wrap\" data-bg-animation=\"none\" data-bg-overlay=\"false\"><div class=\"inner-wrap\"><div class=\"row-bg viewport-desktop\"  style=\"\"><\/div><\/div><\/div><div class=\"row_col_wrap_12 col span_12 dark left\">\n\t<div  class=\"vc_col-sm-6 wpb_column column_container vc_column_container col no-extra-padding inherit_tablet inherit_phone\"  data-padding-pos=\"all\" data-has-bg-color=\"false\" data-bg-color=\"\" data-bg-opacity=\"1\" data-animation=\"\" data-delay=\"0\" >\n\t\t<div class=\"vc_column-inner\" >\n\t\t\t<div class=\"wpb_wrapper\">\n\t\t\t\t\n<div class=\"wpb_text_column wpb_content_element\" >\n\t<div class=\"wpb_wrapper\">\n\t\t<p><span style=\"color: #3c3c36;\"><span style=\"font-family: montserrat, serif;\"><span style=\"font-size: xx-large;\"><b>MAUERRESTE DER VORR\u00d6MISCHEN URSO<\/b><\/span><\/span><\/span><\/p>\n<p>Im Jahre 1903 entdeckten die beiden franz\u00f6sischen Forscher Pierre Paris und Arthur Engel den Verteidigungswall der iberischen Siedlung Urso, letzte Bastion der Pompejaner in ihrem Kampf gegen die Truppen Julius C\u00e4sars. Nachtr\u00e4glich wurde das Areal im Jahre 1973 mit einer neuen Technologie von Ram\u00f3n Corzo untersucht. Die beiden Mauerfunde befinden sich heute im Camino de San Jos\u00e9. Das Verteidigungssystem umschloss die primitive Siedlung nicht vollst\u00e4ndig, sondern war in Abschnitten angelegt, um lediglich die leicht zug\u00e4nglichen Bereiche auf nat\u00fcrliche Art zu sch\u00fctzen. Lange Zeit wurden diese Bauten auf das 1. Jahrhundert v. C. datiert. Neueren Studien zufolge sind die Schutzw\u00e4lle jedoch weitaus \u00e4lter. Bei einer Ausgrabung wurde eine 95 Meter lange Mauer entdeckt, die durch vier halbrunde T\u00fcrme verst\u00e4rkt war. Die T\u00fcrme waren abgeschr\u00e4gt und folgten der Neigung des Untergrunds, auf dem sie erbaut wurden. So entstand eine nach Osten gerichtete Kurve. In den Mauern des Schutzwalls wurden die ber\u00fchmten Reliefs von Osuna gefunden, die erst im Louvre und jetzt im Nationalen Arch\u00e4ologiemuseum in Madrid ausgestellt sind.<\/p>\n<p>Nach beiden Forschungsprojekten wurden die Funde fast vollst\u00e4ndig wieder vergraben. Stellenweise kann man jedoch Teile der Reste erkennen, die eine Vorstellung \u00fcber das imposante Mauerwerk geben.<\/p>\n<p><span style=\"color: #3c3c36;\">\u00a0<\/span><\/p>\n\t<\/div>\n<\/div>\n\n\n\n\n\t\t\t<\/div> \n\t\t<\/div>\n\t<\/div> \n\n\t<div  class=\"vc_col-sm-6 wpb_column column_container vc_column_container col no-extra-padding inherit_tablet inherit_phone\"  data-padding-pos=\"all\" data-has-bg-color=\"false\" data-bg-color=\"\" data-bg-opacity=\"1\" data-animation=\"\" data-delay=\"0\" >\n\t\t<div class=\"vc_column-inner\" >\n\t\t\t<div class=\"wpb_wrapper\">\n\t\t\t\t<div class=\"nectar_cascading_images\" data-border-radius=\"none\" data-parallax=\"\" data-parallax-intensity=\"subtle\" data-animation-timing=\"175\"><div class=\"cascading-image\" data-has-img=\"true\" style=\" padding:22%;\" data-max-width=\"100%\" data-max-width-mobile=\"100%\" data-animation=\"fade-in\" data-shadow=\"none\"><div class=\"inner-wrap\"><div class=\"bg-layer\" data-scale=\"1\" style=\"transform: scale(1)\"><div style=\" -webkit-transform:translateX(0%) translateY(-40%) rotate(5deg) ; transform:translateX(0%) translateY(-40%) rotate(5deg) ;\" class=\"img-wrap\"> <img decoding=\"async\" src=\"https:\/\/turismodeosuna.es\/wp-content\/uploads\/2022\/07\/RESTOS-DE-LA-MURALLA-PRERROMANA.-ACTUAL-2.jpg_2067661131.jpg\" srcset=\"https:\/\/turismodeosuna.es\/wp-content\/uploads\/2022\/07\/RESTOS-DE-LA-MURALLA-PRERROMANA.-ACTUAL-2.jpg_2067661131.jpg 503w, https:\/\/turismodeosuna.es\/wp-content\/uploads\/2022\/07\/RESTOS-DE-LA-MURALLA-PRERROMANA.-ACTUAL-2.jpg_2067661131-300x201.jpg 300w, https:\/\/turismodeosuna.es\/wp-content\/uploads\/2022\/07\/RESTOS-DE-LA-MURALLA-PRERROMANA.-ACTUAL-2.jpg_2067661131-400x269.jpg 400w\" sizes=\"(min-width: 1000px) 45vw, 100vw\" height=\"337\" width=\"503\" class=\"skip-lazy\" alt=\"\" \/> <\/div><\/div><\/div><\/div><div class=\"cascading-image\" data-has-img=\"true\" style=\" padding:22%;\" data-max-width=\"100%\" data-max-width-mobile=\"100%\" data-animation=\"fade-in\" data-shadow=\"none\"><div class=\"inner-wrap\"><div class=\"bg-layer\" data-scale=\"1\" style=\"transform: scale(1)\"><div style=\" -webkit-transform:translateX(0%) translateY(40%) rotate(5deg) ; transform:translateX(0%) translateY(40%) rotate(5deg) ;\" class=\"img-wrap\"> <img decoding=\"async\" src=\"https:\/\/turismodeosuna.es\/wp-content\/uploads\/2022\/07\/RESTOS-DE-LA-MURALLA-PRERROMANA.-ANTIGUA.jpg_1938322003.jpg\" srcset=\"https:\/\/turismodeosuna.es\/wp-content\/uploads\/2022\/07\/RESTOS-DE-LA-MURALLA-PRERROMANA.-ANTIGUA.jpg_1938322003.jpg 838w, https:\/\/turismodeosuna.es\/wp-content\/uploads\/2022\/07\/RESTOS-DE-LA-MURALLA-PRERROMANA.-ANTIGUA.jpg_1938322003-300x163.jpg 300w, https:\/\/turismodeosuna.es\/wp-content\/uploads\/2022\/07\/RESTOS-DE-LA-MURALLA-PRERROMANA.-ANTIGUA.jpg_1938322003-768x417.jpg 768w\" sizes=\"(min-width: 1000px) 45vw, 100vw\" height=\"455\" width=\"838\" class=\"skip-lazy\" alt=\"\" \/> <\/div><\/div><\/div><\/div><\/div>\n\t\t\t<\/div> \n\t\t<\/div>\n\t<\/div> \n<\/div><\/div>","protected":false},"excerpt":{"rendered":"MAUERRESTE DER VORR\u00d6MISCHEN URSO Im Jahre 1903 entdeckten die beiden franz\u00f6sischen Forscher Pierre Paris und Arthur Engel den Verteidigungswall der iberischen Siedlung Urso, letzte Bastion der Pompejaner in ihrem Kampf...","protected":false},"author":1,"featured_media":0,"parent":0,"menu_order":0,"comment_status":"closed","ping_status":"closed","template":"","meta":{"inline_featured_image":false,"footnotes":""},"class_list":["post-3346","page","type-page","status-publish"],"yoast_head":"<!-- This site is optimized with the Yoast SEO plugin v25.3 - https:\/\/yoast.com\/wordpress\/plugins\/seo\/ -->\n<title>Mauerreste der vorroemischen Urso - Turismo Osuna<\/title>\n<meta name=\"robots\" content=\"index, follow, max-snippet:-1, max-image-preview:large, max-video-preview:-1\" \/>\n<link rel=\"canonical\" href=\"https:\/\/turismodeosuna.es\/en\/mauerreste-der-vorroemischen-urso\/\" \/>\n<meta property=\"og:locale\" content=\"en_GB\" \/>\n<meta property=\"og:type\" content=\"article\" \/>\n<meta property=\"og:title\" content=\"Mauerreste der vorroemischen Urso - Turismo Osuna\" \/>\n<meta property=\"og:url\" content=\"https:\/\/turismodeosuna.es\/en\/mauerreste-der-vorroemischen-urso\/\" \/>\n<meta property=\"og:site_name\" content=\"Turismo Osuna\" \/>\n<meta property=\"article:modified_time\" content=\"2023-03-24T10:56:11+00:00\" \/>\n<meta name=\"twitter:card\" content=\"summary_large_image\" \/>\n<meta name=\"twitter:label1\" content=\"Estimated reading time\" \/>\n\t<meta name=\"twitter:data1\" content=\"2 minutes\" \/>\n<script type=\"application\/ld+json\" class=\"yoast-schema-graph\">{\"@context\":\"https:\/\/schema.org\",\"@graph\":[{\"@type\":\"WebPage\",\"@id\":\"https:\/\/turismodeosuna.es\/mauerreste-der-vorroemischen-urso\/\",\"url\":\"https:\/\/turismodeosuna.es\/mauerreste-der-vorroemischen-urso\/\",\"name\":\"Mauerreste der vorroemischen Urso - Turismo Osuna\",\"isPartOf\":{\"@id\":\"https:\/\/turismodeosuna.es\/#website\"},\"datePublished\":\"2022-07-19T08:23:12+00:00\",\"dateModified\":\"2023-03-24T10:56:11+00:00\",\"breadcrumb\":{\"@id\":\"https:\/\/turismodeosuna.es\/mauerreste-der-vorroemischen-urso\/#breadcrumb\"},\"inLanguage\":\"en-GB\",\"potentialAction\":[{\"@type\":\"ReadAction\",\"target\":[\"https:\/\/turismodeosuna.es\/mauerreste-der-vorroemischen-urso\/\"]}]},{\"@type\":\"BreadcrumbList\",\"@id\":\"https:\/\/turismodeosuna.es\/mauerreste-der-vorroemischen-urso\/#breadcrumb\",\"itemListElement\":[{\"@type\":\"ListItem\",\"position\":1,\"name\":\"Portada\",\"item\":\"https:\/\/turismodeosuna.es\/\"},{\"@type\":\"ListItem\",\"position\":2,\"name\":\"Mauerreste der vorroemischen Urso\"}]},{\"@type\":\"WebSite\",\"@id\":\"https:\/\/turismodeosuna.es\/#website\",\"url\":\"https:\/\/turismodeosuna.es\/\",\"name\":\"Turismo Osuna\",\"description\":\"Turismo de Osuna\",\"potentialAction\":[{\"@type\":\"SearchAction\",\"target\":{\"@type\":\"EntryPoint\",\"urlTemplate\":\"https:\/\/turismodeosuna.es\/?s={search_term_string}\"},\"query-input\":{\"@type\":\"PropertyValueSpecification\",\"valueRequired\":true,\"valueName\":\"search_term_string\"}}],\"inLanguage\":\"en-GB\"}]}<\/script>\n<!-- \/ Yoast SEO plugin. -->","yoast_head_json":{"title":"Mauerreste der vorroemischen Urso - Turismo Osuna","robots":{"index":"index","follow":"follow","max-snippet":"max-snippet:-1","max-image-preview":"max-image-preview:large","max-video-preview":"max-video-preview:-1"},"canonical":"https:\/\/turismodeosuna.es\/en\/mauerreste-der-vorroemischen-urso\/","og_locale":"en_GB","og_type":"article","og_title":"Mauerreste der vorroemischen Urso - Turismo Osuna","og_url":"https:\/\/turismodeosuna.es\/en\/mauerreste-der-vorroemischen-urso\/","og_site_name":"Turismo Osuna","article_modified_time":"2023-03-24T10:56:11+00:00","twitter_card":"summary_large_image","twitter_misc":{"Estimated reading time":"2 minutes"},"schema":{"@context":"https:\/\/schema.org","@graph":[{"@type":"WebPage","@id":"https:\/\/turismodeosuna.es\/mauerreste-der-vorroemischen-urso\/","url":"https:\/\/turismodeosuna.es\/mauerreste-der-vorroemischen-urso\/","name":"Mauerreste der vorroemischen Urso - Turismo Osuna","isPartOf":{"@id":"https:\/\/turismodeosuna.es\/#website"},"datePublished":"2022-07-19T08:23:12+00:00","dateModified":"2023-03-24T10:56:11+00:00","breadcrumb":{"@id":"https:\/\/turismodeosuna.es\/mauerreste-der-vorroemischen-urso\/#breadcrumb"},"inLanguage":"en-GB","potentialAction":[{"@type":"ReadAction","target":["https:\/\/turismodeosuna.es\/mauerreste-der-vorroemischen-urso\/"]}]},{"@type":"BreadcrumbList","@id":"https:\/\/turismodeosuna.es\/mauerreste-der-vorroemischen-urso\/#breadcrumb","itemListElement":[{"@type":"ListItem","position":1,"name":"Portada","item":"https:\/\/turismodeosuna.es\/"},{"@type":"ListItem","position":2,"name":"Mauerreste der vorroemischen Urso"}]},{"@type":"WebSite","@id":"https:\/\/turismodeosuna.es\/#website","url":"https:\/\/turismodeosuna.es\/","name":"Turismo Osuna","description":"Turismo de Osuna","potentialAction":[{"@type":"SearchAction","target":{"@type":"EntryPoint","urlTemplate":"https:\/\/turismodeosuna.es\/?s={search_term_string}"},"query-input":{"@type":"PropertyValueSpecification","valueRequired":true,"valueName":"search_term_string"}}],"inLanguage":"en-GB"}]}},"_links":{"self":[{"href":"https:\/\/turismodeosuna.es\/en\/wp-json\/wp\/v2\/pages\/3346","targetHints":{"allow":["GET"]}}],"collection":[{"href":"https:\/\/turismodeosuna.es\/en\/wp-json\/wp\/v2\/pages"}],"about":[{"href":"https:\/\/turismodeosuna.es\/en\/wp-json\/wp\/v2\/types\/page"}],"author":[{"embeddable":true,"href":"https:\/\/turismodeosuna.es\/en\/wp-json\/wp\/v2\/users\/1"}],"replies":[{"embeddable":true,"href":"https:\/\/turismodeosuna.es\/en\/wp-json\/wp\/v2\/comments?post=3346"}],"version-history":[{"count":4,"href":"https:\/\/turismodeosuna.es\/en\/wp-json\/wp\/v2\/pages\/3346\/revisions"}],"predecessor-version":[{"id":5853,"href":"https:\/\/turismodeosuna.es\/en\/wp-json\/wp\/v2\/pages\/3346\/revisions\/5853"}],"wp:attachment":[{"href":"https:\/\/turismodeosuna.es\/en\/wp-json\/wp\/v2\/media?parent=3346"}],"curies":[{"name":"wp","href":"https:\/\/api.w.org\/{rel}","templated":true}]}}