{"id":3351,"date":"2022-07-19T10:21:20","date_gmt":"2022-07-19T08:21:20","guid":{"rendered":"http:\/\/turismodeosuna.es\/necropolis-tardorromana\/"},"modified":"2023-03-28T10:56:37","modified_gmt":"2023-03-28T08:56:37","slug":"die-spaetroemische-nekropolis","status":"publish","type":"page","link":"https:\/\/turismodeosuna.es\/en\/die-spaetroemische-nekropolis\/","title":{"rendered":"Die sp\u00e4tr\u00f6mische Nekropolis"},"content":{"rendered":"<div id=\"fws_69d9183c4a6bf\"  data-column-margin=\"default\" data-midnight=\"dark\"  class=\"wpb_row vc_row-fluid vc_row full-width-content vc_row-o-equal-height vc_row-flex vc_row-o-content-top\"  style=\"padding-top: 0px; padding-bottom: 0px; \"><div class=\"row-bg-wrap\" data-bg-animation=\"none\" data-bg-overlay=\"false\"><div class=\"inner-wrap\"><div class=\"row-bg viewport-desktop\"  style=\"\"><\/div><\/div><\/div><div class=\"row_col_wrap_12 col span_12 dark left\">\n\t<div  class=\"vc_col-sm-12 wpb_column column_container vc_column_container col no-extra-padding inherit_tablet inherit_phone\"  data-padding-pos=\"all\" data-has-bg-color=\"false\" data-bg-color=\"\" data-bg-opacity=\"1\" data-animation=\"\" data-delay=\"0\" >\n\t\t<div class=\"vc_column-inner\" >\n\t\t\t<div class=\"wpb_wrapper\">\n\t\t\t\t<div class=\"img-with-aniamtion-wrap center\" data-max-width=\"100%\" data-max-width-mobile=\"default\" data-shadow=\"none\" data-animation=\"fade-in\" >\n      <div class=\"inner\">\n        <div class=\"hover-wrap\"> \n          <div class=\"hover-wrap-inner\">\n            <img decoding=\"async\" class=\"img-with-animation skip-lazy\" data-delay=\"0\" height=\"400\" width=\"1919\" data-animation=\"fade-in\" src=\"https:\/\/turismodeosuna.es\/wp-content\/uploads\/2022\/07\/Screenshot_2.jpg\" alt=\"\" srcset=\"https:\/\/turismodeosuna.es\/wp-content\/uploads\/2022\/07\/Screenshot_2.jpg 1919w, https:\/\/turismodeosuna.es\/wp-content\/uploads\/2022\/07\/Screenshot_2-300x63.jpg 300w, https:\/\/turismodeosuna.es\/wp-content\/uploads\/2022\/07\/Screenshot_2-1024x213.jpg 1024w, https:\/\/turismodeosuna.es\/wp-content\/uploads\/2022\/07\/Screenshot_2-768x160.jpg 768w, https:\/\/turismodeosuna.es\/wp-content\/uploads\/2022\/07\/Screenshot_2-1536x320.jpg 1536w\" sizes=\"(max-width: 1919px) 100vw, 1919px\" \/>\n          <\/div>\n        <\/div>\n      <\/div>\n    <\/div><div class=\"img-with-aniamtion-wrap center\" data-max-width=\"100%\" data-max-width-mobile=\"default\" data-shadow=\"none\" data-animation=\"fade-in\" >\n      <div class=\"inner\">\n        <div class=\"hover-wrap\"> \n          <div class=\"hover-wrap-inner\">\n            <img decoding=\"async\" class=\"img-with-animation skip-lazy\" data-delay=\"0\" height=\"215\" width=\"1920\" data-animation=\"fade-in\" src=\"https:\/\/turismodeosuna.es\/wp-content\/uploads\/2022\/06\/sombrabanner-turismodeosuna.png\" alt=\"sombra\" srcset=\"https:\/\/turismodeosuna.es\/wp-content\/uploads\/2022\/06\/sombrabanner-turismodeosuna.png 1920w, https:\/\/turismodeosuna.es\/wp-content\/uploads\/2022\/06\/sombrabanner-turismodeosuna-300x34.png 300w, https:\/\/turismodeosuna.es\/wp-content\/uploads\/2022\/06\/sombrabanner-turismodeosuna-1024x115.png 1024w, https:\/\/turismodeosuna.es\/wp-content\/uploads\/2022\/06\/sombrabanner-turismodeosuna-768x86.png 768w, https:\/\/turismodeosuna.es\/wp-content\/uploads\/2022\/06\/sombrabanner-turismodeosuna-1536x172.png 1536w\" sizes=\"(max-width: 1920px) 100vw, 1920px\" \/>\n          <\/div>\n        <\/div>\n      <\/div>\n    <\/div>\n\t\t\t<\/div> \n\t\t<\/div>\n\t<\/div> \n<\/div><\/div>\n\t\t<div id=\"fws_69d9183c4ae37\"  data-column-margin=\"default\" data-midnight=\"dark\"  class=\"wpb_row vc_row-fluid vc_row vc_row-o-equal-height vc_row-flex vc_row-o-content-middle  top_margin_-4pct top_margin_tablet_5pct top_margin_phone_5pct bottom_margin_tablet_0px\"  style=\"padding-top: 0px; padding-bottom: 0px; \"><div class=\"row-bg-wrap\" data-bg-animation=\"none\" data-bg-overlay=\"false\"><div class=\"inner-wrap\"><div class=\"row-bg viewport-desktop\"  style=\"\"><\/div><\/div><\/div><div class=\"row_col_wrap_12 col span_12 dark left\">\n\t<div  class=\"vc_col-sm-6 wpb_column column_container vc_column_container col no-extra-padding inherit_tablet inherit_phone\"  data-padding-pos=\"all\" data-has-bg-color=\"false\" data-bg-color=\"\" data-bg-opacity=\"1\" data-animation=\"\" data-delay=\"0\" >\n\t\t<div class=\"vc_column-inner\" >\n\t\t\t<div class=\"wpb_wrapper\">\n\t\t\t\t\n<div class=\"wpb_text_column wpb_content_element\" >\n\t<div class=\"wpb_wrapper\">\n\t\t<p><span style=\"color: #3c3c36;\"><span style=\"font-family: montserrat, serif;\"><span style=\"font-size: xx-large;\"><b>Die sp\u00e4tr\u00f6mische Nekropolis<\/b><\/span><\/span><\/span><\/p>\n<p>Sie befindet sich auf einem offenen Areal und ist somit f\u00fcr den Besucher immer kostenfrei zug\u00e4nglich. Viele der \u00dcberreste der Nekropolis befinden sich heute im ans\u00e4ssigen Museum f\u00fcr Arch\u00e4ologie.<\/p>\n<p>H\u00e4tte es nicht unz\u00e4hlige Pl\u00fcnderungen dieser H\u00f6hlen gegeben, w\u00fcrde Osuna heute eines der gr\u00f6\u00dften Nationalen Museen f\u00fcr r\u00f6mische Keramik- und Glasarbeiten besitzen.<\/p>\n<p>Einige der H\u00f6hlen sind in Bereiche mit gew\u00f6lbten D\u00e4chern unterteilt, die in den Felsen geschlagen wurden. Auf den Felsen finden sich Wandmalereien von V\u00f6geln. Forscher sind sich uneinig, ob es sich um Motive heidnischer Fresken handelt oder um die ersten Beispiele christlicher Kunst. F\u00fcr die meisten unter ihnen sind diese Malereien sp\u00e4ter anzusiedeln und werden auf die fr\u00fchchristliche \u00c4ra datiert. Auf dem Boden sind eine gro\u00dfe Anzahl von Grabst\u00e4tten eingelassen.<\/p>\n<p>Heute sind von der gro\u00dfen Grabst\u00e4tte nur noch die j\u00fcngeren Grabm\u00e4ler erhalten, von denen die sp\u00e4testen auf die Zeit der Westgoten zur\u00fcckgehen. Die Pl\u00fcnderungen der Nekropolis begannen schon sehr fr\u00fch. Die ersten organisierten Ausgrabungen wurden zwischen 1784 und 1785 auf Wunsch von Jos\u00e9 de Figueroa Silva Lasso de la Vega durchf\u00fchrt und unter Weisung des Grafen von Floriblanca mit Staatsgeldern finanziert. Seither war dieses Areal sich selbst \u00fcberlassen bis Ende des 20. Jahrhunderts die Ausgrabungen wieder aufgenommen wurden und sie als kulturelles Erbe aufgewertet wurde.<\/p>\n\t<\/div>\n<\/div>\n\n\n\n\n\t\t\t<\/div> \n\t\t<\/div>\n\t<\/div> \n\n\t<div  class=\"vc_col-sm-6 wpb_column column_container vc_column_container col no-extra-padding inherit_tablet inherit_phone\"  data-padding-pos=\"all\" data-has-bg-color=\"false\" data-bg-color=\"\" data-bg-opacity=\"1\" data-animation=\"\" data-delay=\"0\" >\n\t\t<div class=\"vc_column-inner\" >\n\t\t\t<div class=\"wpb_wrapper\">\n\t\t\t\t<div class=\"nectar_cascading_images\" data-border-radius=\"none\" data-parallax=\"\" data-parallax-intensity=\"subtle\" data-animation-timing=\"175\"><div class=\"cascading-image\" data-has-img=\"true\" style=\" padding:0%;\" data-max-width=\"100%\" data-max-width-mobile=\"100%\" data-animation=\"fade-in\" data-shadow=\"none\"><div class=\"inner-wrap\"><div class=\"bg-layer\" data-scale=\"0.75\" style=\"transform: scale(0.75)\"><div style=\" -webkit-transform:translateX(0%) translateY(0%) rotate(5deg) ; transform:translateX(0%) translateY(0%) rotate(5deg) ;\" class=\"img-wrap\"> <img decoding=\"async\" src=\"https:\/\/turismodeosuna.es\/wp-content\/uploads\/2023\/03\/DSC_8846-scaled.jpg\" srcset=\"https:\/\/turismodeosuna.es\/wp-content\/uploads\/2023\/03\/DSC_8846-scaled.jpg 2560w, https:\/\/turismodeosuna.es\/wp-content\/uploads\/2023\/03\/DSC_8846-300x200.jpg 300w, https:\/\/turismodeosuna.es\/wp-content\/uploads\/2023\/03\/DSC_8846-1024x683.jpg 1024w, https:\/\/turismodeosuna.es\/wp-content\/uploads\/2023\/03\/DSC_8846-768x512.jpg 768w, https:\/\/turismodeosuna.es\/wp-content\/uploads\/2023\/03\/DSC_8846-391x260.jpg 391w, https:\/\/turismodeosuna.es\/wp-content\/uploads\/2023\/03\/DSC_8846-1536x1024.jpg 1536w, https:\/\/turismodeosuna.es\/wp-content\/uploads\/2023\/03\/DSC_8846-2048x1365.jpg 2048w, https:\/\/turismodeosuna.es\/wp-content\/uploads\/2023\/03\/DSC_8846-900x600.jpg 900w\" sizes=\"(min-width: 1000px) 55vw, 100vw\" height=\"1707\" width=\"2560\" class=\"skip-lazy\" alt=\"\" \/> <\/div><\/div><\/div><\/div><\/div>\n\t\t\t<\/div> \n\t\t<\/div>\n\t<\/div> \n<\/div><\/div>\n\t\t<div id=\"fws_69d9183c4b535\"  data-column-margin=\"default\" data-midnight=\"dark\"  class=\"wpb_row vc_row-fluid vc_row full-width-content vc_row-o-equal-height vc_row-flex vc_row-o-content-middle  bottom_margin_6pct top_margin_tablet_5pct top_margin_phone_5pct bottom_margin_tablet_0px\"  style=\"padding-top: 0px; padding-bottom: 0px; \"><div class=\"row-bg-wrap\" data-bg-animation=\"none\" data-bg-overlay=\"false\"><div class=\"inner-wrap\"><div class=\"row-bg viewport-desktop\"  style=\"\"><\/div><\/div><\/div><div class=\"row_col_wrap_12 col span_12 dark left\">\n\t<div  class=\"vc_col-sm-12 wpb_column column_container vc_column_container col no-extra-padding inherit_tablet inherit_phone\"  data-padding-pos=\"all\" data-has-bg-color=\"false\" data-bg-color=\"\" data-bg-opacity=\"1\" data-animation=\"\" data-delay=\"0\" >\n\t\t<div class=\"vc_column-inner\" >\n\t\t\t<div class=\"wpb_wrapper\">\n\t\t\t\t\n\t<div class=\"wpb_gallery wpb_content_element clearfix\">\n\t\t<div class=\"wpb_wrapper\"><div class=\"wpb_gallery_slidesflickity_style\" data-onclick=\"link_image\" data-interval=\"5\"><div class=\"nectar-flickity not-initialized\"  data-touch-icon-color=\"default\" data-stagger=\"\" data-drag-scale=\"\" data-overflow=\"hidden\" data-wrap=\"wrap\" data-spacing=\"default\" data-shadow=\"none\" data-autoplay=\"\" data-autoplay-dur=\"\" data-free-scroll=\"true\" data-controls=\"material_pagination\" data-desktop-columns=\"3\" data-small-desktop-columns=\"3\" data-tablet-columns=\"2\" data-phone-columns=\"1\"><div class=\"flickity-viewport\"> <div class=\"flickity-slider\"><div class=\"cell\" data-lazy=\"true\"><img decoding=\"async\" class=\"skip-lazy nectar-lazy\"  src=\"data:image\/svg+xml;charset=utf-8,%3Csvg%20xmlns%3D'http%3A%2F%2Fwww.w3.org%2F2000%2Fsvg'%20viewBox%3D'0%200%201024%20683'%2F%3E\" data-nectar-img-src=\"https:\/\/turismodeosuna.es\/wp-content\/uploads\/2023\/03\/DSC_8849-scaled-600x400.jpg\" width=\"600\" height=\"400\" alt=\"DSC_8849\" title=\"DSC_8849\" \/><a class=\"entire-slide-link\"  href=\"https:\/\/turismodeosuna.es\/wp-content\/uploads\/2023\/03\/DSC_8849-scaled.jpg\"><\/a><\/div><div class=\"cell\" data-lazy=\"true\"><img decoding=\"async\" class=\"skip-lazy nectar-lazy\"  src=\"data:image\/svg+xml;charset=utf-8,%3Csvg%20xmlns%3D'http%3A%2F%2Fwww.w3.org%2F2000%2Fsvg'%20viewBox%3D'0%200%201024%20683'%2F%3E\" data-nectar-img-src=\"https:\/\/turismodeosuna.es\/wp-content\/uploads\/2023\/03\/DSC_8841-scaled-600x400.jpg\" width=\"600\" height=\"400\" alt=\"DSC_8841\" title=\"DSC_8841\" \/><a class=\"entire-slide-link\"  href=\"https:\/\/turismodeosuna.es\/wp-content\/uploads\/2023\/03\/DSC_8841-scaled.jpg\"><\/a><\/div><div class=\"cell\" data-lazy=\"true\"><img decoding=\"async\" class=\"skip-lazy nectar-lazy\"  src=\"data:image\/svg+xml;charset=utf-8,%3Csvg%20xmlns%3D'http%3A%2F%2Fwww.w3.org%2F2000%2Fsvg'%20viewBox%3D'0%200%201024%20683'%2F%3E\" data-nectar-img-src=\"https:\/\/turismodeosuna.es\/wp-content\/uploads\/2023\/03\/DSC_8832-scaled-600x400.jpg\" width=\"600\" height=\"400\" alt=\"DSC_8832\" title=\"DSC_8832\" \/><a class=\"entire-slide-link\"  href=\"https:\/\/turismodeosuna.es\/wp-content\/uploads\/2023\/03\/DSC_8832-scaled.jpg\"><\/a><\/div><div class=\"cell\" data-lazy=\"true\"><img decoding=\"async\" class=\"skip-lazy nectar-lazy\"  src=\"data:image\/svg+xml;charset=utf-8,%3Csvg%20xmlns%3D'http%3A%2F%2Fwww.w3.org%2F2000%2Fsvg'%20viewBox%3D'0%200%201024%20683'%2F%3E\" data-nectar-img-src=\"https:\/\/turismodeosuna.es\/wp-content\/uploads\/2023\/03\/DSC_8802-scaled-600x400.jpg\" width=\"600\" height=\"400\" alt=\"DSC_8802\" title=\"DSC_8802\" \/><a class=\"entire-slide-link\"  href=\"https:\/\/turismodeosuna.es\/wp-content\/uploads\/2023\/03\/DSC_8802-scaled.jpg\"><\/a><\/div><div class=\"cell\" data-lazy=\"true\"><img decoding=\"async\" class=\"skip-lazy nectar-lazy\"  src=\"data:image\/svg+xml;charset=utf-8,%3Csvg%20xmlns%3D'http%3A%2F%2Fwww.w3.org%2F2000%2Fsvg'%20viewBox%3D'0%200%201024%20683'%2F%3E\" data-nectar-img-src=\"https:\/\/turismodeosuna.es\/wp-content\/uploads\/2023\/03\/DSC_8793-scaled-600x400.jpg\" width=\"600\" height=\"400\" alt=\"DSC_8793\" title=\"DSC_8793\" \/><a class=\"entire-slide-link\"  href=\"https:\/\/turismodeosuna.es\/wp-content\/uploads\/2023\/03\/DSC_8793-scaled.jpg\"><\/a><\/div><\/div><\/div><\/div><\/div>\n\t\t<\/div> \n\t<\/div> \n\t\t\t<\/div> \n\t\t<\/div>\n\t<\/div> \n<\/div><\/div>","protected":false},"excerpt":{"rendered":"Die sp\u00e4tr\u00f6mische Nekropolis Sie befindet sich auf einem offenen Areal und ist somit f\u00fcr den Besucher immer kostenfrei zug\u00e4nglich. Viele der \u00dcberreste der Nekropolis befinden sich heute im ans\u00e4ssigen Museum...","protected":false},"author":1,"featured_media":0,"parent":0,"menu_order":0,"comment_status":"closed","ping_status":"closed","template":"","meta":{"inline_featured_image":false,"footnotes":""},"class_list":["post-3351","page","type-page","status-publish"],"yoast_head":"<!-- This site is optimized with the Yoast SEO plugin v25.3 - https:\/\/yoast.com\/wordpress\/plugins\/seo\/ -->\n<title>Die sp\u00e4tr\u00f6mische Nekropolis - Turismo Osuna<\/title>\n<meta name=\"robots\" content=\"index, follow, max-snippet:-1, max-image-preview:large, max-video-preview:-1\" \/>\n<link rel=\"canonical\" href=\"https:\/\/turismodeosuna.es\/en\/die-spaetroemische-nekropolis\/\" \/>\n<meta property=\"og:locale\" content=\"en_GB\" \/>\n<meta property=\"og:type\" content=\"article\" \/>\n<meta property=\"og:title\" content=\"Die sp\u00e4tr\u00f6mische Nekropolis - Turismo Osuna\" \/>\n<meta property=\"og:url\" content=\"https:\/\/turismodeosuna.es\/en\/die-spaetroemische-nekropolis\/\" \/>\n<meta property=\"og:site_name\" content=\"Turismo Osuna\" \/>\n<meta property=\"article:modified_time\" content=\"2023-03-28T08:56:37+00:00\" \/>\n<meta name=\"twitter:card\" content=\"summary_large_image\" \/>\n<meta name=\"twitter:label1\" content=\"Estimated reading time\" \/>\n\t<meta name=\"twitter:data1\" content=\"3 minutes\" \/>\n<script type=\"application\/ld+json\" class=\"yoast-schema-graph\">{\"@context\":\"https:\/\/schema.org\",\"@graph\":[{\"@type\":\"WebPage\",\"@id\":\"https:\/\/turismodeosuna.es\/die-spaetroemische-nekropolis\/\",\"url\":\"https:\/\/turismodeosuna.es\/die-spaetroemische-nekropolis\/\",\"name\":\"Die sp\u00e4tr\u00f6mische Nekropolis - Turismo Osuna\",\"isPartOf\":{\"@id\":\"https:\/\/turismodeosuna.es\/#website\"},\"datePublished\":\"2022-07-19T08:21:20+00:00\",\"dateModified\":\"2023-03-28T08:56:37+00:00\",\"breadcrumb\":{\"@id\":\"https:\/\/turismodeosuna.es\/die-spaetroemische-nekropolis\/#breadcrumb\"},\"inLanguage\":\"en-GB\",\"potentialAction\":[{\"@type\":\"ReadAction\",\"target\":[\"https:\/\/turismodeosuna.es\/die-spaetroemische-nekropolis\/\"]}]},{\"@type\":\"BreadcrumbList\",\"@id\":\"https:\/\/turismodeosuna.es\/die-spaetroemische-nekropolis\/#breadcrumb\",\"itemListElement\":[{\"@type\":\"ListItem\",\"position\":1,\"name\":\"Portada\",\"item\":\"https:\/\/turismodeosuna.es\/\"},{\"@type\":\"ListItem\",\"position\":2,\"name\":\"Die sp\u00e4tr\u00f6mische Nekropolis\"}]},{\"@type\":\"WebSite\",\"@id\":\"https:\/\/turismodeosuna.es\/#website\",\"url\":\"https:\/\/turismodeosuna.es\/\",\"name\":\"Turismo Osuna\",\"description\":\"Turismo de Osuna\",\"potentialAction\":[{\"@type\":\"SearchAction\",\"target\":{\"@type\":\"EntryPoint\",\"urlTemplate\":\"https:\/\/turismodeosuna.es\/?s={search_term_string}\"},\"query-input\":{\"@type\":\"PropertyValueSpecification\",\"valueRequired\":true,\"valueName\":\"search_term_string\"}}],\"inLanguage\":\"en-GB\"}]}<\/script>\n<!-- \/ Yoast SEO plugin. -->","yoast_head_json":{"title":"Die sp\u00e4tr\u00f6mische Nekropolis - Turismo Osuna","robots":{"index":"index","follow":"follow","max-snippet":"max-snippet:-1","max-image-preview":"max-image-preview:large","max-video-preview":"max-video-preview:-1"},"canonical":"https:\/\/turismodeosuna.es\/en\/die-spaetroemische-nekropolis\/","og_locale":"en_GB","og_type":"article","og_title":"Die sp\u00e4tr\u00f6mische Nekropolis - Turismo Osuna","og_url":"https:\/\/turismodeosuna.es\/en\/die-spaetroemische-nekropolis\/","og_site_name":"Turismo Osuna","article_modified_time":"2023-03-28T08:56:37+00:00","twitter_card":"summary_large_image","twitter_misc":{"Estimated reading time":"3 minutes"},"schema":{"@context":"https:\/\/schema.org","@graph":[{"@type":"WebPage","@id":"https:\/\/turismodeosuna.es\/die-spaetroemische-nekropolis\/","url":"https:\/\/turismodeosuna.es\/die-spaetroemische-nekropolis\/","name":"Die sp\u00e4tr\u00f6mische Nekropolis - Turismo Osuna","isPartOf":{"@id":"https:\/\/turismodeosuna.es\/#website"},"datePublished":"2022-07-19T08:21:20+00:00","dateModified":"2023-03-28T08:56:37+00:00","breadcrumb":{"@id":"https:\/\/turismodeosuna.es\/die-spaetroemische-nekropolis\/#breadcrumb"},"inLanguage":"en-GB","potentialAction":[{"@type":"ReadAction","target":["https:\/\/turismodeosuna.es\/die-spaetroemische-nekropolis\/"]}]},{"@type":"BreadcrumbList","@id":"https:\/\/turismodeosuna.es\/die-spaetroemische-nekropolis\/#breadcrumb","itemListElement":[{"@type":"ListItem","position":1,"name":"Portada","item":"https:\/\/turismodeosuna.es\/"},{"@type":"ListItem","position":2,"name":"Die sp\u00e4tr\u00f6mische Nekropolis"}]},{"@type":"WebSite","@id":"https:\/\/turismodeosuna.es\/#website","url":"https:\/\/turismodeosuna.es\/","name":"Turismo Osuna","description":"Turismo de Osuna","potentialAction":[{"@type":"SearchAction","target":{"@type":"EntryPoint","urlTemplate":"https:\/\/turismodeosuna.es\/?s={search_term_string}"},"query-input":{"@type":"PropertyValueSpecification","valueRequired":true,"valueName":"search_term_string"}}],"inLanguage":"en-GB"}]}},"_links":{"self":[{"href":"https:\/\/turismodeosuna.es\/en\/wp-json\/wp\/v2\/pages\/3351","targetHints":{"allow":["GET"]}}],"collection":[{"href":"https:\/\/turismodeosuna.es\/en\/wp-json\/wp\/v2\/pages"}],"about":[{"href":"https:\/\/turismodeosuna.es\/en\/wp-json\/wp\/v2\/types\/page"}],"author":[{"embeddable":true,"href":"https:\/\/turismodeosuna.es\/en\/wp-json\/wp\/v2\/users\/1"}],"replies":[{"embeddable":true,"href":"https:\/\/turismodeosuna.es\/en\/wp-json\/wp\/v2\/comments?post=3351"}],"version-history":[{"count":6,"href":"https:\/\/turismodeosuna.es\/en\/wp-json\/wp\/v2\/pages\/3351\/revisions"}],"predecessor-version":[{"id":6441,"href":"https:\/\/turismodeosuna.es\/en\/wp-json\/wp\/v2\/pages\/3351\/revisions\/6441"}],"wp:attachment":[{"href":"https:\/\/turismodeosuna.es\/en\/wp-json\/wp\/v2\/media?parent=3351"}],"curies":[{"name":"wp","href":"https:\/\/api.w.org\/{rel}","templated":true}]}}