{"id":3354,"date":"2022-07-19T10:22:20","date_gmt":"2022-07-19T08:22:20","guid":{"rendered":"http:\/\/turismodeosuna.es\/restos-del-foro-la-colonia-genitiva-lulia\/"},"modified":"2023-03-24T12:02:31","modified_gmt":"2023-03-24T11:02:31","slug":"das-forum-der-kolonie-genetiva-iulia","status":"publish","type":"page","link":"https:\/\/turismodeosuna.es\/en\/das-forum-der-kolonie-genetiva-iulia\/","title":{"rendered":"Das Forum der Kolonie Genetiva Iulia"},"content":{"rendered":"<div id=\"fws_69d91835d762b\"  data-column-margin=\"default\" data-midnight=\"dark\"  class=\"wpb_row vc_row-fluid vc_row full-width-content vc_row-o-equal-height vc_row-flex vc_row-o-content-top\"  style=\"padding-top: 0px; padding-bottom: 0px; \"><div class=\"row-bg-wrap\" data-bg-animation=\"none\" data-bg-overlay=\"false\"><div class=\"inner-wrap\"><div class=\"row-bg viewport-desktop\"  style=\"\"><\/div><\/div><\/div><div class=\"row_col_wrap_12 col span_12 dark left\">\n\t<div  class=\"vc_col-sm-12 wpb_column column_container vc_column_container col no-extra-padding inherit_tablet inherit_phone\"  data-padding-pos=\"all\" data-has-bg-color=\"false\" data-bg-color=\"\" data-bg-opacity=\"1\" data-animation=\"\" data-delay=\"0\" >\n\t\t<div class=\"vc_column-inner\" >\n\t\t\t<div class=\"wpb_wrapper\">\n\t\t\t\t<div class=\"img-with-aniamtion-wrap center\" data-max-width=\"100%\" data-max-width-mobile=\"default\" data-shadow=\"none\" data-animation=\"fade-in\" >\n      <div class=\"inner\">\n        <div class=\"hover-wrap\"> \n          <div class=\"hover-wrap-inner\">\n            <img decoding=\"async\" class=\"img-with-animation skip-lazy\" data-delay=\"0\" height=\"1707\" width=\"2560\" data-animation=\"fade-in\" src=\"https:\/\/turismodeosuna.es\/wp-content\/uploads\/2023\/03\/DSC_8783-scaled.jpg\" alt=\"\" srcset=\"https:\/\/turismodeosuna.es\/wp-content\/uploads\/2023\/03\/DSC_8783-scaled.jpg 2560w, https:\/\/turismodeosuna.es\/wp-content\/uploads\/2023\/03\/DSC_8783-300x200.jpg 300w, https:\/\/turismodeosuna.es\/wp-content\/uploads\/2023\/03\/DSC_8783-1024x683.jpg 1024w, https:\/\/turismodeosuna.es\/wp-content\/uploads\/2023\/03\/DSC_8783-768x512.jpg 768w, https:\/\/turismodeosuna.es\/wp-content\/uploads\/2023\/03\/DSC_8783-391x260.jpg 391w, https:\/\/turismodeosuna.es\/wp-content\/uploads\/2023\/03\/DSC_8783-1536x1024.jpg 1536w, https:\/\/turismodeosuna.es\/wp-content\/uploads\/2023\/03\/DSC_8783-2048x1365.jpg 2048w, https:\/\/turismodeosuna.es\/wp-content\/uploads\/2023\/03\/DSC_8783-900x600.jpg 900w\" sizes=\"(max-width: 2560px) 100vw, 2560px\" \/>\n          <\/div>\n        <\/div>\n      <\/div>\n    <\/div><div class=\"img-with-aniamtion-wrap center\" data-max-width=\"100%\" data-max-width-mobile=\"default\" data-shadow=\"none\" data-animation=\"fade-in\" >\n      <div class=\"inner\">\n        <div class=\"hover-wrap\"> \n          <div class=\"hover-wrap-inner\">\n            <img decoding=\"async\" class=\"img-with-animation skip-lazy\" data-delay=\"0\" height=\"215\" width=\"1920\" data-animation=\"fade-in\" src=\"https:\/\/turismodeosuna.es\/wp-content\/uploads\/2022\/06\/sombrabanner-turismodeosuna.png\" alt=\"sombra\" srcset=\"https:\/\/turismodeosuna.es\/wp-content\/uploads\/2022\/06\/sombrabanner-turismodeosuna.png 1920w, https:\/\/turismodeosuna.es\/wp-content\/uploads\/2022\/06\/sombrabanner-turismodeosuna-300x34.png 300w, https:\/\/turismodeosuna.es\/wp-content\/uploads\/2022\/06\/sombrabanner-turismodeosuna-1024x115.png 1024w, https:\/\/turismodeosuna.es\/wp-content\/uploads\/2022\/06\/sombrabanner-turismodeosuna-768x86.png 768w, https:\/\/turismodeosuna.es\/wp-content\/uploads\/2022\/06\/sombrabanner-turismodeosuna-1536x172.png 1536w\" sizes=\"(max-width: 1920px) 100vw, 1920px\" \/>\n          <\/div>\n        <\/div>\n      <\/div>\n    <\/div>\n\t\t\t<\/div> \n\t\t<\/div>\n\t<\/div> \n<\/div><\/div>\n\t\t<div id=\"fws_69d91835d8b52\"  data-column-margin=\"default\" data-midnight=\"dark\"  class=\"wpb_row vc_row-fluid vc_row vc_row-o-equal-height vc_row-flex vc_row-o-content-middle  top_margin_-4pct top_margin_tablet_5pct top_margin_phone_5pct bottom_margin_tablet_0px\"  style=\"padding-top: 0px; padding-bottom: 0px; \"><div class=\"row-bg-wrap\" data-bg-animation=\"none\" data-bg-overlay=\"false\"><div class=\"inner-wrap\"><div class=\"row-bg viewport-desktop\"  style=\"\"><\/div><\/div><\/div><div class=\"row_col_wrap_12 col span_12 dark left\">\n\t<div  class=\"vc_col-sm-6 wpb_column column_container vc_column_container col no-extra-padding inherit_tablet inherit_phone\"  data-padding-pos=\"all\" data-has-bg-color=\"false\" data-bg-color=\"\" data-bg-opacity=\"1\" data-animation=\"\" data-delay=\"0\" >\n\t\t<div class=\"vc_column-inner\" >\n\t\t\t<div class=\"wpb_wrapper\">\n\t\t\t\t\n<div class=\"wpb_text_column wpb_content_element\" >\n\t<div class=\"wpb_wrapper\">\n\t\t<p><span style=\"color: #3c3c36;\"><span style=\"font-family: montserrat, serif;\"><span style=\"font-size: xx-large;\"><b>Das Forum der Kolonie Genetiva Iulia<\/b><\/span><\/span><\/span><\/p>\n<p>Wenngleich es keine eindeutigen Belege gibt, sind sich die Mehrzahl der Forscher dar\u00fcber einig, dass sich das Forum der alten Kolonie an der Stelle befunden haben muss, an der die meisten r\u00f6mischen arch\u00e4ologischen Funde get\u00e4tigt wurden, insbesondere die sogenannten Bronzetafeln von Osuna. Es handelt sich um die Kreuzung der Wege Granada, Farfana und San Jos\u00e9, unweit von der Stelle an der sich das Theater befand und an der Stelle an der man davon ausgeht, dass sich dort noch eine Reihe anderer religi\u00f6ser Geb\u00e4ude und Profanbauten befunden haben muss, wie es r\u00f6mische St\u00e4dtebaumodele vermuten lassen. Aus dieser goldenen \u00c4ra findet man heute noch einige Spuren. Mauerreste am Fu\u00dfe des Weges Camino de la Farfana, das Wasserreservoir, das landl\u00e4ufig unter dem Namen\u00a0<em>La Pileta<\/em>\u00a0bekannt ist. Sie alle sind stille Zeugen der Vergangenheit sind, die von religi\u00f6sen und \u00f6ffentlichen Zentren der einstigen r\u00f6mischen Stadt erz\u00e4hlen.<\/p>\n\t<\/div>\n<\/div>\n\n\n\n\n\t\t\t<\/div> \n\t\t<\/div>\n\t<\/div> \n\n\t<div  class=\"vc_col-sm-6 wpb_column column_container vc_column_container col no-extra-padding inherit_tablet inherit_phone\"  data-padding-pos=\"all\" data-has-bg-color=\"false\" data-bg-color=\"\" data-bg-opacity=\"1\" data-animation=\"\" data-delay=\"0\" >\n\t\t<div class=\"vc_column-inner\" >\n\t\t\t<div class=\"wpb_wrapper\">\n\t\t\t\t<div class=\"nectar_cascading_images\" data-border-radius=\"none\" data-parallax=\"\" data-parallax-intensity=\"subtle\" data-animation-timing=\"175\"><div class=\"cascading-image\" data-has-img=\"true\" style=\" padding:20%;\" data-max-width=\"100%\" data-max-width-mobile=\"100%\" data-animation=\"fade-in\" data-shadow=\"none\"><div class=\"inner-wrap\"><div class=\"bg-layer\" data-scale=\"1\" style=\"transform: scale(1)\"><div style=\" -webkit-transform:translateX(0%) translateY(-35%) rotate(5deg) ; transform:translateX(0%) translateY(-35%) rotate(5deg) ;\" class=\"img-wrap\"> <img decoding=\"async\" src=\"https:\/\/turismodeosuna.es\/wp-content\/uploads\/2022\/07\/RESTOS-DEL-FORO-DE-LA-COLONIA-GENETIVA-IULIA-1.jpg\" srcset=\"https:\/\/turismodeosuna.es\/wp-content\/uploads\/2022\/07\/RESTOS-DEL-FORO-DE-LA-COLONIA-GENETIVA-IULIA-1.jpg 427w, https:\/\/turismodeosuna.es\/wp-content\/uploads\/2022\/07\/RESTOS-DEL-FORO-DE-LA-COLONIA-GENETIVA-IULIA-1-300x226.jpg 300w\" sizes=\"(min-width: 1000px) 55vw, 100vw\" height=\"321\" width=\"427\" class=\"skip-lazy\" alt=\"\" \/> <\/div><\/div><\/div><\/div><div class=\"cascading-image\" data-has-img=\"true\" style=\" padding:20%;\" data-max-width=\"100%\" data-max-width-mobile=\"100%\" data-animation=\"fade-in\" data-shadow=\"none\"><div class=\"inner-wrap\"><div class=\"bg-layer\" data-scale=\"1\" style=\"transform: scale(1)\"><div style=\" -webkit-transform:translateX(0%) translateY(35%) rotate(10deg) ; transform:translateX(0%) translateY(35%) rotate(10deg) ;\" class=\"img-wrap\"> <img decoding=\"async\" src=\"https:\/\/turismodeosuna.es\/wp-content\/uploads\/2022\/07\/RESTOS-DEL-FORO-DE-LA-COLONIA-GENETIVA-IULIA.jpg\" srcset=\"https:\/\/turismodeosuna.es\/wp-content\/uploads\/2022\/07\/RESTOS-DEL-FORO-DE-LA-COLONIA-GENETIVA-IULIA.jpg 427w, https:\/\/turismodeosuna.es\/wp-content\/uploads\/2022\/07\/RESTOS-DEL-FORO-DE-LA-COLONIA-GENETIVA-IULIA-300x226.jpg 300w\" sizes=\"(min-width: 1000px) 55vw, 100vw\" height=\"321\" width=\"427\" class=\"skip-lazy\" alt=\"\" \/> <\/div><\/div><\/div><\/div><\/div>\n\t\t\t<\/div> \n\t\t<\/div>\n\t<\/div> \n<\/div><\/div>\n\t\t<div id=\"fws_69d91835d93a2\"  data-column-margin=\"default\" data-midnight=\"dark\"  class=\"wpb_row vc_row-fluid vc_row full-width-content vc_row-o-equal-height vc_row-flex vc_row-o-content-middle  bottom_margin_6pct top_margin_tablet_5pct top_margin_phone_5pct bottom_margin_tablet_0px\"  style=\"padding-top: 0px; padding-bottom: 0px; \"><div class=\"row-bg-wrap\" data-bg-animation=\"none\" data-bg-overlay=\"false\"><div class=\"inner-wrap\"><div class=\"row-bg viewport-desktop\"  style=\"\"><\/div><\/div><\/div><div class=\"row_col_wrap_12 col span_12 dark left\">\n\t<div  class=\"vc_col-sm-12 wpb_column column_container vc_column_container col centered-text no-extra-padding inherit_tablet inherit_phone\"  data-padding-pos=\"all\" data-has-bg-color=\"false\" data-bg-color=\"\" data-bg-opacity=\"1\" data-animation=\"\" data-delay=\"0\" >\n\t\t<div class=\"vc_column-inner\" >\n\t\t\t<div class=\"wpb_wrapper\">\n\t\t\t\t<div class=\"img-with-aniamtion-wrap\" data-max-width=\"100%\" data-max-width-mobile=\"default\" data-shadow=\"none\" data-animation=\"fade-in\" >\n      <div class=\"inner\">\n        <div class=\"hover-wrap\"> \n          <div class=\"hover-wrap-inner\">\n            <img decoding=\"async\" class=\"img-with-animation skip-lazy\" data-delay=\"0\" height=\"574\" width=\"821\" data-animation=\"fade-in\" src=\"https:\/\/turismodeosuna.es\/wp-content\/uploads\/2022\/07\/PLANO-FORO.jpg\" alt=\"\" srcset=\"https:\/\/turismodeosuna.es\/wp-content\/uploads\/2022\/07\/PLANO-FORO.jpg 821w, https:\/\/turismodeosuna.es\/wp-content\/uploads\/2022\/07\/PLANO-FORO-300x210.jpg 300w, https:\/\/turismodeosuna.es\/wp-content\/uploads\/2022\/07\/PLANO-FORO-768x537.jpg 768w\" sizes=\"(max-width: 821px) 100vw, 821px\" \/>\n          <\/div>\n        <\/div>\n      <\/div>\n    <\/div>\n\t\t\t<\/div> \n\t\t<\/div>\n\t<\/div> \n<\/div><\/div>","protected":false},"excerpt":{"rendered":"Das Forum der Kolonie Genetiva Iulia Wenngleich es keine eindeutigen Belege gibt, sind sich die Mehrzahl der Forscher dar\u00fcber einig, dass sich das Forum der alten Kolonie an der Stelle...","protected":false},"author":1,"featured_media":0,"parent":0,"menu_order":0,"comment_status":"closed","ping_status":"closed","template":"","meta":{"inline_featured_image":false,"footnotes":""},"class_list":["post-3354","page","type-page","status-publish"],"yoast_head":"<!-- This site is optimized with the Yoast SEO plugin v25.3 - https:\/\/yoast.com\/wordpress\/plugins\/seo\/ -->\n<title>Das Forum der Kolonie Genetiva Iulia - Turismo Osuna<\/title>\n<meta name=\"robots\" content=\"index, follow, max-snippet:-1, max-image-preview:large, max-video-preview:-1\" \/>\n<link rel=\"canonical\" href=\"https:\/\/turismodeosuna.es\/en\/das-forum-der-kolonie-genetiva-iulia\/\" \/>\n<meta property=\"og:locale\" content=\"en_GB\" \/>\n<meta property=\"og:type\" content=\"article\" \/>\n<meta property=\"og:title\" content=\"Das Forum der Kolonie Genetiva Iulia - Turismo Osuna\" \/>\n<meta property=\"og:url\" content=\"https:\/\/turismodeosuna.es\/en\/das-forum-der-kolonie-genetiva-iulia\/\" \/>\n<meta property=\"og:site_name\" content=\"Turismo Osuna\" \/>\n<meta property=\"article:modified_time\" content=\"2023-03-24T11:02:31+00:00\" \/>\n<meta name=\"twitter:card\" content=\"summary_large_image\" \/>\n<meta name=\"twitter:label1\" content=\"Estimated reading time\" \/>\n\t<meta name=\"twitter:data1\" content=\"2 minutes\" \/>\n<script type=\"application\/ld+json\" class=\"yoast-schema-graph\">{\"@context\":\"https:\/\/schema.org\",\"@graph\":[{\"@type\":\"WebPage\",\"@id\":\"https:\/\/turismodeosuna.es\/das-forum-der-kolonie-genetiva-iulia\/\",\"url\":\"https:\/\/turismodeosuna.es\/das-forum-der-kolonie-genetiva-iulia\/\",\"name\":\"Das Forum der Kolonie Genetiva Iulia - Turismo Osuna\",\"isPartOf\":{\"@id\":\"https:\/\/turismodeosuna.es\/#website\"},\"datePublished\":\"2022-07-19T08:22:20+00:00\",\"dateModified\":\"2023-03-24T11:02:31+00:00\",\"breadcrumb\":{\"@id\":\"https:\/\/turismodeosuna.es\/das-forum-der-kolonie-genetiva-iulia\/#breadcrumb\"},\"inLanguage\":\"en-GB\",\"potentialAction\":[{\"@type\":\"ReadAction\",\"target\":[\"https:\/\/turismodeosuna.es\/das-forum-der-kolonie-genetiva-iulia\/\"]}]},{\"@type\":\"BreadcrumbList\",\"@id\":\"https:\/\/turismodeosuna.es\/das-forum-der-kolonie-genetiva-iulia\/#breadcrumb\",\"itemListElement\":[{\"@type\":\"ListItem\",\"position\":1,\"name\":\"Portada\",\"item\":\"https:\/\/turismodeosuna.es\/\"},{\"@type\":\"ListItem\",\"position\":2,\"name\":\"Das Forum der Kolonie Genetiva Iulia\"}]},{\"@type\":\"WebSite\",\"@id\":\"https:\/\/turismodeosuna.es\/#website\",\"url\":\"https:\/\/turismodeosuna.es\/\",\"name\":\"Turismo Osuna\",\"description\":\"Turismo de Osuna\",\"potentialAction\":[{\"@type\":\"SearchAction\",\"target\":{\"@type\":\"EntryPoint\",\"urlTemplate\":\"https:\/\/turismodeosuna.es\/?s={search_term_string}\"},\"query-input\":{\"@type\":\"PropertyValueSpecification\",\"valueRequired\":true,\"valueName\":\"search_term_string\"}}],\"inLanguage\":\"en-GB\"}]}<\/script>\n<!-- \/ Yoast SEO plugin. -->","yoast_head_json":{"title":"Das Forum der Kolonie Genetiva Iulia - Turismo Osuna","robots":{"index":"index","follow":"follow","max-snippet":"max-snippet:-1","max-image-preview":"max-image-preview:large","max-video-preview":"max-video-preview:-1"},"canonical":"https:\/\/turismodeosuna.es\/en\/das-forum-der-kolonie-genetiva-iulia\/","og_locale":"en_GB","og_type":"article","og_title":"Das Forum der Kolonie Genetiva Iulia - Turismo Osuna","og_url":"https:\/\/turismodeosuna.es\/en\/das-forum-der-kolonie-genetiva-iulia\/","og_site_name":"Turismo Osuna","article_modified_time":"2023-03-24T11:02:31+00:00","twitter_card":"summary_large_image","twitter_misc":{"Estimated reading time":"2 minutes"},"schema":{"@context":"https:\/\/schema.org","@graph":[{"@type":"WebPage","@id":"https:\/\/turismodeosuna.es\/das-forum-der-kolonie-genetiva-iulia\/","url":"https:\/\/turismodeosuna.es\/das-forum-der-kolonie-genetiva-iulia\/","name":"Das Forum der Kolonie Genetiva Iulia - Turismo Osuna","isPartOf":{"@id":"https:\/\/turismodeosuna.es\/#website"},"datePublished":"2022-07-19T08:22:20+00:00","dateModified":"2023-03-24T11:02:31+00:00","breadcrumb":{"@id":"https:\/\/turismodeosuna.es\/das-forum-der-kolonie-genetiva-iulia\/#breadcrumb"},"inLanguage":"en-GB","potentialAction":[{"@type":"ReadAction","target":["https:\/\/turismodeosuna.es\/das-forum-der-kolonie-genetiva-iulia\/"]}]},{"@type":"BreadcrumbList","@id":"https:\/\/turismodeosuna.es\/das-forum-der-kolonie-genetiva-iulia\/#breadcrumb","itemListElement":[{"@type":"ListItem","position":1,"name":"Portada","item":"https:\/\/turismodeosuna.es\/"},{"@type":"ListItem","position":2,"name":"Das Forum der Kolonie Genetiva Iulia"}]},{"@type":"WebSite","@id":"https:\/\/turismodeosuna.es\/#website","url":"https:\/\/turismodeosuna.es\/","name":"Turismo Osuna","description":"Turismo de Osuna","potentialAction":[{"@type":"SearchAction","target":{"@type":"EntryPoint","urlTemplate":"https:\/\/turismodeosuna.es\/?s={search_term_string}"},"query-input":{"@type":"PropertyValueSpecification","valueRequired":true,"valueName":"search_term_string"}}],"inLanguage":"en-GB"}]}},"_links":{"self":[{"href":"https:\/\/turismodeosuna.es\/en\/wp-json\/wp\/v2\/pages\/3354","targetHints":{"allow":["GET"]}}],"collection":[{"href":"https:\/\/turismodeosuna.es\/en\/wp-json\/wp\/v2\/pages"}],"about":[{"href":"https:\/\/turismodeosuna.es\/en\/wp-json\/wp\/v2\/types\/page"}],"author":[{"embeddable":true,"href":"https:\/\/turismodeosuna.es\/en\/wp-json\/wp\/v2\/users\/1"}],"replies":[{"embeddable":true,"href":"https:\/\/turismodeosuna.es\/en\/wp-json\/wp\/v2\/comments?post=3354"}],"version-history":[{"count":3,"href":"https:\/\/turismodeosuna.es\/en\/wp-json\/wp\/v2\/pages\/3354\/revisions"}],"predecessor-version":[{"id":5854,"href":"https:\/\/turismodeosuna.es\/en\/wp-json\/wp\/v2\/pages\/3354\/revisions\/5854"}],"wp:attachment":[{"href":"https:\/\/turismodeosuna.es\/en\/wp-json\/wp\/v2\/media?parent=3354"}],"curies":[{"name":"wp","href":"https:\/\/api.w.org\/{rel}","templated":true}]}}