{"id":3361,"date":"2022-07-28T10:54:30","date_gmt":"2022-07-28T08:54:30","guid":{"rendered":"http:\/\/turismodeosuna.es\/area-endorreica\/"},"modified":"2023-03-24T13:46:40","modified_gmt":"2023-03-24T12:46:40","slug":"endorheic-bereich","status":"publish","type":"page","link":"https:\/\/turismodeosuna.es\/en\/endorheic-bereich\/","title":{"rendered":"Endorheic Bereich"},"content":{"rendered":"<div id=\"fws_69d9183451b4a\"  data-column-margin=\"default\" data-midnight=\"dark\"  class=\"wpb_row vc_row-fluid vc_row full-width-content vc_row-o-equal-height vc_row-flex vc_row-o-content-top\"  style=\"padding-top: 0px; padding-bottom: 0px; \"><div class=\"row-bg-wrap\" data-bg-animation=\"none\" data-bg-overlay=\"false\"><div class=\"inner-wrap\"><div class=\"row-bg viewport-desktop\"  style=\"\"><\/div><\/div><\/div><div class=\"row_col_wrap_12 col span_12 dark left\">\n\t<div  class=\"vc_col-sm-12 wpb_column column_container vc_column_container col no-extra-padding inherit_tablet inherit_phone\"  data-padding-pos=\"all\" data-has-bg-color=\"false\" data-bg-color=\"\" data-bg-opacity=\"1\" data-animation=\"\" data-delay=\"0\" >\n\t\t<div class=\"vc_column-inner\" >\n\t\t\t<div class=\"wpb_wrapper\">\n\t\t\t\t<div class=\"img-with-aniamtion-wrap center\" data-max-width=\"100%\" data-max-width-mobile=\"default\" data-shadow=\"none\" data-animation=\"fade-in\" >\n      <div class=\"inner\">\n        <div class=\"hover-wrap\"> \n          <div class=\"hover-wrap-inner\">\n            <img decoding=\"async\" class=\"img-with-animation skip-lazy\" data-delay=\"0\" height=\"400\" width=\"1920\" data-animation=\"fade-in\" src=\"https:\/\/turismodeosuna.es\/wp-content\/uploads\/2022\/08\/laguneira.jpg\" alt=\"\" srcset=\"https:\/\/turismodeosuna.es\/wp-content\/uploads\/2022\/08\/laguneira.jpg 1920w, https:\/\/turismodeosuna.es\/wp-content\/uploads\/2022\/08\/laguneira-300x63.jpg 300w, https:\/\/turismodeosuna.es\/wp-content\/uploads\/2022\/08\/laguneira-1024x213.jpg 1024w, https:\/\/turismodeosuna.es\/wp-content\/uploads\/2022\/08\/laguneira-768x160.jpg 768w, https:\/\/turismodeosuna.es\/wp-content\/uploads\/2022\/08\/laguneira-1536x320.jpg 1536w\" sizes=\"(max-width: 1920px) 100vw, 1920px\" \/>\n          <\/div>\n        <\/div>\n      <\/div>\n    <\/div><div class=\"img-with-aniamtion-wrap center\" data-max-width=\"100%\" data-max-width-mobile=\"default\" data-shadow=\"none\" data-animation=\"fade-in\" >\n      <div class=\"inner\">\n        <div class=\"hover-wrap\"> \n          <div class=\"hover-wrap-inner\">\n            <img decoding=\"async\" class=\"img-with-animation skip-lazy\" data-delay=\"0\" height=\"215\" width=\"1920\" data-animation=\"fade-in\" src=\"https:\/\/turismodeosuna.es\/wp-content\/uploads\/2022\/06\/sombrabanner-turismodeosuna.png\" alt=\"sombra\" srcset=\"https:\/\/turismodeosuna.es\/wp-content\/uploads\/2022\/06\/sombrabanner-turismodeosuna.png 1920w, https:\/\/turismodeosuna.es\/wp-content\/uploads\/2022\/06\/sombrabanner-turismodeosuna-300x34.png 300w, https:\/\/turismodeosuna.es\/wp-content\/uploads\/2022\/06\/sombrabanner-turismodeosuna-1024x115.png 1024w, https:\/\/turismodeosuna.es\/wp-content\/uploads\/2022\/06\/sombrabanner-turismodeosuna-768x86.png 768w, https:\/\/turismodeosuna.es\/wp-content\/uploads\/2022\/06\/sombrabanner-turismodeosuna-1536x172.png 1536w\" sizes=\"(max-width: 1920px) 100vw, 1920px\" \/>\n          <\/div>\n        <\/div>\n      <\/div>\n    <\/div>\n\t\t\t<\/div> \n\t\t<\/div>\n\t<\/div> \n<\/div><\/div>\n\t\t<div id=\"fws_69d918345543d\"  data-column-margin=\"default\" data-midnight=\"dark\"  class=\"wpb_row vc_row-fluid vc_row vc_row-o-equal-height vc_row-flex vc_row-o-content-middle  top_margin_-4pct top_margin_tablet_5pct top_margin_phone_5pct bottom_margin_tablet_0px\"  style=\"padding-top: 0px; padding-bottom: 0px; \"><div class=\"row-bg-wrap\" data-bg-animation=\"none\" data-bg-overlay=\"false\"><div class=\"inner-wrap\"><div class=\"row-bg viewport-desktop\"  style=\"\"><\/div><\/div><\/div><div class=\"row_col_wrap_12 col span_12 dark left\">\n\t<div  class=\"vc_col-sm-12 wpb_column column_container vc_column_container col no-extra-padding inherit_tablet inherit_phone\"  data-padding-pos=\"all\" data-has-bg-color=\"false\" data-bg-color=\"\" data-bg-opacity=\"1\" data-animation=\"\" data-delay=\"0\" >\n\t\t<div class=\"vc_column-inner\" >\n\t\t\t<div class=\"wpb_wrapper\">\n\t\t\t\t\n<div class=\"wpb_text_column wpb_content_element\" >\n\t<div class=\"wpb_wrapper\">\n\t\t<p><span style=\"color: #3c3c36;\"><span style=\"font-family: montserrat, serif;\"><span style=\"font-size: x-large;\"><b>Endorheic Bereich. Die Lagunen von Osuna<\/b><\/span><\/span><\/span><\/p>\n\t<\/div>\n<\/div>\n\n\n\n\n\t\t\t<\/div> \n\t\t<\/div>\n\t<\/div> \n<\/div><\/div>\n\t\t<div id=\"fws_69d91834556ec\"  data-column-margin=\"default\" data-midnight=\"dark\"  class=\"wpb_row vc_row-fluid vc_row vc_row-o-equal-height vc_row-flex vc_row-o-content-middle  bottom_margin_6pct top_margin_tablet_5pct top_margin_phone_5pct bottom_margin_tablet_0px\"  style=\"padding-top: 0px; padding-bottom: 0px; \"><div class=\"row-bg-wrap\" data-bg-animation=\"none\" data-bg-overlay=\"false\"><div class=\"inner-wrap\"><div class=\"row-bg viewport-desktop\"  style=\"\"><\/div><\/div><\/div><div class=\"row_col_wrap_12 col span_12 dark left\">\n\t<div  class=\"vc_col-sm-12 wpb_column column_container vc_column_container col no-extra-padding inherit_tablet inherit_phone\"  data-padding-pos=\"all\" data-has-bg-color=\"false\" data-bg-color=\"\" data-bg-opacity=\"1\" data-animation=\"\" data-delay=\"0\" >\n\t\t<div class=\"vc_column-inner\" >\n\t\t\t<div class=\"wpb_wrapper\">\n\t\t\t\t\n<div class=\"wpb_text_column wpb_content_element\" >\n\t<div class=\"wpb_wrapper\">\n\t\t<p>Las Turquillas liegt s\u00fcd\u00f6stlich der Gemeinde Osuna im Herzen Andalusiens und darin k\u00f6nnen wir einen der gr\u00f6\u00dften nat\u00fcrlichen Werte der Region genie\u00dfen, den endorheischen Komplex Osuna-Lantejuela, der nach dem Gesetz zum Naturschutzgebiet erkl\u00e4rt wurde 2\/1989, 18. Juli, Inventar der gesch\u00fctzten Naturr\u00e4ume Andalusiens. Der Bewirtschaftungsplan f\u00fcr nat\u00fcrliche Ressourcen dieses Reservats, der auch andere nat\u00fcrliche Reservate in der Provinz umfasst, wurde durch Dekret 419\/2000 vom 7. November (BOJA Nr. 9 vom 23.01.2001) genehmigt. . Dieser Komplex geh\u00f6rt zu den von der Autonomen Gemeinschaft Andalusien vorgeschlagenen Places of Community Importance (LIC). Auf dieser Weide von gro\u00dfem \u00f6kologischen Wert finden wir eine gro\u00dfe Artenvielfalt, die sicherlich f\u00fcr alle Naturliebhaber und insbesondere f\u00fcr alle Fans der Ornithologie von Befriedigung sein wird. Darin vereinen sich zwei verschiedene \u00d6kosysteme, die Weide und die Feuchtgebiete, eine eigenartige Vereinigung, die dazu f\u00fchrt, dass wir eine gro\u00dfe Vielfalt an V\u00f6geln und eine unkalkulierbare Landschaftssch\u00f6nheit finden. Innerhalb seiner Grenzen finden wir Lagunen, die als Calder\u00f3n Grande, La Huerta, La Hoya de la Turquilla und Calder\u00f3n Chica y la Ballestera bekannt sind.<\/p>\n<h4>Lagune Calder\u00f3n Chica<\/h4>\n<p>Der hohe Salzgehalt, der sein Wasser charakterisiert, stellt einen der auff\u00e4lligsten Werte des endorheischen Komplexes dar, da er die Besiedlung sehr spezialisierter Arten mit einer sehr eingeschr\u00e4nkten Verbreitung wie dem Wassermakrophyten Althenia Orientalis bewirkt. Eine Lagune mit sp\u00e4rlicher Vegetation, die aus einigen isolierten Tara-F\u00fc\u00dfen zusammen mit einigen Exemplaren von Schilf, Salicornias und anderen Arten besteht, die an Bedingungen mit hohem Salzgehalt angepasst sind<\/p>\n<h4>Lagune La Ballestera<\/h4>\n<p>Es gibt auch eine stark degradierte perilagunare Vegetation, die Bereiche von Schilfg\u00e4rten und isolierten F\u00fc\u00dfen von Taraje konserviert. Trotzdem ist diese Lagune von au\u00dferordentlicher Bedeutung, da zwei Arten von Wasserpflanzen der Gattung Althenia in Andalusien nur sehr begrenzt verbreitet sind. Dar\u00fcber hinaus ist es als eines der \u00f6kologisch reichsten Schutzgebiete und f\u00fcr seine flachen Gew\u00e4sser gekennzeichnet.<\/p>\n<h4>Lagune Calder\u00f3n Grande<\/h4>\n<p>Die Lagune Calder\u00f3n ist die wichtigste aller bestehenden Lagunen. Sie zeichnet sich durch ihre Ausdehnung von 200 Hektar, den konstanten Charakter ihres Wassers dank der Beitr\u00e4ge des Salado-Stroms und die interessante Randvegetation aus, die die wichtigste Tiergemeinschaft des Komplexes beherbergt.<\/p>\n<p>Die Bedeutung dieses Komplexes f\u00fcr die Fauna liegt in der F\u00fclle der Wasserv\u00f6gel, da sie normalerweise von zahlreichen wandernden Wasserv\u00f6geln besucht werden. Dies unterstreicht die Enten, die in diesem Gebiet einen Ruhe- und Fortpflanzungsort finden: Blauwei\u00df, L\u00f6ffelenten, Pfeifenten, Gl\u00e4ser Wei\u00df, Flamingos und gelegentlich G\u00e4nse. Die jahrhundertealten Steineichen sind der ideale Ort, um gro\u00dfe Greifv\u00f6gel wie den Royal Kite, den Bonelli-Adler, den Lagunero, den Buzzard&#8217;s Hawk oder den Ash Hawk zu legen. V\u00f6gel, die uns ohne Zweifel wundersch\u00f6ne Bilder bieten und uns in ihre spektakul\u00e4ren Fl\u00fcge verlieben werden. Unter allen durchgef\u00fchrten Ma\u00dfnahmen k\u00f6nnen wir die Restaurierung einer bedeutenden und merkw\u00fcrdigen S\u00e4ule, den Bau von 3 ornithologischen Observatorien, die Einrichtung eines Picknickplatzes, die Wiederaufforstung mit mehr als 3.000 Pflanzen sowie die Volksz\u00e4hlung und Untersuchung dieser Lagunen hervorheben. Unser Ziel ist es, den gro\u00dfen Reichtum an Vogelwelt in der Gemeinde zu f\u00f6rdern und zu verbreiten, ein informatives Instrument f\u00fcr den ornithologischen Tourismus bereitzustellen und Menschen anzulocken, die sich zunehmend f\u00fcr die Natur interessieren.<\/p>\n\t<\/div>\n<\/div>\n\n\n\n\n\t<div class=\"wpb_gallery wpb_content_element clearfix\">\n\t\t<div class=\"wpb_wrapper\"><div class=\"wpb_gallery_slidesflickity_style\" data-onclick=\"link_image\" data-interval=\"5\"><div class=\"nectar-flickity not-initialized\"  data-touch-icon-color=\"default\" data-stagger=\"\" data-drag-scale=\"\" data-overflow=\"hidden\" data-wrap=\"wrap\" data-spacing=\"default\" data-shadow=\"none\" data-autoplay=\"\" data-autoplay-dur=\"\" data-free-scroll=\"\" data-controls=\"pagination\" data-desktop-columns=\"1\" data-small-desktop-columns=\"1\" data-tablet-columns=\"1\" data-phone-columns=\"1\"><div class=\"flickity-viewport\"> <div class=\"flickity-slider\"><div class=\"cell\" data-lazy=\"false\"><img decoding=\"async\" class=\"skip-lazy nectar-lazy\" src=\"https:\/\/turismodeosuna.es\/wp-content\/uploads\/2022\/07\/LAGUNAS_5-600x400.webp\" width=\"600\" height=\"400\" alt=\"LAGUNAS_5\" title=\"LAGUNAS_5\" \/><a class=\"entire-slide-link\"  href=\"https:\/\/turismodeosuna.es\/wp-content\/uploads\/2022\/07\/LAGUNAS_5.webp\"><\/a><\/div><div class=\"cell\" data-lazy=\"false\"><img decoding=\"async\" class=\"skip-lazy nectar-lazy\" src=\"https:\/\/turismodeosuna.es\/wp-content\/uploads\/2022\/07\/LAGUNAS_3-600x400.webp\" width=\"600\" height=\"400\" alt=\"LAGUNAS_3\" title=\"LAGUNAS_3\" \/><a class=\"entire-slide-link\"  href=\"https:\/\/turismodeosuna.es\/wp-content\/uploads\/2022\/07\/LAGUNAS_3.webp\"><\/a><\/div><div class=\"cell\" data-lazy=\"false\"><img decoding=\"async\" class=\"skip-lazy nectar-lazy\" src=\"https:\/\/turismodeosuna.es\/wp-content\/uploads\/2022\/07\/LAGUNAS_1-600x400.webp\" width=\"600\" height=\"400\" alt=\"LAGUNAS_1\" title=\"LAGUNAS_1\" \/><a class=\"entire-slide-link\"  href=\"https:\/\/turismodeosuna.es\/wp-content\/uploads\/2022\/07\/LAGUNAS_1.webp\"><\/a><\/div><div class=\"cell\" data-lazy=\"false\"><img decoding=\"async\" class=\"skip-lazy nectar-lazy\" src=\"https:\/\/turismodeosuna.es\/wp-content\/uploads\/2022\/07\/Lagunas_de_Osuna-600x400.webp\" width=\"600\" height=\"400\" alt=\"Lagunas_de_Osuna\" title=\"Lagunas_de_Osuna\" \/><a class=\"entire-slide-link\"  href=\"https:\/\/turismodeosuna.es\/wp-content\/uploads\/2022\/07\/Lagunas_de_Osuna.webp\"><\/a><\/div><div class=\"cell\" data-lazy=\"false\"><img decoding=\"async\" class=\"skip-lazy nectar-lazy\" src=\"https:\/\/turismodeosuna.es\/wp-content\/uploads\/2022\/07\/LAGUNAS-2-600x400.webp\" width=\"600\" height=\"400\" alt=\"LAGUNAS\" title=\"LAGUNAS\" \/><a class=\"entire-slide-link\"  href=\"https:\/\/turismodeosuna.es\/wp-content\/uploads\/2022\/07\/LAGUNAS-2.webp\"><\/a><\/div><\/div><\/div><\/div><\/div>\n\t\t<\/div> \n\t<\/div> \n\t\t\t<\/div> \n\t\t<\/div>\n\t<\/div> \n<\/div><\/div>","protected":false},"excerpt":{"rendered":"Endorheic Bereich. Die Lagunen von Osuna Las Turquillas liegt s\u00fcd\u00f6stlich der Gemeinde Osuna im Herzen Andalusiens und darin k\u00f6nnen wir einen der gr\u00f6\u00dften nat\u00fcrlichen Werte der Region genie\u00dfen, den endorheischen...","protected":false},"author":3,"featured_media":0,"parent":0,"menu_order":0,"comment_status":"closed","ping_status":"closed","template":"","meta":{"inline_featured_image":false,"footnotes":""},"class_list":["post-3361","page","type-page","status-publish"],"yoast_head":"<!-- This site is optimized with the Yoast SEO plugin v25.3 - https:\/\/yoast.com\/wordpress\/plugins\/seo\/ -->\n<title>Endorheic Bereich - Turismo Osuna<\/title>\n<meta name=\"robots\" content=\"index, follow, max-snippet:-1, max-image-preview:large, max-video-preview:-1\" \/>\n<link rel=\"canonical\" href=\"https:\/\/turismodeosuna.es\/en\/endorheic-bereich\/\" \/>\n<meta property=\"og:locale\" content=\"en_GB\" \/>\n<meta property=\"og:type\" content=\"article\" \/>\n<meta property=\"og:title\" content=\"Endorheic Bereich - Turismo Osuna\" \/>\n<meta property=\"og:url\" content=\"https:\/\/turismodeosuna.es\/en\/endorheic-bereich\/\" \/>\n<meta property=\"og:site_name\" content=\"Turismo Osuna\" \/>\n<meta property=\"article:modified_time\" content=\"2023-03-24T12:46:40+00:00\" \/>\n<meta name=\"twitter:card\" content=\"summary_large_image\" \/>\n<meta name=\"twitter:label1\" content=\"Estimated reading time\" \/>\n\t<meta name=\"twitter:data1\" content=\"4 minutes\" \/>\n<script type=\"application\/ld+json\" class=\"yoast-schema-graph\">{\"@context\":\"https:\/\/schema.org\",\"@graph\":[{\"@type\":\"WebPage\",\"@id\":\"https:\/\/turismodeosuna.es\/endorheic-bereich\/\",\"url\":\"https:\/\/turismodeosuna.es\/endorheic-bereich\/\",\"name\":\"Endorheic Bereich - Turismo Osuna\",\"isPartOf\":{\"@id\":\"https:\/\/turismodeosuna.es\/#website\"},\"datePublished\":\"2022-07-28T08:54:30+00:00\",\"dateModified\":\"2023-03-24T12:46:40+00:00\",\"breadcrumb\":{\"@id\":\"https:\/\/turismodeosuna.es\/endorheic-bereich\/#breadcrumb\"},\"inLanguage\":\"en-GB\",\"potentialAction\":[{\"@type\":\"ReadAction\",\"target\":[\"https:\/\/turismodeosuna.es\/endorheic-bereich\/\"]}]},{\"@type\":\"BreadcrumbList\",\"@id\":\"https:\/\/turismodeosuna.es\/endorheic-bereich\/#breadcrumb\",\"itemListElement\":[{\"@type\":\"ListItem\",\"position\":1,\"name\":\"Portada\",\"item\":\"https:\/\/turismodeosuna.es\/\"},{\"@type\":\"ListItem\",\"position\":2,\"name\":\"Endorheic Bereich\"}]},{\"@type\":\"WebSite\",\"@id\":\"https:\/\/turismodeosuna.es\/#website\",\"url\":\"https:\/\/turismodeosuna.es\/\",\"name\":\"Turismo Osuna\",\"description\":\"Turismo de Osuna\",\"potentialAction\":[{\"@type\":\"SearchAction\",\"target\":{\"@type\":\"EntryPoint\",\"urlTemplate\":\"https:\/\/turismodeosuna.es\/?s={search_term_string}\"},\"query-input\":{\"@type\":\"PropertyValueSpecification\",\"valueRequired\":true,\"valueName\":\"search_term_string\"}}],\"inLanguage\":\"en-GB\"}]}<\/script>\n<!-- \/ Yoast SEO plugin. -->","yoast_head_json":{"title":"Endorheic Bereich - Turismo Osuna","robots":{"index":"index","follow":"follow","max-snippet":"max-snippet:-1","max-image-preview":"max-image-preview:large","max-video-preview":"max-video-preview:-1"},"canonical":"https:\/\/turismodeosuna.es\/en\/endorheic-bereich\/","og_locale":"en_GB","og_type":"article","og_title":"Endorheic Bereich - Turismo Osuna","og_url":"https:\/\/turismodeosuna.es\/en\/endorheic-bereich\/","og_site_name":"Turismo Osuna","article_modified_time":"2023-03-24T12:46:40+00:00","twitter_card":"summary_large_image","twitter_misc":{"Estimated reading time":"4 minutes"},"schema":{"@context":"https:\/\/schema.org","@graph":[{"@type":"WebPage","@id":"https:\/\/turismodeosuna.es\/endorheic-bereich\/","url":"https:\/\/turismodeosuna.es\/endorheic-bereich\/","name":"Endorheic Bereich - Turismo Osuna","isPartOf":{"@id":"https:\/\/turismodeosuna.es\/#website"},"datePublished":"2022-07-28T08:54:30+00:00","dateModified":"2023-03-24T12:46:40+00:00","breadcrumb":{"@id":"https:\/\/turismodeosuna.es\/endorheic-bereich\/#breadcrumb"},"inLanguage":"en-GB","potentialAction":[{"@type":"ReadAction","target":["https:\/\/turismodeosuna.es\/endorheic-bereich\/"]}]},{"@type":"BreadcrumbList","@id":"https:\/\/turismodeosuna.es\/endorheic-bereich\/#breadcrumb","itemListElement":[{"@type":"ListItem","position":1,"name":"Portada","item":"https:\/\/turismodeosuna.es\/"},{"@type":"ListItem","position":2,"name":"Endorheic Bereich"}]},{"@type":"WebSite","@id":"https:\/\/turismodeosuna.es\/#website","url":"https:\/\/turismodeosuna.es\/","name":"Turismo Osuna","description":"Turismo de Osuna","potentialAction":[{"@type":"SearchAction","target":{"@type":"EntryPoint","urlTemplate":"https:\/\/turismodeosuna.es\/?s={search_term_string}"},"query-input":{"@type":"PropertyValueSpecification","valueRequired":true,"valueName":"search_term_string"}}],"inLanguage":"en-GB"}]}},"_links":{"self":[{"href":"https:\/\/turismodeosuna.es\/en\/wp-json\/wp\/v2\/pages\/3361","targetHints":{"allow":["GET"]}}],"collection":[{"href":"https:\/\/turismodeosuna.es\/en\/wp-json\/wp\/v2\/pages"}],"about":[{"href":"https:\/\/turismodeosuna.es\/en\/wp-json\/wp\/v2\/types\/page"}],"author":[{"embeddable":true,"href":"https:\/\/turismodeosuna.es\/en\/wp-json\/wp\/v2\/users\/3"}],"replies":[{"embeddable":true,"href":"https:\/\/turismodeosuna.es\/en\/wp-json\/wp\/v2\/comments?post=3361"}],"version-history":[{"count":5,"href":"https:\/\/turismodeosuna.es\/en\/wp-json\/wp\/v2\/pages\/3361\/revisions"}],"predecessor-version":[{"id":5915,"href":"https:\/\/turismodeosuna.es\/en\/wp-json\/wp\/v2\/pages\/3361\/revisions\/5915"}],"wp:attachment":[{"href":"https:\/\/turismodeosuna.es\/en\/wp-json\/wp\/v2\/media?parent=3361"}],"curies":[{"name":"wp","href":"https:\/\/api.w.org\/{rel}","templated":true}]}}