{"id":3371,"date":"2022-07-28T10:29:46","date_gmt":"2022-07-28T08:29:46","guid":{"rendered":"http:\/\/turismodeosuna.es\/ruta-de-la-campina\/"},"modified":"2023-03-24T13:43:20","modified_gmt":"2023-03-24T12:43:20","slug":"radtourenroute-campina","status":"publish","type":"page","link":"https:\/\/turismodeosuna.es\/en\/radtourenroute-campina\/","title":{"rendered":"Radtourenroute Campi\u00f1a"},"content":{"rendered":"<div id=\"fws_69d917e7e4b87\"  data-column-margin=\"default\" data-midnight=\"dark\"  class=\"wpb_row vc_row-fluid vc_row full-width-content vc_row-o-equal-height vc_row-flex vc_row-o-content-top\"  style=\"padding-top: 0px; padding-bottom: 0px; \"><div class=\"row-bg-wrap\" data-bg-animation=\"none\" data-bg-overlay=\"false\"><div class=\"inner-wrap\"><div class=\"row-bg viewport-desktop\"  style=\"\"><\/div><\/div><\/div><div class=\"row_col_wrap_12 col span_12 dark left\">\n\t<div  class=\"vc_col-sm-12 wpb_column column_container vc_column_container col no-extra-padding inherit_tablet inherit_phone\"  data-padding-pos=\"all\" data-has-bg-color=\"false\" data-bg-color=\"\" data-bg-opacity=\"1\" data-animation=\"\" data-delay=\"0\" >\n\t\t<div class=\"vc_column-inner\" >\n\t\t\t<div class=\"wpb_wrapper\">\n\t\t\t\t<div class=\"img-with-aniamtion-wrap center\" data-max-width=\"100%\" data-max-width-mobile=\"default\" data-shadow=\"none\" data-animation=\"fade-in\" >\n      <div class=\"inner\">\n        <div class=\"hover-wrap\"> \n          <div class=\"hover-wrap-inner\">\n            <img decoding=\"async\" class=\"img-with-animation skip-lazy img-sendero\" data-delay=\"0\" height=\"400\" width=\"1920\" data-animation=\"fade-in\" src=\"https:\/\/turismodeosuna.es\/wp-content\/uploads\/2022\/07\/banner-senderocicloturista-turismoosuna.webp\" alt=\"\" srcset=\"https:\/\/turismodeosuna.es\/wp-content\/uploads\/2022\/07\/banner-senderocicloturista-turismoosuna.webp 1920w, https:\/\/turismodeosuna.es\/wp-content\/uploads\/2022\/07\/banner-senderocicloturista-turismoosuna-300x63.webp 300w, https:\/\/turismodeosuna.es\/wp-content\/uploads\/2022\/07\/banner-senderocicloturista-turismoosuna-1024x213.webp 1024w, https:\/\/turismodeosuna.es\/wp-content\/uploads\/2022\/07\/banner-senderocicloturista-turismoosuna-768x160.webp 768w, https:\/\/turismodeosuna.es\/wp-content\/uploads\/2022\/07\/banner-senderocicloturista-turismoosuna-1536x320.webp 1536w\" sizes=\"(max-width: 1920px) 100vw, 1920px\" \/>\n          <\/div>\n        <\/div>\n      <\/div>\n    <\/div><div class=\"img-with-aniamtion-wrap center\" data-max-width=\"100%\" data-max-width-mobile=\"default\" data-shadow=\"none\" data-animation=\"fade-in\" >\n      <div class=\"inner\">\n        <div class=\"hover-wrap\"> \n          <div class=\"hover-wrap-inner\">\n            <img decoding=\"async\" class=\"img-with-animation skip-lazy\" data-delay=\"0\" height=\"215\" width=\"1920\" data-animation=\"fade-in\" src=\"https:\/\/turismodeosuna.es\/wp-content\/uploads\/2022\/06\/sombrabanner-turismodeosuna.png\" alt=\"sombra\" srcset=\"https:\/\/turismodeosuna.es\/wp-content\/uploads\/2022\/06\/sombrabanner-turismodeosuna.png 1920w, https:\/\/turismodeosuna.es\/wp-content\/uploads\/2022\/06\/sombrabanner-turismodeosuna-300x34.png 300w, https:\/\/turismodeosuna.es\/wp-content\/uploads\/2022\/06\/sombrabanner-turismodeosuna-1024x115.png 1024w, https:\/\/turismodeosuna.es\/wp-content\/uploads\/2022\/06\/sombrabanner-turismodeosuna-768x86.png 768w, https:\/\/turismodeosuna.es\/wp-content\/uploads\/2022\/06\/sombrabanner-turismodeosuna-1536x172.png 1536w\" sizes=\"(max-width: 1920px) 100vw, 1920px\" \/>\n          <\/div>\n        <\/div>\n      <\/div>\n    <\/div>\n\t\t\t<\/div> \n\t\t<\/div>\n\t<\/div> \n<\/div><\/div>\n\t\t<div id=\"fws_69d917e7e5311\"  data-column-margin=\"default\" data-midnight=\"dark\"  class=\"wpb_row vc_row-fluid vc_row vc_row-o-equal-height vc_row-flex vc_row-o-content-middle  top_margin_-4pct top_margin_tablet_5pct top_margin_phone_5pct bottom_margin_tablet_0px\"  style=\"padding-top: 0px; padding-bottom: 0px; \"><div class=\"row-bg-wrap\" data-bg-animation=\"none\" data-bg-overlay=\"false\"><div class=\"inner-wrap\"><div class=\"row-bg viewport-desktop\"  style=\"\"><\/div><\/div><\/div><div class=\"row_col_wrap_12 col span_12 dark left\">\n\t<div  class=\"vc_col-sm-12 wpb_column column_container vc_column_container col no-extra-padding inherit_tablet inherit_phone\"  data-padding-pos=\"all\" data-has-bg-color=\"false\" data-bg-color=\"\" data-bg-opacity=\"1\" data-animation=\"\" data-delay=\"0\" >\n\t\t<div class=\"vc_column-inner\" >\n\t\t\t<div class=\"wpb_wrapper\">\n\t\t\t\t\n<div class=\"wpb_text_column wpb_content_element\" >\n\t<div class=\"wpb_wrapper\">\n\t\t<h1 style=\"text-align: center;\">Radtourenroute Campi\u00f1a<\/h1>\n\t<\/div>\n<\/div>\n\n\n\n\n<div class=\"wpb_text_column wpb_content_element\" >\n\t<div class=\"wpb_wrapper\">\n\t\t<p>Start- und Endpunkt dieser Route ist das Osuna Municipal Sports Center. Die Route f\u00fchrt uns durch Getreidepfade und durchquert mehrere wichtige Bauernh\u00e4user in der Landschaft von Osuna. Ausgehend vom st\u00e4dtischen Sportzentrum m\u00fcssen wir zum Gewerbegebiet von Las Vegas fahren. \u00dcber die Tankstelle in diesem Industriegebiet gelangen wir in die \u00abCa\u00f1ada Real de Mor\u00f3n\u00bb (\u00fcber die Servicespur) und kurz nach der \u00dcberquerung des \u00abArroyo del Peinado\u00bb. Wir nehmen die \u00abVereda de Otero\u00bb auf der rechten Seite, kurz nachdem wir wieder links abbiegen, um den \u00abCamino del Cambr\u00f3n\u00bb zu nehmen, den wir bis zur \u00abCortijo de la Due\u00f1a Baja\u00bb fortsetzen. An dieser Stelle betreten wir die Olivenhaine, die wir sehen werden, und verbinden uns mit der \u00abVereda de la Romera\u00bb, die durch die \u00abCortijo Venta de la Romera\u00bb f\u00fchrt. Wir befinden uns an der Kreuzung der Stra\u00dfen \u00abSE-715\u00bb mit der \u00abSE\u00bb -716 \u201d, in dem wir auf dieser zuletzt genannten Stra\u00dfe geradeaus weiterfahren. Hier m\u00fcssen wir einen Abschnitt von ungef\u00e4hr 3 km pro Asphalt machen, bis wir wieder eine Kreuzung erreichen, an der wir den Weg nehmen m\u00fcssen, den wir rechts sehen, und so in die \u00abVereda del Alamillo\u00bb einfahren, die wir weiter durch den \u00abCortijo de Pajares\u00bb fahren werden. bis Sie die n\u00e4chste Stra\u00dfenkreuzung erreichen. Sobald wir die Autobahn \u00abSE-710\u00bb (Lantejuela Highway) \u00fcberqueren, k\u00f6nnen wir die \u00abCortijo Casa Blanca\u00bb sehen, die von einem riesigen Olivenhain umgeben ist. Wir setzen unsere Route durch die \u00abVereda de Rabadanes\u00bb fort und folgen ihr. Auf der rechten Seite finden wir den \u00abCortijo de Cantalejos\u00bb. Am Ende erreichen wir die \u00abCa\u00f1ada Real de Lucena\u00bb. Wir folgen dieser Schlucht, vorbei am \u00abCortijo de Topetecano\u00bb. Wir erreichen eine weitere Kreuzung in Die Stra\u00dfe A-351 (Carretera de \u00c9cija-Osuna) muss \u00fcberquert werden. Danach erreichen wir den letzten Abschnitt unserer Route. Wir biegen rechts ab, nehmen den \u201eCamino de Santa Cruz\u201c und fahren ohne Umweg weiter. Wenn wir ungef\u00e4hr die H\u00e4lfte dieses letzten Abschnitts erreichen, sto\u00dfen wir auf den \u00abCortijo de Santa Cruz\u00bb, passieren das Bauernhaus und fahren geradeaus weiter, bis wir endlich wieder die Gemeinde erreichen. Es ist erw\u00e4hnenswert, dass in der Regenzeit einige der Stra\u00dfen unpraktisch werden. Es gibt einige Alternativen, wie die an der Kreuzung mit der \u00abVereda de los Arenosos\u00bb, km 9,8 ungef\u00e4hr der Strecke, wo wir rechts zum Maestre-H\u00fcgel abbiegen und nach dem Passieren des \u00abCortijo Los Arenosos\u00bb den B\u00fcrgersteig nehmen k\u00f6nnen del Alcaparral kurz vor Erreichen der Stra\u00dfe.<\/p>\n\t<\/div>\n<\/div>\n\n\n\n\n\t\t\t<\/div> \n\t\t<\/div>\n\t<\/div> \n<\/div><\/div>","protected":false},"excerpt":{"rendered":"Radtourenroute Campi\u00f1a Start- und Endpunkt dieser Route ist das Osuna Municipal Sports Center. Die Route f\u00fchrt uns durch Getreidepfade und durchquert mehrere wichtige Bauernh\u00e4user in der Landschaft von Osuna. Ausgehend...","protected":false},"author":3,"featured_media":0,"parent":0,"menu_order":0,"comment_status":"closed","ping_status":"closed","template":"","meta":{"inline_featured_image":false,"footnotes":""},"class_list":["post-3371","page","type-page","status-publish"],"yoast_head":"<!-- This site is optimized with the Yoast SEO plugin v25.3 - https:\/\/yoast.com\/wordpress\/plugins\/seo\/ -->\n<title>Radtourenroute Campi\u00f1a - Turismo Osuna<\/title>\n<meta name=\"robots\" content=\"index, follow, max-snippet:-1, max-image-preview:large, max-video-preview:-1\" \/>\n<link rel=\"canonical\" href=\"https:\/\/turismodeosuna.es\/en\/radtourenroute-campina\/\" \/>\n<meta property=\"og:locale\" content=\"en_GB\" \/>\n<meta property=\"og:type\" content=\"article\" \/>\n<meta property=\"og:title\" content=\"Radtourenroute Campi\u00f1a - Turismo Osuna\" \/>\n<meta property=\"og:url\" content=\"https:\/\/turismodeosuna.es\/en\/radtourenroute-campina\/\" \/>\n<meta property=\"og:site_name\" content=\"Turismo Osuna\" \/>\n<meta property=\"article:modified_time\" content=\"2023-03-24T12:43:20+00:00\" \/>\n<meta name=\"twitter:card\" content=\"summary_large_image\" \/>\n<meta name=\"twitter:label1\" content=\"Estimated reading time\" \/>\n\t<meta name=\"twitter:data1\" content=\"3 minutes\" \/>\n<script type=\"application\/ld+json\" class=\"yoast-schema-graph\">{\"@context\":\"https:\/\/schema.org\",\"@graph\":[{\"@type\":\"WebPage\",\"@id\":\"https:\/\/turismodeosuna.es\/radtourenroute-campina\/\",\"url\":\"https:\/\/turismodeosuna.es\/radtourenroute-campina\/\",\"name\":\"Radtourenroute Campi\u00f1a - Turismo Osuna\",\"isPartOf\":{\"@id\":\"https:\/\/turismodeosuna.es\/#website\"},\"datePublished\":\"2022-07-28T08:29:46+00:00\",\"dateModified\":\"2023-03-24T12:43:20+00:00\",\"breadcrumb\":{\"@id\":\"https:\/\/turismodeosuna.es\/radtourenroute-campina\/#breadcrumb\"},\"inLanguage\":\"en-GB\",\"potentialAction\":[{\"@type\":\"ReadAction\",\"target\":[\"https:\/\/turismodeosuna.es\/radtourenroute-campina\/\"]}]},{\"@type\":\"BreadcrumbList\",\"@id\":\"https:\/\/turismodeosuna.es\/radtourenroute-campina\/#breadcrumb\",\"itemListElement\":[{\"@type\":\"ListItem\",\"position\":1,\"name\":\"Portada\",\"item\":\"https:\/\/turismodeosuna.es\/\"},{\"@type\":\"ListItem\",\"position\":2,\"name\":\"Radtourenroute Campi\u00f1a\"}]},{\"@type\":\"WebSite\",\"@id\":\"https:\/\/turismodeosuna.es\/#website\",\"url\":\"https:\/\/turismodeosuna.es\/\",\"name\":\"Turismo Osuna\",\"description\":\"Turismo de Osuna\",\"potentialAction\":[{\"@type\":\"SearchAction\",\"target\":{\"@type\":\"EntryPoint\",\"urlTemplate\":\"https:\/\/turismodeosuna.es\/?s={search_term_string}\"},\"query-input\":{\"@type\":\"PropertyValueSpecification\",\"valueRequired\":true,\"valueName\":\"search_term_string\"}}],\"inLanguage\":\"en-GB\"}]}<\/script>\n<!-- \/ Yoast SEO plugin. -->","yoast_head_json":{"title":"Radtourenroute Campi\u00f1a - Turismo Osuna","robots":{"index":"index","follow":"follow","max-snippet":"max-snippet:-1","max-image-preview":"max-image-preview:large","max-video-preview":"max-video-preview:-1"},"canonical":"https:\/\/turismodeosuna.es\/en\/radtourenroute-campina\/","og_locale":"en_GB","og_type":"article","og_title":"Radtourenroute Campi\u00f1a - Turismo Osuna","og_url":"https:\/\/turismodeosuna.es\/en\/radtourenroute-campina\/","og_site_name":"Turismo Osuna","article_modified_time":"2023-03-24T12:43:20+00:00","twitter_card":"summary_large_image","twitter_misc":{"Estimated reading time":"3 minutes"},"schema":{"@context":"https:\/\/schema.org","@graph":[{"@type":"WebPage","@id":"https:\/\/turismodeosuna.es\/radtourenroute-campina\/","url":"https:\/\/turismodeosuna.es\/radtourenroute-campina\/","name":"Radtourenroute Campi\u00f1a - Turismo Osuna","isPartOf":{"@id":"https:\/\/turismodeosuna.es\/#website"},"datePublished":"2022-07-28T08:29:46+00:00","dateModified":"2023-03-24T12:43:20+00:00","breadcrumb":{"@id":"https:\/\/turismodeosuna.es\/radtourenroute-campina\/#breadcrumb"},"inLanguage":"en-GB","potentialAction":[{"@type":"ReadAction","target":["https:\/\/turismodeosuna.es\/radtourenroute-campina\/"]}]},{"@type":"BreadcrumbList","@id":"https:\/\/turismodeosuna.es\/radtourenroute-campina\/#breadcrumb","itemListElement":[{"@type":"ListItem","position":1,"name":"Portada","item":"https:\/\/turismodeosuna.es\/"},{"@type":"ListItem","position":2,"name":"Radtourenroute Campi\u00f1a"}]},{"@type":"WebSite","@id":"https:\/\/turismodeosuna.es\/#website","url":"https:\/\/turismodeosuna.es\/","name":"Turismo Osuna","description":"Turismo de Osuna","potentialAction":[{"@type":"SearchAction","target":{"@type":"EntryPoint","urlTemplate":"https:\/\/turismodeosuna.es\/?s={search_term_string}"},"query-input":{"@type":"PropertyValueSpecification","valueRequired":true,"valueName":"search_term_string"}}],"inLanguage":"en-GB"}]}},"_links":{"self":[{"href":"https:\/\/turismodeosuna.es\/en\/wp-json\/wp\/v2\/pages\/3371","targetHints":{"allow":["GET"]}}],"collection":[{"href":"https:\/\/turismodeosuna.es\/en\/wp-json\/wp\/v2\/pages"}],"about":[{"href":"https:\/\/turismodeosuna.es\/en\/wp-json\/wp\/v2\/types\/page"}],"author":[{"embeddable":true,"href":"https:\/\/turismodeosuna.es\/en\/wp-json\/wp\/v2\/users\/3"}],"replies":[{"embeddable":true,"href":"https:\/\/turismodeosuna.es\/en\/wp-json\/wp\/v2\/comments?post=3371"}],"version-history":[{"count":2,"href":"https:\/\/turismodeosuna.es\/en\/wp-json\/wp\/v2\/pages\/3371\/revisions"}],"predecessor-version":[{"id":5911,"href":"https:\/\/turismodeosuna.es\/en\/wp-json\/wp\/v2\/pages\/3371\/revisions\/5911"}],"wp:attachment":[{"href":"https:\/\/turismodeosuna.es\/en\/wp-json\/wp\/v2\/media?parent=3371"}],"curies":[{"name":"wp","href":"https:\/\/api.w.org\/{rel}","templated":true}]}}