{"id":3375,"date":"2022-07-28T10:37:24","date_gmt":"2022-07-28T08:37:24","guid":{"rendered":"http:\/\/turismodeosuna.es\/ruta-de-la-mesada\/"},"modified":"2023-03-24T13:51:52","modified_gmt":"2023-03-24T12:51:52","slug":"radtourenroute-mesada","status":"publish","type":"page","link":"https:\/\/turismodeosuna.es\/en\/radtourenroute-mesada\/","title":{"rendered":"Radtourenroute Mesada"},"content":{"rendered":"<div id=\"fws_69d917e3e4d9c\"  data-column-margin=\"default\" data-midnight=\"dark\"  class=\"wpb_row vc_row-fluid vc_row full-width-content vc_row-o-equal-height vc_row-flex vc_row-o-content-top\"  style=\"padding-top: 0px; padding-bottom: 0px; \"><div class=\"row-bg-wrap\" data-bg-animation=\"none\" data-bg-overlay=\"false\"><div class=\"inner-wrap\"><div class=\"row-bg viewport-desktop\"  style=\"\"><\/div><\/div><\/div><div class=\"row_col_wrap_12 col span_12 dark left\">\n\t<div  class=\"vc_col-sm-12 wpb_column column_container vc_column_container col no-extra-padding inherit_tablet inherit_phone\"  data-padding-pos=\"all\" data-has-bg-color=\"false\" data-bg-color=\"\" data-bg-opacity=\"1\" data-animation=\"\" data-delay=\"0\" >\n\t\t<div class=\"vc_column-inner\" >\n\t\t\t<div class=\"wpb_wrapper\">\n\t\t\t\t<div class=\"img-with-aniamtion-wrap center\" data-max-width=\"100%\" data-max-width-mobile=\"default\" data-shadow=\"none\" data-animation=\"fade-in\" >\n      <div class=\"inner\">\n        <div class=\"hover-wrap\"> \n          <div class=\"hover-wrap-inner\">\n            <img decoding=\"async\" class=\"img-with-animation skip-lazy img-sendero\" data-delay=\"0\" height=\"400\" width=\"1920\" data-animation=\"fade-in\" src=\"https:\/\/turismodeosuna.es\/wp-content\/uploads\/2022\/07\/banner-senderocicloturista-turismoosuna.webp\" alt=\"\" srcset=\"https:\/\/turismodeosuna.es\/wp-content\/uploads\/2022\/07\/banner-senderocicloturista-turismoosuna.webp 1920w, https:\/\/turismodeosuna.es\/wp-content\/uploads\/2022\/07\/banner-senderocicloturista-turismoosuna-300x63.webp 300w, https:\/\/turismodeosuna.es\/wp-content\/uploads\/2022\/07\/banner-senderocicloturista-turismoosuna-1024x213.webp 1024w, https:\/\/turismodeosuna.es\/wp-content\/uploads\/2022\/07\/banner-senderocicloturista-turismoosuna-768x160.webp 768w, https:\/\/turismodeosuna.es\/wp-content\/uploads\/2022\/07\/banner-senderocicloturista-turismoosuna-1536x320.webp 1536w\" sizes=\"(max-width: 1920px) 100vw, 1920px\" \/>\n          <\/div>\n        <\/div>\n      <\/div>\n    <\/div><div class=\"img-with-aniamtion-wrap center\" data-max-width=\"100%\" data-max-width-mobile=\"default\" data-shadow=\"none\" data-animation=\"fade-in\" >\n      <div class=\"inner\">\n        <div class=\"hover-wrap\"> \n          <div class=\"hover-wrap-inner\">\n            <img decoding=\"async\" class=\"img-with-animation skip-lazy\" data-delay=\"0\" height=\"215\" width=\"1920\" data-animation=\"fade-in\" src=\"https:\/\/turismodeosuna.es\/wp-content\/uploads\/2022\/06\/sombrabanner-turismodeosuna.png\" alt=\"sombra\" srcset=\"https:\/\/turismodeosuna.es\/wp-content\/uploads\/2022\/06\/sombrabanner-turismodeosuna.png 1920w, https:\/\/turismodeosuna.es\/wp-content\/uploads\/2022\/06\/sombrabanner-turismodeosuna-300x34.png 300w, https:\/\/turismodeosuna.es\/wp-content\/uploads\/2022\/06\/sombrabanner-turismodeosuna-1024x115.png 1024w, https:\/\/turismodeosuna.es\/wp-content\/uploads\/2022\/06\/sombrabanner-turismodeosuna-768x86.png 768w, https:\/\/turismodeosuna.es\/wp-content\/uploads\/2022\/06\/sombrabanner-turismodeosuna-1536x172.png 1536w\" sizes=\"(max-width: 1920px) 100vw, 1920px\" \/>\n          <\/div>\n        <\/div>\n      <\/div>\n    <\/div>\n\t\t\t<\/div> \n\t\t<\/div>\n\t<\/div> \n<\/div><\/div>\n\t\t<div id=\"fws_69d917e3e56a3\"  data-column-margin=\"default\" data-midnight=\"dark\"  class=\"wpb_row vc_row-fluid vc_row vc_row-o-equal-height vc_row-flex vc_row-o-content-middle  top_margin_-4pct top_margin_tablet_5pct top_margin_phone_5pct bottom_margin_tablet_0px\"  style=\"padding-top: 0px; padding-bottom: 0px; \"><div class=\"row-bg-wrap\" data-bg-animation=\"none\" data-bg-overlay=\"false\"><div class=\"inner-wrap\"><div class=\"row-bg viewport-desktop\"  style=\"\"><\/div><\/div><\/div><div class=\"row_col_wrap_12 col span_12 dark left\">\n\t<div  class=\"vc_col-sm-12 wpb_column column_container vc_column_container col no-extra-padding inherit_tablet inherit_phone\"  data-padding-pos=\"all\" data-has-bg-color=\"false\" data-bg-color=\"\" data-bg-opacity=\"1\" data-animation=\"\" data-delay=\"0\" >\n\t\t<div class=\"vc_column-inner\" >\n\t\t\t<div class=\"wpb_wrapper\">\n\t\t\t\t\n<div class=\"wpb_text_column wpb_content_element\" >\n\t<div class=\"wpb_wrapper\">\n\t\t<h1 style=\"text-align: center;\">Radtourenroute Mesada<\/h1>\n\t<\/div>\n<\/div>\n\n\n\n\n<div class=\"wpb_text_column wpb_content_element\" >\n\t<div class=\"wpb_wrapper\">\n\t\t<p>F\u00fcr diese Route nehmen wir das Osuna Municipal Sports Center als Start- und Endpunkt. Es ist eine Reise, auf der wir st\u00e4ndige H\u00f6hen und Tiefen finden werden. Wir starteten die Route im Sportzentrum und fuhren zum Las Vegas Industrial Estate. Wir nahmen die Autobahn \u201eSE-715\u201c (Autobahn Lantejuela-Ojuelos), die in diesem Fall mit dem \u201eMarchena Real Sidewalk\u201c zusammenf\u00e4llt. Wir fahren weiter auf der Stra\u00dfe und \u00fcberqueren die Eisenbahnlinie \u00fcber die vorhandene Br\u00fccke. Kurz nachdem wir den \u00abArroyo del Peinado\u00bb gefunden haben, m\u00fcssen wir die Stra\u00dfe \u00fcberqueren und weiterfahren. Nachdem wir zwei weitere Br\u00fccken passiert haben, m\u00fcssen wir links abbiegen, um in die \u00abVereda del Alcaparral\u00bb zu gelangen. Sobald wir uns auf diesem B\u00fcrgersteig befinden, m\u00fcssen wir den \u00abArroyo del Alamillo\u00bb \u00fcberqueren, um den \u00abCortijo Los Arenosos\u00bb zu erreichen. Wir sehen eine Gabelung auf den B\u00fcrgersteigen. Wir halten uns links, um auf dem \u00abB\u00fcrgersteig des Meisters\u00bb weiterzumachen, bis wir wieder eine andere Kreuzung erreichen von Stra\u00dfen, auf denen wir der \u00abVereda del Urraco\u00bb folgen m\u00fcssen, bis wir sie mit der Autobahn \u00abA-92\u00bb finden. Um die Autobahn zu \u00fcberqueren, m\u00fcssen wir rechts auf die Nebenstra\u00dfe abbiegen und links abbiegen, um die Br\u00fccke zu nehmen, die die Autobahn \u00fcberquert. Sobald wir die Autobahn \u00fcberquert haben, nehmen wir die Nebenstra\u00dfe, die wir finden, und fahren weiter entlang der \u00abVereda del\u00bb Urraco \u201cm\u00fcssen wir den ersten Weg nehmen, den wir rechts von der Servicespur sehen. Zwischen Olivenhainen erreichen wir die Ruinen des \u00abCortijo del Urraco\u00bb, wo wir zu klettern beginnen und uns mit dem \u00abCamino del Cuervo\u00bb verbinden, der uns zur \u00abVereda de la Puebla a Ca\u00f1ete\u00bb f\u00fchrt. Wir fahren weiter, bis wir den \u00abCortijo de Mesada\u00bb erreichen. Zu diesem Zeitpunkt befinden wir uns am h\u00f6chsten Punkt der Route. Wir verlassen den \u00abCortijo de Mesada\u00bb und biegen so bald wie m\u00f6glich auf dem ersten Weg ab, den wir links sehen, um die \u00abVereda de la Calderona\u00bb fortzusetzen. Wir \u00fcberqueren den \u00abArroyo del Agujetero\u00bb mit einiger Vorsicht, da das Gebiet normalerweise \u00fcberflutet ist in der Regenzeit. Wenn wir weitermachen, treffen wir uns wieder mit dem Arroyo del Peinado, den wir wieder \u00fcberqueren, und kurz danach \u00fcberqueren wir auch den Arroyo del Saltillo. Um die Tour zu beenden, fahren wir geradeaus weiter und kommen wieder in Osuna an. Es gibt mehrere Varianten. Sie k\u00f6nnen die Autobahn von Puerto zur\u00fcckfahren, ohne die \u00abVereda de la Calderona\u00bb zu nehmen. Es ist ratsam, wenn es k\u00fcrzlich geregnet hat. Sie k\u00f6nnen sie auch verk\u00fcrzen, indem Sie von Urraco nach Osuna entlang des \u00abCamino de Urraco\u00bb zur\u00fcckkehren oder die Route beginnen auf dem gleichen Weg.<\/p>\n\t<\/div>\n<\/div>\n\n\n\n\n\t\t\t<\/div> \n\t\t<\/div>\n\t<\/div> \n<\/div><\/div>","protected":false},"excerpt":{"rendered":"Radtourenroute Mesada F\u00fcr diese Route nehmen wir das Osuna Municipal Sports Center als Start- und Endpunkt. Es ist eine Reise, auf der wir st\u00e4ndige H\u00f6hen und Tiefen finden werden. Wir...","protected":false},"author":3,"featured_media":0,"parent":0,"menu_order":0,"comment_status":"closed","ping_status":"closed","template":"","meta":{"inline_featured_image":false,"footnotes":""},"class_list":["post-3375","page","type-page","status-publish"],"yoast_head":"<!-- This site is optimized with the Yoast SEO plugin v25.3 - https:\/\/yoast.com\/wordpress\/plugins\/seo\/ -->\n<title>Radtourenroute Mesada - Turismo Osuna<\/title>\n<meta name=\"robots\" content=\"index, follow, max-snippet:-1, max-image-preview:large, max-video-preview:-1\" \/>\n<link rel=\"canonical\" href=\"https:\/\/turismodeosuna.es\/en\/radtourenroute-mesada\/\" \/>\n<meta property=\"og:locale\" content=\"en_GB\" \/>\n<meta property=\"og:type\" content=\"article\" \/>\n<meta property=\"og:title\" content=\"Radtourenroute Mesada - Turismo Osuna\" \/>\n<meta property=\"og:url\" content=\"https:\/\/turismodeosuna.es\/en\/radtourenroute-mesada\/\" \/>\n<meta property=\"og:site_name\" content=\"Turismo Osuna\" \/>\n<meta property=\"article:modified_time\" content=\"2023-03-24T12:51:52+00:00\" \/>\n<meta name=\"twitter:card\" content=\"summary_large_image\" \/>\n<meta name=\"twitter:label1\" content=\"Estimated reading time\" \/>\n\t<meta name=\"twitter:data1\" content=\"3 minutes\" \/>\n<script type=\"application\/ld+json\" class=\"yoast-schema-graph\">{\"@context\":\"https:\/\/schema.org\",\"@graph\":[{\"@type\":\"WebPage\",\"@id\":\"https:\/\/turismodeosuna.es\/radtourenroute-mesada\/\",\"url\":\"https:\/\/turismodeosuna.es\/radtourenroute-mesada\/\",\"name\":\"Radtourenroute Mesada - Turismo Osuna\",\"isPartOf\":{\"@id\":\"https:\/\/turismodeosuna.es\/#website\"},\"datePublished\":\"2022-07-28T08:37:24+00:00\",\"dateModified\":\"2023-03-24T12:51:52+00:00\",\"breadcrumb\":{\"@id\":\"https:\/\/turismodeosuna.es\/radtourenroute-mesada\/#breadcrumb\"},\"inLanguage\":\"en-GB\",\"potentialAction\":[{\"@type\":\"ReadAction\",\"target\":[\"https:\/\/turismodeosuna.es\/radtourenroute-mesada\/\"]}]},{\"@type\":\"BreadcrumbList\",\"@id\":\"https:\/\/turismodeosuna.es\/radtourenroute-mesada\/#breadcrumb\",\"itemListElement\":[{\"@type\":\"ListItem\",\"position\":1,\"name\":\"Portada\",\"item\":\"https:\/\/turismodeosuna.es\/\"},{\"@type\":\"ListItem\",\"position\":2,\"name\":\"Radtourenroute Mesada\"}]},{\"@type\":\"WebSite\",\"@id\":\"https:\/\/turismodeosuna.es\/#website\",\"url\":\"https:\/\/turismodeosuna.es\/\",\"name\":\"Turismo Osuna\",\"description\":\"Turismo de Osuna\",\"potentialAction\":[{\"@type\":\"SearchAction\",\"target\":{\"@type\":\"EntryPoint\",\"urlTemplate\":\"https:\/\/turismodeosuna.es\/?s={search_term_string}\"},\"query-input\":{\"@type\":\"PropertyValueSpecification\",\"valueRequired\":true,\"valueName\":\"search_term_string\"}}],\"inLanguage\":\"en-GB\"}]}<\/script>\n<!-- \/ Yoast SEO plugin. -->","yoast_head_json":{"title":"Radtourenroute Mesada - Turismo Osuna","robots":{"index":"index","follow":"follow","max-snippet":"max-snippet:-1","max-image-preview":"max-image-preview:large","max-video-preview":"max-video-preview:-1"},"canonical":"https:\/\/turismodeosuna.es\/en\/radtourenroute-mesada\/","og_locale":"en_GB","og_type":"article","og_title":"Radtourenroute Mesada - Turismo Osuna","og_url":"https:\/\/turismodeosuna.es\/en\/radtourenroute-mesada\/","og_site_name":"Turismo Osuna","article_modified_time":"2023-03-24T12:51:52+00:00","twitter_card":"summary_large_image","twitter_misc":{"Estimated reading time":"3 minutes"},"schema":{"@context":"https:\/\/schema.org","@graph":[{"@type":"WebPage","@id":"https:\/\/turismodeosuna.es\/radtourenroute-mesada\/","url":"https:\/\/turismodeosuna.es\/radtourenroute-mesada\/","name":"Radtourenroute Mesada - Turismo Osuna","isPartOf":{"@id":"https:\/\/turismodeosuna.es\/#website"},"datePublished":"2022-07-28T08:37:24+00:00","dateModified":"2023-03-24T12:51:52+00:00","breadcrumb":{"@id":"https:\/\/turismodeosuna.es\/radtourenroute-mesada\/#breadcrumb"},"inLanguage":"en-GB","potentialAction":[{"@type":"ReadAction","target":["https:\/\/turismodeosuna.es\/radtourenroute-mesada\/"]}]},{"@type":"BreadcrumbList","@id":"https:\/\/turismodeosuna.es\/radtourenroute-mesada\/#breadcrumb","itemListElement":[{"@type":"ListItem","position":1,"name":"Portada","item":"https:\/\/turismodeosuna.es\/"},{"@type":"ListItem","position":2,"name":"Radtourenroute Mesada"}]},{"@type":"WebSite","@id":"https:\/\/turismodeosuna.es\/#website","url":"https:\/\/turismodeosuna.es\/","name":"Turismo Osuna","description":"Turismo de Osuna","potentialAction":[{"@type":"SearchAction","target":{"@type":"EntryPoint","urlTemplate":"https:\/\/turismodeosuna.es\/?s={search_term_string}"},"query-input":{"@type":"PropertyValueSpecification","valueRequired":true,"valueName":"search_term_string"}}],"inLanguage":"en-GB"}]}},"_links":{"self":[{"href":"https:\/\/turismodeosuna.es\/en\/wp-json\/wp\/v2\/pages\/3375","targetHints":{"allow":["GET"]}}],"collection":[{"href":"https:\/\/turismodeosuna.es\/en\/wp-json\/wp\/v2\/pages"}],"about":[{"href":"https:\/\/turismodeosuna.es\/en\/wp-json\/wp\/v2\/types\/page"}],"author":[{"embeddable":true,"href":"https:\/\/turismodeosuna.es\/en\/wp-json\/wp\/v2\/users\/3"}],"replies":[{"embeddable":true,"href":"https:\/\/turismodeosuna.es\/en\/wp-json\/wp\/v2\/comments?post=3375"}],"version-history":[{"count":3,"href":"https:\/\/turismodeosuna.es\/en\/wp-json\/wp\/v2\/pages\/3375\/revisions"}],"predecessor-version":[{"id":5918,"href":"https:\/\/turismodeosuna.es\/en\/wp-json\/wp\/v2\/pages\/3375\/revisions\/5918"}],"wp:attachment":[{"href":"https:\/\/turismodeosuna.es\/en\/wp-json\/wp\/v2\/media?parent=3375"}],"curies":[{"name":"wp","href":"https:\/\/api.w.org\/{rel}","templated":true}]}}