{"id":3378,"date":"2022-07-28T10:43:17","date_gmt":"2022-07-28T08:43:17","guid":{"rendered":"http:\/\/turismodeosuna.es\/ruta-de-la-ratera\/"},"modified":"2023-03-24T13:30:34","modified_gmt":"2023-03-24T12:30:34","slug":"radtourenroute-ratera","status":"publish","type":"page","link":"https:\/\/turismodeosuna.es\/en\/radtourenroute-ratera\/","title":{"rendered":"Radtourenroute Ratera"},"content":{"rendered":"<div id=\"fws_69d917ec12c80\"  data-column-margin=\"default\" data-midnight=\"dark\"  class=\"wpb_row vc_row-fluid vc_row full-width-content vc_row-o-equal-height vc_row-flex vc_row-o-content-top\"  style=\"padding-top: 0px; padding-bottom: 0px; \"><div class=\"row-bg-wrap\" data-bg-animation=\"none\" data-bg-overlay=\"false\"><div class=\"inner-wrap\"><div class=\"row-bg viewport-desktop\"  style=\"\"><\/div><\/div><\/div><div class=\"row_col_wrap_12 col span_12 dark left\">\n\t<div  class=\"vc_col-sm-12 wpb_column column_container vc_column_container col no-extra-padding inherit_tablet inherit_phone\"  data-padding-pos=\"all\" data-has-bg-color=\"false\" data-bg-color=\"\" data-bg-opacity=\"1\" data-animation=\"\" data-delay=\"0\" >\n\t\t<div class=\"vc_column-inner\" >\n\t\t\t<div class=\"wpb_wrapper\">\n\t\t\t\t<div class=\"img-with-aniamtion-wrap center\" data-max-width=\"100%\" data-max-width-mobile=\"default\" data-shadow=\"none\" data-animation=\"fade-in\" >\n      <div class=\"inner\">\n        <div class=\"hover-wrap\"> \n          <div class=\"hover-wrap-inner\">\n            <img decoding=\"async\" class=\"img-with-animation skip-lazy img-sendero\" data-delay=\"0\" height=\"400\" width=\"1920\" data-animation=\"fade-in\" src=\"https:\/\/turismodeosuna.es\/wp-content\/uploads\/2022\/07\/banner-senderocicloturista-turismoosuna.webp\" alt=\"\" srcset=\"https:\/\/turismodeosuna.es\/wp-content\/uploads\/2022\/07\/banner-senderocicloturista-turismoosuna.webp 1920w, https:\/\/turismodeosuna.es\/wp-content\/uploads\/2022\/07\/banner-senderocicloturista-turismoosuna-300x63.webp 300w, https:\/\/turismodeosuna.es\/wp-content\/uploads\/2022\/07\/banner-senderocicloturista-turismoosuna-1024x213.webp 1024w, https:\/\/turismodeosuna.es\/wp-content\/uploads\/2022\/07\/banner-senderocicloturista-turismoosuna-768x160.webp 768w, https:\/\/turismodeosuna.es\/wp-content\/uploads\/2022\/07\/banner-senderocicloturista-turismoosuna-1536x320.webp 1536w\" sizes=\"(max-width: 1920px) 100vw, 1920px\" \/>\n          <\/div>\n        <\/div>\n      <\/div>\n    <\/div><div class=\"img-with-aniamtion-wrap center\" data-max-width=\"100%\" data-max-width-mobile=\"default\" data-shadow=\"none\" data-animation=\"fade-in\" >\n      <div class=\"inner\">\n        <div class=\"hover-wrap\"> \n          <div class=\"hover-wrap-inner\">\n            <img decoding=\"async\" class=\"img-with-animation skip-lazy\" data-delay=\"0\" height=\"215\" width=\"1920\" data-animation=\"fade-in\" src=\"https:\/\/turismodeosuna.es\/wp-content\/uploads\/2022\/06\/sombrabanner-turismodeosuna.png\" alt=\"sombra\" srcset=\"https:\/\/turismodeosuna.es\/wp-content\/uploads\/2022\/06\/sombrabanner-turismodeosuna.png 1920w, https:\/\/turismodeosuna.es\/wp-content\/uploads\/2022\/06\/sombrabanner-turismodeosuna-300x34.png 300w, https:\/\/turismodeosuna.es\/wp-content\/uploads\/2022\/06\/sombrabanner-turismodeosuna-1024x115.png 1024w, https:\/\/turismodeosuna.es\/wp-content\/uploads\/2022\/06\/sombrabanner-turismodeosuna-768x86.png 768w, https:\/\/turismodeosuna.es\/wp-content\/uploads\/2022\/06\/sombrabanner-turismodeosuna-1536x172.png 1536w\" sizes=\"(max-width: 1920px) 100vw, 1920px\" \/>\n          <\/div>\n        <\/div>\n      <\/div>\n    <\/div>\n\t\t\t<\/div> \n\t\t<\/div>\n\t<\/div> \n<\/div><\/div>\n\t\t<div id=\"fws_69d917ec1359f\"  data-column-margin=\"default\" data-midnight=\"dark\"  class=\"wpb_row vc_row-fluid vc_row vc_row-o-equal-height vc_row-flex vc_row-o-content-middle  top_margin_-4pct top_margin_tablet_5pct top_margin_phone_5pct bottom_margin_tablet_0px\"  style=\"padding-top: 0px; padding-bottom: 0px; \"><div class=\"row-bg-wrap\" data-bg-animation=\"none\" data-bg-overlay=\"false\"><div class=\"inner-wrap\"><div class=\"row-bg viewport-desktop\"  style=\"\"><\/div><\/div><\/div><div class=\"row_col_wrap_12 col span_12 dark left\">\n\t<div  class=\"vc_col-sm-12 wpb_column column_container vc_column_container col no-extra-padding inherit_tablet inherit_phone\"  data-padding-pos=\"all\" data-has-bg-color=\"false\" data-bg-color=\"\" data-bg-opacity=\"1\" data-animation=\"\" data-delay=\"0\" >\n\t\t<div class=\"vc_column-inner\" >\n\t\t\t<div class=\"wpb_wrapper\">\n\t\t\t\t\n<div class=\"wpb_text_column wpb_content_element\" >\n\t<div class=\"wpb_wrapper\">\n\t\t<h1 style=\"text-align: center;\">Radtourenroute Ratera<\/h1>\n\t<\/div>\n<\/div>\n\n\n\n\n<div class=\"wpb_text_column wpb_content_element\" >\n\t<div class=\"wpb_wrapper\">\n\t\t<p>F\u00fcr diese Route nehmen wir den Servicebereich als Ausgangspunkt und das st\u00e4dtische Sportzentrum als Endpunkt. Wir werden allm\u00e4hlich mit einem kontinuierlichen Auf und Ab aufsteigen, bis wir \u201eEl Cerro del Gomer\u00f3n\u201c erreichen, und dann im letzten Abschnitt absteigen. Wir verlassen das \u00abServicegebiet\u00bb und nehmen die \u00abCa\u00f1ada Real de \u00c9cija a Teba\u00bb. Wir fahren ungef\u00e4hr 8 km weiter. Wir sehen eine Kreuzung, an der wir den Weg rechts nehmen m\u00fcssen, der uns \u00abCamino de los Corrales\u00bb nennt und uns f\u00fchrt Bis zum \u00abCortijo de Juana Hidalgo\u00bb oder \u00abde Bejarano\u00bb, wenn wir den Cortijo passieren, gehen wir nach rechts durch ein immer offenes Tor und sofort m\u00fcssen wir zwischen zwei Stra\u00dfen w\u00e4hlen, wir werden die linke w\u00e4hlen, einen kleinen Hang. Wir passieren den \u201eCortijo de la Dehesa de Le\u00f3n\u201c und folgen diesem Weg, der lange zwischen Stechginster und Gestr\u00fcpp verl\u00e4uft. Wenn wir uns mit einigen Olivenb\u00e4umen und dem \u201eCamino de Moreta\u201c verbinden, gehen wir auf der Suche nach dem nach rechts Dehesa de Felipe S\u00e1nchez in der N\u00e4he der Ruinen des \u00abRancho de Palme\u00f1a\u00bb und des \u00abCortijo de Benamaz\u00f3n\u00bb. Am Ende verbinden wir uns mit dem \u00abCamino del Palme\u00f1a\u00bb. Dieser Weg f\u00fchrt uns zur \u00abA-451\u00bb (Carretera del Saucejo). Wir nehmen die Stra\u00dfe in Richtung Osuna f\u00fcr ca. 400 Meter und biegen links ab, um den Aufstieg zu beginnen. Cortijo del Sol \u201centlang des\u201e Camino de la Gomera a el Saucejo \u201c, unmittelbar danach fahren wir am Rancho del Gomer\u00f3n vorbei und folgen den Windparks. Gerade als wir anfingen abzusteigen, bogen wir links in einen kleinen steilen Hang ein, jetzt nehmen wir einen Pfad im Dickicht des Berges namens \u00abLoma de P\u00e9rez\u00bb, durch einige sch\u00f6ne Orte steigen wir ab, bis wir den \u00abCortijo de la Ratera Nueva\u00bb erreichen, hier biegen wir ab rechts, um in die \u00abVereda del Moralejo\u00bb einzutreten, durch die wir weiterfahren m\u00fcssen, bis wir eine Kreuzung erreichen, an der wir links abbiegen. Wir betreten die \u00abCa\u00f1ada Real de Ronda\u00bb, \u00fcberqueren zuerst Gebiete mutiger Bullen und steigen dann steil ab, sobald wir die \u00abRancho del Pescado\u00bb passieren. Wir fahren weiter entlang dieser Schlucht, vorbei an der \u00abRancho de San lucas\u00bb und dem \u00abCortijo del V\u00ednculo\u00bb und schlie\u00dflich in der Ebene, um wieder in Osuna anzukommen.<\/p>\n\t<\/div>\n<\/div>\n\n\n\n\n\t\t\t<\/div> \n\t\t<\/div>\n\t<\/div> \n<\/div><\/div>","protected":false},"excerpt":{"rendered":"Radtourenroute Ratera F\u00fcr diese Route nehmen wir den Servicebereich als Ausgangspunkt und das st\u00e4dtische Sportzentrum als Endpunkt. Wir werden allm\u00e4hlich mit einem kontinuierlichen Auf und Ab aufsteigen, bis wir \u201eEl...","protected":false},"author":3,"featured_media":0,"parent":0,"menu_order":0,"comment_status":"closed","ping_status":"closed","template":"","meta":{"inline_featured_image":false,"footnotes":""},"class_list":["post-3378","page","type-page","status-publish"],"yoast_head":"<!-- This site is optimized with the Yoast SEO plugin v25.3 - https:\/\/yoast.com\/wordpress\/plugins\/seo\/ -->\n<title>Radtourenroute Ratera - Turismo Osuna<\/title>\n<meta name=\"robots\" content=\"index, follow, max-snippet:-1, max-image-preview:large, max-video-preview:-1\" \/>\n<link rel=\"canonical\" href=\"https:\/\/turismodeosuna.es\/en\/radtourenroute-ratera\/\" \/>\n<meta property=\"og:locale\" content=\"en_GB\" \/>\n<meta property=\"og:type\" content=\"article\" \/>\n<meta property=\"og:title\" content=\"Radtourenroute Ratera - Turismo Osuna\" \/>\n<meta property=\"og:url\" content=\"https:\/\/turismodeosuna.es\/en\/radtourenroute-ratera\/\" \/>\n<meta property=\"og:site_name\" content=\"Turismo Osuna\" \/>\n<meta property=\"article:modified_time\" content=\"2023-03-24T12:30:34+00:00\" \/>\n<meta name=\"twitter:card\" content=\"summary_large_image\" \/>\n<meta name=\"twitter:label1\" content=\"Estimated reading time\" \/>\n\t<meta name=\"twitter:data1\" content=\"3 minutes\" \/>\n<script type=\"application\/ld+json\" class=\"yoast-schema-graph\">{\"@context\":\"https:\/\/schema.org\",\"@graph\":[{\"@type\":\"WebPage\",\"@id\":\"https:\/\/turismodeosuna.es\/radtourenroute-ratera\/\",\"url\":\"https:\/\/turismodeosuna.es\/radtourenroute-ratera\/\",\"name\":\"Radtourenroute Ratera - Turismo Osuna\",\"isPartOf\":{\"@id\":\"https:\/\/turismodeosuna.es\/#website\"},\"datePublished\":\"2022-07-28T08:43:17+00:00\",\"dateModified\":\"2023-03-24T12:30:34+00:00\",\"breadcrumb\":{\"@id\":\"https:\/\/turismodeosuna.es\/radtourenroute-ratera\/#breadcrumb\"},\"inLanguage\":\"en-GB\",\"potentialAction\":[{\"@type\":\"ReadAction\",\"target\":[\"https:\/\/turismodeosuna.es\/radtourenroute-ratera\/\"]}]},{\"@type\":\"BreadcrumbList\",\"@id\":\"https:\/\/turismodeosuna.es\/radtourenroute-ratera\/#breadcrumb\",\"itemListElement\":[{\"@type\":\"ListItem\",\"position\":1,\"name\":\"Portada\",\"item\":\"https:\/\/turismodeosuna.es\/\"},{\"@type\":\"ListItem\",\"position\":2,\"name\":\"Radtourenroute Ratera\"}]},{\"@type\":\"WebSite\",\"@id\":\"https:\/\/turismodeosuna.es\/#website\",\"url\":\"https:\/\/turismodeosuna.es\/\",\"name\":\"Turismo Osuna\",\"description\":\"Turismo de Osuna\",\"potentialAction\":[{\"@type\":\"SearchAction\",\"target\":{\"@type\":\"EntryPoint\",\"urlTemplate\":\"https:\/\/turismodeosuna.es\/?s={search_term_string}\"},\"query-input\":{\"@type\":\"PropertyValueSpecification\",\"valueRequired\":true,\"valueName\":\"search_term_string\"}}],\"inLanguage\":\"en-GB\"}]}<\/script>\n<!-- \/ Yoast SEO plugin. -->","yoast_head_json":{"title":"Radtourenroute Ratera - Turismo Osuna","robots":{"index":"index","follow":"follow","max-snippet":"max-snippet:-1","max-image-preview":"max-image-preview:large","max-video-preview":"max-video-preview:-1"},"canonical":"https:\/\/turismodeosuna.es\/en\/radtourenroute-ratera\/","og_locale":"en_GB","og_type":"article","og_title":"Radtourenroute Ratera - Turismo Osuna","og_url":"https:\/\/turismodeosuna.es\/en\/radtourenroute-ratera\/","og_site_name":"Turismo Osuna","article_modified_time":"2023-03-24T12:30:34+00:00","twitter_card":"summary_large_image","twitter_misc":{"Estimated reading time":"3 minutes"},"schema":{"@context":"https:\/\/schema.org","@graph":[{"@type":"WebPage","@id":"https:\/\/turismodeosuna.es\/radtourenroute-ratera\/","url":"https:\/\/turismodeosuna.es\/radtourenroute-ratera\/","name":"Radtourenroute Ratera - Turismo Osuna","isPartOf":{"@id":"https:\/\/turismodeosuna.es\/#website"},"datePublished":"2022-07-28T08:43:17+00:00","dateModified":"2023-03-24T12:30:34+00:00","breadcrumb":{"@id":"https:\/\/turismodeosuna.es\/radtourenroute-ratera\/#breadcrumb"},"inLanguage":"en-GB","potentialAction":[{"@type":"ReadAction","target":["https:\/\/turismodeosuna.es\/radtourenroute-ratera\/"]}]},{"@type":"BreadcrumbList","@id":"https:\/\/turismodeosuna.es\/radtourenroute-ratera\/#breadcrumb","itemListElement":[{"@type":"ListItem","position":1,"name":"Portada","item":"https:\/\/turismodeosuna.es\/"},{"@type":"ListItem","position":2,"name":"Radtourenroute Ratera"}]},{"@type":"WebSite","@id":"https:\/\/turismodeosuna.es\/#website","url":"https:\/\/turismodeosuna.es\/","name":"Turismo Osuna","description":"Turismo de Osuna","potentialAction":[{"@type":"SearchAction","target":{"@type":"EntryPoint","urlTemplate":"https:\/\/turismodeosuna.es\/?s={search_term_string}"},"query-input":{"@type":"PropertyValueSpecification","valueRequired":true,"valueName":"search_term_string"}}],"inLanguage":"en-GB"}]}},"_links":{"self":[{"href":"https:\/\/turismodeosuna.es\/en\/wp-json\/wp\/v2\/pages\/3378","targetHints":{"allow":["GET"]}}],"collection":[{"href":"https:\/\/turismodeosuna.es\/en\/wp-json\/wp\/v2\/pages"}],"about":[{"href":"https:\/\/turismodeosuna.es\/en\/wp-json\/wp\/v2\/types\/page"}],"author":[{"embeddable":true,"href":"https:\/\/turismodeosuna.es\/en\/wp-json\/wp\/v2\/users\/3"}],"replies":[{"embeddable":true,"href":"https:\/\/turismodeosuna.es\/en\/wp-json\/wp\/v2\/comments?post=3378"}],"version-history":[{"count":2,"href":"https:\/\/turismodeosuna.es\/en\/wp-json\/wp\/v2\/pages\/3378\/revisions"}],"predecessor-version":[{"id":5902,"href":"https:\/\/turismodeosuna.es\/en\/wp-json\/wp\/v2\/pages\/3378\/revisions\/5902"}],"wp:attachment":[{"href":"https:\/\/turismodeosuna.es\/en\/wp-json\/wp\/v2\/media?parent=3378"}],"curies":[{"name":"wp","href":"https:\/\/api.w.org\/{rel}","templated":true}]}}