{"id":3389,"date":"2022-07-28T10:38:34","date_gmt":"2022-07-28T08:38:34","guid":{"rendered":"http:\/\/turismodeosuna.es\/ruta-de-nevaterrines\/"},"modified":"2023-03-24T13:34:38","modified_gmt":"2023-03-24T12:34:38","slug":"radtourenroute-navaterrines","status":"publish","type":"page","link":"https:\/\/turismodeosuna.es\/en\/radtourenroute-navaterrines\/","title":{"rendered":"Radtourenroute Navaterrines"},"content":{"rendered":"<div id=\"fws_69d917e743adb\"  data-column-margin=\"default\" data-midnight=\"dark\"  class=\"wpb_row vc_row-fluid vc_row full-width-content vc_row-o-equal-height vc_row-flex vc_row-o-content-top\"  style=\"padding-top: 0px; padding-bottom: 0px; \"><div class=\"row-bg-wrap\" data-bg-animation=\"none\" data-bg-overlay=\"false\"><div class=\"inner-wrap\"><div class=\"row-bg viewport-desktop\"  style=\"\"><\/div><\/div><\/div><div class=\"row_col_wrap_12 col span_12 dark left\">\n\t<div  class=\"vc_col-sm-12 wpb_column column_container vc_column_container col no-extra-padding inherit_tablet inherit_phone\"  data-padding-pos=\"all\" data-has-bg-color=\"false\" data-bg-color=\"\" data-bg-opacity=\"1\" data-animation=\"\" data-delay=\"0\" >\n\t\t<div class=\"vc_column-inner\" >\n\t\t\t<div class=\"wpb_wrapper\">\n\t\t\t\t<div class=\"img-with-aniamtion-wrap center\" data-max-width=\"100%\" data-max-width-mobile=\"default\" data-shadow=\"none\" data-animation=\"fade-in\" >\n      <div class=\"inner\">\n        <div class=\"hover-wrap\"> \n          <div class=\"hover-wrap-inner\">\n            <img decoding=\"async\" class=\"img-with-animation skip-lazy img-sendero\" data-delay=\"0\" height=\"400\" width=\"1920\" data-animation=\"fade-in\" src=\"https:\/\/turismodeosuna.es\/wp-content\/uploads\/2022\/07\/banner-senderocicloturista-turismoosuna.webp\" alt=\"\" srcset=\"https:\/\/turismodeosuna.es\/wp-content\/uploads\/2022\/07\/banner-senderocicloturista-turismoosuna.webp 1920w, https:\/\/turismodeosuna.es\/wp-content\/uploads\/2022\/07\/banner-senderocicloturista-turismoosuna-300x63.webp 300w, https:\/\/turismodeosuna.es\/wp-content\/uploads\/2022\/07\/banner-senderocicloturista-turismoosuna-1024x213.webp 1024w, https:\/\/turismodeosuna.es\/wp-content\/uploads\/2022\/07\/banner-senderocicloturista-turismoosuna-768x160.webp 768w, https:\/\/turismodeosuna.es\/wp-content\/uploads\/2022\/07\/banner-senderocicloturista-turismoosuna-1536x320.webp 1536w\" sizes=\"(max-width: 1920px) 100vw, 1920px\" \/>\n          <\/div>\n        <\/div>\n      <\/div>\n    <\/div><div class=\"img-with-aniamtion-wrap center\" data-max-width=\"100%\" data-max-width-mobile=\"default\" data-shadow=\"none\" data-animation=\"fade-in\" >\n      <div class=\"inner\">\n        <div class=\"hover-wrap\"> \n          <div class=\"hover-wrap-inner\">\n            <img decoding=\"async\" class=\"img-with-animation skip-lazy\" data-delay=\"0\" height=\"215\" width=\"1920\" data-animation=\"fade-in\" src=\"https:\/\/turismodeosuna.es\/wp-content\/uploads\/2022\/06\/sombrabanner-turismodeosuna.png\" alt=\"sombra\" srcset=\"https:\/\/turismodeosuna.es\/wp-content\/uploads\/2022\/06\/sombrabanner-turismodeosuna.png 1920w, https:\/\/turismodeosuna.es\/wp-content\/uploads\/2022\/06\/sombrabanner-turismodeosuna-300x34.png 300w, https:\/\/turismodeosuna.es\/wp-content\/uploads\/2022\/06\/sombrabanner-turismodeosuna-1024x115.png 1024w, https:\/\/turismodeosuna.es\/wp-content\/uploads\/2022\/06\/sombrabanner-turismodeosuna-768x86.png 768w, https:\/\/turismodeosuna.es\/wp-content\/uploads\/2022\/06\/sombrabanner-turismodeosuna-1536x172.png 1536w\" sizes=\"(max-width: 1920px) 100vw, 1920px\" \/>\n          <\/div>\n        <\/div>\n      <\/div>\n    <\/div>\n\t\t\t<\/div> \n\t\t<\/div>\n\t<\/div> \n<\/div><\/div>\n\t\t<div id=\"fws_69d917e744579\"  data-column-margin=\"default\" data-midnight=\"dark\"  class=\"wpb_row vc_row-fluid vc_row vc_row-o-equal-height vc_row-flex vc_row-o-content-middle  top_margin_-4pct top_margin_tablet_5pct top_margin_phone_5pct bottom_margin_tablet_0px\"  style=\"padding-top: 0px; padding-bottom: 0px; \"><div class=\"row-bg-wrap\" data-bg-animation=\"none\" data-bg-overlay=\"false\"><div class=\"inner-wrap\"><div class=\"row-bg viewport-desktop\"  style=\"\"><\/div><\/div><\/div><div class=\"row_col_wrap_12 col span_12 dark left\">\n\t<div  class=\"vc_col-sm-12 wpb_column column_container vc_column_container col no-extra-padding inherit_tablet inherit_phone\"  data-padding-pos=\"all\" data-has-bg-color=\"false\" data-bg-color=\"\" data-bg-opacity=\"1\" data-animation=\"\" data-delay=\"0\" >\n\t\t<div class=\"vc_column-inner\" >\n\t\t\t<div class=\"wpb_wrapper\">\n\t\t\t\t\n<div class=\"wpb_text_column wpb_content_element\" >\n\t<div class=\"wpb_wrapper\">\n\t\t<h1 style=\"text-align: center;\">Radtourenroute Navaterrines<\/h1>\n\t<\/div>\n<\/div>\n\n\n\n\n<div class=\"wpb_text_column wpb_content_element\" >\n\t<div class=\"wpb_wrapper\">\n\t\t<p>Wir verlassen den Servicebereich, fahren unter der Br\u00fccke der \u00abA-92\u00bb hindurch und fahren zum \u00abCamino de \u00cdpora\u00bb. Wir \u00fcberqueren den Bahn\u00fcbergang vorsichtig ohne Hindernisse und fahren weiter, wenn wir zur n\u00e4chsten Kreuzung kommen, die wir abbiegen m\u00fcssen Rechts, um die \u00abVereda de San Lucas\u00bb zu nehmen, passieren wir den \u00abCortijo de San Lucas\u00bb und den \u00abCortijo de El Rosso\u00bb. Bei unserer Ankunft fahren wir parallel zur Stra\u00dfe auf diesem B\u00fcrgersteig weiter, der den \u00abArroyo del Salado\u00bb \u00fcberquert An der \u00abVereda del Calvario\u00bb biegen wir links ab, um uns den R\u00e4ndern des alten \u00abMonasterio del Calvario\u00bb zu n\u00e4hern. Wir fahren parallel zur Stra\u00dfe am linken Ufer weiter. Nachdem wir die \u00abCasilla del Pe\u00f3n Caminero\u00bb passiert haben, kommen wir zur Kreuzung mit der Stra\u00dfe. SE-485 \u201d, durch die wir ungef\u00e4hr 500 Meter zirkulieren werden, biegen wir rechts durch die Olivenb\u00e4ume ab und m\u00fcssen dem Weg nach einem Abstieg durch den Olivenhain und durch eine kleine markierte Brunft, die wir finden, sehr detailliert folgen Auf dem Weg in einer kleinen Schlucht, die uns in das Bett des \u00abArroyo del Salinoso\u00bb f\u00fchrt, \u00fcberqueren wir ihn, um nach dem Weg zu suchen, der zum \u00abCortijo de Aparicio\u00bb f\u00fchrt. Wenn wir an diesem Cortijo ankommen, biegen wir rechts ab, um auf einem Pfad in abzusteigen Die Stra\u00dfe A-378 ist in gutem Zustand. Wir \u00fcberqueren sie und fahren zuerst zum \u00abCortijo del Cortijuelo\u00bb und dann zum \u00abCortijo de Navaterrines\u00bb. Nach Erreichen der Navaterrines biegen wir rechts ab und nehmen die \u00abCa\u00f1ada Real de \u00c9cija a\u00bb Theba \u201d. Die Route f\u00fchrt weiter links entlang des \u201eCamino de los Corrales\u201c. Danach erreichen wir den \u201eCortijo de Bejarano\u201c. Dort verlassen wir den Weg und biegen rechts ab. Wenn wir den Hof passieren, gibt es zwei M\u00f6glichkeiten. Danach fahren wir links weiter In einem Teil der Ebene kommen wir zu einigen Olivenb\u00e4umen. Mit Blick auf diesen Punkt gehen wir nach rechts entlang einer kleinen markierten Furche im Olivenhain, bis wir den Weg durch das Gestr\u00fcpp finden, der zuerst zum \u201eCortijo Cantalejos Bajo\u201c aufsteigt Wir halten uns rechts und fahren ohne Abweichung weiter, bis wir den Windparkweg erreichen, auf dem wir links abbiegen m\u00fcssen. Wir fahren weiter und lassen die Repeater-Antennen und den \u201eCortijo de Cantalejos Alto\u201c auf der linken Seite Wir biegen rechts auf einem Weg parallel zum Weg ab, wo wir einen wundersch\u00f6nen Panoramablick auf Osuna haben. Wir finden einen Weg rechts, wo ein zerst\u00f6rtes Haus zu sehen ist, und bald machten wir einen schwindelerregenden Abstieg \u00dcberqueren Sie also die Weinberge und fahren Sie nach dem \u00dcberqueren der asphaltierten Stra\u00dfe weiter, bis Sie wieder Osuna erreichen.<\/p>\n\t<\/div>\n<\/div>\n\n\n\n\n\t\t\t<\/div> \n\t\t<\/div>\n\t<\/div> \n<\/div><\/div>","protected":false},"excerpt":{"rendered":"Radtourenroute Navaterrines Wir verlassen den Servicebereich, fahren unter der Br\u00fccke der \"A-92\" hindurch und fahren zum \"Camino de \u00cdpora\". Wir \u00fcberqueren den Bahn\u00fcbergang vorsichtig ohne Hindernisse und fahren weiter, wenn...","protected":false},"author":3,"featured_media":0,"parent":0,"menu_order":0,"comment_status":"closed","ping_status":"closed","template":"","meta":{"inline_featured_image":false,"footnotes":""},"class_list":["post-3389","page","type-page","status-publish"],"yoast_head":"<!-- This site is optimized with the Yoast SEO plugin v25.3 - https:\/\/yoast.com\/wordpress\/plugins\/seo\/ -->\n<title>Radtourenroute Navaterrines - Turismo Osuna<\/title>\n<meta name=\"robots\" content=\"index, follow, max-snippet:-1, max-image-preview:large, max-video-preview:-1\" \/>\n<link rel=\"canonical\" href=\"https:\/\/turismodeosuna.es\/en\/radtourenroute-navaterrines\/\" \/>\n<meta property=\"og:locale\" content=\"en_GB\" \/>\n<meta property=\"og:type\" content=\"article\" \/>\n<meta property=\"og:title\" content=\"Radtourenroute Navaterrines - Turismo Osuna\" \/>\n<meta property=\"og:url\" content=\"https:\/\/turismodeosuna.es\/en\/radtourenroute-navaterrines\/\" \/>\n<meta property=\"og:site_name\" content=\"Turismo Osuna\" \/>\n<meta property=\"article:modified_time\" content=\"2023-03-24T12:34:38+00:00\" \/>\n<meta name=\"twitter:card\" content=\"summary_large_image\" \/>\n<meta name=\"twitter:label1\" content=\"Estimated reading time\" \/>\n\t<meta name=\"twitter:data1\" content=\"3 minutes\" \/>\n<script type=\"application\/ld+json\" class=\"yoast-schema-graph\">{\"@context\":\"https:\/\/schema.org\",\"@graph\":[{\"@type\":\"WebPage\",\"@id\":\"https:\/\/turismodeosuna.es\/radtourenroute-navaterrines\/\",\"url\":\"https:\/\/turismodeosuna.es\/radtourenroute-navaterrines\/\",\"name\":\"Radtourenroute Navaterrines - Turismo Osuna\",\"isPartOf\":{\"@id\":\"https:\/\/turismodeosuna.es\/#website\"},\"datePublished\":\"2022-07-28T08:38:34+00:00\",\"dateModified\":\"2023-03-24T12:34:38+00:00\",\"breadcrumb\":{\"@id\":\"https:\/\/turismodeosuna.es\/radtourenroute-navaterrines\/#breadcrumb\"},\"inLanguage\":\"en-GB\",\"potentialAction\":[{\"@type\":\"ReadAction\",\"target\":[\"https:\/\/turismodeosuna.es\/radtourenroute-navaterrines\/\"]}]},{\"@type\":\"BreadcrumbList\",\"@id\":\"https:\/\/turismodeosuna.es\/radtourenroute-navaterrines\/#breadcrumb\",\"itemListElement\":[{\"@type\":\"ListItem\",\"position\":1,\"name\":\"Portada\",\"item\":\"https:\/\/turismodeosuna.es\/\"},{\"@type\":\"ListItem\",\"position\":2,\"name\":\"Radtourenroute Navaterrines\"}]},{\"@type\":\"WebSite\",\"@id\":\"https:\/\/turismodeosuna.es\/#website\",\"url\":\"https:\/\/turismodeosuna.es\/\",\"name\":\"Turismo Osuna\",\"description\":\"Turismo de Osuna\",\"potentialAction\":[{\"@type\":\"SearchAction\",\"target\":{\"@type\":\"EntryPoint\",\"urlTemplate\":\"https:\/\/turismodeosuna.es\/?s={search_term_string}\"},\"query-input\":{\"@type\":\"PropertyValueSpecification\",\"valueRequired\":true,\"valueName\":\"search_term_string\"}}],\"inLanguage\":\"en-GB\"}]}<\/script>\n<!-- \/ Yoast SEO plugin. -->","yoast_head_json":{"title":"Radtourenroute Navaterrines - Turismo Osuna","robots":{"index":"index","follow":"follow","max-snippet":"max-snippet:-1","max-image-preview":"max-image-preview:large","max-video-preview":"max-video-preview:-1"},"canonical":"https:\/\/turismodeosuna.es\/en\/radtourenroute-navaterrines\/","og_locale":"en_GB","og_type":"article","og_title":"Radtourenroute Navaterrines - Turismo Osuna","og_url":"https:\/\/turismodeosuna.es\/en\/radtourenroute-navaterrines\/","og_site_name":"Turismo Osuna","article_modified_time":"2023-03-24T12:34:38+00:00","twitter_card":"summary_large_image","twitter_misc":{"Estimated reading time":"3 minutes"},"schema":{"@context":"https:\/\/schema.org","@graph":[{"@type":"WebPage","@id":"https:\/\/turismodeosuna.es\/radtourenroute-navaterrines\/","url":"https:\/\/turismodeosuna.es\/radtourenroute-navaterrines\/","name":"Radtourenroute Navaterrines - Turismo Osuna","isPartOf":{"@id":"https:\/\/turismodeosuna.es\/#website"},"datePublished":"2022-07-28T08:38:34+00:00","dateModified":"2023-03-24T12:34:38+00:00","breadcrumb":{"@id":"https:\/\/turismodeosuna.es\/radtourenroute-navaterrines\/#breadcrumb"},"inLanguage":"en-GB","potentialAction":[{"@type":"ReadAction","target":["https:\/\/turismodeosuna.es\/radtourenroute-navaterrines\/"]}]},{"@type":"BreadcrumbList","@id":"https:\/\/turismodeosuna.es\/radtourenroute-navaterrines\/#breadcrumb","itemListElement":[{"@type":"ListItem","position":1,"name":"Portada","item":"https:\/\/turismodeosuna.es\/"},{"@type":"ListItem","position":2,"name":"Radtourenroute Navaterrines"}]},{"@type":"WebSite","@id":"https:\/\/turismodeosuna.es\/#website","url":"https:\/\/turismodeosuna.es\/","name":"Turismo Osuna","description":"Turismo de Osuna","potentialAction":[{"@type":"SearchAction","target":{"@type":"EntryPoint","urlTemplate":"https:\/\/turismodeosuna.es\/?s={search_term_string}"},"query-input":{"@type":"PropertyValueSpecification","valueRequired":true,"valueName":"search_term_string"}}],"inLanguage":"en-GB"}]}},"_links":{"self":[{"href":"https:\/\/turismodeosuna.es\/en\/wp-json\/wp\/v2\/pages\/3389","targetHints":{"allow":["GET"]}}],"collection":[{"href":"https:\/\/turismodeosuna.es\/en\/wp-json\/wp\/v2\/pages"}],"about":[{"href":"https:\/\/turismodeosuna.es\/en\/wp-json\/wp\/v2\/types\/page"}],"author":[{"embeddable":true,"href":"https:\/\/turismodeosuna.es\/en\/wp-json\/wp\/v2\/users\/3"}],"replies":[{"embeddable":true,"href":"https:\/\/turismodeosuna.es\/en\/wp-json\/wp\/v2\/comments?post=3389"}],"version-history":[{"count":3,"href":"https:\/\/turismodeosuna.es\/en\/wp-json\/wp\/v2\/pages\/3389\/revisions"}],"predecessor-version":[{"id":5905,"href":"https:\/\/turismodeosuna.es\/en\/wp-json\/wp\/v2\/pages\/3389\/revisions\/5905"}],"wp:attachment":[{"href":"https:\/\/turismodeosuna.es\/en\/wp-json\/wp\/v2\/media?parent=3389"}],"curies":[{"name":"wp","href":"https:\/\/api.w.org\/{rel}","templated":true}]}}