{"id":3394,"date":"2022-07-28T10:39:40","date_gmt":"2022-07-28T08:39:40","guid":{"rendered":"http:\/\/turismodeosuna.es\/ruta-del-peinado\/"},"modified":"2023-03-24T13:32:49","modified_gmt":"2023-03-24T12:32:49","slug":"radtourenroute-el-peinado","status":"publish","type":"page","link":"https:\/\/turismodeosuna.es\/en\/radtourenroute-el-peinado\/","title":{"rendered":"Radtourenroute El Peinado"},"content":{"rendered":"<div id=\"fws_69d918365a6ca\"  data-column-margin=\"default\" data-midnight=\"dark\"  class=\"wpb_row vc_row-fluid vc_row full-width-content vc_row-o-equal-height vc_row-flex vc_row-o-content-top\"  style=\"padding-top: 0px; padding-bottom: 0px; \"><div class=\"row-bg-wrap\" data-bg-animation=\"none\" data-bg-overlay=\"false\"><div class=\"inner-wrap\"><div class=\"row-bg viewport-desktop\"  style=\"\"><\/div><\/div><\/div><div class=\"row_col_wrap_12 col span_12 dark left\">\n\t<div  class=\"vc_col-sm-12 wpb_column column_container vc_column_container col no-extra-padding inherit_tablet inherit_phone\"  data-padding-pos=\"all\" data-has-bg-color=\"false\" data-bg-color=\"\" data-bg-opacity=\"1\" data-animation=\"\" data-delay=\"0\" >\n\t\t<div class=\"vc_column-inner\" >\n\t\t\t<div class=\"wpb_wrapper\">\n\t\t\t\t<div class=\"img-with-aniamtion-wrap center\" data-max-width=\"100%\" data-max-width-mobile=\"default\" data-shadow=\"none\" data-animation=\"fade-in\" >\n      <div class=\"inner\">\n        <div class=\"hover-wrap\"> \n          <div class=\"hover-wrap-inner\">\n            <img decoding=\"async\" class=\"img-with-animation skip-lazy img-sendero\" data-delay=\"0\" height=\"400\" width=\"1920\" data-animation=\"fade-in\" src=\"https:\/\/turismodeosuna.es\/wp-content\/uploads\/2022\/07\/banner-senderocicloturista-turismoosuna.webp\" alt=\"\" srcset=\"https:\/\/turismodeosuna.es\/wp-content\/uploads\/2022\/07\/banner-senderocicloturista-turismoosuna.webp 1920w, https:\/\/turismodeosuna.es\/wp-content\/uploads\/2022\/07\/banner-senderocicloturista-turismoosuna-300x63.webp 300w, https:\/\/turismodeosuna.es\/wp-content\/uploads\/2022\/07\/banner-senderocicloturista-turismoosuna-1024x213.webp 1024w, https:\/\/turismodeosuna.es\/wp-content\/uploads\/2022\/07\/banner-senderocicloturista-turismoosuna-768x160.webp 768w, https:\/\/turismodeosuna.es\/wp-content\/uploads\/2022\/07\/banner-senderocicloturista-turismoosuna-1536x320.webp 1536w\" sizes=\"(max-width: 1920px) 100vw, 1920px\" \/>\n          <\/div>\n        <\/div>\n      <\/div>\n    <\/div><div class=\"img-with-aniamtion-wrap center\" data-max-width=\"100%\" data-max-width-mobile=\"default\" data-shadow=\"none\" data-animation=\"fade-in\" >\n      <div class=\"inner\">\n        <div class=\"hover-wrap\"> \n          <div class=\"hover-wrap-inner\">\n            <img decoding=\"async\" class=\"img-with-animation skip-lazy\" data-delay=\"0\" height=\"215\" width=\"1920\" data-animation=\"fade-in\" src=\"https:\/\/turismodeosuna.es\/wp-content\/uploads\/2022\/06\/sombrabanner-turismodeosuna.png\" alt=\"sombra\" srcset=\"https:\/\/turismodeosuna.es\/wp-content\/uploads\/2022\/06\/sombrabanner-turismodeosuna.png 1920w, https:\/\/turismodeosuna.es\/wp-content\/uploads\/2022\/06\/sombrabanner-turismodeosuna-300x34.png 300w, https:\/\/turismodeosuna.es\/wp-content\/uploads\/2022\/06\/sombrabanner-turismodeosuna-1024x115.png 1024w, https:\/\/turismodeosuna.es\/wp-content\/uploads\/2022\/06\/sombrabanner-turismodeosuna-768x86.png 768w, https:\/\/turismodeosuna.es\/wp-content\/uploads\/2022\/06\/sombrabanner-turismodeosuna-1536x172.png 1536w\" sizes=\"(max-width: 1920px) 100vw, 1920px\" \/>\n          <\/div>\n        <\/div>\n      <\/div>\n    <\/div>\n\t\t\t<\/div> \n\t\t<\/div>\n\t<\/div> \n<\/div><\/div>\n\t\t<div id=\"fws_69d918365b249\"  data-column-margin=\"default\" data-midnight=\"dark\"  class=\"wpb_row vc_row-fluid vc_row vc_row-o-equal-height vc_row-flex vc_row-o-content-middle  top_margin_-4pct top_margin_tablet_5pct top_margin_phone_5pct bottom_margin_tablet_0px\"  style=\"padding-top: 0px; padding-bottom: 0px; \"><div class=\"row-bg-wrap\" data-bg-animation=\"none\" data-bg-overlay=\"false\"><div class=\"inner-wrap\"><div class=\"row-bg viewport-desktop\"  style=\"\"><\/div><\/div><\/div><div class=\"row_col_wrap_12 col span_12 dark left\">\n\t<div  class=\"vc_col-sm-12 wpb_column column_container vc_column_container col no-extra-padding inherit_tablet inherit_phone\"  data-padding-pos=\"all\" data-has-bg-color=\"false\" data-bg-color=\"\" data-bg-opacity=\"1\" data-animation=\"\" data-delay=\"0\" >\n\t\t<div class=\"vc_column-inner\" >\n\t\t\t<div class=\"wpb_wrapper\">\n\t\t\t\t\n<div class=\"wpb_text_column wpb_content_element\" >\n\t<div class=\"wpb_wrapper\">\n\t\t<h1 style=\"text-align: center;\">Radtourenroute El Peinado<\/h1>\n\t<\/div>\n<\/div>\n\n\n\n\n<div class=\"wpb_text_column wpb_content_element\" >\n\t<div class=\"wpb_wrapper\">\n\t\t<p>Wir starten am Sportzentrum und fahren in Richtung Las Vegas Industrial Estate. Bevor wir die Tankstelle erreichen, m\u00fcssen wir links abbiegen und die Br\u00fccke nehmen, die uns zum Eingang der Autobahn f\u00fchren w\u00fcrde. Wir m\u00fcssen links nach einer unbefestigten Stra\u00dfe suchen, nehmen diese Stra\u00dfe und kurz nachdem wir rechts abbiegen, um den \u201eCamino del Urraco\u201c zu nehmen, fahren wir geradeaus weiter und \u00fcberqueren den \u201eArroyo del Salado\u201c und den \u201eArroyo de Marchelina\u201c Nach dem \u00dcberqueren des Arroyo del Saltillo und kurz vor dem Erreichen des \u201eArroyo del Peinado\u201c biegen wir links ab und folgen der \u201eVereda del Peinado\u201c w\u00e4hrend eines Abschnitts parallel zu demselben Strom , vorbei an der \u00abCortijo del Peinado\u00bb. Wir erreichen die \u00abVereda de la Calderona\u00bb, \u00fcberqueren den \u00abArroyo del Peinado\u00bb und biegen links ab, fahren weiter und sobald wir den \u00abCortijo del Agujetero Bajo\u00bb passieren, biegen wir links ab, um die Stra\u00dfe \u00abSE-8204\u00bb zu erreichen. Wir biegen nach links ab und wenn wir die Br\u00fccke \u201eArroyo del Peinado\u201c passieren, biegen wir rechts ab. Wir folgen diesem Weg zwischen Olivenb\u00e4umen, bis wir am Ende links abbiegen m\u00fcssen, um die \u201eVereda del V\u00ednculo\u201c weiter zu fahren Die Ruinen des \u201eCortijo del V\u00ednculo\u201c und wir erreichen die \u201eCa\u00f1ada Real de Ronda\u201c. Wir \u00fcberqueren den \u201eArroyo del V\u00ednculo\u201c und biegen rechts ab, um die Stra\u00dfe \u201eA-451\u201c zu erreichen. Wir \u00fcberqueren diese Stra\u00dfe und erreichen die \u201eA-451\u201c. Cortijo de Horn\u00eda \u201c. Von hier aus geht es weiter auf Asphalt bis zum \u201eCortijo de Cachimonte\u201c. Wir werden eine Kreuzung finden, an der wir geradeaus weiterfahren m\u00fcssen. Wir passieren den \u00abCortijo de Madue\u00f1a\u00bb und erreichen die \u00abCa\u00f1ada Real de \u00c9cija a Teba\u00bb. Wir biegen rechts ab und nach dem \u00dcberqueren des \u00abArroyo de las Vi\u00f1as\u00bb biegen wir links ab. Wir r\u00fccken zwischen Olivenhainen vor und biegen rechts ab, \u00fcberqueren den \u00abArroyo de las Palomas\u00bb und fahren geradeaus weiter, bis wir vor Erreichen des \u00abCortijo de Majaron\u00bb links abbiegen und weiter die Stra\u00dfe \u00abA-378\u00bb in Richtung Osuna nehmen. Nach ungef\u00e4hr 700 Metern biegen wir an der Kreuzung, die wir sehen, rechts ab. Wir fahren ungef\u00e4hr 3 km auf dem Asphalt weiter und biegen kurz nach dem Passieren der Ruinen der \u00abHacienda del Soldado\u00bb links ab und gelangen so in die \u00abVereda de \u00cdpora\u00bb. Wir folgen diesem Weg, um nach Osuna zur\u00fcckzukehren, nachdem wir den \u00abCortijo de los Arcos\u00bb und den \u00abCortijo de Do\u00f1a Laura\u00bb passiert haben.<\/p>\n\t<\/div>\n<\/div>\n\n\n\n\n\t\t\t<\/div> \n\t\t<\/div>\n\t<\/div> \n<\/div><\/div>","protected":false},"excerpt":{"rendered":"Radtourenroute El Peinado Wir starten am Sportzentrum und fahren in Richtung Las Vegas Industrial Estate. Bevor wir die Tankstelle erreichen, m\u00fcssen wir links abbiegen und die Br\u00fccke nehmen, die uns...","protected":false},"author":3,"featured_media":0,"parent":0,"menu_order":0,"comment_status":"closed","ping_status":"closed","template":"","meta":{"inline_featured_image":false,"footnotes":""},"class_list":["post-3394","page","type-page","status-publish"],"yoast_head":"<!-- This site is optimized with the Yoast SEO plugin v25.3 - https:\/\/yoast.com\/wordpress\/plugins\/seo\/ -->\n<title>Radtourenroute El Peinado - Turismo Osuna<\/title>\n<meta name=\"robots\" content=\"index, follow, max-snippet:-1, max-image-preview:large, max-video-preview:-1\" \/>\n<link rel=\"canonical\" href=\"https:\/\/turismodeosuna.es\/en\/radtourenroute-el-peinado\/\" \/>\n<meta property=\"og:locale\" content=\"en_GB\" \/>\n<meta property=\"og:type\" content=\"article\" \/>\n<meta property=\"og:title\" content=\"Radtourenroute El Peinado - Turismo Osuna\" \/>\n<meta property=\"og:url\" content=\"https:\/\/turismodeosuna.es\/en\/radtourenroute-el-peinado\/\" \/>\n<meta property=\"og:site_name\" content=\"Turismo Osuna\" \/>\n<meta property=\"article:modified_time\" content=\"2023-03-24T12:32:49+00:00\" \/>\n<meta name=\"twitter:card\" content=\"summary_large_image\" \/>\n<meta name=\"twitter:label1\" content=\"Estimated reading time\" \/>\n\t<meta name=\"twitter:data1\" content=\"3 minutes\" \/>\n<script type=\"application\/ld+json\" class=\"yoast-schema-graph\">{\"@context\":\"https:\/\/schema.org\",\"@graph\":[{\"@type\":\"WebPage\",\"@id\":\"https:\/\/turismodeosuna.es\/radtourenroute-el-peinado\/\",\"url\":\"https:\/\/turismodeosuna.es\/radtourenroute-el-peinado\/\",\"name\":\"Radtourenroute El Peinado - Turismo Osuna\",\"isPartOf\":{\"@id\":\"https:\/\/turismodeosuna.es\/#website\"},\"datePublished\":\"2022-07-28T08:39:40+00:00\",\"dateModified\":\"2023-03-24T12:32:49+00:00\",\"breadcrumb\":{\"@id\":\"https:\/\/turismodeosuna.es\/radtourenroute-el-peinado\/#breadcrumb\"},\"inLanguage\":\"en-GB\",\"potentialAction\":[{\"@type\":\"ReadAction\",\"target\":[\"https:\/\/turismodeosuna.es\/radtourenroute-el-peinado\/\"]}]},{\"@type\":\"BreadcrumbList\",\"@id\":\"https:\/\/turismodeosuna.es\/radtourenroute-el-peinado\/#breadcrumb\",\"itemListElement\":[{\"@type\":\"ListItem\",\"position\":1,\"name\":\"Portada\",\"item\":\"https:\/\/turismodeosuna.es\/\"},{\"@type\":\"ListItem\",\"position\":2,\"name\":\"Radtourenroute El Peinado\"}]},{\"@type\":\"WebSite\",\"@id\":\"https:\/\/turismodeosuna.es\/#website\",\"url\":\"https:\/\/turismodeosuna.es\/\",\"name\":\"Turismo Osuna\",\"description\":\"Turismo de Osuna\",\"potentialAction\":[{\"@type\":\"SearchAction\",\"target\":{\"@type\":\"EntryPoint\",\"urlTemplate\":\"https:\/\/turismodeosuna.es\/?s={search_term_string}\"},\"query-input\":{\"@type\":\"PropertyValueSpecification\",\"valueRequired\":true,\"valueName\":\"search_term_string\"}}],\"inLanguage\":\"en-GB\"}]}<\/script>\n<!-- \/ Yoast SEO plugin. -->","yoast_head_json":{"title":"Radtourenroute El Peinado - Turismo Osuna","robots":{"index":"index","follow":"follow","max-snippet":"max-snippet:-1","max-image-preview":"max-image-preview:large","max-video-preview":"max-video-preview:-1"},"canonical":"https:\/\/turismodeosuna.es\/en\/radtourenroute-el-peinado\/","og_locale":"en_GB","og_type":"article","og_title":"Radtourenroute El Peinado - Turismo Osuna","og_url":"https:\/\/turismodeosuna.es\/en\/radtourenroute-el-peinado\/","og_site_name":"Turismo Osuna","article_modified_time":"2023-03-24T12:32:49+00:00","twitter_card":"summary_large_image","twitter_misc":{"Estimated reading time":"3 minutes"},"schema":{"@context":"https:\/\/schema.org","@graph":[{"@type":"WebPage","@id":"https:\/\/turismodeosuna.es\/radtourenroute-el-peinado\/","url":"https:\/\/turismodeosuna.es\/radtourenroute-el-peinado\/","name":"Radtourenroute El Peinado - Turismo Osuna","isPartOf":{"@id":"https:\/\/turismodeosuna.es\/#website"},"datePublished":"2022-07-28T08:39:40+00:00","dateModified":"2023-03-24T12:32:49+00:00","breadcrumb":{"@id":"https:\/\/turismodeosuna.es\/radtourenroute-el-peinado\/#breadcrumb"},"inLanguage":"en-GB","potentialAction":[{"@type":"ReadAction","target":["https:\/\/turismodeosuna.es\/radtourenroute-el-peinado\/"]}]},{"@type":"BreadcrumbList","@id":"https:\/\/turismodeosuna.es\/radtourenroute-el-peinado\/#breadcrumb","itemListElement":[{"@type":"ListItem","position":1,"name":"Portada","item":"https:\/\/turismodeosuna.es\/"},{"@type":"ListItem","position":2,"name":"Radtourenroute El Peinado"}]},{"@type":"WebSite","@id":"https:\/\/turismodeosuna.es\/#website","url":"https:\/\/turismodeosuna.es\/","name":"Turismo Osuna","description":"Turismo de Osuna","potentialAction":[{"@type":"SearchAction","target":{"@type":"EntryPoint","urlTemplate":"https:\/\/turismodeosuna.es\/?s={search_term_string}"},"query-input":{"@type":"PropertyValueSpecification","valueRequired":true,"valueName":"search_term_string"}}],"inLanguage":"en-GB"}]}},"_links":{"self":[{"href":"https:\/\/turismodeosuna.es\/en\/wp-json\/wp\/v2\/pages\/3394","targetHints":{"allow":["GET"]}}],"collection":[{"href":"https:\/\/turismodeosuna.es\/en\/wp-json\/wp\/v2\/pages"}],"about":[{"href":"https:\/\/turismodeosuna.es\/en\/wp-json\/wp\/v2\/types\/page"}],"author":[{"embeddable":true,"href":"https:\/\/turismodeosuna.es\/en\/wp-json\/wp\/v2\/users\/3"}],"replies":[{"embeddable":true,"href":"https:\/\/turismodeosuna.es\/en\/wp-json\/wp\/v2\/comments?post=3394"}],"version-history":[{"count":2,"href":"https:\/\/turismodeosuna.es\/en\/wp-json\/wp\/v2\/pages\/3394\/revisions"}],"predecessor-version":[{"id":5904,"href":"https:\/\/turismodeosuna.es\/en\/wp-json\/wp\/v2\/pages\/3394\/revisions\/5904"}],"wp:attachment":[{"href":"https:\/\/turismodeosuna.es\/en\/wp-json\/wp\/v2\/media?parent=3394"}],"curies":[{"name":"wp","href":"https:\/\/api.w.org\/{rel}","templated":true}]}}