{"id":3399,"date":"2022-07-28T10:44:29","date_gmt":"2022-07-28T08:44:29","guid":{"rendered":"http:\/\/turismodeosuna.es\/ruta-del-termino\/"},"modified":"2023-03-24T13:29:32","modified_gmt":"2023-03-24T12:29:32","slug":"radtourenroute-el-termino","status":"publish","type":"page","link":"https:\/\/turismodeosuna.es\/en\/radtourenroute-el-termino\/","title":{"rendered":"Radtourenroute El T\u00e9rmino"},"content":{"rendered":"<div id=\"fws_69d917e606c1c\"  data-column-margin=\"default\" data-midnight=\"dark\"  class=\"wpb_row vc_row-fluid vc_row full-width-content vc_row-o-equal-height vc_row-flex vc_row-o-content-top\"  style=\"padding-top: 0px; padding-bottom: 0px; \"><div class=\"row-bg-wrap\" data-bg-animation=\"none\" data-bg-overlay=\"false\"><div class=\"inner-wrap\"><div class=\"row-bg viewport-desktop\"  style=\"\"><\/div><\/div><\/div><div class=\"row_col_wrap_12 col span_12 dark left\">\n\t<div  class=\"vc_col-sm-12 wpb_column column_container vc_column_container col no-extra-padding inherit_tablet inherit_phone\"  data-padding-pos=\"all\" data-has-bg-color=\"false\" data-bg-color=\"\" data-bg-opacity=\"1\" data-animation=\"\" data-delay=\"0\" >\n\t\t<div class=\"vc_column-inner\" >\n\t\t\t<div class=\"wpb_wrapper\">\n\t\t\t\t<div class=\"img-with-aniamtion-wrap center\" data-max-width=\"100%\" data-max-width-mobile=\"default\" data-shadow=\"none\" data-animation=\"fade-in\" >\n      <div class=\"inner\">\n        <div class=\"hover-wrap\"> \n          <div class=\"hover-wrap-inner\">\n            <img decoding=\"async\" class=\"img-with-animation skip-lazy img-sendero\" data-delay=\"0\" height=\"400\" width=\"1920\" data-animation=\"fade-in\" src=\"https:\/\/turismodeosuna.es\/wp-content\/uploads\/2022\/07\/banner-senderocicloturista-turismoosuna.webp\" alt=\"\" srcset=\"https:\/\/turismodeosuna.es\/wp-content\/uploads\/2022\/07\/banner-senderocicloturista-turismoosuna.webp 1920w, https:\/\/turismodeosuna.es\/wp-content\/uploads\/2022\/07\/banner-senderocicloturista-turismoosuna-300x63.webp 300w, https:\/\/turismodeosuna.es\/wp-content\/uploads\/2022\/07\/banner-senderocicloturista-turismoosuna-1024x213.webp 1024w, https:\/\/turismodeosuna.es\/wp-content\/uploads\/2022\/07\/banner-senderocicloturista-turismoosuna-768x160.webp 768w, https:\/\/turismodeosuna.es\/wp-content\/uploads\/2022\/07\/banner-senderocicloturista-turismoosuna-1536x320.webp 1536w\" sizes=\"(max-width: 1920px) 100vw, 1920px\" \/>\n          <\/div>\n        <\/div>\n      <\/div>\n    <\/div><div class=\"img-with-aniamtion-wrap center\" data-max-width=\"100%\" data-max-width-mobile=\"default\" data-shadow=\"none\" data-animation=\"fade-in\" >\n      <div class=\"inner\">\n        <div class=\"hover-wrap\"> \n          <div class=\"hover-wrap-inner\">\n            <img decoding=\"async\" class=\"img-with-animation skip-lazy\" data-delay=\"0\" height=\"215\" width=\"1920\" data-animation=\"fade-in\" src=\"https:\/\/turismodeosuna.es\/wp-content\/uploads\/2022\/06\/sombrabanner-turismodeosuna.png\" alt=\"sombra\" srcset=\"https:\/\/turismodeosuna.es\/wp-content\/uploads\/2022\/06\/sombrabanner-turismodeosuna.png 1920w, https:\/\/turismodeosuna.es\/wp-content\/uploads\/2022\/06\/sombrabanner-turismodeosuna-300x34.png 300w, https:\/\/turismodeosuna.es\/wp-content\/uploads\/2022\/06\/sombrabanner-turismodeosuna-1024x115.png 1024w, https:\/\/turismodeosuna.es\/wp-content\/uploads\/2022\/06\/sombrabanner-turismodeosuna-768x86.png 768w, https:\/\/turismodeosuna.es\/wp-content\/uploads\/2022\/06\/sombrabanner-turismodeosuna-1536x172.png 1536w\" sizes=\"(max-width: 1920px) 100vw, 1920px\" \/>\n          <\/div>\n        <\/div>\n      <\/div>\n    <\/div>\n\t\t\t<\/div> \n\t\t<\/div>\n\t<\/div> \n<\/div><\/div>\n\t\t<div id=\"fws_69d917e6072ff\"  data-column-margin=\"default\" data-midnight=\"dark\"  class=\"wpb_row vc_row-fluid vc_row vc_row-o-equal-height vc_row-flex vc_row-o-content-middle  top_margin_-4pct top_margin_tablet_5pct top_margin_phone_5pct bottom_margin_tablet_0px\"  style=\"padding-top: 0px; padding-bottom: 0px; \"><div class=\"row-bg-wrap\" data-bg-animation=\"none\" data-bg-overlay=\"false\"><div class=\"inner-wrap\"><div class=\"row-bg viewport-desktop\"  style=\"\"><\/div><\/div><\/div><div class=\"row_col_wrap_12 col span_12 dark left\">\n\t<div  class=\"vc_col-sm-12 wpb_column column_container vc_column_container col no-extra-padding inherit_tablet inherit_phone\"  data-padding-pos=\"all\" data-has-bg-color=\"false\" data-bg-color=\"\" data-bg-opacity=\"1\" data-animation=\"\" data-delay=\"0\" >\n\t\t<div class=\"vc_column-inner\" >\n\t\t\t<div class=\"wpb_wrapper\">\n\t\t\t\t\n<div class=\"wpb_text_column wpb_content_element\" >\n\t<div class=\"wpb_wrapper\">\n\t\t<h1 style=\"text-align: center;\">Radtourenroute El T\u00e9rmino<\/h1>\n\t<\/div>\n<\/div>\n\n\n\n\n<div class=\"wpb_text_column wpb_content_element\" >\n\t<div class=\"wpb_wrapper\">\n\t\t<p>Vom st\u00e4dtischen Sportzentrum gehen wir zur \u00abCarretera del Rubio\u00bb und kurz nachdem wir den Friedhof passiert haben, nehmen wir einen Weg, den wir rechts haben, den \u00abCamino de Cuesta de las Enanas\u00bb, wir fahren geradeaus am \u00abCortijo de Sandino\u00bb vorbei und Wenn wir die Ruinen der \u00abRancho de los Angulos\u00bb erreichen, biegen wir rechts ab, um in die \u00abVereda de la Albina\u00bb einzudringen. 1 km sp\u00e4ter nehmen wir den Weg, den wir zu unserer Linken haben und der \u00abCamino del Rosal y Gilenilla\u00bb hei\u00dft Es f\u00fchrt zum \u00abCortijo de Gilenilla Alta\u00bb und zum \u00abCortijo de Gilenila Baja\u00bb. Wir folgen diesem Weg, um den \u00abCortijo de la Beata\u00bb zu \u00fcberqueren und erreichen die Stra\u00dfe \u00abSE-726\u00bb. Wir nehmen die Stra\u00dfe, die nach rechts abbiegt, und nachdem wir 1 km entlang gefahren sind, m\u00fcssen wir sie auf einem Weg verlassen, den wir links in der Kurve sehen werden. Wir umrunden ein Wasserflo\u00df und kommen zur \u00abVereda de Lucena\u00bb heraus. Wir \u00fcberqueren sie, um die Stra\u00dfe weiter zu fahren. Camino de los M\u00e1rtires \u201cund verbinden uns mit der\u201e Vereda de pozo del Rey \u201c, \u00fcberqueren den\u201e Cortijo de Alcal\u00e1 \u201cund fahren in Richtung der\u201e Ca\u00f1ada Real de Marchena \u201c, biegen nach links ab, gehen zur Eremitage hinauf, dort sind Picknickpl\u00e4tze installiert und es ist ein guter Ort f\u00fcr Vorr\u00e4te, wir fahren weiter die \u00abCa\u00f1ada Real del T\u00e9rmino\u00bb hinunter, die wir nach dem \u00dcberqueren der Stra\u00dfe \u00abSE-725\u00bb fortsetzen. Wenn wir dieser Schlucht folgen, ohne abzubiegen, finden wir weiter vorne eine Kreuzung, die wir nach links nehmen, um diese Schlucht zu verlassen. Wir setzen diesen Weg fort, bis wir eine neue Kreuzung finden, die wir rechts nehmen. Wir sind mehrere Kilometer zur\u00fcckgelegt, seit wir den \u00abCortijo de Alcal\u00e1\u00bb passiert haben und die Grenze zwischen dem Gemeindebegriff \u00fcberschritten haben. An dieser Stelle k\u00f6nnen wir rechts auf einem H\u00fcgel den \u00abTorre de Gallape\u00bb unterscheiden. Nachdem wir diesen Turm passiert haben, sehen wir eine weitere Kreuzung, an der wir nach links abbiegen m\u00fcssen, bis wir an einem St\u00fcck Eukalyptusb\u00e4umen vorbeikommen und einen Weg finden, den wir wieder nehmen. Links auf der Suche nach dem \u201eCortijo del Monte\u201c, den wir bereits sehen k\u00f6nnen. Jetzt fahren wir geradeaus weiter, passieren den \u201eCortijo de Las Basilias\u201c, kehren zu unserem Ende zur\u00fcck und \u00fcberqueren erneut die Stra\u00dfe \u201eSE-725\u201c. Wir fahren ohne Abweichung weiter, bis wir wieder in der \u201eVereda de Lucena\u201c auf dem H\u00f6hepunkt der \u201eVereda de Lucena\u201c landen. Cortijo de las Boticarias \u201cund der\u201e Cortijo del Terrosillo \u201c. Wir biegen rechts ab, bis wir die \u00abLaguna del Terrosillo\u00bb erreichen, wo wir den Weg nehmen, den wir links sehen, um zur \u00abHacienda de Santa Cruz\u00bb zu gelangen. Schlie\u00dflich fahren wir geradeaus weiter, um in Osuna anzukommen.<\/p>\n\t<\/div>\n<\/div>\n\n\n\n\n\t\t\t<\/div> \n\t\t<\/div>\n\t<\/div> \n<\/div><\/div>","protected":false},"excerpt":{"rendered":"Radtourenroute El T\u00e9rmino Vom st\u00e4dtischen Sportzentrum gehen wir zur \"Carretera del Rubio\" und kurz nachdem wir den Friedhof passiert haben, nehmen wir einen Weg, den wir rechts haben, den \"Camino...","protected":false},"author":3,"featured_media":0,"parent":0,"menu_order":0,"comment_status":"closed","ping_status":"closed","template":"","meta":{"inline_featured_image":false,"footnotes":""},"class_list":["post-3399","page","type-page","status-publish"],"yoast_head":"<!-- This site is optimized with the Yoast SEO plugin v25.3 - https:\/\/yoast.com\/wordpress\/plugins\/seo\/ -->\n<title>Radtourenroute El T\u00e9rmino - Turismo Osuna<\/title>\n<meta name=\"robots\" content=\"index, follow, max-snippet:-1, max-image-preview:large, max-video-preview:-1\" \/>\n<link rel=\"canonical\" href=\"https:\/\/turismodeosuna.es\/en\/radtourenroute-el-termino\/\" \/>\n<meta property=\"og:locale\" content=\"en_GB\" \/>\n<meta property=\"og:type\" content=\"article\" \/>\n<meta property=\"og:title\" content=\"Radtourenroute El T\u00e9rmino - Turismo Osuna\" \/>\n<meta property=\"og:url\" content=\"https:\/\/turismodeosuna.es\/en\/radtourenroute-el-termino\/\" \/>\n<meta property=\"og:site_name\" content=\"Turismo Osuna\" \/>\n<meta property=\"article:modified_time\" content=\"2023-03-24T12:29:32+00:00\" \/>\n<meta name=\"twitter:card\" content=\"summary_large_image\" \/>\n<meta name=\"twitter:label1\" content=\"Estimated reading time\" \/>\n\t<meta name=\"twitter:data1\" content=\"3 minutes\" \/>\n<script type=\"application\/ld+json\" class=\"yoast-schema-graph\">{\"@context\":\"https:\/\/schema.org\",\"@graph\":[{\"@type\":\"WebPage\",\"@id\":\"https:\/\/turismodeosuna.es\/radtourenroute-el-termino\/\",\"url\":\"https:\/\/turismodeosuna.es\/radtourenroute-el-termino\/\",\"name\":\"Radtourenroute El T\u00e9rmino - Turismo Osuna\",\"isPartOf\":{\"@id\":\"https:\/\/turismodeosuna.es\/#website\"},\"datePublished\":\"2022-07-28T08:44:29+00:00\",\"dateModified\":\"2023-03-24T12:29:32+00:00\",\"breadcrumb\":{\"@id\":\"https:\/\/turismodeosuna.es\/radtourenroute-el-termino\/#breadcrumb\"},\"inLanguage\":\"en-GB\",\"potentialAction\":[{\"@type\":\"ReadAction\",\"target\":[\"https:\/\/turismodeosuna.es\/radtourenroute-el-termino\/\"]}]},{\"@type\":\"BreadcrumbList\",\"@id\":\"https:\/\/turismodeosuna.es\/radtourenroute-el-termino\/#breadcrumb\",\"itemListElement\":[{\"@type\":\"ListItem\",\"position\":1,\"name\":\"Portada\",\"item\":\"https:\/\/turismodeosuna.es\/\"},{\"@type\":\"ListItem\",\"position\":2,\"name\":\"Radtourenroute El T\u00e9rmino\"}]},{\"@type\":\"WebSite\",\"@id\":\"https:\/\/turismodeosuna.es\/#website\",\"url\":\"https:\/\/turismodeosuna.es\/\",\"name\":\"Turismo Osuna\",\"description\":\"Turismo de Osuna\",\"potentialAction\":[{\"@type\":\"SearchAction\",\"target\":{\"@type\":\"EntryPoint\",\"urlTemplate\":\"https:\/\/turismodeosuna.es\/?s={search_term_string}\"},\"query-input\":{\"@type\":\"PropertyValueSpecification\",\"valueRequired\":true,\"valueName\":\"search_term_string\"}}],\"inLanguage\":\"en-GB\"}]}<\/script>\n<!-- \/ Yoast SEO plugin. -->","yoast_head_json":{"title":"Radtourenroute El T\u00e9rmino - Turismo Osuna","robots":{"index":"index","follow":"follow","max-snippet":"max-snippet:-1","max-image-preview":"max-image-preview:large","max-video-preview":"max-video-preview:-1"},"canonical":"https:\/\/turismodeosuna.es\/en\/radtourenroute-el-termino\/","og_locale":"en_GB","og_type":"article","og_title":"Radtourenroute El T\u00e9rmino - Turismo Osuna","og_url":"https:\/\/turismodeosuna.es\/en\/radtourenroute-el-termino\/","og_site_name":"Turismo Osuna","article_modified_time":"2023-03-24T12:29:32+00:00","twitter_card":"summary_large_image","twitter_misc":{"Estimated reading time":"3 minutes"},"schema":{"@context":"https:\/\/schema.org","@graph":[{"@type":"WebPage","@id":"https:\/\/turismodeosuna.es\/radtourenroute-el-termino\/","url":"https:\/\/turismodeosuna.es\/radtourenroute-el-termino\/","name":"Radtourenroute El T\u00e9rmino - Turismo Osuna","isPartOf":{"@id":"https:\/\/turismodeosuna.es\/#website"},"datePublished":"2022-07-28T08:44:29+00:00","dateModified":"2023-03-24T12:29:32+00:00","breadcrumb":{"@id":"https:\/\/turismodeosuna.es\/radtourenroute-el-termino\/#breadcrumb"},"inLanguage":"en-GB","potentialAction":[{"@type":"ReadAction","target":["https:\/\/turismodeosuna.es\/radtourenroute-el-termino\/"]}]},{"@type":"BreadcrumbList","@id":"https:\/\/turismodeosuna.es\/radtourenroute-el-termino\/#breadcrumb","itemListElement":[{"@type":"ListItem","position":1,"name":"Portada","item":"https:\/\/turismodeosuna.es\/"},{"@type":"ListItem","position":2,"name":"Radtourenroute El T\u00e9rmino"}]},{"@type":"WebSite","@id":"https:\/\/turismodeosuna.es\/#website","url":"https:\/\/turismodeosuna.es\/","name":"Turismo Osuna","description":"Turismo de Osuna","potentialAction":[{"@type":"SearchAction","target":{"@type":"EntryPoint","urlTemplate":"https:\/\/turismodeosuna.es\/?s={search_term_string}"},"query-input":{"@type":"PropertyValueSpecification","valueRequired":true,"valueName":"search_term_string"}}],"inLanguage":"en-GB"}]}},"_links":{"self":[{"href":"https:\/\/turismodeosuna.es\/en\/wp-json\/wp\/v2\/pages\/3399","targetHints":{"allow":["GET"]}}],"collection":[{"href":"https:\/\/turismodeosuna.es\/en\/wp-json\/wp\/v2\/pages"}],"about":[{"href":"https:\/\/turismodeosuna.es\/en\/wp-json\/wp\/v2\/types\/page"}],"author":[{"embeddable":true,"href":"https:\/\/turismodeosuna.es\/en\/wp-json\/wp\/v2\/users\/3"}],"replies":[{"embeddable":true,"href":"https:\/\/turismodeosuna.es\/en\/wp-json\/wp\/v2\/comments?post=3399"}],"version-history":[{"count":2,"href":"https:\/\/turismodeosuna.es\/en\/wp-json\/wp\/v2\/pages\/3399\/revisions"}],"predecessor-version":[{"id":5901,"href":"https:\/\/turismodeosuna.es\/en\/wp-json\/wp\/v2\/pages\/3399\/revisions\/5901"}],"wp:attachment":[{"href":"https:\/\/turismodeosuna.es\/en\/wp-json\/wp\/v2\/media?parent=3399"}],"curies":[{"name":"wp","href":"https:\/\/api.w.org\/{rel}","templated":true}]}}