{"id":3409,"date":"2022-07-25T08:54:05","date_gmt":"2022-07-25T06:54:05","guid":{"rendered":"http:\/\/turismodeosuna.es\/sendero-de-la-gomera\/"},"modified":"2023-01-30T11:50:42","modified_gmt":"2023-01-30T10:50:42","slug":"wanderroute-la-gomera","status":"publish","type":"page","link":"https:\/\/turismodeosuna.es\/en\/wanderroute-la-gomera\/","title":{"rendered":"Wanderroute La Gomera"},"content":{"rendered":"<div id=\"fws_69d91680a846c\"  data-column-margin=\"default\" data-midnight=\"dark\"  class=\"wpb_row vc_row-fluid vc_row full-width-content vc_row-o-equal-height vc_row-flex vc_row-o-content-top\"  style=\"padding-top: 0px; padding-bottom: 0px; \"><div class=\"row-bg-wrap\" data-bg-animation=\"none\" data-bg-overlay=\"false\"><div class=\"inner-wrap\"><div class=\"row-bg viewport-desktop\"  style=\"\"><\/div><\/div><\/div><div class=\"row_col_wrap_12 col span_12 dark left\">\n\t<div  class=\"vc_col-sm-12 wpb_column column_container vc_column_container col no-extra-padding inherit_tablet inherit_phone\"  data-padding-pos=\"all\" data-has-bg-color=\"false\" data-bg-color=\"\" data-bg-opacity=\"1\" data-animation=\"\" data-delay=\"0\" >\n\t\t<div class=\"vc_column-inner\" >\n\t\t\t<div class=\"wpb_wrapper\">\n\t\t\t\t<div class=\"img-with-aniamtion-wrap center\" data-max-width=\"100%\" data-max-width-mobile=\"default\" data-shadow=\"none\" data-animation=\"fade-in\" >\n      <div class=\"inner\">\n        <div class=\"hover-wrap\"> \n          <div class=\"hover-wrap-inner\">\n            <img decoding=\"async\" class=\"img-with-animation skip-lazy img-sendero\" data-delay=\"0\" height=\"1709\" width=\"2560\" data-animation=\"fade-in\" src=\"https:\/\/turismodeosuna.es\/wp-content\/uploads\/2022\/07\/VINAS-Y-GOMERA-10-scaled.webp\" alt=\"\" srcset=\"https:\/\/turismodeosuna.es\/wp-content\/uploads\/2022\/07\/VINAS-Y-GOMERA-10-scaled.webp 2560w, https:\/\/turismodeosuna.es\/wp-content\/uploads\/2022\/07\/VINAS-Y-GOMERA-10-300x200.webp 300w, https:\/\/turismodeosuna.es\/wp-content\/uploads\/2022\/07\/VINAS-Y-GOMERA-10-1024x684.webp 1024w, https:\/\/turismodeosuna.es\/wp-content\/uploads\/2022\/07\/VINAS-Y-GOMERA-10-768x513.webp 768w, https:\/\/turismodeosuna.es\/wp-content\/uploads\/2022\/07\/VINAS-Y-GOMERA-10-391x260.webp 391w, https:\/\/turismodeosuna.es\/wp-content\/uploads\/2022\/07\/VINAS-Y-GOMERA-10-1536x1025.webp 1536w, https:\/\/turismodeosuna.es\/wp-content\/uploads\/2022\/07\/VINAS-Y-GOMERA-10-2048x1367.webp 2048w, https:\/\/turismodeosuna.es\/wp-content\/uploads\/2022\/07\/VINAS-Y-GOMERA-10-900x600.webp 900w\" sizes=\"(max-width: 2560px) 100vw, 2560px\" \/>\n          <\/div>\n        <\/div>\n      <\/div>\n    <\/div><div class=\"img-with-aniamtion-wrap center\" data-max-width=\"100%\" data-max-width-mobile=\"default\" data-shadow=\"none\" data-animation=\"fade-in\" >\n      <div class=\"inner\">\n        <div class=\"hover-wrap\"> \n          <div class=\"hover-wrap-inner\">\n            <img decoding=\"async\" class=\"img-with-animation skip-lazy\" data-delay=\"0\" height=\"215\" width=\"1920\" data-animation=\"fade-in\" src=\"https:\/\/turismodeosuna.es\/wp-content\/uploads\/2022\/06\/sombrabanner-turismodeosuna.png\" alt=\"sombra\" srcset=\"https:\/\/turismodeosuna.es\/wp-content\/uploads\/2022\/06\/sombrabanner-turismodeosuna.png 1920w, https:\/\/turismodeosuna.es\/wp-content\/uploads\/2022\/06\/sombrabanner-turismodeosuna-300x34.png 300w, https:\/\/turismodeosuna.es\/wp-content\/uploads\/2022\/06\/sombrabanner-turismodeosuna-1024x115.png 1024w, https:\/\/turismodeosuna.es\/wp-content\/uploads\/2022\/06\/sombrabanner-turismodeosuna-768x86.png 768w, https:\/\/turismodeosuna.es\/wp-content\/uploads\/2022\/06\/sombrabanner-turismodeosuna-1536x172.png 1536w\" sizes=\"(max-width: 1920px) 100vw, 1920px\" \/>\n          <\/div>\n        <\/div>\n      <\/div>\n    <\/div>\n\t\t\t<\/div> \n\t\t<\/div>\n\t<\/div> \n<\/div><\/div>\n\t\t<div id=\"fws_69d91680a8f27\"  data-column-margin=\"default\" data-midnight=\"dark\"  class=\"wpb_row vc_row-fluid vc_row vc_row-o-equal-height vc_row-flex vc_row-o-content-middle  top_margin_-4pct top_margin_tablet_5pct top_margin_phone_5pct bottom_margin_tablet_0px\"  style=\"padding-top: 0px; padding-bottom: 0px; \"><div class=\"row-bg-wrap\" data-bg-animation=\"none\" data-bg-overlay=\"false\"><div class=\"inner-wrap\"><div class=\"row-bg viewport-desktop\"  style=\"\"><\/div><\/div><\/div><div class=\"row_col_wrap_12 col span_12 dark left\">\n\t<div  class=\"vc_col-sm-12 wpb_column column_container vc_column_container col no-extra-padding inherit_tablet inherit_phone\"  data-padding-pos=\"all\" data-has-bg-color=\"false\" data-bg-color=\"\" data-bg-opacity=\"1\" data-animation=\"\" data-delay=\"0\" >\n\t\t<div class=\"vc_column-inner\" >\n\t\t\t<div class=\"wpb_wrapper\">\n\t\t\t\t\n<div class=\"wpb_text_column wpb_content_element\" >\n\t<div class=\"wpb_wrapper\">\n\t\t<h1 style=\"text-align: center;\">Wanderroute La Gomera<\/h1>\n\t<\/div>\n<\/div>\n\n\n\n\n<div class=\"wpb_text_column wpb_content_element  table-sendero\" >\n\t<div class=\"wpb_wrapper\">\n\t\t<table style=\"height: 76px;\" width=\"664\">\n<thead>\n<tr>\n<th>TRAIL-TYPOLOGIE<\/th>\n<th>BEZEICHNUNG<\/th>\n<th><strong>ZEIT<\/strong><\/th>\n<th><strong>ENTFERNUNG<\/strong><\/th>\n<\/tr>\n<\/thead>\n<tbody>\n<tr>\n<td>SL-A 159<\/td>\n<td>LA GOMERA<\/td>\n<td>\n<table style=\"height: 5px;\" width=\"208\">\n<tbody>\n<tr>\n<td width=\"128\">50<\/td>\n<td width=\"94\">minuten<\/td>\n<\/tr>\n<\/tbody>\n<\/table>\n<\/td>\n<td>2,8 km<\/td>\n<\/tr>\n<\/tbody>\n<\/table>\n\t<\/div>\n<\/div>\n\n\n\n\n<div class=\"wpb_text_column wpb_content_element\" >\n\t<div class=\"wpb_wrapper\">\n\t\t<p>Dieser Raum stellt einen sch\u00f6nen Exponenten des Mittleren Subb\u00e9tico dar und entspricht einer abrupten und sehr bewegten Landschaft, auf der die B\u00e4che und Fl\u00fcsse ihren Lauf ausgegraben haben. Die Bedeutung dieses rauen Gebiets liegt jedoch zweifellos in seinem botanischen und tierischen Reichtum, der sich in einem guten Erhaltungszustand befindet.<\/p>\n\t<\/div>\n<\/div>\n\n\n\n\n\t\t\t<\/div> \n\t\t<\/div>\n\t<\/div> \n<\/div><\/div>\n\t\t<div id=\"fws_69d91680a9196\"  data-column-margin=\"default\" data-midnight=\"dark\"  class=\"wpb_row vc_row-fluid vc_row full-width-content vc_row-o-equal-height vc_row-flex vc_row-o-content-middle  bottom_margin_4pct top_margin_tablet_5pct top_margin_phone_5pct bottom_margin_tablet_0px\"  style=\"padding-top: 0px; padding-bottom: 0px; \"><div class=\"row-bg-wrap\" data-bg-animation=\"none\" data-bg-overlay=\"false\"><div class=\"inner-wrap\"><div class=\"row-bg viewport-desktop\"  style=\"\"><\/div><\/div><\/div><div class=\"row_col_wrap_12 col span_12 dark left\">\n\t<div  class=\"vc_col-sm-12 wpb_column column_container vc_column_container col no-extra-padding inherit_tablet inherit_phone\"  data-padding-pos=\"all\" data-has-bg-color=\"false\" data-bg-color=\"\" data-bg-opacity=\"1\" data-animation=\"\" data-delay=\"0\" >\n\t\t<div class=\"vc_column-inner\" >\n\t\t\t<div class=\"wpb_wrapper\">\n\t\t\t\t\n\t<div class=\"wpb_gallery wpb_content_element clearfix\">\n\t\t<div class=\"wpb_wrapper\"><div class=\"wpb_gallery_slidesflickity_style\" data-onclick=\"link_image\" data-interval=\"5\"><div class=\"nectar-flickity not-initialized\"  data-touch-icon-color=\"default\" data-stagger=\"\" data-drag-scale=\"\" data-overflow=\"hidden\" data-wrap=\"wrap\" data-spacing=\"default\" data-shadow=\"none\" data-autoplay=\"\" data-autoplay-dur=\"\" data-free-scroll=\"true\" data-controls=\"material_pagination\" data-desktop-columns=\"3\" data-small-desktop-columns=\"3\" data-tablet-columns=\"2\" data-phone-columns=\"1\"><div class=\"flickity-viewport\"> <div class=\"flickity-slider\"><div class=\"cell\" data-lazy=\"true\"><img decoding=\"async\" class=\"skip-lazy nectar-lazy\"  src=\"data:image\/svg+xml;charset=utf-8,%3Csvg%20xmlns%3D'http%3A%2F%2Fwww.w3.org%2F2000%2Fsvg'%20viewBox%3D'0%200%201024%20684'%2F%3E\" data-nectar-img-src=\"https:\/\/turismodeosuna.es\/wp-content\/uploads\/2022\/07\/VINAS-Y-GOMERA-10-scaled-600x400.webp\" width=\"600\" height=\"400\" alt=\"VI\u00d1AS Y GOMERA 10\" title=\"VI\u00d1AS Y GOMERA 10\" \/><a class=\"entire-slide-link\"  href=\"https:\/\/turismodeosuna.es\/wp-content\/uploads\/2022\/07\/VINAS-Y-GOMERA-10-scaled.webp\"><\/a><\/div><div class=\"cell\" data-lazy=\"true\"><img decoding=\"async\" class=\"skip-lazy nectar-lazy\"  src=\"data:image\/svg+xml;charset=utf-8,%3Csvg%20xmlns%3D'http%3A%2F%2Fwww.w3.org%2F2000%2Fsvg'%20viewBox%3D'0%200%201024%20684'%2F%3E\" data-nectar-img-src=\"https:\/\/turismodeosuna.es\/wp-content\/uploads\/2022\/07\/VINAS-Y-GOMERA-11-scaled-600x400.webp\" width=\"600\" height=\"400\" alt=\"VI\u00d1AS Y GOMERA 11\" title=\"VI\u00d1AS Y GOMERA 11\" \/><a class=\"entire-slide-link\"  href=\"https:\/\/turismodeosuna.es\/wp-content\/uploads\/2022\/07\/VINAS-Y-GOMERA-11-scaled.webp\"><\/a><\/div><div class=\"cell\" data-lazy=\"true\"><img decoding=\"async\" class=\"skip-lazy nectar-lazy\"  src=\"data:image\/svg+xml;charset=utf-8,%3Csvg%20xmlns%3D'http%3A%2F%2Fwww.w3.org%2F2000%2Fsvg'%20viewBox%3D'0%200%201024%20684'%2F%3E\" data-nectar-img-src=\"https:\/\/turismodeosuna.es\/wp-content\/uploads\/2022\/07\/VINAS-Y-GOMERA-14-scaled-600x400.webp\" width=\"600\" height=\"400\" alt=\"VI\u00d1AS Y GOMERA 14\" title=\"VI\u00d1AS Y GOMERA 14\" \/><a class=\"entire-slide-link\"  href=\"https:\/\/turismodeosuna.es\/wp-content\/uploads\/2022\/07\/VINAS-Y-GOMERA-14-scaled.webp\"><\/a><\/div><div class=\"cell\" data-lazy=\"true\"><img decoding=\"async\" class=\"skip-lazy nectar-lazy\"  src=\"data:image\/svg+xml;charset=utf-8,%3Csvg%20xmlns%3D'http%3A%2F%2Fwww.w3.org%2F2000%2Fsvg'%20viewBox%3D'0%200%201024%20684'%2F%3E\" data-nectar-img-src=\"https:\/\/turismodeosuna.es\/wp-content\/uploads\/2022\/07\/VINAS-Y-GOMERA-18-scaled-600x400.webp\" width=\"600\" height=\"400\" alt=\"VI\u00d1AS Y GOMERA 18\" title=\"VI\u00d1AS Y GOMERA 18\" \/><a class=\"entire-slide-link\"  href=\"https:\/\/turismodeosuna.es\/wp-content\/uploads\/2022\/07\/VINAS-Y-GOMERA-18-scaled.webp\"><\/a><\/div><div class=\"cell\" data-lazy=\"true\"><img decoding=\"async\" class=\"skip-lazy nectar-lazy\"  src=\"data:image\/svg+xml;charset=utf-8,%3Csvg%20xmlns%3D'http%3A%2F%2Fwww.w3.org%2F2000%2Fsvg'%20viewBox%3D'0%200%201024%20685'%2F%3E\" data-nectar-img-src=\"https:\/\/turismodeosuna.es\/wp-content\/uploads\/2022\/07\/Merendero-de-La-Gomera-scaled-600x400.webp\" width=\"600\" height=\"400\" alt=\"Merendero de La Gomera\" title=\"Merendero de La Gomera\" \/><a class=\"entire-slide-link\"  href=\"https:\/\/turismodeosuna.es\/wp-content\/uploads\/2022\/07\/Merendero-de-La-Gomera-scaled.webp\"><\/a><\/div><div class=\"cell\" data-lazy=\"true\"><img decoding=\"async\" class=\"skip-lazy nectar-lazy\"  src=\"data:image\/svg+xml;charset=utf-8,%3Csvg%20xmlns%3D'http%3A%2F%2Fwww.w3.org%2F2000%2Fsvg'%20viewBox%3D'0%200%201024%20667'%2F%3E\" data-nectar-img-src=\"https:\/\/turismodeosuna.es\/wp-content\/uploads\/2022\/07\/Sendero-la-Gomera-600x400.webp\" width=\"600\" height=\"400\" alt=\"Sendero la Gomera\" title=\"Sendero la Gomera\" \/><a class=\"entire-slide-link\"  href=\"https:\/\/turismodeosuna.es\/wp-content\/uploads\/2022\/07\/Sendero-la-Gomera.webp\"><\/a><\/div><div class=\"cell\" data-lazy=\"true\"><img decoding=\"async\" class=\"skip-lazy nectar-lazy\"  src=\"data:image\/svg+xml;charset=utf-8,%3Csvg%20xmlns%3D'http%3A%2F%2Fwww.w3.org%2F2000%2Fsvg'%20viewBox%3D'0%200%201024%20684'%2F%3E\" data-nectar-img-src=\"https:\/\/turismodeosuna.es\/wp-content\/uploads\/2022\/07\/VINAS-Y-GOMERA-15-scaled-600x400.webp\" width=\"600\" height=\"400\" alt=\"VI\u00d1AS Y GOMERA 15\" title=\"VI\u00d1AS Y GOMERA 15\" \/><a class=\"entire-slide-link\"  href=\"https:\/\/turismodeosuna.es\/wp-content\/uploads\/2022\/07\/VINAS-Y-GOMERA-15-scaled.webp\"><\/a><\/div><\/div><\/div><\/div><\/div>\n\t\t<\/div> \n\t<\/div> \n\t\t\t<\/div> \n\t\t<\/div>\n\t<\/div> \n<\/div><\/div>","protected":false},"excerpt":{"rendered":"Wanderroute La Gomera TRAIL-TYPOLOGIE BEZEICHNUNG ZEIT ENTFERNUNG SL-A 159 LA GOMERA 50 minuten 2,8 km Dieser Raum stellt einen sch\u00f6nen Exponenten des Mittleren Subb\u00e9tico dar und entspricht einer abrupten und...","protected":false},"author":2,"featured_media":0,"parent":0,"menu_order":0,"comment_status":"closed","ping_status":"closed","template":"","meta":{"inline_featured_image":false,"footnotes":""},"class_list":["post-3409","page","type-page","status-publish"],"yoast_head":"<!-- This site is optimized with the Yoast SEO plugin v25.3 - https:\/\/yoast.com\/wordpress\/plugins\/seo\/ -->\n<title>Wanderroute La Gomera - Turismo Osuna<\/title>\n<meta name=\"robots\" content=\"index, follow, max-snippet:-1, max-image-preview:large, max-video-preview:-1\" \/>\n<link rel=\"canonical\" href=\"https:\/\/turismodeosuna.es\/en\/wanderroute-la-gomera\/\" \/>\n<meta property=\"og:locale\" content=\"en_GB\" \/>\n<meta property=\"og:type\" content=\"article\" \/>\n<meta property=\"og:title\" content=\"Wanderroute La Gomera - Turismo Osuna\" \/>\n<meta property=\"og:url\" content=\"https:\/\/turismodeosuna.es\/en\/wanderroute-la-gomera\/\" \/>\n<meta property=\"og:site_name\" content=\"Turismo Osuna\" \/>\n<meta property=\"article:modified_time\" content=\"2023-01-30T10:50:42+00:00\" \/>\n<meta name=\"twitter:card\" content=\"summary_large_image\" \/>\n<meta name=\"twitter:label1\" content=\"Estimated reading time\" \/>\n\t<meta name=\"twitter:data1\" content=\"2 minutes\" \/>\n<script type=\"application\/ld+json\" class=\"yoast-schema-graph\">{\"@context\":\"https:\/\/schema.org\",\"@graph\":[{\"@type\":\"WebPage\",\"@id\":\"https:\/\/turismodeosuna.es\/wanderroute-la-gomera\/\",\"url\":\"https:\/\/turismodeosuna.es\/wanderroute-la-gomera\/\",\"name\":\"Wanderroute La Gomera - Turismo Osuna\",\"isPartOf\":{\"@id\":\"https:\/\/turismodeosuna.es\/#website\"},\"datePublished\":\"2022-07-25T06:54:05+00:00\",\"dateModified\":\"2023-01-30T10:50:42+00:00\",\"breadcrumb\":{\"@id\":\"https:\/\/turismodeosuna.es\/wanderroute-la-gomera\/#breadcrumb\"},\"inLanguage\":\"en-GB\",\"potentialAction\":[{\"@type\":\"ReadAction\",\"target\":[\"https:\/\/turismodeosuna.es\/wanderroute-la-gomera\/\"]}]},{\"@type\":\"BreadcrumbList\",\"@id\":\"https:\/\/turismodeosuna.es\/wanderroute-la-gomera\/#breadcrumb\",\"itemListElement\":[{\"@type\":\"ListItem\",\"position\":1,\"name\":\"Portada\",\"item\":\"https:\/\/turismodeosuna.es\/\"},{\"@type\":\"ListItem\",\"position\":2,\"name\":\"Wanderroute La Gomera\"}]},{\"@type\":\"WebSite\",\"@id\":\"https:\/\/turismodeosuna.es\/#website\",\"url\":\"https:\/\/turismodeosuna.es\/\",\"name\":\"Turismo Osuna\",\"description\":\"Turismo de Osuna\",\"potentialAction\":[{\"@type\":\"SearchAction\",\"target\":{\"@type\":\"EntryPoint\",\"urlTemplate\":\"https:\/\/turismodeosuna.es\/?s={search_term_string}\"},\"query-input\":{\"@type\":\"PropertyValueSpecification\",\"valueRequired\":true,\"valueName\":\"search_term_string\"}}],\"inLanguage\":\"en-GB\"}]}<\/script>\n<!-- \/ Yoast SEO plugin. -->","yoast_head_json":{"title":"Wanderroute La Gomera - Turismo Osuna","robots":{"index":"index","follow":"follow","max-snippet":"max-snippet:-1","max-image-preview":"max-image-preview:large","max-video-preview":"max-video-preview:-1"},"canonical":"https:\/\/turismodeosuna.es\/en\/wanderroute-la-gomera\/","og_locale":"en_GB","og_type":"article","og_title":"Wanderroute La Gomera - Turismo Osuna","og_url":"https:\/\/turismodeosuna.es\/en\/wanderroute-la-gomera\/","og_site_name":"Turismo Osuna","article_modified_time":"2023-01-30T10:50:42+00:00","twitter_card":"summary_large_image","twitter_misc":{"Estimated reading time":"2 minutes"},"schema":{"@context":"https:\/\/schema.org","@graph":[{"@type":"WebPage","@id":"https:\/\/turismodeosuna.es\/wanderroute-la-gomera\/","url":"https:\/\/turismodeosuna.es\/wanderroute-la-gomera\/","name":"Wanderroute La Gomera - Turismo Osuna","isPartOf":{"@id":"https:\/\/turismodeosuna.es\/#website"},"datePublished":"2022-07-25T06:54:05+00:00","dateModified":"2023-01-30T10:50:42+00:00","breadcrumb":{"@id":"https:\/\/turismodeosuna.es\/wanderroute-la-gomera\/#breadcrumb"},"inLanguage":"en-GB","potentialAction":[{"@type":"ReadAction","target":["https:\/\/turismodeosuna.es\/wanderroute-la-gomera\/"]}]},{"@type":"BreadcrumbList","@id":"https:\/\/turismodeosuna.es\/wanderroute-la-gomera\/#breadcrumb","itemListElement":[{"@type":"ListItem","position":1,"name":"Portada","item":"https:\/\/turismodeosuna.es\/"},{"@type":"ListItem","position":2,"name":"Wanderroute La Gomera"}]},{"@type":"WebSite","@id":"https:\/\/turismodeosuna.es\/#website","url":"https:\/\/turismodeosuna.es\/","name":"Turismo Osuna","description":"Turismo de Osuna","potentialAction":[{"@type":"SearchAction","target":{"@type":"EntryPoint","urlTemplate":"https:\/\/turismodeosuna.es\/?s={search_term_string}"},"query-input":{"@type":"PropertyValueSpecification","valueRequired":true,"valueName":"search_term_string"}}],"inLanguage":"en-GB"}]}},"_links":{"self":[{"href":"https:\/\/turismodeosuna.es\/en\/wp-json\/wp\/v2\/pages\/3409","targetHints":{"allow":["GET"]}}],"collection":[{"href":"https:\/\/turismodeosuna.es\/en\/wp-json\/wp\/v2\/pages"}],"about":[{"href":"https:\/\/turismodeosuna.es\/en\/wp-json\/wp\/v2\/types\/page"}],"author":[{"embeddable":true,"href":"https:\/\/turismodeosuna.es\/en\/wp-json\/wp\/v2\/users\/2"}],"replies":[{"embeddable":true,"href":"https:\/\/turismodeosuna.es\/en\/wp-json\/wp\/v2\/comments?post=3409"}],"version-history":[{"count":2,"href":"https:\/\/turismodeosuna.es\/en\/wp-json\/wp\/v2\/pages\/3409\/revisions"}],"predecessor-version":[{"id":3410,"href":"https:\/\/turismodeosuna.es\/en\/wp-json\/wp\/v2\/pages\/3409\/revisions\/3410"}],"wp:attachment":[{"href":"https:\/\/turismodeosuna.es\/en\/wp-json\/wp\/v2\/media?parent=3409"}],"curies":[{"name":"wp","href":"https:\/\/api.w.org\/{rel}","templated":true}]}}