{"id":3414,"date":"2022-07-25T08:55:23","date_gmt":"2022-07-25T06:55:23","guid":{"rendered":"http:\/\/turismodeosuna.es\/sendero-de-la-necropolis\/"},"modified":"2023-03-22T13:06:26","modified_gmt":"2023-03-22T12:06:26","slug":"wanderroute-la-necropolis","status":"publish","type":"page","link":"https:\/\/turismodeosuna.es\/en\/wanderroute-la-necropolis\/","title":{"rendered":"Wanderroute La Necr\u00f3polis"},"content":{"rendered":"<div id=\"fws_69d9183b5475a\"  data-column-margin=\"default\" data-midnight=\"dark\"  class=\"wpb_row vc_row-fluid vc_row full-width-content vc_row-o-equal-height vc_row-flex vc_row-o-content-top\"  style=\"padding-top: 0px; padding-bottom: 0px; \"><div class=\"row-bg-wrap\" data-bg-animation=\"none\" data-bg-overlay=\"false\"><div class=\"inner-wrap\"><div class=\"row-bg viewport-desktop\"  style=\"\"><\/div><\/div><\/div><div class=\"row_col_wrap_12 col span_12 dark left\">\n\t<div  class=\"vc_col-sm-12 wpb_column column_container vc_column_container col no-extra-padding inherit_tablet inherit_phone\"  data-padding-pos=\"all\" data-has-bg-color=\"false\" data-bg-color=\"\" data-bg-opacity=\"1\" data-animation=\"\" data-delay=\"0\" >\n\t\t<div class=\"vc_column-inner\" >\n\t\t\t<div class=\"wpb_wrapper\">\n\t\t\t\t<div class=\"img-with-aniamtion-wrap center\" data-max-width=\"100%\" data-max-width-mobile=\"default\" data-shadow=\"none\" data-animation=\"fade-in\" >\n      <div class=\"inner\">\n        <div class=\"hover-wrap\"> \n          <div class=\"hover-wrap-inner\">\n            <img decoding=\"async\" class=\"img-with-animation skip-lazy img-sendero\" data-delay=\"0\" height=\"1707\" width=\"2560\" data-animation=\"fade-in\" src=\"https:\/\/turismodeosuna.es\/wp-content\/uploads\/2022\/07\/Sendero-Necropolis-4-scaled.webp\" alt=\"\" srcset=\"https:\/\/turismodeosuna.es\/wp-content\/uploads\/2022\/07\/Sendero-Necropolis-4-scaled.webp 2560w, https:\/\/turismodeosuna.es\/wp-content\/uploads\/2022\/07\/Sendero-Necropolis-4-300x200.webp 300w, https:\/\/turismodeosuna.es\/wp-content\/uploads\/2022\/07\/Sendero-Necropolis-4-1024x683.webp 1024w, https:\/\/turismodeosuna.es\/wp-content\/uploads\/2022\/07\/Sendero-Necropolis-4-768x512.webp 768w, https:\/\/turismodeosuna.es\/wp-content\/uploads\/2022\/07\/Sendero-Necropolis-4-391x260.webp 391w, https:\/\/turismodeosuna.es\/wp-content\/uploads\/2022\/07\/Sendero-Necropolis-4-1536x1024.webp 1536w, https:\/\/turismodeosuna.es\/wp-content\/uploads\/2022\/07\/Sendero-Necropolis-4-2048x1365.webp 2048w, https:\/\/turismodeosuna.es\/wp-content\/uploads\/2022\/07\/Sendero-Necropolis-4-900x600.webp 900w\" sizes=\"(max-width: 2560px) 100vw, 2560px\" \/>\n          <\/div>\n        <\/div>\n      <\/div>\n    <\/div><div class=\"img-with-aniamtion-wrap center\" data-max-width=\"100%\" data-max-width-mobile=\"default\" data-shadow=\"none\" data-animation=\"fade-in\" >\n      <div class=\"inner\">\n        <div class=\"hover-wrap\"> \n          <div class=\"hover-wrap-inner\">\n            <img decoding=\"async\" class=\"img-with-animation skip-lazy\" data-delay=\"0\" height=\"215\" width=\"1920\" data-animation=\"fade-in\" src=\"https:\/\/turismodeosuna.es\/wp-content\/uploads\/2022\/06\/sombrabanner-turismodeosuna.png\" alt=\"sombra\" srcset=\"https:\/\/turismodeosuna.es\/wp-content\/uploads\/2022\/06\/sombrabanner-turismodeosuna.png 1920w, https:\/\/turismodeosuna.es\/wp-content\/uploads\/2022\/06\/sombrabanner-turismodeosuna-300x34.png 300w, https:\/\/turismodeosuna.es\/wp-content\/uploads\/2022\/06\/sombrabanner-turismodeosuna-1024x115.png 1024w, https:\/\/turismodeosuna.es\/wp-content\/uploads\/2022\/06\/sombrabanner-turismodeosuna-768x86.png 768w, https:\/\/turismodeosuna.es\/wp-content\/uploads\/2022\/06\/sombrabanner-turismodeosuna-1536x172.png 1536w\" sizes=\"(max-width: 1920px) 100vw, 1920px\" \/>\n          <\/div>\n        <\/div>\n      <\/div>\n    <\/div>\n\t\t\t<\/div> \n\t\t<\/div>\n\t<\/div> \n<\/div><\/div>\n\t\t<div id=\"fws_69d9183b54ef9\"  data-column-margin=\"default\" data-midnight=\"dark\"  class=\"wpb_row vc_row-fluid vc_row vc_row-o-equal-height vc_row-flex vc_row-o-content-middle  top_margin_-4pct top_margin_tablet_5pct top_margin_phone_5pct bottom_margin_tablet_0px\"  style=\"padding-top: 0px; padding-bottom: 0px; \"><div class=\"row-bg-wrap\" data-bg-animation=\"none\" data-bg-overlay=\"false\"><div class=\"inner-wrap\"><div class=\"row-bg viewport-desktop\"  style=\"\"><\/div><\/div><\/div><div class=\"row_col_wrap_12 col span_12 dark left\">\n\t<div  class=\"vc_col-sm-12 wpb_column column_container vc_column_container col no-extra-padding inherit_tablet inherit_phone\"  data-padding-pos=\"all\" data-has-bg-color=\"false\" data-bg-color=\"\" data-bg-opacity=\"1\" data-animation=\"\" data-delay=\"0\" >\n\t\t<div class=\"vc_column-inner\" >\n\t\t\t<div class=\"wpb_wrapper\">\n\t\t\t\t\n<div class=\"wpb_text_column wpb_content_element\" >\n\t<div class=\"wpb_wrapper\">\n\t\t<h1 style=\"text-align: center;\">Wanderroute La Necr\u00f3polis<\/h1>\n\t<\/div>\n<\/div>\n\n\n\n\n<div class=\"wpb_text_column wpb_content_element  table-sendero\" >\n\t<div class=\"wpb_wrapper\">\n\t\t<table>\n<thead>\n<tr>\n<th>TRAIL-TYPOLOGIE<\/th>\n<th>BEZEICHNUNG<\/th>\n<th>ZEIT<\/th>\n<th>ENTFERNUNG<\/th>\n<\/tr>\n<\/thead>\n<tbody>\n<tr>\n<td>SL-A 161<\/td>\n<td>NECR\u00d3POLIS<\/td>\n<td>1h, 40 minuten<\/td>\n<td>6 km<\/td>\n<\/tr>\n<\/tbody>\n<\/table>\n\t<\/div>\n<\/div>\n\n\n\n\n<div class=\"wpb_text_column wpb_content_element\" >\n\t<div class=\"wpb_wrapper\">\n\t\t<p>Nach der Ca\u00f1ada Real Marchena-Estepa befinden wir uns im r\u00f6mischen Theater von Osuna, einem der wenigen, das in Spanien erhalten ist. In derselben Schlucht, etwas weiter entfernt, in der sogenannten \u00abLas Cuevas\u00bb, erscheint die antike Nekropole aus der R\u00f6merzeit. Ebenso ist das r\u00f6mische Forum des antiken Urso Teil eines gro\u00dfen Teils dieser Schlucht, insbesondere in dem Gebiet, das lokal \u00abLa Pileta\u00bb genannt wird.<\/p>\n\t<\/div>\n<\/div>\n\n\n\n\n\t\t\t<\/div> \n\t\t<\/div>\n\t<\/div> \n<\/div><\/div>\n\t\t<div id=\"fws_69d9183b5514d\"  data-column-margin=\"default\" data-midnight=\"dark\"  class=\"wpb_row vc_row-fluid vc_row full-width-content vc_row-o-equal-height vc_row-flex vc_row-o-content-middle  bottom_margin_4pct top_margin_tablet_5pct top_margin_phone_5pct bottom_margin_tablet_0px\"  style=\"padding-top: 0px; padding-bottom: 0px; \"><div class=\"row-bg-wrap\" data-bg-animation=\"none\" data-bg-overlay=\"false\"><div class=\"inner-wrap\"><div class=\"row-bg viewport-desktop\"  style=\"\"><\/div><\/div><\/div><div class=\"row_col_wrap_12 col span_12 dark left\">\n\t<div  class=\"vc_col-sm-12 wpb_column column_container vc_column_container col no-extra-padding inherit_tablet inherit_phone\"  data-padding-pos=\"all\" data-has-bg-color=\"false\" data-bg-color=\"\" data-bg-opacity=\"1\" data-animation=\"\" data-delay=\"0\" >\n\t\t<div class=\"vc_column-inner\" >\n\t\t\t<div class=\"wpb_wrapper\">\n\t\t\t\t\n\t<div class=\"wpb_gallery wpb_content_element clearfix\">\n\t\t<div class=\"wpb_wrapper\"><div class=\"wpb_gallery_slidesflickity_style\" data-onclick=\"link_image\" data-interval=\"5\"><div class=\"nectar-flickity not-initialized\"  data-touch-icon-color=\"default\" data-stagger=\"\" data-drag-scale=\"\" data-overflow=\"hidden\" data-wrap=\"wrap\" data-spacing=\"default\" data-shadow=\"none\" data-autoplay=\"\" data-autoplay-dur=\"\" data-free-scroll=\"true\" data-controls=\"material_pagination\" data-desktop-columns=\"3\" data-small-desktop-columns=\"3\" data-tablet-columns=\"2\" data-phone-columns=\"1\"><div class=\"flickity-viewport\"> <div class=\"flickity-slider\"><div class=\"cell\" data-lazy=\"true\"><img decoding=\"async\" class=\"skip-lazy nectar-lazy\"  src=\"data:image\/svg+xml;charset=utf-8,%3Csvg%20xmlns%3D'http%3A%2F%2Fwww.w3.org%2F2000%2Fsvg'%20viewBox%3D'0%200%201024%20684'%2F%3E\" data-nectar-img-src=\"https:\/\/turismodeosuna.es\/wp-content\/uploads\/2022\/07\/Necropolis-scaled-600x400.webp\" width=\"600\" height=\"400\" alt=\"Necr\u00f3polis\" title=\"Necr\u00f3polis\" \/><a class=\"entire-slide-link\"  href=\"https:\/\/turismodeosuna.es\/wp-content\/uploads\/2022\/07\/Necropolis-scaled.webp\"><\/a><\/div><div class=\"cell\" data-lazy=\"true\"><img decoding=\"async\" class=\"skip-lazy nectar-lazy\"  src=\"data:image\/svg+xml;charset=utf-8,%3Csvg%20xmlns%3D'http%3A%2F%2Fwww.w3.org%2F2000%2Fsvg'%20viewBox%3D'0%200%201024%20683'%2F%3E\" data-nectar-img-src=\"https:\/\/turismodeosuna.es\/wp-content\/uploads\/2023\/03\/DSC_8849-scaled-600x400.jpg\" width=\"600\" height=\"400\" alt=\"DSC_8849\" title=\"DSC_8849\" \/><a class=\"entire-slide-link\"  href=\"https:\/\/turismodeosuna.es\/wp-content\/uploads\/2023\/03\/DSC_8849-scaled.jpg\"><\/a><\/div><div class=\"cell\" data-lazy=\"true\"><img decoding=\"async\" class=\"skip-lazy nectar-lazy\"  src=\"data:image\/svg+xml;charset=utf-8,%3Csvg%20xmlns%3D'http%3A%2F%2Fwww.w3.org%2F2000%2Fsvg'%20viewBox%3D'0%200%201024%20683'%2F%3E\" data-nectar-img-src=\"https:\/\/turismodeosuna.es\/wp-content\/uploads\/2023\/03\/DSC_8841-scaled-600x400.jpg\" width=\"600\" height=\"400\" alt=\"DSC_8841\" title=\"DSC_8841\" \/><a class=\"entire-slide-link\"  href=\"https:\/\/turismodeosuna.es\/wp-content\/uploads\/2023\/03\/DSC_8841-scaled.jpg\"><\/a><\/div><div class=\"cell\" data-lazy=\"true\"><img decoding=\"async\" class=\"skip-lazy nectar-lazy\"  src=\"data:image\/svg+xml;charset=utf-8,%3Csvg%20xmlns%3D'http%3A%2F%2Fwww.w3.org%2F2000%2Fsvg'%20viewBox%3D'0%200%201024%20683'%2F%3E\" data-nectar-img-src=\"https:\/\/turismodeosuna.es\/wp-content\/uploads\/2023\/03\/DSC_8832-scaled-600x400.jpg\" width=\"600\" height=\"400\" alt=\"DSC_8832\" title=\"DSC_8832\" \/><a class=\"entire-slide-link\"  href=\"https:\/\/turismodeosuna.es\/wp-content\/uploads\/2023\/03\/DSC_8832-scaled.jpg\"><\/a><\/div><div class=\"cell\" data-lazy=\"true\"><img decoding=\"async\" class=\"skip-lazy nectar-lazy\"  src=\"data:image\/svg+xml;charset=utf-8,%3Csvg%20xmlns%3D'http%3A%2F%2Fwww.w3.org%2F2000%2Fsvg'%20viewBox%3D'0%200%201024%20683'%2F%3E\" data-nectar-img-src=\"https:\/\/turismodeosuna.es\/wp-content\/uploads\/2023\/03\/DSC_8822-scaled-600x400.jpg\" width=\"600\" height=\"400\" alt=\"DSC_8822\" title=\"DSC_8822\" \/><a class=\"entire-slide-link\"  href=\"https:\/\/turismodeosuna.es\/wp-content\/uploads\/2023\/03\/DSC_8822-scaled.jpg\"><\/a><\/div><div class=\"cell\" data-lazy=\"true\"><img decoding=\"async\" class=\"skip-lazy nectar-lazy\"  src=\"data:image\/svg+xml;charset=utf-8,%3Csvg%20xmlns%3D'http%3A%2F%2Fwww.w3.org%2F2000%2Fsvg'%20viewBox%3D'0%200%201024%20683'%2F%3E\" data-nectar-img-src=\"https:\/\/turismodeosuna.es\/wp-content\/uploads\/2023\/03\/DSC_8802-scaled-600x400.jpg\" width=\"600\" height=\"400\" alt=\"DSC_8802\" title=\"DSC_8802\" \/><a class=\"entire-slide-link\"  href=\"https:\/\/turismodeosuna.es\/wp-content\/uploads\/2023\/03\/DSC_8802-scaled.jpg\"><\/a><\/div><div class=\"cell\" data-lazy=\"true\"><img decoding=\"async\" class=\"skip-lazy nectar-lazy\"  src=\"data:image\/svg+xml;charset=utf-8,%3Csvg%20xmlns%3D'http%3A%2F%2Fwww.w3.org%2F2000%2Fsvg'%20viewBox%3D'0%200%201024%20683'%2F%3E\" data-nectar-img-src=\"https:\/\/turismodeosuna.es\/wp-content\/uploads\/2023\/03\/DSC_8793-scaled-600x400.jpg\" width=\"600\" height=\"400\" alt=\"DSC_8793\" title=\"DSC_8793\" \/><a class=\"entire-slide-link\"  href=\"https:\/\/turismodeosuna.es\/wp-content\/uploads\/2023\/03\/DSC_8793-scaled.jpg\"><\/a><\/div><\/div><\/div><\/div><\/div>\n\t\t<\/div> \n\t<\/div> \n\t\t\t<\/div> \n\t\t<\/div>\n\t<\/div> \n<\/div><\/div>","protected":false},"excerpt":{"rendered":"Wanderroute La Necr\u00f3polis TRAIL-TYPOLOGIE BEZEICHNUNG ZEIT ENTFERNUNG SL-A 161 NECR\u00d3POLIS 1h, 40 minuten 6 km Nach der Ca\u00f1ada Real Marchena-Estepa befinden wir uns im r\u00f6mischen Theater von Osuna, einem der...","protected":false},"author":2,"featured_media":0,"parent":0,"menu_order":0,"comment_status":"closed","ping_status":"closed","template":"","meta":{"inline_featured_image":false,"footnotes":""},"class_list":["post-3414","page","type-page","status-publish"],"yoast_head":"<!-- This site is optimized with the Yoast SEO plugin v25.3 - https:\/\/yoast.com\/wordpress\/plugins\/seo\/ -->\n<title>Wanderroute La Necr\u00f3polis - Turismo Osuna<\/title>\n<meta name=\"robots\" content=\"index, follow, max-snippet:-1, max-image-preview:large, max-video-preview:-1\" \/>\n<link rel=\"canonical\" href=\"https:\/\/turismodeosuna.es\/en\/wanderroute-la-necropolis\/\" \/>\n<meta property=\"og:locale\" content=\"en_GB\" \/>\n<meta property=\"og:type\" content=\"article\" \/>\n<meta property=\"og:title\" content=\"Wanderroute La Necr\u00f3polis - Turismo Osuna\" \/>\n<meta property=\"og:url\" content=\"https:\/\/turismodeosuna.es\/en\/wanderroute-la-necropolis\/\" \/>\n<meta property=\"og:site_name\" content=\"Turismo Osuna\" \/>\n<meta property=\"article:modified_time\" content=\"2023-03-22T12:06:26+00:00\" \/>\n<meta name=\"twitter:card\" content=\"summary_large_image\" \/>\n<meta name=\"twitter:label1\" content=\"Estimated reading time\" \/>\n\t<meta name=\"twitter:data1\" content=\"2 minutes\" \/>\n<script type=\"application\/ld+json\" class=\"yoast-schema-graph\">{\"@context\":\"https:\/\/schema.org\",\"@graph\":[{\"@type\":\"WebPage\",\"@id\":\"https:\/\/turismodeosuna.es\/wanderroute-la-necropolis\/\",\"url\":\"https:\/\/turismodeosuna.es\/wanderroute-la-necropolis\/\",\"name\":\"Wanderroute La Necr\u00f3polis - Turismo Osuna\",\"isPartOf\":{\"@id\":\"https:\/\/turismodeosuna.es\/#website\"},\"datePublished\":\"2022-07-25T06:55:23+00:00\",\"dateModified\":\"2023-03-22T12:06:26+00:00\",\"breadcrumb\":{\"@id\":\"https:\/\/turismodeosuna.es\/wanderroute-la-necropolis\/#breadcrumb\"},\"inLanguage\":\"en-GB\",\"potentialAction\":[{\"@type\":\"ReadAction\",\"target\":[\"https:\/\/turismodeosuna.es\/wanderroute-la-necropolis\/\"]}]},{\"@type\":\"BreadcrumbList\",\"@id\":\"https:\/\/turismodeosuna.es\/wanderroute-la-necropolis\/#breadcrumb\",\"itemListElement\":[{\"@type\":\"ListItem\",\"position\":1,\"name\":\"Portada\",\"item\":\"https:\/\/turismodeosuna.es\/\"},{\"@type\":\"ListItem\",\"position\":2,\"name\":\"Wanderroute La Necr\u00f3polis\"}]},{\"@type\":\"WebSite\",\"@id\":\"https:\/\/turismodeosuna.es\/#website\",\"url\":\"https:\/\/turismodeosuna.es\/\",\"name\":\"Turismo Osuna\",\"description\":\"Turismo de Osuna\",\"potentialAction\":[{\"@type\":\"SearchAction\",\"target\":{\"@type\":\"EntryPoint\",\"urlTemplate\":\"https:\/\/turismodeosuna.es\/?s={search_term_string}\"},\"query-input\":{\"@type\":\"PropertyValueSpecification\",\"valueRequired\":true,\"valueName\":\"search_term_string\"}}],\"inLanguage\":\"en-GB\"}]}<\/script>\n<!-- \/ Yoast SEO plugin. -->","yoast_head_json":{"title":"Wanderroute La Necr\u00f3polis - Turismo Osuna","robots":{"index":"index","follow":"follow","max-snippet":"max-snippet:-1","max-image-preview":"max-image-preview:large","max-video-preview":"max-video-preview:-1"},"canonical":"https:\/\/turismodeosuna.es\/en\/wanderroute-la-necropolis\/","og_locale":"en_GB","og_type":"article","og_title":"Wanderroute La Necr\u00f3polis - Turismo Osuna","og_url":"https:\/\/turismodeosuna.es\/en\/wanderroute-la-necropolis\/","og_site_name":"Turismo Osuna","article_modified_time":"2023-03-22T12:06:26+00:00","twitter_card":"summary_large_image","twitter_misc":{"Estimated reading time":"2 minutes"},"schema":{"@context":"https:\/\/schema.org","@graph":[{"@type":"WebPage","@id":"https:\/\/turismodeosuna.es\/wanderroute-la-necropolis\/","url":"https:\/\/turismodeosuna.es\/wanderroute-la-necropolis\/","name":"Wanderroute La Necr\u00f3polis - Turismo Osuna","isPartOf":{"@id":"https:\/\/turismodeosuna.es\/#website"},"datePublished":"2022-07-25T06:55:23+00:00","dateModified":"2023-03-22T12:06:26+00:00","breadcrumb":{"@id":"https:\/\/turismodeosuna.es\/wanderroute-la-necropolis\/#breadcrumb"},"inLanguage":"en-GB","potentialAction":[{"@type":"ReadAction","target":["https:\/\/turismodeosuna.es\/wanderroute-la-necropolis\/"]}]},{"@type":"BreadcrumbList","@id":"https:\/\/turismodeosuna.es\/wanderroute-la-necropolis\/#breadcrumb","itemListElement":[{"@type":"ListItem","position":1,"name":"Portada","item":"https:\/\/turismodeosuna.es\/"},{"@type":"ListItem","position":2,"name":"Wanderroute La Necr\u00f3polis"}]},{"@type":"WebSite","@id":"https:\/\/turismodeosuna.es\/#website","url":"https:\/\/turismodeosuna.es\/","name":"Turismo Osuna","description":"Turismo de Osuna","potentialAction":[{"@type":"SearchAction","target":{"@type":"EntryPoint","urlTemplate":"https:\/\/turismodeosuna.es\/?s={search_term_string}"},"query-input":{"@type":"PropertyValueSpecification","valueRequired":true,"valueName":"search_term_string"}}],"inLanguage":"en-GB"}]}},"_links":{"self":[{"href":"https:\/\/turismodeosuna.es\/en\/wp-json\/wp\/v2\/pages\/3414","targetHints":{"allow":["GET"]}}],"collection":[{"href":"https:\/\/turismodeosuna.es\/en\/wp-json\/wp\/v2\/pages"}],"about":[{"href":"https:\/\/turismodeosuna.es\/en\/wp-json\/wp\/v2\/types\/page"}],"author":[{"embeddable":true,"href":"https:\/\/turismodeosuna.es\/en\/wp-json\/wp\/v2\/users\/2"}],"replies":[{"embeddable":true,"href":"https:\/\/turismodeosuna.es\/en\/wp-json\/wp\/v2\/comments?post=3414"}],"version-history":[{"count":3,"href":"https:\/\/turismodeosuna.es\/en\/wp-json\/wp\/v2\/pages\/3414\/revisions"}],"predecessor-version":[{"id":5738,"href":"https:\/\/turismodeosuna.es\/en\/wp-json\/wp\/v2\/pages\/3414\/revisions\/5738"}],"wp:attachment":[{"href":"https:\/\/turismodeosuna.es\/en\/wp-json\/wp\/v2\/media?parent=3414"}],"curies":[{"name":"wp","href":"https:\/\/api.w.org\/{rel}","templated":true}]}}