{"id":3570,"date":"2022-06-28T11:35:27","date_gmt":"2022-06-28T09:35:27","guid":{"rendered":"http:\/\/turismodeosuna.es\/tourist-office\/"},"modified":"2023-03-28T10:57:52","modified_gmt":"2023-03-28T08:57:52","slug":"tourismusbuero","status":"publish","type":"page","link":"https:\/\/turismodeosuna.es\/en\/tourismusbuero\/","title":{"rendered":"Tourismusb\u00fcro"},"content":{"rendered":"<div id=\"fws_69d917edbc6ff\"  data-column-margin=\"default\" data-midnight=\"dark\"  class=\"wpb_row vc_row-fluid vc_row full-width-content vc_row-o-equal-height vc_row-flex vc_row-o-content-top\"  style=\"padding-top: 0px; padding-bottom: 0px; \"><div class=\"row-bg-wrap\" data-bg-animation=\"none\" data-bg-overlay=\"false\"><div class=\"inner-wrap\"><div class=\"row-bg viewport-desktop\"  style=\"\"><\/div><\/div><\/div><div class=\"row_col_wrap_12 col span_12 dark left\">\n\t<div  class=\"vc_col-sm-12 wpb_column column_container vc_column_container col no-extra-padding inherit_tablet inherit_phone\"  data-padding-pos=\"all\" data-has-bg-color=\"false\" data-bg-color=\"\" data-bg-opacity=\"1\" data-animation=\"\" data-delay=\"0\" >\n\t\t<div class=\"vc_column-inner\" >\n\t\t\t<div class=\"wpb_wrapper\">\n\t\t\t\t<div class=\"img-with-aniamtion-wrap center\" data-max-width=\"100%\" data-max-width-mobile=\"default\" data-shadow=\"none\" data-animation=\"fade-in\" >\n      <div class=\"inner\">\n        <div class=\"hover-wrap\"> \n          <div class=\"hover-wrap-inner\">\n            <img decoding=\"async\" class=\"img-with-animation skip-lazy\" data-delay=\"0\" height=\"400\" width=\"1920\" data-animation=\"fade-in\" src=\"https:\/\/turismodeosuna.es\/wp-content\/uploads\/2022\/07\/banner-infoturistica-turismoosuna.webp\" alt=\"\" srcset=\"https:\/\/turismodeosuna.es\/wp-content\/uploads\/2022\/07\/banner-infoturistica-turismoosuna.webp 1920w, https:\/\/turismodeosuna.es\/wp-content\/uploads\/2022\/07\/banner-infoturistica-turismoosuna-300x63.webp 300w, https:\/\/turismodeosuna.es\/wp-content\/uploads\/2022\/07\/banner-infoturistica-turismoosuna-1024x213.webp 1024w, https:\/\/turismodeosuna.es\/wp-content\/uploads\/2022\/07\/banner-infoturistica-turismoosuna-768x160.webp 768w, https:\/\/turismodeosuna.es\/wp-content\/uploads\/2022\/07\/banner-infoturistica-turismoosuna-1536x320.webp 1536w\" sizes=\"(max-width: 1920px) 100vw, 1920px\" \/>\n          <\/div>\n        <\/div>\n      <\/div>\n    <\/div><div class=\"img-with-aniamtion-wrap center\" data-max-width=\"100%\" data-max-width-mobile=\"default\" data-shadow=\"none\" data-animation=\"fade-in\" >\n      <div class=\"inner\">\n        <div class=\"hover-wrap\"> \n          <div class=\"hover-wrap-inner\">\n            <img decoding=\"async\" class=\"img-with-animation skip-lazy\" data-delay=\"0\" height=\"215\" width=\"1920\" data-animation=\"fade-in\" src=\"https:\/\/turismodeosuna.es\/wp-content\/uploads\/2022\/06\/sombrabanner-turismodeosuna.png\" alt=\"sombra\" srcset=\"https:\/\/turismodeosuna.es\/wp-content\/uploads\/2022\/06\/sombrabanner-turismodeosuna.png 1920w, https:\/\/turismodeosuna.es\/wp-content\/uploads\/2022\/06\/sombrabanner-turismodeosuna-300x34.png 300w, https:\/\/turismodeosuna.es\/wp-content\/uploads\/2022\/06\/sombrabanner-turismodeosuna-1024x115.png 1024w, https:\/\/turismodeosuna.es\/wp-content\/uploads\/2022\/06\/sombrabanner-turismodeosuna-768x86.png 768w, https:\/\/turismodeosuna.es\/wp-content\/uploads\/2022\/06\/sombrabanner-turismodeosuna-1536x172.png 1536w\" sizes=\"(max-width: 1920px) 100vw, 1920px\" \/>\n          <\/div>\n        <\/div>\n      <\/div>\n    <\/div>\n\t\t\t<\/div> \n\t\t<\/div>\n\t<\/div> \n<\/div><\/div>\n\t\t<div id=\"fws_69d917edbd001\"  data-column-margin=\"default\" data-midnight=\"dark\"  class=\"wpb_row vc_row-fluid vc_row vc_row-o-equal-height vc_row-flex vc_row-o-content-middle  top_margin_-4pct top_margin_tablet_5pct top_margin_phone_5pct bottom_margin_tablet_0px\"  style=\"padding-top: 0px; padding-bottom: 0px; \"><div class=\"row-bg-wrap\" data-bg-animation=\"none\" data-bg-overlay=\"false\"><div class=\"inner-wrap\"><div class=\"row-bg viewport-desktop\"  style=\"\"><\/div><\/div><\/div><div class=\"row_col_wrap_12 col span_12 dark left\">\n\t<div  class=\"vc_col-sm-12 wpb_column column_container vc_column_container col no-extra-padding inherit_tablet inherit_phone\"  data-padding-pos=\"all\" data-has-bg-color=\"false\" data-bg-color=\"\" data-bg-opacity=\"1\" data-animation=\"\" data-delay=\"0\" >\n\t\t<div class=\"vc_column-inner\" >\n\t\t\t<div class=\"wpb_wrapper\">\n\t\t\t\t\n<div class=\"wpb_text_column wpb_content_element\" >\n\t<div class=\"wpb_wrapper\">\n\t\t<p><span style=\"color: #3c3c36;\"><span style=\"font-family: montserrat, serif;\"><span style=\"font-size: xx-large;\"><b>TOURISMUSB\u00dcRO<\/b><\/span><\/span><\/span><\/p>\n\t<\/div>\n<\/div>\n\n\n\n\n\t\t\t<\/div> \n\t\t<\/div>\n\t<\/div> \n<\/div><\/div>\n\t\t<div id=\"fws_69d917edbd1b9\"  data-column-margin=\"default\" data-midnight=\"dark\"  class=\"wpb_row vc_row-fluid vc_row vc_row-o-equal-height vc_row-flex vc_row-o-content-middle  bottom_margin_6pct top_margin_tablet_5pct top_margin_phone_5pct bottom_margin_tablet_0px\"  style=\"padding-top: 0px; padding-bottom: 0px; \"><div class=\"row-bg-wrap\" data-bg-animation=\"none\" data-bg-overlay=\"false\"><div class=\"inner-wrap\"><div class=\"row-bg viewport-desktop\"  style=\"\"><\/div><\/div><\/div><div class=\"row_col_wrap_12 col span_12 dark left\">\n\t<div  class=\"vc_col-sm-8 wpb_column column_container vc_column_container col no-extra-padding inherit_tablet inherit_phone\"  data-padding-pos=\"all\" data-has-bg-color=\"false\" data-bg-color=\"\" data-bg-opacity=\"1\" data-animation=\"\" data-delay=\"0\" >\n\t\t<div class=\"vc_column-inner\" >\n\t\t\t<div class=\"wpb_wrapper\">\n\t\t\t\t\n<div class=\"wpb_text_column wpb_content_element\" >\n\t<div class=\"wpb_wrapper\">\n\t\t\n\t<\/div>\n<\/div>\n\n\n\n\n<div class=\"wpb_text_column wpb_content_element\" >\n\t<div class=\"wpb_wrapper\">\n\t\t<p><span style=\"color: #3c3c36;\"><span style=\"font-family: montserrat, serif;\"><span style=\"font-size: xx-large;\"><b>TOURISMUSB\u00dcRO<\/b><\/span><\/span><\/span><\/p>\n\t<\/div>\n<\/div>\n\n\n\n\n<div class=\"wpb_text_column wpb_content_element\" >\n\t<div class=\"wpb_wrapper\">\n\t\t<p>Das Tourismusb\u00fcro ist der Stadtverwaltung von Osuna unterstellt und befindet sich auf dem alten Anwesen der Gebr\u00fcder Arjona und Cubas, einem Geb\u00e4ude aus dem 18. Jahrhundert, in dem gleichzeitig das Museum von Osuna untergebracht ist. Das Tourismusb\u00fcro von Osuna wurde mit dem Ziel geschaffen, den Besuchern, die unsere Stadt erreichen zu orientieren und zu informieren. Dar\u00fcber hinaus erf\u00fcllt sie eine Schl\u00fcsselfunktion bei der F\u00f6rderung Osunas als Reiseziel und bei der Unterst\u00fctzung der ans\u00e4ssigen Unternehmen in der Tourismusbranche.<\/p>\n<p>Das Tourismusb\u00fcro ist der Stadtverwaltung von Osuna unterstellt und befindet sich auf dem alten Anwesen der Gebr\u00fcder Arjona und Cubas, einem Geb\u00e4ude aus dem 18. Jahrhundert, in dem gleichzeitig das Museum von Osuna untergebracht ist. Das Tourismusb\u00fcro von Osuna wurde mit dem Ziel geschaffen, den Besuchern, die unsere Stadt erreichen zu orientieren und zu informieren. Dar\u00fcber hinaus erf\u00fcllt sie eine Schl\u00fcsselfunktion bei der F\u00f6rderung Osunas als Reiseziel und bei der Unterst\u00fctzung der ans\u00e4ssigen Unternehmen in der Tourismusbranche.<\/p>\n<p>Wenn Sie regelm\u00e4\u00dfige Informationen zu kulturellen und touristischen Veranstaltungen erhalten m\u00f6chten, schicken Sie uns eine E-Mail an <a href=\"mailto:turismodeosuna@gmail.com\">turismodeosuna@gmail.com<\/a>.<\/p>\n<p>&nbsp;<\/p>\n<p><strong>Tourismusinformation<\/strong><\/p>\n<p>C\/ Sevilla 37 (Museum von Osuna)<\/p>\n<p>41640 Osuna (Seville)<\/p>\n<p>Tel.: +34 954 81 57 32<\/p>\n<p><a href=\"http:\/\/www.osuna.es\/\">www.osuna.es<\/a><\/p>\n<p><a href=\"mailto:turismo@osuna.es\">turismodeosuna@gmail.<\/a>com<\/p>\n<p><span style=\"color: #3c3c36;\">\u00a0<\/span><\/p>\n\t<\/div>\n<\/div>\n\n\n\n\n\t\t\t<\/div> \n\t\t<\/div>\n\t<\/div> \n\n\t<div  class=\"vc_col-sm-4 wpb_column column_container vc_column_container col no-extra-padding inherit_tablet inherit_phone\"  data-padding-pos=\"all\" data-has-bg-color=\"false\" data-bg-color=\"\" data-bg-opacity=\"1\" data-animation=\"\" data-delay=\"0\" >\n\t\t<div class=\"vc_column-inner\" >\n\t\t\t<div class=\"wpb_wrapper\">\n\t\t\t\t<div class=\"nectar-fancy-box using-img\" style=\"min-height: 300px\" data-style=\"hover_desc\" data-border-radius=\"default\" data-animation=\"\" data-bg-animation=\"long_zoom\" data-border=\"\" data-delay=\"\" data-alignment=\"left\" data-color=\"accent-color\" ><div class=\"box-bg lazyload\"  style=\"background-image:inherit; \" data-bg-image=\"url(&#039;https:\/\/turismodeosuna.es\/wp-content\/uploads\/2022\/07\/Informacion-Turistica.webp&#039;)\"><\/div><div class=\"inner\"><div class=\"heading-wrap\"> <b>Tourist Office<\/b><\/div><div class=\"hover-content\">37, Sevilla St. (Museum of Osuna)<br \/>\n41640 Osuna (Seville)<br \/>\nTel: 954 81 57 32<br \/>\nwww.osuna.es<br \/>\nturismo@osuna.es<\/div><\/div>   <\/div>\n\t\t\t<\/div> \n\t\t<\/div>\n\t<\/div> \n<\/div><\/div>\n\t\t<div id=\"fws_69d917edbddbb\"  data-column-margin=\"default\" data-midnight=\"dark\"  class=\"wpb_row vc_row-fluid vc_row vc_row-o-equal-height vc_row-flex vc_row-o-content-middle  bottom_margin_6pct top_margin_tablet_5pct top_margin_phone_5pct bottom_margin_tablet_0px\"  style=\"padding-top: 0px; padding-bottom: 0px; \"><div class=\"row-bg-wrap\" data-bg-animation=\"none\" data-bg-overlay=\"false\"><div class=\"inner-wrap\"><div class=\"row-bg viewport-desktop\"  style=\"\"><\/div><\/div><\/div><div class=\"row_col_wrap_12 col span_12 dark left\">\n\t<div  class=\"vc_col-sm-12 wpb_column column_container vc_column_container col no-extra-padding inherit_tablet inherit_phone\"  data-padding-pos=\"all\" data-has-bg-color=\"false\" data-bg-color=\"\" data-bg-opacity=\"1\" data-animation=\"\" data-delay=\"0\" >\n\t\t<div class=\"vc_column-inner\" >\n\t\t\t<div class=\"wpb_wrapper\">\n\t\t\t\t\n<div class=\"wpb_text_column wpb_content_element\" >\n\t<div class=\"wpb_wrapper\">\n\t\t<h3 class=\"gris\">Wie man sich fortbewegt<\/h3>\n\t<\/div>\n<\/div>\n\n\n\n\n<div class=\"wpb_text_column wpb_content_element\" >\n\t<div class=\"wpb_wrapper\">\n\t\t<p>Die beste Art, Osuna zu entdecken, ist ein Spaziergang durch die Stra\u00dfen, Pl\u00e4tze und den monumentalen Bereich, wo sich die Insigne Iglesia Colegial und die Antigua Universidad befinden.<br \/>\nF\u00fcr die Anreise mit dem Auto gibt es in Osuna einen \u00f6ffentlichen Parkplatz im Denkmalbereich. Um das Parken im Stadtzentrum zu erleichtern, gibt es Parkuhren.<br \/>\nOsuna verf\u00fcgt auch \u00fcber einen Taxi- und Stadtbusdienst.<\/p>\n<h3>Stadtbus<\/h3>\n<p>Der behindertengerechte Stadtbus verkehrt Montags bis Freitags von 7.30 Uhr bis 15 Uhr und von 17 Uhr bis 20 Uhr. W\u00e4hrend der Feria de Mayo gibt es einen speziellen kostenlosen Service, der Sie zur Messe bringt.<\/p>\n<h3>Taxi-service<\/h3>\n<p>Taxi Juan Ignacio Molina \u2013 615 789 816 \/ 955 820 862<br \/>\nTaxi Mario Ram\u00f3n Navarro \u2013685 814 904<br \/>\nTaxi Antonio C\u00e1rdenas \u2013 647 412 542<\/p>\n\t<\/div>\n<\/div>\n\n\n\n\n\t\t\t<\/div> \n\t\t<\/div>\n\t<\/div> \n<\/div><\/div>\n\t\t<div id=\"fws_69d917edbdf8f\"  data-column-margin=\"default\" data-midnight=\"dark\"  class=\"wpb_row vc_row-fluid vc_row vc_row-o-equal-height vc_row-flex vc_row-o-content-middle  bottom_margin_6pct top_margin_tablet_5pct top_margin_phone_5pct bottom_margin_tablet_0px\"  style=\"padding-top: 0px; padding-bottom: 0px; \"><div class=\"row-bg-wrap\" data-bg-animation=\"none\" data-bg-overlay=\"false\"><div class=\"inner-wrap\"><div class=\"row-bg viewport-desktop\"  style=\"\"><\/div><\/div><\/div><div class=\"row_col_wrap_12 col span_12 dark left\">\n\t<div  class=\"vc_col-sm-12 wpb_column column_container vc_column_container col no-extra-padding inherit_tablet inherit_phone\"  data-padding-pos=\"all\" data-has-bg-color=\"false\" data-bg-color=\"\" data-bg-opacity=\"1\" data-animation=\"\" data-delay=\"0\" >\n\t\t<div class=\"vc_column-inner\" >\n\t\t\t<div class=\"wpb_wrapper\">\n\t\t\t\t\n<div class=\"wpb_text_column wpb_content_element\" >\n\t<div class=\"wpb_wrapper\">\n\t\t<h3><span style=\"color: #3c3c36;\"><span style=\"font-family: Helvetica, serif;\"><span style=\"font-size: large;\">Wichtige Telefonnummern<\/span><\/span><\/span><\/h3>\n\t<\/div>\n<\/div>\n\n\n\n<div id=\"fws_69d917edbe24a\" data-midnight=\"\" data-column-margin=\"default\" class=\"wpb_row vc_row-fluid vc_row inner_row\"  style=\"\"><div class=\"row-bg-wrap\"> <div class=\"row-bg\" ><\/div> <\/div><div class=\"row_col_wrap_12_inner col span_12  left\">\n\t<div  class=\"vc_col-sm-12 wpb_column column_container vc_column_container col child_column no-extra-padding inherit_tablet inherit_phone\"   data-padding-pos=\"all\" data-has-bg-color=\"false\" data-bg-color=\"\" data-bg-opacity=\"1\" data-animation=\"\" data-delay=\"0\" >\n\t\t<div class=\"vc_column-inner\" >\n\t\t<div class=\"wpb_wrapper\">\n\t\t\t\n<div class=\"wpb_text_column wpb_content_element\" >\n\t<div class=\"wpb_wrapper\">\n\t\t<table class=\"table-contact\">\n<thead>\n<tr>\n<th class=\"name-column\"><span style=\"color: #3c3c36;\"><span style=\"font-family: Helvetica, serif;\"><span style=\"font-size: small;\"><b>ORDNUNGS- UND SICHERHEITSKR\u00c4FTE<\/b><\/span><\/span><\/span><\/th>\n<th class=\"number-column\">NUMBERS<\/th>\n<\/tr>\n<\/thead>\n<tbody>\n<tr>\n<td>\u00a0Feuerwehr. &#8211; Strasse Callej\u00f3n del Matadero<\/td>\n<td><a href=\"tel:954810475\">95 481 04 75<\/a><\/td>\n<\/tr>\n<tr>\n<td>Nationale Polizei. \u2013 Strasse Alfonso XII, 58<\/td>\n<td><a href=\"tel:955821200\">95 582 12 00<\/a><\/td>\n<\/tr>\n<tr>\n<td>Nationale Polizei. (Notruf)<\/td>\n<td><a href=\"tel:062\">062<\/a><\/td>\n<\/tr>\n<tr>\n<td>Lokale Polizei. &#8211; Strasse Matadero, S\/N<\/td>\n<td><a href=\"tel:954811718\">95 481 17 18<\/a><\/td>\n<\/tr>\n<tr>\n<td>Lokale Polizei. (Notruf)(Notdienst)<\/td>\n<td><a href=\"tel:092\">092<\/a><\/td>\n<\/tr>\n<tr>\n<td>Zivilschutz. &#8211; Strasse Matadero, S\/N<\/td>\n<td><a href=\"tel:954810475\">95 481 04 75<\/a><\/td>\n<\/tr>\n<\/tbody>\n<\/table>\n\t<\/div>\n<\/div>\n\n\n\n\n\t\t<\/div> \n\t<\/div>\n\t<\/div> \n<\/div><\/div><div id=\"fws_69d917edbe495\" data-midnight=\"\" data-column-margin=\"default\" class=\"wpb_row vc_row-fluid vc_row inner_row\"  style=\"\"><div class=\"row-bg-wrap\"> <div class=\"row-bg\" ><\/div> <\/div><div class=\"row_col_wrap_12_inner col span_12  left\">\n\t<div  class=\"vc_col-sm-12 wpb_column column_container vc_column_container col child_column no-extra-padding inherit_tablet inherit_phone\"   data-padding-pos=\"all\" data-has-bg-color=\"false\" data-bg-color=\"\" data-bg-opacity=\"1\" data-animation=\"\" data-delay=\"0\" >\n\t\t<div class=\"vc_column-inner\" >\n\t\t<div class=\"wpb_wrapper\">\n\t\t\t\n<div class=\"wpb_text_column wpb_content_element\" >\n\t<div class=\"wpb_wrapper\">\n\t\t<table class=\"table-contact\">\n<thead>\n<tr>\n<th class=\"name-column\">TOURISMUSINFORMATION<\/th>\n<th class=\"number-column\">NUMBERS<\/th>\n<\/tr>\n<\/thead>\n<tbody>\n<tr>\n<td>St\u00e4dtisches Tourismusb\u00fcro. &#8211; Strasse Sevilla, 37<\/td>\n<td><a href=\"tel:954815732\">95 481 57 32<\/a><\/td>\n<\/tr>\n<tr>\n<td>Arch\u00e4ologisches Museum. &#8211; Platz Duquesa, S\/N<\/td>\n<td><a href=\"tel:954811207\">95 481 12 07<\/a><\/td>\n<\/tr>\n<tr>\n<td>Kloster Monasterio de la Encarnaci\u00f3n.- Platz Encarnaci\u00f3n, S\/N<\/td>\n<td><a href=\"tel:954811718\">95 481 17 18<\/a><\/td>\n<\/tr>\n<tr>\n<td>Stadtmuseum von Osuna &#8211; Strasse Sevilla, 37<\/td>\n<td><a href=\"tel:954815732\">95 481 57 32<\/a><\/td>\n<\/tr>\n<\/tbody>\n<\/table>\n\t<\/div>\n<\/div>\n\n\n\n\n\t\t<\/div> \n\t<\/div>\n\t<\/div> \n<\/div><\/div><div id=\"fws_69d917edbe61a\" data-midnight=\"\" data-column-margin=\"default\" class=\"wpb_row vc_row-fluid vc_row inner_row\"  style=\"\"><div class=\"row-bg-wrap\"> <div class=\"row-bg\" ><\/div> <\/div><div class=\"row_col_wrap_12_inner col span_12  left\">\n\t<div  class=\"vc_col-sm-12 wpb_column column_container vc_column_container col child_column no-extra-padding inherit_tablet inherit_phone\"   data-padding-pos=\"all\" data-has-bg-color=\"false\" data-bg-color=\"\" data-bg-opacity=\"1\" data-animation=\"\" data-delay=\"0\" >\n\t\t<div class=\"vc_column-inner\" >\n\t\t<div class=\"wpb_wrapper\">\n\t\t\t\n<div class=\"wpb_text_column wpb_content_element\" >\n\t<div class=\"wpb_wrapper\">\n\t\t<table class=\"table-contact\">\n<thead>\n<tr>\n<th class=\"name-column\">ANDERE WICHTIGE TELEFONNUMMERN<\/th>\n<th class=\"number-column\">NUMBERS<\/th>\n<\/tr>\n<\/thead>\n<tbody>\n<tr>\n<td>Stadtverwaltung. &#8211; Hauptplatz, S\/N<\/td>\n<td><a href=\"tel:954815851\">95 481 58 51<\/a><\/td>\n<\/tr>\n<tr>\n<td>Hauptbahnhof. &#8211; Alee Estaci\u00f3n, S\/N<\/td>\n<td><a href=\"tel:902320320\">902 320 320<\/a><\/td>\n<\/tr>\n<tr>\n<td>Taxiunternehmen Juan Ignacio Molina<\/td>\n<td><a href=\"tel:615789816\">615 78 98 16<\/a><\/td>\n<\/tr>\n<tr>\n<td><\/td>\n<td><\/td>\n<\/tr>\n<tr>\n<td>Taxiunternehmen Carlos Alberto Reina<\/td>\n<td><a href=\"tel:655825066\">655 825 066<\/a><\/td>\n<\/tr>\n<tr>\n<td>Taxiunternehmen Antonio C\u00e1rdenas<\/td>\n<td><a href=\"tel:647412542\">647 412 542<\/a><\/td>\n<\/tr>\n<\/tbody>\n<\/table>\n\t<\/div>\n<\/div>\n\n\n\n\n\t\t<\/div> \n\t<\/div>\n\t<\/div> \n<\/div><\/div><div id=\"fws_69d917edbe789\" data-midnight=\"\" data-column-margin=\"default\" class=\"wpb_row vc_row-fluid vc_row inner_row\"  style=\"\"><div class=\"row-bg-wrap\"> <div class=\"row-bg\" ><\/div> <\/div><div class=\"row_col_wrap_12_inner col span_12  left\">\n\t<div  class=\"vc_col-sm-12 wpb_column column_container vc_column_container col child_column no-extra-padding inherit_tablet inherit_phone\"   data-padding-pos=\"all\" data-has-bg-color=\"false\" data-bg-color=\"\" data-bg-opacity=\"1\" data-animation=\"\" data-delay=\"0\" >\n\t\t<div class=\"vc_column-inner\" >\n\t\t<div class=\"wpb_wrapper\">\n\t\t\t\n<div class=\"wpb_text_column wpb_content_element\" >\n\t<div class=\"wpb_wrapper\">\n\t\t<table class=\"table-contact\">\n<thead>\n<tr>\n<th class=\"name-column\">CULTURAL AND SPORTS SERVICES<\/th>\n<th class=\"number-column\">NUMBERS<\/th>\n<\/tr>\n<\/thead>\n<tbody>\n<tr>\n<td>Universit\u00e4t.- Strasse Campo de Cripreses, 1<\/td>\n<td><a href=\"tel:955820289\">95 582 02 89<\/a><\/td>\n<\/tr>\n<tr>\n<td>\u00d6ffentliche Bibliothek .- Strasse Sevilla, 22<\/td>\n<td><a href=\"tel:954812258\">95 481 22 58<\/a><\/td>\n<\/tr>\n<tr>\n<td>Kulturzentrum.- Strasse Sevilla, 22<\/td>\n<td><a href=\"tel:954812211\">95 481 22 11<\/a><\/td>\n<\/tr>\n<tr>\n<td>St\u00e4dtisches Sportzentrum. Strasse San Jos\u00e9 De Calasanz<\/td>\n<td><a href=\"tel:954810176\">95 481 01 76<\/a><\/td>\n<\/tr>\n<tr>\n<td>Musikkonservatorium .-Strasse Manuel Losada Villasante, 23<\/td>\n<td><a href=\"tel:671533124\">671 533 124<\/a><\/td>\n<\/tr>\n<\/tbody>\n<\/table>\n\t<\/div>\n<\/div>\n\n\n\n\n\t\t<\/div> \n\t<\/div>\n\t<\/div> \n<\/div><\/div><div id=\"fws_69d917edbe8ed\" data-midnight=\"\" data-column-margin=\"default\" class=\"wpb_row vc_row-fluid vc_row inner_row\"  style=\"\"><div class=\"row-bg-wrap\"> <div class=\"row-bg\" ><\/div> <\/div><div class=\"row_col_wrap_12_inner col span_12  left\">\n\t<div  class=\"vc_col-sm-12 wpb_column column_container vc_column_container col child_column no-extra-padding inherit_tablet inherit_phone\"   data-padding-pos=\"all\" data-has-bg-color=\"false\" data-bg-color=\"\" data-bg-opacity=\"1\" data-animation=\"\" data-delay=\"0\" >\n\t\t<div class=\"vc_column-inner\" >\n\t\t<div class=\"wpb_wrapper\">\n\t\t\t\n<div class=\"wpb_text_column wpb_content_element\" >\n\t<div class=\"wpb_wrapper\">\n\t\t<table class=\"table-contact\">\n<thead>\n<tr>\n<th class=\"name-column\">KRANKENH\u00c4USER UND NOTAUFNAHMEN<\/th>\n<th class=\"number-column\">NUMBERS<\/th>\n<\/tr>\n<\/thead>\n<tbody>\n<tr>\n<td>Gesundheitszentrum. &#8211; Strasse Santa Clara, S\/N<\/td>\n<td><a href=\"tel:955077600\">955 077 600 \/ 602 \/ 630<\/a><\/td>\n<\/tr>\n<tr>\n<td>Gesundheitszentrum. &#8211; (Notdienst)<\/td>\n<td><a href=\"tel:902505061\">902 505 061<\/a><\/td>\n<\/tr>\n<tr>\n<td>Rotes Kreuz. &#8211; Strasse Carrera, 82<\/td>\n<td><a href=\"tel:954815000\">954 815 000<\/a><\/td>\n<\/tr>\n<tr>\n<td>Bezirkskrankenhaus. &#8211; Allee Constituci\u00f3n, 2<\/td>\n<td><a href=\"tel:955077200\">955 077 200<\/a><\/td>\n<\/tr>\n<tr>\n<td>Bezirkskrankenhaus. &#8211; (Notdienst)<\/td>\n<td><a href=\"tel:955077370\">955 077 370<\/a><\/td>\n<\/tr>\n<\/tbody>\n<\/table>\n\t<\/div>\n<\/div>\n\n\n\n\n\t\t<\/div> \n\t<\/div>\n\t<\/div> \n<\/div><\/div>\n\t\t\t<\/div> \n\t\t<\/div>\n\t<\/div> \n<\/div><\/div>","protected":false},"excerpt":{"rendered":"TOURISMUSB\u00dcRO TOURISMUSB\u00dcRO Das Tourismusb\u00fcro ist der Stadtverwaltung von Osuna unterstellt und befindet sich auf dem alten Anwesen der Gebr\u00fcder Arjona und Cubas, einem Geb\u00e4ude aus dem 18. Jahrhundert, in dem...","protected":false},"author":2,"featured_media":0,"parent":0,"menu_order":0,"comment_status":"closed","ping_status":"closed","template":"","meta":{"inline_featured_image":false,"footnotes":""},"class_list":["post-3570","page","type-page","status-publish"],"yoast_head":"<!-- This site is optimized with the Yoast SEO plugin v25.3 - https:\/\/yoast.com\/wordpress\/plugins\/seo\/ -->\n<title>Tourismusb\u00fcro - Turismo Osuna<\/title>\n<meta name=\"robots\" content=\"index, follow, max-snippet:-1, max-image-preview:large, max-video-preview:-1\" \/>\n<link rel=\"canonical\" href=\"https:\/\/turismodeosuna.es\/en\/tourismusbuero\/\" \/>\n<meta property=\"og:locale\" content=\"en_GB\" \/>\n<meta property=\"og:type\" content=\"article\" \/>\n<meta property=\"og:title\" content=\"Tourismusb\u00fcro - Turismo Osuna\" \/>\n<meta property=\"og:url\" content=\"https:\/\/turismodeosuna.es\/en\/tourismusbuero\/\" \/>\n<meta property=\"og:site_name\" content=\"Turismo Osuna\" \/>\n<meta property=\"article:modified_time\" content=\"2023-03-28T08:57:52+00:00\" \/>\n<meta name=\"twitter:card\" content=\"summary_large_image\" \/>\n<meta name=\"twitter:label1\" content=\"Estimated reading time\" \/>\n\t<meta name=\"twitter:data1\" content=\"5 minutes\" \/>\n<script type=\"application\/ld+json\" class=\"yoast-schema-graph\">{\"@context\":\"https:\/\/schema.org\",\"@graph\":[{\"@type\":\"WebPage\",\"@id\":\"https:\/\/turismodeosuna.es\/tourismusbuero\/\",\"url\":\"https:\/\/turismodeosuna.es\/tourismusbuero\/\",\"name\":\"Tourismusb\u00fcro - Turismo Osuna\",\"isPartOf\":{\"@id\":\"https:\/\/turismodeosuna.es\/#website\"},\"datePublished\":\"2022-06-28T09:35:27+00:00\",\"dateModified\":\"2023-03-28T08:57:52+00:00\",\"breadcrumb\":{\"@id\":\"https:\/\/turismodeosuna.es\/tourismusbuero\/#breadcrumb\"},\"inLanguage\":\"en-GB\",\"potentialAction\":[{\"@type\":\"ReadAction\",\"target\":[\"https:\/\/turismodeosuna.es\/tourismusbuero\/\"]}]},{\"@type\":\"BreadcrumbList\",\"@id\":\"https:\/\/turismodeosuna.es\/tourismusbuero\/#breadcrumb\",\"itemListElement\":[{\"@type\":\"ListItem\",\"position\":1,\"name\":\"Portada\",\"item\":\"https:\/\/turismodeosuna.es\/\"},{\"@type\":\"ListItem\",\"position\":2,\"name\":\"Tourismusb\u00fcro\"}]},{\"@type\":\"WebSite\",\"@id\":\"https:\/\/turismodeosuna.es\/#website\",\"url\":\"https:\/\/turismodeosuna.es\/\",\"name\":\"Turismo Osuna\",\"description\":\"Turismo de Osuna\",\"potentialAction\":[{\"@type\":\"SearchAction\",\"target\":{\"@type\":\"EntryPoint\",\"urlTemplate\":\"https:\/\/turismodeosuna.es\/?s={search_term_string}\"},\"query-input\":{\"@type\":\"PropertyValueSpecification\",\"valueRequired\":true,\"valueName\":\"search_term_string\"}}],\"inLanguage\":\"en-GB\"}]}<\/script>\n<!-- \/ Yoast SEO plugin. -->","yoast_head_json":{"title":"Tourismusb\u00fcro - Turismo Osuna","robots":{"index":"index","follow":"follow","max-snippet":"max-snippet:-1","max-image-preview":"max-image-preview:large","max-video-preview":"max-video-preview:-1"},"canonical":"https:\/\/turismodeosuna.es\/en\/tourismusbuero\/","og_locale":"en_GB","og_type":"article","og_title":"Tourismusb\u00fcro - Turismo Osuna","og_url":"https:\/\/turismodeosuna.es\/en\/tourismusbuero\/","og_site_name":"Turismo Osuna","article_modified_time":"2023-03-28T08:57:52+00:00","twitter_card":"summary_large_image","twitter_misc":{"Estimated reading time":"5 minutes"},"schema":{"@context":"https:\/\/schema.org","@graph":[{"@type":"WebPage","@id":"https:\/\/turismodeosuna.es\/tourismusbuero\/","url":"https:\/\/turismodeosuna.es\/tourismusbuero\/","name":"Tourismusb\u00fcro - Turismo Osuna","isPartOf":{"@id":"https:\/\/turismodeosuna.es\/#website"},"datePublished":"2022-06-28T09:35:27+00:00","dateModified":"2023-03-28T08:57:52+00:00","breadcrumb":{"@id":"https:\/\/turismodeosuna.es\/tourismusbuero\/#breadcrumb"},"inLanguage":"en-GB","potentialAction":[{"@type":"ReadAction","target":["https:\/\/turismodeosuna.es\/tourismusbuero\/"]}]},{"@type":"BreadcrumbList","@id":"https:\/\/turismodeosuna.es\/tourismusbuero\/#breadcrumb","itemListElement":[{"@type":"ListItem","position":1,"name":"Portada","item":"https:\/\/turismodeosuna.es\/"},{"@type":"ListItem","position":2,"name":"Tourismusb\u00fcro"}]},{"@type":"WebSite","@id":"https:\/\/turismodeosuna.es\/#website","url":"https:\/\/turismodeosuna.es\/","name":"Turismo Osuna","description":"Turismo de Osuna","potentialAction":[{"@type":"SearchAction","target":{"@type":"EntryPoint","urlTemplate":"https:\/\/turismodeosuna.es\/?s={search_term_string}"},"query-input":{"@type":"PropertyValueSpecification","valueRequired":true,"valueName":"search_term_string"}}],"inLanguage":"en-GB"}]}},"_links":{"self":[{"href":"https:\/\/turismodeosuna.es\/en\/wp-json\/wp\/v2\/pages\/3570","targetHints":{"allow":["GET"]}}],"collection":[{"href":"https:\/\/turismodeosuna.es\/en\/wp-json\/wp\/v2\/pages"}],"about":[{"href":"https:\/\/turismodeosuna.es\/en\/wp-json\/wp\/v2\/types\/page"}],"author":[{"embeddable":true,"href":"https:\/\/turismodeosuna.es\/en\/wp-json\/wp\/v2\/users\/2"}],"replies":[{"embeddable":true,"href":"https:\/\/turismodeosuna.es\/en\/wp-json\/wp\/v2\/comments?post=3570"}],"version-history":[{"count":12,"href":"https:\/\/turismodeosuna.es\/en\/wp-json\/wp\/v2\/pages\/3570\/revisions"}],"predecessor-version":[{"id":6442,"href":"https:\/\/turismodeosuna.es\/en\/wp-json\/wp\/v2\/pages\/3570\/revisions\/6442"}],"wp:attachment":[{"href":"https:\/\/turismodeosuna.es\/en\/wp-json\/wp\/v2\/media?parent=3570"}],"curies":[{"name":"wp","href":"https:\/\/api.w.org\/{rel}","templated":true}]}}