{"id":3580,"date":"2022-06-28T11:35:56","date_gmt":"2022-06-28T09:35:56","guid":{"rendered":"http:\/\/turismodeosuna.es\/history-of-osuna\/"},"modified":"2023-03-27T01:43:14","modified_gmt":"2023-03-26T23:43:14","slug":"osuna-in-der-geschichte","status":"publish","type":"page","link":"https:\/\/turismodeosuna.es\/en\/osuna-in-der-geschichte\/","title":{"rendered":"Osuna in der geschichte"},"content":{"rendered":"<div id=\"fws_69d917e399a68\"  data-column-margin=\"default\" data-midnight=\"dark\"  class=\"wpb_row vc_row-fluid vc_row full-width-content vc_row-o-equal-height vc_row-flex vc_row-o-content-top\"  style=\"padding-top: 0px; padding-bottom: 0px; \"><div class=\"row-bg-wrap\" data-bg-animation=\"none\" data-bg-overlay=\"false\"><div class=\"inner-wrap\"><div class=\"row-bg viewport-desktop\"  style=\"\"><\/div><\/div><\/div><div class=\"row_col_wrap_12 col span_12 dark left\">\n\t<div  class=\"vc_col-sm-12 wpb_column column_container vc_column_container col no-extra-padding inherit_tablet inherit_phone\"  data-padding-pos=\"all\" data-has-bg-color=\"false\" data-bg-color=\"\" data-bg-opacity=\"1\" data-animation=\"\" data-delay=\"0\" >\n\t\t<div class=\"vc_column-inner\" >\n\t\t\t<div class=\"wpb_wrapper\">\n\t\t\t\t<div class=\"img-with-aniamtion-wrap center\" data-max-width=\"100%\" data-max-width-mobile=\"default\" data-shadow=\"none\" data-animation=\"fade-in\" >\n      <div class=\"inner\">\n        <div class=\"hover-wrap\"> \n          <div class=\"hover-wrap-inner\">\n            <img decoding=\"async\" class=\"img-with-animation skip-lazy\" data-delay=\"0\" height=\"400\" width=\"1920\" data-animation=\"fade-in\" src=\"https:\/\/turismodeosuna.es\/wp-content\/uploads\/2022\/07\/banner-historia-turismoosuna.webp\" alt=\"\" srcset=\"https:\/\/turismodeosuna.es\/wp-content\/uploads\/2022\/07\/banner-historia-turismoosuna.webp 1920w, https:\/\/turismodeosuna.es\/wp-content\/uploads\/2022\/07\/banner-historia-turismoosuna-300x63.webp 300w, https:\/\/turismodeosuna.es\/wp-content\/uploads\/2022\/07\/banner-historia-turismoosuna-1024x213.webp 1024w, https:\/\/turismodeosuna.es\/wp-content\/uploads\/2022\/07\/banner-historia-turismoosuna-768x160.webp 768w, https:\/\/turismodeosuna.es\/wp-content\/uploads\/2022\/07\/banner-historia-turismoosuna-1536x320.webp 1536w\" sizes=\"(max-width: 1920px) 100vw, 1920px\" \/>\n          <\/div>\n        <\/div>\n      <\/div>\n    <\/div><div class=\"img-with-aniamtion-wrap center\" data-max-width=\"100%\" data-max-width-mobile=\"default\" data-shadow=\"none\" data-animation=\"fade-in\" >\n      <div class=\"inner\">\n        <div class=\"hover-wrap\"> \n          <div class=\"hover-wrap-inner\">\n            <img decoding=\"async\" class=\"img-with-animation skip-lazy\" data-delay=\"0\" height=\"215\" width=\"1920\" data-animation=\"fade-in\" src=\"https:\/\/turismodeosuna.es\/wp-content\/uploads\/2022\/06\/sombrabanner-turismodeosuna.png\" alt=\"sombra\" srcset=\"https:\/\/turismodeosuna.es\/wp-content\/uploads\/2022\/06\/sombrabanner-turismodeosuna.png 1920w, https:\/\/turismodeosuna.es\/wp-content\/uploads\/2022\/06\/sombrabanner-turismodeosuna-300x34.png 300w, https:\/\/turismodeosuna.es\/wp-content\/uploads\/2022\/06\/sombrabanner-turismodeosuna-1024x115.png 1024w, https:\/\/turismodeosuna.es\/wp-content\/uploads\/2022\/06\/sombrabanner-turismodeosuna-768x86.png 768w, https:\/\/turismodeosuna.es\/wp-content\/uploads\/2022\/06\/sombrabanner-turismodeosuna-1536x172.png 1536w\" sizes=\"(max-width: 1920px) 100vw, 1920px\" \/>\n          <\/div>\n        <\/div>\n      <\/div>\n    <\/div>\n\t\t\t<\/div> \n\t\t<\/div>\n\t<\/div> \n<\/div><\/div>\n\t\t<div id=\"fws_69d917e3a3e0d\"  data-column-margin=\"default\" data-midnight=\"dark\"  class=\"wpb_row vc_row-fluid vc_row vc_row-o-equal-height vc_row-flex vc_row-o-content-middle  top_margin_-4pct top_margin_tablet_5pct top_margin_phone_5pct bottom_margin_tablet_0px\"  style=\"padding-top: 0px; padding-bottom: 0px; \"><div class=\"row-bg-wrap\" data-bg-animation=\"none\" data-bg-overlay=\"false\"><div class=\"inner-wrap\"><div class=\"row-bg viewport-desktop\"  style=\"\"><\/div><\/div><\/div><div class=\"row_col_wrap_12 col span_12 dark left\">\n\t<div  class=\"vc_col-sm-12 wpb_column column_container vc_column_container col no-extra-padding inherit_tablet inherit_phone\"  data-padding-pos=\"all\" data-has-bg-color=\"false\" data-bg-color=\"\" data-bg-opacity=\"1\" data-animation=\"\" data-delay=\"0\" >\n\t\t<div class=\"vc_column-inner\" >\n\t\t\t<div class=\"wpb_wrapper\">\n\t\t\t\t\n<div class=\"wpb_text_column wpb_content_element\" >\n\t<div class=\"wpb_wrapper\">\n\t\t<h1>Osuna in der geschichte: <span style=\"font-weight: 100;\">von der Pr\u00e4historie bis zur Gegenwart<\/span><\/h1>\n\t<\/div>\n<\/div>\n\n\n\n\n\t\t\t<\/div> \n\t\t<\/div>\n\t<\/div> \n<\/div><\/div>\n\t\t<div id=\"fws_69d917e3a4064\"  data-column-margin=\"default\" data-midnight=\"dark\"  class=\"wpb_row vc_row-fluid vc_row vc_row-o-equal-height vc_row-flex vc_row-o-content-middle  bottom_margin_6pct top_margin_tablet_5pct top_margin_phone_5pct bottom_margin_tablet_0px\"  style=\"padding-top: 0px; padding-bottom: 0px; \"><div class=\"row-bg-wrap\" data-bg-animation=\"none\" data-bg-overlay=\"false\"><div class=\"inner-wrap\"><div class=\"row-bg viewport-desktop\"  style=\"\"><\/div><\/div><\/div><div class=\"row_col_wrap_12 col span_12 dark left\">\n\t<div  class=\"vc_col-sm-12 wpb_column column_container vc_column_container col no-extra-padding inherit_tablet inherit_phone\"  data-padding-pos=\"all\" data-has-bg-color=\"false\" data-bg-color=\"\" data-bg-opacity=\"1\" data-animation=\"\" data-delay=\"0\" >\n\t\t<div class=\"vc_column-inner\" >\n\t\t\t<div class=\"wpb_wrapper\">\n\t\t\t\t\n<div class=\"wpb_text_column wpb_content_element\" >\n\t<div class=\"wpb_wrapper\">\n\t\t<p>Osuna wird zu ersten Mal von den klassischen Geschichtsschreibern und Geografen erw\u00e4hnt. Strabon, Plinius und Ptolem\u00e4us berichten von der r\u00f6mischen Urso. Schon vorher schrieben Appian und Diodor \u00fcber die Pr\u00e4senz aus Italien stammender Truppen, die sich in diesen Gebiet der Turdetaner niedergelassen hatten, um gegen die Karthager oder Viriathus zu k\u00e4mpfen. Die ersten Siedlungen in Osuna liegen jedoch mehrere Jahrhunderte weiter zur\u00fcck. Es gibt Spuren von pr\u00e4historischen Kulturen, die weit ein Jahrtausend vor Christus reichen. Die bekanntesten Funde wurden von Engel und Paris im Jahre 1903 gemacht. Der Stier und die Reliefreihe von Osuna erz\u00e4hlen von einer alten iberischen Zivilisation mit einer beeindruckenden Kultur, die die besten mediterranen Traditionen aus dem Orient und Griechenland vereinte.<\/p>\n<p>Das Einfallen der R\u00f6mer f\u00fchrt zu einschneidenden Ver\u00e4nderungen in allen Bereichen. Nach der Schlacht von Munda wird die Urso zum letzten pompejischen R\u00fcckzugsort vor den Truppen C\u00e4sars im blutigen B\u00fcrgerkrieg, in dem beide Seite um die Vorherrschaft in der Republik k\u00e4mpften. Nach einer Belagerung wird die Stadt von C\u00e4sar in\u00a0<em>Colonia Genetiva Iulia<\/em>\u00a0umbenannt und erh\u00e4lt ihre eigenen kolonialen Gesetzte, dessen Fragmente, die Bronzetafeln von Osuna, einzigartige Bel\u00e4ge des Rechtswesens aus dieser Zeit sind.<\/p>\n\t<\/div>\n<\/div>\n\n\n\n<div class=\"nectar_image_with_hotspots\" data-stlye=\"color_pulse\" data-hotspot-icon=\"plus_sign\" data-size=\"medium\" data-color=\"accent-color\" data-tooltip-func=\"hover\" data-tooltip_shadow=\"none\" data-animation=\"\"><img decoding=\"async\" width=\"800\" height=\"521\" data-src=\"https:\/\/turismodeosuna.es\/wp-content\/uploads\/2022\/07\/bronces-de-Osuna-museo-arqueolo\u0301gico.webp\" class=\"attachment-full size-full lazyload\" alt=\"\" data-srcset=\"https:\/\/turismodeosuna.es\/wp-content\/uploads\/2022\/07\/bronces-de-Osuna-museo-arqueolo\u0301gico.webp 800w, https:\/\/turismodeosuna.es\/wp-content\/uploads\/2022\/07\/bronces-de-Osuna-museo-arqueolo\u0301gico-300x195.webp 300w, https:\/\/turismodeosuna.es\/wp-content\/uploads\/2022\/07\/bronces-de-Osuna-museo-arqueolo\u0301gico-768x500.webp 768w\" data-sizes=\"(max-width: 800px) 100vw, 800px\" src=\"data:image\/gif;base64,R0lGODlhAQABAAAAACH5BAEKAAEALAAAAAABAAEAAAICTAEAOw==\" style=\"--smush-placeholder-width: 800px; --smush-placeholder-aspect-ratio: 800\/521;\" \/><div class=\"nectar_hotspot_wrap\" style=\"top: 30.491%; left: 27.2997%;\"><div class=\"nectar_hotspot\"><span><\/span><\/div><div class=\"nttip\" data-tooltip-position=\"bottom\"><div class=\"inner\">Lateinische Schriften auf Bronze<\/div><\/div><\/div><\/div>\n<div class=\"wpb_text_column wpb_content_element\" >\n\t<div class=\"wpb_wrapper\">\n\t\t<p>Die Stadt, die sich innerhalb des Klosters von \u00c9cija befand, wurde nun zu einem der florierenden Zentren der betischen Region. Die \u00dcberreste des Forums, des Theaters oder der unterirdischen Nekropolis in den H\u00f6hlen zeugen von der einstigen Bl\u00fctezeit der Stadt.<\/p>\n<p>Es ist nur wenig aus der westgotischen Epoche erhalten. Die Krisen w\u00e4hrend der sp\u00e4ten Republik erm\u00f6glichten den Aufstieg von Dynastien der Barbarenst\u00e4mme, die das Territorium, das einst von Rom aus kontrolliert wurde, in kleine Reiche unterteilten. Es kommt zu einer Ruralisierung der einstigen r\u00f6mischen und urbanen Zivilisation.<\/p>\n<p>Das Bild wandelt sich schlagartig mit der Ankunft der Muslime im 8. Jahrhundert. Die neuen Herrscher ver\u00e4nderten zun\u00e4chst nichts an der Verwaltungs- und Territorialstruktur Osunas, die noch aus der konstantinischen Herrschaft stammt. Mit dem Kalifat unter Ben Hafsun Anfang des 10. Jahrhunderts wird \u00dbsuna zu einem Verwaltungsbezirk und somit von \u00c9cija unabh\u00e4ngig. Dieses Ereignis f\u00e4llt mit der goldenen \u00c4ra der Stadt zusammen. Die ehemalige befestigte Enklave von \u00c9cija verwandelt sich in eine Stadt. Es gibt jedoch nur wenige \u00dcberreste aus der Zeit unter muslimischer Herrschaft und die meisten stammen aus der letzten Etappe unter der Herrschaft der Almohaden. Es handelt sich in erster Linie um die Verteidigungsstrukturen der Stadt wie dem Wasserturm und den Mauern der alten Festung. Ihr Fortbestehen verdanken sie den 200-j\u00e4hrigen Grenzkriegen.<\/p>\n<p>Die sp\u00e4tere Entwicklung der Stadt k\u00f6nnte den Mangel an \u00dcberresten aus dieser Zeit erkl\u00e4ren. Im Jahre 1240 nimmt Friedrich III. ohne Waffengewalt die Stadt ein. Zun\u00e4chst bedeutete dies keine Ver\u00e4nderungen f\u00fcr die Bev\u00f6lkerung. Erst nach dem Mudejar &#8211; Aufstand 1264 kommt es zu triefgreifenden Ver\u00e4nderungen. Die muslimischen B\u00fcrger werden vertrieben und die Festung wird dem Orden Calatrava unterstellt, da sie ein strategisch bedeutendes Element bei der Verteidigung der Grenzlinie darstellte, die auch als\u00a0<em>la banda morisca<\/em>\u00a0oder der maurische Streifen bezeichnet wurde.<\/p>\n<p>Nach zwei Jahrhunderten harter Grenzkonflikte w\u00e4hrend der die Stadt viele Schwierigkeiten zu \u00fcberwinden hatte, kam es 1464 zu einem Ereignis von transzendentaler Bedeutung. Osuna wurde Teil des Gebiets das Pedro Gir\u00f3n in Andalusien unter seine Kontrolle brachte und wird Hauptstadt des Herrschaftsgebiets, das er f\u00fcr seinen Sohn, Alfonso T\u00e9llez Gir\u00f3n, erster Graf von Ure\u00f1a, schuf. Das Schicksal Osunas war nun an das dieser Familie gekn\u00fcpft, der die Stadt ihre sehr eigene Struktur verdankt und die das Produkt des Wirkens dieser Edelsfamilie ist. Die Girones begannen mit der Umsetzung einer Reihe baulicher Ma\u00dfnahmen, die der Stadt einen symbolischen Charakter nach den Vorstellungen der Adelsfamilie geben sollten. Unter den charakteristischsten Merkmalen aus dieser Zeit, findet sich der h\u00f6fische Einfluss auf die Stadt. Die alte Festung der Almohaden wurde Anfang des 16. Jahrhunderts zu einem Schloss umgebaut. Die mittelalterliche Pfarrkirche Santa Mar\u00eda wurde durch das beeindruckende renaissantistische Bauwerk der Stiftskirche La Colegiata de la Asunci\u00f3n ersetzt, die mit dem Bau der Kapelle El Sepulcro abgeschlossen wurrd und die eines der interessanten Beispiele des\u00a0<em>quinientos espa\u00f1ol<\/em>\u00a0darstellt. F\u00fcr die Umsetzung dieser k\u00fcnstlerischen Ma\u00dfnahmen, engagierten die Grafen von Ure\u00f1a, Juan, Pedro und Juan, die besten Kunsthandwerker, die im Sevilla dieser Zeit zu finden waren. Namen wie Diego de Ria\u00f1o, Mart\u00edn Ga\u00ednza, Hernando de Esturmio, Roque Balduque, Luis de Morales, Arnao de Vergara, Juan de Zamora und andere werden mit dem Bau der Kirche in Verbindung gebracht. Das ornamentale Gesamtwerk wurde im 17. Jahrhundert mit den Schenkungen von Catalina Enr\u00edquez de Ribera von f\u00fcnf beeindruckenden Gem\u00e4lden des K\u00fcnstlers Jos\u00e9 de Ribera und der Skulptur des Cristo de la Misericordia aus der Hand des Bildhauers Juan de Mesa von der Familie Hontiveros abgeschlossen. Das monumentale Stadtbild der herzoglichen Akropolis wurde mit dem Universit\u00e4tsgeb\u00e4ude und dem Krankenhaus La Encarnaci\u00f3n abgerundet. Beide Institutionen wurden vom vierten Grafen von Ure\u00f1a und Vater des ersten Herzogs von Osuna, einem Titel den Philip II. der Familie Girones 1562 zusprach, ins Leben gerufen. Mit diesem Aufstieg der Adelsfamilie wurde mit den engeren Beziehungen zum k\u00f6niglichen Hof in Verbindung gebracht. Ihre Pr\u00e4senz in der Stadt wurde zunehmend sporadischer. Die Zeit der Transformation der Stadt, wie die gewaltige Aufgabe Juan T\u00e9llez Gir\u00f3ns, der ihr ihre religi\u00f6se Gestalt gab, schien nun beendet.<\/p>\n<p>Auch in dieser baulich aktiven Zeit, \u00fcberwand die Stadt Mitte des 16. Jahrhunderts die alte mittelalterliche Stadtmauer und erstreckte sich nun au\u00dferhalb der einstigen Begrenzungsmauern. Aus diesem Jahrhundert stammen die Infrastruktur der Stadt, sowie die verschiedenen religi\u00f6sen Bauwerke wie San Francisco, Santo Domingo, San Agust\u00edn, La Victoria, El Carmen, Consolaci\u00f3n, la Concepci\u00f3n, Santa Clara, San Pedro, el Esp\u00edritu Santo y Santa Catalina. Im 17. Jahrhundert kam das Jesuitenkloster San Carlos el Real und die Kl\u00f6ster La Merced, Las Descalzas und die Einsiedelei San Arcadio hinzu, der der Schutzpatron der Stadt ist.<\/p>\n<p>Im 17. Jahrhundert kommt es zum Aufstieg des lokalen Adels und der Gro\u00dfgrundbesitzer. Sie sind in erster Linie f\u00fcr den barocken Stil der verantwortlich, der heute noch in den Stra\u00dfen der Stadt pr\u00e4sent ist, insbesondere in den Stra\u00dfen San Pedro, Sevilla und La Huerta. Wenngleich es auch einige Stadtpal\u00e4ste und H\u00e4user im Stil der Renaissance gibt, sind die herrschaftlichen Villen des 18. Jahrhunderts, diejenigen, die das Stadtbild der Zivilarchitektur gepr\u00e4gt haben.<\/p>\n<p>Die Cepeda, Torres, Govantes, Rosso, Tamayo und andere versuchten sich mit ihren kunstvoll verzierten Steinfassaden selbst zu erh\u00f6hen und mehr Geltung zu verleihen. Der Stadtpalast des Markgrafen La Gomera ist zweifelsohne das beste Beispiel. Seine geschwungene Fassade mit seinen zwei S\u00e4uleng\u00e4ngen tr\u00e4gt das Familienwappen: das geschwungene Kranzgesims wird durch den Aussichtsturm durchbrochen, der sich seitlich an die Fassade anschlie\u00dft. Dies ist ein Beispiel des Barocks in all seiner Theatralik.<\/p>\n<p>Die geistlichen Bauwerke nehmen ebenso an diesen ausufernden Geltungswettbewerb teil, der mit dekorativen Elementen bestritten wird. Die beiden repr\u00e4sentativsten Beispiele sind Cilla del Cabildo der Kathedrale von Sevilla und das Kloster La Merced, beides Bauten der Familie Ruiz Florindo aus dem letzten Viertel des 18. Jahrhunderts. Auf der Fassade und auf dem Turm des Klosters sind der Fantasie keine Grenzen gesetzt und die Ausf\u00fchrung der klassischen Elemente wird nur durch die Beschaffenheit des Steins eingeschr\u00e4nkt.<\/p>\n<p>In Osuna bleib von der Entwicklung der 60er Jahre unseres [sic] Jahrhunderts verschont. Die Auswandungswelle dieser Jahre ersetzte hier das Fieber des Fabrikbaus und die weitgehend unbewohnte Altstadt blieb somit fast unangetastet. Die Stadt war weiterhin von der Landwirtschaft abh\u00e4ngig. Diesem Umstand ist es geschuldet, selbst wenn dies auch h\u00e4rtere Lebensumst\u00e4nde bedeutete, dass das jahrhundertealte Kulturerbe der Stadt, das von den goldenen Zeiten der Stadt erz\u00e4hlt, erhalten geblieben ist. Heute kann all dies von jedem, der eine Leidenschaft f\u00fcr Kunst und Sch\u00f6nheit hegt, bestaunt werden.<\/p>\n<p>Die geistlichen Bauwerke nehmen ebenso an diesen ausufernden Geltungswettbewerb teil, der mit dekorativen Elementen bestritten wird. Die beiden repr\u00e4sentativsten Beispiele sind Cilla del Cabildo der Kathedrale von Sevilla und das Kloster La Merced, beides Bauten der Familie Ruiz Florindo aus dem letzten Viertel des 18. Jahrhunderts. Auf der Fassade und auf dem Turm des Klosters sind der Fantasie keine Grenzen gesetzt und die Ausf\u00fchrung der klassischen Elemente wird nur durch die Beschaffenheit des Steins eingeschr\u00e4nkt.<\/p>\n<p>In Osuna bleib von der Entwicklung der 60er Jahre unseres [sic] Jahrhunderts verschont. Die Auswandungswelle dieser Jahre ersetzte hier das Fieber des Fabrikbaus und die weitgehend unbewohnte Altstadt blieb somit fast unangetastet. Die Stadt war weiterhin von der Landwirtschaft abh\u00e4ngig. Diesem Umstand ist es geschuldet, selbst wenn dies auch h\u00e4rtere Lebensumst\u00e4nde bedeutete, dass das jahrhundertealte Kulturerbe der Stadt, das von den goldenen Zeiten der Stadt erz\u00e4hlt, erhalten geblieben ist. Heute kann all dies von jedem, der eine Leidenschaft f\u00fcr Kunst und Sch\u00f6nheit hegt, bestaunt werden.<\/p>\n\t<\/div>\n<\/div>\n\n\n\n<div class=\"img-with-aniamtion-wrap center custom-size\" data-max-width=\"100%\" data-max-width-mobile=\"default\" data-shadow=\"none\" data-animation=\"fade-in\" >\n      <div class=\"inner\">\n        <div class=\"hover-wrap\"> \n          <div class=\"hover-wrap-inner\">\n            <img decoding=\"async\" class=\"img-with-animation skip-lazy\" data-delay=\"0\" height=\"533\" width=\"800\" data-animation=\"fade-in\" src=\"https:\/\/turismodeosuna.es\/wp-content\/uploads\/2022\/07\/Palacio-del-Marques-de-la-Gomera.webp\" alt=\"\" srcset=\"https:\/\/turismodeosuna.es\/wp-content\/uploads\/2022\/07\/Palacio-del-Marques-de-la-Gomera.webp 800w, https:\/\/turismodeosuna.es\/wp-content\/uploads\/2022\/07\/Palacio-del-Marques-de-la-Gomera-300x200.webp 300w, https:\/\/turismodeosuna.es\/wp-content\/uploads\/2022\/07\/Palacio-del-Marques-de-la-Gomera-768x512.webp 768w, https:\/\/turismodeosuna.es\/wp-content\/uploads\/2022\/07\/Palacio-del-Marques-de-la-Gomera-391x260.webp 391w\" sizes=\"(max-width: 800px) 100vw, 800px\" \/>\n          <\/div>\n        <\/div>\n      <\/div>\n    <\/div>\n\t\t\t<\/div> \n\t\t<\/div>\n\t<\/div> \n<\/div><\/div>","protected":false},"excerpt":{"rendered":"Osuna in der geschichte: von der Pr\u00e4historie bis zur Gegenwart Osuna wird zu ersten Mal von den klassischen Geschichtsschreibern und Geografen erw\u00e4hnt. Strabon, Plinius und Ptolem\u00e4us berichten von der r\u00f6mischen...","protected":false},"author":2,"featured_media":0,"parent":0,"menu_order":0,"comment_status":"closed","ping_status":"closed","template":"","meta":{"inline_featured_image":false,"footnotes":""},"class_list":["post-3580","page","type-page","status-publish"],"yoast_head":"<!-- This site is optimized with the Yoast SEO plugin v25.3 - https:\/\/yoast.com\/wordpress\/plugins\/seo\/ -->\n<title>Osuna in der geschichte - Turismo Osuna<\/title>\n<meta name=\"robots\" content=\"index, follow, max-snippet:-1, max-image-preview:large, max-video-preview:-1\" \/>\n<link rel=\"canonical\" href=\"https:\/\/turismodeosuna.es\/en\/osuna-in-der-geschichte\/\" \/>\n<meta property=\"og:locale\" content=\"en_GB\" \/>\n<meta property=\"og:type\" content=\"article\" \/>\n<meta property=\"og:title\" content=\"Osuna in der geschichte - Turismo Osuna\" \/>\n<meta property=\"og:url\" content=\"https:\/\/turismodeosuna.es\/en\/osuna-in-der-geschichte\/\" \/>\n<meta property=\"og:site_name\" content=\"Turismo Osuna\" \/>\n<meta property=\"article:modified_time\" content=\"2023-03-26T23:43:14+00:00\" \/>\n<meta name=\"twitter:card\" content=\"summary_large_image\" \/>\n<meta name=\"twitter:label1\" content=\"Estimated reading time\" \/>\n\t<meta name=\"twitter:data1\" content=\"8 minutes\" \/>\n<script type=\"application\/ld+json\" class=\"yoast-schema-graph\">{\"@context\":\"https:\/\/schema.org\",\"@graph\":[{\"@type\":\"WebPage\",\"@id\":\"https:\/\/turismodeosuna.es\/osuna-in-der-geschichte\/\",\"url\":\"https:\/\/turismodeosuna.es\/osuna-in-der-geschichte\/\",\"name\":\"Osuna in der geschichte - Turismo Osuna\",\"isPartOf\":{\"@id\":\"https:\/\/turismodeosuna.es\/#website\"},\"datePublished\":\"2022-06-28T09:35:56+00:00\",\"dateModified\":\"2023-03-26T23:43:14+00:00\",\"breadcrumb\":{\"@id\":\"https:\/\/turismodeosuna.es\/osuna-in-der-geschichte\/#breadcrumb\"},\"inLanguage\":\"en-GB\",\"potentialAction\":[{\"@type\":\"ReadAction\",\"target\":[\"https:\/\/turismodeosuna.es\/osuna-in-der-geschichte\/\"]}]},{\"@type\":\"BreadcrumbList\",\"@id\":\"https:\/\/turismodeosuna.es\/osuna-in-der-geschichte\/#breadcrumb\",\"itemListElement\":[{\"@type\":\"ListItem\",\"position\":1,\"name\":\"Portada\",\"item\":\"https:\/\/turismodeosuna.es\/\"},{\"@type\":\"ListItem\",\"position\":2,\"name\":\"Osuna in der geschichte\"}]},{\"@type\":\"WebSite\",\"@id\":\"https:\/\/turismodeosuna.es\/#website\",\"url\":\"https:\/\/turismodeosuna.es\/\",\"name\":\"Turismo Osuna\",\"description\":\"Turismo de Osuna\",\"potentialAction\":[{\"@type\":\"SearchAction\",\"target\":{\"@type\":\"EntryPoint\",\"urlTemplate\":\"https:\/\/turismodeosuna.es\/?s={search_term_string}\"},\"query-input\":{\"@type\":\"PropertyValueSpecification\",\"valueRequired\":true,\"valueName\":\"search_term_string\"}}],\"inLanguage\":\"en-GB\"}]}<\/script>\n<!-- \/ Yoast SEO plugin. -->","yoast_head_json":{"title":"Osuna in der geschichte - Turismo Osuna","robots":{"index":"index","follow":"follow","max-snippet":"max-snippet:-1","max-image-preview":"max-image-preview:large","max-video-preview":"max-video-preview:-1"},"canonical":"https:\/\/turismodeosuna.es\/en\/osuna-in-der-geschichte\/","og_locale":"en_GB","og_type":"article","og_title":"Osuna in der geschichte - Turismo Osuna","og_url":"https:\/\/turismodeosuna.es\/en\/osuna-in-der-geschichte\/","og_site_name":"Turismo Osuna","article_modified_time":"2023-03-26T23:43:14+00:00","twitter_card":"summary_large_image","twitter_misc":{"Estimated reading time":"8 minutes"},"schema":{"@context":"https:\/\/schema.org","@graph":[{"@type":"WebPage","@id":"https:\/\/turismodeosuna.es\/osuna-in-der-geschichte\/","url":"https:\/\/turismodeosuna.es\/osuna-in-der-geschichte\/","name":"Osuna in der geschichte - Turismo Osuna","isPartOf":{"@id":"https:\/\/turismodeosuna.es\/#website"},"datePublished":"2022-06-28T09:35:56+00:00","dateModified":"2023-03-26T23:43:14+00:00","breadcrumb":{"@id":"https:\/\/turismodeosuna.es\/osuna-in-der-geschichte\/#breadcrumb"},"inLanguage":"en-GB","potentialAction":[{"@type":"ReadAction","target":["https:\/\/turismodeosuna.es\/osuna-in-der-geschichte\/"]}]},{"@type":"BreadcrumbList","@id":"https:\/\/turismodeosuna.es\/osuna-in-der-geschichte\/#breadcrumb","itemListElement":[{"@type":"ListItem","position":1,"name":"Portada","item":"https:\/\/turismodeosuna.es\/"},{"@type":"ListItem","position":2,"name":"Osuna in der geschichte"}]},{"@type":"WebSite","@id":"https:\/\/turismodeosuna.es\/#website","url":"https:\/\/turismodeosuna.es\/","name":"Turismo Osuna","description":"Turismo de Osuna","potentialAction":[{"@type":"SearchAction","target":{"@type":"EntryPoint","urlTemplate":"https:\/\/turismodeosuna.es\/?s={search_term_string}"},"query-input":{"@type":"PropertyValueSpecification","valueRequired":true,"valueName":"search_term_string"}}],"inLanguage":"en-GB"}]}},"_links":{"self":[{"href":"https:\/\/turismodeosuna.es\/en\/wp-json\/wp\/v2\/pages\/3580","targetHints":{"allow":["GET"]}}],"collection":[{"href":"https:\/\/turismodeosuna.es\/en\/wp-json\/wp\/v2\/pages"}],"about":[{"href":"https:\/\/turismodeosuna.es\/en\/wp-json\/wp\/v2\/types\/page"}],"author":[{"embeddable":true,"href":"https:\/\/turismodeosuna.es\/en\/wp-json\/wp\/v2\/users\/2"}],"replies":[{"embeddable":true,"href":"https:\/\/turismodeosuna.es\/en\/wp-json\/wp\/v2\/comments?post=3580"}],"version-history":[{"count":3,"href":"https:\/\/turismodeosuna.es\/en\/wp-json\/wp\/v2\/pages\/3580\/revisions"}],"predecessor-version":[{"id":6361,"href":"https:\/\/turismodeosuna.es\/en\/wp-json\/wp\/v2\/pages\/3580\/revisions\/6361"}],"wp:attachment":[{"href":"https:\/\/turismodeosuna.es\/en\/wp-json\/wp\/v2\/media?parent=3580"}],"curies":[{"name":"wp","href":"https:\/\/api.w.org\/{rel}","templated":true}]}}