{"id":4268,"date":"2022-06-28T11:34:52","date_gmt":"2022-06-28T09:34:52","guid":{"rendered":"http:\/\/turismodeosuna.es\/how-to-arrive\/"},"modified":"2023-03-23T09:06:51","modified_gmt":"2023-03-23T08:06:51","slug":"comment-arriver","status":"publish","type":"page","link":"https:\/\/turismodeosuna.es\/en\/comment-arriver\/","title":{"rendered":"Comment arriver"},"content":{"rendered":"<div id=\"fws_69d91832c5f04\"  data-column-margin=\"default\" data-midnight=\"dark\"  class=\"wpb_row vc_row-fluid vc_row full-width-content vc_row-o-equal-height vc_row-flex vc_row-o-content-top\"  style=\"padding-top: 0px; padding-bottom: 0px; \"><div class=\"row-bg-wrap\" data-bg-animation=\"none\" data-bg-overlay=\"false\"><div class=\"inner-wrap\"><div class=\"row-bg viewport-desktop\"  style=\"\"><\/div><\/div><\/div><div class=\"row_col_wrap_12 col span_12 dark left\">\n\t<div  class=\"vc_col-sm-12 wpb_column column_container vc_column_container col no-extra-padding inherit_tablet inherit_phone\"  data-padding-pos=\"all\" data-has-bg-color=\"false\" data-bg-color=\"\" data-bg-opacity=\"1\" data-animation=\"\" data-delay=\"0\" >\n\t\t<div class=\"vc_column-inner\" >\n\t\t\t<div class=\"wpb_wrapper\">\n\t\t\t\t<div class=\"img-with-aniamtion-wrap\" data-max-width=\"100%\" data-max-width-mobile=\"default\" data-shadow=\"none\" data-animation=\"fade-in\" >\n      <div class=\"inner\">\n        <div class=\"hover-wrap\"> \n          <div class=\"hover-wrap-inner\">\n            <img decoding=\"async\" class=\"img-with-animation skip-lazy\" data-delay=\"0\" height=\"400\" width=\"1920\" data-animation=\"fade-in\" src=\"https:\/\/turismodeosuna.es\/wp-content\/uploads\/2022\/07\/situachione.jpg\" alt=\"\" srcset=\"https:\/\/turismodeosuna.es\/wp-content\/uploads\/2022\/07\/situachione.jpg 1920w, https:\/\/turismodeosuna.es\/wp-content\/uploads\/2022\/07\/situachione-300x63.jpg 300w, https:\/\/turismodeosuna.es\/wp-content\/uploads\/2022\/07\/situachione-1024x213.jpg 1024w, https:\/\/turismodeosuna.es\/wp-content\/uploads\/2022\/07\/situachione-768x160.jpg 768w, https:\/\/turismodeosuna.es\/wp-content\/uploads\/2022\/07\/situachione-1536x320.jpg 1536w\" sizes=\"(max-width: 1920px) 100vw, 1920px\" \/>\n          <\/div>\n        <\/div>\n      <\/div>\n    <\/div><div class=\"img-with-aniamtion-wrap\" data-max-width=\"100%\" data-max-width-mobile=\"default\" data-shadow=\"none\" data-animation=\"fade-in\" >\n      <div class=\"inner\">\n        <div class=\"hover-wrap\"> \n          <div class=\"hover-wrap-inner\">\n            <img decoding=\"async\" class=\"img-with-animation skip-lazy\" data-delay=\"0\" height=\"100\" width=\"1920\" data-animation=\"fade-in\" src=\"https:\/\/turismodeosuna.es\/wp-content\/uploads\/2022\/07\/sombrabanner-turismodeosuna-estrecho.jpg\" alt=\"\" srcset=\"https:\/\/turismodeosuna.es\/wp-content\/uploads\/2022\/07\/sombrabanner-turismodeosuna-estrecho.jpg 1920w, https:\/\/turismodeosuna.es\/wp-content\/uploads\/2022\/07\/sombrabanner-turismodeosuna-estrecho-300x16.jpg 300w, https:\/\/turismodeosuna.es\/wp-content\/uploads\/2022\/07\/sombrabanner-turismodeosuna-estrecho-1024x53.jpg 1024w, https:\/\/turismodeosuna.es\/wp-content\/uploads\/2022\/07\/sombrabanner-turismodeosuna-estrecho-768x40.jpg 768w, https:\/\/turismodeosuna.es\/wp-content\/uploads\/2022\/07\/sombrabanner-turismodeosuna-estrecho-1536x80.jpg 1536w\" sizes=\"(max-width: 1920px) 100vw, 1920px\" \/>\n          <\/div>\n        <\/div>\n      <\/div>\n    <\/div>\n\t\t\t<\/div> \n\t\t<\/div>\n\t<\/div> \n<\/div><\/div>\n\t\t<div id=\"fws_69d91832c6e0e\"  data-column-margin=\"default\" data-midnight=\"dark\"  class=\"wpb_row vc_row-fluid vc_row\"  style=\"padding-top: 0px; padding-bottom: 0px; \"><div class=\"row-bg-wrap\" data-bg-animation=\"none\" data-bg-overlay=\"false\"><div class=\"inner-wrap\"><div class=\"row-bg viewport-desktop\"  style=\"\"><\/div><\/div><\/div><div class=\"row_col_wrap_12 col span_12 dark left\">\n\t<div  class=\"vc_col-sm-12 wpb_column column_container vc_column_container col no-extra-padding inherit_tablet inherit_phone\"  data-padding-pos=\"all\" data-has-bg-color=\"false\" data-bg-color=\"\" data-bg-opacity=\"1\" data-animation=\"\" data-delay=\"0\" >\n\t\t<div class=\"vc_column-inner\" >\n\t\t\t<div class=\"wpb_wrapper\">\n\t\t\t\t\n<div class=\"wpb_text_column wpb_content_element\" >\n\t<div class=\"wpb_wrapper\">\n\t\t<h1>Comment arriver<\/h1>\n\t<\/div>\n<\/div>\n\n\n\n<div id=\"fws_69d91832c7054\" data-midnight=\"\" data-column-margin=\"default\" class=\"wpb_row vc_row-fluid vc_row inner_row vc_row-o-equal-height vc_row-flex vc_row-o-content-middle\"  style=\"\"><div class=\"row-bg-wrap\"> <div class=\"row-bg\" ><\/div> <\/div><div class=\"row_col_wrap_12_inner col span_12  left\">\n\t<div  class=\"vc_col-sm-6 wpb_column column_container vc_column_container col child_column no-extra-padding inherit_tablet inherit_phone\"   data-padding-pos=\"all\" data-has-bg-color=\"false\" data-bg-color=\"\" data-bg-opacity=\"1\" data-animation=\"\" data-delay=\"0\" >\n\t\t<div class=\"vc_column-inner\" >\n\t\t<div class=\"wpb_wrapper\">\n\t\t\t\n<div class=\"wpb_text_column wpb_content_element\" >\n\t<div class=\"wpb_wrapper\">\n\t\t<p><span style=\"font-weight: 400;\">La municipalit\u00e9 d\u2019Osuna, appartenant \u00e0 la province de Sevilla, se localise entre la campagne du fleuve Guadalquivir et le d\u00e9but des cordill\u00e8res Subb\u00e9ticas, ce qui lui donne un emplacement unique. La ville se trouve en un point \u00e9quidistant des villes de Sevilla, M\u00e1laga, C\u00f3rdoba et Granada.<\/span><\/p>\n<p><span style=\"font-weight: 400;\">Avec un climat affable de temp\u00e9ratures agr\u00e9ables, Osuna poss\u00e8de un complet r\u00e9seau de communications qui permet un transport pratique et rapide depuis tout point de l\u2019Andalousie. Les a\u00e9roports de Sevilla et M\u00e1laga se trouvent \u00e0 seulement une heure de route, tandis que la A-92, autoroute qui connecte le sud avec le levant p\u00e9ninsulaire, traverse son territoire.<br \/>\n<\/span><\/p>\n\t<\/div>\n<\/div>\n\n\n\n\n\t\t<\/div> \n\t<\/div>\n\t<\/div> \n\n\t<div  class=\"vc_col-sm-6 wpb_column column_container vc_column_container col child_column no-extra-padding inherit_tablet inherit_phone\"   data-padding-pos=\"all\" data-has-bg-color=\"false\" data-bg-color=\"\" data-bg-opacity=\"1\" data-animation=\"\" data-delay=\"0\" >\n\t\t<div class=\"vc_column-inner\" >\n\t\t<div class=\"wpb_wrapper\">\n\t\t\t<div class=\"img-with-aniamtion-wrap\" data-max-width=\"100%\" data-max-width-mobile=\"default\" data-shadow=\"none\" data-animation=\"fade-in\" >\n      <div class=\"inner\">\n        <div class=\"hover-wrap\"> \n          <div class=\"hover-wrap-inner\">\n            <img decoding=\"async\" class=\"img-with-animation skip-lazy\" data-delay=\"0\" height=\"1709\" width=\"2560\" data-animation=\"fade-in\" src=\"https:\/\/turismodeosuna.es\/wp-content\/uploads\/2022\/07\/PLAZA-MAYOR-scaled.jpg\" alt=\"\" srcset=\"https:\/\/turismodeosuna.es\/wp-content\/uploads\/2022\/07\/PLAZA-MAYOR-scaled.jpg 2560w, https:\/\/turismodeosuna.es\/wp-content\/uploads\/2022\/07\/PLAZA-MAYOR-300x200.jpg 300w, https:\/\/turismodeosuna.es\/wp-content\/uploads\/2022\/07\/PLAZA-MAYOR-1024x684.jpg 1024w, https:\/\/turismodeosuna.es\/wp-content\/uploads\/2022\/07\/PLAZA-MAYOR-768x513.jpg 768w, https:\/\/turismodeosuna.es\/wp-content\/uploads\/2022\/07\/PLAZA-MAYOR-391x260.jpg 391w, https:\/\/turismodeosuna.es\/wp-content\/uploads\/2022\/07\/PLAZA-MAYOR-1536x1025.jpg 1536w, https:\/\/turismodeosuna.es\/wp-content\/uploads\/2022\/07\/PLAZA-MAYOR-2048x1367.jpg 2048w, https:\/\/turismodeosuna.es\/wp-content\/uploads\/2022\/07\/PLAZA-MAYOR-900x600.jpg 900w\" sizes=\"(max-width: 2560px) 100vw, 2560px\" \/>\n          <\/div>\n        <\/div>\n      <\/div>\n    <\/div>\n\t\t<\/div> \n\t<\/div>\n\t<\/div> \n<\/div><\/div>\n\t\t\t<\/div> \n\t\t<\/div>\n\t<\/div> \n<\/div><\/div>\n\t\t<div id=\"fws_69d91832c75e7\"  data-column-margin=\"default\" data-midnight=\"dark\" data-top-percent=\"2%\"  class=\"wpb_row vc_row-fluid vc_row como-llegar\"  style=\"padding-top: calc(100vw * 0.02); padding-bottom: 0px; \"><div class=\"row-bg-wrap\" data-bg-animation=\"none\" data-bg-overlay=\"false\"><div class=\"inner-wrap\"><div class=\"row-bg viewport-desktop\"  style=\"\"><\/div><\/div><\/div><div class=\"row_col_wrap_12 col span_12 dark left\">\n\t<div  class=\"vc_col-sm-12 wpb_column column_container vc_column_container col no-extra-padding inherit_tablet inherit_phone\"  data-padding-pos=\"all\" data-has-bg-color=\"false\" data-bg-color=\"\" data-bg-opacity=\"1\" data-animation=\"\" data-delay=\"0\" >\n\t\t<div class=\"vc_column-inner\" >\n\t\t\t<div class=\"wpb_wrapper\">\n\t\t\t\t<div class=\"nectar-icon-list\" data-icon-color=\"default\" data-icon-style=\"border\" data-columns=\"3\" data-direction=\"vertical\" data-icon-size=\"medium\" data-animate=\"\"><div class=\"nectar-icon-list-item\"><div class=\"list-icon-holder\" data-icon_type=\"icon\"><i class=\"icon-default-style fa fa-car\" data-color=\"default\"><\/i><\/div><div class=\"content\"><h4>Par route<\/h4>\n<ul>\n<li>Depuis Sevilla en direction vers M\u00e1laga par la A-92, \u00e0 environ 90 kms, apr\u00e8s avoir pass\u00e9 les municipalit\u00e9s d\u2019Arahal et Puebla de Cazalla, on trouve la Ville Ducale d\u2019Osuna, \u00e0 environ une heure de route.<\/li>\n<li>Depuis Madrid et C\u00f3rdoba par la route nationale IV jusqu\u2019\u00e0 arriver \u00e0 \u00c9cija, o\u00f9 on fait le lien avec la route r\u00e9gional A 351, apr\u00e8s 34 kilom\u00e8tres on arrive \u00e0 Osuna, \u00e0 environ 5 heures.<\/li>\n<li>Depuis M\u00e1laga en direction vers Sevilla par la A-92, Osuna se trouve \u00e0 122 kilom\u00e8tres vers Sevilla, \u00e0 environ 1 heure et 20 minutes.<\/li>\n<li>Depuis Granada en direction vers Sevilla, par la A-92, Osuna se trouve \u00e0 165 kilom\u00e8tres, environ 1 heure et 50 minutes.<\/li>\n<\/ul>\n<\/div><\/div><div class=\"nectar-icon-list-item\"><div class=\"list-icon-holder\" data-icon_type=\"icon\"><i class=\"icon-default-style fa fa-bus\" data-color=\"default\"><\/i><\/div><div class=\"content\"><h4>En bus<\/h4>\n<table class=\"table-bus\">\n<thead>\n<tr>\n<th>Monbus<\/th>\n<th>Alsa Group<\/th>\n<th>Autocares Guerrero<\/th>\n<\/tr>\n<\/thead>\n<tbody>\n<tr>\n<td><a href=\"tel:982292900\">982 29 29 00<\/a><\/td>\n<td><a href=\"tel:902422242\">902 42 22 42<\/a><\/td>\n<td><a href=\"tel:955917571\">979 72 24 00<\/a><\/td>\n<\/tr>\n<tr>\n<td><a href=\"http:\/\/www.monbus.es\/\" target=\"_blank\" rel=\"noopener\">www.monbus.es<\/a><\/td>\n<td><a href=\"http:\/\/www.alsa.es\/\" target=\"_blank\" rel=\"noopener\">www.alsa.es<\/a><\/td>\n<td><a href=\"https:\/\/www.paginasamarillas.es\/f\/los-corrales\/autocares-guerrero-e-hijos-s-l-_006623607_000000001.html\">Autocares Guerrero E Hijos S.L.<\/a><\/td>\n<\/tr>\n<\/tbody>\n<\/table>\n<\/div><\/div><div class=\"nectar-icon-list-item\"><div class=\"list-icon-holder\" data-icon_type=\"icon\"><i class=\"icon-default-style fa fa-train\" data-color=\"default\"><\/i><\/div><div class=\"content\"><h4>En train<\/h4><span style=\"font-weight: 400\">Trains depuis Sevilla, M\u00e1laga, Granada, Almer\u00eda et C\u00e1diz arrivent \u00e0 Osuna.<\/span><br \/>\n<a href=\"http:\/\/www.renfe.es\/\"><span style=\"font-weight: 400\">www.renfe.es<\/span><\/a><\/div><\/div><\/div>\n\t\t\t<\/div> \n\t\t<\/div>\n\t<\/div> \n<\/div><\/div>\n\t\t<div id=\"fws_69d91832c86b2\"  data-column-margin=\"default\" data-midnight=\"dark\" data-top-percent=\"2%\" data-bottom-percent=\"4%\"  class=\"wpb_row vc_row-fluid vc_row\"  style=\"padding-top: calc(100vw * 0.02); padding-bottom: calc(100vw * 0.04); \"><div class=\"row-bg-wrap\" data-bg-animation=\"none\" data-bg-overlay=\"false\"><div class=\"inner-wrap\"><div class=\"row-bg viewport-desktop\"  style=\"\"><\/div><\/div><\/div><div class=\"row_col_wrap_12 col span_12 dark left\">\n\t<div  class=\"vc_col-sm-12 wpb_column column_container vc_column_container col no-extra-padding inherit_tablet inherit_phone\"  data-padding-pos=\"all\" data-has-bg-color=\"false\" data-bg-color=\"\" data-bg-opacity=\"1\" data-animation=\"\" data-delay=\"0\" >\n\t\t<div class=\"vc_column-inner\" >\n\t\t\t<div class=\"wpb_wrapper\">\n\t\t\t\t<div class=\"img-with-aniamtion-wrap center\" data-max-width=\"100%\" data-max-width-mobile=\"default\" data-shadow=\"none\" data-animation=\"fade-in\" >\n      <div class=\"inner\">\n        <div class=\"hover-wrap\"> \n          <div class=\"hover-wrap-inner\">\n            <a href=\"https:\/\/turismodeosuna.es\/wp-content\/uploads\/2022\/06\/Rerverso-Plano22_page-0001.jpg\" class=\"pp center\">\n              <img decoding=\"async\" class=\"img-with-animation skip-lazy\" data-delay=\"0\" height=\"1754\" width=\"2481\" data-animation=\"fade-in\" src=\"https:\/\/turismodeosuna.es\/wp-content\/uploads\/2022\/06\/Rerverso-Plano22_page-0001.jpg\" alt=\"\" srcset=\"https:\/\/turismodeosuna.es\/wp-content\/uploads\/2022\/06\/Rerverso-Plano22_page-0001.jpg 2481w, https:\/\/turismodeosuna.es\/wp-content\/uploads\/2022\/06\/Rerverso-Plano22_page-0001-300x212.jpg 300w, https:\/\/turismodeosuna.es\/wp-content\/uploads\/2022\/06\/Rerverso-Plano22_page-0001-1024x724.jpg 1024w, https:\/\/turismodeosuna.es\/wp-content\/uploads\/2022\/06\/Rerverso-Plano22_page-0001-768x543.jpg 768w, https:\/\/turismodeosuna.es\/wp-content\/uploads\/2022\/06\/Rerverso-Plano22_page-0001-1536x1086.jpg 1536w, https:\/\/turismodeosuna.es\/wp-content\/uploads\/2022\/06\/Rerverso-Plano22_page-0001-2048x1448.jpg 2048w\" sizes=\"(max-width: 2481px) 100vw, 2481px\" \/>\n            <\/a>\n          <\/div>\n        <\/div>\n      <\/div>\n      <\/div>\n\t\t\t<\/div> \n\t\t<\/div>\n\t<\/div> \n<\/div><\/div>","protected":false},"excerpt":{"rendered":"Comment arriver La municipalit\u00e9 d\u2019Osuna, appartenant \u00e0 la province de Sevilla, se localise entre la campagne du fleuve Guadalquivir et le d\u00e9but des cordill\u00e8res Subb\u00e9ticas, ce qui lui donne un...","protected":false},"author":2,"featured_media":0,"parent":0,"menu_order":0,"comment_status":"closed","ping_status":"closed","template":"","meta":{"inline_featured_image":false,"footnotes":""},"class_list":["post-4268","page","type-page","status-publish"],"yoast_head":"<!-- This site is optimized with the Yoast SEO plugin v25.3 - https:\/\/yoast.com\/wordpress\/plugins\/seo\/ -->\n<title>Comment arriver - Turismo Osuna<\/title>\n<meta name=\"robots\" content=\"index, follow, max-snippet:-1, max-image-preview:large, max-video-preview:-1\" \/>\n<link rel=\"canonical\" href=\"https:\/\/turismodeosuna.es\/en\/comment-arriver\/\" \/>\n<meta property=\"og:locale\" content=\"en_GB\" \/>\n<meta property=\"og:type\" content=\"article\" \/>\n<meta property=\"og:title\" content=\"Comment arriver - Turismo Osuna\" \/>\n<meta property=\"og:url\" content=\"https:\/\/turismodeosuna.es\/en\/comment-arriver\/\" \/>\n<meta property=\"og:site_name\" content=\"Turismo Osuna\" \/>\n<meta property=\"article:modified_time\" content=\"2023-03-23T08:06:51+00:00\" \/>\n<meta name=\"twitter:card\" content=\"summary_large_image\" \/>\n<meta name=\"twitter:label1\" content=\"Estimated reading time\" \/>\n\t<meta name=\"twitter:data1\" content=\"3 minutes\" \/>\n<script type=\"application\/ld+json\" class=\"yoast-schema-graph\">{\"@context\":\"https:\/\/schema.org\",\"@graph\":[{\"@type\":\"WebPage\",\"@id\":\"https:\/\/turismodeosuna.es\/comment-arriver\/\",\"url\":\"https:\/\/turismodeosuna.es\/comment-arriver\/\",\"name\":\"Comment arriver - Turismo Osuna\",\"isPartOf\":{\"@id\":\"https:\/\/turismodeosuna.es\/#website\"},\"datePublished\":\"2022-06-28T09:34:52+00:00\",\"dateModified\":\"2023-03-23T08:06:51+00:00\",\"breadcrumb\":{\"@id\":\"https:\/\/turismodeosuna.es\/comment-arriver\/#breadcrumb\"},\"inLanguage\":\"en-GB\",\"potentialAction\":[{\"@type\":\"ReadAction\",\"target\":[\"https:\/\/turismodeosuna.es\/comment-arriver\/\"]}]},{\"@type\":\"BreadcrumbList\",\"@id\":\"https:\/\/turismodeosuna.es\/comment-arriver\/#breadcrumb\",\"itemListElement\":[{\"@type\":\"ListItem\",\"position\":1,\"name\":\"Portada\",\"item\":\"https:\/\/turismodeosuna.es\/\"},{\"@type\":\"ListItem\",\"position\":2,\"name\":\"Comment arriver\"}]},{\"@type\":\"WebSite\",\"@id\":\"https:\/\/turismodeosuna.es\/#website\",\"url\":\"https:\/\/turismodeosuna.es\/\",\"name\":\"Turismo Osuna\",\"description\":\"Turismo de Osuna\",\"potentialAction\":[{\"@type\":\"SearchAction\",\"target\":{\"@type\":\"EntryPoint\",\"urlTemplate\":\"https:\/\/turismodeosuna.es\/?s={search_term_string}\"},\"query-input\":{\"@type\":\"PropertyValueSpecification\",\"valueRequired\":true,\"valueName\":\"search_term_string\"}}],\"inLanguage\":\"en-GB\"}]}<\/script>\n<!-- \/ Yoast SEO plugin. -->","yoast_head_json":{"title":"Comment arriver - Turismo Osuna","robots":{"index":"index","follow":"follow","max-snippet":"max-snippet:-1","max-image-preview":"max-image-preview:large","max-video-preview":"max-video-preview:-1"},"canonical":"https:\/\/turismodeosuna.es\/en\/comment-arriver\/","og_locale":"en_GB","og_type":"article","og_title":"Comment arriver - Turismo Osuna","og_url":"https:\/\/turismodeosuna.es\/en\/comment-arriver\/","og_site_name":"Turismo Osuna","article_modified_time":"2023-03-23T08:06:51+00:00","twitter_card":"summary_large_image","twitter_misc":{"Estimated reading time":"3 minutes"},"schema":{"@context":"https:\/\/schema.org","@graph":[{"@type":"WebPage","@id":"https:\/\/turismodeosuna.es\/comment-arriver\/","url":"https:\/\/turismodeosuna.es\/comment-arriver\/","name":"Comment arriver - Turismo Osuna","isPartOf":{"@id":"https:\/\/turismodeosuna.es\/#website"},"datePublished":"2022-06-28T09:34:52+00:00","dateModified":"2023-03-23T08:06:51+00:00","breadcrumb":{"@id":"https:\/\/turismodeosuna.es\/comment-arriver\/#breadcrumb"},"inLanguage":"en-GB","potentialAction":[{"@type":"ReadAction","target":["https:\/\/turismodeosuna.es\/comment-arriver\/"]}]},{"@type":"BreadcrumbList","@id":"https:\/\/turismodeosuna.es\/comment-arriver\/#breadcrumb","itemListElement":[{"@type":"ListItem","position":1,"name":"Portada","item":"https:\/\/turismodeosuna.es\/"},{"@type":"ListItem","position":2,"name":"Comment arriver"}]},{"@type":"WebSite","@id":"https:\/\/turismodeosuna.es\/#website","url":"https:\/\/turismodeosuna.es\/","name":"Turismo Osuna","description":"Turismo de Osuna","potentialAction":[{"@type":"SearchAction","target":{"@type":"EntryPoint","urlTemplate":"https:\/\/turismodeosuna.es\/?s={search_term_string}"},"query-input":{"@type":"PropertyValueSpecification","valueRequired":true,"valueName":"search_term_string"}}],"inLanguage":"en-GB"}]}},"_links":{"self":[{"href":"https:\/\/turismodeosuna.es\/en\/wp-json\/wp\/v2\/pages\/4268","targetHints":{"allow":["GET"]}}],"collection":[{"href":"https:\/\/turismodeosuna.es\/en\/wp-json\/wp\/v2\/pages"}],"about":[{"href":"https:\/\/turismodeosuna.es\/en\/wp-json\/wp\/v2\/types\/page"}],"author":[{"embeddable":true,"href":"https:\/\/turismodeosuna.es\/en\/wp-json\/wp\/v2\/users\/2"}],"replies":[{"embeddable":true,"href":"https:\/\/turismodeosuna.es\/en\/wp-json\/wp\/v2\/comments?post=4268"}],"version-history":[{"count":5,"href":"https:\/\/turismodeosuna.es\/en\/wp-json\/wp\/v2\/pages\/4268\/revisions"}],"predecessor-version":[{"id":5762,"href":"https:\/\/turismodeosuna.es\/en\/wp-json\/wp\/v2\/pages\/4268\/revisions\/5762"}],"wp:attachment":[{"href":"https:\/\/turismodeosuna.es\/en\/wp-json\/wp\/v2\/media?parent=4268"}],"curies":[{"name":"wp","href":"https:\/\/api.w.org\/{rel}","templated":true}]}}