{"id":4271,"date":"2022-06-28T11:35:56","date_gmt":"2022-06-28T09:35:56","guid":{"rendered":"http:\/\/turismodeosuna.es\/history-of-osuna\/"},"modified":"2023-03-27T01:42:23","modified_gmt":"2023-03-26T23:42:23","slug":"osuna-dans-lhistoire","status":"publish","type":"page","link":"https:\/\/turismodeosuna.es\/en\/osuna-dans-lhistoire\/","title":{"rendered":"Osuna dans l&#8217;histoire"},"content":{"rendered":"<div id=\"fws_69d917e8d5b73\"  data-column-margin=\"default\" data-midnight=\"dark\"  class=\"wpb_row vc_row-fluid vc_row full-width-content vc_row-o-equal-height vc_row-flex vc_row-o-content-top\"  style=\"padding-top: 0px; padding-bottom: 0px; \"><div class=\"row-bg-wrap\" data-bg-animation=\"none\" data-bg-overlay=\"false\"><div class=\"inner-wrap\"><div class=\"row-bg viewport-desktop\"  style=\"\"><\/div><\/div><\/div><div class=\"row_col_wrap_12 col span_12 dark left\">\n\t<div  class=\"vc_col-sm-12 wpb_column column_container vc_column_container col no-extra-padding inherit_tablet inherit_phone\"  data-padding-pos=\"all\" data-has-bg-color=\"false\" data-bg-color=\"\" data-bg-opacity=\"1\" data-animation=\"\" data-delay=\"0\" >\n\t\t<div class=\"vc_column-inner\" >\n\t\t\t<div class=\"wpb_wrapper\">\n\t\t\t\t<div class=\"img-with-aniamtion-wrap center\" data-max-width=\"100%\" data-max-width-mobile=\"default\" data-shadow=\"none\" data-animation=\"fade-in\" >\n      <div class=\"inner\">\n        <div class=\"hover-wrap\"> \n          <div class=\"hover-wrap-inner\">\n            <img decoding=\"async\" class=\"img-with-animation skip-lazy\" data-delay=\"0\" height=\"400\" width=\"1920\" data-animation=\"fade-in\" src=\"https:\/\/turismodeosuna.es\/wp-content\/uploads\/2022\/07\/banner-historia-turismoosuna.webp\" alt=\"\" srcset=\"https:\/\/turismodeosuna.es\/wp-content\/uploads\/2022\/07\/banner-historia-turismoosuna.webp 1920w, https:\/\/turismodeosuna.es\/wp-content\/uploads\/2022\/07\/banner-historia-turismoosuna-300x63.webp 300w, https:\/\/turismodeosuna.es\/wp-content\/uploads\/2022\/07\/banner-historia-turismoosuna-1024x213.webp 1024w, https:\/\/turismodeosuna.es\/wp-content\/uploads\/2022\/07\/banner-historia-turismoosuna-768x160.webp 768w, https:\/\/turismodeosuna.es\/wp-content\/uploads\/2022\/07\/banner-historia-turismoosuna-1536x320.webp 1536w\" sizes=\"(max-width: 1920px) 100vw, 1920px\" \/>\n          <\/div>\n        <\/div>\n      <\/div>\n    <\/div><div class=\"img-with-aniamtion-wrap center\" data-max-width=\"100%\" data-max-width-mobile=\"default\" data-shadow=\"none\" data-animation=\"fade-in\" >\n      <div class=\"inner\">\n        <div class=\"hover-wrap\"> \n          <div class=\"hover-wrap-inner\">\n            <img decoding=\"async\" class=\"img-with-animation skip-lazy\" data-delay=\"0\" height=\"215\" width=\"1920\" data-animation=\"fade-in\" src=\"https:\/\/turismodeosuna.es\/wp-content\/uploads\/2022\/06\/sombrabanner-turismodeosuna.png\" alt=\"sombra\" srcset=\"https:\/\/turismodeosuna.es\/wp-content\/uploads\/2022\/06\/sombrabanner-turismodeosuna.png 1920w, https:\/\/turismodeosuna.es\/wp-content\/uploads\/2022\/06\/sombrabanner-turismodeosuna-300x34.png 300w, https:\/\/turismodeosuna.es\/wp-content\/uploads\/2022\/06\/sombrabanner-turismodeosuna-1024x115.png 1024w, https:\/\/turismodeosuna.es\/wp-content\/uploads\/2022\/06\/sombrabanner-turismodeosuna-768x86.png 768w, https:\/\/turismodeosuna.es\/wp-content\/uploads\/2022\/06\/sombrabanner-turismodeosuna-1536x172.png 1536w\" sizes=\"(max-width: 1920px) 100vw, 1920px\" \/>\n          <\/div>\n        <\/div>\n      <\/div>\n    <\/div>\n\t\t\t<\/div> \n\t\t<\/div>\n\t<\/div> \n<\/div><\/div>\n\t\t<div id=\"fws_69d917e8d6331\"  data-column-margin=\"default\" data-midnight=\"dark\"  class=\"wpb_row vc_row-fluid vc_row vc_row-o-equal-height vc_row-flex vc_row-o-content-middle  top_margin_-4pct top_margin_tablet_5pct top_margin_phone_5pct bottom_margin_tablet_0px\"  style=\"padding-top: 0px; padding-bottom: 0px; \"><div class=\"row-bg-wrap\" data-bg-animation=\"none\" data-bg-overlay=\"false\"><div class=\"inner-wrap\"><div class=\"row-bg viewport-desktop\"  style=\"\"><\/div><\/div><\/div><div class=\"row_col_wrap_12 col span_12 dark left\">\n\t<div  class=\"vc_col-sm-12 wpb_column column_container vc_column_container col no-extra-padding inherit_tablet inherit_phone\"  data-padding-pos=\"all\" data-has-bg-color=\"false\" data-bg-color=\"\" data-bg-opacity=\"1\" data-animation=\"\" data-delay=\"0\" >\n\t\t<div class=\"vc_column-inner\" >\n\t\t\t<div class=\"wpb_wrapper\">\n\t\t\t\t\n<div class=\"wpb_text_column wpb_content_element\" >\n\t<div class=\"wpb_wrapper\">\n\t\t<h1>Osuna dans l&#8217;histoire: <span style=\"font-weight: 100;\">de la pr\u00e9histoire \u00e0 nos jours<\/span><\/h1>\n\t<\/div>\n<\/div>\n\n\n\n\n\t\t\t<\/div> \n\t\t<\/div>\n\t<\/div> \n<\/div><\/div>\n\t\t<div id=\"fws_69d917e8d6569\"  data-column-margin=\"default\" data-midnight=\"dark\"  class=\"wpb_row vc_row-fluid vc_row vc_row-o-equal-height vc_row-flex vc_row-o-content-middle  bottom_margin_6pct top_margin_tablet_5pct top_margin_phone_5pct bottom_margin_tablet_0px\"  style=\"padding-top: 0px; padding-bottom: 0px; \"><div class=\"row-bg-wrap\" data-bg-animation=\"none\" data-bg-overlay=\"false\"><div class=\"inner-wrap\"><div class=\"row-bg viewport-desktop\"  style=\"\"><\/div><\/div><\/div><div class=\"row_col_wrap_12 col span_12 dark left\">\n\t<div  class=\"vc_col-sm-12 wpb_column column_container vc_column_container col no-extra-padding inherit_tablet inherit_phone\"  data-padding-pos=\"all\" data-has-bg-color=\"false\" data-bg-color=\"\" data-bg-opacity=\"1\" data-animation=\"\" data-delay=\"0\" >\n\t\t<div class=\"vc_column-inner\" >\n\t\t\t<div class=\"wpb_wrapper\">\n\t\t\t\t\n<div class=\"wpb_text_column wpb_content_element\" >\n\t<div class=\"wpb_wrapper\">\n\t\t<p><span style=\"font-weight: 400;\">Osuna entre dans l\u2019histoire avec les historiens et g\u00e9ographes classiques : Estrab\u00f3n, Plinio et Diodoro parlent de l\u2019Urso romanis\u00e9e. \u00c0 l\u2019avance, Apiano et Diodoro racontent la pr\u00e9sence des troupes originaires d\u2019Italie, install\u00e9es dans ce territoire pour combattre contre les carthaginois ou Viriato. Cependant, il existe des preuves d\u2019implantations humaines \u00e0 Osuna depuis des si\u00e8cles avant. On connait des vestiges de cultures pr\u00e9historiques au-del\u00e0 d\u2019un mill\u00e9naire avant J\u00e9sus-Christ, dont les plus connus ont \u00e9t\u00e9 d\u00e9couverts par Engel et Paris en 1903. Le Toro et la s\u00e9rie des Relieves de Osuna montrent une ancienne civilisation ib\u00e8re, qui a donn\u00e9 lieu \u00e0 une culture extraordinaire o\u00f9 les meilleurs traditions m\u00e9diterran\u00e9es originaires de l\u2019Orient et de la Gr\u00e8ce ont cohabit\u00e9.<\/span><\/p>\n<p><span style=\"font-weight: 400;\">L\u2019irruption de Rome a entra\u00een\u00e9 un changement radical dans tous les domaines. Apr\u00e8s la bataille de Munda, Urso devient le dernier bastion pomp\u00e9ien contre les troupes de C\u00e9sar pendant la sanglant Guerre Civile entre les deux factions qui voulaient remporter l\u2019h\u00e9g\u00e9monie de la R\u00e9publique. Prise apr\u00e8s un si\u00e8ge, elle devient Colonie Genetiva Iulia par C\u00e9sar, recevant sa propre loi coloniale dont les fragments, les Bronces de Osuna, sont des documents juridiques exceptionnelles de cette \u00e9poque.<\/span><\/p>\n<p><span style=\"font-weight: 400;\">La ville, appartenant au Conventus Astigitanus, devient l\u2019un des centres les plus d\u00e9velopp\u00e9s de la B\u00e9tique. Les restes du forum, le th\u00e9\u00e2tre ou la n\u00e9cropole des grottes t\u00e9moignent son pass\u00e9e splendide.<\/span><\/p>\n<p><span style=\"font-weight: 400;\">Il ne reste pas grand-chose des si\u00e8cles de domination wisigothique. La crise du Bas-Empire a ouvert la voie aux dynasties barbares qui ont divis\u00e9 en petits royaumes l\u2019immense territoire autrefois contr\u00f4l\u00e9 par Rome. Un monde de plus en plus rural commence \u00e0 s\u2019imposer sur l\u2019ancienne civilisation urbaine latine.<\/span><\/p>\n\t<\/div>\n<\/div>\n\n\n\n<div class=\"nectar_image_with_hotspots\" data-stlye=\"color_pulse\" data-hotspot-icon=\"plus_sign\" data-size=\"medium\" data-color=\"accent-color\" data-tooltip-func=\"hover\" data-tooltip_shadow=\"none\" data-animation=\"true\"><img decoding=\"async\" width=\"800\" height=\"521\" data-src=\"https:\/\/turismodeosuna.es\/wp-content\/uploads\/2022\/07\/bronces-de-Osuna-museo-arqueolo\u0301gico.webp\" class=\"attachment-full size-full lazyload\" alt=\"\" data-srcset=\"https:\/\/turismodeosuna.es\/wp-content\/uploads\/2022\/07\/bronces-de-Osuna-museo-arqueolo\u0301gico.webp 800w, https:\/\/turismodeosuna.es\/wp-content\/uploads\/2022\/07\/bronces-de-Osuna-museo-arqueolo\u0301gico-300x195.webp 300w, https:\/\/turismodeosuna.es\/wp-content\/uploads\/2022\/07\/bronces-de-Osuna-museo-arqueolo\u0301gico-768x500.webp 768w\" data-sizes=\"(max-width: 800px) 100vw, 800px\" src=\"data:image\/gif;base64,R0lGODlhAQABAAAAACH5BAEKAAEALAAAAAABAAEAAAICTAEAOw==\" style=\"--smush-placeholder-width: 800px; --smush-placeholder-aspect-ratio: 800\/521;\" \/><div class=\"nectar_hotspot_wrap\" style=\"top: 35.0136%; left: 29.5495%;\"><div class=\"nectar_hotspot\"><span><\/span><\/div><div class=\"nttip\" data-tooltip-position=\"top\"><div class=\"inner\">Ecritures latines sur bronze<\/div><\/div><\/div><\/div>\n<div class=\"wpb_text_column wpb_content_element\" >\n\t<div class=\"wpb_wrapper\">\n\t\t<p><span style=\"font-weight: 400;\">Le panorama change brusquement avec l\u2019arriv\u00e9e des musulmans au d\u00e9but du VIIIe si\u00e8cle. Au d\u00e9but, les nouveaux seigneurs n\u2019ont pas chang\u00e9 l\u2019organisation administrative et territoriale d\u2019Osuna, en vigueur depuis l\u2019\u00e9poque de Constantino, mais avec l\u2019arriv\u00e9e du Califat, apr\u00e8s la r\u00e9volte de ben Hafsun au d\u00e9but du Xe si\u00e8cle, \u00dbsuna obtiendra le rang de cora, en abandonnant la d\u00e9pendance d\u2019\u00c9cija. C\u2019est un p\u00e9riode d\u2019apog\u00e9e du lieu ; l\u2019enclave fortifi\u00e9e commence \u00e0 avoir l\u2019apparence de ville. Cependant, les quelques restes qu\u2019on conserve du p\u00e9riode islamique sont de l\u2019\u00e9poque finale, sous le contr\u00f4le almohade. Il s\u2019agit des restes du complexe d\u00e9fensif: la Torre del Agua et les gros murs de l\u2019ancienne alcazaba. Sa persistance est due aux deux si\u00e8cles de guerres frontali\u00e8res.<\/span><\/p>\n<p><span style=\"font-weight: 400;\">Gr\u00e2ce au d\u00e9veloppement urbain post\u00e9rieur, on peut expliquer la sobri\u00e9t\u00e9 des restes de cette \u00e9poque. En 1240, Fernando III prend pacifiquement la ville. Dans une premi\u00e8re \u00e9tape, le changement de ma\u00eetre n\u2019a pas caus\u00e9 d\u2019alt\u00e9ration de la population ; mais avec la r\u00e9volte des mud\u00e9jares en 1264, il y aura des transformations profondes. Les habitants musulmans sont expuls\u00e9s et la forteresse passe dans les mains de la Orden de Calatrava. C\u2019est une enclave importante et n\u00e9cessaire pour la d\u00e9fense d\u2019un secteur de la zone frontali\u00e8re appel\u00e9e \u00ab Banda morisca \u00bb.<\/span><\/p>\n<p><span style=\"font-weight: 400;\">Apr\u00e8s deux si\u00e8cles de vie frontali\u00e8re difficile, quand la ville affrontait beaucoup de probl\u00e8mes, un \u00e9v\u00e9nement significatif a lieu en 1464. Osuna se trouve parmi les possessions que Pedro Gir\u00f3n obtient en Andalousie et devient la capitale de l\u2019\u00e9tat seigneurial qu\u2019il consolide pour son fil, Alfonso T\u00e9llez Gir\u00f3n, I comte d\u2019Ure\u00f1a.<\/span><\/p>\n<p><span style=\"font-weight: 400;\">Osuna lie son destin \u00e0 cette famille et son aspect d\u00e9pendra, majoritairement, des actions de cette lign\u00e9e aristocratique. Les Girones commencent \u00e0 \u00e9laborer un programme de construction avec l\u2019objectif d\u2019obtenir l\u2019image souhait\u00e9e par les seigneurs. En accord avec les caract\u00e9ristiques de l\u2019\u00e9poque, Osuna se constitue dans un centre courtisan. L\u2019alcazaba almohade est r\u00e9nov\u00e9e comme palais au d\u00e9but du XVIe si\u00e8cle.<\/span><\/p>\n<p><span style=\"font-weight: 400;\">La paroisse m\u00e9di\u00e9vale de Santa Mar\u00eda est remplac\u00e9e par la magnifique \u0153uvre de la Renaissance Colegiata de la Asunci\u00f3n, dont la chapelle du s\u00e9pulcre est l\u2019un des exemples le plus int\u00e9ressants du XVIe si\u00e8cle en Espagne. Pour achever ces \u0153uvres artistiques, les comtes d\u2019Ure\u00f1a \u2013Juan, Pedro et Juan- embauchent aux meilleurs auteurs de Sevilla \u00e0 l\u2019\u00e9poque. De cette fa\u00e7on, les noms de Diego de Ria\u00f1o, Mart\u00edn Ga\u00ednza, Hernando de Esturmio, Roque Balduque, Luis de Morales, Arnao de Vergara, Juan de Zamora, etc. sont li\u00e9s au temple. Cette puissance artistique est compl\u00e9t\u00e9e au XVIIe si\u00e8cle avec la donation r\u00e9alis\u00e9e par Catalina Enr\u00edquez de Ribera, form\u00e9e par cinq toiles splendides de Jos\u00e9 de Ribera, ou la sculpture du Cristo de la Misericordia que la famille Hontiveros a command\u00e9 \u00e0 Juan de Mesa.<\/span><\/p>\n<p><span style=\"font-weight: 400;\">Les monuments de l\u2019acropole ducale se compl\u00e8tent avec l\u2019Universit\u00e9 et l\u2019h\u00f4pital de la Encarnaci\u00f3n, des institutions fond\u00e9es par le IV comte d\u2019Ure\u00f1a, p\u00e8re du premier duc d\u2019Osuna, titre donn\u00e9 aux Girones en 1562 par Felipe II. Lors de cette h\u00e9g\u00e9monie aristocratique, la Casa de Osuna tend \u00e0 se lier avec la cour royal. Sa pr\u00e9sence dans la ville est de plus en plus sporadique. L\u2019\u00e9poque des fondations, arriv\u00e9e gr\u00e2ce au travail de Juan T\u00e9llez Gir\u00f3n qui a transform\u00e9 la ville en mati\u00e8re religieuse, semble arriver \u00e0 son terme.<\/span><\/p>\n<p><span style=\"font-weight: 400;\">Parall\u00e8lement \u00e0 ce processus de construction, dans la premi\u00e8re moiti\u00e9 du XVIe si\u00e8cle la ville d\u00e9passe les limites de la muraille m\u00e9di\u00e9vale et s\u2019\u00e9tend. Dans ce si\u00e8cle, le tissu urbain est fix\u00e9, ainsi que les plusieurs \u00e9tablissements religieux : San Francisco, Santo Domingo, San Agust\u00edn, La Victoria, El Carmen, Consolaci\u00f3n, La Concepci\u00f3n, Santa Clara, San Pedro, el Esp\u00edritu Santo et Santa Catalina. Cette liste sera compl\u00e8te au XVIIe si\u00e8cle avec le couvent des j\u00e9suites \u2013San Carlos el Real-, la Merced, las Descalzas et l\u2019ermitage du saint patron de la ville, San Arcadio.<\/span><\/p>\n<p><span style=\"font-weight: 400;\">Au XVIIe si\u00e8cle et principalement au XVIIIe, on trouve un progr\u00e8s de la noblesse locale et des grands propri\u00e9taires. C\u2019est \u00e0 cause d\u2019eux qu\u2019on a des grandes rues baroques, notamment San Pedro, Sevilla et La Huerta. Il y a quelques exemples des palais et manoirs de la Renaissance, mais c\u2019est le XVIIIe si\u00e8cle, avec ses grandes demeures, qui donnera le ton de l\u2019architecture civil d\u2019Osuna. Las familles Cepeda, Torres, Govantes, Rosso, Tamayo, etc. essaieront de perp\u00e9tuer sa puissance et grandeur avec des fa\u00e7ades en pierre d\u00e9cor\u00e9es. Le Palais du Marqu\u00e9s de la Gomera est le principal repr\u00e9sentant. Sa porte, avec deux \u00e9tages \u00e0 colonnades, tr\u00e8s dynamique, est couronn\u00e9e avec le blason nobiliaire. La silhouette recti-curviligne de la corniche s\u2019\u00e9teint dans le coin, avec la tour du belv\u00e9d\u00e8re qui entoure la fa\u00e7ade. C\u2019est le Baroque accompagn\u00e9 d\u2019une grande th\u00e9\u00e2tralit\u00e9.<\/span><\/p>\n<p><span style=\"font-weight: 400;\">Dans cette concurrence ornementale, on trouve un nouveau participant : la classe religieuse. Deux des meilleures exemples sont la Cilla del Cabildo de la Cath\u00e9drale de Sevilla et le couvent de la Merced, tous les deux sont fruit des plans de la famille Ruiz Florindo dans le dernier quart du XVIIIe si\u00e8cle. L\u2019imagination se manifeste dans las fa\u00e7ades et, principalement, dans la tour du couvent de la Merced, o\u00f9 les \u00e9l\u00e9ments classiques sont modifi\u00e9s avec une libert\u00e9 limit\u00e9e seulement aux possibilit\u00e9s de la pierre.<\/span><\/p>\n<p><span style=\"font-weight: 400;\">Osuna n\u2019a pas souffert l\u2019impact du d\u00e9veloppement des ann\u00e9es soixante-dix du si\u00e8cle dernier. L\u2019\u00e9migration a diminu\u00e9 la fi\u00e8vre du montage des usines et le centre ville, un peu d\u00e9peupl\u00e9, ne s\u2019est pas vu modifi\u00e9 beaucoup. On d\u00e9pendait toujours de l\u2019\u00e9conomie agricole et, \u00e0 cause de cela, les conditions de vie \u00e9taient plus dures. Cependant, cela a aussi permis de conserver un patrimoine, accumul\u00e9 pendant des si\u00e8cles et exemples des richesses pass\u00e9es, jusqu\u2019\u00e0 aujourd\u2019hui qui enchante aux amoureux de la beaut\u00e9 et de l\u2019art.<\/span><\/p>\n\t<\/div>\n<\/div>\n\n\n\n<div class=\"img-with-aniamtion-wrap center custom-size\" data-max-width=\"100%\" data-max-width-mobile=\"default\" data-shadow=\"none\" data-animation=\"fade-in\" >\n      <div class=\"inner\">\n        <div class=\"hover-wrap\"> \n          <div class=\"hover-wrap-inner\">\n            <img decoding=\"async\" class=\"img-with-animation skip-lazy\" data-delay=\"0\" height=\"533\" width=\"800\" data-animation=\"fade-in\" src=\"https:\/\/turismodeosuna.es\/wp-content\/uploads\/2022\/07\/Palacio-del-Marques-de-la-Gomera.webp\" alt=\"\" srcset=\"https:\/\/turismodeosuna.es\/wp-content\/uploads\/2022\/07\/Palacio-del-Marques-de-la-Gomera.webp 800w, https:\/\/turismodeosuna.es\/wp-content\/uploads\/2022\/07\/Palacio-del-Marques-de-la-Gomera-300x200.webp 300w, https:\/\/turismodeosuna.es\/wp-content\/uploads\/2022\/07\/Palacio-del-Marques-de-la-Gomera-768x512.webp 768w, https:\/\/turismodeosuna.es\/wp-content\/uploads\/2022\/07\/Palacio-del-Marques-de-la-Gomera-391x260.webp 391w\" sizes=\"(max-width: 800px) 100vw, 800px\" \/>\n          <\/div>\n        <\/div>\n      <\/div>\n    <\/div>\n\t\t\t<\/div> \n\t\t<\/div>\n\t<\/div> \n<\/div><\/div>","protected":false},"excerpt":{"rendered":"Osuna dans l'histoire: de la pr\u00e9histoire \u00e0 nos jours Osuna entre dans l\u2019histoire avec les historiens et g\u00e9ographes classiques : Estrab\u00f3n, Plinio et Diodoro parlent de l\u2019Urso romanis\u00e9e. \u00c0 l\u2019avance,...","protected":false},"author":2,"featured_media":0,"parent":0,"menu_order":0,"comment_status":"closed","ping_status":"closed","template":"","meta":{"inline_featured_image":false,"footnotes":""},"class_list":["post-4271","page","type-page","status-publish"],"yoast_head":"<!-- This site is optimized with the Yoast SEO plugin v25.3 - https:\/\/yoast.com\/wordpress\/plugins\/seo\/ -->\n<title>Osuna dans l&#039;histoire - Turismo Osuna<\/title>\n<meta name=\"robots\" content=\"index, follow, max-snippet:-1, max-image-preview:large, max-video-preview:-1\" \/>\n<link rel=\"canonical\" href=\"https:\/\/turismodeosuna.es\/en\/osuna-dans-lhistoire\/\" \/>\n<meta property=\"og:locale\" content=\"en_GB\" \/>\n<meta property=\"og:type\" content=\"article\" \/>\n<meta property=\"og:title\" content=\"Osuna dans l&#039;histoire - Turismo Osuna\" \/>\n<meta property=\"og:url\" content=\"https:\/\/turismodeosuna.es\/en\/osuna-dans-lhistoire\/\" \/>\n<meta property=\"og:site_name\" content=\"Turismo Osuna\" \/>\n<meta property=\"article:modified_time\" content=\"2023-03-26T23:42:23+00:00\" \/>\n<meta name=\"twitter:card\" content=\"summary_large_image\" \/>\n<meta name=\"twitter:label1\" content=\"Estimated reading time\" \/>\n\t<meta name=\"twitter:data1\" content=\"7 minutes\" \/>\n<script type=\"application\/ld+json\" class=\"yoast-schema-graph\">{\"@context\":\"https:\/\/schema.org\",\"@graph\":[{\"@type\":\"WebPage\",\"@id\":\"https:\/\/turismodeosuna.es\/osuna-dans-lhistoire\/\",\"url\":\"https:\/\/turismodeosuna.es\/osuna-dans-lhistoire\/\",\"name\":\"Osuna dans l'histoire - Turismo Osuna\",\"isPartOf\":{\"@id\":\"https:\/\/turismodeosuna.es\/#website\"},\"datePublished\":\"2022-06-28T09:35:56+00:00\",\"dateModified\":\"2023-03-26T23:42:23+00:00\",\"breadcrumb\":{\"@id\":\"https:\/\/turismodeosuna.es\/osuna-dans-lhistoire\/#breadcrumb\"},\"inLanguage\":\"en-GB\",\"potentialAction\":[{\"@type\":\"ReadAction\",\"target\":[\"https:\/\/turismodeosuna.es\/osuna-dans-lhistoire\/\"]}]},{\"@type\":\"BreadcrumbList\",\"@id\":\"https:\/\/turismodeosuna.es\/osuna-dans-lhistoire\/#breadcrumb\",\"itemListElement\":[{\"@type\":\"ListItem\",\"position\":1,\"name\":\"Portada\",\"item\":\"https:\/\/turismodeosuna.es\/\"},{\"@type\":\"ListItem\",\"position\":2,\"name\":\"Osuna dans l&#8217;histoire\"}]},{\"@type\":\"WebSite\",\"@id\":\"https:\/\/turismodeosuna.es\/#website\",\"url\":\"https:\/\/turismodeosuna.es\/\",\"name\":\"Turismo Osuna\",\"description\":\"Turismo de Osuna\",\"potentialAction\":[{\"@type\":\"SearchAction\",\"target\":{\"@type\":\"EntryPoint\",\"urlTemplate\":\"https:\/\/turismodeosuna.es\/?s={search_term_string}\"},\"query-input\":{\"@type\":\"PropertyValueSpecification\",\"valueRequired\":true,\"valueName\":\"search_term_string\"}}],\"inLanguage\":\"en-GB\"}]}<\/script>\n<!-- \/ Yoast SEO plugin. -->","yoast_head_json":{"title":"Osuna dans l'histoire - Turismo Osuna","robots":{"index":"index","follow":"follow","max-snippet":"max-snippet:-1","max-image-preview":"max-image-preview:large","max-video-preview":"max-video-preview:-1"},"canonical":"https:\/\/turismodeosuna.es\/en\/osuna-dans-lhistoire\/","og_locale":"en_GB","og_type":"article","og_title":"Osuna dans l'histoire - Turismo Osuna","og_url":"https:\/\/turismodeosuna.es\/en\/osuna-dans-lhistoire\/","og_site_name":"Turismo Osuna","article_modified_time":"2023-03-26T23:42:23+00:00","twitter_card":"summary_large_image","twitter_misc":{"Estimated reading time":"7 minutes"},"schema":{"@context":"https:\/\/schema.org","@graph":[{"@type":"WebPage","@id":"https:\/\/turismodeosuna.es\/osuna-dans-lhistoire\/","url":"https:\/\/turismodeosuna.es\/osuna-dans-lhistoire\/","name":"Osuna dans l'histoire - Turismo Osuna","isPartOf":{"@id":"https:\/\/turismodeosuna.es\/#website"},"datePublished":"2022-06-28T09:35:56+00:00","dateModified":"2023-03-26T23:42:23+00:00","breadcrumb":{"@id":"https:\/\/turismodeosuna.es\/osuna-dans-lhistoire\/#breadcrumb"},"inLanguage":"en-GB","potentialAction":[{"@type":"ReadAction","target":["https:\/\/turismodeosuna.es\/osuna-dans-lhistoire\/"]}]},{"@type":"BreadcrumbList","@id":"https:\/\/turismodeosuna.es\/osuna-dans-lhistoire\/#breadcrumb","itemListElement":[{"@type":"ListItem","position":1,"name":"Portada","item":"https:\/\/turismodeosuna.es\/"},{"@type":"ListItem","position":2,"name":"Osuna dans l&#8217;histoire"}]},{"@type":"WebSite","@id":"https:\/\/turismodeosuna.es\/#website","url":"https:\/\/turismodeosuna.es\/","name":"Turismo Osuna","description":"Turismo de Osuna","potentialAction":[{"@type":"SearchAction","target":{"@type":"EntryPoint","urlTemplate":"https:\/\/turismodeosuna.es\/?s={search_term_string}"},"query-input":{"@type":"PropertyValueSpecification","valueRequired":true,"valueName":"search_term_string"}}],"inLanguage":"en-GB"}]}},"_links":{"self":[{"href":"https:\/\/turismodeosuna.es\/en\/wp-json\/wp\/v2\/pages\/4271","targetHints":{"allow":["GET"]}}],"collection":[{"href":"https:\/\/turismodeosuna.es\/en\/wp-json\/wp\/v2\/pages"}],"about":[{"href":"https:\/\/turismodeosuna.es\/en\/wp-json\/wp\/v2\/types\/page"}],"author":[{"embeddable":true,"href":"https:\/\/turismodeosuna.es\/en\/wp-json\/wp\/v2\/users\/2"}],"replies":[{"embeddable":true,"href":"https:\/\/turismodeosuna.es\/en\/wp-json\/wp\/v2\/comments?post=4271"}],"version-history":[{"count":8,"href":"https:\/\/turismodeosuna.es\/en\/wp-json\/wp\/v2\/pages\/4271\/revisions"}],"predecessor-version":[{"id":6360,"href":"https:\/\/turismodeosuna.es\/en\/wp-json\/wp\/v2\/pages\/4271\/revisions\/6360"}],"wp:attachment":[{"href":"https:\/\/turismodeosuna.es\/en\/wp-json\/wp\/v2\/media?parent=4271"}],"curies":[{"name":"wp","href":"https:\/\/api.w.org\/{rel}","templated":true}]}}