{"id":4284,"date":"2022-06-28T11:37:37","date_gmt":"2022-06-28T09:37:37","guid":{"rendered":"http:\/\/turismodeosuna.es\/osuna-in-cinema\/"},"modified":"2023-07-27T12:09:34","modified_gmt":"2023-07-27T10:09:34","slug":"osuna-et-le-cinema","status":"publish","type":"page","link":"https:\/\/turismodeosuna.es\/en\/osuna-et-le-cinema\/","title":{"rendered":"Osuna et le cin\u00e9ma"},"content":{"rendered":"<div id=\"fws_69d918366b654\"  data-column-margin=\"default\" data-midnight=\"dark\"  class=\"wpb_row vc_row-fluid vc_row full-width-content vc_row-o-equal-height vc_row-flex vc_row-o-content-top\"  style=\"padding-top: 0px; padding-bottom: 0px; \"><div class=\"row-bg-wrap\" data-bg-animation=\"none\" data-bg-overlay=\"false\"><div class=\"inner-wrap\"><div class=\"row-bg viewport-desktop\"  style=\"\"><\/div><\/div><\/div><div class=\"row_col_wrap_12 col span_12 dark left\">\n\t<div  class=\"vc_col-sm-12 wpb_column column_container vc_column_container col no-extra-padding inherit_tablet inherit_phone\"  data-padding-pos=\"all\" data-has-bg-color=\"false\" data-bg-color=\"\" data-bg-opacity=\"1\" data-animation=\"\" data-delay=\"0\" >\n\t\t<div class=\"vc_column-inner\" >\n\t\t\t<div class=\"wpb_wrapper\">\n\t\t\t\t<div class=\"img-with-aniamtion-wrap center\" data-max-width=\"100%\" data-max-width-mobile=\"default\" data-shadow=\"none\" data-animation=\"fade-in\" >\n      <div class=\"inner\">\n        <div class=\"hover-wrap\"> \n          <div class=\"hover-wrap-inner\">\n            <img decoding=\"async\" class=\"img-with-animation skip-lazy\" data-delay=\"0\" height=\"400\" width=\"1920\" data-animation=\"fade-in\" src=\"https:\/\/turismodeosuna.es\/wp-content\/uploads\/2022\/07\/banner-cine-turismoosuna.webp\" alt=\"\" srcset=\"https:\/\/turismodeosuna.es\/wp-content\/uploads\/2022\/07\/banner-cine-turismoosuna.webp 1920w, https:\/\/turismodeosuna.es\/wp-content\/uploads\/2022\/07\/banner-cine-turismoosuna-300x63.webp 300w, https:\/\/turismodeosuna.es\/wp-content\/uploads\/2022\/07\/banner-cine-turismoosuna-1024x213.webp 1024w, https:\/\/turismodeosuna.es\/wp-content\/uploads\/2022\/07\/banner-cine-turismoosuna-768x160.webp 768w, https:\/\/turismodeosuna.es\/wp-content\/uploads\/2022\/07\/banner-cine-turismoosuna-1536x320.webp 1536w\" sizes=\"(max-width: 1920px) 100vw, 1920px\" \/>\n          <\/div>\n        <\/div>\n      <\/div>\n    <\/div><div class=\"img-with-aniamtion-wrap center\" data-max-width=\"100%\" data-max-width-mobile=\"default\" data-shadow=\"none\" data-animation=\"fade-in\" >\n      <div class=\"inner\">\n        <div class=\"hover-wrap\"> \n          <div class=\"hover-wrap-inner\">\n            <img decoding=\"async\" class=\"img-with-animation skip-lazy\" data-delay=\"0\" height=\"215\" width=\"1920\" data-animation=\"fade-in\" src=\"https:\/\/turismodeosuna.es\/wp-content\/uploads\/2022\/06\/sombrabanner-turismodeosuna.png\" alt=\"sombra\" srcset=\"https:\/\/turismodeosuna.es\/wp-content\/uploads\/2022\/06\/sombrabanner-turismodeosuna.png 1920w, https:\/\/turismodeosuna.es\/wp-content\/uploads\/2022\/06\/sombrabanner-turismodeosuna-300x34.png 300w, https:\/\/turismodeosuna.es\/wp-content\/uploads\/2022\/06\/sombrabanner-turismodeosuna-1024x115.png 1024w, https:\/\/turismodeosuna.es\/wp-content\/uploads\/2022\/06\/sombrabanner-turismodeosuna-768x86.png 768w, https:\/\/turismodeosuna.es\/wp-content\/uploads\/2022\/06\/sombrabanner-turismodeosuna-1536x172.png 1536w\" sizes=\"(max-width: 1920px) 100vw, 1920px\" \/>\n          <\/div>\n        <\/div>\n      <\/div>\n    <\/div>\n\t\t\t<\/div> \n\t\t<\/div>\n\t<\/div> \n<\/div><\/div>\n\t\t<div id=\"fws_69d918366bda3\"  data-column-margin=\"default\" data-midnight=\"dark\"  class=\"wpb_row vc_row-fluid vc_row vc_row-o-equal-height vc_row-flex vc_row-o-content-middle  top_margin_-4pct top_margin_tablet_5pct top_margin_phone_5pct bottom_margin_tablet_0px\"  style=\"padding-top: 0px; padding-bottom: 0px; \"><div class=\"row-bg-wrap\" data-bg-animation=\"none\" data-bg-overlay=\"false\"><div class=\"inner-wrap\"><div class=\"row-bg viewport-desktop\"  style=\"\"><\/div><\/div><\/div><div class=\"row_col_wrap_12 col span_12 dark left\">\n\t<div  class=\"vc_col-sm-12 wpb_column column_container vc_column_container col no-extra-padding inherit_tablet inherit_phone\"  data-padding-pos=\"all\" data-has-bg-color=\"false\" data-bg-color=\"\" data-bg-opacity=\"1\" data-animation=\"\" data-delay=\"0\" >\n\t\t<div class=\"vc_column-inner\" >\n\t\t\t<div class=\"wpb_wrapper\">\n\t\t\t\t\n<div class=\"wpb_text_column wpb_content_element\" >\n\t<div class=\"wpb_wrapper\">\n\t\t<h1>Osuna et le cin\u00e9ma: <span style=\"font-weight: 100;\">sc\u00e9nario de Cin\u00e9ma et Publicit\u00e9<\/span><\/h1>\n\t<\/div>\n<\/div>\n\n\n\n\n\t\t\t<\/div> \n\t\t<\/div>\n\t<\/div> \n<\/div><\/div>\n\t\t<div id=\"fws_69d918366bf4c\"  data-column-margin=\"default\" data-midnight=\"dark\"  class=\"wpb_row vc_row-fluid vc_row vc_row-o-equal-height vc_row-flex vc_row-o-content-middle  bottom_margin_6pct top_margin_tablet_5pct top_margin_phone_5pct bottom_margin_tablet_0px\"  style=\"padding-top: 0px; padding-bottom: 0px; \"><div class=\"row-bg-wrap\" data-bg-animation=\"none\" data-bg-overlay=\"false\"><div class=\"inner-wrap\"><div class=\"row-bg viewport-desktop\"  style=\"\"><\/div><\/div><\/div><div class=\"row_col_wrap_12 col span_12 dark left\">\n\t<div  class=\"vc_col-sm-12 wpb_column column_container vc_column_container col no-extra-padding inherit_tablet inherit_phone\"  data-padding-pos=\"all\" data-has-bg-color=\"false\" data-bg-color=\"\" data-bg-opacity=\"1\" data-animation=\"\" data-delay=\"0\" >\n\t\t<div class=\"vc_column-inner\" >\n\t\t\t<div class=\"wpb_wrapper\">\n\t\t\t\t\n<div class=\"wpb_text_column wpb_content_element\" >\n\t<div class=\"wpb_wrapper\">\n\t\t<p><span style=\"font-weight: 400;\">Gr\u00e2ce \u00e0 son \u00e9l\u00e9gance, la beaut\u00e9 de ses monuments et son patrimoine artistique et naturel, Osuna est devenue un lieu de tournage privil\u00e9gi\u00e9 pour de nombreux films, court-m\u00e9trages et publicit\u00e9s. De cette fa\u00e7on, la rue San Pedro, avec ses nombreux palaces, a \u00e9t\u00e9 le d\u00e9cor choisi par Franco Zeffirelli pour le tournage de Callas Forever (2001) ; la zone monumentale et l\u2019int\u00e9rieur de la Colegiata ont \u00e9t\u00e9 choisis par Vicente Aranda pour son film particulier Carmen, en 2002 ; \u00c1lvaro Begines a tourn\u00e9 son court-m\u00e9trage Enga\u00f1os dans notre ville et le reality show belge De Andalusische Droom en 2009, entre autres.<\/span><\/p>\n<p><span style=\"font-weight: 400;\">La Colegiata et ses environs, la spectaculaire rue San Pedro ou l\u2019environnement naturel de El Coto Las Canteras ont apport\u00e9 leur beaut\u00e9 \u00e0 ces tournages. Parmi toutes les productions, il faut notamment souligner le tournage de la s\u00e9rie Game of Thrones (2014) dans la Plaza de Toros, une superproduction nord-am\u00e9ricaine avec des millions de fans dans tout le monde qui a donn\u00e9 \u00e0 Osuna une r\u00e9percussion internationale. En plus, la s\u00e9rie de fiction A\u00f1o 400, produite enti\u00e8rement en Andalousie, a \u00e9t\u00e9 tourn\u00e9 dans El Coto de las Canteras. Cette s\u00e9rie \u00e9tait situ\u00e9e dans les derni\u00e8res ann\u00e9es de l\u2019Empire Romain et notre ville \u00e9tait l\u2019\u00e9picentre de la com\u00e9die. <\/span><\/p>\n<p><span style=\"font-weight: 400;\">Dans la Plaza de Toros, en plus des tournages de s\u00e9ries et court-m\u00e9trages, on a men\u00e9 \u00e0 bien des importants reportages publicitaires, comme par exemple, ceux du cr\u00e9ateur de mode de Malaga Moncho Heredia ; le reportage de mode flamenca de la firme Guadalupe Moda Flamenca de Malaga ou, \u00e0 niveau international, le reportage photographique du prestigieux magazine am\u00e9ricain Sports Illustrated, tir\u00e9e \u00e0 35 millions exemplaires annuels, avec Irina Shayk comme mod\u00e8le dans notre ar\u00e8ne. R\u00e9cemment, l\u2019\u00e9cole ON Dance Studios a r\u00e9alis\u00e9 dans la Plaza de Toros le projet \u00ab #SevillaBaila \u00bb, avec l\u2019objectif d\u2019unifier la danse, la culture et las villes d\u2019Osuna y Sevilla. Cette activit\u00e9 a \u00e9t\u00e9 dirig\u00e9 par le chor\u00e9graphe Gsus Vill\u00e1u, connu pour son travail comme professeur de Funky dans l\u2019\u00e9mission de t\u00e9l\u00e9vision \u00ab Fama \u00a1A Bailar! \u00bb et a re\u00e7u l\u2019appui de la Mairie d\u2019Osuna et la Sevilla Film Office.<\/span><\/p>\n\t<\/div>\n<\/div>\n\n\n\n<div class=\"divider-wrap\" data-alignment=\"default\"><div style=\"height: 20px;\" class=\"divider\"><\/div><\/div>\n<div class=\"wpb_text_column wpb_content_element\" >\n\t<div class=\"wpb_wrapper\">\n\t\t<h3><strong>Osuna Destination Cinema<\/strong><\/h3>\n\t<\/div>\n<\/div>\n\n\n\n<div class=\"img-with-aniamtion-wrap  custom-size custom-width-300px\" data-max-width=\"custom\" data-max-width-mobile=\"default\" data-shadow=\"none\" data-animation=\"fade-in\" >\n      <div class=\"inner\">\n        <div class=\"hover-wrap\"> \n          <div class=\"hover-wrap-inner\">\n            <a href=\"https:\/\/andaluciadestinodecine.com\/wp-content\/uploads\/2022\/07\/Mapa_Osuna_ADdC.pdf\" target=\"_blank\" class=\"\">\n              <img decoding=\"async\" class=\"img-with-animation skip-lazy\" data-delay=\"0\" height=\"543\" width=\"768\" data-animation=\"fade-in\" src=\"https:\/\/turismodeosuna.es\/wp-content\/uploads\/2022\/08\/osunadecine-768x543.jpg\" alt=\"\" srcset=\"https:\/\/turismodeosuna.es\/wp-content\/uploads\/2022\/08\/osunadecine-768x543.jpg 768w, https:\/\/turismodeosuna.es\/wp-content\/uploads\/2022\/08\/osunadecine-300x212.jpg 300w, https:\/\/turismodeosuna.es\/wp-content\/uploads\/2022\/08\/osunadecine-1024x724.jpg 1024w, https:\/\/turismodeosuna.es\/wp-content\/uploads\/2022\/08\/osunadecine-1536x1086.jpg 1536w, https:\/\/turismodeosuna.es\/wp-content\/uploads\/2022\/08\/osunadecine.jpg 1920w\" sizes=\"(max-width: 768px) 100vw, 768px\" \/>\n            <\/a>\n          <\/div>\n        <\/div>\n      <\/div>\n      <\/div>\n\t\t\t<\/div> \n\t\t<\/div>\n\t<\/div> \n<\/div><\/div>\n\t\t<div id=\"fws_69d918366c4da\"  data-column-margin=\"default\" data-midnight=\"dark\"  class=\"wpb_row vc_row-fluid vc_row\"  style=\"padding-top: 0px; padding-bottom: 0px; \"><div class=\"row-bg-wrap\" data-bg-animation=\"none\" data-bg-overlay=\"false\"><div class=\"inner-wrap\"><div class=\"row-bg viewport-desktop\"  style=\"\"><\/div><\/div><\/div><div class=\"row_col_wrap_12 col span_12 dark left\">\n\t<div  class=\"vc_col-sm-12 wpb_column column_container vc_column_container col no-extra-padding inherit_tablet inherit_phone\"  data-padding-pos=\"all\" data-has-bg-color=\"false\" data-bg-color=\"\" data-bg-opacity=\"1\" data-animation=\"\" data-delay=\"0\" >\n\t\t<div class=\"vc_column-inner\" >\n\t\t\t<div class=\"wpb_wrapper\">\n\t\t\t\t<div class=\"nectar-video-box\" data-color=\"default-accent-color\"  data-play-button-size=\"default\" data-border-radius=\"none\" data-hover=\"defaut\" data-shadow=\"none\"><div class=\"inner-wrap\"><a href=\"https:\/\/www.youtube.com\/watch?v=E0SQskl8DVo\" class=\"full-link pp\"><\/a><img decoding=\"async\" width=\"610\" height=\"478\" data-src=\"https:\/\/turismodeosuna.es\/wp-content\/uploads\/2023\/07\/Juego-de-Tronos.jpg\" class=\"attachment-full size-full lazyload\" alt=\"\" data-srcset=\"https:\/\/turismodeosuna.es\/wp-content\/uploads\/2023\/07\/Juego-de-Tronos.jpg 610w, https:\/\/turismodeosuna.es\/wp-content\/uploads\/2023\/07\/Juego-de-Tronos-300x235.jpg 300w\" data-sizes=\"(max-width: 610px) 100vw, 610px\" src=\"data:image\/gif;base64,R0lGODlhAQABAAAAACH5BAEKAAEALAAAAAABAAEAAAICTAEAOw==\" style=\"--smush-placeholder-width: 610px; --smush-placeholder-aspect-ratio: 610\/478;\" \/><a href=\"https:\/\/www.youtube.com\/watch?v=E0SQskl8DVo\"  data-style=\"default\" data-parent-hover=\"\" data-font-style=\"p\" data-color=\"default\" class=\"play_button_2 large nectar_video_lightbox pp\"><span><span class=\"screen-reader-text\">Play Video<\/span><span class=\"play\"><span class=\"inner-wrap inner\"><svg version=\"1.1\"\n\t xmlns=\"http:\/\/www.w3.org\/2000\/svg\" xmlns:xlink=\"http:\/\/www.w3.org\/1999\/xlink\" width=\"600px\" height=\"800px\" x=\"0px\" y=\"0px\" viewbox=\"0 0 600 800\" enable-background=\"new 0 0 600 800\" xml:space=\"preserve\"><path fill=\"none\" d=\"M0-1.79v800L600,395L0-1.79z\"><\/path> <\/svg><\/span><\/span><\/span><\/a><\/div><\/div>\n\t\t\t<\/div> \n\t\t<\/div>\n\t<\/div> \n<\/div><\/div>","protected":false},"excerpt":{"rendered":"Osuna et le cin\u00e9ma: sc\u00e9nario de Cin\u00e9ma et Publicit\u00e9 Gr\u00e2ce \u00e0 son \u00e9l\u00e9gance, la beaut\u00e9 de ses monuments et son patrimoine artistique et naturel, Osuna est devenue un lieu de...","protected":false},"author":2,"featured_media":0,"parent":0,"menu_order":0,"comment_status":"closed","ping_status":"closed","template":"","meta":{"inline_featured_image":false,"footnotes":""},"class_list":["post-4284","page","type-page","status-publish"],"yoast_head":"<!-- This site is optimized with the Yoast SEO plugin v25.3 - https:\/\/yoast.com\/wordpress\/plugins\/seo\/ -->\n<title>Osuna et le cin\u00e9ma - Turismo Osuna<\/title>\n<meta name=\"robots\" content=\"index, follow, max-snippet:-1, max-image-preview:large, max-video-preview:-1\" \/>\n<link rel=\"canonical\" href=\"https:\/\/turismodeosuna.es\/en\/osuna-et-le-cinema\/\" \/>\n<meta property=\"og:locale\" content=\"en_GB\" \/>\n<meta property=\"og:type\" content=\"article\" \/>\n<meta property=\"og:title\" content=\"Osuna et le cin\u00e9ma - Turismo Osuna\" \/>\n<meta property=\"og:url\" content=\"https:\/\/turismodeosuna.es\/en\/osuna-et-le-cinema\/\" \/>\n<meta property=\"og:site_name\" content=\"Turismo Osuna\" \/>\n<meta property=\"article:modified_time\" content=\"2023-07-27T10:09:34+00:00\" \/>\n<meta name=\"twitter:card\" content=\"summary_large_image\" \/>\n<meta name=\"twitter:label1\" content=\"Estimated reading time\" \/>\n\t<meta name=\"twitter:data1\" content=\"3 minutes\" \/>\n<script type=\"application\/ld+json\" class=\"yoast-schema-graph\">{\"@context\":\"https:\/\/schema.org\",\"@graph\":[{\"@type\":\"WebPage\",\"@id\":\"https:\/\/turismodeosuna.es\/osuna-et-le-cinema\/\",\"url\":\"https:\/\/turismodeosuna.es\/osuna-et-le-cinema\/\",\"name\":\"Osuna et le cin\u00e9ma - Turismo Osuna\",\"isPartOf\":{\"@id\":\"https:\/\/turismodeosuna.es\/#website\"},\"datePublished\":\"2022-06-28T09:37:37+00:00\",\"dateModified\":\"2023-07-27T10:09:34+00:00\",\"breadcrumb\":{\"@id\":\"https:\/\/turismodeosuna.es\/osuna-et-le-cinema\/#breadcrumb\"},\"inLanguage\":\"en-GB\",\"potentialAction\":[{\"@type\":\"ReadAction\",\"target\":[\"https:\/\/turismodeosuna.es\/osuna-et-le-cinema\/\"]}]},{\"@type\":\"BreadcrumbList\",\"@id\":\"https:\/\/turismodeosuna.es\/osuna-et-le-cinema\/#breadcrumb\",\"itemListElement\":[{\"@type\":\"ListItem\",\"position\":1,\"name\":\"Portada\",\"item\":\"https:\/\/turismodeosuna.es\/\"},{\"@type\":\"ListItem\",\"position\":2,\"name\":\"Osuna et le cin\u00e9ma\"}]},{\"@type\":\"WebSite\",\"@id\":\"https:\/\/turismodeosuna.es\/#website\",\"url\":\"https:\/\/turismodeosuna.es\/\",\"name\":\"Turismo Osuna\",\"description\":\"Turismo de Osuna\",\"potentialAction\":[{\"@type\":\"SearchAction\",\"target\":{\"@type\":\"EntryPoint\",\"urlTemplate\":\"https:\/\/turismodeosuna.es\/?s={search_term_string}\"},\"query-input\":{\"@type\":\"PropertyValueSpecification\",\"valueRequired\":true,\"valueName\":\"search_term_string\"}}],\"inLanguage\":\"en-GB\"}]}<\/script>\n<!-- \/ Yoast SEO plugin. -->","yoast_head_json":{"title":"Osuna et le cin\u00e9ma - Turismo Osuna","robots":{"index":"index","follow":"follow","max-snippet":"max-snippet:-1","max-image-preview":"max-image-preview:large","max-video-preview":"max-video-preview:-1"},"canonical":"https:\/\/turismodeosuna.es\/en\/osuna-et-le-cinema\/","og_locale":"en_GB","og_type":"article","og_title":"Osuna et le cin\u00e9ma - Turismo Osuna","og_url":"https:\/\/turismodeosuna.es\/en\/osuna-et-le-cinema\/","og_site_name":"Turismo Osuna","article_modified_time":"2023-07-27T10:09:34+00:00","twitter_card":"summary_large_image","twitter_misc":{"Estimated reading time":"3 minutes"},"schema":{"@context":"https:\/\/schema.org","@graph":[{"@type":"WebPage","@id":"https:\/\/turismodeosuna.es\/osuna-et-le-cinema\/","url":"https:\/\/turismodeosuna.es\/osuna-et-le-cinema\/","name":"Osuna et le cin\u00e9ma - Turismo Osuna","isPartOf":{"@id":"https:\/\/turismodeosuna.es\/#website"},"datePublished":"2022-06-28T09:37:37+00:00","dateModified":"2023-07-27T10:09:34+00:00","breadcrumb":{"@id":"https:\/\/turismodeosuna.es\/osuna-et-le-cinema\/#breadcrumb"},"inLanguage":"en-GB","potentialAction":[{"@type":"ReadAction","target":["https:\/\/turismodeosuna.es\/osuna-et-le-cinema\/"]}]},{"@type":"BreadcrumbList","@id":"https:\/\/turismodeosuna.es\/osuna-et-le-cinema\/#breadcrumb","itemListElement":[{"@type":"ListItem","position":1,"name":"Portada","item":"https:\/\/turismodeosuna.es\/"},{"@type":"ListItem","position":2,"name":"Osuna et le cin\u00e9ma"}]},{"@type":"WebSite","@id":"https:\/\/turismodeosuna.es\/#website","url":"https:\/\/turismodeosuna.es\/","name":"Turismo Osuna","description":"Turismo de Osuna","potentialAction":[{"@type":"SearchAction","target":{"@type":"EntryPoint","urlTemplate":"https:\/\/turismodeosuna.es\/?s={search_term_string}"},"query-input":{"@type":"PropertyValueSpecification","valueRequired":true,"valueName":"search_term_string"}}],"inLanguage":"en-GB"}]}},"_links":{"self":[{"href":"https:\/\/turismodeosuna.es\/en\/wp-json\/wp\/v2\/pages\/4284","targetHints":{"allow":["GET"]}}],"collection":[{"href":"https:\/\/turismodeosuna.es\/en\/wp-json\/wp\/v2\/pages"}],"about":[{"href":"https:\/\/turismodeosuna.es\/en\/wp-json\/wp\/v2\/types\/page"}],"author":[{"embeddable":true,"href":"https:\/\/turismodeosuna.es\/en\/wp-json\/wp\/v2\/users\/2"}],"replies":[{"embeddable":true,"href":"https:\/\/turismodeosuna.es\/en\/wp-json\/wp\/v2\/comments?post=4284"}],"version-history":[{"count":4,"href":"https:\/\/turismodeosuna.es\/en\/wp-json\/wp\/v2\/pages\/4284\/revisions"}],"predecessor-version":[{"id":6705,"href":"https:\/\/turismodeosuna.es\/en\/wp-json\/wp\/v2\/pages\/4284\/revisions\/6705"}],"wp:attachment":[{"href":"https:\/\/turismodeosuna.es\/en\/wp-json\/wp\/v2\/media?parent=4284"}],"curies":[{"name":"wp","href":"https:\/\/api.w.org\/{rel}","templated":true}]}}