{"id":4315,"date":"2022-07-28T10:54:30","date_gmt":"2022-07-28T08:54:30","guid":{"rendered":"http:\/\/turismodeosuna.es\/area-endorreica\/"},"modified":"2023-03-16T19:52:02","modified_gmt":"2023-03-16T18:52:02","slug":"area-endorreica","status":"publish","type":"page","link":"https:\/\/turismodeosuna.es\/en\/area-endorreica\/","title":{"rendered":"Endorreic Area"},"content":{"rendered":"<div id=\"fws_69d9183b74993\"  data-column-margin=\"default\" data-midnight=\"dark\"  class=\"wpb_row vc_row-fluid vc_row full-width-content vc_row-o-equal-height vc_row-flex vc_row-o-content-top\"  style=\"padding-top: 0px; padding-bottom: 0px; \"><div class=\"row-bg-wrap\" data-bg-animation=\"none\" data-bg-overlay=\"false\"><div class=\"inner-wrap\"><div class=\"row-bg viewport-desktop\"  style=\"\"><\/div><\/div><\/div><div class=\"row_col_wrap_12 col span_12 dark left\">\n\t<div  class=\"vc_col-sm-12 wpb_column column_container vc_column_container col no-extra-padding inherit_tablet inherit_phone\"  data-padding-pos=\"all\" data-has-bg-color=\"false\" data-bg-color=\"\" data-bg-opacity=\"1\" data-animation=\"\" data-delay=\"0\" >\n\t\t<div class=\"vc_column-inner\" >\n\t\t\t<div class=\"wpb_wrapper\">\n\t\t\t\t<div class=\"img-with-aniamtion-wrap center\" data-max-width=\"100%\" data-max-width-mobile=\"default\" data-shadow=\"none\" data-animation=\"fade-in\" >\n      <div class=\"inner\">\n        <div class=\"hover-wrap\"> \n          <div class=\"hover-wrap-inner\">\n            <img decoding=\"async\" class=\"img-with-animation skip-lazy\" data-delay=\"0\" height=\"400\" width=\"1920\" data-animation=\"fade-in\" src=\"https:\/\/turismodeosuna.es\/wp-content\/uploads\/2022\/08\/laguneira.jpg\" alt=\"\" srcset=\"https:\/\/turismodeosuna.es\/wp-content\/uploads\/2022\/08\/laguneira.jpg 1920w, https:\/\/turismodeosuna.es\/wp-content\/uploads\/2022\/08\/laguneira-300x63.jpg 300w, https:\/\/turismodeosuna.es\/wp-content\/uploads\/2022\/08\/laguneira-1024x213.jpg 1024w, https:\/\/turismodeosuna.es\/wp-content\/uploads\/2022\/08\/laguneira-768x160.jpg 768w, https:\/\/turismodeosuna.es\/wp-content\/uploads\/2022\/08\/laguneira-1536x320.jpg 1536w\" sizes=\"(max-width: 1920px) 100vw, 1920px\" \/>\n          <\/div>\n        <\/div>\n      <\/div>\n    <\/div><div class=\"img-with-aniamtion-wrap center\" data-max-width=\"100%\" data-max-width-mobile=\"default\" data-shadow=\"none\" data-animation=\"fade-in\" >\n      <div class=\"inner\">\n        <div class=\"hover-wrap\"> \n          <div class=\"hover-wrap-inner\">\n            <img decoding=\"async\" class=\"img-with-animation skip-lazy\" data-delay=\"0\" height=\"215\" width=\"1920\" data-animation=\"fade-in\" src=\"https:\/\/turismodeosuna.es\/wp-content\/uploads\/2022\/06\/sombrabanner-turismodeosuna.png\" alt=\"sombra\" srcset=\"https:\/\/turismodeosuna.es\/wp-content\/uploads\/2022\/06\/sombrabanner-turismodeosuna.png 1920w, https:\/\/turismodeosuna.es\/wp-content\/uploads\/2022\/06\/sombrabanner-turismodeosuna-300x34.png 300w, https:\/\/turismodeosuna.es\/wp-content\/uploads\/2022\/06\/sombrabanner-turismodeosuna-1024x115.png 1024w, https:\/\/turismodeosuna.es\/wp-content\/uploads\/2022\/06\/sombrabanner-turismodeosuna-768x86.png 768w, https:\/\/turismodeosuna.es\/wp-content\/uploads\/2022\/06\/sombrabanner-turismodeosuna-1536x172.png 1536w\" sizes=\"(max-width: 1920px) 100vw, 1920px\" \/>\n          <\/div>\n        <\/div>\n      <\/div>\n    <\/div>\n\t\t\t<\/div> \n\t\t<\/div>\n\t<\/div> \n<\/div><\/div>\n\t\t<div id=\"fws_69d9183b7518b\"  data-column-margin=\"default\" data-midnight=\"dark\"  class=\"wpb_row vc_row-fluid vc_row vc_row-o-equal-height vc_row-flex vc_row-o-content-middle  top_margin_-4pct top_margin_tablet_5pct top_margin_phone_5pct bottom_margin_tablet_0px\"  style=\"padding-top: 0px; padding-bottom: 0px; \"><div class=\"row-bg-wrap\" data-bg-animation=\"none\" data-bg-overlay=\"false\"><div class=\"inner-wrap\"><div class=\"row-bg viewport-desktop\"  style=\"\"><\/div><\/div><\/div><div class=\"row_col_wrap_12 col span_12 dark left\">\n\t<div  class=\"vc_col-sm-12 wpb_column column_container vc_column_container col no-extra-padding inherit_tablet inherit_phone\"  data-padding-pos=\"all\" data-has-bg-color=\"false\" data-bg-color=\"\" data-bg-opacity=\"1\" data-animation=\"\" data-delay=\"0\" >\n\t\t<div class=\"vc_column-inner\" >\n\t\t\t<div class=\"wpb_wrapper\">\n\t\t\t\t\n<div class=\"wpb_text_column wpb_content_element\" >\n\t<div class=\"wpb_wrapper\">\n\t\t<h1>Endor\u00e9ique zone: <span style=\"font-weight: 100;\">Lagunes Osuna<\/span><\/h1>\n\t<\/div>\n<\/div>\n\n\n\n\n\t\t\t<\/div> \n\t\t<\/div>\n\t<\/div> \n<\/div><\/div>\n\t\t<div id=\"fws_69d9183b75343\"  data-column-margin=\"default\" data-midnight=\"dark\"  class=\"wpb_row vc_row-fluid vc_row vc_row-o-equal-height vc_row-flex vc_row-o-content-middle  bottom_margin_6pct top_margin_tablet_5pct top_margin_phone_5pct bottom_margin_tablet_0px\"  style=\"padding-top: 0px; padding-bottom: 0px; \"><div class=\"row-bg-wrap\" data-bg-animation=\"none\" data-bg-overlay=\"false\"><div class=\"inner-wrap\"><div class=\"row-bg viewport-desktop\"  style=\"\"><\/div><\/div><\/div><div class=\"row_col_wrap_12 col span_12 dark left\">\n\t<div  class=\"vc_col-sm-12 wpb_column column_container vc_column_container col no-extra-padding inherit_tablet inherit_phone\"  data-padding-pos=\"all\" data-has-bg-color=\"false\" data-bg-color=\"\" data-bg-opacity=\"1\" data-animation=\"\" data-delay=\"0\" >\n\t\t<div class=\"vc_column-inner\" >\n\t\t\t<div class=\"wpb_wrapper\">\n\t\t\t\t\n<div class=\"wpb_text_column wpb_content_element\" >\n\t<div class=\"wpb_wrapper\">\n\t\t<p><em>Las Turquillas<\/em> est situ\u00e9 au sud-est de la municipalit\u00e9 d&#8217;Osuna, au c\u0153ur de l&#8217;Andalousie et nous pouvons y appr\u00e9cier l&#8217;une des plus grandes valeurs naturelles de la r\u00e9gion, le complexe endorh\u00e9ique Osuna-Lantejuela, qui a \u00e9t\u00e9 d\u00e9clar\u00e9 r\u00e9serve naturelle en vertu de la loi. 2\/1989, du 18 juillet, inventaire des espaces naturels prot\u00e9g\u00e9s d&#8217;Andalousie. Le plan de gestion des ressources naturelles de cette r\u00e9serve, qui comprend \u00e9galement d&#8217;autres r\u00e9serves naturelles de la province, a \u00e9t\u00e9 approuv\u00e9 par le d\u00e9cret 419\/2000 du 7 novembre (BOJA n \u00b0 9 du 23\/01\/2001). Ce complexe fait partie des Lieux d\u2019importance communautaire (PFR) propos\u00e9s par la Communaut\u00e9 autonome d\u2019Andalousie.<\/p>\n<p>Dans ce p\u00e2turage, d&#8217;une grande valeur \u00e9cologique, nous pouvons trouver une grande biodiversit\u00e9 qui sera s\u00fbrement de la satisfaction pour tous les amoureux de la nature et, plus pr\u00e9cis\u00e9ment, pour tous les amateurs d&#8217;ornithologie. En elle, deux \u00e9cosyst\u00e8mes diff\u00e9rents se rejoignent, les p\u00e2turages et les zones humides, une union particuli\u00e8re qui nous am\u00e8ne \u00e0 trouver une grande vari\u00e9t\u00e9 d&#8217;oiseaux et une beaut\u00e9 du paysage incalculable.<\/p>\n<p>Dans ses limites, nous pouvons trouver des lagunes connues sous le nom de Calder\u00f3n Grande, La Huerta, La Hoya de la Turquilla et Calder\u00f3n Chica y la Ballestera.<\/p>\n<ul>\n<li style=\"font-weight: 400;\" aria-level=\"1\"><span style=\"font-weight: 400;\">La Lagune de Calder\u00f3n Chica<\/span><\/li>\n<\/ul>\n<p>La haute salinit\u00e9 qui caract\u00e9rise ses eaux constitue l&#8217;une des valeurs les plus frappantes du complexe endor\u00e9ique car elle provoque la colonisation d&#8217;esp\u00e8ces tr\u00e8s sp\u00e9cialis\u00e9es, avec une distribution tr\u00e8s restreinte, comme le macrophyte aquatique Althenia Orientalis. Un lagon \u00e0 v\u00e9g\u00e9tation clairsem\u00e9e, compos\u00e9 de quelques pieds de tare isol\u00e9s ainsi que de quelques sp\u00e9cimens de roseaux, de salicornes et d&#8217;autres esp\u00e8ces adapt\u00e9es aux conditions de forte salinit\u00e9<\/p>\n<ul>\n<li style=\"font-weight: 400;\" aria-level=\"1\"><span style=\"font-weight: 400;\">La Lagune de la Ballestera<\/span><\/li>\n<\/ul>\n<p>Il y a aussi une v\u00e9g\u00e9tation p\u00e9rilagunaire tr\u00e8s d\u00e9grad\u00e9e, conservant des zones de roseli\u00e8res et des semelles isol\u00e9es de taraje. Malgr\u00e9 cela, cette lagune est d&#8217;une importance exceptionnelle en raison de la pr\u00e9sence de deux esp\u00e8ces de plantes aquatiques, du genre Althenia, de distribution tr\u00e8s limit\u00e9e en Andalousie. En outre, il est caract\u00e9ris\u00e9 pour \u00eatre l&#8217;une des zones prot\u00e9g\u00e9es les plus riches en \u00e9cologie et pour ses eaux peu profondes.<\/p>\n<ul>\n<li>La lagune Calder\u00f3n Grande<\/li>\n<\/ul>\n<p>La lagune Calder\u00f3n est la plus importante de toutes celles qui existent. Elle se distingue par son extension, 200 hectares, le caract\u00e8re constant d&#8217;eau gr\u00e2ce aux apports du ruisseau Salado, et l&#8217;int\u00e9ressante v\u00e9g\u00e9tation p\u00e9rim\u00e9trique qui abrite la communaut\u00e9 faunistique la plus importante du complexe.<\/p>\n<ul>\n<li>La lagune Turquilla<\/li>\n<\/ul>\n<p>La lagune Turquilla couvre une superficie de 43,4 hectares et se distingue par l&#8217;eau caract\u00e9ristique qui varie selon les saisons, suivant un cycle o\u00f9 elle se remplit d&#8217;eau de rivi\u00e8re. En outre, la couverture de la lagune est form\u00e9e par une v\u00e9g\u00e9tation de roseaux (<em>Phragmites australis<\/em>).<\/p>\n<p>L&#8217;importance de la faune de ce complexe r\u00e9side dans l&#8217;abondance d&#8217;oiseaux aquatiques, car ils sont g\u00e9n\u00e9ralement visit\u00e9s par de nombreux oiseaux aquatiques migrateurs, mettant en \u00e9vidence les canards qui trouvent un site de repos et de reproduction dans cette zone: blancs bleus, canards cuill\u00e8res, canards siffleurs, bocaux blanc, flamants roses et parfois oies.<\/p>\n<p>Ses ch\u00eanes verts centenaires constituent l&#8217;endroit id\u00e9al pour la ponte de grands oiseaux de proie, tels que le Royal Kite, le Bonelli&#8217;s Eagle, le Lagunero, le Buzzard&#8217;s Hawk ou le Ash Hawk. Des oiseaux qui, sans aucun doute, nous offriront de belles photos et nous feront tomber amoureux de leurs vols spectaculaires.<\/p>\n<p>Parmi toutes les actions men\u00e9es, on peut souligner la restauration d&#8217;un pilier important et curieux, la construction de 3 observatoires ornithologiques, l&#8217;installation d&#8217;une aire de pique-nique, le reboisement de plus de 3000 plantes et le recensement et l&#8217;\u00e9tude de ces lagunes.<\/p>\n<p>Notre objectif est de promouvoir et de diffuser la grande richesse ornithologique de la municipalit\u00e9, de fournir un outil informatif au tourisme ornithologique et d&#8217;attirer des personnes de plus en plus int\u00e9ress\u00e9es par la nature.<\/p>\n\t<\/div>\n<\/div>\n\n\n\n\n\t<div class=\"wpb_gallery wpb_content_element clearfix\">\n\t\t<div class=\"wpb_wrapper\"><div class=\"wpb_gallery_slidesflickity_style\" data-onclick=\"link_image\" data-interval=\"5\"><div class=\"nectar-flickity not-initialized\"  data-touch-icon-color=\"default\" data-stagger=\"\" data-drag-scale=\"\" data-overflow=\"hidden\" data-wrap=\"wrap\" data-spacing=\"default\" data-shadow=\"none\" data-autoplay=\"\" data-autoplay-dur=\"\" data-free-scroll=\"\" data-controls=\"pagination\" data-desktop-columns=\"1\" data-small-desktop-columns=\"1\" data-tablet-columns=\"1\" data-phone-columns=\"1\"><div class=\"flickity-viewport\"> <div class=\"flickity-slider\"><div class=\"cell\" data-lazy=\"false\"><img decoding=\"async\" class=\"skip-lazy nectar-lazy\" src=\"https:\/\/turismodeosuna.es\/wp-content\/uploads\/2022\/07\/LAGUNAS_5-600x400.webp\" width=\"600\" height=\"400\" alt=\"LAGUNAS_5\" title=\"LAGUNAS_5\" \/><a class=\"entire-slide-link\"  href=\"https:\/\/turismodeosuna.es\/wp-content\/uploads\/2022\/07\/LAGUNAS_5.webp\"><\/a><\/div><div class=\"cell\" data-lazy=\"false\"><img decoding=\"async\" class=\"skip-lazy nectar-lazy\" src=\"https:\/\/turismodeosuna.es\/wp-content\/uploads\/2022\/07\/LAGUNAS_3-600x400.webp\" width=\"600\" height=\"400\" alt=\"LAGUNAS_3\" title=\"LAGUNAS_3\" \/><a class=\"entire-slide-link\"  href=\"https:\/\/turismodeosuna.es\/wp-content\/uploads\/2022\/07\/LAGUNAS_3.webp\"><\/a><\/div><div class=\"cell\" data-lazy=\"false\"><img decoding=\"async\" class=\"skip-lazy nectar-lazy\" src=\"https:\/\/turismodeosuna.es\/wp-content\/uploads\/2022\/07\/LAGUNAS_1-600x400.webp\" width=\"600\" height=\"400\" alt=\"LAGUNAS_1\" title=\"LAGUNAS_1\" \/><a class=\"entire-slide-link\"  href=\"https:\/\/turismodeosuna.es\/wp-content\/uploads\/2022\/07\/LAGUNAS_1.webp\"><\/a><\/div><div class=\"cell\" data-lazy=\"false\"><img decoding=\"async\" class=\"skip-lazy nectar-lazy\" src=\"https:\/\/turismodeosuna.es\/wp-content\/uploads\/2022\/07\/Lagunas_de_Osuna-600x400.webp\" width=\"600\" height=\"400\" alt=\"Lagunas_de_Osuna\" title=\"Lagunas_de_Osuna\" \/><a class=\"entire-slide-link\"  href=\"https:\/\/turismodeosuna.es\/wp-content\/uploads\/2022\/07\/Lagunas_de_Osuna.webp\"><\/a><\/div><div class=\"cell\" data-lazy=\"false\"><img decoding=\"async\" class=\"skip-lazy nectar-lazy\" src=\"https:\/\/turismodeosuna.es\/wp-content\/uploads\/2022\/07\/LAGUNAS-2-600x400.webp\" width=\"600\" height=\"400\" alt=\"LAGUNAS\" title=\"LAGUNAS\" \/><a class=\"entire-slide-link\"  href=\"https:\/\/turismodeosuna.es\/wp-content\/uploads\/2022\/07\/LAGUNAS-2.webp\"><\/a><\/div><\/div><\/div><\/div><\/div>\n\t\t<\/div> \n\t<\/div> \n\t\t\t<\/div> \n\t\t<\/div>\n\t<\/div> \n<\/div><\/div>","protected":false},"excerpt":{"rendered":"Endor\u00e9ique zone: Lagunes Osuna Las Turquillas est situ\u00e9 au sud-est de la municipalit\u00e9 d'Osuna, au c\u0153ur de l'Andalousie et nous pouvons y appr\u00e9cier l'une des plus grandes valeurs naturelles de...","protected":false},"author":3,"featured_media":0,"parent":0,"menu_order":0,"comment_status":"closed","ping_status":"closed","template":"","meta":{"inline_featured_image":false,"footnotes":""},"class_list":["post-4315","page","type-page","status-publish"],"yoast_head":"<!-- This site is optimized with the Yoast SEO plugin v25.3 - https:\/\/yoast.com\/wordpress\/plugins\/seo\/ -->\n<title>Endorreic Area - Turismo Osuna<\/title>\n<meta name=\"robots\" content=\"index, follow, max-snippet:-1, max-image-preview:large, max-video-preview:-1\" \/>\n<link rel=\"canonical\" href=\"https:\/\/turismodeosuna.es\/en\/area-endorreica\/\" \/>\n<meta property=\"og:locale\" content=\"en_GB\" \/>\n<meta property=\"og:type\" content=\"article\" \/>\n<meta property=\"og:title\" content=\"Endorreic Area - Turismo Osuna\" \/>\n<meta property=\"og:url\" content=\"https:\/\/turismodeosuna.es\/en\/area-endorreica\/\" \/>\n<meta property=\"og:site_name\" content=\"Turismo Osuna\" \/>\n<meta property=\"article:modified_time\" content=\"2023-03-16T18:52:02+00:00\" \/>\n<meta name=\"twitter:card\" content=\"summary_large_image\" \/>\n<meta name=\"twitter:label1\" content=\"Estimated reading time\" \/>\n\t<meta name=\"twitter:data1\" content=\"4 minutes\" \/>\n<script type=\"application\/ld+json\" class=\"yoast-schema-graph\">{\"@context\":\"https:\/\/schema.org\",\"@graph\":[{\"@type\":\"WebPage\",\"@id\":\"https:\/\/turismodeosuna.es\/area-endorreica\/\",\"url\":\"https:\/\/turismodeosuna.es\/area-endorreica\/\",\"name\":\"Endorreic Area - Turismo Osuna\",\"isPartOf\":{\"@id\":\"https:\/\/turismodeosuna.es\/#website\"},\"datePublished\":\"2022-07-28T08:54:30+00:00\",\"dateModified\":\"2023-03-16T18:52:02+00:00\",\"breadcrumb\":{\"@id\":\"https:\/\/turismodeosuna.es\/area-endorreica\/#breadcrumb\"},\"inLanguage\":\"en-GB\",\"potentialAction\":[{\"@type\":\"ReadAction\",\"target\":[\"https:\/\/turismodeosuna.es\/area-endorreica\/\"]}]},{\"@type\":\"BreadcrumbList\",\"@id\":\"https:\/\/turismodeosuna.es\/area-endorreica\/#breadcrumb\",\"itemListElement\":[{\"@type\":\"ListItem\",\"position\":1,\"name\":\"Portada\",\"item\":\"https:\/\/turismodeosuna.es\/\"},{\"@type\":\"ListItem\",\"position\":2,\"name\":\"Endorreic Area\"}]},{\"@type\":\"WebSite\",\"@id\":\"https:\/\/turismodeosuna.es\/#website\",\"url\":\"https:\/\/turismodeosuna.es\/\",\"name\":\"Turismo Osuna\",\"description\":\"Turismo de Osuna\",\"potentialAction\":[{\"@type\":\"SearchAction\",\"target\":{\"@type\":\"EntryPoint\",\"urlTemplate\":\"https:\/\/turismodeosuna.es\/?s={search_term_string}\"},\"query-input\":{\"@type\":\"PropertyValueSpecification\",\"valueRequired\":true,\"valueName\":\"search_term_string\"}}],\"inLanguage\":\"en-GB\"}]}<\/script>\n<!-- \/ Yoast SEO plugin. -->","yoast_head_json":{"title":"Endorreic Area - Turismo Osuna","robots":{"index":"index","follow":"follow","max-snippet":"max-snippet:-1","max-image-preview":"max-image-preview:large","max-video-preview":"max-video-preview:-1"},"canonical":"https:\/\/turismodeosuna.es\/en\/area-endorreica\/","og_locale":"en_GB","og_type":"article","og_title":"Endorreic Area - Turismo Osuna","og_url":"https:\/\/turismodeosuna.es\/en\/area-endorreica\/","og_site_name":"Turismo Osuna","article_modified_time":"2023-03-16T18:52:02+00:00","twitter_card":"summary_large_image","twitter_misc":{"Estimated reading time":"4 minutes"},"schema":{"@context":"https:\/\/schema.org","@graph":[{"@type":"WebPage","@id":"https:\/\/turismodeosuna.es\/area-endorreica\/","url":"https:\/\/turismodeosuna.es\/area-endorreica\/","name":"Endorreic Area - Turismo Osuna","isPartOf":{"@id":"https:\/\/turismodeosuna.es\/#website"},"datePublished":"2022-07-28T08:54:30+00:00","dateModified":"2023-03-16T18:52:02+00:00","breadcrumb":{"@id":"https:\/\/turismodeosuna.es\/area-endorreica\/#breadcrumb"},"inLanguage":"en-GB","potentialAction":[{"@type":"ReadAction","target":["https:\/\/turismodeosuna.es\/area-endorreica\/"]}]},{"@type":"BreadcrumbList","@id":"https:\/\/turismodeosuna.es\/area-endorreica\/#breadcrumb","itemListElement":[{"@type":"ListItem","position":1,"name":"Portada","item":"https:\/\/turismodeosuna.es\/"},{"@type":"ListItem","position":2,"name":"Endorreic Area"}]},{"@type":"WebSite","@id":"https:\/\/turismodeosuna.es\/#website","url":"https:\/\/turismodeosuna.es\/","name":"Turismo Osuna","description":"Turismo de Osuna","potentialAction":[{"@type":"SearchAction","target":{"@type":"EntryPoint","urlTemplate":"https:\/\/turismodeosuna.es\/?s={search_term_string}"},"query-input":{"@type":"PropertyValueSpecification","valueRequired":true,"valueName":"search_term_string"}}],"inLanguage":"en-GB"}]}},"_links":{"self":[{"href":"https:\/\/turismodeosuna.es\/en\/wp-json\/wp\/v2\/pages\/4315","targetHints":{"allow":["GET"]}}],"collection":[{"href":"https:\/\/turismodeosuna.es\/en\/wp-json\/wp\/v2\/pages"}],"about":[{"href":"https:\/\/turismodeosuna.es\/en\/wp-json\/wp\/v2\/types\/page"}],"author":[{"embeddable":true,"href":"https:\/\/turismodeosuna.es\/en\/wp-json\/wp\/v2\/users\/3"}],"replies":[{"embeddable":true,"href":"https:\/\/turismodeosuna.es\/en\/wp-json\/wp\/v2\/comments?post=4315"}],"version-history":[{"count":3,"href":"https:\/\/turismodeosuna.es\/en\/wp-json\/wp\/v2\/pages\/4315\/revisions"}],"predecessor-version":[{"id":5399,"href":"https:\/\/turismodeosuna.es\/en\/wp-json\/wp\/v2\/pages\/4315\/revisions\/5399"}],"wp:attachment":[{"href":"https:\/\/turismodeosuna.es\/en\/wp-json\/wp\/v2\/media?parent=4315"}],"curies":[{"name":"wp","href":"https:\/\/api.w.org\/{rel}","templated":true}]}}