{"id":4318,"date":"2022-07-19T10:22:20","date_gmt":"2022-07-19T08:22:20","guid":{"rendered":"http:\/\/turismodeosuna.es\/forum-of-the-genetiva-iulia-colony\/"},"modified":"2023-03-22T12:11:07","modified_gmt":"2023-03-22T11:11:07","slug":"forum-de-la-colonie-genetiva-iulia","status":"publish","type":"page","link":"https:\/\/turismodeosuna.es\/en\/forum-de-la-colonie-genetiva-iulia\/","title":{"rendered":"Forum de la Colonie Genetiva Iulia"},"content":{"rendered":"<div id=\"fws_69d918332c0f5\"  data-column-margin=\"default\" data-midnight=\"dark\"  class=\"wpb_row vc_row-fluid vc_row full-width-content vc_row-o-equal-height vc_row-flex vc_row-o-content-top\"  style=\"padding-top: 0px; padding-bottom: 0px; \"><div class=\"row-bg-wrap\" data-bg-animation=\"none\" data-bg-overlay=\"false\"><div class=\"inner-wrap\"><div class=\"row-bg viewport-desktop\"  style=\"\"><\/div><\/div><\/div><div class=\"row_col_wrap_12 col span_12 dark left\">\n\t<div  class=\"vc_col-sm-12 wpb_column column_container vc_column_container col no-extra-padding inherit_tablet inherit_phone\"  data-padding-pos=\"all\" data-has-bg-color=\"false\" data-bg-color=\"\" data-bg-opacity=\"1\" data-animation=\"\" data-delay=\"0\" >\n\t\t<div class=\"vc_column-inner\" >\n\t\t\t<div class=\"wpb_wrapper\">\n\t\t\t\t<div class=\"img-with-aniamtion-wrap center\" data-max-width=\"100%\" data-max-width-mobile=\"default\" data-shadow=\"none\" data-animation=\"fade-in\" >\n      <div class=\"inner\">\n        <div class=\"hover-wrap\"> \n          <div class=\"hover-wrap-inner\">\n            <img decoding=\"async\" class=\"img-with-animation skip-lazy\" data-delay=\"0\" height=\"1707\" width=\"2560\" data-animation=\"fade-in\" src=\"https:\/\/turismodeosuna.es\/wp-content\/uploads\/2023\/03\/DSC_8783-scaled.jpg\" alt=\"\" srcset=\"https:\/\/turismodeosuna.es\/wp-content\/uploads\/2023\/03\/DSC_8783-scaled.jpg 2560w, https:\/\/turismodeosuna.es\/wp-content\/uploads\/2023\/03\/DSC_8783-300x200.jpg 300w, https:\/\/turismodeosuna.es\/wp-content\/uploads\/2023\/03\/DSC_8783-1024x683.jpg 1024w, https:\/\/turismodeosuna.es\/wp-content\/uploads\/2023\/03\/DSC_8783-768x512.jpg 768w, https:\/\/turismodeosuna.es\/wp-content\/uploads\/2023\/03\/DSC_8783-391x260.jpg 391w, https:\/\/turismodeosuna.es\/wp-content\/uploads\/2023\/03\/DSC_8783-1536x1024.jpg 1536w, https:\/\/turismodeosuna.es\/wp-content\/uploads\/2023\/03\/DSC_8783-2048x1365.jpg 2048w, https:\/\/turismodeosuna.es\/wp-content\/uploads\/2023\/03\/DSC_8783-900x600.jpg 900w\" sizes=\"(max-width: 2560px) 100vw, 2560px\" \/>\n          <\/div>\n        <\/div>\n      <\/div>\n    <\/div><div class=\"img-with-aniamtion-wrap center\" data-max-width=\"100%\" data-max-width-mobile=\"default\" data-shadow=\"none\" data-animation=\"fade-in\" >\n      <div class=\"inner\">\n        <div class=\"hover-wrap\"> \n          <div class=\"hover-wrap-inner\">\n            <img decoding=\"async\" class=\"img-with-animation skip-lazy\" data-delay=\"0\" height=\"215\" width=\"1920\" data-animation=\"fade-in\" src=\"https:\/\/turismodeosuna.es\/wp-content\/uploads\/2022\/06\/sombrabanner-turismodeosuna.png\" alt=\"sombra\" srcset=\"https:\/\/turismodeosuna.es\/wp-content\/uploads\/2022\/06\/sombrabanner-turismodeosuna.png 1920w, https:\/\/turismodeosuna.es\/wp-content\/uploads\/2022\/06\/sombrabanner-turismodeosuna-300x34.png 300w, https:\/\/turismodeosuna.es\/wp-content\/uploads\/2022\/06\/sombrabanner-turismodeosuna-1024x115.png 1024w, https:\/\/turismodeosuna.es\/wp-content\/uploads\/2022\/06\/sombrabanner-turismodeosuna-768x86.png 768w, https:\/\/turismodeosuna.es\/wp-content\/uploads\/2022\/06\/sombrabanner-turismodeosuna-1536x172.png 1536w\" sizes=\"(max-width: 1920px) 100vw, 1920px\" \/>\n          <\/div>\n        <\/div>\n      <\/div>\n    <\/div>\n\t\t\t<\/div> \n\t\t<\/div>\n\t<\/div> \n<\/div><\/div>\n\t\t<div id=\"fws_69d918332ece3\"  data-column-margin=\"default\" data-midnight=\"dark\"  class=\"wpb_row vc_row-fluid vc_row vc_row-o-equal-height vc_row-flex vc_row-o-content-middle  top_margin_-4pct top_margin_tablet_5pct top_margin_phone_5pct bottom_margin_tablet_0px\"  style=\"padding-top: 0px; padding-bottom: 0px; \"><div class=\"row-bg-wrap\" data-bg-animation=\"none\" data-bg-overlay=\"false\"><div class=\"inner-wrap\"><div class=\"row-bg viewport-desktop\"  style=\"\"><\/div><\/div><\/div><div class=\"row_col_wrap_12 col span_12 dark left\">\n\t<div  class=\"vc_col-sm-6 wpb_column column_container vc_column_container col no-extra-padding inherit_tablet inherit_phone\"  data-padding-pos=\"all\" data-has-bg-color=\"false\" data-bg-color=\"\" data-bg-opacity=\"1\" data-animation=\"\" data-delay=\"0\" >\n\t\t<div class=\"vc_column-inner\" >\n\t\t\t<div class=\"wpb_wrapper\">\n\t\t\t\t\n<div class=\"wpb_text_column wpb_content_element\" >\n\t<div class=\"wpb_wrapper\">\n\t\t<h1>Forum de la Colonie Genetiva Iulia<\/h1>\n<p>Bien qu\u2019il n\u2019existe pas d\u2019\u00e9tude qui le confirme, la plupart des sp\u00e9cialistes sont d\u2019accord pour situer le forum de l\u2019ancienne colonie dans l\u2019espace o\u00f9 on a trouv\u00e9 le plus grand nombre des d\u00e9couvertes arch\u00e9ologiques romains, notamment les Bronzes d\u2019Osuna. C\u2019est le lieu o\u00f9 les chemins de Granada, Farfana et San Jos\u00e9 convergent, pas loin du lieu o\u00f9 le th\u00e9\u00e2tre romain a \u00e9t\u00e9 \u00e9rig\u00e9 ainsi que, probablement, les \u00e9tablissements religieux et civils, en suivant le mod\u00e8le urbanistique romain avec des centres-villes pleins de monuments.<\/p>\n<p>On trouve en cet endroit quelques traces qui rappellent la grandeur de la ville. Restes de murs au pied du chemin de la Farfana ou le d\u00e9p\u00f4t d\u2019eau, connu populairement comme \u00ab La Pileta \u00bb, sont r\u00e9v\u00e9l\u00e9s comme t\u00e9moins muets de ce qu\u2019\u00e9tait le grand espace c\u00e9r\u00e9moniel et civique de l\u2019ancienne ville romain.<\/p>\n\t<\/div>\n<\/div>\n\n\n\n\n\t\t\t<\/div> \n\t\t<\/div>\n\t<\/div> \n\n\t<div  class=\"vc_col-sm-6 wpb_column column_container vc_column_container col no-extra-padding inherit_tablet inherit_phone\"  data-padding-pos=\"all\" data-has-bg-color=\"false\" data-bg-color=\"\" data-bg-opacity=\"1\" data-animation=\"\" data-delay=\"0\" >\n\t\t<div class=\"vc_column-inner\" >\n\t\t\t<div class=\"wpb_wrapper\">\n\t\t\t\t<div class=\"nectar_cascading_images\" data-border-radius=\"none\" data-parallax=\"\" data-parallax-intensity=\"subtle\" data-animation-timing=\"175\"><div class=\"cascading-image\" data-has-img=\"true\" style=\" padding:20%;\" data-max-width=\"100%\" data-max-width-mobile=\"100%\" data-animation=\"fade-in\" data-shadow=\"none\"><div class=\"inner-wrap\"><div class=\"bg-layer\" data-scale=\"1\" style=\"transform: scale(1)\"><div style=\" -webkit-transform:translateX(0%) translateY(-35%) rotate(5deg) ; transform:translateX(0%) translateY(-35%) rotate(5deg) ;\" class=\"img-wrap\"> <img decoding=\"async\" src=\"https:\/\/turismodeosuna.es\/wp-content\/uploads\/2022\/07\/RESTOS-DEL-FORO-DE-LA-COLONIA-GENETIVA-IULIA-1.jpg\" srcset=\"https:\/\/turismodeosuna.es\/wp-content\/uploads\/2022\/07\/RESTOS-DEL-FORO-DE-LA-COLONIA-GENETIVA-IULIA-1.jpg 427w, https:\/\/turismodeosuna.es\/wp-content\/uploads\/2022\/07\/RESTOS-DEL-FORO-DE-LA-COLONIA-GENETIVA-IULIA-1-300x226.jpg 300w\" sizes=\"(min-width: 1000px) 55vw, 100vw\" height=\"321\" width=\"427\" class=\"skip-lazy\" alt=\"\" \/> <\/div><\/div><\/div><\/div><div class=\"cascading-image\" data-has-img=\"true\" style=\" padding:20%;\" data-max-width=\"100%\" data-max-width-mobile=\"100%\" data-animation=\"fade-in\" data-shadow=\"none\"><div class=\"inner-wrap\"><div class=\"bg-layer\" data-scale=\"1\" style=\"transform: scale(1)\"><div style=\" -webkit-transform:translateX(0%) translateY(35%) rotate(10deg) ; transform:translateX(0%) translateY(35%) rotate(10deg) ;\" class=\"img-wrap\"> <img decoding=\"async\" src=\"https:\/\/turismodeosuna.es\/wp-content\/uploads\/2022\/07\/RESTOS-DEL-FORO-DE-LA-COLONIA-GENETIVA-IULIA.jpg\" srcset=\"https:\/\/turismodeosuna.es\/wp-content\/uploads\/2022\/07\/RESTOS-DEL-FORO-DE-LA-COLONIA-GENETIVA-IULIA.jpg 427w, https:\/\/turismodeosuna.es\/wp-content\/uploads\/2022\/07\/RESTOS-DEL-FORO-DE-LA-COLONIA-GENETIVA-IULIA-300x226.jpg 300w\" sizes=\"(min-width: 1000px) 55vw, 100vw\" height=\"321\" width=\"427\" class=\"skip-lazy\" alt=\"\" \/> <\/div><\/div><\/div><\/div><\/div>\n\t\t\t<\/div> \n\t\t<\/div>\n\t<\/div> \n<\/div><\/div>\n\t\t<div id=\"fws_69d918332f6e1\"  data-column-margin=\"default\" data-midnight=\"dark\"  class=\"wpb_row vc_row-fluid vc_row full-width-content vc_row-o-equal-height vc_row-flex vc_row-o-content-middle  bottom_margin_6pct top_margin_tablet_5pct top_margin_phone_5pct bottom_margin_tablet_0px\"  style=\"padding-top: 0px; padding-bottom: 0px; \"><div class=\"row-bg-wrap\" data-bg-animation=\"none\" data-bg-overlay=\"false\"><div class=\"inner-wrap\"><div class=\"row-bg viewport-desktop\"  style=\"\"><\/div><\/div><\/div><div class=\"row_col_wrap_12 col span_12 dark left\">\n\t<div  class=\"vc_col-sm-12 wpb_column column_container vc_column_container col centered-text no-extra-padding inherit_tablet inherit_phone\"  data-padding-pos=\"all\" data-has-bg-color=\"false\" data-bg-color=\"\" data-bg-opacity=\"1\" data-animation=\"\" data-delay=\"0\" >\n\t\t<div class=\"vc_column-inner\" >\n\t\t\t<div class=\"wpb_wrapper\">\n\t\t\t\t<div class=\"img-with-aniamtion-wrap\" data-max-width=\"100%\" data-max-width-mobile=\"default\" data-shadow=\"none\" data-animation=\"fade-in\" >\n      <div class=\"inner\">\n        <div class=\"hover-wrap\"> \n          <div class=\"hover-wrap-inner\">\n            <img decoding=\"async\" class=\"img-with-animation skip-lazy\" data-delay=\"0\" height=\"574\" width=\"821\" data-animation=\"fade-in\" src=\"https:\/\/turismodeosuna.es\/wp-content\/uploads\/2022\/07\/PLANO-FORO.jpg\" alt=\"\" srcset=\"https:\/\/turismodeosuna.es\/wp-content\/uploads\/2022\/07\/PLANO-FORO.jpg 821w, https:\/\/turismodeosuna.es\/wp-content\/uploads\/2022\/07\/PLANO-FORO-300x210.jpg 300w, https:\/\/turismodeosuna.es\/wp-content\/uploads\/2022\/07\/PLANO-FORO-768x537.jpg 768w\" sizes=\"(max-width: 821px) 100vw, 821px\" \/>\n          <\/div>\n        <\/div>\n      <\/div>\n    <\/div>\n\t\t\t<\/div> \n\t\t<\/div>\n\t<\/div> \n<\/div><\/div>","protected":false},"excerpt":{"rendered":"Forum de la Colonie Genetiva Iulia Bien qu\u2019il n\u2019existe pas d\u2019\u00e9tude qui le confirme, la plupart des sp\u00e9cialistes sont d\u2019accord pour situer le forum de l\u2019ancienne colonie dans l\u2019espace o\u00f9...","protected":false},"author":1,"featured_media":0,"parent":0,"menu_order":0,"comment_status":"closed","ping_status":"closed","template":"","meta":{"inline_featured_image":false,"footnotes":""},"class_list":["post-4318","page","type-page","status-publish"],"yoast_head":"<!-- This site is optimized with the Yoast SEO plugin v25.3 - https:\/\/yoast.com\/wordpress\/plugins\/seo\/ -->\n<title>Forum de la Colonie Genetiva Iulia - Turismo Osuna<\/title>\n<meta name=\"robots\" content=\"index, follow, max-snippet:-1, max-image-preview:large, max-video-preview:-1\" \/>\n<link rel=\"canonical\" href=\"https:\/\/turismodeosuna.es\/en\/forum-de-la-colonie-genetiva-iulia\/\" \/>\n<meta property=\"og:locale\" content=\"en_GB\" \/>\n<meta property=\"og:type\" content=\"article\" \/>\n<meta property=\"og:title\" content=\"Forum de la Colonie Genetiva Iulia - Turismo Osuna\" \/>\n<meta property=\"og:url\" content=\"https:\/\/turismodeosuna.es\/en\/forum-de-la-colonie-genetiva-iulia\/\" \/>\n<meta property=\"og:site_name\" content=\"Turismo Osuna\" \/>\n<meta property=\"article:modified_time\" content=\"2023-03-22T11:11:07+00:00\" \/>\n<meta name=\"twitter:card\" content=\"summary_large_image\" \/>\n<meta name=\"twitter:label1\" content=\"Estimated reading time\" \/>\n\t<meta name=\"twitter:data1\" content=\"2 minutes\" \/>\n<script type=\"application\/ld+json\" class=\"yoast-schema-graph\">{\"@context\":\"https:\/\/schema.org\",\"@graph\":[{\"@type\":\"WebPage\",\"@id\":\"https:\/\/turismodeosuna.es\/forum-de-la-colonie-genetiva-iulia\/\",\"url\":\"https:\/\/turismodeosuna.es\/forum-de-la-colonie-genetiva-iulia\/\",\"name\":\"Forum de la Colonie Genetiva Iulia - Turismo Osuna\",\"isPartOf\":{\"@id\":\"https:\/\/turismodeosuna.es\/#website\"},\"datePublished\":\"2022-07-19T08:22:20+00:00\",\"dateModified\":\"2023-03-22T11:11:07+00:00\",\"breadcrumb\":{\"@id\":\"https:\/\/turismodeosuna.es\/forum-de-la-colonie-genetiva-iulia\/#breadcrumb\"},\"inLanguage\":\"en-GB\",\"potentialAction\":[{\"@type\":\"ReadAction\",\"target\":[\"https:\/\/turismodeosuna.es\/forum-de-la-colonie-genetiva-iulia\/\"]}]},{\"@type\":\"BreadcrumbList\",\"@id\":\"https:\/\/turismodeosuna.es\/forum-de-la-colonie-genetiva-iulia\/#breadcrumb\",\"itemListElement\":[{\"@type\":\"ListItem\",\"position\":1,\"name\":\"Portada\",\"item\":\"https:\/\/turismodeosuna.es\/\"},{\"@type\":\"ListItem\",\"position\":2,\"name\":\"Forum de la Colonie Genetiva Iulia\"}]},{\"@type\":\"WebSite\",\"@id\":\"https:\/\/turismodeosuna.es\/#website\",\"url\":\"https:\/\/turismodeosuna.es\/\",\"name\":\"Turismo Osuna\",\"description\":\"Turismo de Osuna\",\"potentialAction\":[{\"@type\":\"SearchAction\",\"target\":{\"@type\":\"EntryPoint\",\"urlTemplate\":\"https:\/\/turismodeosuna.es\/?s={search_term_string}\"},\"query-input\":{\"@type\":\"PropertyValueSpecification\",\"valueRequired\":true,\"valueName\":\"search_term_string\"}}],\"inLanguage\":\"en-GB\"}]}<\/script>\n<!-- \/ Yoast SEO plugin. -->","yoast_head_json":{"title":"Forum de la Colonie Genetiva Iulia - Turismo Osuna","robots":{"index":"index","follow":"follow","max-snippet":"max-snippet:-1","max-image-preview":"max-image-preview:large","max-video-preview":"max-video-preview:-1"},"canonical":"https:\/\/turismodeosuna.es\/en\/forum-de-la-colonie-genetiva-iulia\/","og_locale":"en_GB","og_type":"article","og_title":"Forum de la Colonie Genetiva Iulia - Turismo Osuna","og_url":"https:\/\/turismodeosuna.es\/en\/forum-de-la-colonie-genetiva-iulia\/","og_site_name":"Turismo Osuna","article_modified_time":"2023-03-22T11:11:07+00:00","twitter_card":"summary_large_image","twitter_misc":{"Estimated reading time":"2 minutes"},"schema":{"@context":"https:\/\/schema.org","@graph":[{"@type":"WebPage","@id":"https:\/\/turismodeosuna.es\/forum-de-la-colonie-genetiva-iulia\/","url":"https:\/\/turismodeosuna.es\/forum-de-la-colonie-genetiva-iulia\/","name":"Forum de la Colonie Genetiva Iulia - Turismo Osuna","isPartOf":{"@id":"https:\/\/turismodeosuna.es\/#website"},"datePublished":"2022-07-19T08:22:20+00:00","dateModified":"2023-03-22T11:11:07+00:00","breadcrumb":{"@id":"https:\/\/turismodeosuna.es\/forum-de-la-colonie-genetiva-iulia\/#breadcrumb"},"inLanguage":"en-GB","potentialAction":[{"@type":"ReadAction","target":["https:\/\/turismodeosuna.es\/forum-de-la-colonie-genetiva-iulia\/"]}]},{"@type":"BreadcrumbList","@id":"https:\/\/turismodeosuna.es\/forum-de-la-colonie-genetiva-iulia\/#breadcrumb","itemListElement":[{"@type":"ListItem","position":1,"name":"Portada","item":"https:\/\/turismodeosuna.es\/"},{"@type":"ListItem","position":2,"name":"Forum de la Colonie Genetiva Iulia"}]},{"@type":"WebSite","@id":"https:\/\/turismodeosuna.es\/#website","url":"https:\/\/turismodeosuna.es\/","name":"Turismo Osuna","description":"Turismo de Osuna","potentialAction":[{"@type":"SearchAction","target":{"@type":"EntryPoint","urlTemplate":"https:\/\/turismodeosuna.es\/?s={search_term_string}"},"query-input":{"@type":"PropertyValueSpecification","valueRequired":true,"valueName":"search_term_string"}}],"inLanguage":"en-GB"}]}},"_links":{"self":[{"href":"https:\/\/turismodeosuna.es\/en\/wp-json\/wp\/v2\/pages\/4318","targetHints":{"allow":["GET"]}}],"collection":[{"href":"https:\/\/turismodeosuna.es\/en\/wp-json\/wp\/v2\/pages"}],"about":[{"href":"https:\/\/turismodeosuna.es\/en\/wp-json\/wp\/v2\/types\/page"}],"author":[{"embeddable":true,"href":"https:\/\/turismodeosuna.es\/en\/wp-json\/wp\/v2\/users\/1"}],"replies":[{"embeddable":true,"href":"https:\/\/turismodeosuna.es\/en\/wp-json\/wp\/v2\/comments?post=4318"}],"version-history":[{"count":2,"href":"https:\/\/turismodeosuna.es\/en\/wp-json\/wp\/v2\/pages\/4318\/revisions"}],"predecessor-version":[{"id":5724,"href":"https:\/\/turismodeosuna.es\/en\/wp-json\/wp\/v2\/pages\/4318\/revisions\/5724"}],"wp:attachment":[{"href":"https:\/\/turismodeosuna.es\/en\/wp-json\/wp\/v2\/media?parent=4318"}],"curies":[{"name":"wp","href":"https:\/\/api.w.org\/{rel}","templated":true}]}}