{"id":4322,"date":"2022-07-19T10:20:14","date_gmt":"2022-07-19T08:20:14","guid":{"rendered":"http:\/\/turismodeosuna.es\/quarries-of-osuna\/"},"modified":"2023-03-23T19:08:49","modified_gmt":"2023-03-23T18:08:49","slug":"carrieres-dosuna","status":"publish","type":"page","link":"https:\/\/turismodeosuna.es\/en\/carrieres-dosuna\/","title":{"rendered":"Carri\u00e8res d\u00b4Osuna"},"content":{"rendered":"<div id=\"fws_69d91632e00c1\"  data-column-margin=\"default\" data-midnight=\"dark\"  class=\"wpb_row vc_row-fluid vc_row full-width-content vc_row-o-equal-height vc_row-flex vc_row-o-content-top\"  style=\"padding-top: 0px; padding-bottom: 0px; \"><div class=\"row-bg-wrap\" data-bg-animation=\"none\" data-bg-overlay=\"false\"><div class=\"inner-wrap\"><div class=\"row-bg viewport-desktop\"  style=\"\"><\/div><\/div><\/div><div class=\"row_col_wrap_12 col span_12 dark left\">\n\t<div  class=\"vc_col-sm-12 wpb_column column_container vc_column_container col no-extra-padding inherit_tablet inherit_phone\"  data-padding-pos=\"all\" data-has-bg-color=\"false\" data-bg-color=\"\" data-bg-opacity=\"1\" data-animation=\"\" data-delay=\"0\" >\n\t\t<div class=\"vc_column-inner\" >\n\t\t\t<div class=\"wpb_wrapper\">\n\t\t\t\t<div class=\"img-with-aniamtion-wrap center\" data-max-width=\"100%\" data-max-width-mobile=\"default\" data-shadow=\"none\" data-animation=\"fade-in\" >\n      <div class=\"inner\">\n        <div class=\"hover-wrap\"> \n          <div class=\"hover-wrap-inner\">\n            <img decoding=\"async\" class=\"img-with-animation skip-lazy\" data-delay=\"0\" height=\"400\" width=\"1920\" data-animation=\"fade-in\" src=\"https:\/\/turismodeosuna.es\/wp-content\/uploads\/2022\/07\/banner-canterasosuna-turismoosuna-1.webp\" alt=\"\" srcset=\"https:\/\/turismodeosuna.es\/wp-content\/uploads\/2022\/07\/banner-canterasosuna-turismoosuna-1.webp 1920w, https:\/\/turismodeosuna.es\/wp-content\/uploads\/2022\/07\/banner-canterasosuna-turismoosuna-1-300x63.webp 300w, https:\/\/turismodeosuna.es\/wp-content\/uploads\/2022\/07\/banner-canterasosuna-turismoosuna-1-1024x213.webp 1024w, https:\/\/turismodeosuna.es\/wp-content\/uploads\/2022\/07\/banner-canterasosuna-turismoosuna-1-768x160.webp 768w, https:\/\/turismodeosuna.es\/wp-content\/uploads\/2022\/07\/banner-canterasosuna-turismoosuna-1-1536x320.webp 1536w\" sizes=\"(max-width: 1920px) 100vw, 1920px\" \/>\n          <\/div>\n        <\/div>\n      <\/div>\n    <\/div><div class=\"img-with-aniamtion-wrap center\" data-max-width=\"100%\" data-max-width-mobile=\"default\" data-shadow=\"none\" data-animation=\"fade-in\" >\n      <div class=\"inner\">\n        <div class=\"hover-wrap\"> \n          <div class=\"hover-wrap-inner\">\n            <img decoding=\"async\" class=\"img-with-animation skip-lazy\" data-delay=\"0\" height=\"215\" width=\"1920\" data-animation=\"fade-in\" src=\"https:\/\/turismodeosuna.es\/wp-content\/uploads\/2022\/06\/sombrabanner-turismodeosuna.png\" alt=\"sombra\" srcset=\"https:\/\/turismodeosuna.es\/wp-content\/uploads\/2022\/06\/sombrabanner-turismodeosuna.png 1920w, https:\/\/turismodeosuna.es\/wp-content\/uploads\/2022\/06\/sombrabanner-turismodeosuna-300x34.png 300w, https:\/\/turismodeosuna.es\/wp-content\/uploads\/2022\/06\/sombrabanner-turismodeosuna-1024x115.png 1024w, https:\/\/turismodeosuna.es\/wp-content\/uploads\/2022\/06\/sombrabanner-turismodeosuna-768x86.png 768w, https:\/\/turismodeosuna.es\/wp-content\/uploads\/2022\/06\/sombrabanner-turismodeosuna-1536x172.png 1536w\" sizes=\"(max-width: 1920px) 100vw, 1920px\" \/>\n          <\/div>\n        <\/div>\n      <\/div>\n    <\/div>\n\t\t\t<\/div> \n\t\t<\/div>\n\t<\/div> \n<\/div><\/div>\n\t\t<div id=\"fws_69d91632e5fdd\"  data-column-margin=\"default\" data-midnight=\"dark\"  class=\"wpb_row vc_row-fluid vc_row vc_row-o-equal-height vc_row-flex vc_row-o-content-middle  top_margin_-4pct top_margin_tablet_5pct top_margin_phone_5pct bottom_margin_tablet_0px\"  style=\"padding-top: 0px; padding-bottom: 0px; \"><div class=\"row-bg-wrap\" data-bg-animation=\"none\" data-bg-overlay=\"false\"><div class=\"inner-wrap\"><div class=\"row-bg viewport-desktop\"  style=\"\"><\/div><\/div><\/div><div class=\"row_col_wrap_12 col span_12 dark left\">\n\t<div  class=\"vc_col-sm-6 wpb_column column_container vc_column_container col no-extra-padding inherit_tablet inherit_phone\"  data-padding-pos=\"all\" data-has-bg-color=\"false\" data-bg-color=\"\" data-bg-opacity=\"1\" data-animation=\"\" data-delay=\"0\" >\n\t\t<div class=\"vc_column-inner\" >\n\t\t\t<div class=\"wpb_wrapper\">\n\t\t\t\t\n<div class=\"wpb_text_column wpb_content_element\" >\n\t<div class=\"wpb_wrapper\">\n\t\t<h1>Carri\u00e8res d\u00b4Osuna<\/h1>\n<p>Connue comme \u201cLa Petra d\u2019Andalousie\u201d \u00e0 cause de ses spectaculaires reliefs en pierre, les terrains de l\u2019Ancienne Urso est le lieu d\u2019o\u00f9 on extrayait la pierre pour construire avant l\u2019occupation romaine.<\/p>\n<p>Ce massif rocheux a \u00e9t\u00e9 employ\u00e9 comme carri\u00e8re de pierre continuellement depuis au moins l\u2019\u00e9poque des trud\u00e9tans. Mais au XVIe si\u00e8cle, gr\u00e2ce au important travail de construction r\u00e9alis\u00e9 par le IV Comte d\u2019Ure\u00f1a, son exploitation s\u2019est vue intensifi\u00e9. Finalement, son usage comme carri\u00e8re finit \u00e0 partir de 1960.<\/p>\n<p>Au bord d\u2019un pr\u00e9cipice fait par les carriers, on trouve les ruines de ce qu\u2019\u00e9tait l\u2019ermitage de la Via Sacra jusqu\u2019\u00e0 le dernier si\u00e8cle. Elle a \u00e9t\u00e9 \u00e9rig\u00e9e au milieu du XVIIe si\u00e8cle et c\u2019\u00e9tait le lieu o\u00f9 on finissait le chemin de croix.<br \/>\nJuste \u00e0 c\u00f4t\u00e9, en guise de chapelle, il est possible d\u2019observer les restes des tombes fouill\u00e9s dans la m\u00eame roche, suivant le mod\u00e8le de la n\u00e9cropole.<\/p>\n<p>Le Coto de las Canteras a accueilli nombreux \u00e9v\u00e9nements de nature diverse : des tournages de t\u00e9l\u00e9vision et des vid\u00e9oclips, des d\u00e9fil\u00e9s de mode, des concerts, des r\u00e9citals, des f\u00eates b\u00e9n\u00e9fiques ou des conf\u00e9rences culturelles.<\/p>\n<p>Parmi les c\u00e9l\u00e9brit\u00e9s qui ont visit\u00e9 ce lieu au fil de ces ann\u00e9es, on trouve Mario Vargas Llosa, Antonio Gala, Jes\u00fas Quintero ; artistes comme Antonio Orozco, Manuel Cuevas, Jos\u00e9 Merc\u00e9, Raphael, C\u00f3mplices, Cantores de H\u00edspalis ou Antonio Carmona ; et des personnalit\u00e9s du monde de la t\u00e9l\u00e9vision comme Paco Tous, Antonio Dechent ou Alex O\u2019Dogherty.<\/p>\n<p>Pour consulter les horaires et plus d&#8217;informations: <a class=\"gris\" href=\"https:\/\/www.elcotolascanteras.com\" target=\"_blank\" rel=\"noopener\">www.elcotolascanteras.com<\/a><\/p>\n<p>Prix: 3.50\u20ac<\/p>\n\t<\/div>\n<\/div>\n\n\n\n\n\t\t\t<\/div> \n\t\t<\/div>\n\t<\/div> \n\n\t<div  class=\"vc_col-sm-6 wpb_column column_container vc_column_container col no-extra-padding inherit_tablet inherit_phone\"  data-padding-pos=\"all\" data-has-bg-color=\"false\" data-bg-color=\"\" data-bg-opacity=\"1\" data-animation=\"\" data-delay=\"0\" >\n\t\t<div class=\"vc_column-inner\" >\n\t\t\t<div class=\"wpb_wrapper\">\n\t\t\t\t\n\t<div class=\"wpb_raw_code wpb_content_element wpb_raw_html\" >\n\t\t<div class=\"wpb_wrapper\">\n\t\t\t\n\t\t<\/div>\n\t<\/div>\n<div class=\"img-with-aniamtion-wrap center\" data-max-width=\"100%\" data-max-width-mobile=\"default\" data-shadow=\"none\" data-animation=\"fade-in\" >\n      <div class=\"inner\">\n        <div class=\"hover-wrap\"> \n          <div class=\"hover-wrap-inner\">\n            <img decoding=\"async\" class=\"img-with-animation skip-lazy\" data-delay=\"0\" height=\"533\" width=\"800\" data-animation=\"fade-in\" src=\"https:\/\/turismodeosuna.es\/wp-content\/uploads\/2023\/03\/MG_1733.jpg\" alt=\"\" srcset=\"https:\/\/turismodeosuna.es\/wp-content\/uploads\/2023\/03\/MG_1733.jpg 800w, https:\/\/turismodeosuna.es\/wp-content\/uploads\/2023\/03\/MG_1733-300x200.jpg 300w, https:\/\/turismodeosuna.es\/wp-content\/uploads\/2023\/03\/MG_1733-768x512.jpg 768w, https:\/\/turismodeosuna.es\/wp-content\/uploads\/2023\/03\/MG_1733-391x260.jpg 391w\" sizes=\"(max-width: 800px) 100vw, 800px\" \/>\n          <\/div>\n        <\/div>\n      <\/div>\n    <\/div>\n\t\t\t<\/div> \n\t\t<\/div>\n\t<\/div> \n<\/div><\/div>\n\t\t<div id=\"fws_69d91632eaea8\"  data-column-margin=\"default\" data-midnight=\"dark\"  class=\"wpb_row vc_row-fluid vc_row full-width-content vc_row-o-equal-height vc_row-flex vc_row-o-content-middle  bottom_margin_6pct top_margin_tablet_5pct top_margin_phone_5pct bottom_margin_tablet_0px\"  style=\"padding-top: 0px; padding-bottom: 0px; \"><div class=\"row-bg-wrap\" data-bg-animation=\"none\" data-bg-overlay=\"false\"><div class=\"inner-wrap\"><div class=\"row-bg viewport-desktop\"  style=\"\"><\/div><\/div><\/div><div class=\"row_col_wrap_12 col span_12 dark left\">\n\t<div  class=\"vc_col-sm-12 wpb_column column_container vc_column_container col no-extra-padding inherit_tablet inherit_phone\"  data-padding-pos=\"all\" data-has-bg-color=\"false\" data-bg-color=\"\" data-bg-opacity=\"1\" data-animation=\"\" data-delay=\"0\" >\n\t\t<div class=\"vc_column-inner\" >\n\t\t\t<div class=\"wpb_wrapper\">\n\t\t\t\t\n\t<div class=\"wpb_gallery wpb_content_element clearfix\">\n\t\t<div class=\"wpb_wrapper\"><div class=\"wpb_gallery_slidesflickity_style\" data-onclick=\"link_image\" data-interval=\"5\"><div class=\"nectar-flickity not-initialized\"  data-touch-icon-color=\"default\" data-stagger=\"\" data-drag-scale=\"\" data-overflow=\"hidden\" data-wrap=\"wrap\" data-spacing=\"default\" data-shadow=\"none\" data-autoplay=\"\" data-autoplay-dur=\"\" data-free-scroll=\"true\" data-controls=\"material_pagination\" data-desktop-columns=\"3\" data-small-desktop-columns=\"3\" data-tablet-columns=\"2\" data-phone-columns=\"1\"><div class=\"flickity-viewport\"> <div class=\"flickity-slider\"><div class=\"cell\" data-lazy=\"true\"><img decoding=\"async\" class=\"skip-lazy nectar-lazy\"  src=\"data:image\/svg+xml;charset=utf-8,%3Csvg%20xmlns%3D'http%3A%2F%2Fwww.w3.org%2F2000%2Fsvg'%20viewBox%3D'0%200%20510%20350'%2F%3E\" data-nectar-img-src=\"https:\/\/turismodeosuna.es\/wp-content\/uploads\/2022\/06\/1-fotocarousel-turismodeosuna.jpg\" width=\"510\" height=\"350\" alt=\"1-fotocarousel-turismodeosuna\" title=\"1-fotocarousel-turismodeosuna\" \/><a class=\"entire-slide-link\"  href=\"https:\/\/turismodeosuna.es\/wp-content\/uploads\/2022\/06\/1-fotocarousel-turismodeosuna.jpg\"><\/a><\/div><div class=\"cell\" data-lazy=\"true\"><img decoding=\"async\" class=\"skip-lazy nectar-lazy\"  src=\"data:image\/svg+xml;charset=utf-8,%3Csvg%20xmlns%3D'http%3A%2F%2Fwww.w3.org%2F2000%2Fsvg'%20viewBox%3D'0%200%20510%20350'%2F%3E\" data-nectar-img-src=\"https:\/\/turismodeosuna.es\/wp-content\/uploads\/2022\/06\/2-fotocarousel-turismodeosuna.jpg\" width=\"510\" height=\"350\" alt=\"2-fotocarousel-turismodeosuna\" title=\"2-fotocarousel-turismodeosuna\" \/><a class=\"entire-slide-link\"  href=\"https:\/\/turismodeosuna.es\/wp-content\/uploads\/2022\/06\/2-fotocarousel-turismodeosuna.jpg\"><\/a><\/div><div class=\"cell\" data-lazy=\"true\"><img decoding=\"async\" class=\"skip-lazy nectar-lazy\"  src=\"data:image\/svg+xml;charset=utf-8,%3Csvg%20xmlns%3D'http%3A%2F%2Fwww.w3.org%2F2000%2Fsvg'%20viewBox%3D'0%200%20510%20350'%2F%3E\" data-nectar-img-src=\"https:\/\/turismodeosuna.es\/wp-content\/uploads\/2022\/06\/3-fotocarousel-turismodeosuna.jpg\" width=\"510\" height=\"350\" alt=\"3-fotocarousel-turismodeosuna\" title=\"3-fotocarousel-turismodeosuna\" \/><a class=\"entire-slide-link\"  href=\"https:\/\/turismodeosuna.es\/wp-content\/uploads\/2022\/06\/3-fotocarousel-turismodeosuna.jpg\"><\/a><\/div><\/div><\/div><\/div><\/div>\n\t\t<\/div> \n\t<\/div> \n\t\t\t<\/div> \n\t\t<\/div>\n\t<\/div> \n<\/div><\/div>","protected":false},"excerpt":{"rendered":"Carri\u00e8res d\u00b4Osuna Connue comme \u201cLa Petra d\u2019Andalousie\u201d \u00e0 cause de ses spectaculaires reliefs en pierre, les terrains de l\u2019Ancienne Urso est le lieu d\u2019o\u00f9 on extrayait la pierre pour construire...","protected":false},"author":1,"featured_media":0,"parent":0,"menu_order":0,"comment_status":"closed","ping_status":"closed","template":"","meta":{"inline_featured_image":false,"footnotes":""},"class_list":["post-4322","page","type-page","status-publish"],"yoast_head":"<!-- This site is optimized with the Yoast SEO plugin v25.3 - https:\/\/yoast.com\/wordpress\/plugins\/seo\/ -->\n<title>Carri\u00e8res d\u00b4Osuna - Turismo Osuna<\/title>\n<meta name=\"robots\" content=\"index, follow, max-snippet:-1, max-image-preview:large, max-video-preview:-1\" \/>\n<link rel=\"canonical\" href=\"https:\/\/turismodeosuna.es\/en\/carrieres-dosuna\/\" \/>\n<meta property=\"og:locale\" content=\"en_GB\" \/>\n<meta property=\"og:type\" content=\"article\" \/>\n<meta property=\"og:title\" content=\"Carri\u00e8res d\u00b4Osuna - Turismo Osuna\" \/>\n<meta property=\"og:url\" content=\"https:\/\/turismodeosuna.es\/en\/carrieres-dosuna\/\" \/>\n<meta property=\"og:site_name\" content=\"Turismo Osuna\" \/>\n<meta property=\"article:modified_time\" content=\"2023-03-23T18:08:49+00:00\" \/>\n<meta name=\"twitter:card\" content=\"summary_large_image\" \/>\n<meta name=\"twitter:label1\" content=\"Estimated reading time\" \/>\n\t<meta name=\"twitter:data1\" content=\"3 minutes\" \/>\n<script type=\"application\/ld+json\" class=\"yoast-schema-graph\">{\"@context\":\"https:\/\/schema.org\",\"@graph\":[{\"@type\":\"WebPage\",\"@id\":\"https:\/\/turismodeosuna.es\/carrieres-dosuna\/\",\"url\":\"https:\/\/turismodeosuna.es\/carrieres-dosuna\/\",\"name\":\"Carri\u00e8res d\u00b4Osuna - Turismo Osuna\",\"isPartOf\":{\"@id\":\"https:\/\/turismodeosuna.es\/#website\"},\"datePublished\":\"2022-07-19T08:20:14+00:00\",\"dateModified\":\"2023-03-23T18:08:49+00:00\",\"breadcrumb\":{\"@id\":\"https:\/\/turismodeosuna.es\/carrieres-dosuna\/#breadcrumb\"},\"inLanguage\":\"en-GB\",\"potentialAction\":[{\"@type\":\"ReadAction\",\"target\":[\"https:\/\/turismodeosuna.es\/carrieres-dosuna\/\"]}]},{\"@type\":\"BreadcrumbList\",\"@id\":\"https:\/\/turismodeosuna.es\/carrieres-dosuna\/#breadcrumb\",\"itemListElement\":[{\"@type\":\"ListItem\",\"position\":1,\"name\":\"Portada\",\"item\":\"https:\/\/turismodeosuna.es\/\"},{\"@type\":\"ListItem\",\"position\":2,\"name\":\"Carri\u00e8res d\u00b4Osuna\"}]},{\"@type\":\"WebSite\",\"@id\":\"https:\/\/turismodeosuna.es\/#website\",\"url\":\"https:\/\/turismodeosuna.es\/\",\"name\":\"Turismo Osuna\",\"description\":\"Turismo de Osuna\",\"potentialAction\":[{\"@type\":\"SearchAction\",\"target\":{\"@type\":\"EntryPoint\",\"urlTemplate\":\"https:\/\/turismodeosuna.es\/?s={search_term_string}\"},\"query-input\":{\"@type\":\"PropertyValueSpecification\",\"valueRequired\":true,\"valueName\":\"search_term_string\"}}],\"inLanguage\":\"en-GB\"}]}<\/script>\n<!-- \/ Yoast SEO plugin. -->","yoast_head_json":{"title":"Carri\u00e8res d\u00b4Osuna - Turismo Osuna","robots":{"index":"index","follow":"follow","max-snippet":"max-snippet:-1","max-image-preview":"max-image-preview:large","max-video-preview":"max-video-preview:-1"},"canonical":"https:\/\/turismodeosuna.es\/en\/carrieres-dosuna\/","og_locale":"en_GB","og_type":"article","og_title":"Carri\u00e8res d\u00b4Osuna - Turismo Osuna","og_url":"https:\/\/turismodeosuna.es\/en\/carrieres-dosuna\/","og_site_name":"Turismo Osuna","article_modified_time":"2023-03-23T18:08:49+00:00","twitter_card":"summary_large_image","twitter_misc":{"Estimated reading time":"3 minutes"},"schema":{"@context":"https:\/\/schema.org","@graph":[{"@type":"WebPage","@id":"https:\/\/turismodeosuna.es\/carrieres-dosuna\/","url":"https:\/\/turismodeosuna.es\/carrieres-dosuna\/","name":"Carri\u00e8res d\u00b4Osuna - Turismo Osuna","isPartOf":{"@id":"https:\/\/turismodeosuna.es\/#website"},"datePublished":"2022-07-19T08:20:14+00:00","dateModified":"2023-03-23T18:08:49+00:00","breadcrumb":{"@id":"https:\/\/turismodeosuna.es\/carrieres-dosuna\/#breadcrumb"},"inLanguage":"en-GB","potentialAction":[{"@type":"ReadAction","target":["https:\/\/turismodeosuna.es\/carrieres-dosuna\/"]}]},{"@type":"BreadcrumbList","@id":"https:\/\/turismodeosuna.es\/carrieres-dosuna\/#breadcrumb","itemListElement":[{"@type":"ListItem","position":1,"name":"Portada","item":"https:\/\/turismodeosuna.es\/"},{"@type":"ListItem","position":2,"name":"Carri\u00e8res d\u00b4Osuna"}]},{"@type":"WebSite","@id":"https:\/\/turismodeosuna.es\/#website","url":"https:\/\/turismodeosuna.es\/","name":"Turismo Osuna","description":"Turismo de Osuna","potentialAction":[{"@type":"SearchAction","target":{"@type":"EntryPoint","urlTemplate":"https:\/\/turismodeosuna.es\/?s={search_term_string}"},"query-input":{"@type":"PropertyValueSpecification","valueRequired":true,"valueName":"search_term_string"}}],"inLanguage":"en-GB"}]}},"_links":{"self":[{"href":"https:\/\/turismodeosuna.es\/en\/wp-json\/wp\/v2\/pages\/4322","targetHints":{"allow":["GET"]}}],"collection":[{"href":"https:\/\/turismodeosuna.es\/en\/wp-json\/wp\/v2\/pages"}],"about":[{"href":"https:\/\/turismodeosuna.es\/en\/wp-json\/wp\/v2\/types\/page"}],"author":[{"embeddable":true,"href":"https:\/\/turismodeosuna.es\/en\/wp-json\/wp\/v2\/users\/1"}],"replies":[{"embeddable":true,"href":"https:\/\/turismodeosuna.es\/en\/wp-json\/wp\/v2\/comments?post=4322"}],"version-history":[{"count":5,"href":"https:\/\/turismodeosuna.es\/en\/wp-json\/wp\/v2\/pages\/4322\/revisions"}],"predecessor-version":[{"id":5815,"href":"https:\/\/turismodeosuna.es\/en\/wp-json\/wp\/v2\/pages\/4322\/revisions\/5815"}],"wp:attachment":[{"href":"https:\/\/turismodeosuna.es\/en\/wp-json\/wp\/v2\/media?parent=4322"}],"curies":[{"name":"wp","href":"https:\/\/api.w.org\/{rel}","templated":true}]}}