{"id":4326,"date":"2022-07-19T10:23:23","date_gmt":"2022-07-19T08:23:23","guid":{"rendered":"http:\/\/turismodeosuna.es\/roman-theatre-of-osuna\/"},"modified":"2023-02-13T08:57:13","modified_gmt":"2023-02-13T07:57:13","slug":"theatre-romain-dosuna","status":"publish","type":"page","link":"https:\/\/turismodeosuna.es\/en\/theatre-romain-dosuna\/","title":{"rendered":"Th\u00e9\u00e2tre Romain d\u2019Osuna"},"content":{"rendered":"<div id=\"fws_69d9183b98a97\"  data-column-margin=\"default\" data-midnight=\"dark\"  class=\"wpb_row vc_row-fluid vc_row full-width-content vc_row-o-equal-height vc_row-flex vc_row-o-content-top\"  style=\"padding-top: 0px; padding-bottom: 0px; \"><div class=\"row-bg-wrap\" data-bg-animation=\"none\" data-bg-overlay=\"false\"><div class=\"inner-wrap\"><div class=\"row-bg viewport-desktop\"  style=\"\"><\/div><\/div><\/div><div class=\"row_col_wrap_12 col span_12 dark left\">\n\t<div  class=\"vc_col-sm-12 wpb_column column_container vc_column_container col no-extra-padding inherit_tablet inherit_phone\"  data-padding-pos=\"all\" data-has-bg-color=\"false\" data-bg-color=\"\" data-bg-opacity=\"1\" data-animation=\"\" data-delay=\"0\" >\n\t\t<div class=\"vc_column-inner\" >\n\t\t\t<div class=\"wpb_wrapper\">\n\t\t\t\t<div class=\"img-with-aniamtion-wrap center\" data-max-width=\"100%\" data-max-width-mobile=\"default\" data-shadow=\"none\" data-animation=\"fade-in\" >\n      <div class=\"inner\">\n        <div class=\"hover-wrap\"> \n          <div class=\"hover-wrap-inner\">\n            <img decoding=\"async\" class=\"img-with-animation skip-lazy\" data-delay=\"0\" height=\"400\" width=\"1919\" data-animation=\"fade-in\" src=\"https:\/\/turismodeosuna.es\/wp-content\/uploads\/2022\/07\/Screenshot_1.jpg\" alt=\"\" srcset=\"https:\/\/turismodeosuna.es\/wp-content\/uploads\/2022\/07\/Screenshot_1.jpg 1919w, https:\/\/turismodeosuna.es\/wp-content\/uploads\/2022\/07\/Screenshot_1-300x63.jpg 300w, https:\/\/turismodeosuna.es\/wp-content\/uploads\/2022\/07\/Screenshot_1-1024x213.jpg 1024w, https:\/\/turismodeosuna.es\/wp-content\/uploads\/2022\/07\/Screenshot_1-768x160.jpg 768w, https:\/\/turismodeosuna.es\/wp-content\/uploads\/2022\/07\/Screenshot_1-1536x320.jpg 1536w\" sizes=\"(max-width: 1919px) 100vw, 1919px\" \/>\n          <\/div>\n        <\/div>\n      <\/div>\n    <\/div><div class=\"img-with-aniamtion-wrap center\" data-max-width=\"100%\" data-max-width-mobile=\"default\" data-shadow=\"none\" data-animation=\"fade-in\" >\n      <div class=\"inner\">\n        <div class=\"hover-wrap\"> \n          <div class=\"hover-wrap-inner\">\n            <img decoding=\"async\" class=\"img-with-animation skip-lazy\" data-delay=\"0\" height=\"215\" width=\"1920\" data-animation=\"fade-in\" src=\"https:\/\/turismodeosuna.es\/wp-content\/uploads\/2022\/06\/sombrabanner-turismodeosuna.png\" alt=\"sombra\" srcset=\"https:\/\/turismodeosuna.es\/wp-content\/uploads\/2022\/06\/sombrabanner-turismodeosuna.png 1920w, https:\/\/turismodeosuna.es\/wp-content\/uploads\/2022\/06\/sombrabanner-turismodeosuna-300x34.png 300w, https:\/\/turismodeosuna.es\/wp-content\/uploads\/2022\/06\/sombrabanner-turismodeosuna-1024x115.png 1024w, https:\/\/turismodeosuna.es\/wp-content\/uploads\/2022\/06\/sombrabanner-turismodeosuna-768x86.png 768w, https:\/\/turismodeosuna.es\/wp-content\/uploads\/2022\/06\/sombrabanner-turismodeosuna-1536x172.png 1536w\" sizes=\"(max-width: 1920px) 100vw, 1920px\" \/>\n          <\/div>\n        <\/div>\n      <\/div>\n    <\/div>\n\t\t\t<\/div> \n\t\t<\/div>\n\t<\/div> \n<\/div><\/div>\n\t\t<div id=\"fws_69d9183b99cf8\"  data-column-margin=\"default\" data-midnight=\"dark\"  class=\"wpb_row vc_row-fluid vc_row vc_row-o-equal-height vc_row-flex vc_row-o-content-middle  top_margin_-4pct top_margin_tablet_5pct top_margin_phone_5pct bottom_margin_tablet_0px\"  style=\"padding-top: 0px; padding-bottom: 0px; \"><div class=\"row-bg-wrap\" data-bg-animation=\"none\" data-bg-overlay=\"false\"><div class=\"inner-wrap\"><div class=\"row-bg viewport-desktop\"  style=\"\"><\/div><\/div><\/div><div class=\"row_col_wrap_12 col span_12 dark left\">\n\t<div  class=\"vc_col-sm-6 wpb_column column_container vc_column_container col no-extra-padding inherit_tablet inherit_phone\"  data-padding-pos=\"all\" data-has-bg-color=\"false\" data-bg-color=\"\" data-bg-opacity=\"1\" data-animation=\"\" data-delay=\"0\" >\n\t\t<div class=\"vc_column-inner\" >\n\t\t\t<div class=\"wpb_wrapper\">\n\t\t\t\t\n<div class=\"wpb_text_column wpb_content_element\" >\n\t<div class=\"wpb_wrapper\">\n\t\t<h1>Th\u00e9\u00e2tre Romain d\u2019Osuna<\/h1>\n<p>Le th\u00e9\u00e2tre romain d\u2019Osuna, de l\u2019ancienne colonie Genetiva Iulia se trouve dans le carr\u00e9 sud-est du carrefour form\u00e9 par le chemin de transhumance de Marchena \u00e0 Estepa et le sentier de Santa M\u00f3nica.<\/p>\n<p>Traditionnellement, on a fait plusieurs des d\u00e9couvertes d\u2019\u00e9poque romaine dans ce lieu. Tous les chercheurs semblent \u00eatre d\u2019accord quand il s\u2019agit de situer le forum de la colonie aux proximit\u00e9s du carrefour de ces chemins de transhumance, \u00e0 cause des nombreuses trouvailles dans le lieu, parmi lesquels on trouve les plaques en bronze qui contiennent la loi constitutif de la colonie.<\/p>\n<p>Le principal obstacle au moment de faire des recherches est le manque d\u2019information et de bibliographie sur ce bien arch\u00e9ologique. La premi\u00e8re r\u00e9f\u00e9rence connue provient de Juan de Dios de la Rada y Delgado, qui raconte que lors des excavations r\u00e9alis\u00e9es par l\u2019\u00c9tat en 1876, dans le m\u00eame lieu o\u00f9 les plaques en bronze d\u2019Osuna sont apparus, on a trouv\u00e9 une inscription avec le nom de trois personnes et les places du th\u00e9\u00e2tre achet\u00e9s o\u00f9 d\u00e9sign\u00e9s \u00e0 eux.<\/p>\n<p>On trouve quelques descriptions du th\u00e9\u00e2tre r\u00e9alis\u00e9s par Demetrio de los R\u00edos et le fran\u00e7ais Thouvenot, des chercheurs de renom qui sont venus pour faire leurs \u00e9tudes. Parall\u00e8lement \u00e0 ces recherches, il y a des nouvelles de 1903 dans le journal local El Paleto qui racontent, d\u2019un c\u00f4t\u00e9, les nouveaut\u00e9s des excavations d\u2019Engels et Paris et, d\u2019un autre c\u00f4t\u00e9, des actuations \u00ab clandestins \u00bb qui \u00e9taient en cours de r\u00e9alisation sur le site d\u2019Urso. Dans le lieu du th\u00e9\u00e2tre romain, on a trouv\u00e9 nombreux plaques de marbre, avec quelques inscriptions, ainsi que plusieurs constructions \u00e0 caract\u00e8re hydraulique. Maintenant, il est possible seulement de voir six ou sept rang\u00e9es des tribunes du th\u00e9\u00e2tre.<\/p>\n\t<\/div>\n<\/div>\n\n\n\n\n\t\t\t<\/div> \n\t\t<\/div>\n\t<\/div> \n\n\t<div  class=\"vc_col-sm-6 wpb_column column_container vc_column_container col no-extra-padding inherit_tablet inherit_phone\"  data-padding-pos=\"all\" data-has-bg-color=\"false\" data-bg-color=\"\" data-bg-opacity=\"1\" data-animation=\"\" data-delay=\"0\" >\n\t\t<div class=\"vc_column-inner\" >\n\t\t\t<div class=\"wpb_wrapper\">\n\t\t\t\t<div class=\"nectar_cascading_images\" data-border-radius=\"none\" data-parallax=\"\" data-parallax-intensity=\"subtle\" data-animation-timing=\"175\"><div class=\"cascading-image\" data-has-img=\"true\" style=\" padding:0%;\" data-max-width=\"100%\" data-max-width-mobile=\"100%\" data-animation=\"fade-in\" data-shadow=\"none\"><div class=\"inner-wrap\"><div class=\"bg-layer\" data-scale=\"0.75\" style=\"transform: scale(0.75)\"><div style=\" -webkit-transform:translateX(0%) translateY(0%) rotate(10deg) ; transform:translateX(0%) translateY(0%) rotate(10deg) ;\" class=\"img-wrap\"> <img decoding=\"async\" src=\"https:\/\/turismodeosuna.es\/wp-content\/uploads\/2022\/07\/TEATRO-ROMANO.webp\" srcset=\"https:\/\/turismodeosuna.es\/wp-content\/uploads\/2022\/07\/TEATRO-ROMANO.webp 800w, https:\/\/turismodeosuna.es\/wp-content\/uploads\/2022\/07\/TEATRO-ROMANO-300x225.webp 300w, https:\/\/turismodeosuna.es\/wp-content\/uploads\/2022\/07\/TEATRO-ROMANO-768x576.webp 768w\" sizes=\"(min-width: 1000px) 55vw, 100vw\" height=\"600\" width=\"800\" class=\"skip-lazy\" alt=\"\" \/> <\/div><\/div><\/div><\/div><\/div>\n\t\t\t<\/div> \n\t\t<\/div>\n\t<\/div> \n<\/div><\/div>","protected":false},"excerpt":{"rendered":"Th\u00e9\u00e2tre Romain d\u2019Osuna Le th\u00e9\u00e2tre romain d\u2019Osuna, de l\u2019ancienne colonie Genetiva Iulia se trouve dans le carr\u00e9 sud-est du carrefour form\u00e9 par le chemin de transhumance de Marchena \u00e0 Estepa...","protected":false},"author":1,"featured_media":0,"parent":0,"menu_order":0,"comment_status":"closed","ping_status":"closed","template":"","meta":{"inline_featured_image":false,"footnotes":""},"class_list":["post-4326","page","type-page","status-publish"],"yoast_head":"<!-- This site is optimized with the Yoast SEO plugin v25.3 - https:\/\/yoast.com\/wordpress\/plugins\/seo\/ -->\n<title>Th\u00e9\u00e2tre Romain d\u2019Osuna - Turismo Osuna<\/title>\n<meta name=\"robots\" content=\"index, follow, max-snippet:-1, max-image-preview:large, max-video-preview:-1\" \/>\n<link rel=\"canonical\" href=\"https:\/\/turismodeosuna.es\/en\/theatre-romain-dosuna\/\" \/>\n<meta property=\"og:locale\" content=\"en_GB\" \/>\n<meta property=\"og:type\" content=\"article\" \/>\n<meta property=\"og:title\" content=\"Th\u00e9\u00e2tre Romain d\u2019Osuna - Turismo Osuna\" \/>\n<meta property=\"og:url\" content=\"https:\/\/turismodeosuna.es\/en\/theatre-romain-dosuna\/\" \/>\n<meta property=\"og:site_name\" content=\"Turismo Osuna\" \/>\n<meta property=\"article:modified_time\" content=\"2023-02-13T07:57:13+00:00\" \/>\n<meta name=\"twitter:card\" content=\"summary_large_image\" \/>\n<meta name=\"twitter:label1\" content=\"Estimated reading time\" \/>\n\t<meta name=\"twitter:data1\" content=\"2 minutes\" \/>\n<script type=\"application\/ld+json\" class=\"yoast-schema-graph\">{\"@context\":\"https:\/\/schema.org\",\"@graph\":[{\"@type\":\"WebPage\",\"@id\":\"https:\/\/turismodeosuna.es\/theatre-romain-dosuna\/\",\"url\":\"https:\/\/turismodeosuna.es\/theatre-romain-dosuna\/\",\"name\":\"Th\u00e9\u00e2tre Romain d\u2019Osuna - Turismo Osuna\",\"isPartOf\":{\"@id\":\"https:\/\/turismodeosuna.es\/#website\"},\"datePublished\":\"2022-07-19T08:23:23+00:00\",\"dateModified\":\"2023-02-13T07:57:13+00:00\",\"breadcrumb\":{\"@id\":\"https:\/\/turismodeosuna.es\/theatre-romain-dosuna\/#breadcrumb\"},\"inLanguage\":\"en-GB\",\"potentialAction\":[{\"@type\":\"ReadAction\",\"target\":[\"https:\/\/turismodeosuna.es\/theatre-romain-dosuna\/\"]}]},{\"@type\":\"BreadcrumbList\",\"@id\":\"https:\/\/turismodeosuna.es\/theatre-romain-dosuna\/#breadcrumb\",\"itemListElement\":[{\"@type\":\"ListItem\",\"position\":1,\"name\":\"Portada\",\"item\":\"https:\/\/turismodeosuna.es\/\"},{\"@type\":\"ListItem\",\"position\":2,\"name\":\"Th\u00e9\u00e2tre Romain d\u2019Osuna\"}]},{\"@type\":\"WebSite\",\"@id\":\"https:\/\/turismodeosuna.es\/#website\",\"url\":\"https:\/\/turismodeosuna.es\/\",\"name\":\"Turismo Osuna\",\"description\":\"Turismo de Osuna\",\"potentialAction\":[{\"@type\":\"SearchAction\",\"target\":{\"@type\":\"EntryPoint\",\"urlTemplate\":\"https:\/\/turismodeosuna.es\/?s={search_term_string}\"},\"query-input\":{\"@type\":\"PropertyValueSpecification\",\"valueRequired\":true,\"valueName\":\"search_term_string\"}}],\"inLanguage\":\"en-GB\"}]}<\/script>\n<!-- \/ Yoast SEO plugin. -->","yoast_head_json":{"title":"Th\u00e9\u00e2tre Romain d\u2019Osuna - Turismo Osuna","robots":{"index":"index","follow":"follow","max-snippet":"max-snippet:-1","max-image-preview":"max-image-preview:large","max-video-preview":"max-video-preview:-1"},"canonical":"https:\/\/turismodeosuna.es\/en\/theatre-romain-dosuna\/","og_locale":"en_GB","og_type":"article","og_title":"Th\u00e9\u00e2tre Romain d\u2019Osuna - Turismo Osuna","og_url":"https:\/\/turismodeosuna.es\/en\/theatre-romain-dosuna\/","og_site_name":"Turismo Osuna","article_modified_time":"2023-02-13T07:57:13+00:00","twitter_card":"summary_large_image","twitter_misc":{"Estimated reading time":"2 minutes"},"schema":{"@context":"https:\/\/schema.org","@graph":[{"@type":"WebPage","@id":"https:\/\/turismodeosuna.es\/theatre-romain-dosuna\/","url":"https:\/\/turismodeosuna.es\/theatre-romain-dosuna\/","name":"Th\u00e9\u00e2tre Romain d\u2019Osuna - Turismo Osuna","isPartOf":{"@id":"https:\/\/turismodeosuna.es\/#website"},"datePublished":"2022-07-19T08:23:23+00:00","dateModified":"2023-02-13T07:57:13+00:00","breadcrumb":{"@id":"https:\/\/turismodeosuna.es\/theatre-romain-dosuna\/#breadcrumb"},"inLanguage":"en-GB","potentialAction":[{"@type":"ReadAction","target":["https:\/\/turismodeosuna.es\/theatre-romain-dosuna\/"]}]},{"@type":"BreadcrumbList","@id":"https:\/\/turismodeosuna.es\/theatre-romain-dosuna\/#breadcrumb","itemListElement":[{"@type":"ListItem","position":1,"name":"Portada","item":"https:\/\/turismodeosuna.es\/"},{"@type":"ListItem","position":2,"name":"Th\u00e9\u00e2tre Romain d\u2019Osuna"}]},{"@type":"WebSite","@id":"https:\/\/turismodeosuna.es\/#website","url":"https:\/\/turismodeosuna.es\/","name":"Turismo Osuna","description":"Turismo de Osuna","potentialAction":[{"@type":"SearchAction","target":{"@type":"EntryPoint","urlTemplate":"https:\/\/turismodeosuna.es\/?s={search_term_string}"},"query-input":{"@type":"PropertyValueSpecification","valueRequired":true,"valueName":"search_term_string"}}],"inLanguage":"en-GB"}]}},"_links":{"self":[{"href":"https:\/\/turismodeosuna.es\/en\/wp-json\/wp\/v2\/pages\/4326","targetHints":{"allow":["GET"]}}],"collection":[{"href":"https:\/\/turismodeosuna.es\/en\/wp-json\/wp\/v2\/pages"}],"about":[{"href":"https:\/\/turismodeosuna.es\/en\/wp-json\/wp\/v2\/types\/page"}],"author":[{"embeddable":true,"href":"https:\/\/turismodeosuna.es\/en\/wp-json\/wp\/v2\/users\/1"}],"replies":[{"embeddable":true,"href":"https:\/\/turismodeosuna.es\/en\/wp-json\/wp\/v2\/comments?post=4326"}],"version-history":[{"count":1,"href":"https:\/\/turismodeosuna.es\/en\/wp-json\/wp\/v2\/pages\/4326\/revisions"}],"predecessor-version":[{"id":4327,"href":"https:\/\/turismodeosuna.es\/en\/wp-json\/wp\/v2\/pages\/4326\/revisions\/4327"}],"wp:attachment":[{"href":"https:\/\/turismodeosuna.es\/en\/wp-json\/wp\/v2\/media?parent=4326"}],"curies":[{"name":"wp","href":"https:\/\/api.w.org\/{rel}","templated":true}]}}