{"id":4328,"date":"2022-07-19T10:21:20","date_gmt":"2022-07-19T08:21:20","guid":{"rendered":"http:\/\/turismodeosuna.es\/the-late-roman-necropolis\/"},"modified":"2023-03-22T12:14:57","modified_gmt":"2023-03-22T11:14:57","slug":"necropole-romaine-tardive","status":"publish","type":"page","link":"https:\/\/turismodeosuna.es\/en\/necropole-romaine-tardive\/","title":{"rendered":"N\u00e9cropole Romaine Tardive"},"content":{"rendered":"<div id=\"fws_69d91835cb2f1\"  data-column-margin=\"default\" data-midnight=\"dark\"  class=\"wpb_row vc_row-fluid vc_row full-width-content vc_row-o-equal-height vc_row-flex vc_row-o-content-top\"  style=\"padding-top: 0px; padding-bottom: 0px; \"><div class=\"row-bg-wrap\" data-bg-animation=\"none\" data-bg-overlay=\"false\"><div class=\"inner-wrap\"><div class=\"row-bg viewport-desktop\"  style=\"\"><\/div><\/div><\/div><div class=\"row_col_wrap_12 col span_12 dark left\">\n\t<div  class=\"vc_col-sm-12 wpb_column column_container vc_column_container col no-extra-padding inherit_tablet inherit_phone\"  data-padding-pos=\"all\" data-has-bg-color=\"false\" data-bg-color=\"\" data-bg-opacity=\"1\" data-animation=\"\" data-delay=\"0\" >\n\t\t<div class=\"vc_column-inner\" >\n\t\t\t<div class=\"wpb_wrapper\">\n\t\t\t\t<div class=\"img-with-aniamtion-wrap center\" data-max-width=\"100%\" data-max-width-mobile=\"default\" data-shadow=\"none\" data-animation=\"fade-in\" >\n      <div class=\"inner\">\n        <div class=\"hover-wrap\"> \n          <div class=\"hover-wrap-inner\">\n            <img decoding=\"async\" class=\"img-with-animation skip-lazy\" data-delay=\"0\" height=\"400\" width=\"1919\" data-animation=\"fade-in\" src=\"https:\/\/turismodeosuna.es\/wp-content\/uploads\/2022\/07\/Screenshot_2.jpg\" alt=\"\" srcset=\"https:\/\/turismodeosuna.es\/wp-content\/uploads\/2022\/07\/Screenshot_2.jpg 1919w, https:\/\/turismodeosuna.es\/wp-content\/uploads\/2022\/07\/Screenshot_2-300x63.jpg 300w, https:\/\/turismodeosuna.es\/wp-content\/uploads\/2022\/07\/Screenshot_2-1024x213.jpg 1024w, https:\/\/turismodeosuna.es\/wp-content\/uploads\/2022\/07\/Screenshot_2-768x160.jpg 768w, https:\/\/turismodeosuna.es\/wp-content\/uploads\/2022\/07\/Screenshot_2-1536x320.jpg 1536w\" sizes=\"(max-width: 1919px) 100vw, 1919px\" \/>\n          <\/div>\n        <\/div>\n      <\/div>\n    <\/div><div class=\"img-with-aniamtion-wrap center\" data-max-width=\"100%\" data-max-width-mobile=\"default\" data-shadow=\"none\" data-animation=\"fade-in\" >\n      <div class=\"inner\">\n        <div class=\"hover-wrap\"> \n          <div class=\"hover-wrap-inner\">\n            <img decoding=\"async\" class=\"img-with-animation skip-lazy\" data-delay=\"0\" height=\"215\" width=\"1920\" data-animation=\"fade-in\" src=\"https:\/\/turismodeosuna.es\/wp-content\/uploads\/2022\/06\/sombrabanner-turismodeosuna.png\" alt=\"sombra\" srcset=\"https:\/\/turismodeosuna.es\/wp-content\/uploads\/2022\/06\/sombrabanner-turismodeosuna.png 1920w, https:\/\/turismodeosuna.es\/wp-content\/uploads\/2022\/06\/sombrabanner-turismodeosuna-300x34.png 300w, https:\/\/turismodeosuna.es\/wp-content\/uploads\/2022\/06\/sombrabanner-turismodeosuna-1024x115.png 1024w, https:\/\/turismodeosuna.es\/wp-content\/uploads\/2022\/06\/sombrabanner-turismodeosuna-768x86.png 768w, https:\/\/turismodeosuna.es\/wp-content\/uploads\/2022\/06\/sombrabanner-turismodeosuna-1536x172.png 1536w\" sizes=\"(max-width: 1920px) 100vw, 1920px\" \/>\n          <\/div>\n        <\/div>\n      <\/div>\n    <\/div>\n\t\t\t<\/div> \n\t\t<\/div>\n\t<\/div> \n<\/div><\/div>\n\t\t<div id=\"fws_69d91835cbc8b\"  data-column-margin=\"default\" data-midnight=\"dark\"  class=\"wpb_row vc_row-fluid vc_row vc_row-o-equal-height vc_row-flex vc_row-o-content-middle  top_margin_-4pct top_margin_tablet_5pct top_margin_phone_5pct bottom_margin_tablet_0px\"  style=\"padding-top: 0px; padding-bottom: 0px; \"><div class=\"row-bg-wrap\" data-bg-animation=\"none\" data-bg-overlay=\"false\"><div class=\"inner-wrap\"><div class=\"row-bg viewport-desktop\"  style=\"\"><\/div><\/div><\/div><div class=\"row_col_wrap_12 col span_12 dark left\">\n\t<div  class=\"vc_col-sm-6 wpb_column column_container vc_column_container col no-extra-padding inherit_tablet inherit_phone\"  data-padding-pos=\"all\" data-has-bg-color=\"false\" data-bg-color=\"\" data-bg-opacity=\"1\" data-animation=\"\" data-delay=\"0\" >\n\t\t<div class=\"vc_column-inner\" >\n\t\t\t<div class=\"wpb_wrapper\">\n\t\t\t\t\n<div class=\"wpb_text_column wpb_content_element\" >\n\t<div class=\"wpb_wrapper\">\n\t\t<h1>N\u00e9cropole Romaine Tardive<\/h1>\n<p>Localis\u00e9 dans un espace ouverte, les visiteurs peuvent y acc\u00e9der tous les jours gratuitement. La plupart de ses restes se trouve dans le Mus\u00e9e Arch\u00e9ologique local.<\/p>\n<p>Osuna pourrait avoir l\u2019un des meilleurs mus\u00e9es nationaux de c\u00e9ramique et du verre romains, mais les nombreux pillages dans ces grottes l\u2019ont emp\u00each\u00e9.<\/p>\n<p>Quelques grottes sont divis\u00e9es en compartiments avec des plafonds vo\u00fbt\u00e9s, creus\u00e9s dans la roche et avec des peintures d\u2019oiseaux dans les murs. Les chercheurs d\u00e9battent s\u2019il s\u2019agit de fresques purement pa\u00efens ou des premiers exemples de peintures avec des r\u00e9f\u00e9rences chr\u00e9tiennes, bien que la plupart des experts estiment qu\u2019ils sont plus tardifs, d\u2019\u00e9poque pal\u00e9ochr\u00e9tienne. On trouve un grand nombre de tombes sur le sol.<\/p>\n<p>Aujourd\u2019hui, il est possible de voir l\u2019immense ensemble fun\u00e9raire de la s\u00e9rie de tombes plus r\u00e9cent, dont les plus tardives datent de l\u2019\u00e9poque wisigothique. La spoliation de la n\u00e9cropole a commenc\u00e9 tr\u00e8s t\u00f4t, et la premi\u00e8re excavation syst\u00e9matique a \u00e9t\u00e9 r\u00e9alis\u00e9e entre 1784 et 1785 \u00e0 la demande de Jos\u00e9 de Figueroa Silva Lasso de la Vega et financ\u00e9 par l\u2019\u00c9tat sur la requ\u00eate du comte de Floridablanca. L\u2019endroit a \u00e9t\u00e9 abandonn\u00e9 jusqu\u2019\u00e0 le dernier quart du XXe si\u00e8cle, quand on recommence les activit\u00e9s pour sa mise en valeur.<\/p>\n\t<\/div>\n<\/div>\n\n\n\n\n\t\t\t<\/div> \n\t\t<\/div>\n\t<\/div> \n\n\t<div  class=\"vc_col-sm-6 wpb_column column_container vc_column_container col no-extra-padding inherit_tablet inherit_phone\"  data-padding-pos=\"all\" data-has-bg-color=\"false\" data-bg-color=\"\" data-bg-opacity=\"1\" data-animation=\"\" data-delay=\"0\" >\n\t\t<div class=\"vc_column-inner\" >\n\t\t\t<div class=\"wpb_wrapper\">\n\t\t\t\t<div class=\"nectar_cascading_images\" data-border-radius=\"none\" data-parallax=\"\" data-parallax-intensity=\"subtle\" data-animation-timing=\"175\"><div class=\"cascading-image\" data-has-img=\"true\" style=\" padding:0%;\" data-max-width=\"100%\" data-max-width-mobile=\"100%\" data-animation=\"fade-in\" data-shadow=\"none\"><div class=\"inner-wrap\"><div class=\"bg-layer\" data-scale=\"0.75\" style=\"transform: scale(0.75)\"><div style=\" -webkit-transform:translateX(0%) translateY(0%) rotate(5deg) ; transform:translateX(0%) translateY(0%) rotate(5deg) ;\" class=\"img-wrap\"> <img decoding=\"async\" src=\"https:\/\/turismodeosuna.es\/wp-content\/uploads\/2023\/03\/DSC_8846-scaled.jpg\" srcset=\"https:\/\/turismodeosuna.es\/wp-content\/uploads\/2023\/03\/DSC_8846-scaled.jpg 2560w, https:\/\/turismodeosuna.es\/wp-content\/uploads\/2023\/03\/DSC_8846-300x200.jpg 300w, https:\/\/turismodeosuna.es\/wp-content\/uploads\/2023\/03\/DSC_8846-1024x683.jpg 1024w, https:\/\/turismodeosuna.es\/wp-content\/uploads\/2023\/03\/DSC_8846-768x512.jpg 768w, https:\/\/turismodeosuna.es\/wp-content\/uploads\/2023\/03\/DSC_8846-391x260.jpg 391w, https:\/\/turismodeosuna.es\/wp-content\/uploads\/2023\/03\/DSC_8846-1536x1024.jpg 1536w, https:\/\/turismodeosuna.es\/wp-content\/uploads\/2023\/03\/DSC_8846-2048x1365.jpg 2048w, https:\/\/turismodeosuna.es\/wp-content\/uploads\/2023\/03\/DSC_8846-900x600.jpg 900w\" sizes=\"(min-width: 1000px) 55vw, 100vw\" height=\"1707\" width=\"2560\" class=\"skip-lazy\" alt=\"\" \/> <\/div><\/div><\/div><\/div><\/div>\n\t\t\t<\/div> \n\t\t<\/div>\n\t<\/div> \n<\/div><\/div>\n\t\t<div id=\"fws_69d91835cc538\"  data-column-margin=\"default\" data-midnight=\"dark\"  class=\"wpb_row vc_row-fluid vc_row full-width-content vc_row-o-equal-height vc_row-flex vc_row-o-content-middle  bottom_margin_6pct top_margin_tablet_5pct top_margin_phone_5pct bottom_margin_tablet_0px\"  style=\"padding-top: 0px; padding-bottom: 0px; \"><div class=\"row-bg-wrap\" data-bg-animation=\"none\" data-bg-overlay=\"false\"><div class=\"inner-wrap\"><div class=\"row-bg viewport-desktop\"  style=\"\"><\/div><\/div><\/div><div class=\"row_col_wrap_12 col span_12 dark left\">\n\t<div  class=\"vc_col-sm-12 wpb_column column_container vc_column_container col no-extra-padding inherit_tablet inherit_phone\"  data-padding-pos=\"all\" data-has-bg-color=\"false\" data-bg-color=\"\" data-bg-opacity=\"1\" data-animation=\"\" data-delay=\"0\" >\n\t\t<div class=\"vc_column-inner\" >\n\t\t\t<div class=\"wpb_wrapper\">\n\t\t\t\t\n\t<div class=\"wpb_gallery wpb_content_element clearfix\">\n\t\t<div class=\"wpb_wrapper\"><div class=\"wpb_gallery_slidesflickity_style\" data-onclick=\"link_image\" data-interval=\"5\"><div class=\"nectar-flickity not-initialized\"  data-touch-icon-color=\"default\" data-stagger=\"\" data-drag-scale=\"\" data-overflow=\"hidden\" data-wrap=\"wrap\" data-spacing=\"default\" data-shadow=\"none\" data-autoplay=\"\" data-autoplay-dur=\"\" data-free-scroll=\"true\" data-controls=\"material_pagination\" data-desktop-columns=\"3\" data-small-desktop-columns=\"3\" data-tablet-columns=\"2\" data-phone-columns=\"1\"><div class=\"flickity-viewport\"> <div class=\"flickity-slider\"><div class=\"cell\" data-lazy=\"true\"><img decoding=\"async\" class=\"skip-lazy nectar-lazy\"  src=\"data:image\/svg+xml;charset=utf-8,%3Csvg%20xmlns%3D'http%3A%2F%2Fwww.w3.org%2F2000%2Fsvg'%20viewBox%3D'0%200%201024%20683'%2F%3E\" data-nectar-img-src=\"https:\/\/turismodeosuna.es\/wp-content\/uploads\/2023\/03\/DSC_8793-scaled-600x400.jpg\" width=\"600\" height=\"400\" alt=\"DSC_8793\" title=\"DSC_8793\" \/><a class=\"entire-slide-link\"  href=\"https:\/\/turismodeosuna.es\/wp-content\/uploads\/2023\/03\/DSC_8793-scaled.jpg\"><\/a><\/div><div class=\"cell\" data-lazy=\"true\"><img decoding=\"async\" class=\"skip-lazy nectar-lazy\"  src=\"data:image\/svg+xml;charset=utf-8,%3Csvg%20xmlns%3D'http%3A%2F%2Fwww.w3.org%2F2000%2Fsvg'%20viewBox%3D'0%200%201024%20683'%2F%3E\" data-nectar-img-src=\"https:\/\/turismodeosuna.es\/wp-content\/uploads\/2023\/03\/DSC_8802-scaled-600x400.jpg\" width=\"600\" height=\"400\" alt=\"DSC_8802\" title=\"DSC_8802\" \/><a class=\"entire-slide-link\"  href=\"https:\/\/turismodeosuna.es\/wp-content\/uploads\/2023\/03\/DSC_8802-scaled.jpg\"><\/a><\/div><div class=\"cell\" data-lazy=\"true\"><img decoding=\"async\" class=\"skip-lazy nectar-lazy\"  src=\"data:image\/svg+xml;charset=utf-8,%3Csvg%20xmlns%3D'http%3A%2F%2Fwww.w3.org%2F2000%2Fsvg'%20viewBox%3D'0%200%201024%20683'%2F%3E\" data-nectar-img-src=\"https:\/\/turismodeosuna.es\/wp-content\/uploads\/2023\/03\/DSC_8832-scaled-600x400.jpg\" width=\"600\" height=\"400\" alt=\"DSC_8832\" title=\"DSC_8832\" \/><a class=\"entire-slide-link\"  href=\"https:\/\/turismodeosuna.es\/wp-content\/uploads\/2023\/03\/DSC_8832-scaled.jpg\"><\/a><\/div><div class=\"cell\" data-lazy=\"true\"><img decoding=\"async\" class=\"skip-lazy nectar-lazy\"  src=\"data:image\/svg+xml;charset=utf-8,%3Csvg%20xmlns%3D'http%3A%2F%2Fwww.w3.org%2F2000%2Fsvg'%20viewBox%3D'0%200%201024%20683'%2F%3E\" data-nectar-img-src=\"https:\/\/turismodeosuna.es\/wp-content\/uploads\/2023\/03\/DSC_8841-scaled-600x400.jpg\" width=\"600\" height=\"400\" alt=\"DSC_8841\" title=\"DSC_8841\" \/><a class=\"entire-slide-link\"  href=\"https:\/\/turismodeosuna.es\/wp-content\/uploads\/2023\/03\/DSC_8841-scaled.jpg\"><\/a><\/div><div class=\"cell\" data-lazy=\"true\"><img decoding=\"async\" class=\"skip-lazy nectar-lazy\"  src=\"data:image\/svg+xml;charset=utf-8,%3Csvg%20xmlns%3D'http%3A%2F%2Fwww.w3.org%2F2000%2Fsvg'%20viewBox%3D'0%200%201024%20683'%2F%3E\" data-nectar-img-src=\"https:\/\/turismodeosuna.es\/wp-content\/uploads\/2023\/03\/DSC_8849-scaled-600x400.jpg\" width=\"600\" height=\"400\" alt=\"DSC_8849\" title=\"DSC_8849\" \/><a class=\"entire-slide-link\"  href=\"https:\/\/turismodeosuna.es\/wp-content\/uploads\/2023\/03\/DSC_8849-scaled.jpg\"><\/a><\/div><\/div><\/div><\/div><\/div>\n\t\t<\/div> \n\t<\/div> \n\t\t\t<\/div> \n\t\t<\/div>\n\t<\/div> \n<\/div><\/div>","protected":false},"excerpt":{"rendered":"N\u00e9cropole Romaine Tardive Localis\u00e9 dans un espace ouverte, les visiteurs peuvent y acc\u00e9der tous les jours gratuitement. La plupart de ses restes se trouve dans le Mus\u00e9e Arch\u00e9ologique local. Osuna...","protected":false},"author":1,"featured_media":0,"parent":0,"menu_order":0,"comment_status":"closed","ping_status":"closed","template":"","meta":{"inline_featured_image":false,"footnotes":""},"class_list":["post-4328","page","type-page","status-publish"],"yoast_head":"<!-- This site is optimized with the Yoast SEO plugin v25.3 - https:\/\/yoast.com\/wordpress\/plugins\/seo\/ -->\n<title>N\u00e9cropole Romaine Tardive - Turismo Osuna<\/title>\n<meta name=\"robots\" content=\"index, follow, max-snippet:-1, max-image-preview:large, max-video-preview:-1\" \/>\n<link rel=\"canonical\" href=\"https:\/\/turismodeosuna.es\/en\/necropole-romaine-tardive\/\" \/>\n<meta property=\"og:locale\" content=\"en_GB\" \/>\n<meta property=\"og:type\" content=\"article\" \/>\n<meta property=\"og:title\" content=\"N\u00e9cropole Romaine Tardive - Turismo Osuna\" \/>\n<meta property=\"og:url\" content=\"https:\/\/turismodeosuna.es\/en\/necropole-romaine-tardive\/\" \/>\n<meta property=\"og:site_name\" content=\"Turismo Osuna\" \/>\n<meta property=\"article:modified_time\" content=\"2023-03-22T11:14:57+00:00\" \/>\n<meta name=\"twitter:card\" content=\"summary_large_image\" \/>\n<meta name=\"twitter:label1\" content=\"Estimated reading time\" \/>\n\t<meta name=\"twitter:data1\" content=\"3 minutes\" \/>\n<script type=\"application\/ld+json\" class=\"yoast-schema-graph\">{\"@context\":\"https:\/\/schema.org\",\"@graph\":[{\"@type\":\"WebPage\",\"@id\":\"https:\/\/turismodeosuna.es\/necropole-romaine-tardive\/\",\"url\":\"https:\/\/turismodeosuna.es\/necropole-romaine-tardive\/\",\"name\":\"N\u00e9cropole Romaine Tardive - Turismo Osuna\",\"isPartOf\":{\"@id\":\"https:\/\/turismodeosuna.es\/#website\"},\"datePublished\":\"2022-07-19T08:21:20+00:00\",\"dateModified\":\"2023-03-22T11:14:57+00:00\",\"breadcrumb\":{\"@id\":\"https:\/\/turismodeosuna.es\/necropole-romaine-tardive\/#breadcrumb\"},\"inLanguage\":\"en-GB\",\"potentialAction\":[{\"@type\":\"ReadAction\",\"target\":[\"https:\/\/turismodeosuna.es\/necropole-romaine-tardive\/\"]}]},{\"@type\":\"BreadcrumbList\",\"@id\":\"https:\/\/turismodeosuna.es\/necropole-romaine-tardive\/#breadcrumb\",\"itemListElement\":[{\"@type\":\"ListItem\",\"position\":1,\"name\":\"Portada\",\"item\":\"https:\/\/turismodeosuna.es\/\"},{\"@type\":\"ListItem\",\"position\":2,\"name\":\"N\u00e9cropole Romaine Tardive\"}]},{\"@type\":\"WebSite\",\"@id\":\"https:\/\/turismodeosuna.es\/#website\",\"url\":\"https:\/\/turismodeosuna.es\/\",\"name\":\"Turismo Osuna\",\"description\":\"Turismo de Osuna\",\"potentialAction\":[{\"@type\":\"SearchAction\",\"target\":{\"@type\":\"EntryPoint\",\"urlTemplate\":\"https:\/\/turismodeosuna.es\/?s={search_term_string}\"},\"query-input\":{\"@type\":\"PropertyValueSpecification\",\"valueRequired\":true,\"valueName\":\"search_term_string\"}}],\"inLanguage\":\"en-GB\"}]}<\/script>\n<!-- \/ Yoast SEO plugin. -->","yoast_head_json":{"title":"N\u00e9cropole Romaine Tardive - Turismo Osuna","robots":{"index":"index","follow":"follow","max-snippet":"max-snippet:-1","max-image-preview":"max-image-preview:large","max-video-preview":"max-video-preview:-1"},"canonical":"https:\/\/turismodeosuna.es\/en\/necropole-romaine-tardive\/","og_locale":"en_GB","og_type":"article","og_title":"N\u00e9cropole Romaine Tardive - Turismo Osuna","og_url":"https:\/\/turismodeosuna.es\/en\/necropole-romaine-tardive\/","og_site_name":"Turismo Osuna","article_modified_time":"2023-03-22T11:14:57+00:00","twitter_card":"summary_large_image","twitter_misc":{"Estimated reading time":"3 minutes"},"schema":{"@context":"https:\/\/schema.org","@graph":[{"@type":"WebPage","@id":"https:\/\/turismodeosuna.es\/necropole-romaine-tardive\/","url":"https:\/\/turismodeosuna.es\/necropole-romaine-tardive\/","name":"N\u00e9cropole Romaine Tardive - Turismo Osuna","isPartOf":{"@id":"https:\/\/turismodeosuna.es\/#website"},"datePublished":"2022-07-19T08:21:20+00:00","dateModified":"2023-03-22T11:14:57+00:00","breadcrumb":{"@id":"https:\/\/turismodeosuna.es\/necropole-romaine-tardive\/#breadcrumb"},"inLanguage":"en-GB","potentialAction":[{"@type":"ReadAction","target":["https:\/\/turismodeosuna.es\/necropole-romaine-tardive\/"]}]},{"@type":"BreadcrumbList","@id":"https:\/\/turismodeosuna.es\/necropole-romaine-tardive\/#breadcrumb","itemListElement":[{"@type":"ListItem","position":1,"name":"Portada","item":"https:\/\/turismodeosuna.es\/"},{"@type":"ListItem","position":2,"name":"N\u00e9cropole Romaine Tardive"}]},{"@type":"WebSite","@id":"https:\/\/turismodeosuna.es\/#website","url":"https:\/\/turismodeosuna.es\/","name":"Turismo Osuna","description":"Turismo de Osuna","potentialAction":[{"@type":"SearchAction","target":{"@type":"EntryPoint","urlTemplate":"https:\/\/turismodeosuna.es\/?s={search_term_string}"},"query-input":{"@type":"PropertyValueSpecification","valueRequired":true,"valueName":"search_term_string"}}],"inLanguage":"en-GB"}]}},"_links":{"self":[{"href":"https:\/\/turismodeosuna.es\/en\/wp-json\/wp\/v2\/pages\/4328","targetHints":{"allow":["GET"]}}],"collection":[{"href":"https:\/\/turismodeosuna.es\/en\/wp-json\/wp\/v2\/pages"}],"about":[{"href":"https:\/\/turismodeosuna.es\/en\/wp-json\/wp\/v2\/types\/page"}],"author":[{"embeddable":true,"href":"https:\/\/turismodeosuna.es\/en\/wp-json\/wp\/v2\/users\/1"}],"replies":[{"embeddable":true,"href":"https:\/\/turismodeosuna.es\/en\/wp-json\/wp\/v2\/comments?post=4328"}],"version-history":[{"count":3,"href":"https:\/\/turismodeosuna.es\/en\/wp-json\/wp\/v2\/pages\/4328\/revisions"}],"predecessor-version":[{"id":5727,"href":"https:\/\/turismodeosuna.es\/en\/wp-json\/wp\/v2\/pages\/4328\/revisions\/5727"}],"wp:attachment":[{"href":"https:\/\/turismodeosuna.es\/en\/wp-json\/wp\/v2\/media?parent=4328"}],"curies":[{"name":"wp","href":"https:\/\/api.w.org\/{rel}","templated":true}]}}