{"id":4351,"date":"2022-07-25T08:56:40","date_gmt":"2022-07-25T06:56:40","guid":{"rendered":"http:\/\/turismodeosuna.es\/puerto-de-la-encina-calderona-path\/"},"modified":"2023-02-13T10:02:21","modified_gmt":"2023-02-13T09:02:21","slug":"sentier-puerto-de-la-encina-calderona","status":"publish","type":"page","link":"https:\/\/turismodeosuna.es\/en\/sentier-puerto-de-la-encina-calderona\/","title":{"rendered":"Sentier Puerto de La Encina-Calderona"},"content":{"rendered":"<div id=\"fws_69d918369500d\"  data-column-margin=\"default\" data-midnight=\"dark\"  class=\"wpb_row vc_row-fluid vc_row full-width-content vc_row-o-equal-height vc_row-flex vc_row-o-content-top\"  style=\"padding-top: 0px; padding-bottom: 0px; \"><div class=\"row-bg-wrap\" data-bg-animation=\"none\" data-bg-overlay=\"false\"><div class=\"inner-wrap\"><div class=\"row-bg viewport-desktop\"  style=\"\"><\/div><\/div><\/div><div class=\"row_col_wrap_12 col span_12 dark left\">\n\t<div  class=\"vc_col-sm-12 wpb_column column_container vc_column_container col no-extra-padding inherit_tablet inherit_phone\"  data-padding-pos=\"all\" data-has-bg-color=\"false\" data-bg-color=\"\" data-bg-opacity=\"1\" data-animation=\"\" data-delay=\"0\" >\n\t\t<div class=\"vc_column-inner\" >\n\t\t\t<div class=\"wpb_wrapper\">\n\t\t\t\t<div class=\"img-with-aniamtion-wrap center\" data-max-width=\"100%\" data-max-width-mobile=\"default\" data-shadow=\"none\" data-animation=\"fade-in\" >\n      <div class=\"inner\">\n        <div class=\"hover-wrap\"> \n          <div class=\"hover-wrap-inner\">\n            <img decoding=\"async\" class=\"img-with-animation skip-lazy img-sendero\" data-delay=\"0\" height=\"600\" width=\"799\" data-animation=\"fade-in\" src=\"https:\/\/turismodeosuna.es\/wp-content\/uploads\/2022\/07\/wpt-2.webp\" alt=\"\" srcset=\"https:\/\/turismodeosuna.es\/wp-content\/uploads\/2022\/07\/wpt-2.webp 799w, https:\/\/turismodeosuna.es\/wp-content\/uploads\/2022\/07\/wpt-2-300x225.webp 300w, https:\/\/turismodeosuna.es\/wp-content\/uploads\/2022\/07\/wpt-2-768x577.webp 768w\" sizes=\"(max-width: 799px) 100vw, 799px\" \/>\n          <\/div>\n        <\/div>\n      <\/div>\n    <\/div><div class=\"img-with-aniamtion-wrap center\" data-max-width=\"100%\" data-max-width-mobile=\"default\" data-shadow=\"none\" data-animation=\"fade-in\" >\n      <div class=\"inner\">\n        <div class=\"hover-wrap\"> \n          <div class=\"hover-wrap-inner\">\n            <img decoding=\"async\" class=\"img-with-animation skip-lazy\" data-delay=\"0\" height=\"215\" width=\"1920\" data-animation=\"fade-in\" src=\"https:\/\/turismodeosuna.es\/wp-content\/uploads\/2022\/06\/sombrabanner-turismodeosuna.png\" alt=\"sombra\" srcset=\"https:\/\/turismodeosuna.es\/wp-content\/uploads\/2022\/06\/sombrabanner-turismodeosuna.png 1920w, https:\/\/turismodeosuna.es\/wp-content\/uploads\/2022\/06\/sombrabanner-turismodeosuna-300x34.png 300w, https:\/\/turismodeosuna.es\/wp-content\/uploads\/2022\/06\/sombrabanner-turismodeosuna-1024x115.png 1024w, https:\/\/turismodeosuna.es\/wp-content\/uploads\/2022\/06\/sombrabanner-turismodeosuna-768x86.png 768w, https:\/\/turismodeosuna.es\/wp-content\/uploads\/2022\/06\/sombrabanner-turismodeosuna-1536x172.png 1536w\" sizes=\"(max-width: 1920px) 100vw, 1920px\" \/>\n          <\/div>\n        <\/div>\n      <\/div>\n    <\/div>\n\t\t\t<\/div> \n\t\t<\/div>\n\t<\/div> \n<\/div><\/div>\n\t\t<div id=\"fws_69d9183695754\"  data-column-margin=\"default\" data-midnight=\"dark\"  class=\"wpb_row vc_row-fluid vc_row vc_row-o-equal-height vc_row-flex vc_row-o-content-middle  top_margin_-4pct top_margin_tablet_5pct top_margin_phone_5pct bottom_margin_tablet_0px\"  style=\"padding-top: 0px; padding-bottom: 0px; \"><div class=\"row-bg-wrap\" data-bg-animation=\"none\" data-bg-overlay=\"false\"><div class=\"inner-wrap\"><div class=\"row-bg viewport-desktop\"  style=\"\"><\/div><\/div><\/div><div class=\"row_col_wrap_12 col span_12 dark left\">\n\t<div  class=\"vc_col-sm-12 wpb_column column_container vc_column_container col no-extra-padding inherit_tablet inherit_phone\"  data-padding-pos=\"all\" data-has-bg-color=\"false\" data-bg-color=\"\" data-bg-opacity=\"1\" data-animation=\"\" data-delay=\"0\" >\n\t\t<div class=\"vc_column-inner\" >\n\t\t\t<div class=\"wpb_wrapper\">\n\t\t\t\t\n<div class=\"wpb_text_column wpb_content_element\" >\n\t<div class=\"wpb_wrapper\">\n\t\t<h1 style=\"text-align: center;\">Port of Encina-Calderona<\/h1>\n\t<\/div>\n<\/div>\n\n\n\n\n<div class=\"wpb_text_column wpb_content_element  table-sendero\" >\n\t<div class=\"wpb_wrapper\">\n\t\t<table>\n<thead>\n<tr>\n<th>TYPE<\/th>\n<th>D\u00c9NOMINATION<\/th>\n<th>TEMPS<\/th>\n<th>DISTANCE<\/th>\n<\/tr>\n<\/thead>\n<tbody>\n<tr>\n<td>SL-A 227<\/td>\n<td>Port of Encina-Calderona<\/td>\n<td>1h y 30min<\/td>\n<td>5,2 km<\/td>\n<\/tr>\n<\/tbody>\n<\/table>\n\t<\/div>\n<\/div>\n\n\n\n\n<div class=\"wpb_text_column wpb_content_element\" >\n\t<div class=\"wpb_wrapper\">\n\t\t<p>Nous p\u00e9n\u00e9trons dans l&#8217;un des territoires les plus solitaires de la municipalit\u00e9 d&#8217;Osuna, en traversant les lieux de Retama, Rancho Tusset, Mesada nous arriverons \u00e0 la majestueuse pin\u00e8de et aux p\u00e2turages de Calderona qui nous m\u00e8neront apr\u00e8s avoir travers\u00e9 le ruisseau Termino \u00e0 la Vereda de la Puebla de Cazalla utilisant ainsi les routes des anciens muletiers dans les environs de Puerto de la Encina.<\/p>\n\t<\/div>\n<\/div>\n\n\n\n\n\t\t\t<\/div> \n\t\t<\/div>\n\t<\/div> \n<\/div><\/div>\n\t\t<div id=\"fws_69d91836959ad\"  data-column-margin=\"default\" data-midnight=\"dark\"  class=\"wpb_row vc_row-fluid vc_row full-width-content vc_row-o-equal-height vc_row-flex vc_row-o-content-middle  bottom_margin_4pct top_margin_tablet_5pct top_margin_phone_5pct bottom_margin_tablet_0px\"  style=\"padding-top: 0px; padding-bottom: 0px; \"><div class=\"row-bg-wrap\" data-bg-animation=\"none\" data-bg-overlay=\"false\"><div class=\"inner-wrap\"><div class=\"row-bg viewport-desktop\"  style=\"\"><\/div><\/div><\/div><div class=\"row_col_wrap_12 col span_12 dark left\">\n\t<div  class=\"vc_col-sm-12 wpb_column column_container vc_column_container col no-extra-padding inherit_tablet inherit_phone\"  data-padding-pos=\"all\" data-has-bg-color=\"false\" data-bg-color=\"\" data-bg-opacity=\"1\" data-animation=\"\" data-delay=\"0\" >\n\t\t<div class=\"vc_column-inner\" >\n\t\t\t<div class=\"wpb_wrapper\">\n\t\t\t\t\n\t<div class=\"wpb_gallery wpb_content_element clearfix\">\n\t\t<div class=\"wpb_wrapper\"><div class=\"wpb_gallery_slidesflickity_style\" data-onclick=\"link_image\" data-interval=\"5\"><div class=\"nectar-flickity not-initialized\"  data-touch-icon-color=\"default\" data-stagger=\"\" data-drag-scale=\"\" data-overflow=\"hidden\" data-wrap=\"wrap\" data-spacing=\"default\" data-shadow=\"none\" data-autoplay=\"\" data-autoplay-dur=\"\" data-free-scroll=\"true\" data-controls=\"material_pagination\" data-desktop-columns=\"3\" data-small-desktop-columns=\"3\" data-tablet-columns=\"2\" data-phone-columns=\"1\"><div class=\"flickity-viewport\"> <div class=\"flickity-slider\"><div class=\"cell\" data-lazy=\"true\"><img decoding=\"async\" class=\"skip-lazy nectar-lazy\"  src=\"data:image\/svg+xml;charset=utf-8,%3Csvg%20xmlns%3D'http%3A%2F%2Fwww.w3.org%2F2000%2Fsvg'%20viewBox%3D'0%200%20799%20600'%2F%3E\" data-nectar-img-src=\"https:\/\/turismodeosuna.es\/wp-content\/uploads\/2022\/07\/Puerta-de-la-Encina-La-Calderona-600x400.webp\" width=\"600\" height=\"400\" alt=\"Puerta de la Encina-La Calderona\" title=\"Puerta de la Encina-La Calderona\" \/><a class=\"entire-slide-link\"  href=\"https:\/\/turismodeosuna.es\/wp-content\/uploads\/2022\/07\/Puerta-de-la-Encina-La-Calderona.webp\"><\/a><\/div><div class=\"cell\" data-lazy=\"true\"><img decoding=\"async\" class=\"skip-lazy nectar-lazy\"  src=\"data:image\/svg+xml;charset=utf-8,%3Csvg%20xmlns%3D'http%3A%2F%2Fwww.w3.org%2F2000%2Fsvg'%20viewBox%3D'0%200%20799%20600'%2F%3E\" data-nectar-img-src=\"https:\/\/turismodeosuna.es\/wp-content\/uploads\/2022\/07\/Puerto-de-la-encina-600x400.webp\" width=\"600\" height=\"400\" alt=\"Puerto de la encina\" title=\"Puerto de la encina\" \/><a class=\"entire-slide-link\"  href=\"https:\/\/turismodeosuna.es\/wp-content\/uploads\/2022\/07\/Puerto-de-la-encina.webp\"><\/a><\/div><div class=\"cell\" data-lazy=\"true\"><img decoding=\"async\" class=\"skip-lazy nectar-lazy\"  src=\"data:image\/svg+xml;charset=utf-8,%3Csvg%20xmlns%3D'http%3A%2F%2Fwww.w3.org%2F2000%2Fsvg'%20viewBox%3D'0%200%20799%20600'%2F%3E\" data-nectar-img-src=\"https:\/\/turismodeosuna.es\/wp-content\/uploads\/2022\/07\/wpt-2-600x400.webp\" width=\"600\" height=\"400\" alt=\"wpt 2\" title=\"wpt 2\" \/><a class=\"entire-slide-link\"  href=\"https:\/\/turismodeosuna.es\/wp-content\/uploads\/2022\/07\/wpt-2.webp\"><\/a><\/div><div class=\"cell\" data-lazy=\"true\"><img decoding=\"async\" class=\"skip-lazy nectar-lazy\"  src=\"data:image\/svg+xml;charset=utf-8,%3Csvg%20xmlns%3D'http%3A%2F%2Fwww.w3.org%2F2000%2Fsvg'%20viewBox%3D'0%200%20799%20600'%2F%3E\" data-nectar-img-src=\"https:\/\/turismodeosuna.es\/wp-content\/uploads\/2022\/07\/wpt-19-600x400.webp\" width=\"600\" height=\"400\" alt=\"wpt 19\" title=\"wpt 19\" \/><a class=\"entire-slide-link\"  href=\"https:\/\/turismodeosuna.es\/wp-content\/uploads\/2022\/07\/wpt-19.webp\"><\/a><\/div><div class=\"cell\" data-lazy=\"true\"><img decoding=\"async\" class=\"skip-lazy nectar-lazy\"  src=\"data:image\/svg+xml;charset=utf-8,%3Csvg%20xmlns%3D'http%3A%2F%2Fwww.w3.org%2F2000%2Fsvg'%20viewBox%3D'0%200%20450%20600'%2F%3E\" data-nectar-img-src=\"https:\/\/turismodeosuna.es\/wp-content\/uploads\/2022\/07\/wpt-31-1-450x400.webp\" width=\"450\" height=\"400\" alt=\"wpt 31-1\" title=\"wpt 31-1\" \/><a class=\"entire-slide-link\"  href=\"https:\/\/turismodeosuna.es\/wp-content\/uploads\/2022\/07\/wpt-31-1.webp\"><\/a><\/div><div class=\"cell\" data-lazy=\"true\"><img decoding=\"async\" class=\"skip-lazy nectar-lazy\"  src=\"data:image\/svg+xml;charset=utf-8,%3Csvg%20xmlns%3D'http%3A%2F%2Fwww.w3.org%2F2000%2Fsvg'%20viewBox%3D'0%200%20800%20600'%2F%3E\" data-nectar-img-src=\"https:\/\/turismodeosuna.es\/wp-content\/uploads\/2022\/07\/wpt-34-600x400.webp\" width=\"600\" height=\"400\" alt=\"wpt 34\" title=\"wpt 34\" \/><a class=\"entire-slide-link\"  href=\"https:\/\/turismodeosuna.es\/wp-content\/uploads\/2022\/07\/wpt-34.webp\"><\/a><\/div><\/div><\/div><\/div><\/div>\n\t\t<\/div> \n\t<\/div> \n\t\t\t<\/div> \n\t\t<\/div>\n\t<\/div> \n<\/div><\/div>","protected":false},"excerpt":{"rendered":"Puerto de la Encina-Calderona TYPE D\u00c9NOMINATION TEMPS DISTANCE SL-A 227 PUERTO DE LA ENCINA-CALDERONA 1h y 30min 5,2 km Nous p\u00e9n\u00e9trons dans l'un des territoires les plus solitaires de la...","protected":false},"author":2,"featured_media":0,"parent":0,"menu_order":0,"comment_status":"closed","ping_status":"closed","template":"","meta":{"inline_featured_image":false,"footnotes":""},"class_list":["post-4351","page","type-page","status-publish"],"yoast_head":"<!-- This site is optimized with the Yoast SEO plugin v25.3 - https:\/\/yoast.com\/wordpress\/plugins\/seo\/ -->\n<title>Sentier Puerto de La Encina-Calderona - Turismo Osuna<\/title>\n<meta name=\"robots\" content=\"index, follow, max-snippet:-1, max-image-preview:large, max-video-preview:-1\" \/>\n<link rel=\"canonical\" href=\"https:\/\/turismodeosuna.es\/en\/sentier-puerto-de-la-encina-calderona\/\" \/>\n<meta property=\"og:locale\" content=\"en_GB\" \/>\n<meta property=\"og:type\" content=\"article\" \/>\n<meta property=\"og:title\" content=\"Sentier Puerto de La Encina-Calderona - Turismo Osuna\" \/>\n<meta property=\"og:url\" content=\"https:\/\/turismodeosuna.es\/en\/sentier-puerto-de-la-encina-calderona\/\" \/>\n<meta property=\"og:site_name\" content=\"Turismo Osuna\" \/>\n<meta property=\"article:modified_time\" content=\"2023-02-13T09:02:21+00:00\" \/>\n<meta name=\"twitter:card\" content=\"summary_large_image\" \/>\n<meta name=\"twitter:label1\" content=\"Estimated reading time\" \/>\n\t<meta name=\"twitter:data1\" content=\"2 minutes\" \/>\n<script type=\"application\/ld+json\" class=\"yoast-schema-graph\">{\"@context\":\"https:\/\/schema.org\",\"@graph\":[{\"@type\":\"WebPage\",\"@id\":\"https:\/\/turismodeosuna.es\/sentier-puerto-de-la-encina-calderona\/\",\"url\":\"https:\/\/turismodeosuna.es\/sentier-puerto-de-la-encina-calderona\/\",\"name\":\"Sentier Puerto de La Encina-Calderona - Turismo Osuna\",\"isPartOf\":{\"@id\":\"https:\/\/turismodeosuna.es\/#website\"},\"datePublished\":\"2022-07-25T06:56:40+00:00\",\"dateModified\":\"2023-02-13T09:02:21+00:00\",\"breadcrumb\":{\"@id\":\"https:\/\/turismodeosuna.es\/sentier-puerto-de-la-encina-calderona\/#breadcrumb\"},\"inLanguage\":\"en-GB\",\"potentialAction\":[{\"@type\":\"ReadAction\",\"target\":[\"https:\/\/turismodeosuna.es\/sentier-puerto-de-la-encina-calderona\/\"]}]},{\"@type\":\"BreadcrumbList\",\"@id\":\"https:\/\/turismodeosuna.es\/sentier-puerto-de-la-encina-calderona\/#breadcrumb\",\"itemListElement\":[{\"@type\":\"ListItem\",\"position\":1,\"name\":\"Portada\",\"item\":\"https:\/\/turismodeosuna.es\/\"},{\"@type\":\"ListItem\",\"position\":2,\"name\":\"Sentier Puerto de La Encina-Calderona\"}]},{\"@type\":\"WebSite\",\"@id\":\"https:\/\/turismodeosuna.es\/#website\",\"url\":\"https:\/\/turismodeosuna.es\/\",\"name\":\"Turismo Osuna\",\"description\":\"Turismo de Osuna\",\"potentialAction\":[{\"@type\":\"SearchAction\",\"target\":{\"@type\":\"EntryPoint\",\"urlTemplate\":\"https:\/\/turismodeosuna.es\/?s={search_term_string}\"},\"query-input\":{\"@type\":\"PropertyValueSpecification\",\"valueRequired\":true,\"valueName\":\"search_term_string\"}}],\"inLanguage\":\"en-GB\"}]}<\/script>\n<!-- \/ Yoast SEO plugin. -->","yoast_head_json":{"title":"Sentier Puerto de La Encina-Calderona - Turismo Osuna","robots":{"index":"index","follow":"follow","max-snippet":"max-snippet:-1","max-image-preview":"max-image-preview:large","max-video-preview":"max-video-preview:-1"},"canonical":"https:\/\/turismodeosuna.es\/en\/sentier-puerto-de-la-encina-calderona\/","og_locale":"en_GB","og_type":"article","og_title":"Sentier Puerto de La Encina-Calderona - Turismo Osuna","og_url":"https:\/\/turismodeosuna.es\/en\/sentier-puerto-de-la-encina-calderona\/","og_site_name":"Turismo Osuna","article_modified_time":"2023-02-13T09:02:21+00:00","twitter_card":"summary_large_image","twitter_misc":{"Estimated reading time":"2 minutes"},"schema":{"@context":"https:\/\/schema.org","@graph":[{"@type":"WebPage","@id":"https:\/\/turismodeosuna.es\/sentier-puerto-de-la-encina-calderona\/","url":"https:\/\/turismodeosuna.es\/sentier-puerto-de-la-encina-calderona\/","name":"Sentier Puerto de La Encina-Calderona - Turismo Osuna","isPartOf":{"@id":"https:\/\/turismodeosuna.es\/#website"},"datePublished":"2022-07-25T06:56:40+00:00","dateModified":"2023-02-13T09:02:21+00:00","breadcrumb":{"@id":"https:\/\/turismodeosuna.es\/sentier-puerto-de-la-encina-calderona\/#breadcrumb"},"inLanguage":"en-GB","potentialAction":[{"@type":"ReadAction","target":["https:\/\/turismodeosuna.es\/sentier-puerto-de-la-encina-calderona\/"]}]},{"@type":"BreadcrumbList","@id":"https:\/\/turismodeosuna.es\/sentier-puerto-de-la-encina-calderona\/#breadcrumb","itemListElement":[{"@type":"ListItem","position":1,"name":"Portada","item":"https:\/\/turismodeosuna.es\/"},{"@type":"ListItem","position":2,"name":"Sentier Puerto de La Encina-Calderona"}]},{"@type":"WebSite","@id":"https:\/\/turismodeosuna.es\/#website","url":"https:\/\/turismodeosuna.es\/","name":"Turismo Osuna","description":"Turismo de Osuna","potentialAction":[{"@type":"SearchAction","target":{"@type":"EntryPoint","urlTemplate":"https:\/\/turismodeosuna.es\/?s={search_term_string}"},"query-input":{"@type":"PropertyValueSpecification","valueRequired":true,"valueName":"search_term_string"}}],"inLanguage":"en-GB"}]}},"_links":{"self":[{"href":"https:\/\/turismodeosuna.es\/en\/wp-json\/wp\/v2\/pages\/4351","targetHints":{"allow":["GET"]}}],"collection":[{"href":"https:\/\/turismodeosuna.es\/en\/wp-json\/wp\/v2\/pages"}],"about":[{"href":"https:\/\/turismodeosuna.es\/en\/wp-json\/wp\/v2\/types\/page"}],"author":[{"embeddable":true,"href":"https:\/\/turismodeosuna.es\/en\/wp-json\/wp\/v2\/users\/2"}],"replies":[{"embeddable":true,"href":"https:\/\/turismodeosuna.es\/en\/wp-json\/wp\/v2\/comments?post=4351"}],"version-history":[{"count":2,"href":"https:\/\/turismodeosuna.es\/en\/wp-json\/wp\/v2\/pages\/4351\/revisions"}],"predecessor-version":[{"id":4371,"href":"https:\/\/turismodeosuna.es\/en\/wp-json\/wp\/v2\/pages\/4351\/revisions\/4371"}],"wp:attachment":[{"href":"https:\/\/turismodeosuna.es\/en\/wp-json\/wp\/v2\/media?parent=4351"}],"curies":[{"name":"wp","href":"https:\/\/api.w.org\/{rel}","templated":true}]}}