{"id":4353,"date":"2022-07-25T08:57:08","date_gmt":"2022-07-25T06:57:08","guid":{"rendered":"http:\/\/turismodeosuna.es\/ipora-los-naranjos-path\/"},"modified":"2023-02-13T10:04:16","modified_gmt":"2023-02-13T09:04:16","slug":"sentier-ipora-los-naranjos","status":"publish","type":"page","link":"https:\/\/turismodeosuna.es\/en\/sentier-ipora-los-naranjos\/","title":{"rendered":"Sentier \u00cdpora Los Naranjos"},"content":{"rendered":"<div id=\"fws_69d917ee6da6c\"  data-column-margin=\"default\" data-midnight=\"dark\"  class=\"wpb_row vc_row-fluid vc_row full-width-content vc_row-o-equal-height vc_row-flex vc_row-o-content-top\"  style=\"padding-top: 0px; padding-bottom: 0px; \"><div class=\"row-bg-wrap\" data-bg-animation=\"none\" data-bg-overlay=\"false\"><div class=\"inner-wrap\"><div class=\"row-bg viewport-desktop\"  style=\"\"><\/div><\/div><\/div><div class=\"row_col_wrap_12 col span_12 dark left\">\n\t<div  class=\"vc_col-sm-12 wpb_column column_container vc_column_container col no-extra-padding inherit_tablet inherit_phone\"  data-padding-pos=\"all\" data-has-bg-color=\"false\" data-bg-color=\"\" data-bg-opacity=\"1\" data-animation=\"\" data-delay=\"0\" >\n\t\t<div class=\"vc_column-inner\" >\n\t\t\t<div class=\"wpb_wrapper\">\n\t\t\t\t<div class=\"img-with-aniamtion-wrap center\" data-max-width=\"100%\" data-max-width-mobile=\"default\" data-shadow=\"none\" data-animation=\"fade-in\" >\n      <div class=\"inner\">\n        <div class=\"hover-wrap\"> \n          <div class=\"hover-wrap-inner\">\n            <img decoding=\"async\" class=\"img-with-animation skip-lazy img-sendero\" data-delay=\"0\" height=\"1920\" width=\"2560\" data-animation=\"fade-in\" src=\"https:\/\/turismodeosuna.es\/wp-content\/uploads\/2022\/07\/ipora-los-naranjos-6-scaled.webp\" alt=\"\" srcset=\"https:\/\/turismodeosuna.es\/wp-content\/uploads\/2022\/07\/ipora-los-naranjos-6-scaled.webp 2560w, https:\/\/turismodeosuna.es\/wp-content\/uploads\/2022\/07\/ipora-los-naranjos-6-300x225.webp 300w, https:\/\/turismodeosuna.es\/wp-content\/uploads\/2022\/07\/ipora-los-naranjos-6-1024x768.webp 1024w, https:\/\/turismodeosuna.es\/wp-content\/uploads\/2022\/07\/ipora-los-naranjos-6-768x576.webp 768w, https:\/\/turismodeosuna.es\/wp-content\/uploads\/2022\/07\/ipora-los-naranjos-6-1536x1152.webp 1536w, https:\/\/turismodeosuna.es\/wp-content\/uploads\/2022\/07\/ipora-los-naranjos-6-2048x1536.webp 2048w\" sizes=\"(max-width: 2560px) 100vw, 2560px\" \/>\n          <\/div>\n        <\/div>\n      <\/div>\n    <\/div><div class=\"img-with-aniamtion-wrap center\" data-max-width=\"100%\" data-max-width-mobile=\"default\" data-shadow=\"none\" data-animation=\"fade-in\" >\n      <div class=\"inner\">\n        <div class=\"hover-wrap\"> \n          <div class=\"hover-wrap-inner\">\n            <img decoding=\"async\" class=\"img-with-animation skip-lazy\" data-delay=\"0\" height=\"215\" width=\"1920\" data-animation=\"fade-in\" src=\"https:\/\/turismodeosuna.es\/wp-content\/uploads\/2022\/06\/sombrabanner-turismodeosuna.png\" alt=\"sombra\" srcset=\"https:\/\/turismodeosuna.es\/wp-content\/uploads\/2022\/06\/sombrabanner-turismodeosuna.png 1920w, https:\/\/turismodeosuna.es\/wp-content\/uploads\/2022\/06\/sombrabanner-turismodeosuna-300x34.png 300w, https:\/\/turismodeosuna.es\/wp-content\/uploads\/2022\/06\/sombrabanner-turismodeosuna-1024x115.png 1024w, https:\/\/turismodeosuna.es\/wp-content\/uploads\/2022\/06\/sombrabanner-turismodeosuna-768x86.png 768w, https:\/\/turismodeosuna.es\/wp-content\/uploads\/2022\/06\/sombrabanner-turismodeosuna-1536x172.png 1536w\" sizes=\"(max-width: 1920px) 100vw, 1920px\" \/>\n          <\/div>\n        <\/div>\n      <\/div>\n    <\/div>\n\t\t\t<\/div> \n\t\t<\/div>\n\t<\/div> \n<\/div><\/div>\n\t\t<div id=\"fws_69d917ee6e31d\"  data-column-margin=\"default\" data-midnight=\"dark\"  class=\"wpb_row vc_row-fluid vc_row vc_row-o-equal-height vc_row-flex vc_row-o-content-middle  top_margin_-4pct top_margin_tablet_5pct top_margin_phone_5pct bottom_margin_tablet_0px\"  style=\"padding-top: 0px; padding-bottom: 0px; \"><div class=\"row-bg-wrap\" data-bg-animation=\"none\" data-bg-overlay=\"false\"><div class=\"inner-wrap\"><div class=\"row-bg viewport-desktop\"  style=\"\"><\/div><\/div><\/div><div class=\"row_col_wrap_12 col span_12 dark left\">\n\t<div  class=\"vc_col-sm-12 wpb_column column_container vc_column_container col no-extra-padding inherit_tablet inherit_phone\"  data-padding-pos=\"all\" data-has-bg-color=\"false\" data-bg-color=\"\" data-bg-opacity=\"1\" data-animation=\"\" data-delay=\"0\" >\n\t\t<div class=\"vc_column-inner\" >\n\t\t\t<div class=\"wpb_wrapper\">\n\t\t\t\t\n<div class=\"wpb_text_column wpb_content_element\" >\n\t<div class=\"wpb_wrapper\">\n\t\t<h1 style=\"text-align: center;\">\u00cdpora \u2013 Los Naranjos<\/h1>\n\t<\/div>\n<\/div>\n\n\n\n\n<div class=\"wpb_text_column wpb_content_element  table-sendero\" >\n\t<div class=\"wpb_wrapper\">\n\t\t<table>\n<thead>\n<tr>\n<th>TYPE<\/th>\n<th>D\u00c9NOMINATION<\/th>\n<th>TEMPS<\/th>\n<th>DISTANCE<\/th>\n<\/tr>\n<\/thead>\n<tbody>\n<tr>\n<td>PR-A 380<\/td>\n<td>\u00cdPORA LOS NARANJOS<\/td>\n<td>5h y 35min<\/td>\n<td>21 km<\/td>\n<\/tr>\n<\/tbody>\n<\/table>\n\t<\/div>\n<\/div>\n\n\n\n\n<div class=\"wpb_text_column wpb_content_element\" >\n\t<div class=\"wpb_wrapper\">\n\t\t<p>Les reptiles et les rapaces gravement menac\u00e9s d\u2019extinction trouvent leur refuge dans le cadre naturel limit\u00e9 par la rivi\u00e8re\u00a0<em>Blanco<\/em>\u00a0et le ruisseau\u00a0<em>Salinoso<\/em>. Ce lieu pr\u00e9sente une forme tr\u00e8s caract\u00e9ristique \u00e0 cause des proc\u00e8s \u00e9rosifs et on peut y trouver les spectaculaires \u00ab\u00a0for\u00eats-galeries\u00a0\u00bb. Dans le cours de la rivi\u00e8re, il faut souligner la zone connue comme \u00ab\u00a0la planada del r\u00edo\u00a0\u00bb (grande plaine de la rivi\u00e8re), o\u00f9 il est possible de trouver un m\u00e9andre en cours de formation. Des renards, des \u00e9perviers ou des rossignols ont choisi ce lieu comme son habitat.<\/p>\n\t<\/div>\n<\/div>\n\n\n\n\n\t\t\t<\/div> \n\t\t<\/div>\n\t<\/div> \n<\/div><\/div>\n\t\t<div id=\"fws_69d917ee6e600\"  data-column-margin=\"default\" data-midnight=\"dark\"  class=\"wpb_row vc_row-fluid vc_row full-width-content vc_row-o-equal-height vc_row-flex vc_row-o-content-middle  bottom_margin_4pct top_margin_tablet_5pct top_margin_phone_5pct bottom_margin_tablet_0px\"  style=\"padding-top: 0px; padding-bottom: 0px; \"><div class=\"row-bg-wrap\" data-bg-animation=\"none\" data-bg-overlay=\"false\"><div class=\"inner-wrap\"><div class=\"row-bg viewport-desktop\"  style=\"\"><\/div><\/div><\/div><div class=\"row_col_wrap_12 col span_12 dark left\">\n\t<div  class=\"vc_col-sm-12 wpb_column column_container vc_column_container col no-extra-padding inherit_tablet inherit_phone\"  data-padding-pos=\"all\" data-has-bg-color=\"false\" data-bg-color=\"\" data-bg-opacity=\"1\" data-animation=\"\" data-delay=\"0\" >\n\t\t<div class=\"vc_column-inner\" >\n\t\t\t<div class=\"wpb_wrapper\">\n\t\t\t\t\n\t<div class=\"wpb_gallery wpb_content_element clearfix\">\n\t\t<div class=\"wpb_wrapper\"><div class=\"wpb_gallery_slidesflickity_style\" data-onclick=\"link_image\" data-interval=\"5\"><div class=\"nectar-flickity not-initialized\"  data-touch-icon-color=\"default\" data-stagger=\"\" data-drag-scale=\"\" data-overflow=\"hidden\" data-wrap=\"wrap\" data-spacing=\"default\" data-shadow=\"none\" data-autoplay=\"\" data-autoplay-dur=\"\" data-free-scroll=\"true\" data-controls=\"material_pagination\" data-desktop-columns=\"3\" data-small-desktop-columns=\"3\" data-tablet-columns=\"2\" data-phone-columns=\"1\"><div class=\"flickity-viewport\"> <div class=\"flickity-slider\"><div class=\"cell\" data-lazy=\"true\"><img decoding=\"async\" class=\"skip-lazy nectar-lazy\"  src=\"data:image\/svg+xml;charset=utf-8,%3Csvg%20xmlns%3D'http%3A%2F%2Fwww.w3.org%2F2000%2Fsvg'%20viewBox%3D'0%200%201024%20768'%2F%3E\" data-nectar-img-src=\"https:\/\/turismodeosuna.es\/wp-content\/uploads\/2022\/07\/ipora-los-naranjos-6-scaled-600x400.webp\" width=\"600\" height=\"400\" alt=\"ipora los naranjos 6\" title=\"ipora los naranjos 6\" \/><a class=\"entire-slide-link\"  href=\"https:\/\/turismodeosuna.es\/wp-content\/uploads\/2022\/07\/ipora-los-naranjos-6-scaled.webp\"><\/a><\/div><div class=\"cell\" data-lazy=\"true\"><img decoding=\"async\" class=\"skip-lazy nectar-lazy\"  src=\"data:image\/svg+xml;charset=utf-8,%3Csvg%20xmlns%3D'http%3A%2F%2Fwww.w3.org%2F2000%2Fsvg'%20viewBox%3D'0%200%20768%201024'%2F%3E\" data-nectar-img-src=\"https:\/\/turismodeosuna.es\/wp-content\/uploads\/2022\/07\/ipora-los-naranjos-7-scaled-e1679571852124-600x400.webp\" width=\"600\" height=\"400\" alt=\"ipora los naranjos 7\" title=\"ipora los naranjos 7\" \/><a class=\"entire-slide-link\"  href=\"https:\/\/turismodeosuna.es\/wp-content\/uploads\/2022\/07\/ipora-los-naranjos-7-scaled-e1679571852124.webp\"><\/a><\/div><div class=\"cell\" data-lazy=\"true\"><img decoding=\"async\" class=\"skip-lazy nectar-lazy\"  src=\"data:image\/svg+xml;charset=utf-8,%3Csvg%20xmlns%3D'http%3A%2F%2Fwww.w3.org%2F2000%2Fsvg'%20viewBox%3D'0%200%201024%20768'%2F%3E\" data-nectar-img-src=\"https:\/\/turismodeosuna.es\/wp-content\/uploads\/2022\/07\/ipora-los-naranjos-8-scaled-600x400.webp\" width=\"600\" height=\"400\" alt=\"ipora los naranjos 8\" title=\"ipora los naranjos 8\" \/><a class=\"entire-slide-link\"  href=\"https:\/\/turismodeosuna.es\/wp-content\/uploads\/2022\/07\/ipora-los-naranjos-8-scaled.webp\"><\/a><\/div><div class=\"cell\" data-lazy=\"true\"><img decoding=\"async\" class=\"skip-lazy nectar-lazy\"  src=\"data:image\/svg+xml;charset=utf-8,%3Csvg%20xmlns%3D'http%3A%2F%2Fwww.w3.org%2F2000%2Fsvg'%20viewBox%3D'0%200%20768%201024'%2F%3E\" data-nectar-img-src=\"https:\/\/turismodeosuna.es\/wp-content\/uploads\/2022\/07\/Ipora-Los-Naranjos-1-scaled-600x400.webp\" width=\"600\" height=\"400\" alt=\"\u00cdpora Los Naranjos 1\" title=\"\u00cdpora Los Naranjos 1\" \/><a class=\"entire-slide-link\"  href=\"https:\/\/turismodeosuna.es\/wp-content\/uploads\/2022\/07\/Ipora-Los-Naranjos-1-scaled.webp\"><\/a><\/div><div class=\"cell\" data-lazy=\"true\"><img decoding=\"async\" class=\"skip-lazy nectar-lazy\"  src=\"data:image\/svg+xml;charset=utf-8,%3Csvg%20xmlns%3D'http%3A%2F%2Fwww.w3.org%2F2000%2Fsvg'%20viewBox%3D'0%200%20768%201024'%2F%3E\" data-nectar-img-src=\"https:\/\/turismodeosuna.es\/wp-content\/uploads\/2022\/07\/Ipora-los-Naranjos-2-scaled-e1679571819640-600x400.webp\" width=\"600\" height=\"400\" alt=\"Ipora los Naranjos 2\" title=\"Ipora los Naranjos 2\" \/><a class=\"entire-slide-link\"  href=\"https:\/\/turismodeosuna.es\/wp-content\/uploads\/2022\/07\/Ipora-los-Naranjos-2-scaled-e1679571819640.webp\"><\/a><\/div><div class=\"cell\" data-lazy=\"true\"><img decoding=\"async\" class=\"skip-lazy nectar-lazy\"  src=\"data:image\/svg+xml;charset=utf-8,%3Csvg%20xmlns%3D'http%3A%2F%2Fwww.w3.org%2F2000%2Fsvg'%20viewBox%3D'0%200%201024%20768'%2F%3E\" data-nectar-img-src=\"https:\/\/turismodeosuna.es\/wp-content\/uploads\/2022\/07\/ipora-los-naranjos-3-scaled-600x400.webp\" width=\"600\" height=\"400\" alt=\"\u00edpora los naranjos 3\" title=\"\u00edpora los naranjos 3\" \/><a class=\"entire-slide-link\"  href=\"https:\/\/turismodeosuna.es\/wp-content\/uploads\/2022\/07\/ipora-los-naranjos-3-scaled.webp\"><\/a><\/div><div class=\"cell\" data-lazy=\"true\"><img decoding=\"async\" class=\"skip-lazy nectar-lazy\"  src=\"data:image\/svg+xml;charset=utf-8,%3Csvg%20xmlns%3D'http%3A%2F%2Fwww.w3.org%2F2000%2Fsvg'%20viewBox%3D'0%200%20768%201024'%2F%3E\" data-nectar-img-src=\"https:\/\/turismodeosuna.es\/wp-content\/uploads\/2022\/07\/Ipora-los-naranjos-4-scaled-e1679571709816-600x400.webp\" width=\"600\" height=\"400\" alt=\"Ipora los naranjos 4\" title=\"Ipora los naranjos 4\" \/><a class=\"entire-slide-link\"  href=\"https:\/\/turismodeosuna.es\/wp-content\/uploads\/2022\/07\/Ipora-los-naranjos-4-scaled-e1679571709816.webp\"><\/a><\/div><div class=\"cell\" data-lazy=\"true\"><img decoding=\"async\" class=\"skip-lazy nectar-lazy\"  src=\"data:image\/svg+xml;charset=utf-8,%3Csvg%20xmlns%3D'http%3A%2F%2Fwww.w3.org%2F2000%2Fsvg'%20viewBox%3D'0%200%201024%20768'%2F%3E\" data-nectar-img-src=\"https:\/\/turismodeosuna.es\/wp-content\/uploads\/2022\/07\/Ipora-los-naranjos-5-scaled-600x400.webp\" width=\"600\" height=\"400\" alt=\"\u00cdpora los naranjos 5\" title=\"\u00cdpora los naranjos 5\" \/><a class=\"entire-slide-link\"  href=\"https:\/\/turismodeosuna.es\/wp-content\/uploads\/2022\/07\/Ipora-los-naranjos-5-scaled.webp\"><\/a><\/div><\/div><\/div><\/div><\/div>\n\t\t<\/div> \n\t<\/div> \n\t\t\t<\/div> \n\t\t<\/div>\n\t<\/div> \n<\/div><\/div>","protected":false},"excerpt":{"rendered":"\u00cdpora - Los Naranjos TYPE D\u00c9NOMINATION TEMPS DISTANCE PR-A 380 \u00cdPORA LOS NARANJOS 5h y 35min 21 km Les reptiles et les rapaces gravement menac\u00e9s d\u2019extinction trouvent leur refuge dans...","protected":false},"author":2,"featured_media":0,"parent":0,"menu_order":0,"comment_status":"closed","ping_status":"closed","template":"","meta":{"inline_featured_image":false,"footnotes":""},"class_list":["post-4353","page","type-page","status-publish"],"yoast_head":"<!-- This site is optimized with the Yoast SEO plugin v25.3 - https:\/\/yoast.com\/wordpress\/plugins\/seo\/ -->\n<title>Sentier \u00cdpora Los Naranjos - Turismo Osuna<\/title>\n<meta name=\"robots\" content=\"index, follow, max-snippet:-1, max-image-preview:large, max-video-preview:-1\" \/>\n<link rel=\"canonical\" href=\"https:\/\/turismodeosuna.es\/en\/sentier-ipora-los-naranjos\/\" \/>\n<meta property=\"og:locale\" content=\"en_GB\" \/>\n<meta property=\"og:type\" content=\"article\" \/>\n<meta property=\"og:title\" content=\"Sentier \u00cdpora Los Naranjos - Turismo Osuna\" \/>\n<meta property=\"og:url\" content=\"https:\/\/turismodeosuna.es\/en\/sentier-ipora-los-naranjos\/\" \/>\n<meta property=\"og:site_name\" content=\"Turismo Osuna\" \/>\n<meta property=\"article:modified_time\" content=\"2023-02-13T09:04:16+00:00\" \/>\n<meta name=\"twitter:card\" content=\"summary_large_image\" \/>\n<meta name=\"twitter:label1\" content=\"Estimated reading time\" \/>\n\t<meta name=\"twitter:data1\" content=\"2 minutes\" \/>\n<script type=\"application\/ld+json\" class=\"yoast-schema-graph\">{\"@context\":\"https:\/\/schema.org\",\"@graph\":[{\"@type\":\"WebPage\",\"@id\":\"https:\/\/turismodeosuna.es\/sentier-ipora-los-naranjos\/\",\"url\":\"https:\/\/turismodeosuna.es\/sentier-ipora-los-naranjos\/\",\"name\":\"Sentier \u00cdpora Los Naranjos - Turismo Osuna\",\"isPartOf\":{\"@id\":\"https:\/\/turismodeosuna.es\/#website\"},\"datePublished\":\"2022-07-25T06:57:08+00:00\",\"dateModified\":\"2023-02-13T09:04:16+00:00\",\"breadcrumb\":{\"@id\":\"https:\/\/turismodeosuna.es\/sentier-ipora-los-naranjos\/#breadcrumb\"},\"inLanguage\":\"en-GB\",\"potentialAction\":[{\"@type\":\"ReadAction\",\"target\":[\"https:\/\/turismodeosuna.es\/sentier-ipora-los-naranjos\/\"]}]},{\"@type\":\"BreadcrumbList\",\"@id\":\"https:\/\/turismodeosuna.es\/sentier-ipora-los-naranjos\/#breadcrumb\",\"itemListElement\":[{\"@type\":\"ListItem\",\"position\":1,\"name\":\"Portada\",\"item\":\"https:\/\/turismodeosuna.es\/\"},{\"@type\":\"ListItem\",\"position\":2,\"name\":\"Sentier \u00cdpora Los Naranjos\"}]},{\"@type\":\"WebSite\",\"@id\":\"https:\/\/turismodeosuna.es\/#website\",\"url\":\"https:\/\/turismodeosuna.es\/\",\"name\":\"Turismo Osuna\",\"description\":\"Turismo de Osuna\",\"potentialAction\":[{\"@type\":\"SearchAction\",\"target\":{\"@type\":\"EntryPoint\",\"urlTemplate\":\"https:\/\/turismodeosuna.es\/?s={search_term_string}\"},\"query-input\":{\"@type\":\"PropertyValueSpecification\",\"valueRequired\":true,\"valueName\":\"search_term_string\"}}],\"inLanguage\":\"en-GB\"}]}<\/script>\n<!-- \/ Yoast SEO plugin. -->","yoast_head_json":{"title":"Sentier \u00cdpora Los Naranjos - Turismo Osuna","robots":{"index":"index","follow":"follow","max-snippet":"max-snippet:-1","max-image-preview":"max-image-preview:large","max-video-preview":"max-video-preview:-1"},"canonical":"https:\/\/turismodeosuna.es\/en\/sentier-ipora-los-naranjos\/","og_locale":"en_GB","og_type":"article","og_title":"Sentier \u00cdpora Los Naranjos - Turismo Osuna","og_url":"https:\/\/turismodeosuna.es\/en\/sentier-ipora-los-naranjos\/","og_site_name":"Turismo Osuna","article_modified_time":"2023-02-13T09:04:16+00:00","twitter_card":"summary_large_image","twitter_misc":{"Estimated reading time":"2 minutes"},"schema":{"@context":"https:\/\/schema.org","@graph":[{"@type":"WebPage","@id":"https:\/\/turismodeosuna.es\/sentier-ipora-los-naranjos\/","url":"https:\/\/turismodeosuna.es\/sentier-ipora-los-naranjos\/","name":"Sentier \u00cdpora Los Naranjos - Turismo Osuna","isPartOf":{"@id":"https:\/\/turismodeosuna.es\/#website"},"datePublished":"2022-07-25T06:57:08+00:00","dateModified":"2023-02-13T09:04:16+00:00","breadcrumb":{"@id":"https:\/\/turismodeosuna.es\/sentier-ipora-los-naranjos\/#breadcrumb"},"inLanguage":"en-GB","potentialAction":[{"@type":"ReadAction","target":["https:\/\/turismodeosuna.es\/sentier-ipora-los-naranjos\/"]}]},{"@type":"BreadcrumbList","@id":"https:\/\/turismodeosuna.es\/sentier-ipora-los-naranjos\/#breadcrumb","itemListElement":[{"@type":"ListItem","position":1,"name":"Portada","item":"https:\/\/turismodeosuna.es\/"},{"@type":"ListItem","position":2,"name":"Sentier \u00cdpora Los Naranjos"}]},{"@type":"WebSite","@id":"https:\/\/turismodeosuna.es\/#website","url":"https:\/\/turismodeosuna.es\/","name":"Turismo Osuna","description":"Turismo de Osuna","potentialAction":[{"@type":"SearchAction","target":{"@type":"EntryPoint","urlTemplate":"https:\/\/turismodeosuna.es\/?s={search_term_string}"},"query-input":{"@type":"PropertyValueSpecification","valueRequired":true,"valueName":"search_term_string"}}],"inLanguage":"en-GB"}]}},"_links":{"self":[{"href":"https:\/\/turismodeosuna.es\/en\/wp-json\/wp\/v2\/pages\/4353","targetHints":{"allow":["GET"]}}],"collection":[{"href":"https:\/\/turismodeosuna.es\/en\/wp-json\/wp\/v2\/pages"}],"about":[{"href":"https:\/\/turismodeosuna.es\/en\/wp-json\/wp\/v2\/types\/page"}],"author":[{"embeddable":true,"href":"https:\/\/turismodeosuna.es\/en\/wp-json\/wp\/v2\/users\/2"}],"replies":[{"embeddable":true,"href":"https:\/\/turismodeosuna.es\/en\/wp-json\/wp\/v2\/comments?post=4353"}],"version-history":[{"count":2,"href":"https:\/\/turismodeosuna.es\/en\/wp-json\/wp\/v2\/pages\/4353\/revisions"}],"predecessor-version":[{"id":4375,"href":"https:\/\/turismodeosuna.es\/en\/wp-json\/wp\/v2\/pages\/4353\/revisions\/4375"}],"wp:attachment":[{"href":"https:\/\/turismodeosuna.es\/en\/wp-json\/wp\/v2\/media?parent=4353"}],"curies":[{"name":"wp","href":"https:\/\/api.w.org\/{rel}","templated":true}]}}