{"id":4377,"date":"2022-07-28T10:46:46","date_gmt":"2022-07-28T08:46:46","guid":{"rendered":"http:\/\/turismodeosuna.es\/ruta-de-la-victoria\/"},"modified":"2023-03-26T20:38:28","modified_gmt":"2023-03-26T18:38:28","slug":"ruta-de-la-victoria","status":"publish","type":"page","link":"https:\/\/turismodeosuna.es\/en\/ruta-de-la-victoria\/","title":{"rendered":"Route de la Victoria"},"content":{"rendered":"<div id=\"fws_69d91835cdb1e\"  data-column-margin=\"default\" data-midnight=\"dark\"  class=\"wpb_row vc_row-fluid vc_row full-width-content vc_row-o-equal-height vc_row-flex vc_row-o-content-top\"  style=\"padding-top: 0px; padding-bottom: 0px; \"><div class=\"row-bg-wrap\" data-bg-animation=\"none\" data-bg-overlay=\"false\"><div class=\"inner-wrap\"><div class=\"row-bg viewport-desktop\"  style=\"\"><\/div><\/div><\/div><div class=\"row_col_wrap_12 col span_12 dark left\">\n\t<div  class=\"vc_col-sm-12 wpb_column column_container vc_column_container col no-extra-padding inherit_tablet inherit_phone\"  data-padding-pos=\"all\" data-has-bg-color=\"false\" data-bg-color=\"\" data-bg-opacity=\"1\" data-animation=\"\" data-delay=\"0\" >\n\t\t<div class=\"vc_column-inner\" >\n\t\t\t<div class=\"wpb_wrapper\">\n\t\t\t\t<div class=\"img-with-aniamtion-wrap center\" data-max-width=\"100%\" data-max-width-mobile=\"default\" data-shadow=\"none\" data-animation=\"fade-in\" >\n      <div class=\"inner\">\n        <div class=\"hover-wrap\"> \n          <div class=\"hover-wrap-inner\">\n            <img decoding=\"async\" class=\"img-with-animation skip-lazy img-sendero\" data-delay=\"0\" height=\"400\" width=\"1920\" data-animation=\"fade-in\" src=\"https:\/\/turismodeosuna.es\/wp-content\/uploads\/2022\/07\/banner-senderocicloturista-turismoosuna.webp\" alt=\"\" srcset=\"https:\/\/turismodeosuna.es\/wp-content\/uploads\/2022\/07\/banner-senderocicloturista-turismoosuna.webp 1920w, https:\/\/turismodeosuna.es\/wp-content\/uploads\/2022\/07\/banner-senderocicloturista-turismoosuna-300x63.webp 300w, https:\/\/turismodeosuna.es\/wp-content\/uploads\/2022\/07\/banner-senderocicloturista-turismoosuna-1024x213.webp 1024w, https:\/\/turismodeosuna.es\/wp-content\/uploads\/2022\/07\/banner-senderocicloturista-turismoosuna-768x160.webp 768w, https:\/\/turismodeosuna.es\/wp-content\/uploads\/2022\/07\/banner-senderocicloturista-turismoosuna-1536x320.webp 1536w\" sizes=\"(max-width: 1920px) 100vw, 1920px\" \/>\n          <\/div>\n        <\/div>\n      <\/div>\n    <\/div><div class=\"img-with-aniamtion-wrap center\" data-max-width=\"100%\" data-max-width-mobile=\"default\" data-shadow=\"none\" data-animation=\"fade-in\" >\n      <div class=\"inner\">\n        <div class=\"hover-wrap\"> \n          <div class=\"hover-wrap-inner\">\n            <img decoding=\"async\" class=\"img-with-animation skip-lazy\" data-delay=\"0\" height=\"215\" width=\"1920\" data-animation=\"fade-in\" src=\"https:\/\/turismodeosuna.es\/wp-content\/uploads\/2022\/06\/sombrabanner-turismodeosuna.png\" alt=\"sombra\" srcset=\"https:\/\/turismodeosuna.es\/wp-content\/uploads\/2022\/06\/sombrabanner-turismodeosuna.png 1920w, https:\/\/turismodeosuna.es\/wp-content\/uploads\/2022\/06\/sombrabanner-turismodeosuna-300x34.png 300w, https:\/\/turismodeosuna.es\/wp-content\/uploads\/2022\/06\/sombrabanner-turismodeosuna-1024x115.png 1024w, https:\/\/turismodeosuna.es\/wp-content\/uploads\/2022\/06\/sombrabanner-turismodeosuna-768x86.png 768w, https:\/\/turismodeosuna.es\/wp-content\/uploads\/2022\/06\/sombrabanner-turismodeosuna-1536x172.png 1536w\" sizes=\"(max-width: 1920px) 100vw, 1920px\" \/>\n          <\/div>\n        <\/div>\n      <\/div>\n    <\/div>\n\t\t\t<\/div> \n\t\t<\/div>\n\t<\/div> \n<\/div><\/div>\n\t\t<div id=\"fws_69d91835cf64d\"  data-column-margin=\"default\" data-midnight=\"dark\"  class=\"wpb_row vc_row-fluid vc_row vc_row-o-equal-height vc_row-flex vc_row-o-content-middle  top_margin_-4pct top_margin_tablet_5pct top_margin_phone_5pct bottom_margin_tablet_0px\"  style=\"padding-top: 0px; padding-bottom: 0px; \"><div class=\"row-bg-wrap\" data-bg-animation=\"none\" data-bg-overlay=\"false\"><div class=\"inner-wrap\"><div class=\"row-bg viewport-desktop\"  style=\"\"><\/div><\/div><\/div><div class=\"row_col_wrap_12 col span_12 dark left\">\n\t<div  class=\"vc_col-sm-12 wpb_column column_container vc_column_container col no-extra-padding inherit_tablet inherit_phone\"  data-padding-pos=\"all\" data-has-bg-color=\"false\" data-bg-color=\"\" data-bg-opacity=\"1\" data-animation=\"\" data-delay=\"0\" >\n\t\t<div class=\"vc_column-inner\" >\n\t\t\t<div class=\"wpb_wrapper\">\n\t\t\t\t\n<div class=\"wpb_text_column wpb_content_element\" >\n\t<div class=\"wpb_wrapper\">\n\t\t<h1 style=\"text-align: center;\">Route de la Victoria<\/h1>\n\t<\/div>\n<\/div>\n\n\n\n\n<div class=\"wpb_text_column wpb_content_element\" >\n\t<div class=\"wpb_wrapper\">\n\t\t<p><span style=\"font-weight: 400;\">Cet itin\u00e9raire a pour point de d\u00e9part et d&#8217;arriv\u00e9e la zone de services. Nous ferons une ascension importante vers Cantalejos puis descendrons \u00e0 travers la zone de Vi\u00f1as.<\/span><\/p>\n<p><span style=\"font-weight: 400;\">Nous quittons la zone de service et nous nous dirigeons vers la \u00abVereda de \u00cdpora\u00bb, en passant avant sous l&#8217;autoroute \u00abA-92\u00bb, nous traversons soigneusement un passage \u00e0 niveau et peu de temps apr\u00e8s nous traversons \u00e9galement sous le trac\u00e9 de la ligne de chemin de fer, Environ 800 m\u00e8tres plus tard, nous tournerons \u00e0 droite au carrefour pour acc\u00e9der \u00e0 la \u00abVereda de San Lucas\u00bb, nous passerons par le \u00abCortijo de San Lucas\u00bb et arriverons au \u00abCortijo del Rosso\u00bb, une fois ici nous continuerons parall\u00e8lement \u00e0 la Autoroute \u00abA-378\u00bb (autoroute Mart\u00edn de la Jara) en direction de Mart\u00edn de la Jara sur la rive gauche, peu de temps apr\u00e8s avoir quitt\u00e9 l&#8217;autoroute, nous tournons \u00e0 droite pour traverser \u00abArroyo del Salado\u00bb et encore nous tournons \u00e0 droite pour rejoindre la route.<\/span><\/p>\n<p><span style=\"font-weight: 400;\">Nous traversons la route pour prendre la \u00abVereda del Calvario\u00bb, nous continuons en avant en traversant le \u00abArroyo de las Palomas\u00bb puis le \u00abArroyo de las Vi\u00f1as\u00bb. Nous arriverons \u00e0 un carrefour, nous tournerons \u00e0 gauche pour prendre la \u00abCa\u00f1ada Real de \u00c9cija a Teba\u00bb, nous continuerons sur environ 1,5 km et nous tournerons \u00e0 droite sur le \u00abCamino del Barranco\u00bb ou \u00abde la Victoria \u00bb, nous passons pr\u00e8s du\u00ab Cortijo de la Victoria \u00bbet continuons sur ce chemin.<\/span><\/p>\n<p><span style=\"font-weight: 400;\">Nous remonterons environ 3,5 km jusqu&#8217;\u00e0 atteindre les antennes relais o\u00f9 nous tournerons \u00e0 gauche pour passer \u00e9galement par le \u00abCortijo de Cantalejos Alto\u00bb et nous relierons avec le chemin du parc \u00e9olien, peu de temps apr\u00e8s nous tournons sur un chemin parall\u00e8le au \u00c0 droite de la piste, \u00e0 ce stade, nous aurons de magnifiques vues panoramiques sur Osuna.<\/span><\/p>\n<p><span style=\"font-weight: 400;\">Imm\u00e9diatement, nous trouverons un chemin vers la droite qui, dans une descente raide nous m\u00e8nera \u00e0 travers les vignobles et les maisons de campagne, nous continuons sans quitter le \u00abCamino de Cantalejos\u00bb traversant la \u00abVereda de Cachimonte\u00bb et continuons \u00e0 descendre sans d\u00e9vier, nous repassons sur l&#8217;itin\u00e9raire hors du chemin de fer et nous nous sommes retrouv\u00e9s \u00e0 Osuna.<\/span><\/p>\n\t<\/div>\n<\/div>\n\n\n\n\n\t\t\t<\/div> \n\t\t<\/div>\n\t<\/div> \n<\/div><\/div>","protected":false},"excerpt":{"rendered":"Route de la Victoria Cet itin\u00e9raire a pour point de d\u00e9part et d'arriv\u00e9e la zone de services. Nous ferons une ascension importante vers Cantalejos puis descendrons \u00e0 travers la zone...","protected":false},"author":3,"featured_media":0,"parent":0,"menu_order":0,"comment_status":"closed","ping_status":"closed","template":"","meta":{"inline_featured_image":false,"footnotes":""},"class_list":["post-4377","page","type-page","status-publish"],"yoast_head":"<!-- This site is optimized with the Yoast SEO plugin v25.3 - https:\/\/yoast.com\/wordpress\/plugins\/seo\/ -->\n<title>Route de la Victoria - Turismo Osuna<\/title>\n<meta name=\"robots\" content=\"index, follow, max-snippet:-1, max-image-preview:large, max-video-preview:-1\" \/>\n<link rel=\"canonical\" href=\"https:\/\/turismodeosuna.es\/en\/ruta-de-la-victoria\/\" \/>\n<meta property=\"og:locale\" content=\"en_GB\" \/>\n<meta property=\"og:type\" content=\"article\" \/>\n<meta property=\"og:title\" content=\"Route de la Victoria - Turismo Osuna\" \/>\n<meta property=\"og:url\" content=\"https:\/\/turismodeosuna.es\/en\/ruta-de-la-victoria\/\" \/>\n<meta property=\"og:site_name\" content=\"Turismo Osuna\" \/>\n<meta property=\"article:modified_time\" content=\"2023-03-26T18:38:28+00:00\" \/>\n<meta name=\"twitter:card\" content=\"summary_large_image\" \/>\n<meta name=\"twitter:label1\" content=\"Estimated reading time\" \/>\n\t<meta name=\"twitter:data1\" content=\"3 minutes\" \/>\n<script type=\"application\/ld+json\" class=\"yoast-schema-graph\">{\"@context\":\"https:\/\/schema.org\",\"@graph\":[{\"@type\":\"WebPage\",\"@id\":\"https:\/\/turismodeosuna.es\/ruta-de-la-victoria\/\",\"url\":\"https:\/\/turismodeosuna.es\/ruta-de-la-victoria\/\",\"name\":\"Route de la Victoria - Turismo Osuna\",\"isPartOf\":{\"@id\":\"https:\/\/turismodeosuna.es\/#website\"},\"datePublished\":\"2022-07-28T08:46:46+00:00\",\"dateModified\":\"2023-03-26T18:38:28+00:00\",\"breadcrumb\":{\"@id\":\"https:\/\/turismodeosuna.es\/ruta-de-la-victoria\/#breadcrumb\"},\"inLanguage\":\"en-GB\",\"potentialAction\":[{\"@type\":\"ReadAction\",\"target\":[\"https:\/\/turismodeosuna.es\/ruta-de-la-victoria\/\"]}]},{\"@type\":\"BreadcrumbList\",\"@id\":\"https:\/\/turismodeosuna.es\/ruta-de-la-victoria\/#breadcrumb\",\"itemListElement\":[{\"@type\":\"ListItem\",\"position\":1,\"name\":\"Portada\",\"item\":\"https:\/\/turismodeosuna.es\/\"},{\"@type\":\"ListItem\",\"position\":2,\"name\":\"Route de la Victoria\"}]},{\"@type\":\"WebSite\",\"@id\":\"https:\/\/turismodeosuna.es\/#website\",\"url\":\"https:\/\/turismodeosuna.es\/\",\"name\":\"Turismo Osuna\",\"description\":\"Turismo de Osuna\",\"potentialAction\":[{\"@type\":\"SearchAction\",\"target\":{\"@type\":\"EntryPoint\",\"urlTemplate\":\"https:\/\/turismodeosuna.es\/?s={search_term_string}\"},\"query-input\":{\"@type\":\"PropertyValueSpecification\",\"valueRequired\":true,\"valueName\":\"search_term_string\"}}],\"inLanguage\":\"en-GB\"}]}<\/script>\n<!-- \/ Yoast SEO plugin. -->","yoast_head_json":{"title":"Route de la Victoria - Turismo Osuna","robots":{"index":"index","follow":"follow","max-snippet":"max-snippet:-1","max-image-preview":"max-image-preview:large","max-video-preview":"max-video-preview:-1"},"canonical":"https:\/\/turismodeosuna.es\/en\/ruta-de-la-victoria\/","og_locale":"en_GB","og_type":"article","og_title":"Route de la Victoria - Turismo Osuna","og_url":"https:\/\/turismodeosuna.es\/en\/ruta-de-la-victoria\/","og_site_name":"Turismo Osuna","article_modified_time":"2023-03-26T18:38:28+00:00","twitter_card":"summary_large_image","twitter_misc":{"Estimated reading time":"3 minutes"},"schema":{"@context":"https:\/\/schema.org","@graph":[{"@type":"WebPage","@id":"https:\/\/turismodeosuna.es\/ruta-de-la-victoria\/","url":"https:\/\/turismodeosuna.es\/ruta-de-la-victoria\/","name":"Route de la Victoria - Turismo Osuna","isPartOf":{"@id":"https:\/\/turismodeosuna.es\/#website"},"datePublished":"2022-07-28T08:46:46+00:00","dateModified":"2023-03-26T18:38:28+00:00","breadcrumb":{"@id":"https:\/\/turismodeosuna.es\/ruta-de-la-victoria\/#breadcrumb"},"inLanguage":"en-GB","potentialAction":[{"@type":"ReadAction","target":["https:\/\/turismodeosuna.es\/ruta-de-la-victoria\/"]}]},{"@type":"BreadcrumbList","@id":"https:\/\/turismodeosuna.es\/ruta-de-la-victoria\/#breadcrumb","itemListElement":[{"@type":"ListItem","position":1,"name":"Portada","item":"https:\/\/turismodeosuna.es\/"},{"@type":"ListItem","position":2,"name":"Route de la Victoria"}]},{"@type":"WebSite","@id":"https:\/\/turismodeosuna.es\/#website","url":"https:\/\/turismodeosuna.es\/","name":"Turismo Osuna","description":"Turismo de Osuna","potentialAction":[{"@type":"SearchAction","target":{"@type":"EntryPoint","urlTemplate":"https:\/\/turismodeosuna.es\/?s={search_term_string}"},"query-input":{"@type":"PropertyValueSpecification","valueRequired":true,"valueName":"search_term_string"}}],"inLanguage":"en-GB"}]}},"_links":{"self":[{"href":"https:\/\/turismodeosuna.es\/en\/wp-json\/wp\/v2\/pages\/4377","targetHints":{"allow":["GET"]}}],"collection":[{"href":"https:\/\/turismodeosuna.es\/en\/wp-json\/wp\/v2\/pages"}],"about":[{"href":"https:\/\/turismodeosuna.es\/en\/wp-json\/wp\/v2\/types\/page"}],"author":[{"embeddable":true,"href":"https:\/\/turismodeosuna.es\/en\/wp-json\/wp\/v2\/users\/3"}],"replies":[{"embeddable":true,"href":"https:\/\/turismodeosuna.es\/en\/wp-json\/wp\/v2\/comments?post=4377"}],"version-history":[{"count":3,"href":"https:\/\/turismodeosuna.es\/en\/wp-json\/wp\/v2\/pages\/4377\/revisions"}],"predecessor-version":[{"id":5997,"href":"https:\/\/turismodeosuna.es\/en\/wp-json\/wp\/v2\/pages\/4377\/revisions\/5997"}],"wp:attachment":[{"href":"https:\/\/turismodeosuna.es\/en\/wp-json\/wp\/v2\/media?parent=4377"}],"curies":[{"name":"wp","href":"https:\/\/api.w.org\/{rel}","templated":true}]}}