{"id":4379,"date":"2022-07-28T10:44:29","date_gmt":"2022-07-28T08:44:29","guid":{"rendered":"http:\/\/turismodeosuna.es\/ruta-del-termino\/"},"modified":"2023-02-13T10:21:23","modified_gmt":"2023-02-13T09:21:23","slug":"route-del-termino","status":"publish","type":"page","link":"https:\/\/turismodeosuna.es\/en\/route-del-termino\/","title":{"rendered":"Route del T\u00e9rmino"},"content":{"rendered":"<div id=\"fws_69d91680297c0\"  data-column-margin=\"default\" data-midnight=\"dark\"  class=\"wpb_row vc_row-fluid vc_row full-width-content vc_row-o-equal-height vc_row-flex vc_row-o-content-top\"  style=\"padding-top: 0px; padding-bottom: 0px; \"><div class=\"row-bg-wrap\" data-bg-animation=\"none\" data-bg-overlay=\"false\"><div class=\"inner-wrap\"><div class=\"row-bg viewport-desktop\"  style=\"\"><\/div><\/div><\/div><div class=\"row_col_wrap_12 col span_12 dark left\">\n\t<div  class=\"vc_col-sm-12 wpb_column column_container vc_column_container col no-extra-padding inherit_tablet inherit_phone\"  data-padding-pos=\"all\" data-has-bg-color=\"false\" data-bg-color=\"\" data-bg-opacity=\"1\" data-animation=\"\" data-delay=\"0\" >\n\t\t<div class=\"vc_column-inner\" >\n\t\t\t<div class=\"wpb_wrapper\">\n\t\t\t\t<div class=\"img-with-aniamtion-wrap center\" data-max-width=\"100%\" data-max-width-mobile=\"default\" data-shadow=\"none\" data-animation=\"fade-in\" >\n      <div class=\"inner\">\n        <div class=\"hover-wrap\"> \n          <div class=\"hover-wrap-inner\">\n            <img decoding=\"async\" class=\"img-with-animation skip-lazy img-sendero\" data-delay=\"0\" height=\"400\" width=\"1920\" data-animation=\"fade-in\" src=\"https:\/\/turismodeosuna.es\/wp-content\/uploads\/2022\/07\/banner-senderocicloturista-turismoosuna.webp\" alt=\"\" srcset=\"https:\/\/turismodeosuna.es\/wp-content\/uploads\/2022\/07\/banner-senderocicloturista-turismoosuna.webp 1920w, https:\/\/turismodeosuna.es\/wp-content\/uploads\/2022\/07\/banner-senderocicloturista-turismoosuna-300x63.webp 300w, https:\/\/turismodeosuna.es\/wp-content\/uploads\/2022\/07\/banner-senderocicloturista-turismoosuna-1024x213.webp 1024w, https:\/\/turismodeosuna.es\/wp-content\/uploads\/2022\/07\/banner-senderocicloturista-turismoosuna-768x160.webp 768w, https:\/\/turismodeosuna.es\/wp-content\/uploads\/2022\/07\/banner-senderocicloturista-turismoosuna-1536x320.webp 1536w\" sizes=\"(max-width: 1920px) 100vw, 1920px\" \/>\n          <\/div>\n        <\/div>\n      <\/div>\n    <\/div><div class=\"img-with-aniamtion-wrap center\" data-max-width=\"100%\" data-max-width-mobile=\"default\" data-shadow=\"none\" data-animation=\"fade-in\" >\n      <div class=\"inner\">\n        <div class=\"hover-wrap\"> \n          <div class=\"hover-wrap-inner\">\n            <img decoding=\"async\" class=\"img-with-animation skip-lazy\" data-delay=\"0\" height=\"215\" width=\"1920\" data-animation=\"fade-in\" src=\"https:\/\/turismodeosuna.es\/wp-content\/uploads\/2022\/06\/sombrabanner-turismodeosuna.png\" alt=\"sombra\" srcset=\"https:\/\/turismodeosuna.es\/wp-content\/uploads\/2022\/06\/sombrabanner-turismodeosuna.png 1920w, https:\/\/turismodeosuna.es\/wp-content\/uploads\/2022\/06\/sombrabanner-turismodeosuna-300x34.png 300w, https:\/\/turismodeosuna.es\/wp-content\/uploads\/2022\/06\/sombrabanner-turismodeosuna-1024x115.png 1024w, https:\/\/turismodeosuna.es\/wp-content\/uploads\/2022\/06\/sombrabanner-turismodeosuna-768x86.png 768w, https:\/\/turismodeosuna.es\/wp-content\/uploads\/2022\/06\/sombrabanner-turismodeosuna-1536x172.png 1536w\" sizes=\"(max-width: 1920px) 100vw, 1920px\" \/>\n          <\/div>\n        <\/div>\n      <\/div>\n    <\/div>\n\t\t\t<\/div> \n\t\t<\/div>\n\t<\/div> \n<\/div><\/div>\n\t\t<div id=\"fws_69d916802a056\"  data-column-margin=\"default\" data-midnight=\"dark\"  class=\"wpb_row vc_row-fluid vc_row vc_row-o-equal-height vc_row-flex vc_row-o-content-middle  top_margin_-4pct top_margin_tablet_5pct top_margin_phone_5pct bottom_margin_tablet_0px\"  style=\"padding-top: 0px; padding-bottom: 0px; \"><div class=\"row-bg-wrap\" data-bg-animation=\"none\" data-bg-overlay=\"false\"><div class=\"inner-wrap\"><div class=\"row-bg viewport-desktop\"  style=\"\"><\/div><\/div><\/div><div class=\"row_col_wrap_12 col span_12 dark left\">\n\t<div  class=\"vc_col-sm-12 wpb_column column_container vc_column_container col no-extra-padding inherit_tablet inherit_phone\"  data-padding-pos=\"all\" data-has-bg-color=\"false\" data-bg-color=\"\" data-bg-opacity=\"1\" data-animation=\"\" data-delay=\"0\" >\n\t\t<div class=\"vc_column-inner\" >\n\t\t\t<div class=\"wpb_wrapper\">\n\t\t\t\t\n<div class=\"wpb_text_column wpb_content_element\" >\n\t<div class=\"wpb_wrapper\">\n\t\t<h1 style=\"text-align: center;\">Route del T\u00e9rmino<\/h1>\n\t<\/div>\n<\/div>\n\n\n\n\n<div class=\"wpb_text_column wpb_content_element\" >\n\t<div class=\"wpb_wrapper\">\n\t\t<p><span style=\"font-weight: 400;\">Nous prendrons le Centre sportif municipal comme point de d\u00e9part et aussi de fin. Il s&#8217;agit d&#8217;un itin\u00e9raire avec de nombreux hauts et bas tout au long de son parcours.<\/span><\/p>\n<p><span style=\"font-weight: 400;\">Du centre sportif municipal, nous allons \u00e0 la \u00abCarretera del Rubio\u00bb et peu apr\u00e8s avoir pass\u00e9 le cimeti\u00e8re, nous prenons un chemin que nous avons sur notre droite appel\u00e9 \u00abCamino de Cuesta de las Enanas\u00bb, nous continuons tout droit en passant par le \u00abCortijo de Sandino\u00bb et Lorsque nous atteignons les ruines du \u00abRancho de los Angulos\u00bb, nous tournons \u00e0 droite pour entrer dans la \u00abVereda de la Albina\u00bb, 1 km plus tard, nous prenons le chemin que nous avons sur notre gauche appel\u00e9 \u00abCamino del Rosal y Gilenilla\u00bb qui Elle m\u00e8ne au \u00abCortijo de Gilenilla Alta\u00bb et au \u00abCortijo de Gilenila Baja\u00bb. Nous suivons ce chemin pour traverser le \u00abCortijo de la beata\u00bb et nous arrivons \u00e0 la route \u00abSE-726\u00bb (Carretera del Rubio).<\/span><\/p>\n<p><span style=\"font-weight: 400;\">Nous prenons la route en tournant \u00e0 droite et apr\u00e8s avoir parcouru 1 km, nous devons l&#8217;abandonner le long d&#8217;un chemin que nous verrons \u00e0 gauche dans la courbe, nous longons un radeau et nous sortons \u00e0 la \u00abVereda de Lucena\u00bb, nous la traversons pour continuer le long de la \u00bb Camino de los M\u00e1rtires \u00bbet rejoindre la\u00ab Vereda de pozo del Rey \u00bb, nous traversons le\u00ab Cortijo de Alcal\u00e1 \u00bbet nous dirigeons vers la\u00ab Ca\u00f1ada Real de Marchena \u00bben tournant \u00e0 gauche, nous montons \u00e0 l&#8217;Hermitage o\u00f9 les habitants de Rubio c\u00e9l\u00e8brent Son p\u00e8lerinage, des aires de pique-nique y sont install\u00e9s et c&#8217;est un bon endroit pour l&#8217;approvisionnement, nous continuons sur la \u00abCa\u00f1ada Real del T\u00e9rmino\u00bb, que nous continuons apr\u00e8s avoir travers\u00e9 la route \u00abSE-725\u00bb.<\/span><\/p>\n<p><span style=\"font-weight: 400;\">En suivant ce ravin sans s&#8217;\u00e9teindre, nous trouvons plus loin un carrefour que nous prendrons \u00e0 gauche pour quitter ce ravin. Nous continuons ce chemin jusqu&#8217;\u00e0 ce que nous trouvions une nouvelle intersection que nous prenons \u00e0 droite. Nous avons parcouru plusieurs kilom\u00e8tres depuis le passage du \u00abCortijo de Alcal\u00e1\u00bb, traversant la ligne qui divise le terme municipal. \u00c0 ce stade, nous pouvons distinguer \u00e0 droite sur une colline la \u00abTorre de Gallape\u00bb, apr\u00e8s avoir travers\u00e9 cette tour, nous voyons une autre intersection dans laquelle nous devons tourner \u00e0 gauche, jusqu&#8217;\u00e0 ce que nous passions une parcelle d&#8217;eucalyptus et trouvions un chemin que nous reprenons. \u00e0 gauche, \u00e0 la recherche du \u00abCortijo del Monte\u00bb que nous pouvons d\u00e9j\u00e0 voir. Maintenant, nous continuons tout droit, nous passons par le \u00abCortijo de Las Basilias\u00bb, revenons \u00e0 notre fin et traversons \u00e0 nouveau la route \u00abSE-725\u00bb, nous continuons sans d\u00e9vier jusqu&#8217;\u00e0 ce que nous nous retrouvions dans la \u00abVereda de Lucena\u00bb, \u00e0 la hauteur de la \u00ab Cortijo de las Boticarias \u00bbet le\u00ab Cortijo del Terrosillo \u00bb. Nous tournons \u00e0 droite jusqu&#8217;\u00e0 la \u00abLaguna del Terrosillo\u00bb o\u00f9 nous prenons le chemin que nous voyons sur la gauche pour atteindre la \u00abHacienda de Santa Cruz\u00bb. Enfin, nous continuons tout droit pour finir d&#8217;arriver \u00e0 Osuna.<\/span><\/p>\n\t<\/div>\n<\/div>\n\n\n\n\n\t\t\t<\/div> \n\t\t<\/div>\n\t<\/div> \n<\/div><\/div>","protected":false},"excerpt":{"rendered":"Route del T\u00e9rmino Nous prendrons le Centre sportif municipal comme point de d\u00e9part et aussi de fin. Il s'agit d'un itin\u00e9raire avec de nombreux hauts et bas tout au long...","protected":false},"author":3,"featured_media":0,"parent":0,"menu_order":0,"comment_status":"closed","ping_status":"closed","template":"","meta":{"inline_featured_image":false,"footnotes":""},"class_list":["post-4379","page","type-page","status-publish"],"yoast_head":"<!-- This site is optimized with the Yoast SEO plugin v25.3 - https:\/\/yoast.com\/wordpress\/plugins\/seo\/ -->\n<title>Route del T\u00e9rmino - Turismo Osuna<\/title>\n<meta name=\"robots\" content=\"index, follow, max-snippet:-1, max-image-preview:large, max-video-preview:-1\" \/>\n<link rel=\"canonical\" href=\"https:\/\/turismodeosuna.es\/en\/route-del-termino\/\" \/>\n<meta property=\"og:locale\" content=\"en_GB\" \/>\n<meta property=\"og:type\" content=\"article\" \/>\n<meta property=\"og:title\" content=\"Route del T\u00e9rmino - Turismo Osuna\" \/>\n<meta property=\"og:url\" content=\"https:\/\/turismodeosuna.es\/en\/route-del-termino\/\" \/>\n<meta property=\"og:site_name\" content=\"Turismo Osuna\" \/>\n<meta property=\"article:modified_time\" content=\"2023-02-13T09:21:23+00:00\" \/>\n<meta name=\"twitter:card\" content=\"summary_large_image\" \/>\n<meta name=\"twitter:label1\" content=\"Estimated reading time\" \/>\n\t<meta name=\"twitter:data1\" content=\"3 minutes\" \/>\n<script type=\"application\/ld+json\" class=\"yoast-schema-graph\">{\"@context\":\"https:\/\/schema.org\",\"@graph\":[{\"@type\":\"WebPage\",\"@id\":\"https:\/\/turismodeosuna.es\/route-del-termino\/\",\"url\":\"https:\/\/turismodeosuna.es\/route-del-termino\/\",\"name\":\"Route del T\u00e9rmino - Turismo Osuna\",\"isPartOf\":{\"@id\":\"https:\/\/turismodeosuna.es\/#website\"},\"datePublished\":\"2022-07-28T08:44:29+00:00\",\"dateModified\":\"2023-02-13T09:21:23+00:00\",\"breadcrumb\":{\"@id\":\"https:\/\/turismodeosuna.es\/route-del-termino\/#breadcrumb\"},\"inLanguage\":\"en-GB\",\"potentialAction\":[{\"@type\":\"ReadAction\",\"target\":[\"https:\/\/turismodeosuna.es\/route-del-termino\/\"]}]},{\"@type\":\"BreadcrumbList\",\"@id\":\"https:\/\/turismodeosuna.es\/route-del-termino\/#breadcrumb\",\"itemListElement\":[{\"@type\":\"ListItem\",\"position\":1,\"name\":\"Portada\",\"item\":\"https:\/\/turismodeosuna.es\/\"},{\"@type\":\"ListItem\",\"position\":2,\"name\":\"Route del T\u00e9rmino\"}]},{\"@type\":\"WebSite\",\"@id\":\"https:\/\/turismodeosuna.es\/#website\",\"url\":\"https:\/\/turismodeosuna.es\/\",\"name\":\"Turismo Osuna\",\"description\":\"Turismo de Osuna\",\"potentialAction\":[{\"@type\":\"SearchAction\",\"target\":{\"@type\":\"EntryPoint\",\"urlTemplate\":\"https:\/\/turismodeosuna.es\/?s={search_term_string}\"},\"query-input\":{\"@type\":\"PropertyValueSpecification\",\"valueRequired\":true,\"valueName\":\"search_term_string\"}}],\"inLanguage\":\"en-GB\"}]}<\/script>\n<!-- \/ Yoast SEO plugin. -->","yoast_head_json":{"title":"Route del T\u00e9rmino - Turismo Osuna","robots":{"index":"index","follow":"follow","max-snippet":"max-snippet:-1","max-image-preview":"max-image-preview:large","max-video-preview":"max-video-preview:-1"},"canonical":"https:\/\/turismodeosuna.es\/en\/route-del-termino\/","og_locale":"en_GB","og_type":"article","og_title":"Route del T\u00e9rmino - Turismo Osuna","og_url":"https:\/\/turismodeosuna.es\/en\/route-del-termino\/","og_site_name":"Turismo Osuna","article_modified_time":"2023-02-13T09:21:23+00:00","twitter_card":"summary_large_image","twitter_misc":{"Estimated reading time":"3 minutes"},"schema":{"@context":"https:\/\/schema.org","@graph":[{"@type":"WebPage","@id":"https:\/\/turismodeosuna.es\/route-del-termino\/","url":"https:\/\/turismodeosuna.es\/route-del-termino\/","name":"Route del T\u00e9rmino - Turismo Osuna","isPartOf":{"@id":"https:\/\/turismodeosuna.es\/#website"},"datePublished":"2022-07-28T08:44:29+00:00","dateModified":"2023-02-13T09:21:23+00:00","breadcrumb":{"@id":"https:\/\/turismodeosuna.es\/route-del-termino\/#breadcrumb"},"inLanguage":"en-GB","potentialAction":[{"@type":"ReadAction","target":["https:\/\/turismodeosuna.es\/route-del-termino\/"]}]},{"@type":"BreadcrumbList","@id":"https:\/\/turismodeosuna.es\/route-del-termino\/#breadcrumb","itemListElement":[{"@type":"ListItem","position":1,"name":"Portada","item":"https:\/\/turismodeosuna.es\/"},{"@type":"ListItem","position":2,"name":"Route del T\u00e9rmino"}]},{"@type":"WebSite","@id":"https:\/\/turismodeosuna.es\/#website","url":"https:\/\/turismodeosuna.es\/","name":"Turismo Osuna","description":"Turismo de Osuna","potentialAction":[{"@type":"SearchAction","target":{"@type":"EntryPoint","urlTemplate":"https:\/\/turismodeosuna.es\/?s={search_term_string}"},"query-input":{"@type":"PropertyValueSpecification","valueRequired":true,"valueName":"search_term_string"}}],"inLanguage":"en-GB"}]}},"_links":{"self":[{"href":"https:\/\/turismodeosuna.es\/en\/wp-json\/wp\/v2\/pages\/4379","targetHints":{"allow":["GET"]}}],"collection":[{"href":"https:\/\/turismodeosuna.es\/en\/wp-json\/wp\/v2\/pages"}],"about":[{"href":"https:\/\/turismodeosuna.es\/en\/wp-json\/wp\/v2\/types\/page"}],"author":[{"embeddable":true,"href":"https:\/\/turismodeosuna.es\/en\/wp-json\/wp\/v2\/users\/3"}],"replies":[{"embeddable":true,"href":"https:\/\/turismodeosuna.es\/en\/wp-json\/wp\/v2\/comments?post=4379"}],"version-history":[{"count":2,"href":"https:\/\/turismodeosuna.es\/en\/wp-json\/wp\/v2\/pages\/4379\/revisions"}],"predecessor-version":[{"id":4398,"href":"https:\/\/turismodeosuna.es\/en\/wp-json\/wp\/v2\/pages\/4379\/revisions\/4398"}],"wp:attachment":[{"href":"https:\/\/turismodeosuna.es\/en\/wp-json\/wp\/v2\/media?parent=4379"}],"curies":[{"name":"wp","href":"https:\/\/api.w.org\/{rel}","templated":true}]}}