{"id":4380,"date":"2022-07-28T10:43:17","date_gmt":"2022-07-28T08:43:17","guid":{"rendered":"http:\/\/turismodeosuna.es\/ruta-de-la-ratera\/"},"modified":"2023-02-13T10:22:49","modified_gmt":"2023-02-13T09:22:49","slug":"route-de-la-ratera","status":"publish","type":"page","link":"https:\/\/turismodeosuna.es\/en\/route-de-la-ratera\/","title":{"rendered":"Route de la Ratera"},"content":{"rendered":"<div id=\"fws_69d917ee8e56b\"  data-column-margin=\"default\" data-midnight=\"dark\"  class=\"wpb_row vc_row-fluid vc_row full-width-content vc_row-o-equal-height vc_row-flex vc_row-o-content-top\"  style=\"padding-top: 0px; padding-bottom: 0px; \"><div class=\"row-bg-wrap\" data-bg-animation=\"none\" data-bg-overlay=\"false\"><div class=\"inner-wrap\"><div class=\"row-bg viewport-desktop\"  style=\"\"><\/div><\/div><\/div><div class=\"row_col_wrap_12 col span_12 dark left\">\n\t<div  class=\"vc_col-sm-12 wpb_column column_container vc_column_container col no-extra-padding inherit_tablet inherit_phone\"  data-padding-pos=\"all\" data-has-bg-color=\"false\" data-bg-color=\"\" data-bg-opacity=\"1\" data-animation=\"\" data-delay=\"0\" >\n\t\t<div class=\"vc_column-inner\" >\n\t\t\t<div class=\"wpb_wrapper\">\n\t\t\t\t<div class=\"img-with-aniamtion-wrap center\" data-max-width=\"100%\" data-max-width-mobile=\"default\" data-shadow=\"none\" data-animation=\"fade-in\" >\n      <div class=\"inner\">\n        <div class=\"hover-wrap\"> \n          <div class=\"hover-wrap-inner\">\n            <img decoding=\"async\" class=\"img-with-animation skip-lazy img-sendero\" data-delay=\"0\" height=\"400\" width=\"1920\" data-animation=\"fade-in\" src=\"https:\/\/turismodeosuna.es\/wp-content\/uploads\/2022\/07\/banner-senderocicloturista-turismoosuna.webp\" alt=\"\" srcset=\"https:\/\/turismodeosuna.es\/wp-content\/uploads\/2022\/07\/banner-senderocicloturista-turismoosuna.webp 1920w, https:\/\/turismodeosuna.es\/wp-content\/uploads\/2022\/07\/banner-senderocicloturista-turismoosuna-300x63.webp 300w, https:\/\/turismodeosuna.es\/wp-content\/uploads\/2022\/07\/banner-senderocicloturista-turismoosuna-1024x213.webp 1024w, https:\/\/turismodeosuna.es\/wp-content\/uploads\/2022\/07\/banner-senderocicloturista-turismoosuna-768x160.webp 768w, https:\/\/turismodeosuna.es\/wp-content\/uploads\/2022\/07\/banner-senderocicloturista-turismoosuna-1536x320.webp 1536w\" sizes=\"(max-width: 1920px) 100vw, 1920px\" \/>\n          <\/div>\n        <\/div>\n      <\/div>\n    <\/div><div class=\"img-with-aniamtion-wrap center\" data-max-width=\"100%\" data-max-width-mobile=\"default\" data-shadow=\"none\" data-animation=\"fade-in\" >\n      <div class=\"inner\">\n        <div class=\"hover-wrap\"> \n          <div class=\"hover-wrap-inner\">\n            <img decoding=\"async\" class=\"img-with-animation skip-lazy\" data-delay=\"0\" height=\"215\" width=\"1920\" data-animation=\"fade-in\" src=\"https:\/\/turismodeosuna.es\/wp-content\/uploads\/2022\/06\/sombrabanner-turismodeosuna.png\" alt=\"sombra\" srcset=\"https:\/\/turismodeosuna.es\/wp-content\/uploads\/2022\/06\/sombrabanner-turismodeosuna.png 1920w, https:\/\/turismodeosuna.es\/wp-content\/uploads\/2022\/06\/sombrabanner-turismodeosuna-300x34.png 300w, https:\/\/turismodeosuna.es\/wp-content\/uploads\/2022\/06\/sombrabanner-turismodeosuna-1024x115.png 1024w, https:\/\/turismodeosuna.es\/wp-content\/uploads\/2022\/06\/sombrabanner-turismodeosuna-768x86.png 768w, https:\/\/turismodeosuna.es\/wp-content\/uploads\/2022\/06\/sombrabanner-turismodeosuna-1536x172.png 1536w\" sizes=\"(max-width: 1920px) 100vw, 1920px\" \/>\n          <\/div>\n        <\/div>\n      <\/div>\n    <\/div>\n\t\t\t<\/div> \n\t\t<\/div>\n\t<\/div> \n<\/div><\/div>\n\t\t<div id=\"fws_69d917ee8ed5a\"  data-column-margin=\"default\" data-midnight=\"dark\"  class=\"wpb_row vc_row-fluid vc_row vc_row-o-equal-height vc_row-flex vc_row-o-content-middle  top_margin_-4pct top_margin_tablet_5pct top_margin_phone_5pct bottom_margin_tablet_0px\"  style=\"padding-top: 0px; padding-bottom: 0px; \"><div class=\"row-bg-wrap\" data-bg-animation=\"none\" data-bg-overlay=\"false\"><div class=\"inner-wrap\"><div class=\"row-bg viewport-desktop\"  style=\"\"><\/div><\/div><\/div><div class=\"row_col_wrap_12 col span_12 dark left\">\n\t<div  class=\"vc_col-sm-12 wpb_column column_container vc_column_container col no-extra-padding inherit_tablet inherit_phone\"  data-padding-pos=\"all\" data-has-bg-color=\"false\" data-bg-color=\"\" data-bg-opacity=\"1\" data-animation=\"\" data-delay=\"0\" >\n\t\t<div class=\"vc_column-inner\" >\n\t\t\t<div class=\"wpb_wrapper\">\n\t\t\t\t\n<div class=\"wpb_text_column wpb_content_element\" >\n\t<div class=\"wpb_wrapper\">\n\t\t<h1 style=\"text-align: center;\">Route de la Ratera<\/h1>\n\t<\/div>\n<\/div>\n\n\n\n\n<div class=\"wpb_text_column wpb_content_element\" >\n\t<div class=\"wpb_wrapper\">\n\t\t<p><span style=\"font-weight: 400;\">Pour cet itin\u00e9raire, nous prenons la zone de services comme point de d\u00e9part et le centre sportif municipal comme point d&#8217;arriv\u00e9e. Nous monterons progressivement avec une mont\u00e9e continue jusqu&#8217;\u00e0 ce que nous atteignions \u00abEl Cerro del Gomer\u00f3n\u00bb et finirons par descendre dans la section finale.<\/span><\/p>\n<p><span style=\"font-weight: 400;\">Nous quittons la \u00abZone de service\u00bb et prenons la \u00abCa\u00f1ada Real de \u00c9cija a Teba\u00bb, nous continuons le long d&#8217;environ 8 km, nous verrons un carrefour o\u00f9 nous devons prendre le chemin \u00e0 droite appel\u00e9 \u00abCamino de los Corrales\u00bb qui nous m\u00e8ne jusqu&#8217;au \u00abCortijo de Juana Hidalgo\u00bb ou \u00abde Bejarano\u00bb, lorsque nous passons le cortijo, nous partons \u00e0 droite par une porte toujours ouverte et nous devons imm\u00e9diatement choisir entre deux routes, nous choisirons celle de gauche, une petite pente.<\/span><\/p>\n<p><span style=\"font-weight: 400;\">Nous passons par le \u00abCortijo de la Dehesa de Le\u00f3n\u00bb et nous suivons ce chemin qui s&#8217;\u00e9tend entre ajoncs et broussailles sur une longue distance, lorsque nous nous connectons avec des oliviers et le \u00abCamino de Moreta\u00bb, nous allons \u00e0 droite \u00e0 la recherche de la dehesa de Felipe S\u00e1nchez pr\u00e8s des ruines du \u00abRancho de Palme\u00f1a\u00bb et du \u00abCortijo de Benamaz\u00f3n\u00bb. Nous finissons par nous connecter avec le \u00abCamino del Palme\u00f1a\u00bb, ce chemin nous m\u00e8ne \u00e0 la \u00abA-451&#8243; (Carretera del Saucejo), nous prendrons la route vers Osuna sur environ 400 m\u00e8tres et tournerons \u00e0 gauche pour commencer l&#8217;ascension vers \u00bb Cortijo del Sol \u00bble long du\u00ab Camino de la Gomera a el Saucejo \u00bb, imm\u00e9diatement apr\u00e8s notre passage par le Rancho del Gomer\u00f3n et pris la piste des parcs \u00e9oliens.<\/span><\/p>\n<p><span style=\"font-weight: 400;\">Juste au moment o\u00f9 nous avons commenc\u00e9 \u00e0 descendre, nous avons d\u00e9vi\u00e9 \u00e0 travers une petite pente raide, \u00e0 notre gauche, maintenant nous prenons un chemin dans le fourr\u00e9 du mont appel\u00e9 \u00abLoma de P\u00e9rez\u00bb, \u00e0 travers de beaux endroits que nous descendons jusqu&#8217;\u00e0 ce que nous atteignions le \u00abCortijo de la Ratera Nueva\u00bb, ici nous tournons \u00e0 droite pour entrer dans la \u00abVereda del Moralejo\u00bb par laquelle nous devons continuer jusqu&#8217;\u00e0 ce que nous atteignions un carrefour o\u00f9 nous tournons \u00e0 gauche.<\/span><\/p>\n<p><span style=\"font-weight: 400;\">Nous entrons dans la \u00abCa\u00f1ada Real de Ronda\u00bb, traversant d&#8217;abord des zones de taureaux courageux, puis une descente abrupte d\u00e8s que nous passons le \u00abRancho del Pescado\u00bb. Nous continuons le long de ce ravin, en passant par le \u00abRancho de San lucas\u00bb et le \u00abCortijo del V\u00ednculo\u00bb, et enfin finalement dans la plaine, en arrivant \u00e0 nouveau \u00e0 Osuna.<\/span><\/p>\n\t<\/div>\n<\/div>\n\n\n\n\n\t\t\t<\/div> \n\t\t<\/div>\n\t<\/div> \n<\/div><\/div>","protected":false},"excerpt":{"rendered":"Route de la Ratera Pour cet itin\u00e9raire, nous prenons la zone de services comme point de d\u00e9part et le centre sportif municipal comme point d'arriv\u00e9e. Nous monterons progressivement avec une...","protected":false},"author":3,"featured_media":0,"parent":0,"menu_order":0,"comment_status":"closed","ping_status":"closed","template":"","meta":{"inline_featured_image":false,"footnotes":""},"class_list":["post-4380","page","type-page","status-publish"],"yoast_head":"<!-- This site is optimized with the Yoast SEO plugin v25.3 - https:\/\/yoast.com\/wordpress\/plugins\/seo\/ -->\n<title>Route de la Ratera - Turismo Osuna<\/title>\n<meta name=\"robots\" content=\"index, follow, max-snippet:-1, max-image-preview:large, max-video-preview:-1\" \/>\n<link rel=\"canonical\" href=\"https:\/\/turismodeosuna.es\/en\/route-de-la-ratera\/\" \/>\n<meta property=\"og:locale\" content=\"en_GB\" \/>\n<meta property=\"og:type\" content=\"article\" \/>\n<meta property=\"og:title\" content=\"Route de la Ratera - Turismo Osuna\" \/>\n<meta property=\"og:url\" content=\"https:\/\/turismodeosuna.es\/en\/route-de-la-ratera\/\" \/>\n<meta property=\"og:site_name\" content=\"Turismo Osuna\" \/>\n<meta property=\"article:modified_time\" content=\"2023-02-13T09:22:49+00:00\" \/>\n<meta name=\"twitter:card\" content=\"summary_large_image\" \/>\n<meta name=\"twitter:label1\" content=\"Estimated reading time\" \/>\n\t<meta name=\"twitter:data1\" content=\"3 minutes\" \/>\n<script type=\"application\/ld+json\" class=\"yoast-schema-graph\">{\"@context\":\"https:\/\/schema.org\",\"@graph\":[{\"@type\":\"WebPage\",\"@id\":\"https:\/\/turismodeosuna.es\/route-de-la-ratera\/\",\"url\":\"https:\/\/turismodeosuna.es\/route-de-la-ratera\/\",\"name\":\"Route de la Ratera - Turismo Osuna\",\"isPartOf\":{\"@id\":\"https:\/\/turismodeosuna.es\/#website\"},\"datePublished\":\"2022-07-28T08:43:17+00:00\",\"dateModified\":\"2023-02-13T09:22:49+00:00\",\"breadcrumb\":{\"@id\":\"https:\/\/turismodeosuna.es\/route-de-la-ratera\/#breadcrumb\"},\"inLanguage\":\"en-GB\",\"potentialAction\":[{\"@type\":\"ReadAction\",\"target\":[\"https:\/\/turismodeosuna.es\/route-de-la-ratera\/\"]}]},{\"@type\":\"BreadcrumbList\",\"@id\":\"https:\/\/turismodeosuna.es\/route-de-la-ratera\/#breadcrumb\",\"itemListElement\":[{\"@type\":\"ListItem\",\"position\":1,\"name\":\"Portada\",\"item\":\"https:\/\/turismodeosuna.es\/\"},{\"@type\":\"ListItem\",\"position\":2,\"name\":\"Route de la Ratera\"}]},{\"@type\":\"WebSite\",\"@id\":\"https:\/\/turismodeosuna.es\/#website\",\"url\":\"https:\/\/turismodeosuna.es\/\",\"name\":\"Turismo Osuna\",\"description\":\"Turismo de Osuna\",\"potentialAction\":[{\"@type\":\"SearchAction\",\"target\":{\"@type\":\"EntryPoint\",\"urlTemplate\":\"https:\/\/turismodeosuna.es\/?s={search_term_string}\"},\"query-input\":{\"@type\":\"PropertyValueSpecification\",\"valueRequired\":true,\"valueName\":\"search_term_string\"}}],\"inLanguage\":\"en-GB\"}]}<\/script>\n<!-- \/ Yoast SEO plugin. -->","yoast_head_json":{"title":"Route de la Ratera - Turismo Osuna","robots":{"index":"index","follow":"follow","max-snippet":"max-snippet:-1","max-image-preview":"max-image-preview:large","max-video-preview":"max-video-preview:-1"},"canonical":"https:\/\/turismodeosuna.es\/en\/route-de-la-ratera\/","og_locale":"en_GB","og_type":"article","og_title":"Route de la Ratera - Turismo Osuna","og_url":"https:\/\/turismodeosuna.es\/en\/route-de-la-ratera\/","og_site_name":"Turismo Osuna","article_modified_time":"2023-02-13T09:22:49+00:00","twitter_card":"summary_large_image","twitter_misc":{"Estimated reading time":"3 minutes"},"schema":{"@context":"https:\/\/schema.org","@graph":[{"@type":"WebPage","@id":"https:\/\/turismodeosuna.es\/route-de-la-ratera\/","url":"https:\/\/turismodeosuna.es\/route-de-la-ratera\/","name":"Route de la Ratera - Turismo Osuna","isPartOf":{"@id":"https:\/\/turismodeosuna.es\/#website"},"datePublished":"2022-07-28T08:43:17+00:00","dateModified":"2023-02-13T09:22:49+00:00","breadcrumb":{"@id":"https:\/\/turismodeosuna.es\/route-de-la-ratera\/#breadcrumb"},"inLanguage":"en-GB","potentialAction":[{"@type":"ReadAction","target":["https:\/\/turismodeosuna.es\/route-de-la-ratera\/"]}]},{"@type":"BreadcrumbList","@id":"https:\/\/turismodeosuna.es\/route-de-la-ratera\/#breadcrumb","itemListElement":[{"@type":"ListItem","position":1,"name":"Portada","item":"https:\/\/turismodeosuna.es\/"},{"@type":"ListItem","position":2,"name":"Route de la Ratera"}]},{"@type":"WebSite","@id":"https:\/\/turismodeosuna.es\/#website","url":"https:\/\/turismodeosuna.es\/","name":"Turismo Osuna","description":"Turismo de Osuna","potentialAction":[{"@type":"SearchAction","target":{"@type":"EntryPoint","urlTemplate":"https:\/\/turismodeosuna.es\/?s={search_term_string}"},"query-input":{"@type":"PropertyValueSpecification","valueRequired":true,"valueName":"search_term_string"}}],"inLanguage":"en-GB"}]}},"_links":{"self":[{"href":"https:\/\/turismodeosuna.es\/en\/wp-json\/wp\/v2\/pages\/4380","targetHints":{"allow":["GET"]}}],"collection":[{"href":"https:\/\/turismodeosuna.es\/en\/wp-json\/wp\/v2\/pages"}],"about":[{"href":"https:\/\/turismodeosuna.es\/en\/wp-json\/wp\/v2\/types\/page"}],"author":[{"embeddable":true,"href":"https:\/\/turismodeosuna.es\/en\/wp-json\/wp\/v2\/users\/3"}],"replies":[{"embeddable":true,"href":"https:\/\/turismodeosuna.es\/en\/wp-json\/wp\/v2\/comments?post=4380"}],"version-history":[{"count":2,"href":"https:\/\/turismodeosuna.es\/en\/wp-json\/wp\/v2\/pages\/4380\/revisions"}],"predecessor-version":[{"id":4400,"href":"https:\/\/turismodeosuna.es\/en\/wp-json\/wp\/v2\/pages\/4380\/revisions\/4400"}],"wp:attachment":[{"href":"https:\/\/turismodeosuna.es\/en\/wp-json\/wp\/v2\/media?parent=4380"}],"curies":[{"name":"wp","href":"https:\/\/api.w.org\/{rel}","templated":true}]}}