{"id":4381,"date":"2022-07-28T10:41:33","date_gmt":"2022-07-28T08:41:33","guid":{"rendered":"http:\/\/turismodeosuna.es\/ruta-del-puerto-de-la-encina\/"},"modified":"2023-02-13T10:24:10","modified_gmt":"2023-02-13T09:24:10","slug":"route-del-puerto-de-la-encina","status":"publish","type":"page","link":"https:\/\/turismodeosuna.es\/en\/route-del-puerto-de-la-encina\/","title":{"rendered":"Route del Puerto de la Encina"},"content":{"rendered":"<div id=\"fws_69d917ee75947\"  data-column-margin=\"default\" data-midnight=\"dark\"  class=\"wpb_row vc_row-fluid vc_row full-width-content vc_row-o-equal-height vc_row-flex vc_row-o-content-top\"  style=\"padding-top: 0px; padding-bottom: 0px; \"><div class=\"row-bg-wrap\" data-bg-animation=\"none\" data-bg-overlay=\"false\"><div class=\"inner-wrap\"><div class=\"row-bg viewport-desktop\"  style=\"\"><\/div><\/div><\/div><div class=\"row_col_wrap_12 col span_12 dark left\">\n\t<div  class=\"vc_col-sm-12 wpb_column column_container vc_column_container col no-extra-padding inherit_tablet inherit_phone\"  data-padding-pos=\"all\" data-has-bg-color=\"false\" data-bg-color=\"\" data-bg-opacity=\"1\" data-animation=\"\" data-delay=\"0\" >\n\t\t<div class=\"vc_column-inner\" >\n\t\t\t<div class=\"wpb_wrapper\">\n\t\t\t\t<div class=\"img-with-aniamtion-wrap center\" data-max-width=\"100%\" data-max-width-mobile=\"default\" data-shadow=\"none\" data-animation=\"fade-in\" >\n      <div class=\"inner\">\n        <div class=\"hover-wrap\"> \n          <div class=\"hover-wrap-inner\">\n            <img decoding=\"async\" class=\"img-with-animation skip-lazy img-sendero\" data-delay=\"0\" height=\"400\" width=\"1920\" data-animation=\"fade-in\" src=\"https:\/\/turismodeosuna.es\/wp-content\/uploads\/2022\/07\/banner-senderocicloturista-turismoosuna.webp\" alt=\"\" srcset=\"https:\/\/turismodeosuna.es\/wp-content\/uploads\/2022\/07\/banner-senderocicloturista-turismoosuna.webp 1920w, https:\/\/turismodeosuna.es\/wp-content\/uploads\/2022\/07\/banner-senderocicloturista-turismoosuna-300x63.webp 300w, https:\/\/turismodeosuna.es\/wp-content\/uploads\/2022\/07\/banner-senderocicloturista-turismoosuna-1024x213.webp 1024w, https:\/\/turismodeosuna.es\/wp-content\/uploads\/2022\/07\/banner-senderocicloturista-turismoosuna-768x160.webp 768w, https:\/\/turismodeosuna.es\/wp-content\/uploads\/2022\/07\/banner-senderocicloturista-turismoosuna-1536x320.webp 1536w\" sizes=\"(max-width: 1920px) 100vw, 1920px\" \/>\n          <\/div>\n        <\/div>\n      <\/div>\n    <\/div><div class=\"img-with-aniamtion-wrap center\" data-max-width=\"100%\" data-max-width-mobile=\"default\" data-shadow=\"none\" data-animation=\"fade-in\" >\n      <div class=\"inner\">\n        <div class=\"hover-wrap\"> \n          <div class=\"hover-wrap-inner\">\n            <img decoding=\"async\" class=\"img-with-animation skip-lazy\" data-delay=\"0\" height=\"215\" width=\"1920\" data-animation=\"fade-in\" src=\"https:\/\/turismodeosuna.es\/wp-content\/uploads\/2022\/06\/sombrabanner-turismodeosuna.png\" alt=\"sombra\" srcset=\"https:\/\/turismodeosuna.es\/wp-content\/uploads\/2022\/06\/sombrabanner-turismodeosuna.png 1920w, https:\/\/turismodeosuna.es\/wp-content\/uploads\/2022\/06\/sombrabanner-turismodeosuna-300x34.png 300w, https:\/\/turismodeosuna.es\/wp-content\/uploads\/2022\/06\/sombrabanner-turismodeosuna-1024x115.png 1024w, https:\/\/turismodeosuna.es\/wp-content\/uploads\/2022\/06\/sombrabanner-turismodeosuna-768x86.png 768w, https:\/\/turismodeosuna.es\/wp-content\/uploads\/2022\/06\/sombrabanner-turismodeosuna-1536x172.png 1536w\" sizes=\"(max-width: 1920px) 100vw, 1920px\" \/>\n          <\/div>\n        <\/div>\n      <\/div>\n    <\/div>\n\t\t\t<\/div> \n\t\t<\/div>\n\t<\/div> \n<\/div><\/div>\n\t\t<div id=\"fws_69d917ee77583\"  data-column-margin=\"default\" data-midnight=\"dark\"  class=\"wpb_row vc_row-fluid vc_row vc_row-o-equal-height vc_row-flex vc_row-o-content-middle  top_margin_-4pct top_margin_tablet_5pct top_margin_phone_5pct bottom_margin_tablet_0px\"  style=\"padding-top: 0px; padding-bottom: 0px; \"><div class=\"row-bg-wrap\" data-bg-animation=\"none\" data-bg-overlay=\"false\"><div class=\"inner-wrap\"><div class=\"row-bg viewport-desktop\"  style=\"\"><\/div><\/div><\/div><div class=\"row_col_wrap_12 col span_12 dark left\">\n\t<div  class=\"vc_col-sm-12 wpb_column column_container vc_column_container col no-extra-padding inherit_tablet inherit_phone\"  data-padding-pos=\"all\" data-has-bg-color=\"false\" data-bg-color=\"\" data-bg-opacity=\"1\" data-animation=\"\" data-delay=\"0\" >\n\t\t<div class=\"vc_column-inner\" >\n\t\t\t<div class=\"wpb_wrapper\">\n\t\t\t\t\n<div class=\"wpb_text_column wpb_content_element\" >\n\t<div class=\"wpb_wrapper\">\n\t\t<h1 style=\"text-align: center;\">Route del Puerto de la Encina<\/h1>\n\t<\/div>\n<\/div>\n\n\n\n\n<div class=\"wpb_text_column wpb_content_element\" >\n\t<div class=\"wpb_wrapper\">\n\t\t<p><span style=\"font-weight: 400;\">Nous prendrons le Centre sportif municipal comme point de d\u00e9part et d&#8217;arriv\u00e9e de l&#8217;itin\u00e9raire que nous d\u00e9crivons ci-dessous. C&#8217;est une route fr\u00e9quent\u00e9e par des cyclistes dans laquelle nous monterons en continu jusqu&#8217;\u00e0 ce que nous atteignions le point le plus \u00e9lev\u00e9 situ\u00e9 \u00e0 \u00abPinalejo\u00bb et ensuite nous descendrons brusquement jusqu&#8217;au \u00abCorbones Reservoir\u00bb. Le voyage de retour sera similaire au voyage aller, mais nous reviendrons sur la route. Nous pouvons \u00e9galement arriver \u00e0 Puerto de la Encina et revenir ou monter \u00e0 \u00abPinalejo\u00bb et revenir, dans notre cas, nous avons trac\u00e9 le plus long chemin vers le barrage \u00abEl Corbones\u00bb.<\/span><\/p>\n<p><span style=\"font-weight: 400;\">Nous quittons le Centre Municipal des Sports et allons \u00e0 la \u00abVereda de La Calderona\u00bb, nous y acc\u00e9dons en passant sous le pont de la \u00abA-92\u00bb une fois l\u00e0-bas nous continuons en avant en traversant le \u00abArroyo del Salado\u00bb, nous passons sous la route fait pour la ligne de chemin de fer et nous continuons \u00e0 travers le \u00abArroyo de Marchelina\u00bb, le \u00abArroyo del Saltillo\u00bb, le \u00abArroyo del Peinado\u00bb et enfin le \u00abArroyo del Agujetero\u00bb, avec une certaine prudence dans ce dernier car il s&#8217;agit d&#8217;un zone g\u00e9n\u00e9ralement inond\u00e9e pendant la saison des pluies.<\/span><\/p>\n<p><span style=\"font-weight: 400;\">Nous arrivons \u00e0 un carrefour o\u00f9 nous devons tourner \u00e0 gauche en prenant la \u00abVereda de la Puebla a Ca\u00f1ete\u00bb qui nous m\u00e8ne \u00e0 la route \u00abSE-8204\u00bb (Carretera del Puerto de la Encina) en passant avant le \u00abCortijo del Agujetero\u00bb .<\/span><\/p>\n<p><span style=\"font-weight: 400;\">Nous tournons \u00e0 droite pour entrer dans la route et continuer le long jusqu&#8217;\u00e0 ce que nous atteignions \u00abEl Puerto de La Encina\u00bb. Nous traversons ce hameau pour prendre la route \u00abSE-466\u00bb o\u00f9 apr\u00e8s avoir travers\u00e9 une grande zone montagneuse appel\u00e9e \u00abEl Pinalejo\u00bb nous nous retrouvons \u00e0 un carrefour o\u00f9 nous devons prendre la \u00abSE-452\u00bb en tournant \u00e0 gauche pour continuer \u00e0 descendre vers le \u00abCorbones Reservoir\u00bb.<\/span><\/p>\n<p><span style=\"font-weight: 400;\">Une fois arriv\u00e9s au r\u00e9servoir, nous devrons faire le m\u00eame chemin de retour, mais sans quitter la route \u00abSE-8204\u00bb (Carretera del Puerto de la Encina) jusqu&#8217;\u00e0 ce que nous nous connections avec l&#8217;autoroute \u00abA-451\u00bb (Carretera del Saucejo) qui nous ram\u00e8ne enfin \u00e0 Osuna.<\/span><\/p>\n\t<\/div>\n<\/div>\n\n\n\n\n\t\t\t<\/div> \n\t\t<\/div>\n\t<\/div> \n<\/div><\/div>\n\t\t<div id=\"fws_69d917ee777b8\"  data-column-margin=\"default\" data-midnight=\"dark\"  class=\"wpb_row vc_row-fluid vc_row full-width-content vc_row-o-equal-height vc_row-flex vc_row-o-content-middle  bottom_margin_4pct top_margin_tablet_5pct top_margin_phone_5pct bottom_margin_tablet_0px\"  style=\"padding-top: 0px; padding-bottom: 0px; \"><div class=\"row-bg-wrap\" data-bg-animation=\"none\" data-bg-overlay=\"false\"><div class=\"inner-wrap\"><div class=\"row-bg viewport-desktop\"  style=\"\"><\/div><\/div><\/div><div class=\"row_col_wrap_12 col span_12 dark left\">\n\t<div  class=\"vc_col-sm-12 wpb_column column_container vc_column_container col no-extra-padding inherit_tablet inherit_phone\"  data-padding-pos=\"all\" data-has-bg-color=\"false\" data-bg-color=\"\" data-bg-opacity=\"1\" data-animation=\"\" data-delay=\"0\" >\n\t\t<div class=\"vc_column-inner\" >\n\t\t\t<div class=\"wpb_wrapper\">\n\t\t\t\t\n\t<div class=\"wpb_gallery wpb_content_element clearfix\">\n\t\t<div class=\"wpb_wrapper\"><div class=\"wpb_gallery_slidesflickity_style\" data-onclick=\"link_image\" data-interval=\"5\"><div class=\"nectar-flickity not-initialized\"  data-touch-icon-color=\"default\" data-stagger=\"\" data-drag-scale=\"\" data-overflow=\"hidden\" data-wrap=\"wrap\" data-spacing=\"default\" data-shadow=\"none\" data-autoplay=\"\" data-autoplay-dur=\"\" data-free-scroll=\"true\" data-controls=\"material_pagination\" data-desktop-columns=\"3\" data-small-desktop-columns=\"3\" data-tablet-columns=\"2\" data-phone-columns=\"1\"><div class=\"flickity-viewport\"> <div class=\"flickity-slider\"><div class=\"cell\" data-lazy=\"true\"><img decoding=\"async\" class=\"skip-lazy nectar-lazy\"  src=\"data:image\/svg+xml;charset=utf-8,%3Csvg%20xmlns%3D'http%3A%2F%2Fwww.w3.org%2F2000%2Fsvg'%20viewBox%3D'0%200%20799%20600'%2F%3E\" data-nectar-img-src=\"https:\/\/turismodeosuna.es\/wp-content\/uploads\/2022\/07\/Puerta-de-la-Encina-La-Calderona-600x400.webp\" width=\"600\" height=\"400\" alt=\"Puerta de la Encina-La Calderona\" title=\"Puerta de la Encina-La Calderona\" \/><a class=\"entire-slide-link\"  href=\"https:\/\/turismodeosuna.es\/wp-content\/uploads\/2022\/07\/Puerta-de-la-Encina-La-Calderona.webp\"><\/a><\/div><div class=\"cell\" data-lazy=\"true\"><img decoding=\"async\" class=\"skip-lazy nectar-lazy\"  src=\"data:image\/svg+xml;charset=utf-8,%3Csvg%20xmlns%3D'http%3A%2F%2Fwww.w3.org%2F2000%2Fsvg'%20viewBox%3D'0%200%20799%20600'%2F%3E\" data-nectar-img-src=\"https:\/\/turismodeosuna.es\/wp-content\/uploads\/2022\/07\/Puerto-de-la-encina-600x400.webp\" width=\"600\" height=\"400\" alt=\"Puerto de la encina\" title=\"Puerto de la encina\" \/><a class=\"entire-slide-link\"  href=\"https:\/\/turismodeosuna.es\/wp-content\/uploads\/2022\/07\/Puerto-de-la-encina.webp\"><\/a><\/div><div class=\"cell\" data-lazy=\"true\"><img decoding=\"async\" class=\"skip-lazy nectar-lazy\"  src=\"data:image\/svg+xml;charset=utf-8,%3Csvg%20xmlns%3D'http%3A%2F%2Fwww.w3.org%2F2000%2Fsvg'%20viewBox%3D'0%200%20799%20600'%2F%3E\" data-nectar-img-src=\"https:\/\/turismodeosuna.es\/wp-content\/uploads\/2022\/07\/wpt-2-600x400.webp\" width=\"600\" height=\"400\" alt=\"wpt 2\" title=\"wpt 2\" \/><a class=\"entire-slide-link\"  href=\"https:\/\/turismodeosuna.es\/wp-content\/uploads\/2022\/07\/wpt-2.webp\"><\/a><\/div><div class=\"cell\" data-lazy=\"true\"><img decoding=\"async\" class=\"skip-lazy nectar-lazy\"  src=\"data:image\/svg+xml;charset=utf-8,%3Csvg%20xmlns%3D'http%3A%2F%2Fwww.w3.org%2F2000%2Fsvg'%20viewBox%3D'0%200%20799%20600'%2F%3E\" data-nectar-img-src=\"https:\/\/turismodeosuna.es\/wp-content\/uploads\/2022\/07\/wpt-19-600x400.webp\" width=\"600\" height=\"400\" alt=\"wpt 19\" title=\"wpt 19\" \/><a class=\"entire-slide-link\"  href=\"https:\/\/turismodeosuna.es\/wp-content\/uploads\/2022\/07\/wpt-19.webp\"><\/a><\/div><div class=\"cell\" data-lazy=\"true\"><img decoding=\"async\" class=\"skip-lazy nectar-lazy\"  src=\"data:image\/svg+xml;charset=utf-8,%3Csvg%20xmlns%3D'http%3A%2F%2Fwww.w3.org%2F2000%2Fsvg'%20viewBox%3D'0%200%20450%20600'%2F%3E\" data-nectar-img-src=\"https:\/\/turismodeosuna.es\/wp-content\/uploads\/2022\/07\/wpt-31-1-450x400.webp\" width=\"450\" height=\"400\" alt=\"wpt 31-1\" title=\"wpt 31-1\" \/><a class=\"entire-slide-link\"  href=\"https:\/\/turismodeosuna.es\/wp-content\/uploads\/2022\/07\/wpt-31-1.webp\"><\/a><\/div><div class=\"cell\" data-lazy=\"true\"><img decoding=\"async\" class=\"skip-lazy nectar-lazy\"  src=\"data:image\/svg+xml;charset=utf-8,%3Csvg%20xmlns%3D'http%3A%2F%2Fwww.w3.org%2F2000%2Fsvg'%20viewBox%3D'0%200%20800%20600'%2F%3E\" data-nectar-img-src=\"https:\/\/turismodeosuna.es\/wp-content\/uploads\/2022\/07\/wpt-34-600x400.webp\" width=\"600\" height=\"400\" alt=\"wpt 34\" title=\"wpt 34\" \/><a class=\"entire-slide-link\"  href=\"https:\/\/turismodeosuna.es\/wp-content\/uploads\/2022\/07\/wpt-34.webp\"><\/a><\/div><\/div><\/div><\/div><\/div>\n\t\t<\/div> \n\t<\/div> \n\t\t\t<\/div> \n\t\t<\/div>\n\t<\/div> \n<\/div><\/div>","protected":false},"excerpt":{"rendered":"Route del Puerto de la Encina Nous prendrons le Centre sportif municipal comme point de d\u00e9part et d'arriv\u00e9e de l'itin\u00e9raire que nous d\u00e9crivons ci-dessous. C'est une route fr\u00e9quent\u00e9e par des...","protected":false},"author":3,"featured_media":0,"parent":0,"menu_order":0,"comment_status":"closed","ping_status":"closed","template":"","meta":{"inline_featured_image":false,"footnotes":""},"class_list":["post-4381","page","type-page","status-publish"],"yoast_head":"<!-- This site is optimized with the Yoast SEO plugin v25.3 - https:\/\/yoast.com\/wordpress\/plugins\/seo\/ -->\n<title>Route del Puerto de la Encina - Turismo Osuna<\/title>\n<meta name=\"robots\" content=\"index, follow, max-snippet:-1, max-image-preview:large, max-video-preview:-1\" \/>\n<link rel=\"canonical\" href=\"https:\/\/turismodeosuna.es\/en\/route-del-puerto-de-la-encina\/\" \/>\n<meta property=\"og:locale\" content=\"en_GB\" \/>\n<meta property=\"og:type\" content=\"article\" \/>\n<meta property=\"og:title\" content=\"Route del Puerto de la Encina - Turismo Osuna\" \/>\n<meta property=\"og:url\" content=\"https:\/\/turismodeosuna.es\/en\/route-del-puerto-de-la-encina\/\" \/>\n<meta property=\"og:site_name\" content=\"Turismo Osuna\" \/>\n<meta property=\"article:modified_time\" content=\"2023-02-13T09:24:10+00:00\" \/>\n<meta name=\"twitter:card\" content=\"summary_large_image\" \/>\n<meta name=\"twitter:label1\" content=\"Estimated reading time\" \/>\n\t<meta name=\"twitter:data1\" content=\"3 minutes\" \/>\n<script type=\"application\/ld+json\" class=\"yoast-schema-graph\">{\"@context\":\"https:\/\/schema.org\",\"@graph\":[{\"@type\":\"WebPage\",\"@id\":\"https:\/\/turismodeosuna.es\/route-del-puerto-de-la-encina\/\",\"url\":\"https:\/\/turismodeosuna.es\/route-del-puerto-de-la-encina\/\",\"name\":\"Route del Puerto de la Encina - Turismo Osuna\",\"isPartOf\":{\"@id\":\"https:\/\/turismodeosuna.es\/#website\"},\"datePublished\":\"2022-07-28T08:41:33+00:00\",\"dateModified\":\"2023-02-13T09:24:10+00:00\",\"breadcrumb\":{\"@id\":\"https:\/\/turismodeosuna.es\/route-del-puerto-de-la-encina\/#breadcrumb\"},\"inLanguage\":\"en-GB\",\"potentialAction\":[{\"@type\":\"ReadAction\",\"target\":[\"https:\/\/turismodeosuna.es\/route-del-puerto-de-la-encina\/\"]}]},{\"@type\":\"BreadcrumbList\",\"@id\":\"https:\/\/turismodeosuna.es\/route-del-puerto-de-la-encina\/#breadcrumb\",\"itemListElement\":[{\"@type\":\"ListItem\",\"position\":1,\"name\":\"Portada\",\"item\":\"https:\/\/turismodeosuna.es\/\"},{\"@type\":\"ListItem\",\"position\":2,\"name\":\"Route del Puerto de la Encina\"}]},{\"@type\":\"WebSite\",\"@id\":\"https:\/\/turismodeosuna.es\/#website\",\"url\":\"https:\/\/turismodeosuna.es\/\",\"name\":\"Turismo Osuna\",\"description\":\"Turismo de Osuna\",\"potentialAction\":[{\"@type\":\"SearchAction\",\"target\":{\"@type\":\"EntryPoint\",\"urlTemplate\":\"https:\/\/turismodeosuna.es\/?s={search_term_string}\"},\"query-input\":{\"@type\":\"PropertyValueSpecification\",\"valueRequired\":true,\"valueName\":\"search_term_string\"}}],\"inLanguage\":\"en-GB\"}]}<\/script>\n<!-- \/ Yoast SEO plugin. -->","yoast_head_json":{"title":"Route del Puerto de la Encina - Turismo Osuna","robots":{"index":"index","follow":"follow","max-snippet":"max-snippet:-1","max-image-preview":"max-image-preview:large","max-video-preview":"max-video-preview:-1"},"canonical":"https:\/\/turismodeosuna.es\/en\/route-del-puerto-de-la-encina\/","og_locale":"en_GB","og_type":"article","og_title":"Route del Puerto de la Encina - Turismo Osuna","og_url":"https:\/\/turismodeosuna.es\/en\/route-del-puerto-de-la-encina\/","og_site_name":"Turismo Osuna","article_modified_time":"2023-02-13T09:24:10+00:00","twitter_card":"summary_large_image","twitter_misc":{"Estimated reading time":"3 minutes"},"schema":{"@context":"https:\/\/schema.org","@graph":[{"@type":"WebPage","@id":"https:\/\/turismodeosuna.es\/route-del-puerto-de-la-encina\/","url":"https:\/\/turismodeosuna.es\/route-del-puerto-de-la-encina\/","name":"Route del Puerto de la Encina - Turismo Osuna","isPartOf":{"@id":"https:\/\/turismodeosuna.es\/#website"},"datePublished":"2022-07-28T08:41:33+00:00","dateModified":"2023-02-13T09:24:10+00:00","breadcrumb":{"@id":"https:\/\/turismodeosuna.es\/route-del-puerto-de-la-encina\/#breadcrumb"},"inLanguage":"en-GB","potentialAction":[{"@type":"ReadAction","target":["https:\/\/turismodeosuna.es\/route-del-puerto-de-la-encina\/"]}]},{"@type":"BreadcrumbList","@id":"https:\/\/turismodeosuna.es\/route-del-puerto-de-la-encina\/#breadcrumb","itemListElement":[{"@type":"ListItem","position":1,"name":"Portada","item":"https:\/\/turismodeosuna.es\/"},{"@type":"ListItem","position":2,"name":"Route del Puerto de la Encina"}]},{"@type":"WebSite","@id":"https:\/\/turismodeosuna.es\/#website","url":"https:\/\/turismodeosuna.es\/","name":"Turismo Osuna","description":"Turismo de Osuna","potentialAction":[{"@type":"SearchAction","target":{"@type":"EntryPoint","urlTemplate":"https:\/\/turismodeosuna.es\/?s={search_term_string}"},"query-input":{"@type":"PropertyValueSpecification","valueRequired":true,"valueName":"search_term_string"}}],"inLanguage":"en-GB"}]}},"_links":{"self":[{"href":"https:\/\/turismodeosuna.es\/en\/wp-json\/wp\/v2\/pages\/4381","targetHints":{"allow":["GET"]}}],"collection":[{"href":"https:\/\/turismodeosuna.es\/en\/wp-json\/wp\/v2\/pages"}],"about":[{"href":"https:\/\/turismodeosuna.es\/en\/wp-json\/wp\/v2\/types\/page"}],"author":[{"embeddable":true,"href":"https:\/\/turismodeosuna.es\/en\/wp-json\/wp\/v2\/users\/3"}],"replies":[{"embeddable":true,"href":"https:\/\/turismodeosuna.es\/en\/wp-json\/wp\/v2\/comments?post=4381"}],"version-history":[{"count":2,"href":"https:\/\/turismodeosuna.es\/en\/wp-json\/wp\/v2\/pages\/4381\/revisions"}],"predecessor-version":[{"id":4402,"href":"https:\/\/turismodeosuna.es\/en\/wp-json\/wp\/v2\/pages\/4381\/revisions\/4402"}],"wp:attachment":[{"href":"https:\/\/turismodeosuna.es\/en\/wp-json\/wp\/v2\/media?parent=4381"}],"curies":[{"name":"wp","href":"https:\/\/api.w.org\/{rel}","templated":true}]}}