{"id":4382,"date":"2022-07-28T10:39:40","date_gmt":"2022-07-28T08:39:40","guid":{"rendered":"http:\/\/turismodeosuna.es\/ruta-del-peinado\/"},"modified":"2023-02-13T10:25:53","modified_gmt":"2023-02-13T09:25:53","slug":"route-del-peinado","status":"publish","type":"page","link":"https:\/\/turismodeosuna.es\/en\/route-del-peinado\/","title":{"rendered":"Route del Peinado"},"content":{"rendered":"<div id=\"fws_69d918361f133\"  data-column-margin=\"default\" data-midnight=\"dark\"  class=\"wpb_row vc_row-fluid vc_row full-width-content vc_row-o-equal-height vc_row-flex vc_row-o-content-top\"  style=\"padding-top: 0px; padding-bottom: 0px; \"><div class=\"row-bg-wrap\" data-bg-animation=\"none\" data-bg-overlay=\"false\"><div class=\"inner-wrap\"><div class=\"row-bg viewport-desktop\"  style=\"\"><\/div><\/div><\/div><div class=\"row_col_wrap_12 col span_12 dark left\">\n\t<div  class=\"vc_col-sm-12 wpb_column column_container vc_column_container col no-extra-padding inherit_tablet inherit_phone\"  data-padding-pos=\"all\" data-has-bg-color=\"false\" data-bg-color=\"\" data-bg-opacity=\"1\" data-animation=\"\" data-delay=\"0\" >\n\t\t<div class=\"vc_column-inner\" >\n\t\t\t<div class=\"wpb_wrapper\">\n\t\t\t\t<div class=\"img-with-aniamtion-wrap center\" data-max-width=\"100%\" data-max-width-mobile=\"default\" data-shadow=\"none\" data-animation=\"fade-in\" >\n      <div class=\"inner\">\n        <div class=\"hover-wrap\"> \n          <div class=\"hover-wrap-inner\">\n            <img decoding=\"async\" class=\"img-with-animation skip-lazy img-sendero\" data-delay=\"0\" height=\"400\" width=\"1920\" data-animation=\"fade-in\" src=\"https:\/\/turismodeosuna.es\/wp-content\/uploads\/2022\/07\/banner-senderocicloturista-turismoosuna.webp\" alt=\"\" srcset=\"https:\/\/turismodeosuna.es\/wp-content\/uploads\/2022\/07\/banner-senderocicloturista-turismoosuna.webp 1920w, https:\/\/turismodeosuna.es\/wp-content\/uploads\/2022\/07\/banner-senderocicloturista-turismoosuna-300x63.webp 300w, https:\/\/turismodeosuna.es\/wp-content\/uploads\/2022\/07\/banner-senderocicloturista-turismoosuna-1024x213.webp 1024w, https:\/\/turismodeosuna.es\/wp-content\/uploads\/2022\/07\/banner-senderocicloturista-turismoosuna-768x160.webp 768w, https:\/\/turismodeosuna.es\/wp-content\/uploads\/2022\/07\/banner-senderocicloturista-turismoosuna-1536x320.webp 1536w\" sizes=\"(max-width: 1920px) 100vw, 1920px\" \/>\n          <\/div>\n        <\/div>\n      <\/div>\n    <\/div><div class=\"img-with-aniamtion-wrap center\" data-max-width=\"100%\" data-max-width-mobile=\"default\" data-shadow=\"none\" data-animation=\"fade-in\" >\n      <div class=\"inner\">\n        <div class=\"hover-wrap\"> \n          <div class=\"hover-wrap-inner\">\n            <img decoding=\"async\" class=\"img-with-animation skip-lazy\" data-delay=\"0\" height=\"215\" width=\"1920\" data-animation=\"fade-in\" src=\"https:\/\/turismodeosuna.es\/wp-content\/uploads\/2022\/06\/sombrabanner-turismodeosuna.png\" alt=\"sombra\" srcset=\"https:\/\/turismodeosuna.es\/wp-content\/uploads\/2022\/06\/sombrabanner-turismodeosuna.png 1920w, https:\/\/turismodeosuna.es\/wp-content\/uploads\/2022\/06\/sombrabanner-turismodeosuna-300x34.png 300w, https:\/\/turismodeosuna.es\/wp-content\/uploads\/2022\/06\/sombrabanner-turismodeosuna-1024x115.png 1024w, https:\/\/turismodeosuna.es\/wp-content\/uploads\/2022\/06\/sombrabanner-turismodeosuna-768x86.png 768w, https:\/\/turismodeosuna.es\/wp-content\/uploads\/2022\/06\/sombrabanner-turismodeosuna-1536x172.png 1536w\" sizes=\"(max-width: 1920px) 100vw, 1920px\" \/>\n          <\/div>\n        <\/div>\n      <\/div>\n    <\/div>\n\t\t\t<\/div> \n\t\t<\/div>\n\t<\/div> \n<\/div><\/div>\n\t\t<div id=\"fws_69d918361f91c\"  data-column-margin=\"default\" data-midnight=\"dark\"  class=\"wpb_row vc_row-fluid vc_row vc_row-o-equal-height vc_row-flex vc_row-o-content-middle  top_margin_-4pct top_margin_tablet_5pct top_margin_phone_5pct bottom_margin_tablet_0px\"  style=\"padding-top: 0px; padding-bottom: 0px; \"><div class=\"row-bg-wrap\" data-bg-animation=\"none\" data-bg-overlay=\"false\"><div class=\"inner-wrap\"><div class=\"row-bg viewport-desktop\"  style=\"\"><\/div><\/div><\/div><div class=\"row_col_wrap_12 col span_12 dark left\">\n\t<div  class=\"vc_col-sm-12 wpb_column column_container vc_column_container col no-extra-padding inherit_tablet inherit_phone\"  data-padding-pos=\"all\" data-has-bg-color=\"false\" data-bg-color=\"\" data-bg-opacity=\"1\" data-animation=\"\" data-delay=\"0\" >\n\t\t<div class=\"vc_column-inner\" >\n\t\t\t<div class=\"wpb_wrapper\">\n\t\t\t\t\n<div class=\"wpb_text_column wpb_content_element\" >\n\t<div class=\"wpb_wrapper\">\n\t\t<h1 style=\"text-align: center;\">Route del Peinado<\/h1>\n\t<\/div>\n<\/div>\n\n\n\n\n<div class=\"wpb_text_column wpb_content_element\" >\n\t<div class=\"wpb_wrapper\">\n\t\t<p><span style=\"font-weight: 400;\">Sur cette route, notre point de d\u00e9part sera le centre sportif municipal et la fin sera la zone de service. C&#8217;est une voie dans laquelle nous allons trouver des hauts et des bas constants.<\/span><\/p>\n<p><span style=\"font-weight: 400;\">Nous partons du centre sportif et nous dirigeons vers le parc industriel de Las Vegas quelques m\u00e8tres avant d&#8217;atteindre la station-service situ\u00e9e dans ladite zone industrielle, nous devons tourner \u00e0 gauche, prendre le pont qui nous m\u00e8nerait \u00e0 l&#8217;entr\u00e9e de l&#8217;autoroute, lorsque nous passons le pont, nous devons chercher un chemin de terre sur notre gauche, avec prudence nous prenons ce chemin et peu apr\u00e8s nous tournons \u00e0 droite pour prendre le \u00abCamino del Urraco\u00bb, nous continuons tout droit en traversant l &#8216;\u00bbArroyo del Salado\u00bb et le \u00abArroyo de Marchelina\u00bb, nous traversons le chemin de la voie ferr\u00e9e en prenant le pont, apr\u00e8s avoir travers\u00e9 l&#8217;Arroyo del Saltillo \u00bbet juste avant d&#8217;arriver \u00e0 l &#8216;\u00ab Arroyo del Peinado \u00bb, nous tournons \u00e0 gauche pour traverser la\u00ab Vereda del Peinado \u00bbpendant une section parall\u00e8le \u00e0 ce m\u00eame ruisseau, passant pr\u00e8s du \u00abCortijo del Peinado\u00bb.<\/span><\/p>\n<p><span style=\"font-weight: 400;\">Nous arrivons \u00e0 la \u00abVereda de la Calderona\u00bb, traversons le \u00abArroyo del Peinado\u00bb et tournons \u00e0 gauche, nous continuons et d\u00e8s que nous passons le \u00abCortijo del Agujetero Bajo\u00bb nous tournons \u00e0 gauche pour rejoindre la route \u00abSE-8204\u00bb ( Carretera del Puerto de la Encina), nous la prenons en tournant \u00e0 gauche et apr\u00e8s avoir pass\u00e9 le pont \u00abArroyo del Peinado\u00bb nous tournons \u00e0 droite, nous continuons le long de ce chemin situ\u00e9 entre les oliviers jusqu&#8217;\u00e0 la fin nous devons tourner \u00e0 gauche pour continuer le long de la \u00abVereda del V\u00ednculo\u00bb, nous avons laiss\u00e9 les ruines du \u00abCortijo del V\u00ednculo\u00bb et sommes arriv\u00e9s \u00e0 la \u00abCa\u00f1ada Real de Ronda\u00bb, avons travers\u00e9 \u00abArroyo del V\u00ednculo\u00bb et avons tourn\u00e9 \u00e0 droite pour rejoindre la route \u00abA-451\u00bb (Carretera del Saucejo), nous traversons cette route et arrivons au \u00abCortijo de Horn\u00eda\u00bb. De l\u00e0, nous continuons sur l&#8217;asphalte jusqu&#8217;au passage par le \u00abCortijo de Cachimonte\u00bb. Nous trouverons un carrefour o\u00f9 nous devons continuer tout droit.<\/span><\/p>\n<p><span style=\"font-weight: 400;\">Nous passons le \u00abCortijo de Madue\u00f1a\u00bb et arrivons \u00e0 la \u00abCa\u00f1ada Real de \u00c9cija a Teba\u00bb, nous le prenons en tournant \u00e0 droite et apr\u00e8s avoir travers\u00e9 le \u00abArroyo de las Vi\u00f1as\u00bb nous tournons \u00e0 gauche. Nous avan\u00e7ons entre les oliveraies et tournons \u00e0 droite, traversons l &#8216;\u00bbArroyo de las Palomas\u00bb et continuons tout droit jusqu&#8217;\u00e0 ce qu&#8217;avant d&#8217;arriver au \u00abCortijo de Majaron\u00bb nous tournions \u00e0 gauche, continuons \u00e0 prendre la route \u00abA-378\u00bb de Martin de la Jara) vers Osuna. Apr\u00e8s environ 700 m\u00e8tres, nous tournons \u00e0 droite \u00e0 l&#8217;intersection que nous voyons, nous continuons sur l&#8217;asphalte pendant environ 3 km pour tourner \u00e0 gauche peu apr\u00e8s avoir d\u00e9pass\u00e9 les ruines de la \u00abHacienda del Soldado\u00bb, entrant ainsi dans la \u00abVereda de \u00cdpora\u00bb , nous suivons ce chemin pour finalement revenir \u00e0 Osuna apr\u00e8s avoir travers\u00e9 le \u00abCortijo de los Arcos\u00bb et le \u00abCortijo de Do\u00f1a Laura\u00bb.<\/span><\/p>\n\t<\/div>\n<\/div>\n\n\n\n\n\t\t\t<\/div> \n\t\t<\/div>\n\t<\/div> \n<\/div><\/div>","protected":false},"excerpt":{"rendered":"Route del Peinado Sur cette route, notre point de d\u00e9part sera le centre sportif municipal et la fin sera la zone de service. C'est une voie dans laquelle nous allons...","protected":false},"author":3,"featured_media":0,"parent":0,"menu_order":0,"comment_status":"closed","ping_status":"closed","template":"","meta":{"inline_featured_image":false,"footnotes":""},"class_list":["post-4382","page","type-page","status-publish"],"yoast_head":"<!-- This site is optimized with the Yoast SEO plugin v25.3 - https:\/\/yoast.com\/wordpress\/plugins\/seo\/ -->\n<title>Route del Peinado - Turismo Osuna<\/title>\n<meta name=\"robots\" content=\"index, follow, max-snippet:-1, max-image-preview:large, max-video-preview:-1\" \/>\n<link rel=\"canonical\" href=\"https:\/\/turismodeosuna.es\/en\/route-del-peinado\/\" \/>\n<meta property=\"og:locale\" content=\"en_GB\" \/>\n<meta property=\"og:type\" content=\"article\" \/>\n<meta property=\"og:title\" content=\"Route del Peinado - Turismo Osuna\" \/>\n<meta property=\"og:url\" content=\"https:\/\/turismodeosuna.es\/en\/route-del-peinado\/\" \/>\n<meta property=\"og:site_name\" content=\"Turismo Osuna\" \/>\n<meta property=\"article:modified_time\" content=\"2023-02-13T09:25:53+00:00\" \/>\n<meta name=\"twitter:card\" content=\"summary_large_image\" \/>\n<meta name=\"twitter:label1\" content=\"Estimated reading time\" \/>\n\t<meta name=\"twitter:data1\" content=\"3 minutes\" \/>\n<script type=\"application\/ld+json\" class=\"yoast-schema-graph\">{\"@context\":\"https:\/\/schema.org\",\"@graph\":[{\"@type\":\"WebPage\",\"@id\":\"https:\/\/turismodeosuna.es\/route-del-peinado\/\",\"url\":\"https:\/\/turismodeosuna.es\/route-del-peinado\/\",\"name\":\"Route del Peinado - Turismo Osuna\",\"isPartOf\":{\"@id\":\"https:\/\/turismodeosuna.es\/#website\"},\"datePublished\":\"2022-07-28T08:39:40+00:00\",\"dateModified\":\"2023-02-13T09:25:53+00:00\",\"breadcrumb\":{\"@id\":\"https:\/\/turismodeosuna.es\/route-del-peinado\/#breadcrumb\"},\"inLanguage\":\"en-GB\",\"potentialAction\":[{\"@type\":\"ReadAction\",\"target\":[\"https:\/\/turismodeosuna.es\/route-del-peinado\/\"]}]},{\"@type\":\"BreadcrumbList\",\"@id\":\"https:\/\/turismodeosuna.es\/route-del-peinado\/#breadcrumb\",\"itemListElement\":[{\"@type\":\"ListItem\",\"position\":1,\"name\":\"Portada\",\"item\":\"https:\/\/turismodeosuna.es\/\"},{\"@type\":\"ListItem\",\"position\":2,\"name\":\"Route del Peinado\"}]},{\"@type\":\"WebSite\",\"@id\":\"https:\/\/turismodeosuna.es\/#website\",\"url\":\"https:\/\/turismodeosuna.es\/\",\"name\":\"Turismo Osuna\",\"description\":\"Turismo de Osuna\",\"potentialAction\":[{\"@type\":\"SearchAction\",\"target\":{\"@type\":\"EntryPoint\",\"urlTemplate\":\"https:\/\/turismodeosuna.es\/?s={search_term_string}\"},\"query-input\":{\"@type\":\"PropertyValueSpecification\",\"valueRequired\":true,\"valueName\":\"search_term_string\"}}],\"inLanguage\":\"en-GB\"}]}<\/script>\n<!-- \/ Yoast SEO plugin. -->","yoast_head_json":{"title":"Route del Peinado - Turismo Osuna","robots":{"index":"index","follow":"follow","max-snippet":"max-snippet:-1","max-image-preview":"max-image-preview:large","max-video-preview":"max-video-preview:-1"},"canonical":"https:\/\/turismodeosuna.es\/en\/route-del-peinado\/","og_locale":"en_GB","og_type":"article","og_title":"Route del Peinado - Turismo Osuna","og_url":"https:\/\/turismodeosuna.es\/en\/route-del-peinado\/","og_site_name":"Turismo Osuna","article_modified_time":"2023-02-13T09:25:53+00:00","twitter_card":"summary_large_image","twitter_misc":{"Estimated reading time":"3 minutes"},"schema":{"@context":"https:\/\/schema.org","@graph":[{"@type":"WebPage","@id":"https:\/\/turismodeosuna.es\/route-del-peinado\/","url":"https:\/\/turismodeosuna.es\/route-del-peinado\/","name":"Route del Peinado - Turismo Osuna","isPartOf":{"@id":"https:\/\/turismodeosuna.es\/#website"},"datePublished":"2022-07-28T08:39:40+00:00","dateModified":"2023-02-13T09:25:53+00:00","breadcrumb":{"@id":"https:\/\/turismodeosuna.es\/route-del-peinado\/#breadcrumb"},"inLanguage":"en-GB","potentialAction":[{"@type":"ReadAction","target":["https:\/\/turismodeosuna.es\/route-del-peinado\/"]}]},{"@type":"BreadcrumbList","@id":"https:\/\/turismodeosuna.es\/route-del-peinado\/#breadcrumb","itemListElement":[{"@type":"ListItem","position":1,"name":"Portada","item":"https:\/\/turismodeosuna.es\/"},{"@type":"ListItem","position":2,"name":"Route del Peinado"}]},{"@type":"WebSite","@id":"https:\/\/turismodeosuna.es\/#website","url":"https:\/\/turismodeosuna.es\/","name":"Turismo Osuna","description":"Turismo de Osuna","potentialAction":[{"@type":"SearchAction","target":{"@type":"EntryPoint","urlTemplate":"https:\/\/turismodeosuna.es\/?s={search_term_string}"},"query-input":{"@type":"PropertyValueSpecification","valueRequired":true,"valueName":"search_term_string"}}],"inLanguage":"en-GB"}]}},"_links":{"self":[{"href":"https:\/\/turismodeosuna.es\/en\/wp-json\/wp\/v2\/pages\/4382","targetHints":{"allow":["GET"]}}],"collection":[{"href":"https:\/\/turismodeosuna.es\/en\/wp-json\/wp\/v2\/pages"}],"about":[{"href":"https:\/\/turismodeosuna.es\/en\/wp-json\/wp\/v2\/types\/page"}],"author":[{"embeddable":true,"href":"https:\/\/turismodeosuna.es\/en\/wp-json\/wp\/v2\/users\/3"}],"replies":[{"embeddable":true,"href":"https:\/\/turismodeosuna.es\/en\/wp-json\/wp\/v2\/comments?post=4382"}],"version-history":[{"count":2,"href":"https:\/\/turismodeosuna.es\/en\/wp-json\/wp\/v2\/pages\/4382\/revisions"}],"predecessor-version":[{"id":4404,"href":"https:\/\/turismodeosuna.es\/en\/wp-json\/wp\/v2\/pages\/4382\/revisions\/4404"}],"wp:attachment":[{"href":"https:\/\/turismodeosuna.es\/en\/wp-json\/wp\/v2\/media?parent=4382"}],"curies":[{"name":"wp","href":"https:\/\/api.w.org\/{rel}","templated":true}]}}