{"id":4383,"date":"2022-07-28T10:38:34","date_gmt":"2022-07-28T08:38:34","guid":{"rendered":"http:\/\/turismodeosuna.es\/ruta-de-nevaterrines\/"},"modified":"2023-02-13T10:26:53","modified_gmt":"2023-02-13T09:26:53","slug":"route-de-navaterrines","status":"publish","type":"page","link":"https:\/\/turismodeosuna.es\/en\/route-de-navaterrines\/","title":{"rendered":"Route de Navaterrines"},"content":{"rendered":"<div id=\"fws_69d9183bd66b1\"  data-column-margin=\"default\" data-midnight=\"dark\"  class=\"wpb_row vc_row-fluid vc_row full-width-content vc_row-o-equal-height vc_row-flex vc_row-o-content-top\"  style=\"padding-top: 0px; padding-bottom: 0px; \"><div class=\"row-bg-wrap\" data-bg-animation=\"none\" data-bg-overlay=\"false\"><div class=\"inner-wrap\"><div class=\"row-bg viewport-desktop\"  style=\"\"><\/div><\/div><\/div><div class=\"row_col_wrap_12 col span_12 dark left\">\n\t<div  class=\"vc_col-sm-12 wpb_column column_container vc_column_container col no-extra-padding inherit_tablet inherit_phone\"  data-padding-pos=\"all\" data-has-bg-color=\"false\" data-bg-color=\"\" data-bg-opacity=\"1\" data-animation=\"\" data-delay=\"0\" >\n\t\t<div class=\"vc_column-inner\" >\n\t\t\t<div class=\"wpb_wrapper\">\n\t\t\t\t<div class=\"img-with-aniamtion-wrap center\" data-max-width=\"100%\" data-max-width-mobile=\"default\" data-shadow=\"none\" data-animation=\"fade-in\" >\n      <div class=\"inner\">\n        <div class=\"hover-wrap\"> \n          <div class=\"hover-wrap-inner\">\n            <img decoding=\"async\" class=\"img-with-animation skip-lazy img-sendero\" data-delay=\"0\" height=\"400\" width=\"1920\" data-animation=\"fade-in\" src=\"https:\/\/turismodeosuna.es\/wp-content\/uploads\/2022\/07\/banner-senderocicloturista-turismoosuna.webp\" alt=\"\" srcset=\"https:\/\/turismodeosuna.es\/wp-content\/uploads\/2022\/07\/banner-senderocicloturista-turismoosuna.webp 1920w, https:\/\/turismodeosuna.es\/wp-content\/uploads\/2022\/07\/banner-senderocicloturista-turismoosuna-300x63.webp 300w, https:\/\/turismodeosuna.es\/wp-content\/uploads\/2022\/07\/banner-senderocicloturista-turismoosuna-1024x213.webp 1024w, https:\/\/turismodeosuna.es\/wp-content\/uploads\/2022\/07\/banner-senderocicloturista-turismoosuna-768x160.webp 768w, https:\/\/turismodeosuna.es\/wp-content\/uploads\/2022\/07\/banner-senderocicloturista-turismoosuna-1536x320.webp 1536w\" sizes=\"(max-width: 1920px) 100vw, 1920px\" \/>\n          <\/div>\n        <\/div>\n      <\/div>\n    <\/div><div class=\"img-with-aniamtion-wrap center\" data-max-width=\"100%\" data-max-width-mobile=\"default\" data-shadow=\"none\" data-animation=\"fade-in\" >\n      <div class=\"inner\">\n        <div class=\"hover-wrap\"> \n          <div class=\"hover-wrap-inner\">\n            <img decoding=\"async\" class=\"img-with-animation skip-lazy\" data-delay=\"0\" height=\"215\" width=\"1920\" data-animation=\"fade-in\" src=\"https:\/\/turismodeosuna.es\/wp-content\/uploads\/2022\/06\/sombrabanner-turismodeosuna.png\" alt=\"sombra\" srcset=\"https:\/\/turismodeosuna.es\/wp-content\/uploads\/2022\/06\/sombrabanner-turismodeosuna.png 1920w, https:\/\/turismodeosuna.es\/wp-content\/uploads\/2022\/06\/sombrabanner-turismodeosuna-300x34.png 300w, https:\/\/turismodeosuna.es\/wp-content\/uploads\/2022\/06\/sombrabanner-turismodeosuna-1024x115.png 1024w, https:\/\/turismodeosuna.es\/wp-content\/uploads\/2022\/06\/sombrabanner-turismodeosuna-768x86.png 768w, https:\/\/turismodeosuna.es\/wp-content\/uploads\/2022\/06\/sombrabanner-turismodeosuna-1536x172.png 1536w\" sizes=\"(max-width: 1920px) 100vw, 1920px\" \/>\n          <\/div>\n        <\/div>\n      <\/div>\n    <\/div>\n\t\t\t<\/div> \n\t\t<\/div>\n\t<\/div> \n<\/div><\/div>\n\t\t<div id=\"fws_69d9183bd7b00\"  data-column-margin=\"default\" data-midnight=\"dark\"  class=\"wpb_row vc_row-fluid vc_row vc_row-o-equal-height vc_row-flex vc_row-o-content-middle  top_margin_-4pct top_margin_tablet_5pct top_margin_phone_5pct bottom_margin_tablet_0px\"  style=\"padding-top: 0px; padding-bottom: 0px; \"><div class=\"row-bg-wrap\" data-bg-animation=\"none\" data-bg-overlay=\"false\"><div class=\"inner-wrap\"><div class=\"row-bg viewport-desktop\"  style=\"\"><\/div><\/div><\/div><div class=\"row_col_wrap_12 col span_12 dark left\">\n\t<div  class=\"vc_col-sm-12 wpb_column column_container vc_column_container col no-extra-padding inherit_tablet inherit_phone\"  data-padding-pos=\"all\" data-has-bg-color=\"false\" data-bg-color=\"\" data-bg-opacity=\"1\" data-animation=\"\" data-delay=\"0\" >\n\t\t<div class=\"vc_column-inner\" >\n\t\t\t<div class=\"wpb_wrapper\">\n\t\t\t\t\n<div class=\"wpb_text_column wpb_content_element\" >\n\t<div class=\"wpb_wrapper\">\n\t\t<h1 style=\"text-align: center;\">Route de Navaterrines<\/h1>\n\t<\/div>\n<\/div>\n\n\n\n\n<div class=\"wpb_text_column wpb_content_element\" >\n\t<div class=\"wpb_wrapper\">\n\t\t<p><span style=\"font-weight: 400;\">Pour l&#8217;itin\u00e9raire que nous d\u00e9crivons ci-dessous, nous marquons la zone de service comme point de d\u00e9part et d&#8217;arriv\u00e9e. C&#8217;est un itin\u00e9raire qui peut pr\u00e9senter certaines difficult\u00e9s dues principalement au terrain que nous allons traverser.<\/span><\/p>\n<p><span style=\"font-weight: 400;\">Nous partons de la zone de service, passons sous le pont de la \u00abA-92\u00bb et nous dirigeons vers le \u00abCamino de \u00cdpora\u00bb, traversons soigneusement le passage \u00e0 niveau sans barri\u00e8res et continuons d&#8217;avancer pour passer sous la route qui a \u00e9t\u00e9 faite pour la ligne de chemin de fer, quand nous arrivons \u00e0 la prochaine intersection, nous devons tourner \u00e0 droite pour prendre la \u00abVereda de San Lucas\u00bb, nous passons par le \u00abCortijo de San Lucas\u00bb et le \u00abCortijo de El Rosso\u00bb, nous continuons parall\u00e8lement \u00e0 la route le long de ce trottoir traversant le \u00abArroyo del Salado\u00bb, quand nous atteignons la \u00abVereda del Calvario\u00bb nous tournons \u00e0 gauche pour approcher les jupes de l&#8217;ancien \u00abMonasterio del Calvario\u00bb, nous continuons parall\u00e8lement \u00e0 la route sur la rive gauche, apr\u00e8s \u00eatre pass\u00e9 la \u00abCasilla del Pe\u00f3n Caminero\u00bb nous arrivons \u00e0 la jonction avec la route \u00abSE-485&#8243; (Carretera de Aguadulce) \u00e0 travers laquelle nous allons circuler sur environ 500 m\u00e8tres, nous tournons \u00e0 droite sur les oliviers et nous devons continuer avec mu Apr\u00e8s avoir d\u00e9taill\u00e9 la piste, apr\u00e8s une descente \u00e0 travers l&#8217;oliveraie et \u00e0 travers une orni\u00e8re mal marqu\u00e9e, nous trouvons le chemin dans un petit ravin qui nous introduit dans le lit de l &#8216;\u00bbArroyo del Salinoso\u00bb, nous le traversons pour trouver le chemin qui m\u00e8ne au \u00abCortijo\u00bb de Aparicio \u00bb, lorsque nous atteignons cette ferme, nous tournons \u00e0 droite pour sortir sur une piste en bon \u00e9tat vers la route\u00ab A-378 \u00bb(route Mart\u00edn de la Jara), nous la traversons et nous nous dirigeons d&#8217;abord vers le\u00ab Cortijo del Cortijuelo \u00bb puis vers le \u00abCortijo de Navaterrines\u00bb, en arrivant \u00e0 Navaterrines, nous tournons \u00e0 droite pour prendre la \u00abCa\u00f1ada Real de \u00c9cija a Teba\u00bb.<\/span><\/p>\n<p><span style=\"font-weight: 400;\">L&#8217;itin\u00e9raire continue vers la gauche le long du \u00abCamino de los Corrales\u00bb, mais nous pouvons continuer tout droit et revenir \u00e0 Osuna, en le raccourcissant et en \u00e9vitant les mont\u00e9es qui nous attendent. piste et nous tournons \u00e0 droite, en passant la ferme il y a deux options, nous continuons \u00e0 gauche, apr\u00e8s une section \u00e0 travers la plaine nous arrivons \u00e0 quelques oliviers, attention \u00e0 ce point, nous allons \u00e0 droite par une petite orni\u00e8re marqu\u00e9e dans le d&#8217;oliveraie, jusqu&#8217;\u00e0 ce que nous trouvions le chemin \u00e0 travers le maquis qui monte d&#8217;abord au \u00abCortijo Cantalejos Bajo\u00bb, nous gardons \u00e0 droite et continuons sans d\u00e9vier jusqu&#8217;\u00e0 ce que nous atteignions la piste du parc \u00e9olien o\u00f9 nous devons entrer en faisant un virage vers le Sur la gauche, nous continuons le long de celle-ci, laissant les antennes r\u00e9p\u00e9teurs et le \u00abCortijo de Cantalejos Alto\u00bb sur la gauche, nous tournons \u00e0 droite sur un chemin parall\u00e8le \u00e0 la piste, o\u00f9 nous aurons de belles vues panoramiques sur la e Osuna, nous trouvons un chemin \u00e0 droite o\u00f9 vous pouvez voir une maison en ruine et bient\u00f4t nous avons fait une descente vertigineuse, traversant des vignes qu&#8217;apr\u00e8s avoir travers\u00e9 la route goudronn\u00e9e, nous continuerons jusqu&#8217;\u00e0 ce que nous atteignions \u00e0 nouveau Osuna.<\/span><\/p>\n\t<\/div>\n<\/div>\n\n\n\n\n\t\t\t<\/div> \n\t\t<\/div>\n\t<\/div> \n<\/div><\/div>","protected":false},"excerpt":{"rendered":"Route de Navaterrines Pour l'itin\u00e9raire que nous d\u00e9crivons ci-dessous, nous marquons la zone de service comme point de d\u00e9part et d'arriv\u00e9e. C'est un itin\u00e9raire qui peut pr\u00e9senter certaines difficult\u00e9s dues...","protected":false},"author":3,"featured_media":0,"parent":0,"menu_order":0,"comment_status":"closed","ping_status":"closed","template":"","meta":{"inline_featured_image":false,"footnotes":""},"class_list":["post-4383","page","type-page","status-publish"],"yoast_head":"<!-- This site is optimized with the Yoast SEO plugin v25.3 - https:\/\/yoast.com\/wordpress\/plugins\/seo\/ -->\n<title>Route de Navaterrines - Turismo Osuna<\/title>\n<meta name=\"robots\" content=\"index, follow, max-snippet:-1, max-image-preview:large, max-video-preview:-1\" \/>\n<link rel=\"canonical\" href=\"https:\/\/turismodeosuna.es\/en\/route-de-navaterrines\/\" \/>\n<meta property=\"og:locale\" content=\"en_GB\" \/>\n<meta property=\"og:type\" content=\"article\" \/>\n<meta property=\"og:title\" content=\"Route de Navaterrines - Turismo Osuna\" \/>\n<meta property=\"og:url\" content=\"https:\/\/turismodeosuna.es\/en\/route-de-navaterrines\/\" \/>\n<meta property=\"og:site_name\" content=\"Turismo Osuna\" \/>\n<meta property=\"article:modified_time\" content=\"2023-02-13T09:26:53+00:00\" \/>\n<meta name=\"twitter:card\" content=\"summary_large_image\" \/>\n<meta name=\"twitter:label1\" content=\"Estimated reading time\" \/>\n\t<meta name=\"twitter:data1\" content=\"4 minutes\" \/>\n<script type=\"application\/ld+json\" class=\"yoast-schema-graph\">{\"@context\":\"https:\/\/schema.org\",\"@graph\":[{\"@type\":\"WebPage\",\"@id\":\"https:\/\/turismodeosuna.es\/route-de-navaterrines\/\",\"url\":\"https:\/\/turismodeosuna.es\/route-de-navaterrines\/\",\"name\":\"Route de Navaterrines - Turismo Osuna\",\"isPartOf\":{\"@id\":\"https:\/\/turismodeosuna.es\/#website\"},\"datePublished\":\"2022-07-28T08:38:34+00:00\",\"dateModified\":\"2023-02-13T09:26:53+00:00\",\"breadcrumb\":{\"@id\":\"https:\/\/turismodeosuna.es\/route-de-navaterrines\/#breadcrumb\"},\"inLanguage\":\"en-GB\",\"potentialAction\":[{\"@type\":\"ReadAction\",\"target\":[\"https:\/\/turismodeosuna.es\/route-de-navaterrines\/\"]}]},{\"@type\":\"BreadcrumbList\",\"@id\":\"https:\/\/turismodeosuna.es\/route-de-navaterrines\/#breadcrumb\",\"itemListElement\":[{\"@type\":\"ListItem\",\"position\":1,\"name\":\"Portada\",\"item\":\"https:\/\/turismodeosuna.es\/\"},{\"@type\":\"ListItem\",\"position\":2,\"name\":\"Route de Navaterrines\"}]},{\"@type\":\"WebSite\",\"@id\":\"https:\/\/turismodeosuna.es\/#website\",\"url\":\"https:\/\/turismodeosuna.es\/\",\"name\":\"Turismo Osuna\",\"description\":\"Turismo de Osuna\",\"potentialAction\":[{\"@type\":\"SearchAction\",\"target\":{\"@type\":\"EntryPoint\",\"urlTemplate\":\"https:\/\/turismodeosuna.es\/?s={search_term_string}\"},\"query-input\":{\"@type\":\"PropertyValueSpecification\",\"valueRequired\":true,\"valueName\":\"search_term_string\"}}],\"inLanguage\":\"en-GB\"}]}<\/script>\n<!-- \/ Yoast SEO plugin. -->","yoast_head_json":{"title":"Route de Navaterrines - Turismo Osuna","robots":{"index":"index","follow":"follow","max-snippet":"max-snippet:-1","max-image-preview":"max-image-preview:large","max-video-preview":"max-video-preview:-1"},"canonical":"https:\/\/turismodeosuna.es\/en\/route-de-navaterrines\/","og_locale":"en_GB","og_type":"article","og_title":"Route de Navaterrines - Turismo Osuna","og_url":"https:\/\/turismodeosuna.es\/en\/route-de-navaterrines\/","og_site_name":"Turismo Osuna","article_modified_time":"2023-02-13T09:26:53+00:00","twitter_card":"summary_large_image","twitter_misc":{"Estimated reading time":"4 minutes"},"schema":{"@context":"https:\/\/schema.org","@graph":[{"@type":"WebPage","@id":"https:\/\/turismodeosuna.es\/route-de-navaterrines\/","url":"https:\/\/turismodeosuna.es\/route-de-navaterrines\/","name":"Route de Navaterrines - Turismo Osuna","isPartOf":{"@id":"https:\/\/turismodeosuna.es\/#website"},"datePublished":"2022-07-28T08:38:34+00:00","dateModified":"2023-02-13T09:26:53+00:00","breadcrumb":{"@id":"https:\/\/turismodeosuna.es\/route-de-navaterrines\/#breadcrumb"},"inLanguage":"en-GB","potentialAction":[{"@type":"ReadAction","target":["https:\/\/turismodeosuna.es\/route-de-navaterrines\/"]}]},{"@type":"BreadcrumbList","@id":"https:\/\/turismodeosuna.es\/route-de-navaterrines\/#breadcrumb","itemListElement":[{"@type":"ListItem","position":1,"name":"Portada","item":"https:\/\/turismodeosuna.es\/"},{"@type":"ListItem","position":2,"name":"Route de Navaterrines"}]},{"@type":"WebSite","@id":"https:\/\/turismodeosuna.es\/#website","url":"https:\/\/turismodeosuna.es\/","name":"Turismo Osuna","description":"Turismo de Osuna","potentialAction":[{"@type":"SearchAction","target":{"@type":"EntryPoint","urlTemplate":"https:\/\/turismodeosuna.es\/?s={search_term_string}"},"query-input":{"@type":"PropertyValueSpecification","valueRequired":true,"valueName":"search_term_string"}}],"inLanguage":"en-GB"}]}},"_links":{"self":[{"href":"https:\/\/turismodeosuna.es\/en\/wp-json\/wp\/v2\/pages\/4383","targetHints":{"allow":["GET"]}}],"collection":[{"href":"https:\/\/turismodeosuna.es\/en\/wp-json\/wp\/v2\/pages"}],"about":[{"href":"https:\/\/turismodeosuna.es\/en\/wp-json\/wp\/v2\/types\/page"}],"author":[{"embeddable":true,"href":"https:\/\/turismodeosuna.es\/en\/wp-json\/wp\/v2\/users\/3"}],"replies":[{"embeddable":true,"href":"https:\/\/turismodeosuna.es\/en\/wp-json\/wp\/v2\/comments?post=4383"}],"version-history":[{"count":2,"href":"https:\/\/turismodeosuna.es\/en\/wp-json\/wp\/v2\/pages\/4383\/revisions"}],"predecessor-version":[{"id":4406,"href":"https:\/\/turismodeosuna.es\/en\/wp-json\/wp\/v2\/pages\/4383\/revisions\/4406"}],"wp:attachment":[{"href":"https:\/\/turismodeosuna.es\/en\/wp-json\/wp\/v2\/media?parent=4383"}],"curies":[{"name":"wp","href":"https:\/\/api.w.org\/{rel}","templated":true}]}}