{"id":4384,"date":"2022-07-28T10:37:24","date_gmt":"2022-07-28T08:37:24","guid":{"rendered":"http:\/\/turismodeosuna.es\/ruta-de-la-mesada\/"},"modified":"2023-02-13T10:28:17","modified_gmt":"2023-02-13T09:28:17","slug":"route-de-la-mesada","status":"publish","type":"page","link":"https:\/\/turismodeosuna.es\/en\/route-de-la-mesada\/","title":{"rendered":"Route de la Mesada"},"content":{"rendered":"<div id=\"fws_69d917e34e488\"  data-column-margin=\"default\" data-midnight=\"dark\"  class=\"wpb_row vc_row-fluid vc_row full-width-content vc_row-o-equal-height vc_row-flex vc_row-o-content-top\"  style=\"padding-top: 0px; padding-bottom: 0px; \"><div class=\"row-bg-wrap\" data-bg-animation=\"none\" data-bg-overlay=\"false\"><div class=\"inner-wrap\"><div class=\"row-bg viewport-desktop\"  style=\"\"><\/div><\/div><\/div><div class=\"row_col_wrap_12 col span_12 dark left\">\n\t<div  class=\"vc_col-sm-12 wpb_column column_container vc_column_container col no-extra-padding inherit_tablet inherit_phone\"  data-padding-pos=\"all\" data-has-bg-color=\"false\" data-bg-color=\"\" data-bg-opacity=\"1\" data-animation=\"\" data-delay=\"0\" >\n\t\t<div class=\"vc_column-inner\" >\n\t\t\t<div class=\"wpb_wrapper\">\n\t\t\t\t<div class=\"img-with-aniamtion-wrap center\" data-max-width=\"100%\" data-max-width-mobile=\"default\" data-shadow=\"none\" data-animation=\"fade-in\" >\n      <div class=\"inner\">\n        <div class=\"hover-wrap\"> \n          <div class=\"hover-wrap-inner\">\n            <img decoding=\"async\" class=\"img-with-animation skip-lazy img-sendero\" data-delay=\"0\" height=\"400\" width=\"1920\" data-animation=\"fade-in\" src=\"https:\/\/turismodeosuna.es\/wp-content\/uploads\/2022\/07\/banner-senderocicloturista-turismoosuna.webp\" alt=\"\" srcset=\"https:\/\/turismodeosuna.es\/wp-content\/uploads\/2022\/07\/banner-senderocicloturista-turismoosuna.webp 1920w, https:\/\/turismodeosuna.es\/wp-content\/uploads\/2022\/07\/banner-senderocicloturista-turismoosuna-300x63.webp 300w, https:\/\/turismodeosuna.es\/wp-content\/uploads\/2022\/07\/banner-senderocicloturista-turismoosuna-1024x213.webp 1024w, https:\/\/turismodeosuna.es\/wp-content\/uploads\/2022\/07\/banner-senderocicloturista-turismoosuna-768x160.webp 768w, https:\/\/turismodeosuna.es\/wp-content\/uploads\/2022\/07\/banner-senderocicloturista-turismoosuna-1536x320.webp 1536w\" sizes=\"(max-width: 1920px) 100vw, 1920px\" \/>\n          <\/div>\n        <\/div>\n      <\/div>\n    <\/div><div class=\"img-with-aniamtion-wrap center\" data-max-width=\"100%\" data-max-width-mobile=\"default\" data-shadow=\"none\" data-animation=\"fade-in\" >\n      <div class=\"inner\">\n        <div class=\"hover-wrap\"> \n          <div class=\"hover-wrap-inner\">\n            <img decoding=\"async\" class=\"img-with-animation skip-lazy\" data-delay=\"0\" height=\"215\" width=\"1920\" data-animation=\"fade-in\" src=\"https:\/\/turismodeosuna.es\/wp-content\/uploads\/2022\/06\/sombrabanner-turismodeosuna.png\" alt=\"sombra\" srcset=\"https:\/\/turismodeosuna.es\/wp-content\/uploads\/2022\/06\/sombrabanner-turismodeosuna.png 1920w, https:\/\/turismodeosuna.es\/wp-content\/uploads\/2022\/06\/sombrabanner-turismodeosuna-300x34.png 300w, https:\/\/turismodeosuna.es\/wp-content\/uploads\/2022\/06\/sombrabanner-turismodeosuna-1024x115.png 1024w, https:\/\/turismodeosuna.es\/wp-content\/uploads\/2022\/06\/sombrabanner-turismodeosuna-768x86.png 768w, https:\/\/turismodeosuna.es\/wp-content\/uploads\/2022\/06\/sombrabanner-turismodeosuna-1536x172.png 1536w\" sizes=\"(max-width: 1920px) 100vw, 1920px\" \/>\n          <\/div>\n        <\/div>\n      <\/div>\n    <\/div>\n\t\t\t<\/div> \n\t\t<\/div>\n\t<\/div> \n<\/div><\/div>\n\t\t<div id=\"fws_69d917e34ebef\"  data-column-margin=\"default\" data-midnight=\"dark\"  class=\"wpb_row vc_row-fluid vc_row vc_row-o-equal-height vc_row-flex vc_row-o-content-middle  top_margin_-4pct top_margin_tablet_5pct top_margin_phone_5pct bottom_margin_tablet_0px\"  style=\"padding-top: 0px; padding-bottom: 0px; \"><div class=\"row-bg-wrap\" data-bg-animation=\"none\" data-bg-overlay=\"false\"><div class=\"inner-wrap\"><div class=\"row-bg viewport-desktop\"  style=\"\"><\/div><\/div><\/div><div class=\"row_col_wrap_12 col span_12 dark left\">\n\t<div  class=\"vc_col-sm-12 wpb_column column_container vc_column_container col no-extra-padding inherit_tablet inherit_phone\"  data-padding-pos=\"all\" data-has-bg-color=\"false\" data-bg-color=\"\" data-bg-opacity=\"1\" data-animation=\"\" data-delay=\"0\" >\n\t\t<div class=\"vc_column-inner\" >\n\t\t\t<div class=\"wpb_wrapper\">\n\t\t\t\t\n<div class=\"wpb_text_column wpb_content_element\" >\n\t<div class=\"wpb_wrapper\">\n\t\t<h1 style=\"text-align: center;\">Route de la Mesada<\/h1>\n\t<\/div>\n<\/div>\n\n\n\n\n<div class=\"wpb_text_column wpb_content_element\" >\n\t<div class=\"wpb_wrapper\">\n\t\t<p><span style=\"font-weight: 400;\">Pour cet itin\u00e9raire, nous prendrons le centre sportif municipal d&#8217;Osuna comme point de d\u00e9part et d&#8217;arriv\u00e9e. C&#8217;est un voyage dans lequel nous allons trouver des hauts et des bas constants. Nous avons commenc\u00e9 l&#8217;itin\u00e9raire au centre sportif et nous nous sommes dirig\u00e9s vers la zone industrielle de Las Vegas, nous avons pris l&#8217;autoroute \u00abSE-715\u00bb (autoroute Lantejuela-Ojuelos), qui dans ce cas co\u00efncide avec le \u00abvrai trottoir Marchena\u00bb. Nous continuons le long de la route et traversons la ligne de chemin de fer en utilisant le pont existant, peu de temps apr\u00e8s nous trouverons le \u00abArroyo del Peinado\u00bb que nous devons traverser et continuer le long de la route. Apr\u00e8s avoir pass\u00e9 sous deux ponts suppl\u00e9mentaires, nous devons tourner \u00e0 gauche pour entrer dans la \u00abVereda del Alcaparral\u00bb.<\/span><\/p>\n<p><span style=\"font-weight: 400;\">Une fois situ\u00e9 sur ce trottoir, nous devons traverser l &#8216;\u00bbArroyo del Alamillo\u00bb pour atteindre le \u00abCortijo Los Arenosos\u00bb, nous verrons une fourche dans les trottoirs, nous restons sur la gauche pour continuer sur le \u00abTrottoir du Ma\u00eetre\u00bb jusqu&#8217;\u00e0 ce que nous atteignions une autre intersection \u00e0 nouveau de routes o\u00f9 nous devons suivre la \u00abVereda del Urraco\u00bb jusqu&#8217;\u00e0 ce que nous les trouvions avec l&#8217;autoroute \u00abA-92\u00bb. Pour traverser l&#8217;autoroute, nous devons tourner \u00e0 droite en prenant la voie de service et tourner \u00e0 gauche pour prendre le pont qui traverse l&#8217;autoroute, une fois travers\u00e9, nous prenons la voie de service que nous trouverons et continuer le long de la \u00abVereda del Urraco \u00bb, nous devons emprunter le premier chemin que nous voyons sur notre droite depuis la voie de service.<\/span><\/p>\n<p><span style=\"font-weight: 400;\">Parmi les oliveraies, nous arriverons aux ruines du \u00abCortijo del Urraco\u00bb o\u00f9 nous commencerons \u00e0 grimper, en nous connectant au \u00abCamino del Cuervo\u00bb qui nous m\u00e8ne \u00e0 la \u00abVereda de la Puebla a Ca\u00f1ete\u00bb. Nous continuons jusqu&#8217;\u00e0 ce que nous atteignions le \u00abCortijo de Mesada\u00bb \u00e0 ce moment, nous sommes au point le plus \u00e9lev\u00e9 de l&#8217;itin\u00e9raire.<\/span><\/p>\n<p><span style=\"font-weight: 400;\">Nous quittons le \u00abCortijo de Mesada\u00bb et d\u00e8s que nous pouvons nous tourner sur le premier chemin que nous voyons \u00e0 gauche pour continuer le long de la \u00abVereda de la Calderona\u00bb, nous continuons \u00e0 traverser le \u00abArroyo del Agujetero\u00bb avec une certaine prudence car la zone est g\u00e9n\u00e9ralement inond\u00e9e pendant la saison des pluies. Si nous continuons, nous rencontrons \u00e0 nouveau l&#8217;Arroyo del Peinado \u00bbque nous traversons \u00e0 nouveau et peu de temps apr\u00e8s nous traversons \u00e9galement l &#8216;\u00ab Arroyo del Saltillo \u00bb. Pour terminer la visite, nous continuons tout droit sur le chemin et nous arriverons \u00e0 nouveau \u00e0 Osuna.<\/span><\/p>\n<p><span style=\"font-weight: 400;\">Il existe de multiples variantes, vous pouvez remonter le long de l&#8217;autoroute de Puerto sans prendre la \u00abVereda de la Calderona\u00bb, conseill\u00e9 quand il a r\u00e9cemment plu, vous pouvez aussi la raccourcir en revenant d&#8217;Urraco \u00e0 Osuna par le \u00abCamino de Urraco\u00bb ou en commen\u00e7ant l&#8217;itin\u00e9raire sur ce m\u00eame chemin.<\/span><\/p>\n\t<\/div>\n<\/div>\n\n\n\n\n\t\t\t<\/div> \n\t\t<\/div>\n\t<\/div> \n<\/div><\/div>","protected":false},"excerpt":{"rendered":"Route de la Mesada Pour cet itin\u00e9raire, nous prendrons le centre sportif municipal d'Osuna comme point de d\u00e9part et d'arriv\u00e9e. C'est un voyage dans lequel nous allons trouver des hauts...","protected":false},"author":3,"featured_media":0,"parent":0,"menu_order":0,"comment_status":"closed","ping_status":"closed","template":"","meta":{"inline_featured_image":false,"footnotes":""},"class_list":["post-4384","page","type-page","status-publish"],"yoast_head":"<!-- This site is optimized with the Yoast SEO plugin v25.3 - https:\/\/yoast.com\/wordpress\/plugins\/seo\/ -->\n<title>Route de la Mesada - Turismo Osuna<\/title>\n<meta name=\"robots\" content=\"index, follow, max-snippet:-1, max-image-preview:large, max-video-preview:-1\" \/>\n<link rel=\"canonical\" href=\"https:\/\/turismodeosuna.es\/en\/route-de-la-mesada\/\" \/>\n<meta property=\"og:locale\" content=\"en_GB\" \/>\n<meta property=\"og:type\" content=\"article\" \/>\n<meta property=\"og:title\" content=\"Route de la Mesada - Turismo Osuna\" \/>\n<meta property=\"og:url\" content=\"https:\/\/turismodeosuna.es\/en\/route-de-la-mesada\/\" \/>\n<meta property=\"og:site_name\" content=\"Turismo Osuna\" \/>\n<meta property=\"article:modified_time\" content=\"2023-02-13T09:28:17+00:00\" \/>\n<meta name=\"twitter:card\" content=\"summary_large_image\" \/>\n<meta name=\"twitter:label1\" content=\"Estimated reading time\" \/>\n\t<meta name=\"twitter:data1\" content=\"3 minutes\" \/>\n<script type=\"application\/ld+json\" class=\"yoast-schema-graph\">{\"@context\":\"https:\/\/schema.org\",\"@graph\":[{\"@type\":\"WebPage\",\"@id\":\"https:\/\/turismodeosuna.es\/route-de-la-mesada\/\",\"url\":\"https:\/\/turismodeosuna.es\/route-de-la-mesada\/\",\"name\":\"Route de la Mesada - Turismo Osuna\",\"isPartOf\":{\"@id\":\"https:\/\/turismodeosuna.es\/#website\"},\"datePublished\":\"2022-07-28T08:37:24+00:00\",\"dateModified\":\"2023-02-13T09:28:17+00:00\",\"breadcrumb\":{\"@id\":\"https:\/\/turismodeosuna.es\/route-de-la-mesada\/#breadcrumb\"},\"inLanguage\":\"en-GB\",\"potentialAction\":[{\"@type\":\"ReadAction\",\"target\":[\"https:\/\/turismodeosuna.es\/route-de-la-mesada\/\"]}]},{\"@type\":\"BreadcrumbList\",\"@id\":\"https:\/\/turismodeosuna.es\/route-de-la-mesada\/#breadcrumb\",\"itemListElement\":[{\"@type\":\"ListItem\",\"position\":1,\"name\":\"Portada\",\"item\":\"https:\/\/turismodeosuna.es\/\"},{\"@type\":\"ListItem\",\"position\":2,\"name\":\"Route de la Mesada\"}]},{\"@type\":\"WebSite\",\"@id\":\"https:\/\/turismodeosuna.es\/#website\",\"url\":\"https:\/\/turismodeosuna.es\/\",\"name\":\"Turismo Osuna\",\"description\":\"Turismo de Osuna\",\"potentialAction\":[{\"@type\":\"SearchAction\",\"target\":{\"@type\":\"EntryPoint\",\"urlTemplate\":\"https:\/\/turismodeosuna.es\/?s={search_term_string}\"},\"query-input\":{\"@type\":\"PropertyValueSpecification\",\"valueRequired\":true,\"valueName\":\"search_term_string\"}}],\"inLanguage\":\"en-GB\"}]}<\/script>\n<!-- \/ Yoast SEO plugin. -->","yoast_head_json":{"title":"Route de la Mesada - Turismo Osuna","robots":{"index":"index","follow":"follow","max-snippet":"max-snippet:-1","max-image-preview":"max-image-preview:large","max-video-preview":"max-video-preview:-1"},"canonical":"https:\/\/turismodeosuna.es\/en\/route-de-la-mesada\/","og_locale":"en_GB","og_type":"article","og_title":"Route de la Mesada - Turismo Osuna","og_url":"https:\/\/turismodeosuna.es\/en\/route-de-la-mesada\/","og_site_name":"Turismo Osuna","article_modified_time":"2023-02-13T09:28:17+00:00","twitter_card":"summary_large_image","twitter_misc":{"Estimated reading time":"3 minutes"},"schema":{"@context":"https:\/\/schema.org","@graph":[{"@type":"WebPage","@id":"https:\/\/turismodeosuna.es\/route-de-la-mesada\/","url":"https:\/\/turismodeosuna.es\/route-de-la-mesada\/","name":"Route de la Mesada - Turismo Osuna","isPartOf":{"@id":"https:\/\/turismodeosuna.es\/#website"},"datePublished":"2022-07-28T08:37:24+00:00","dateModified":"2023-02-13T09:28:17+00:00","breadcrumb":{"@id":"https:\/\/turismodeosuna.es\/route-de-la-mesada\/#breadcrumb"},"inLanguage":"en-GB","potentialAction":[{"@type":"ReadAction","target":["https:\/\/turismodeosuna.es\/route-de-la-mesada\/"]}]},{"@type":"BreadcrumbList","@id":"https:\/\/turismodeosuna.es\/route-de-la-mesada\/#breadcrumb","itemListElement":[{"@type":"ListItem","position":1,"name":"Portada","item":"https:\/\/turismodeosuna.es\/"},{"@type":"ListItem","position":2,"name":"Route de la Mesada"}]},{"@type":"WebSite","@id":"https:\/\/turismodeosuna.es\/#website","url":"https:\/\/turismodeosuna.es\/","name":"Turismo Osuna","description":"Turismo de Osuna","potentialAction":[{"@type":"SearchAction","target":{"@type":"EntryPoint","urlTemplate":"https:\/\/turismodeosuna.es\/?s={search_term_string}"},"query-input":{"@type":"PropertyValueSpecification","valueRequired":true,"valueName":"search_term_string"}}],"inLanguage":"en-GB"}]}},"_links":{"self":[{"href":"https:\/\/turismodeosuna.es\/en\/wp-json\/wp\/v2\/pages\/4384","targetHints":{"allow":["GET"]}}],"collection":[{"href":"https:\/\/turismodeosuna.es\/en\/wp-json\/wp\/v2\/pages"}],"about":[{"href":"https:\/\/turismodeosuna.es\/en\/wp-json\/wp\/v2\/types\/page"}],"author":[{"embeddable":true,"href":"https:\/\/turismodeosuna.es\/en\/wp-json\/wp\/v2\/users\/3"}],"replies":[{"embeddable":true,"href":"https:\/\/turismodeosuna.es\/en\/wp-json\/wp\/v2\/comments?post=4384"}],"version-history":[{"count":2,"href":"https:\/\/turismodeosuna.es\/en\/wp-json\/wp\/v2\/pages\/4384\/revisions"}],"predecessor-version":[{"id":4408,"href":"https:\/\/turismodeosuna.es\/en\/wp-json\/wp\/v2\/pages\/4384\/revisions\/4408"}],"wp:attachment":[{"href":"https:\/\/turismodeosuna.es\/en\/wp-json\/wp\/v2\/media?parent=4384"}],"curies":[{"name":"wp","href":"https:\/\/api.w.org\/{rel}","templated":true}]}}