{"id":4386,"date":"2022-07-28T10:30:56","date_gmt":"2022-07-28T08:30:56","guid":{"rendered":"http:\/\/turismodeosuna.es\/ruta-de-la-gomera\/"},"modified":"2023-02-13T10:30:30","modified_gmt":"2023-02-13T09:30:30","slug":"route-de-la-gomera","status":"publish","type":"page","link":"https:\/\/turismodeosuna.es\/en\/route-de-la-gomera\/","title":{"rendered":"Route de la Gomera"},"content":{"rendered":"<div id=\"fws_69d918350836d\"  data-column-margin=\"default\" data-midnight=\"dark\"  class=\"wpb_row vc_row-fluid vc_row full-width-content vc_row-o-equal-height vc_row-flex vc_row-o-content-top\"  style=\"padding-top: 0px; padding-bottom: 0px; \"><div class=\"row-bg-wrap\" data-bg-animation=\"none\" data-bg-overlay=\"false\"><div class=\"inner-wrap\"><div class=\"row-bg viewport-desktop\"  style=\"\"><\/div><\/div><\/div><div class=\"row_col_wrap_12 col span_12 dark left\">\n\t<div  class=\"vc_col-sm-12 wpb_column column_container vc_column_container col no-extra-padding inherit_tablet inherit_phone\"  data-padding-pos=\"all\" data-has-bg-color=\"false\" data-bg-color=\"\" data-bg-opacity=\"1\" data-animation=\"\" data-delay=\"0\" >\n\t\t<div class=\"vc_column-inner\" >\n\t\t\t<div class=\"wpb_wrapper\">\n\t\t\t\t<div class=\"img-with-aniamtion-wrap center\" data-max-width=\"100%\" data-max-width-mobile=\"default\" data-shadow=\"none\" data-animation=\"fade-in\" >\n      <div class=\"inner\">\n        <div class=\"hover-wrap\"> \n          <div class=\"hover-wrap-inner\">\n            <img decoding=\"async\" class=\"img-with-animation skip-lazy img-sendero\" data-delay=\"0\" height=\"400\" width=\"1920\" data-animation=\"fade-in\" src=\"https:\/\/turismodeosuna.es\/wp-content\/uploads\/2022\/07\/banner-senderocicloturista-turismoosuna.webp\" alt=\"\" srcset=\"https:\/\/turismodeosuna.es\/wp-content\/uploads\/2022\/07\/banner-senderocicloturista-turismoosuna.webp 1920w, https:\/\/turismodeosuna.es\/wp-content\/uploads\/2022\/07\/banner-senderocicloturista-turismoosuna-300x63.webp 300w, https:\/\/turismodeosuna.es\/wp-content\/uploads\/2022\/07\/banner-senderocicloturista-turismoosuna-1024x213.webp 1024w, https:\/\/turismodeosuna.es\/wp-content\/uploads\/2022\/07\/banner-senderocicloturista-turismoosuna-768x160.webp 768w, https:\/\/turismodeosuna.es\/wp-content\/uploads\/2022\/07\/banner-senderocicloturista-turismoosuna-1536x320.webp 1536w\" sizes=\"(max-width: 1920px) 100vw, 1920px\" \/>\n          <\/div>\n        <\/div>\n      <\/div>\n    <\/div><div class=\"img-with-aniamtion-wrap center\" data-max-width=\"100%\" data-max-width-mobile=\"default\" data-shadow=\"none\" data-animation=\"fade-in\" >\n      <div class=\"inner\">\n        <div class=\"hover-wrap\"> \n          <div class=\"hover-wrap-inner\">\n            <img decoding=\"async\" class=\"img-with-animation skip-lazy\" data-delay=\"0\" height=\"215\" width=\"1920\" data-animation=\"fade-in\" src=\"https:\/\/turismodeosuna.es\/wp-content\/uploads\/2022\/06\/sombrabanner-turismodeosuna.png\" alt=\"sombra\" srcset=\"https:\/\/turismodeosuna.es\/wp-content\/uploads\/2022\/06\/sombrabanner-turismodeosuna.png 1920w, https:\/\/turismodeosuna.es\/wp-content\/uploads\/2022\/06\/sombrabanner-turismodeosuna-300x34.png 300w, https:\/\/turismodeosuna.es\/wp-content\/uploads\/2022\/06\/sombrabanner-turismodeosuna-1024x115.png 1024w, https:\/\/turismodeosuna.es\/wp-content\/uploads\/2022\/06\/sombrabanner-turismodeosuna-768x86.png 768w, https:\/\/turismodeosuna.es\/wp-content\/uploads\/2022\/06\/sombrabanner-turismodeosuna-1536x172.png 1536w\" sizes=\"(max-width: 1920px) 100vw, 1920px\" \/>\n          <\/div>\n        <\/div>\n      <\/div>\n    <\/div>\n\t\t\t<\/div> \n\t\t<\/div>\n\t<\/div> \n<\/div><\/div>\n\t\t<div id=\"fws_69d918350a8a7\"  data-column-margin=\"default\" data-midnight=\"dark\"  class=\"wpb_row vc_row-fluid vc_row vc_row-o-equal-height vc_row-flex vc_row-o-content-middle  top_margin_-4pct top_margin_tablet_5pct top_margin_phone_5pct bottom_margin_tablet_0px\"  style=\"padding-top: 0px; padding-bottom: 0px; \"><div class=\"row-bg-wrap\" data-bg-animation=\"none\" data-bg-overlay=\"false\"><div class=\"inner-wrap\"><div class=\"row-bg viewport-desktop\"  style=\"\"><\/div><\/div><\/div><div class=\"row_col_wrap_12 col span_12 dark left\">\n\t<div  class=\"vc_col-sm-12 wpb_column column_container vc_column_container col no-extra-padding inherit_tablet inherit_phone\"  data-padding-pos=\"all\" data-has-bg-color=\"false\" data-bg-color=\"\" data-bg-opacity=\"1\" data-animation=\"\" data-delay=\"0\" >\n\t\t<div class=\"vc_column-inner\" >\n\t\t\t<div class=\"wpb_wrapper\">\n\t\t\t\t\n<div class=\"wpb_text_column wpb_content_element\" >\n\t<div class=\"wpb_wrapper\">\n\t\t<h1 style=\"text-align: center;\">Route de la Gomera<\/h1>\n\t<\/div>\n<\/div>\n\n\n\n\n<div class=\"wpb_text_column wpb_content_element\" >\n\t<div class=\"wpb_wrapper\">\n\t\t<p><span style=\"font-weight: 400;\">Le point de d\u00e9part de cet itin\u00e9raire est la zone de services situ\u00e9e \u00e0 c\u00f4t\u00e9 de l&#8217;autoroute A-92 et la fin est le centre sportif municipal. Sur cette route, nous monterons progressivement avec une sous-descente continue jusqu&#8217;\u00e0 ce que nous atteignions \u00abLa Gomera\u00bb et finirons par descendre dans la section finale.<\/span><\/p>\n<p><span style=\"font-weight: 400;\">Nous commen\u00e7ons \u00e0 quitter la zone de service et prenons la \u00abCa\u00f1ada Real de \u00c9cija a Teba\u00bb en passant sous la \u00abA-92\u00bb, nous traversons le \u00abArroyo de las Vi\u00f1as\u00bb jusqu&#8217;\u00e0 ce que nous atteignions un carrefour, nous tournons \u00e0 droite pour prendre le \u00abCamino de los Corrales\u00bb nous continuons d&#8217;avancer pour observer sur le c\u00f4t\u00e9 droit le \u00abCortijo de Juana Hidalgo\u00bb ou \u00abde Bejarano\u00bb, sans d\u00e9vier nous continuons \u00e0 entrer dans une zone montagneuse o\u00f9 nous devons traverser le \u00abArroyo del Carrizoso\u00bb . Lorsque nous arrivons \u00e0 la prochaine bifurcation des routes, nous verrons un panneau indiquant \u00abMoreta\u00bb. Nous devons rester \u00e0 droite, les 9 km suivants, nous allons traverser une cr\u00eate qui nous laisse avec de belles vues des deux c\u00f4t\u00e9s. Au carrefour suivant, nous tournons \u00e9galement \u00e0 droite pour passer par la \u00abCasilla de Moreta\u00bb.<\/span><\/p>\n<p><span style=\"font-weight: 400;\">Nous continuons le long de ce chemin en passant par les ruines du \u00abRancho de Pozo Ancho\u00bb et continuons tout droit apr\u00e8s le \u00abRancho de Benamaz\u00f3n\u00bb et le \u00abCortijo de la Molina\u00bb, entrant ainsi dans le \u00abCamino de Palme\u00f1a\u00bb. Nous continuons sur ce chemin jusqu&#8217;\u00e0 la route \u00abA-451\u00bb (Carretera de Osuna-El Saucejo) et nous tournons \u00e0 droite pour la rejoindre, nous ne parcourons que 800 m\u00e8tres le long de cette route et tournons \u00e0 gauche en prenant le \u00abCamino de La Gomera al Saucejo \u00bbpour commencer une mont\u00e9e en passant pr\u00e8s des aires de pique-nique de La Gomera, nous arrivons \u00e0 un nouveau carrefour o\u00f9 nous devons continuer \u00e0 droite, nous quittons les ruines de\u00ab La Huerta de la Gomera \u00bbsur la gauche et entrer Dans la \u00abCa\u00f1ada Real de Ronda\u00bb, \u00e0 ce point, nous sommes situ\u00e9s entre le \u00abCerro del Gomer\u00f3n\u00bb et \u00abLa Gomera\u00bb, les plus hautes collines de la r\u00e9gion o\u00f9 nous commencerons la descente.<\/span><\/p>\n<p><span style=\"font-weight: 400;\">Lorsque nous arrivons au prochain carrefour, nous devons tourner \u00e0 droite pour continuer le long de ce ravin et sans d\u00e9vier nous passons tr\u00e8s pr\u00e8s d&#8217;un troupeau de corridas et aussi au \u00abRancho del Pescado\u00bb, nous traversons l &#8216;\u00bbArroyo del Peinado\u00bb, juste apr\u00e8s l&#8217;avoir fait Sur la gauche, nous pouvons voir le \u00abRancho de Lucas\u00bb et un peu plus loin en arri\u00e8re-plan, nous verrons les ruines du \u00abCortijo de la Piedra del Cristiano\u00bb.<\/span><\/p>\n<p><span style=\"font-weight: 400;\">Nous continuons le long de la route pour passer pr\u00e8s des ruines du \u00abCortijo de Vinculo\u00bb, traversant le \u00abArroyo del Vinculo\u00bb et continuons le long du ravin jusqu&#8217;\u00e0 ce que nous arrivions \u00e0 un croisement o\u00f9 nous devons rejoindre la route \u00abA-451\u00bb. (Carretera de Osuna-El Saucejo) en tournant \u00e0 gauche pour enfin atteindre Osuna.<\/span><\/p>\n\t<\/div>\n<\/div>\n\n\n\n\n\t\t\t<\/div> \n\t\t<\/div>\n\t<\/div> \n<\/div><\/div>\n\t\t<div id=\"fws_69d918350afea\"  data-column-margin=\"default\" data-midnight=\"dark\"  class=\"wpb_row vc_row-fluid vc_row full-width-content vc_row-o-equal-height vc_row-flex vc_row-o-content-middle  bottom_margin_4pct top_margin_tablet_5pct top_margin_phone_5pct bottom_margin_tablet_0px\"  style=\"padding-top: 0px; padding-bottom: 0px; \"><div class=\"row-bg-wrap\" data-bg-animation=\"none\" data-bg-overlay=\"false\"><div class=\"inner-wrap\"><div class=\"row-bg viewport-desktop\"  style=\"\"><\/div><\/div><\/div><div class=\"row_col_wrap_12 col span_12 dark left\">\n\t<div  class=\"vc_col-sm-12 wpb_column column_container vc_column_container col no-extra-padding inherit_tablet inherit_phone\"  data-padding-pos=\"all\" data-has-bg-color=\"false\" data-bg-color=\"\" data-bg-opacity=\"1\" data-animation=\"\" data-delay=\"0\" >\n\t\t<div class=\"vc_column-inner\" >\n\t\t\t<div class=\"wpb_wrapper\">\n\t\t\t\t\n\t<div class=\"wpb_gallery wpb_content_element clearfix\">\n\t\t<div class=\"wpb_wrapper\"><div class=\"wpb_gallery_slidesflickity_style\" data-onclick=\"link_image\" data-interval=\"5\"><div class=\"nectar-flickity not-initialized\"  data-touch-icon-color=\"default\" data-stagger=\"\" data-drag-scale=\"\" data-overflow=\"hidden\" data-wrap=\"wrap\" data-spacing=\"default\" data-shadow=\"none\" data-autoplay=\"\" data-autoplay-dur=\"\" data-free-scroll=\"true\" data-controls=\"material_pagination\" data-desktop-columns=\"3\" data-small-desktop-columns=\"3\" data-tablet-columns=\"2\" data-phone-columns=\"1\"><div class=\"flickity-viewport\"> <div class=\"flickity-slider\"><div class=\"cell\" data-lazy=\"true\"><img decoding=\"async\" class=\"skip-lazy nectar-lazy\"  src=\"data:image\/svg+xml;charset=utf-8,%3Csvg%20xmlns%3D'http%3A%2F%2Fwww.w3.org%2F2000%2Fsvg'%20viewBox%3D'0%200%201024%20684'%2F%3E\" data-nectar-img-src=\"https:\/\/turismodeosuna.es\/wp-content\/uploads\/2022\/07\/VINAS-Y-GOMERA-10-scaled-600x400.webp\" width=\"600\" height=\"400\" alt=\"VI\u00d1AS Y GOMERA 10\" title=\"VI\u00d1AS Y GOMERA 10\" \/><a class=\"entire-slide-link\"  href=\"https:\/\/turismodeosuna.es\/wp-content\/uploads\/2022\/07\/VINAS-Y-GOMERA-10-scaled.webp\"><\/a><\/div><div class=\"cell\" data-lazy=\"true\"><img decoding=\"async\" class=\"skip-lazy nectar-lazy\"  src=\"data:image\/svg+xml;charset=utf-8,%3Csvg%20xmlns%3D'http%3A%2F%2Fwww.w3.org%2F2000%2Fsvg'%20viewBox%3D'0%200%201024%20684'%2F%3E\" data-nectar-img-src=\"https:\/\/turismodeosuna.es\/wp-content\/uploads\/2022\/07\/VINAS-Y-GOMERA-11-scaled-600x400.webp\" width=\"600\" height=\"400\" alt=\"VI\u00d1AS Y GOMERA 11\" title=\"VI\u00d1AS Y GOMERA 11\" \/><a class=\"entire-slide-link\"  href=\"https:\/\/turismodeosuna.es\/wp-content\/uploads\/2022\/07\/VINAS-Y-GOMERA-11-scaled.webp\"><\/a><\/div><div class=\"cell\" data-lazy=\"true\"><img decoding=\"async\" class=\"skip-lazy nectar-lazy\"  src=\"data:image\/svg+xml;charset=utf-8,%3Csvg%20xmlns%3D'http%3A%2F%2Fwww.w3.org%2F2000%2Fsvg'%20viewBox%3D'0%200%201024%20684'%2F%3E\" data-nectar-img-src=\"https:\/\/turismodeosuna.es\/wp-content\/uploads\/2022\/07\/VINAS-Y-GOMERA-14-scaled-600x400.webp\" width=\"600\" height=\"400\" alt=\"VI\u00d1AS Y GOMERA 14\" title=\"VI\u00d1AS Y GOMERA 14\" \/><a class=\"entire-slide-link\"  href=\"https:\/\/turismodeosuna.es\/wp-content\/uploads\/2022\/07\/VINAS-Y-GOMERA-14-scaled.webp\"><\/a><\/div><div class=\"cell\" data-lazy=\"true\"><img decoding=\"async\" class=\"skip-lazy nectar-lazy\"  src=\"data:image\/svg+xml;charset=utf-8,%3Csvg%20xmlns%3D'http%3A%2F%2Fwww.w3.org%2F2000%2Fsvg'%20viewBox%3D'0%200%201024%20684'%2F%3E\" data-nectar-img-src=\"https:\/\/turismodeosuna.es\/wp-content\/uploads\/2022\/07\/VINAS-Y-GOMERA-18-scaled-600x400.webp\" width=\"600\" height=\"400\" alt=\"VI\u00d1AS Y GOMERA 18\" title=\"VI\u00d1AS Y GOMERA 18\" \/><a class=\"entire-slide-link\"  href=\"https:\/\/turismodeosuna.es\/wp-content\/uploads\/2022\/07\/VINAS-Y-GOMERA-18-scaled.webp\"><\/a><\/div><div class=\"cell\" data-lazy=\"true\"><img decoding=\"async\" class=\"skip-lazy nectar-lazy\"  src=\"data:image\/svg+xml;charset=utf-8,%3Csvg%20xmlns%3D'http%3A%2F%2Fwww.w3.org%2F2000%2Fsvg'%20viewBox%3D'0%200%201024%20685'%2F%3E\" data-nectar-img-src=\"https:\/\/turismodeosuna.es\/wp-content\/uploads\/2022\/07\/Merendero-de-La-Gomera-scaled-600x400.webp\" width=\"600\" height=\"400\" alt=\"Merendero de La Gomera\" title=\"Merendero de La Gomera\" \/><a class=\"entire-slide-link\"  href=\"https:\/\/turismodeosuna.es\/wp-content\/uploads\/2022\/07\/Merendero-de-La-Gomera-scaled.webp\"><\/a><\/div><div class=\"cell\" data-lazy=\"true\"><img decoding=\"async\" class=\"skip-lazy nectar-lazy\"  src=\"data:image\/svg+xml;charset=utf-8,%3Csvg%20xmlns%3D'http%3A%2F%2Fwww.w3.org%2F2000%2Fsvg'%20viewBox%3D'0%200%201024%20667'%2F%3E\" data-nectar-img-src=\"https:\/\/turismodeosuna.es\/wp-content\/uploads\/2022\/07\/Sendero-la-Gomera-600x400.webp\" width=\"600\" height=\"400\" alt=\"Sendero la Gomera\" title=\"Sendero la Gomera\" \/><a class=\"entire-slide-link\"  href=\"https:\/\/turismodeosuna.es\/wp-content\/uploads\/2022\/07\/Sendero-la-Gomera.webp\"><\/a><\/div><div class=\"cell\" data-lazy=\"true\"><img decoding=\"async\" class=\"skip-lazy nectar-lazy\"  src=\"data:image\/svg+xml;charset=utf-8,%3Csvg%20xmlns%3D'http%3A%2F%2Fwww.w3.org%2F2000%2Fsvg'%20viewBox%3D'0%200%201024%20684'%2F%3E\" data-nectar-img-src=\"https:\/\/turismodeosuna.es\/wp-content\/uploads\/2022\/07\/VINAS-Y-GOMERA-15-scaled-600x400.webp\" width=\"600\" height=\"400\" alt=\"VI\u00d1AS Y GOMERA 15\" title=\"VI\u00d1AS Y GOMERA 15\" \/><a class=\"entire-slide-link\"  href=\"https:\/\/turismodeosuna.es\/wp-content\/uploads\/2022\/07\/VINAS-Y-GOMERA-15-scaled.webp\"><\/a><\/div><\/div><\/div><\/div><\/div>\n\t\t<\/div> \n\t<\/div> \n\t\t\t<\/div> \n\t\t<\/div>\n\t<\/div> \n<\/div><\/div>","protected":false},"excerpt":{"rendered":"Route de la Gomera Le point de d\u00e9part de cet itin\u00e9raire est la zone de services situ\u00e9e \u00e0 c\u00f4t\u00e9 de l'autoroute A-92 et la fin est le centre sportif municipal....","protected":false},"author":3,"featured_media":0,"parent":0,"menu_order":0,"comment_status":"closed","ping_status":"closed","template":"","meta":{"inline_featured_image":false,"footnotes":""},"class_list":["post-4386","page","type-page","status-publish"],"yoast_head":"<!-- This site is optimized with the Yoast SEO plugin v25.3 - https:\/\/yoast.com\/wordpress\/plugins\/seo\/ -->\n<title>Route de la Gomera - Turismo Osuna<\/title>\n<meta name=\"robots\" content=\"index, follow, max-snippet:-1, max-image-preview:large, max-video-preview:-1\" \/>\n<link rel=\"canonical\" href=\"https:\/\/turismodeosuna.es\/en\/route-de-la-gomera\/\" \/>\n<meta property=\"og:locale\" content=\"en_GB\" \/>\n<meta property=\"og:type\" content=\"article\" \/>\n<meta property=\"og:title\" content=\"Route de la Gomera - Turismo Osuna\" \/>\n<meta property=\"og:url\" content=\"https:\/\/turismodeosuna.es\/en\/route-de-la-gomera\/\" \/>\n<meta property=\"og:site_name\" content=\"Turismo Osuna\" \/>\n<meta property=\"article:modified_time\" content=\"2023-02-13T09:30:30+00:00\" \/>\n<meta name=\"twitter:card\" content=\"summary_large_image\" \/>\n<meta name=\"twitter:label1\" content=\"Estimated reading time\" \/>\n\t<meta name=\"twitter:data1\" content=\"3 minutes\" \/>\n<script type=\"application\/ld+json\" class=\"yoast-schema-graph\">{\"@context\":\"https:\/\/schema.org\",\"@graph\":[{\"@type\":\"WebPage\",\"@id\":\"https:\/\/turismodeosuna.es\/route-de-la-gomera\/\",\"url\":\"https:\/\/turismodeosuna.es\/route-de-la-gomera\/\",\"name\":\"Route de la Gomera - Turismo Osuna\",\"isPartOf\":{\"@id\":\"https:\/\/turismodeosuna.es\/#website\"},\"datePublished\":\"2022-07-28T08:30:56+00:00\",\"dateModified\":\"2023-02-13T09:30:30+00:00\",\"breadcrumb\":{\"@id\":\"https:\/\/turismodeosuna.es\/route-de-la-gomera\/#breadcrumb\"},\"inLanguage\":\"en-GB\",\"potentialAction\":[{\"@type\":\"ReadAction\",\"target\":[\"https:\/\/turismodeosuna.es\/route-de-la-gomera\/\"]}]},{\"@type\":\"BreadcrumbList\",\"@id\":\"https:\/\/turismodeosuna.es\/route-de-la-gomera\/#breadcrumb\",\"itemListElement\":[{\"@type\":\"ListItem\",\"position\":1,\"name\":\"Portada\",\"item\":\"https:\/\/turismodeosuna.es\/\"},{\"@type\":\"ListItem\",\"position\":2,\"name\":\"Route de la Gomera\"}]},{\"@type\":\"WebSite\",\"@id\":\"https:\/\/turismodeosuna.es\/#website\",\"url\":\"https:\/\/turismodeosuna.es\/\",\"name\":\"Turismo Osuna\",\"description\":\"Turismo de Osuna\",\"potentialAction\":[{\"@type\":\"SearchAction\",\"target\":{\"@type\":\"EntryPoint\",\"urlTemplate\":\"https:\/\/turismodeosuna.es\/?s={search_term_string}\"},\"query-input\":{\"@type\":\"PropertyValueSpecification\",\"valueRequired\":true,\"valueName\":\"search_term_string\"}}],\"inLanguage\":\"en-GB\"}]}<\/script>\n<!-- \/ Yoast SEO plugin. -->","yoast_head_json":{"title":"Route de la Gomera - Turismo Osuna","robots":{"index":"index","follow":"follow","max-snippet":"max-snippet:-1","max-image-preview":"max-image-preview:large","max-video-preview":"max-video-preview:-1"},"canonical":"https:\/\/turismodeosuna.es\/en\/route-de-la-gomera\/","og_locale":"en_GB","og_type":"article","og_title":"Route de la Gomera - Turismo Osuna","og_url":"https:\/\/turismodeosuna.es\/en\/route-de-la-gomera\/","og_site_name":"Turismo Osuna","article_modified_time":"2023-02-13T09:30:30+00:00","twitter_card":"summary_large_image","twitter_misc":{"Estimated reading time":"3 minutes"},"schema":{"@context":"https:\/\/schema.org","@graph":[{"@type":"WebPage","@id":"https:\/\/turismodeosuna.es\/route-de-la-gomera\/","url":"https:\/\/turismodeosuna.es\/route-de-la-gomera\/","name":"Route de la Gomera - Turismo Osuna","isPartOf":{"@id":"https:\/\/turismodeosuna.es\/#website"},"datePublished":"2022-07-28T08:30:56+00:00","dateModified":"2023-02-13T09:30:30+00:00","breadcrumb":{"@id":"https:\/\/turismodeosuna.es\/route-de-la-gomera\/#breadcrumb"},"inLanguage":"en-GB","potentialAction":[{"@type":"ReadAction","target":["https:\/\/turismodeosuna.es\/route-de-la-gomera\/"]}]},{"@type":"BreadcrumbList","@id":"https:\/\/turismodeosuna.es\/route-de-la-gomera\/#breadcrumb","itemListElement":[{"@type":"ListItem","position":1,"name":"Portada","item":"https:\/\/turismodeosuna.es\/"},{"@type":"ListItem","position":2,"name":"Route de la Gomera"}]},{"@type":"WebSite","@id":"https:\/\/turismodeosuna.es\/#website","url":"https:\/\/turismodeosuna.es\/","name":"Turismo Osuna","description":"Turismo de Osuna","potentialAction":[{"@type":"SearchAction","target":{"@type":"EntryPoint","urlTemplate":"https:\/\/turismodeosuna.es\/?s={search_term_string}"},"query-input":{"@type":"PropertyValueSpecification","valueRequired":true,"valueName":"search_term_string"}}],"inLanguage":"en-GB"}]}},"_links":{"self":[{"href":"https:\/\/turismodeosuna.es\/en\/wp-json\/wp\/v2\/pages\/4386","targetHints":{"allow":["GET"]}}],"collection":[{"href":"https:\/\/turismodeosuna.es\/en\/wp-json\/wp\/v2\/pages"}],"about":[{"href":"https:\/\/turismodeosuna.es\/en\/wp-json\/wp\/v2\/types\/page"}],"author":[{"embeddable":true,"href":"https:\/\/turismodeosuna.es\/en\/wp-json\/wp\/v2\/users\/3"}],"replies":[{"embeddable":true,"href":"https:\/\/turismodeosuna.es\/en\/wp-json\/wp\/v2\/comments?post=4386"}],"version-history":[{"count":2,"href":"https:\/\/turismodeosuna.es\/en\/wp-json\/wp\/v2\/pages\/4386\/revisions"}],"predecessor-version":[{"id":4412,"href":"https:\/\/turismodeosuna.es\/en\/wp-json\/wp\/v2\/pages\/4386\/revisions\/4412"}],"wp:attachment":[{"href":"https:\/\/turismodeosuna.es\/en\/wp-json\/wp\/v2\/media?parent=4386"}],"curies":[{"name":"wp","href":"https:\/\/api.w.org\/{rel}","templated":true}]}}