{"id":4387,"date":"2022-07-28T10:32:37","date_gmt":"2022-07-28T08:32:37","guid":{"rendered":"http:\/\/turismodeosuna.es\/ruta-de-ipora\/"},"modified":"2023-03-23T12:35:10","modified_gmt":"2023-03-23T11:35:10","slug":"route-de-ipora","status":"publish","type":"page","link":"https:\/\/turismodeosuna.es\/en\/route-de-ipora\/","title":{"rendered":"Route de \u00cdpora"},"content":{"rendered":"<div id=\"fws_69d917eb82c72\"  data-column-margin=\"default\" data-midnight=\"dark\"  class=\"wpb_row vc_row-fluid vc_row full-width-content vc_row-o-equal-height vc_row-flex vc_row-o-content-top\"  style=\"padding-top: 0px; padding-bottom: 0px; \"><div class=\"row-bg-wrap\" data-bg-animation=\"none\" data-bg-overlay=\"false\"><div class=\"inner-wrap\"><div class=\"row-bg viewport-desktop\"  style=\"\"><\/div><\/div><\/div><div class=\"row_col_wrap_12 col span_12 dark left\">\n\t<div  class=\"vc_col-sm-12 wpb_column column_container vc_column_container col no-extra-padding inherit_tablet inherit_phone\"  data-padding-pos=\"all\" data-has-bg-color=\"false\" data-bg-color=\"\" data-bg-opacity=\"1\" data-animation=\"\" data-delay=\"0\" >\n\t\t<div class=\"vc_column-inner\" >\n\t\t\t<div class=\"wpb_wrapper\">\n\t\t\t\t<div class=\"img-with-aniamtion-wrap center\" data-max-width=\"100%\" data-max-width-mobile=\"default\" data-shadow=\"none\" data-animation=\"fade-in\" >\n      <div class=\"inner\">\n        <div class=\"hover-wrap\"> \n          <div class=\"hover-wrap-inner\">\n            <img decoding=\"async\" class=\"img-with-animation skip-lazy img-sendero\" data-delay=\"0\" height=\"400\" width=\"1920\" data-animation=\"fade-in\" src=\"https:\/\/turismodeosuna.es\/wp-content\/uploads\/2022\/07\/banner-senderocicloturista-turismoosuna.webp\" alt=\"\" srcset=\"https:\/\/turismodeosuna.es\/wp-content\/uploads\/2022\/07\/banner-senderocicloturista-turismoosuna.webp 1920w, https:\/\/turismodeosuna.es\/wp-content\/uploads\/2022\/07\/banner-senderocicloturista-turismoosuna-300x63.webp 300w, https:\/\/turismodeosuna.es\/wp-content\/uploads\/2022\/07\/banner-senderocicloturista-turismoosuna-1024x213.webp 1024w, https:\/\/turismodeosuna.es\/wp-content\/uploads\/2022\/07\/banner-senderocicloturista-turismoosuna-768x160.webp 768w, https:\/\/turismodeosuna.es\/wp-content\/uploads\/2022\/07\/banner-senderocicloturista-turismoosuna-1536x320.webp 1536w\" sizes=\"(max-width: 1920px) 100vw, 1920px\" \/>\n          <\/div>\n        <\/div>\n      <\/div>\n    <\/div><div class=\"img-with-aniamtion-wrap center\" data-max-width=\"100%\" data-max-width-mobile=\"default\" data-shadow=\"none\" data-animation=\"fade-in\" >\n      <div class=\"inner\">\n        <div class=\"hover-wrap\"> \n          <div class=\"hover-wrap-inner\">\n            <img decoding=\"async\" class=\"img-with-animation skip-lazy\" data-delay=\"0\" height=\"215\" width=\"1920\" data-animation=\"fade-in\" src=\"https:\/\/turismodeosuna.es\/wp-content\/uploads\/2022\/06\/sombrabanner-turismodeosuna.png\" alt=\"sombra\" srcset=\"https:\/\/turismodeosuna.es\/wp-content\/uploads\/2022\/06\/sombrabanner-turismodeosuna.png 1920w, https:\/\/turismodeosuna.es\/wp-content\/uploads\/2022\/06\/sombrabanner-turismodeosuna-300x34.png 300w, https:\/\/turismodeosuna.es\/wp-content\/uploads\/2022\/06\/sombrabanner-turismodeosuna-1024x115.png 1024w, https:\/\/turismodeosuna.es\/wp-content\/uploads\/2022\/06\/sombrabanner-turismodeosuna-768x86.png 768w, https:\/\/turismodeosuna.es\/wp-content\/uploads\/2022\/06\/sombrabanner-turismodeosuna-1536x172.png 1536w\" sizes=\"(max-width: 1920px) 100vw, 1920px\" \/>\n          <\/div>\n        <\/div>\n      <\/div>\n    <\/div>\n\t\t\t<\/div> \n\t\t<\/div>\n\t<\/div> \n<\/div><\/div>\n\t\t<div id=\"fws_69d917eb8346e\"  data-column-margin=\"default\" data-midnight=\"dark\"  class=\"wpb_row vc_row-fluid vc_row vc_row-o-equal-height vc_row-flex vc_row-o-content-middle  top_margin_-4pct top_margin_tablet_5pct top_margin_phone_5pct bottom_margin_tablet_0px\"  style=\"padding-top: 0px; padding-bottom: 0px; \"><div class=\"row-bg-wrap\" data-bg-animation=\"none\" data-bg-overlay=\"false\"><div class=\"inner-wrap\"><div class=\"row-bg viewport-desktop\"  style=\"\"><\/div><\/div><\/div><div class=\"row_col_wrap_12 col span_12 dark left\">\n\t<div  class=\"vc_col-sm-12 wpb_column column_container vc_column_container col no-extra-padding inherit_tablet inherit_phone\"  data-padding-pos=\"all\" data-has-bg-color=\"false\" data-bg-color=\"\" data-bg-opacity=\"1\" data-animation=\"\" data-delay=\"0\" >\n\t\t<div class=\"vc_column-inner\" >\n\t\t\t<div class=\"wpb_wrapper\">\n\t\t\t\t\n<div class=\"wpb_text_column wpb_content_element\" >\n\t<div class=\"wpb_wrapper\">\n\t\t<h1 style=\"text-align: center;\">Route de \u00cdpora<\/h1>\n\t<\/div>\n<\/div>\n\n\n\n\n<div class=\"wpb_text_column wpb_content_element\" >\n\t<div class=\"wpb_wrapper\">\n\t\t<p><span style=\"font-weight: 400;\">Sur cette route que nous allons d\u00e9crire, le point de d\u00e9part et d&#8217;arriv\u00e9e est la zone de services. La zone par laquelle nous allons passer est principalement compos\u00e9e de terres agricoles (principalement d&#8217;oliveraies) et de zones foresti\u00e8res, dans la derni\u00e8re section, nous ferons une longue descente pour revenir \u00e0 la municipalit\u00e9.<\/span><\/p>\n<p><span style=\"font-weight: 400;\">En quittant la zone de service, nous devons passer sous le pont de la \u00abA-92\u00bb pour acc\u00e9der au \u00abCamino de \u00cdpora\u00bb, en suivant ce chemin, nous trouverons un passage \u00e0 niveau sans barri\u00e8res que nous devons traverser avec prudence, un peu plus tard nous verrons Sur la gauche, le \u00abCortijo de Do\u00f1a Laura\u00bb et imm\u00e9diatement nous passons sous le chemin qui a \u00e9t\u00e9 fait pour la ligne de chemin de fer, nous continuons jusqu&#8217;\u00e0 ce que nous atteignions un carrefour o\u00f9 nous devons continuer tout droit. D\u00e8s que l&#8217;intersection passe, nous entrons dans la \u00abVereda de \u00cdpora\u00bb \u00e0 travers laquelle notre itin\u00e9raire suit, nous traversons le \u00abCortijo de los Arcos\u00bb et nous arrivons \u00e0 un croisement de route, cette route est la \u00abSE-485\u00bb, nous devons continuer descendre sans quitter la \u00abVereda de \u00cdpora\u00bb jusqu&#8217;\u00e0 ce que nous voyions le \u00abCortijo de \u00cdpora\u00bb ou \u00abde los Naranjos\u00bb.<\/span><\/p>\n<p><span style=\"font-weight: 400;\">Nous quittons la ferme susmentionn\u00e9e sur la gauche et commen\u00e7ons l&#8217;ascension, en continuant parall\u00e8lement \u00e0 l &#8216;\u00bbArroyo de \u00cdpora\u00bb. Nous continuons le long du chemin balis\u00e9 pour trouver une autre ferme appel\u00e9e \u00abCortijo la Lapa\u00bb, quand nous arrivons, nous devons tourner \u00e0 gauche et juste avant de quitter la ferme, nous devons prendre un chemin sur notre droite pour continuer notre voyage. Nous arrivons au \u00abCortijo el Cipr\u00e9s\u00bb, un peu plus loin nous devons rejoindre la route \u00abSE-485\u00bb, en tournant \u00e0 gauche le long de laquelle nous continuons jusqu&#8217;\u00e0 ce que nous arrivions \u00e0 un nouveau carrefour o\u00f9 nous entrerons dans la \u00abCa\u00f1ada real de Antequera\u00bb par le chemin que nous verrons notre droite.<\/span><\/p>\n<p><span style=\"font-weight: 400;\">Apr\u00e8s ce ravin, nous passons pr\u00e8s du \u00abMonast\u00e8re El Calvario\u00bb que nous pouvons voir depuis la partie inf\u00e9rieure du \u00abCerro del Calvario\u00bb, nous continuons \u00e0 traverser la route \u00abA-378\u00bb (Carretera Martin de la Jara) pour entrer dans la \u00abVereda del Calvario\u00bb , apr\u00e8s avoir pass\u00e9 pr\u00e8s de la \u00abCasilla de los Pericos\u00bb et travers\u00e9 l &#8216;\u00bbArroyo de las Vi\u00f1as\u00bb, nous voyons un carrefour o\u00f9 nous tournons \u00e0 gauche pour entrer dans la \u00abCa\u00f1ada Real de \u00c9cija a Teba\u00bb, peu de temps apr\u00e8s nous tournons \u00e0 droite pour passer par le Cortijo de Madue\u00f1as. Nous continuons en avant le long du chemin balis\u00e9 jusqu&#8217;\u00e0 ce que nous atteignions un carrefour, nous prendrons celui sur la droite pour continuer \u00e0 descendre \u00e0 travers la \u00abCa\u00f1ada Real de Ca\u00f1ete\u00bb jusqu&#8217;\u00e0 ce qu&#8217;apr\u00e8s avoir laiss\u00e9 derri\u00e8re le \u00abCortijo de Capaparda\u00bb nous retournions \u00e0 Osuna.<\/span><\/p>\n\t<\/div>\n<\/div>\n\n\n\n\n\t\t\t<\/div> \n\t\t<\/div>\n\t<\/div> \n<\/div><\/div>\n\t\t<div id=\"fws_69d917eb836a7\"  data-column-margin=\"default\" data-midnight=\"dark\"  class=\"wpb_row vc_row-fluid vc_row full-width-content vc_row-o-equal-height vc_row-flex vc_row-o-content-middle  bottom_margin_4pct top_margin_tablet_5pct top_margin_phone_5pct bottom_margin_tablet_0px\"  style=\"padding-top: 0px; padding-bottom: 0px; \"><div class=\"row-bg-wrap\" data-bg-animation=\"none\" data-bg-overlay=\"false\"><div class=\"inner-wrap\"><div class=\"row-bg viewport-desktop\"  style=\"\"><\/div><\/div><\/div><div class=\"row_col_wrap_12 col span_12 dark left\">\n\t<div  class=\"vc_col-sm-12 wpb_column column_container vc_column_container col no-extra-padding inherit_tablet inherit_phone\"  data-padding-pos=\"all\" data-has-bg-color=\"false\" data-bg-color=\"\" data-bg-opacity=\"1\" data-animation=\"\" data-delay=\"0\" >\n\t\t<div class=\"vc_column-inner\" >\n\t\t\t<div class=\"wpb_wrapper\">\n\t\t\t\t\n\t<div class=\"wpb_gallery wpb_content_element clearfix\">\n\t\t<div class=\"wpb_wrapper\"><div class=\"wpb_gallery_slidesflickity_style\" data-onclick=\"link_image\" data-interval=\"5\"><div class=\"nectar-flickity not-initialized\"  data-touch-icon-color=\"default\" data-stagger=\"\" data-drag-scale=\"\" data-overflow=\"hidden\" data-wrap=\"wrap\" data-spacing=\"default\" data-shadow=\"none\" data-autoplay=\"\" data-autoplay-dur=\"\" data-free-scroll=\"true\" data-controls=\"material_pagination\" data-desktop-columns=\"3\" data-small-desktop-columns=\"3\" data-tablet-columns=\"2\" data-phone-columns=\"1\"><div class=\"flickity-viewport\"> <div class=\"flickity-slider\"><div class=\"cell\" data-lazy=\"true\"><img decoding=\"async\" class=\"skip-lazy nectar-lazy\"  src=\"data:image\/svg+xml;charset=utf-8,%3Csvg%20xmlns%3D'http%3A%2F%2Fwww.w3.org%2F2000%2Fsvg'%20viewBox%3D'0%200%201024%20768'%2F%3E\" data-nectar-img-src=\"https:\/\/turismodeosuna.es\/wp-content\/uploads\/2022\/07\/ipora-los-naranjos-6-scaled-600x400.webp\" width=\"600\" height=\"400\" alt=\"ipora los naranjos 6\" title=\"ipora los naranjos 6\" \/><a class=\"entire-slide-link\"  href=\"https:\/\/turismodeosuna.es\/wp-content\/uploads\/2022\/07\/ipora-los-naranjos-6-scaled.webp\"><\/a><\/div><div class=\"cell\" data-lazy=\"true\"><img decoding=\"async\" class=\"skip-lazy nectar-lazy\"  src=\"data:image\/svg+xml;charset=utf-8,%3Csvg%20xmlns%3D'http%3A%2F%2Fwww.w3.org%2F2000%2Fsvg'%20viewBox%3D'0%200%20768%201024'%2F%3E\" data-nectar-img-src=\"https:\/\/turismodeosuna.es\/wp-content\/uploads\/2022\/07\/Ipora-Los-Naranjos-1-scaled-600x400.webp\" width=\"600\" height=\"400\" alt=\"\u00cdpora Los Naranjos 1\" title=\"\u00cdpora Los Naranjos 1\" \/><a class=\"entire-slide-link\"  href=\"https:\/\/turismodeosuna.es\/wp-content\/uploads\/2022\/07\/Ipora-Los-Naranjos-1-scaled.webp\"><\/a><\/div><div class=\"cell\" data-lazy=\"true\"><img decoding=\"async\" class=\"skip-lazy nectar-lazy\"  src=\"data:image\/svg+xml;charset=utf-8,%3Csvg%20xmlns%3D'http%3A%2F%2Fwww.w3.org%2F2000%2Fsvg'%20viewBox%3D'0%200%201024%20768'%2F%3E\" data-nectar-img-src=\"https:\/\/turismodeosuna.es\/wp-content\/uploads\/2022\/07\/Ipora-los-naranjos-5-scaled-600x400.webp\" width=\"600\" height=\"400\" alt=\"\u00cdpora los naranjos 5\" title=\"\u00cdpora los naranjos 5\" \/><a class=\"entire-slide-link\"  href=\"https:\/\/turismodeosuna.es\/wp-content\/uploads\/2022\/07\/Ipora-los-naranjos-5-scaled.webp\"><\/a><\/div><\/div><\/div><\/div><\/div>\n\t\t<\/div> \n\t<\/div> \n\t\t\t<\/div> \n\t\t<\/div>\n\t<\/div> \n<\/div><\/div>","protected":false},"excerpt":{"rendered":"Route de \u00cdpora Sur cette route que nous allons d\u00e9crire, le point de d\u00e9part et d'arriv\u00e9e est la zone de services. La zone par laquelle nous allons passer est principalement...","protected":false},"author":3,"featured_media":0,"parent":0,"menu_order":0,"comment_status":"closed","ping_status":"closed","template":"","meta":{"inline_featured_image":false,"footnotes":""},"class_list":["post-4387","page","type-page","status-publish"],"yoast_head":"<!-- This site is optimized with the Yoast SEO plugin v25.3 - https:\/\/yoast.com\/wordpress\/plugins\/seo\/ -->\n<title>Route de \u00cdpora - Turismo Osuna<\/title>\n<meta name=\"robots\" content=\"index, follow, max-snippet:-1, max-image-preview:large, max-video-preview:-1\" \/>\n<link rel=\"canonical\" href=\"https:\/\/turismodeosuna.es\/en\/route-de-ipora\/\" \/>\n<meta property=\"og:locale\" content=\"en_GB\" \/>\n<meta property=\"og:type\" content=\"article\" \/>\n<meta property=\"og:title\" content=\"Route de \u00cdpora - Turismo Osuna\" \/>\n<meta property=\"og:url\" content=\"https:\/\/turismodeosuna.es\/en\/route-de-ipora\/\" \/>\n<meta property=\"og:site_name\" content=\"Turismo Osuna\" \/>\n<meta property=\"article:modified_time\" content=\"2023-03-23T11:35:10+00:00\" \/>\n<meta name=\"twitter:card\" content=\"summary_large_image\" \/>\n<meta name=\"twitter:label1\" content=\"Estimated reading time\" \/>\n\t<meta name=\"twitter:data1\" content=\"3 minutes\" \/>\n<script type=\"application\/ld+json\" class=\"yoast-schema-graph\">{\"@context\":\"https:\/\/schema.org\",\"@graph\":[{\"@type\":\"WebPage\",\"@id\":\"https:\/\/turismodeosuna.es\/route-de-ipora\/\",\"url\":\"https:\/\/turismodeosuna.es\/route-de-ipora\/\",\"name\":\"Route de \u00cdpora - Turismo Osuna\",\"isPartOf\":{\"@id\":\"https:\/\/turismodeosuna.es\/#website\"},\"datePublished\":\"2022-07-28T08:32:37+00:00\",\"dateModified\":\"2023-03-23T11:35:10+00:00\",\"breadcrumb\":{\"@id\":\"https:\/\/turismodeosuna.es\/route-de-ipora\/#breadcrumb\"},\"inLanguage\":\"en-GB\",\"potentialAction\":[{\"@type\":\"ReadAction\",\"target\":[\"https:\/\/turismodeosuna.es\/route-de-ipora\/\"]}]},{\"@type\":\"BreadcrumbList\",\"@id\":\"https:\/\/turismodeosuna.es\/route-de-ipora\/#breadcrumb\",\"itemListElement\":[{\"@type\":\"ListItem\",\"position\":1,\"name\":\"Portada\",\"item\":\"https:\/\/turismodeosuna.es\/\"},{\"@type\":\"ListItem\",\"position\":2,\"name\":\"Route de \u00cdpora\"}]},{\"@type\":\"WebSite\",\"@id\":\"https:\/\/turismodeosuna.es\/#website\",\"url\":\"https:\/\/turismodeosuna.es\/\",\"name\":\"Turismo Osuna\",\"description\":\"Turismo de Osuna\",\"potentialAction\":[{\"@type\":\"SearchAction\",\"target\":{\"@type\":\"EntryPoint\",\"urlTemplate\":\"https:\/\/turismodeosuna.es\/?s={search_term_string}\"},\"query-input\":{\"@type\":\"PropertyValueSpecification\",\"valueRequired\":true,\"valueName\":\"search_term_string\"}}],\"inLanguage\":\"en-GB\"}]}<\/script>\n<!-- \/ Yoast SEO plugin. -->","yoast_head_json":{"title":"Route de \u00cdpora - Turismo Osuna","robots":{"index":"index","follow":"follow","max-snippet":"max-snippet:-1","max-image-preview":"max-image-preview:large","max-video-preview":"max-video-preview:-1"},"canonical":"https:\/\/turismodeosuna.es\/en\/route-de-ipora\/","og_locale":"en_GB","og_type":"article","og_title":"Route de \u00cdpora - Turismo Osuna","og_url":"https:\/\/turismodeosuna.es\/en\/route-de-ipora\/","og_site_name":"Turismo Osuna","article_modified_time":"2023-03-23T11:35:10+00:00","twitter_card":"summary_large_image","twitter_misc":{"Estimated reading time":"3 minutes"},"schema":{"@context":"https:\/\/schema.org","@graph":[{"@type":"WebPage","@id":"https:\/\/turismodeosuna.es\/route-de-ipora\/","url":"https:\/\/turismodeosuna.es\/route-de-ipora\/","name":"Route de \u00cdpora - Turismo Osuna","isPartOf":{"@id":"https:\/\/turismodeosuna.es\/#website"},"datePublished":"2022-07-28T08:32:37+00:00","dateModified":"2023-03-23T11:35:10+00:00","breadcrumb":{"@id":"https:\/\/turismodeosuna.es\/route-de-ipora\/#breadcrumb"},"inLanguage":"en-GB","potentialAction":[{"@type":"ReadAction","target":["https:\/\/turismodeosuna.es\/route-de-ipora\/"]}]},{"@type":"BreadcrumbList","@id":"https:\/\/turismodeosuna.es\/route-de-ipora\/#breadcrumb","itemListElement":[{"@type":"ListItem","position":1,"name":"Portada","item":"https:\/\/turismodeosuna.es\/"},{"@type":"ListItem","position":2,"name":"Route de \u00cdpora"}]},{"@type":"WebSite","@id":"https:\/\/turismodeosuna.es\/#website","url":"https:\/\/turismodeosuna.es\/","name":"Turismo Osuna","description":"Turismo de Osuna","potentialAction":[{"@type":"SearchAction","target":{"@type":"EntryPoint","urlTemplate":"https:\/\/turismodeosuna.es\/?s={search_term_string}"},"query-input":{"@type":"PropertyValueSpecification","valueRequired":true,"valueName":"search_term_string"}}],"inLanguage":"en-GB"}]}},"_links":{"self":[{"href":"https:\/\/turismodeosuna.es\/en\/wp-json\/wp\/v2\/pages\/4387","targetHints":{"allow":["GET"]}}],"collection":[{"href":"https:\/\/turismodeosuna.es\/en\/wp-json\/wp\/v2\/pages"}],"about":[{"href":"https:\/\/turismodeosuna.es\/en\/wp-json\/wp\/v2\/types\/page"}],"author":[{"embeddable":true,"href":"https:\/\/turismodeosuna.es\/en\/wp-json\/wp\/v2\/users\/3"}],"replies":[{"embeddable":true,"href":"https:\/\/turismodeosuna.es\/en\/wp-json\/wp\/v2\/comments?post=4387"}],"version-history":[{"count":4,"href":"https:\/\/turismodeosuna.es\/en\/wp-json\/wp\/v2\/pages\/4387\/revisions"}],"predecessor-version":[{"id":5795,"href":"https:\/\/turismodeosuna.es\/en\/wp-json\/wp\/v2\/pages\/4387\/revisions\/5795"}],"wp:attachment":[{"href":"https:\/\/turismodeosuna.es\/en\/wp-json\/wp\/v2\/media?parent=4387"}],"curies":[{"name":"wp","href":"https:\/\/api.w.org\/{rel}","templated":true}]}}