{"id":4388,"date":"2022-07-28T10:29:46","date_gmt":"2022-07-28T08:29:46","guid":{"rendered":"http:\/\/turismodeosuna.es\/ruta-de-la-campina\/"},"modified":"2023-02-13T10:32:44","modified_gmt":"2023-02-13T09:32:44","slug":"route-de-la-campina","status":"publish","type":"page","link":"https:\/\/turismodeosuna.es\/en\/route-de-la-campina\/","title":{"rendered":"Route de la Campi\u00f1a"},"content":{"rendered":"<div id=\"fws_69d917ece242f\"  data-column-margin=\"default\" data-midnight=\"dark\"  class=\"wpb_row vc_row-fluid vc_row full-width-content vc_row-o-equal-height vc_row-flex vc_row-o-content-top\"  style=\"padding-top: 0px; padding-bottom: 0px; \"><div class=\"row-bg-wrap\" data-bg-animation=\"none\" data-bg-overlay=\"false\"><div class=\"inner-wrap\"><div class=\"row-bg viewport-desktop\"  style=\"\"><\/div><\/div><\/div><div class=\"row_col_wrap_12 col span_12 dark left\">\n\t<div  class=\"vc_col-sm-12 wpb_column column_container vc_column_container col no-extra-padding inherit_tablet inherit_phone\"  data-padding-pos=\"all\" data-has-bg-color=\"false\" data-bg-color=\"\" data-bg-opacity=\"1\" data-animation=\"\" data-delay=\"0\" >\n\t\t<div class=\"vc_column-inner\" >\n\t\t\t<div class=\"wpb_wrapper\">\n\t\t\t\t<div class=\"img-with-aniamtion-wrap center\" data-max-width=\"100%\" data-max-width-mobile=\"default\" data-shadow=\"none\" data-animation=\"fade-in\" >\n      <div class=\"inner\">\n        <div class=\"hover-wrap\"> \n          <div class=\"hover-wrap-inner\">\n            <img decoding=\"async\" class=\"img-with-animation skip-lazy img-sendero\" data-delay=\"0\" height=\"400\" width=\"1920\" data-animation=\"fade-in\" src=\"https:\/\/turismodeosuna.es\/wp-content\/uploads\/2022\/07\/banner-senderocicloturista-turismoosuna.webp\" alt=\"\" srcset=\"https:\/\/turismodeosuna.es\/wp-content\/uploads\/2022\/07\/banner-senderocicloturista-turismoosuna.webp 1920w, https:\/\/turismodeosuna.es\/wp-content\/uploads\/2022\/07\/banner-senderocicloturista-turismoosuna-300x63.webp 300w, https:\/\/turismodeosuna.es\/wp-content\/uploads\/2022\/07\/banner-senderocicloturista-turismoosuna-1024x213.webp 1024w, https:\/\/turismodeosuna.es\/wp-content\/uploads\/2022\/07\/banner-senderocicloturista-turismoosuna-768x160.webp 768w, https:\/\/turismodeosuna.es\/wp-content\/uploads\/2022\/07\/banner-senderocicloturista-turismoosuna-1536x320.webp 1536w\" sizes=\"(max-width: 1920px) 100vw, 1920px\" \/>\n          <\/div>\n        <\/div>\n      <\/div>\n    <\/div><div class=\"img-with-aniamtion-wrap center\" data-max-width=\"100%\" data-max-width-mobile=\"default\" data-shadow=\"none\" data-animation=\"fade-in\" >\n      <div class=\"inner\">\n        <div class=\"hover-wrap\"> \n          <div class=\"hover-wrap-inner\">\n            <img decoding=\"async\" class=\"img-with-animation skip-lazy\" data-delay=\"0\" height=\"215\" width=\"1920\" data-animation=\"fade-in\" src=\"https:\/\/turismodeosuna.es\/wp-content\/uploads\/2022\/06\/sombrabanner-turismodeosuna.png\" alt=\"sombra\" srcset=\"https:\/\/turismodeosuna.es\/wp-content\/uploads\/2022\/06\/sombrabanner-turismodeosuna.png 1920w, https:\/\/turismodeosuna.es\/wp-content\/uploads\/2022\/06\/sombrabanner-turismodeosuna-300x34.png 300w, https:\/\/turismodeosuna.es\/wp-content\/uploads\/2022\/06\/sombrabanner-turismodeosuna-1024x115.png 1024w, https:\/\/turismodeosuna.es\/wp-content\/uploads\/2022\/06\/sombrabanner-turismodeosuna-768x86.png 768w, https:\/\/turismodeosuna.es\/wp-content\/uploads\/2022\/06\/sombrabanner-turismodeosuna-1536x172.png 1536w\" sizes=\"(max-width: 1920px) 100vw, 1920px\" \/>\n          <\/div>\n        <\/div>\n      <\/div>\n    <\/div>\n\t\t\t<\/div> \n\t\t<\/div>\n\t<\/div> \n<\/div><\/div>\n\t\t<div id=\"fws_69d917ece2c50\"  data-column-margin=\"default\" data-midnight=\"dark\"  class=\"wpb_row vc_row-fluid vc_row vc_row-o-equal-height vc_row-flex vc_row-o-content-middle  top_margin_-4pct top_margin_tablet_5pct top_margin_phone_5pct bottom_margin_tablet_0px\"  style=\"padding-top: 0px; padding-bottom: 0px; \"><div class=\"row-bg-wrap\" data-bg-animation=\"none\" data-bg-overlay=\"false\"><div class=\"inner-wrap\"><div class=\"row-bg viewport-desktop\"  style=\"\"><\/div><\/div><\/div><div class=\"row_col_wrap_12 col span_12 dark left\">\n\t<div  class=\"vc_col-sm-12 wpb_column column_container vc_column_container col no-extra-padding inherit_tablet inherit_phone\"  data-padding-pos=\"all\" data-has-bg-color=\"false\" data-bg-color=\"\" data-bg-opacity=\"1\" data-animation=\"\" data-delay=\"0\" >\n\t\t<div class=\"vc_column-inner\" >\n\t\t\t<div class=\"wpb_wrapper\">\n\t\t\t\t\n<div class=\"wpb_text_column wpb_content_element\" >\n\t<div class=\"wpb_wrapper\">\n\t\t<h1 style=\"text-align: center;\">Route de la Campi\u00f1a<\/h1>\n\t<\/div>\n<\/div>\n\n\n\n\n<div class=\"wpb_text_column wpb_content_element\" >\n\t<div class=\"wpb_wrapper\">\n\t\t<p><span style=\"font-weight: 400;\">Pour cet itin\u00e9raire, le point de d\u00e9part et d&#8217;arriv\u00e9e est le centre sportif municipal d&#8217;Osuna. L&#8217;itin\u00e9raire nous conduit \u00e0 travers des chemins de cultures c\u00e9r\u00e9ali\u00e8res, traversant plusieurs fermes importantes de la campagne d&#8217;Osuna.<\/span><\/p>\n<p><span style=\"font-weight: 400;\">En partant du centre sportif municipal, nous devons nous diriger vers la zone industrielle de Las Vegas, par la station d&#8217;essence situ\u00e9e dans cette zone industrielle, nous entrons dans la \u00abCa\u00f1ada Real de Mor\u00f3n\u00bb (en utilisant la voie de service) et peu apr\u00e8s avoir travers\u00e9 l &#8216;\u00bbArroyo del Peinado\u00bb Nous prendrons la \u00abVereda de Otero\u00bb situ\u00e9e sur notre droite, juste apr\u00e8s nous tournons encore \u00e0 gauche pour prendre le \u00abCamino del Cambr\u00f3n\u00bb que nous continuerons jusqu&#8217;\u00e0 ce que nous arrivions au \u00abCortijo de la Due\u00f1a Baja\u00bb.<\/span><\/p>\n<p><span style=\"font-weight: 400;\">\u00c0 ce stade, nous entrons dans les oliveraies que nous verrons et relierons \u00e0 la \u00abVereda de la Romera\u00bb, qui passe par le \u00abCortijo Venta de la Romera\u00bb, nous serons situ\u00e9s \u00e0 la jonction des routes \u00abSE-715\u00bb avec le \u00abSE -716\u201d dans lequel nous continuerons tout droit en prenant cette derni\u00e8re route mentionn\u00e9e. Ici, nous devons faire une section d&#8217;environ 3 km par asphalte jusqu&#8217;\u00e0 ce que nous atteignions \u00e0 nouveau un carrefour o\u00f9 nous devons prendre le chemin que nous voyons sur notre droite, entrant ainsi dans la \u00abVereda del Alamillo\u00bb que nous continuerons \u00e0 traverser le \u00abCortijo de Pajares\u00bb jusqu&#8217;\u00e0 ce que vous atteigniez le prochain carrefour.<\/span><\/p>\n<p><span style=\"font-weight: 400;\">D\u00e8s que nous traversons l&#8217;autoroute \u00abSE-710\u00bb (autoroute Lantejuela), nous pouvons voir la \u00abCortijo Casa Blanca\u00bb entour\u00e9e d&#8217;une vaste oliveraie. Nous continuons notre route \u00e0 travers la \u00abVereda de Rabadanes\u00bb en la suivant nous trouverons sur notre droite le \u00abCortijo de Cantalejos\u00bb et nous finirons par arriver \u00e0 la \u00abCa\u00f1ada Real de Lucena\u00bb, nous suivons ce ravin en passant par le \u00abCortijo de Topetecano\u00bb, nous arriverons \u00e0 une autre intersection en celle que nous devons traverser la route \u00abA-351&#8243; (Carretera de \u00c9cija-Osuna), apr\u00e8s cela nous atteindrons la derni\u00e8re section de notre route. Nous tournons \u00e0 droite pour prendre le \u00abCamino de Santa Cruz\u00bb et continuons le long sans faire de d\u00e9tour. Lorsque nous atteignons environ la moiti\u00e9 de cette derni\u00e8re section, nous rencontrons le \u00abCortijo de Santa Cruz\u00bb, nous passons la ferme et continuons tout droit jusqu&#8217;\u00e0 ce que nous atteignions enfin la municipalit\u00e9.<\/span><\/p>\n<p><span style=\"font-weight: 400;\">Il convient de mentionner qu&#8217;en saison des pluies, certaines routes deviennent impraticables. Il y a quelques alternatives comme celle qui existe \u00e0 la jonction avec la \u00abVereda de los Arenosos\u00bb, au km 9,8 environ de l&#8217;itin\u00e9raire o\u00f9 nous pouvons tourner \u00e0 droite jusqu&#8217;\u00e0 la colline de Maestre et apr\u00e8s avoir pass\u00e9 le \u00abCortijo Los Arenosos\u00bb, prendre le trottoir del Alcaparral juste avant d&#8217;atteindre la route.<\/span><\/p>\n\t<\/div>\n<\/div>\n\n\n\n\n\t\t\t<\/div> \n\t\t<\/div>\n\t<\/div> \n<\/div><\/div>","protected":false},"excerpt":{"rendered":"Route de la Campi\u00f1a Pour cet itin\u00e9raire, le point de d\u00e9part et d'arriv\u00e9e est le centre sportif municipal d'Osuna. L'itin\u00e9raire nous conduit \u00e0 travers des chemins de cultures c\u00e9r\u00e9ali\u00e8res, traversant...","protected":false},"author":3,"featured_media":0,"parent":0,"menu_order":0,"comment_status":"closed","ping_status":"closed","template":"","meta":{"inline_featured_image":false,"footnotes":""},"class_list":["post-4388","page","type-page","status-publish"],"yoast_head":"<!-- This site is optimized with the Yoast SEO plugin v25.3 - https:\/\/yoast.com\/wordpress\/plugins\/seo\/ -->\n<title>Route de la Campi\u00f1a - Turismo Osuna<\/title>\n<meta name=\"robots\" content=\"index, follow, max-snippet:-1, max-image-preview:large, max-video-preview:-1\" \/>\n<link rel=\"canonical\" href=\"https:\/\/turismodeosuna.es\/en\/route-de-la-campina\/\" \/>\n<meta property=\"og:locale\" content=\"en_GB\" \/>\n<meta property=\"og:type\" content=\"article\" \/>\n<meta property=\"og:title\" content=\"Route de la Campi\u00f1a - Turismo Osuna\" \/>\n<meta property=\"og:url\" content=\"https:\/\/turismodeosuna.es\/en\/route-de-la-campina\/\" \/>\n<meta property=\"og:site_name\" content=\"Turismo Osuna\" \/>\n<meta property=\"article:modified_time\" content=\"2023-02-13T09:32:44+00:00\" \/>\n<meta name=\"twitter:card\" content=\"summary_large_image\" \/>\n<meta name=\"twitter:label1\" content=\"Estimated reading time\" \/>\n\t<meta name=\"twitter:data1\" content=\"3 minutes\" \/>\n<script type=\"application\/ld+json\" class=\"yoast-schema-graph\">{\"@context\":\"https:\/\/schema.org\",\"@graph\":[{\"@type\":\"WebPage\",\"@id\":\"https:\/\/turismodeosuna.es\/route-de-la-campina\/\",\"url\":\"https:\/\/turismodeosuna.es\/route-de-la-campina\/\",\"name\":\"Route de la Campi\u00f1a - Turismo Osuna\",\"isPartOf\":{\"@id\":\"https:\/\/turismodeosuna.es\/#website\"},\"datePublished\":\"2022-07-28T08:29:46+00:00\",\"dateModified\":\"2023-02-13T09:32:44+00:00\",\"breadcrumb\":{\"@id\":\"https:\/\/turismodeosuna.es\/route-de-la-campina\/#breadcrumb\"},\"inLanguage\":\"en-GB\",\"potentialAction\":[{\"@type\":\"ReadAction\",\"target\":[\"https:\/\/turismodeosuna.es\/route-de-la-campina\/\"]}]},{\"@type\":\"BreadcrumbList\",\"@id\":\"https:\/\/turismodeosuna.es\/route-de-la-campina\/#breadcrumb\",\"itemListElement\":[{\"@type\":\"ListItem\",\"position\":1,\"name\":\"Portada\",\"item\":\"https:\/\/turismodeosuna.es\/\"},{\"@type\":\"ListItem\",\"position\":2,\"name\":\"Route de la Campi\u00f1a\"}]},{\"@type\":\"WebSite\",\"@id\":\"https:\/\/turismodeosuna.es\/#website\",\"url\":\"https:\/\/turismodeosuna.es\/\",\"name\":\"Turismo Osuna\",\"description\":\"Turismo de Osuna\",\"potentialAction\":[{\"@type\":\"SearchAction\",\"target\":{\"@type\":\"EntryPoint\",\"urlTemplate\":\"https:\/\/turismodeosuna.es\/?s={search_term_string}\"},\"query-input\":{\"@type\":\"PropertyValueSpecification\",\"valueRequired\":true,\"valueName\":\"search_term_string\"}}],\"inLanguage\":\"en-GB\"}]}<\/script>\n<!-- \/ Yoast SEO plugin. -->","yoast_head_json":{"title":"Route de la Campi\u00f1a - Turismo Osuna","robots":{"index":"index","follow":"follow","max-snippet":"max-snippet:-1","max-image-preview":"max-image-preview:large","max-video-preview":"max-video-preview:-1"},"canonical":"https:\/\/turismodeosuna.es\/en\/route-de-la-campina\/","og_locale":"en_GB","og_type":"article","og_title":"Route de la Campi\u00f1a - Turismo Osuna","og_url":"https:\/\/turismodeosuna.es\/en\/route-de-la-campina\/","og_site_name":"Turismo Osuna","article_modified_time":"2023-02-13T09:32:44+00:00","twitter_card":"summary_large_image","twitter_misc":{"Estimated reading time":"3 minutes"},"schema":{"@context":"https:\/\/schema.org","@graph":[{"@type":"WebPage","@id":"https:\/\/turismodeosuna.es\/route-de-la-campina\/","url":"https:\/\/turismodeosuna.es\/route-de-la-campina\/","name":"Route de la Campi\u00f1a - Turismo Osuna","isPartOf":{"@id":"https:\/\/turismodeosuna.es\/#website"},"datePublished":"2022-07-28T08:29:46+00:00","dateModified":"2023-02-13T09:32:44+00:00","breadcrumb":{"@id":"https:\/\/turismodeosuna.es\/route-de-la-campina\/#breadcrumb"},"inLanguage":"en-GB","potentialAction":[{"@type":"ReadAction","target":["https:\/\/turismodeosuna.es\/route-de-la-campina\/"]}]},{"@type":"BreadcrumbList","@id":"https:\/\/turismodeosuna.es\/route-de-la-campina\/#breadcrumb","itemListElement":[{"@type":"ListItem","position":1,"name":"Portada","item":"https:\/\/turismodeosuna.es\/"},{"@type":"ListItem","position":2,"name":"Route de la Campi\u00f1a"}]},{"@type":"WebSite","@id":"https:\/\/turismodeosuna.es\/#website","url":"https:\/\/turismodeosuna.es\/","name":"Turismo Osuna","description":"Turismo de Osuna","potentialAction":[{"@type":"SearchAction","target":{"@type":"EntryPoint","urlTemplate":"https:\/\/turismodeosuna.es\/?s={search_term_string}"},"query-input":{"@type":"PropertyValueSpecification","valueRequired":true,"valueName":"search_term_string"}}],"inLanguage":"en-GB"}]}},"_links":{"self":[{"href":"https:\/\/turismodeosuna.es\/en\/wp-json\/wp\/v2\/pages\/4388","targetHints":{"allow":["GET"]}}],"collection":[{"href":"https:\/\/turismodeosuna.es\/en\/wp-json\/wp\/v2\/pages"}],"about":[{"href":"https:\/\/turismodeosuna.es\/en\/wp-json\/wp\/v2\/types\/page"}],"author":[{"embeddable":true,"href":"https:\/\/turismodeosuna.es\/en\/wp-json\/wp\/v2\/users\/3"}],"replies":[{"embeddable":true,"href":"https:\/\/turismodeosuna.es\/en\/wp-json\/wp\/v2\/comments?post=4388"}],"version-history":[{"count":2,"href":"https:\/\/turismodeosuna.es\/en\/wp-json\/wp\/v2\/pages\/4388\/revisions"}],"predecessor-version":[{"id":4416,"href":"https:\/\/turismodeosuna.es\/en\/wp-json\/wp\/v2\/pages\/4388\/revisions\/4416"}],"wp:attachment":[{"href":"https:\/\/turismodeosuna.es\/en\/wp-json\/wp\/v2\/media?parent=4388"}],"curies":[{"name":"wp","href":"https:\/\/api.w.org\/{rel}","templated":true}]}}