{"id":4389,"date":"2022-07-28T10:26:36","date_gmt":"2022-07-28T08:26:36","guid":{"rendered":"http:\/\/turismodeosuna.es\/radtourenroute-el-alamillo\/"},"modified":"2023-02-13T10:33:43","modified_gmt":"2023-02-13T09:33:43","slug":"route-alamillo","status":"publish","type":"page","link":"https:\/\/turismodeosuna.es\/en\/route-alamillo\/","title":{"rendered":"Route Alamillo"},"content":{"rendered":"<div id=\"fws_69d9146e0c5be\"  data-column-margin=\"default\" data-midnight=\"dark\"  class=\"wpb_row vc_row-fluid vc_row full-width-content vc_row-o-equal-height vc_row-flex vc_row-o-content-top\"  style=\"padding-top: 0px; padding-bottom: 0px; \"><div class=\"row-bg-wrap\" data-bg-animation=\"none\" data-bg-overlay=\"false\"><div class=\"inner-wrap\"><div class=\"row-bg viewport-desktop\"  style=\"\"><\/div><\/div><\/div><div class=\"row_col_wrap_12 col span_12 dark left\">\n\t<div  class=\"vc_col-sm-12 wpb_column column_container vc_column_container col no-extra-padding inherit_tablet inherit_phone\"  data-padding-pos=\"all\" data-has-bg-color=\"false\" data-bg-color=\"\" data-bg-opacity=\"1\" data-animation=\"\" data-delay=\"0\" >\n\t\t<div class=\"vc_column-inner\" >\n\t\t\t<div class=\"wpb_wrapper\">\n\t\t\t\t<div class=\"img-with-aniamtion-wrap center\" data-max-width=\"100%\" data-max-width-mobile=\"default\" data-shadow=\"none\" data-animation=\"fade-in\" >\n      <div class=\"inner\">\n        <div class=\"hover-wrap\"> \n          <div class=\"hover-wrap-inner\">\n            <img decoding=\"async\" class=\"img-with-animation skip-lazy img-sendero\" data-delay=\"0\" height=\"400\" width=\"1920\" data-animation=\"fade-in\" src=\"https:\/\/turismodeosuna.es\/wp-content\/uploads\/2022\/07\/banner-senderocicloturista-turismoosuna.webp\" alt=\"\" srcset=\"https:\/\/turismodeosuna.es\/wp-content\/uploads\/2022\/07\/banner-senderocicloturista-turismoosuna.webp 1920w, https:\/\/turismodeosuna.es\/wp-content\/uploads\/2022\/07\/banner-senderocicloturista-turismoosuna-300x63.webp 300w, https:\/\/turismodeosuna.es\/wp-content\/uploads\/2022\/07\/banner-senderocicloturista-turismoosuna-1024x213.webp 1024w, https:\/\/turismodeosuna.es\/wp-content\/uploads\/2022\/07\/banner-senderocicloturista-turismoosuna-768x160.webp 768w, https:\/\/turismodeosuna.es\/wp-content\/uploads\/2022\/07\/banner-senderocicloturista-turismoosuna-1536x320.webp 1536w\" sizes=\"(max-width: 1920px) 100vw, 1920px\" \/>\n          <\/div>\n        <\/div>\n      <\/div>\n    <\/div><div class=\"img-with-aniamtion-wrap center\" data-max-width=\"100%\" data-max-width-mobile=\"default\" data-shadow=\"none\" data-animation=\"fade-in\" >\n      <div class=\"inner\">\n        <div class=\"hover-wrap\"> \n          <div class=\"hover-wrap-inner\">\n            <img decoding=\"async\" class=\"img-with-animation skip-lazy\" data-delay=\"0\" height=\"215\" width=\"1920\" data-animation=\"fade-in\" src=\"https:\/\/turismodeosuna.es\/wp-content\/uploads\/2022\/06\/sombrabanner-turismodeosuna.png\" alt=\"sombra\" srcset=\"https:\/\/turismodeosuna.es\/wp-content\/uploads\/2022\/06\/sombrabanner-turismodeosuna.png 1920w, https:\/\/turismodeosuna.es\/wp-content\/uploads\/2022\/06\/sombrabanner-turismodeosuna-300x34.png 300w, https:\/\/turismodeosuna.es\/wp-content\/uploads\/2022\/06\/sombrabanner-turismodeosuna-1024x115.png 1024w, https:\/\/turismodeosuna.es\/wp-content\/uploads\/2022\/06\/sombrabanner-turismodeosuna-768x86.png 768w, https:\/\/turismodeosuna.es\/wp-content\/uploads\/2022\/06\/sombrabanner-turismodeosuna-1536x172.png 1536w\" sizes=\"(max-width: 1920px) 100vw, 1920px\" \/>\n          <\/div>\n        <\/div>\n      <\/div>\n    <\/div>\n\t\t\t<\/div> \n\t\t<\/div>\n\t<\/div> \n<\/div><\/div>\n\t\t<div id=\"fws_69d9146e0cdc8\"  data-column-margin=\"default\" data-midnight=\"dark\"  class=\"wpb_row vc_row-fluid vc_row vc_row-o-equal-height vc_row-flex vc_row-o-content-middle  top_margin_-4pct top_margin_tablet_5pct top_margin_phone_5pct bottom_margin_tablet_0px\"  style=\"padding-top: 0px; padding-bottom: 0px; \"><div class=\"row-bg-wrap\" data-bg-animation=\"none\" data-bg-overlay=\"false\"><div class=\"inner-wrap\"><div class=\"row-bg viewport-desktop\"  style=\"\"><\/div><\/div><\/div><div class=\"row_col_wrap_12 col span_12 dark left\">\n\t<div  class=\"vc_col-sm-12 wpb_column column_container vc_column_container col no-extra-padding inherit_tablet inherit_phone\"  data-padding-pos=\"all\" data-has-bg-color=\"false\" data-bg-color=\"\" data-bg-opacity=\"1\" data-animation=\"\" data-delay=\"0\" >\n\t\t<div class=\"vc_column-inner\" >\n\t\t\t<div class=\"wpb_wrapper\">\n\t\t\t\t\n<div class=\"wpb_text_column wpb_content_element\" >\n\t<div class=\"wpb_wrapper\">\n\t\t<h1 style=\"text-align: center;\">Route Alamillo<\/h1>\n\t<\/div>\n<\/div>\n\n\n\n\n<div class=\"wpb_text_column wpb_content_element\" >\n\t<div class=\"wpb_wrapper\">\n\t\t<p><span style=\"font-weight: 400;\">Pour cet itin\u00e9raire que nous allons d\u00e9crire, nous prenons le Centre sportif municipal comme point de d\u00e9part et d&#8217;arriv\u00e9e. Dans cet itin\u00e9raire, nous commencerons par faire une l\u00e9g\u00e8re descente pendant environ la moiti\u00e9 de la route pour remonter jusqu&#8217;\u00e0 notre retour \u00e0 Osuna.<\/span><\/p>\n<p><span style=\"font-weight: 400;\">Nous quittons le Centre sportif municipal et prenons le \u00abCamino del Ejido\u00bb, dans la courbe nous tournons \u00e0 gauche pour rejoindre la route \u00abSE-712\u00bb (route de Lantejuela), nous la traversons et nous contournons les jardins sociaux pour continuer sur la route qui se dirige vers la route \u00c9cija, nous verrons des routes \u00e0 gauche, mais nous devons prendre la derni\u00e8re avant d&#8217;atteindre la route en tournant \u00e0 gauche. Nous descendons le chemin des arbres fruitiers jusqu&#8217;\u00e0 la \u00abVereda de las \u00c1nimas\u00bb, nous tournons \u00e0 gauche pour la prendre et traversons l &#8216;\u00bbArroyo del Salado\u00bb. Nous continuons sur la droite puis tournons \u00e0 gauche dans la \u00abVereda de los M\u00e1rtires\u00bb et continuons le long de celle-ci, atteignant le \u00abCortijo de Casablanca\u00bb. Une fois ici, nous tournons \u00e0 gauche et traversons la route \u00abSE-712\u00bb (Carretera de Lantejuela) en allant tout droit, juste avant de traverser l &#8216;\u00bbArroyo del Peinado\u00bb, nous devons tourner \u00e0 droite pour aller parall\u00e8lement au ruisseau jusqu&#8217;\u00e0 atteindre un carrefour o\u00f9 nous devons tourner \u00e0 gauche pour traverser un pont et entrer dans la \u00abVereda\u00bb de Oj\u00e9n \u00bbarrivant au\u00ab Cortijo de los Veneros \u00bb.<\/span><\/p>\n<p><span style=\"font-weight: 400;\">Nous continuons \u00e0 traverser la route \u00abSE-716\u00bb et arrivons au \u00abCortijo de Oj\u00e9n\u00bb, nous tournons \u00e0 gauche en entrant dans la \u00abVereda de Lucena\u00bb, nous continuons sans d\u00e9vier sur le trottoir jusqu&#8217;\u00e0 ce que nous arrivions finalement \u00e0 un carrefour o\u00f9 nous nous arr\u00eatons pour \u00c0 gauche pour prendre la \u00abVereda Real del Alamillo\u00bb, nous continuons \u00e0 travers le \u00abCortijo del Taraje\u00bb, apr\u00e8s cela nous trouverons une fourche, nous garderons \u00e0 gauche jusqu&#8217;\u00e0 ce que nous atteignions le \u00abCortijo del Alamillo\u00bb, nous marcherons quelques m\u00e8tres sur l&#8217;asphalte et juste avant la courbe suivante, \u00e0 gauche nous prenons la \u00abVereda Real del Alamillo\u00bb, nous sommes \u00e0 proximit\u00e9 de la route \u00abSE-712\u00bb (route de Lantejuela) et du \u00abCortijo de Casablanca\u00bb, il y a aussi la possibilit\u00e9 de r\u00e9duire la route non faisant toute cette boucle qui se termine maintenant, nous tournons \u00e0 droite pour entrer dans la \u00abVereda de Rabadanes\u00bb et peu de temps apr\u00e8s nous tournons \u00e0 droite en prenant la \u00abVereda del Alcaparral\u00bb.<\/span><\/p>\n<p><span style=\"font-weight: 400;\">Dans ce chemin, nous restons sur la gauche et apr\u00e8s avoir travers\u00e9 un pont, nous atteignons la route \u00abSE-716\u00bb (Carretera de los Ojuelos), ici nous pourrions continuer le long de l&#8217;Arenos jusqu&#8217;\u00e0 la route de service de la \u00abA-92\u00bb, mais notre proposition est de retourner sur l&#8217;asphalte \u00e0 Osuna.<\/span><\/p>\n\t<\/div>\n<\/div>\n\n\n\n\n\t\t\t<\/div> \n\t\t<\/div>\n\t<\/div> \n<\/div><\/div>","protected":false},"excerpt":{"rendered":"Route Alamillo Pour cet itin\u00e9raire que nous allons d\u00e9crire, nous prenons le Centre sportif municipal comme point de d\u00e9part et d'arriv\u00e9e. Dans cet itin\u00e9raire, nous commencerons par faire une l\u00e9g\u00e8re...","protected":false},"author":3,"featured_media":0,"parent":0,"menu_order":0,"comment_status":"closed","ping_status":"closed","template":"","meta":{"inline_featured_image":false,"footnotes":""},"class_list":["post-4389","page","type-page","status-publish"],"yoast_head":"<!-- This site is optimized with the Yoast SEO plugin v25.3 - https:\/\/yoast.com\/wordpress\/plugins\/seo\/ -->\n<title>Route Alamillo - Turismo Osuna<\/title>\n<meta name=\"robots\" content=\"index, follow, max-snippet:-1, max-image-preview:large, max-video-preview:-1\" \/>\n<link rel=\"canonical\" href=\"https:\/\/turismodeosuna.es\/en\/route-alamillo\/\" \/>\n<meta property=\"og:locale\" content=\"en_GB\" \/>\n<meta property=\"og:type\" content=\"article\" \/>\n<meta property=\"og:title\" content=\"Route Alamillo - Turismo Osuna\" \/>\n<meta property=\"og:url\" content=\"https:\/\/turismodeosuna.es\/en\/route-alamillo\/\" \/>\n<meta property=\"og:site_name\" content=\"Turismo Osuna\" \/>\n<meta property=\"article:modified_time\" content=\"2023-02-13T09:33:43+00:00\" \/>\n<meta name=\"twitter:card\" content=\"summary_large_image\" \/>\n<meta name=\"twitter:label1\" content=\"Estimated reading time\" \/>\n\t<meta name=\"twitter:data1\" content=\"3 minutes\" \/>\n<script type=\"application\/ld+json\" class=\"yoast-schema-graph\">{\"@context\":\"https:\/\/schema.org\",\"@graph\":[{\"@type\":\"WebPage\",\"@id\":\"https:\/\/turismodeosuna.es\/route-alamillo\/\",\"url\":\"https:\/\/turismodeosuna.es\/route-alamillo\/\",\"name\":\"Route Alamillo - Turismo Osuna\",\"isPartOf\":{\"@id\":\"https:\/\/turismodeosuna.es\/#website\"},\"datePublished\":\"2022-07-28T08:26:36+00:00\",\"dateModified\":\"2023-02-13T09:33:43+00:00\",\"breadcrumb\":{\"@id\":\"https:\/\/turismodeosuna.es\/route-alamillo\/#breadcrumb\"},\"inLanguage\":\"en-GB\",\"potentialAction\":[{\"@type\":\"ReadAction\",\"target\":[\"https:\/\/turismodeosuna.es\/route-alamillo\/\"]}]},{\"@type\":\"BreadcrumbList\",\"@id\":\"https:\/\/turismodeosuna.es\/route-alamillo\/#breadcrumb\",\"itemListElement\":[{\"@type\":\"ListItem\",\"position\":1,\"name\":\"Portada\",\"item\":\"https:\/\/turismodeosuna.es\/\"},{\"@type\":\"ListItem\",\"position\":2,\"name\":\"Route Alamillo\"}]},{\"@type\":\"WebSite\",\"@id\":\"https:\/\/turismodeosuna.es\/#website\",\"url\":\"https:\/\/turismodeosuna.es\/\",\"name\":\"Turismo Osuna\",\"description\":\"Turismo de Osuna\",\"potentialAction\":[{\"@type\":\"SearchAction\",\"target\":{\"@type\":\"EntryPoint\",\"urlTemplate\":\"https:\/\/turismodeosuna.es\/?s={search_term_string}\"},\"query-input\":{\"@type\":\"PropertyValueSpecification\",\"valueRequired\":true,\"valueName\":\"search_term_string\"}}],\"inLanguage\":\"en-GB\"}]}<\/script>\n<!-- \/ Yoast SEO plugin. -->","yoast_head_json":{"title":"Route Alamillo - Turismo Osuna","robots":{"index":"index","follow":"follow","max-snippet":"max-snippet:-1","max-image-preview":"max-image-preview:large","max-video-preview":"max-video-preview:-1"},"canonical":"https:\/\/turismodeosuna.es\/en\/route-alamillo\/","og_locale":"en_GB","og_type":"article","og_title":"Route Alamillo - Turismo Osuna","og_url":"https:\/\/turismodeosuna.es\/en\/route-alamillo\/","og_site_name":"Turismo Osuna","article_modified_time":"2023-02-13T09:33:43+00:00","twitter_card":"summary_large_image","twitter_misc":{"Estimated reading time":"3 minutes"},"schema":{"@context":"https:\/\/schema.org","@graph":[{"@type":"WebPage","@id":"https:\/\/turismodeosuna.es\/route-alamillo\/","url":"https:\/\/turismodeosuna.es\/route-alamillo\/","name":"Route Alamillo - Turismo Osuna","isPartOf":{"@id":"https:\/\/turismodeosuna.es\/#website"},"datePublished":"2022-07-28T08:26:36+00:00","dateModified":"2023-02-13T09:33:43+00:00","breadcrumb":{"@id":"https:\/\/turismodeosuna.es\/route-alamillo\/#breadcrumb"},"inLanguage":"en-GB","potentialAction":[{"@type":"ReadAction","target":["https:\/\/turismodeosuna.es\/route-alamillo\/"]}]},{"@type":"BreadcrumbList","@id":"https:\/\/turismodeosuna.es\/route-alamillo\/#breadcrumb","itemListElement":[{"@type":"ListItem","position":1,"name":"Portada","item":"https:\/\/turismodeosuna.es\/"},{"@type":"ListItem","position":2,"name":"Route Alamillo"}]},{"@type":"WebSite","@id":"https:\/\/turismodeosuna.es\/#website","url":"https:\/\/turismodeosuna.es\/","name":"Turismo Osuna","description":"Turismo de Osuna","potentialAction":[{"@type":"SearchAction","target":{"@type":"EntryPoint","urlTemplate":"https:\/\/turismodeosuna.es\/?s={search_term_string}"},"query-input":{"@type":"PropertyValueSpecification","valueRequired":true,"valueName":"search_term_string"}}],"inLanguage":"en-GB"}]}},"_links":{"self":[{"href":"https:\/\/turismodeosuna.es\/en\/wp-json\/wp\/v2\/pages\/4389","targetHints":{"allow":["GET"]}}],"collection":[{"href":"https:\/\/turismodeosuna.es\/en\/wp-json\/wp\/v2\/pages"}],"about":[{"href":"https:\/\/turismodeosuna.es\/en\/wp-json\/wp\/v2\/types\/page"}],"author":[{"embeddable":true,"href":"https:\/\/turismodeosuna.es\/en\/wp-json\/wp\/v2\/users\/3"}],"replies":[{"embeddable":true,"href":"https:\/\/turismodeosuna.es\/en\/wp-json\/wp\/v2\/comments?post=4389"}],"version-history":[{"count":2,"href":"https:\/\/turismodeosuna.es\/en\/wp-json\/wp\/v2\/pages\/4389\/revisions"}],"predecessor-version":[{"id":4418,"href":"https:\/\/turismodeosuna.es\/en\/wp-json\/wp\/v2\/pages\/4389\/revisions\/4418"}],"wp:attachment":[{"href":"https:\/\/turismodeosuna.es\/en\/wp-json\/wp\/v2\/media?parent=4389"}],"curies":[{"name":"wp","href":"https:\/\/api.w.org\/{rel}","templated":true}]}}