{"id":4424,"date":"2022-07-19T11:13:14","date_gmt":"2022-07-19T09:13:14","guid":{"rendered":"http:\/\/turismodeosuna.es\/singular-buildings\/"},"modified":"2023-03-19T13:53:46","modified_gmt":"2023-03-19T12:53:46","slug":"batiments-singuliers","status":"publish","type":"page","link":"https:\/\/turismodeosuna.es\/en\/batiments-singuliers\/","title":{"rendered":"B\u00e2timents singuliers"},"content":{"rendered":"<div id=\"fws_69d912fe08e1d\"  data-column-margin=\"default\" data-midnight=\"dark\"  class=\"wpb_row vc_row-fluid vc_row full-width-content vc_row-o-equal-height vc_row-flex vc_row-o-content-top\"  style=\"padding-top: 0px; padding-bottom: 0px; \"><div class=\"row-bg-wrap\" data-bg-animation=\"none\" data-bg-overlay=\"false\"><div class=\"inner-wrap\"><div class=\"row-bg viewport-desktop\"  style=\"\"><\/div><\/div><\/div><div class=\"row_col_wrap_12 col span_12 dark left\">\n\t<div  class=\"vc_col-sm-12 wpb_column column_container vc_column_container col no-extra-padding inherit_tablet inherit_phone\"  data-padding-pos=\"all\" data-has-bg-color=\"false\" data-bg-color=\"\" data-bg-opacity=\"1\" data-animation=\"\" data-delay=\"0\" >\n\t\t<div class=\"vc_column-inner\" >\n\t\t\t<div class=\"wpb_wrapper\">\n\t\t\t\t<div class=\"img-with-aniamtion-wrap center\" data-max-width=\"100%\" data-max-width-mobile=\"default\" data-shadow=\"none\" data-animation=\"fade-in\" >\n      <div class=\"inner\">\n        <div class=\"hover-wrap\"> \n          <div class=\"hover-wrap-inner\">\n            <img decoding=\"async\" class=\"img-with-animation skip-lazy\" data-delay=\"0\" height=\"400\" width=\"1920\" data-animation=\"fade-in\" src=\"https:\/\/turismodeosuna.es\/wp-content\/uploads\/2022\/07\/banner-edificiossingulares-turismoosuna-1.webp\" alt=\"\" srcset=\"https:\/\/turismodeosuna.es\/wp-content\/uploads\/2022\/07\/banner-edificiossingulares-turismoosuna-1.webp 1920w, https:\/\/turismodeosuna.es\/wp-content\/uploads\/2022\/07\/banner-edificiossingulares-turismoosuna-1-300x63.webp 300w, https:\/\/turismodeosuna.es\/wp-content\/uploads\/2022\/07\/banner-edificiossingulares-turismoosuna-1-1024x213.webp 1024w, https:\/\/turismodeosuna.es\/wp-content\/uploads\/2022\/07\/banner-edificiossingulares-turismoosuna-1-768x160.webp 768w, https:\/\/turismodeosuna.es\/wp-content\/uploads\/2022\/07\/banner-edificiossingulares-turismoosuna-1-1536x320.webp 1536w\" sizes=\"(max-width: 1920px) 100vw, 1920px\" \/>\n          <\/div>\n        <\/div>\n      <\/div>\n    <\/div><div class=\"img-with-aniamtion-wrap center\" data-max-width=\"100%\" data-max-width-mobile=\"default\" data-shadow=\"none\" data-animation=\"fade-in\" >\n      <div class=\"inner\">\n        <div class=\"hover-wrap\"> \n          <div class=\"hover-wrap-inner\">\n            <img decoding=\"async\" class=\"img-with-animation skip-lazy\" data-delay=\"0\" height=\"100\" width=\"1920\" data-animation=\"fade-in\" src=\"https:\/\/turismodeosuna.es\/wp-content\/uploads\/2022\/07\/sombrabanner-turismodeosuna-estrecho.jpg\" alt=\"\" srcset=\"https:\/\/turismodeosuna.es\/wp-content\/uploads\/2022\/07\/sombrabanner-turismodeosuna-estrecho.jpg 1920w, https:\/\/turismodeosuna.es\/wp-content\/uploads\/2022\/07\/sombrabanner-turismodeosuna-estrecho-300x16.jpg 300w, https:\/\/turismodeosuna.es\/wp-content\/uploads\/2022\/07\/sombrabanner-turismodeosuna-estrecho-1024x53.jpg 1024w, https:\/\/turismodeosuna.es\/wp-content\/uploads\/2022\/07\/sombrabanner-turismodeosuna-estrecho-768x40.jpg 768w, https:\/\/turismodeosuna.es\/wp-content\/uploads\/2022\/07\/sombrabanner-turismodeosuna-estrecho-1536x80.jpg 1536w\" sizes=\"(max-width: 1920px) 100vw, 1920px\" \/>\n          <\/div>\n        <\/div>\n      <\/div>\n    <\/div>\n\t\t\t<\/div> \n\t\t<\/div>\n\t<\/div> \n<\/div><\/div>\n\t\t<div id=\"fws_69d912fe098c0\"  data-column-margin=\"default\" data-midnight=\"dark\" data-bottom-percent=\"4%\"  class=\"wpb_row vc_row-fluid vc_row\"  style=\"padding-top: 0px; padding-bottom: calc(100vw * 0.04); \"><div class=\"row-bg-wrap\" data-bg-animation=\"none\" data-bg-overlay=\"false\"><div class=\"inner-wrap\"><div class=\"row-bg viewport-desktop\"  style=\"\"><\/div><\/div><\/div><div class=\"row_col_wrap_12 col span_12 dark left\">\n\t<div  class=\"vc_col-sm-12 wpb_column column_container vc_column_container col no-extra-padding inherit_tablet inherit_phone\"  data-padding-pos=\"all\" data-has-bg-color=\"false\" data-bg-color=\"\" data-bg-opacity=\"1\" data-animation=\"\" data-delay=\"0\" >\n\t\t<div class=\"vc_column-inner\" >\n\t\t\t<div class=\"wpb_wrapper\">\n\t\t\t\t\n<div class=\"wpb_text_column wpb_content_element\" >\n\t<div class=\"wpb_wrapper\">\n\t\t<h1>B\u00e2timents singuliers<\/h1>\n\t<\/div>\n<\/div>\n\n\n\n\n\t<div class=\"wpb_content_element\" data-interval=\"0\">\n\t\t<div class=\"wpb_wrapper tabbed clearfix\" data-style=\"vertical\" data-spacing=\"\" data-icon-size=\"\" data-full-width-line=\"\" data-color-scheme=\"accent-color\" data-alignment=\"left\">\n\t\t\t<ul class=\"wpb_tabs_nav ui-tabs-nav clearfix\"><li><a href=\"#tab-1679230405999-10\" class=\"active-tab\"><span>Cercle d Osuna<\/span><\/a><\/li><li><a href=\"#tab-1679230406078-3\" ><span>Si\u00e9ge du Chapitre Coll\u00e9gial<\/span><\/a><\/li><\/ul>\n\n\t\t\t\n\t\t\t<div id=\"tab-cercle-d-osuna\" data-tab-icon=\"\" class=\"wpb_tab ui-tabs-panel wpb_ui-tabs-hide clearfix\">\n\t\t\t\t\n<div class=\"wpb_text_column wpb_content_element\" >\n\t<div class=\"wpb_wrapper\">\n\t\t<h1><span style=\"font-weight: 100;\">Cercle d Osuna<\/span><\/h1>\n<p>Avec plus de 160 ans, le Cercle ouvre ses ports \u00e0 tous ceux qui veulent se reposer dans ses merveilleuses et int\u00e9ressantes salles.<\/p>\n<p>Le Cercle a ouvert ses portes aux membres en 1848. Puis, il a \u00e9t\u00e9 augment\u00e9 pour accueillir un th\u00e9\u00e2tre aujourd&#8217;hui propri\u00e9t\u00e9 de la Mairie et en cours de restauration. C\u2019est un \u00e9difice avec aspect colonial ; il a une cour int\u00e9rieure carr\u00e9e avec des colonnes de fonte, deux \u00e9tages, entour\u00e9s d\u2019une galerie avec une balustrade m\u00e9tallique et couvert par un chapiteau ; il pr\u00e9sente aussi des plinthes d\u2019azulejos et un ventilateur qui pend de l\u2019axe de la cour sur une table ronde en faisant la fonction de salle de s\u00e9jour.<\/p>\n<p>Tout le cercle est aujourd\u2019hui une salle de s\u00e9jour, un lieu tranquille qui repr\u00e9sente une remembrance des cercles du XIXe si\u00e8cle construits pour la repr\u00e9sentation et la f\u00eate. Il y a des salles de bal, des escaliers de marbre, des salles \u00e0 manger, des salles de jeux et de r\u00e9union, des salons priv\u00e9s pour les membres, une caf\u00e9t\u00e9ria et une salle donn\u00e9e sur la place.<\/p>\n\t<\/div>\n<\/div>\n\n\n\n\n\t<div class=\"wpb_gallery wpb_content_element clearfix\">\n\t\t<div class=\"wpb_wrapper\"><div class=\"wpb_gallery_slidesflickity_style\" data-onclick=\"link_image\" data-interval=\"5\"><div class=\"nectar-flickity not-initialized\"  data-touch-icon-color=\"default\" data-stagger=\"\" data-drag-scale=\"\" data-overflow=\"hidden\" data-wrap=\"wrap\" data-spacing=\"default\" data-shadow=\"none\" data-autoplay=\"\" data-autoplay-dur=\"\" data-free-scroll=\"\" data-controls=\"next_prev_arrows_overlaid\" data-desktop-columns=\"1\" data-small-desktop-columns=\"1\" data-tablet-columns=\"1\" data-phone-columns=\"1\"><div class=\"flickity-viewport\"> <div class=\"flickity-slider\"><div class=\"cell\" data-lazy=\"false\"><img decoding=\"async\" class=\"skip-lazy nectar-lazy\" src=\"https:\/\/turismodeosuna.es\/wp-content\/uploads\/2022\/07\/EL-CASINO-2-35-600x400.webp\" width=\"600\" height=\"400\" alt=\"EL CASINO-2-35\" title=\"EL CASINO-2-35\" \/><a class=\"entire-slide-link\"  href=\"https:\/\/turismodeosuna.es\/wp-content\/uploads\/2022\/07\/EL-CASINO-2-35.webp\"><\/a><\/div><div class=\"cell\" data-lazy=\"false\"><img decoding=\"async\" class=\"skip-lazy nectar-lazy\" src=\"https:\/\/turismodeosuna.es\/wp-content\/uploads\/2022\/07\/EL-CASINO-2-43-Editar-600x400.webp\" width=\"600\" height=\"400\" alt=\"EL CASINO-2-43-Editar\" title=\"EL CASINO-2-43-Editar\" \/><a class=\"entire-slide-link\"  href=\"https:\/\/turismodeosuna.es\/wp-content\/uploads\/2022\/07\/EL-CASINO-2-43-Editar.webp\"><\/a><\/div><div class=\"cell\" data-lazy=\"false\"><img decoding=\"async\" class=\"skip-lazy nectar-lazy\" src=\"https:\/\/turismodeosuna.es\/wp-content\/uploads\/2022\/07\/EL-CASINO-2-46-600x400.webp\" width=\"600\" height=\"400\" alt=\"EL CASINO-2-46\" title=\"EL CASINO-2-46\" \/><a class=\"entire-slide-link\"  href=\"https:\/\/turismodeosuna.es\/wp-content\/uploads\/2022\/07\/EL-CASINO-2-46.webp\"><\/a><\/div><div class=\"cell\" data-lazy=\"false\"><img decoding=\"async\" class=\"skip-lazy nectar-lazy\" src=\"https:\/\/turismodeosuna.es\/wp-content\/uploads\/2022\/07\/EL-CASINO-2-60-600x400.webp\" width=\"600\" height=\"400\" alt=\"EL CASINO-2-60\" title=\"EL CASINO-2-60\" \/><a class=\"entire-slide-link\"  href=\"https:\/\/turismodeosuna.es\/wp-content\/uploads\/2022\/07\/EL-CASINO-2-60.webp\"><\/a><\/div><div class=\"cell\" data-lazy=\"false\"><img decoding=\"async\" class=\"skip-lazy nectar-lazy\" src=\"https:\/\/turismodeosuna.es\/wp-content\/uploads\/2022\/07\/EL-CASINO-2-66-600x400.webp\" width=\"600\" height=\"400\" alt=\"EL CASINO-2-66\" title=\"EL CASINO-2-66\" \/><a class=\"entire-slide-link\"  href=\"https:\/\/turismodeosuna.es\/wp-content\/uploads\/2022\/07\/EL-CASINO-2-66.webp\"><\/a><\/div><div class=\"cell\" data-lazy=\"false\"><img decoding=\"async\" class=\"skip-lazy nectar-lazy\" src=\"https:\/\/turismodeosuna.es\/wp-content\/uploads\/2022\/07\/EL-CASINO-2-74-600x400.webp\" width=\"600\" height=\"400\" alt=\"EL CASINO-2-74\" title=\"EL CASINO-2-74\" \/><a class=\"entire-slide-link\"  href=\"https:\/\/turismodeosuna.es\/wp-content\/uploads\/2022\/07\/EL-CASINO-2-74.webp\"><\/a><\/div><div class=\"cell\" data-lazy=\"false\"><img decoding=\"async\" class=\"skip-lazy nectar-lazy\" src=\"https:\/\/turismodeosuna.es\/wp-content\/uploads\/2022\/07\/EL-CASINO-2-99-600x400.webp\" width=\"600\" height=\"400\" alt=\"EL CASINO-2-99\" title=\"EL CASINO-2-99\" \/><a class=\"entire-slide-link\"  href=\"https:\/\/turismodeosuna.es\/wp-content\/uploads\/2022\/07\/EL-CASINO-2-99.webp\"><\/a><\/div><div class=\"cell\" data-lazy=\"false\"><img decoding=\"async\" class=\"skip-lazy nectar-lazy\" src=\"https:\/\/turismodeosuna.es\/wp-content\/uploads\/2022\/07\/CASINO-DOS-600x400.webp\" width=\"600\" height=\"400\" alt=\"CASINO DOS\" title=\"CASINO DOS\" \/><a class=\"entire-slide-link\"  href=\"https:\/\/turismodeosuna.es\/wp-content\/uploads\/2022\/07\/CASINO-DOS.webp\"><\/a><\/div><div class=\"cell\" data-lazy=\"false\"><img decoding=\"async\" class=\"skip-lazy nectar-lazy\" src=\"https:\/\/turismodeosuna.es\/wp-content\/uploads\/2022\/07\/CASINO-83-600x400.webp\" width=\"600\" height=\"400\" alt=\"CASINO-83\" title=\"CASINO-83\" \/><a class=\"entire-slide-link\"  href=\"https:\/\/turismodeosuna.es\/wp-content\/uploads\/2022\/07\/CASINO-83.webp\"><\/a><\/div><div class=\"cell\" data-lazy=\"false\"><img decoding=\"async\" class=\"skip-lazy nectar-lazy\" src=\"https:\/\/turismodeosuna.es\/wp-content\/uploads\/2022\/07\/CASINO-86-600x400.webp\" width=\"600\" height=\"400\" alt=\"CASINO-86\" title=\"CASINO-86\" \/><a class=\"entire-slide-link\"  href=\"https:\/\/turismodeosuna.es\/wp-content\/uploads\/2022\/07\/CASINO-86.webp\"><\/a><\/div><div class=\"cell\" data-lazy=\"false\"><img decoding=\"async\" class=\"skip-lazy nectar-lazy\" src=\"https:\/\/turismodeosuna.es\/wp-content\/uploads\/2022\/07\/CASINO-94-600x400.webp\" width=\"600\" height=\"400\" alt=\"CASINO-94\" title=\"CASINO-94\" \/><a class=\"entire-slide-link\"  href=\"https:\/\/turismodeosuna.es\/wp-content\/uploads\/2022\/07\/CASINO-94.webp\"><\/a><\/div><div class=\"cell\" data-lazy=\"false\"><img decoding=\"async\" class=\"skip-lazy nectar-lazy\" src=\"https:\/\/turismodeosuna.es\/wp-content\/uploads\/2022\/07\/dia-noche-en-el-casino-1-600x356.webp\" width=\"600\" height=\"356\" alt=\"dia-noche en el casino-1\" title=\"dia-noche en el casino-1\" \/><a class=\"entire-slide-link\"  href=\"https:\/\/turismodeosuna.es\/wp-content\/uploads\/2022\/07\/dia-noche-en-el-casino-1.webp\"><\/a><\/div><div class=\"cell\" data-lazy=\"false\"><img decoding=\"async\" class=\"skip-lazy nectar-lazy\" src=\"https:\/\/turismodeosuna.es\/wp-content\/uploads\/2022\/07\/dia-noche-en-el-casino-6-Editar-600x400.webp\" width=\"600\" height=\"400\" alt=\"dia-noche en el casino-6-Editar\" title=\"dia-noche en el casino-6-Editar\" \/><a class=\"entire-slide-link\"  href=\"https:\/\/turismodeosuna.es\/wp-content\/uploads\/2022\/07\/dia-noche-en-el-casino-6-Editar.webp\"><\/a><\/div><\/div><\/div><\/div><\/div>\n\t\t<\/div> \n\t<\/div> \n\t\t\t<\/div> \n\t\t\t<div id=\"tab-siege-du-chapitre-collegial\" data-tab-icon=\"\" class=\"wpb_tab ui-tabs-panel wpb_ui-tabs-hide clearfix\">\n\t\t\t\t\n<div class=\"wpb_text_column wpb_content_element\" >\n\t<div class=\"wpb_wrapper\">\n\t\t<h1><span style=\"font-weight: 100;\">Si\u00e9ge du Chapitre Coll\u00e9gial<\/span><\/h1>\n<p>XVIIIe si\u00e8cle. Fa\u00e7ade excellente. Propri\u00e9t\u00e9 de l\u2019\u00e9glise. Ferm\u00e9e au public.<\/p>\n<p>Construite par l\u2019architecte Antonio Ruiz Florindo, il semble un palais de la cour plut\u00f4t qu\u2019un \u00e9difice industriel, car il a \u00e9t\u00e9 \u00e9difi\u00e9 comme grenier o\u00f9 on payait les d\u00eemes et les imp\u00f4ts qu\u2019on donnait \u00e0 l\u2019\u00e9glise autrefois.<\/p>\n<p>Sa fa\u00e7ade est divis\u00e9e par cinq grands pilastres, d\u00e9cor\u00e9e d\u2019\u00e9toiles, avec des fen\u00eatres qui connectent les deux \u00e9tages.<\/p>\n<p>La porte est encadr\u00e9e par deux colonnes sur pi\u00e9destaux bulbeux et couronn\u00e9e par une corniche curviligne sur laquelle on trouve une repr\u00e9sentation de la Giralda avec Sainte Justa et Sainte Rufina entre des vases de lys. Dans l\u2019entablement, on peut voir l\u2019inscription \u00ab Si\u00e8ge de la Sainte M\u00e9tropolitaine Patriarcale \u00c9glise de S\u00e9ville. Ann\u00e9e 1773 \u00bb.<\/p>\n\t<\/div>\n<\/div>\n\n\n\n\n\t<div class=\"wpb_gallery wpb_content_element clearfix\">\n\t\t<div class=\"wpb_wrapper\"><div class=\"wpb_gallery_slidesflickity_style\" data-onclick=\"link_no\" data-interval=\"5\"><div class=\"nectar-flickity not-initialized\"  data-touch-icon-color=\"default\" data-stagger=\"\" data-drag-scale=\"\" data-overflow=\"hidden\" data-wrap=\"wrap\" data-spacing=\"default\" data-shadow=\"none\" data-autoplay=\"\" data-autoplay-dur=\"\" data-free-scroll=\"\" data-controls=\"next_prev_arrows_overlaid\" data-desktop-columns=\"1\" data-small-desktop-columns=\"1\" data-tablet-columns=\"1\" data-phone-columns=\"1\"><div class=\"flickity-viewport\"> <div class=\"flickity-slider\"><div class=\"cell\" data-lazy=\"false\"><img decoding=\"async\" class=\"skip-lazy nectar-lazy\" src=\"https:\/\/turismodeosuna.es\/wp-content\/uploads\/2022\/07\/La-Cilla-del-Cabildo-Colegial-510-600x400.webp\" width=\"600\" height=\"400\" alt=\"La Cilla del Cabildo Colegial (510)\" title=\"La Cilla del Cabildo Colegial (510)\" \/><\/div><div class=\"cell\" data-lazy=\"false\"><img decoding=\"async\" class=\"skip-lazy nectar-lazy\" src=\"https:\/\/turismodeosuna.es\/wp-content\/uploads\/2022\/07\/La-Cilla-del-Cabildo-Colegial-606-600x400.webp\" width=\"600\" height=\"400\" alt=\"La Cilla del Cabildo Colegial (606)\" title=\"La Cilla del Cabildo Colegial (606)\" \/><\/div><div class=\"cell\" data-lazy=\"false\"><img decoding=\"async\" class=\"skip-lazy nectar-lazy\" src=\"https:\/\/turismodeosuna.es\/wp-content\/uploads\/2022\/07\/La-Cilla-del-Cabildo-Colegial-619-600x400.webp\" width=\"600\" height=\"400\" alt=\"La Cilla del Cabildo Colegial (619)\" title=\"La Cilla del Cabildo Colegial (619)\" \/><\/div><div class=\"cell\" data-lazy=\"false\"><img decoding=\"async\" class=\"skip-lazy nectar-lazy\" src=\"https:\/\/turismodeosuna.es\/wp-content\/uploads\/2022\/07\/La-Cilla-del-Cabildo-Colegial-623-600x400.webp\" width=\"600\" height=\"400\" alt=\"La Cilla del Cabildo Colegial (623)\" title=\"La Cilla del Cabildo Colegial (623)\" \/><\/div><div class=\"cell\" data-lazy=\"false\"><img decoding=\"async\" class=\"skip-lazy nectar-lazy\" src=\"https:\/\/turismodeosuna.es\/wp-content\/uploads\/2022\/07\/La-Cilla-del-Cabildo-Colegial-626-600x400.webp\" width=\"600\" height=\"400\" alt=\"La Cilla del Cabildo Colegial (626)\" title=\"La Cilla del Cabildo Colegial (626)\" \/><\/div><div class=\"cell\" data-lazy=\"false\"><img decoding=\"async\" class=\"skip-lazy nectar-lazy\" src=\"https:\/\/turismodeosuna.es\/wp-content\/uploads\/2022\/07\/La-Cilla-del-Cabildo-Colegial-627-600x400.webp\" width=\"600\" height=\"400\" alt=\"La Cilla del Cabildo Colegial (627)\" title=\"La Cilla del Cabildo Colegial (627)\" \/><\/div><div class=\"cell\" data-lazy=\"false\"><img decoding=\"async\" class=\"skip-lazy nectar-lazy\" src=\"https:\/\/turismodeosuna.es\/wp-content\/uploads\/2022\/07\/Cilla-del-cabildo-recortada-600x400.webp\" width=\"600\" height=\"400\" alt=\"Cilla del cabildo recortada\" title=\"Cilla del cabildo recortada\" \/><\/div><div class=\"cell\" data-lazy=\"false\"><img decoding=\"async\" class=\"skip-lazy nectar-lazy\" src=\"https:\/\/turismodeosuna.es\/wp-content\/uploads\/2022\/07\/La-Cilla-del-Cabildo-Colegial-34-600x400.webp\" width=\"600\" height=\"400\" alt=\"La Cilla del Cabildo Colegial (34)\" title=\"La Cilla del Cabildo Colegial (34)\" \/><\/div><div class=\"cell\" data-lazy=\"false\"><img decoding=\"async\" class=\"skip-lazy nectar-lazy\" src=\"https:\/\/turismodeosuna.es\/wp-content\/uploads\/2022\/07\/La-Cilla-del-Cabildo-Colegial-61-600x400.webp\" width=\"600\" height=\"400\" alt=\"La Cilla del Cabildo Colegial (61)\" title=\"La Cilla del Cabildo Colegial (61)\" \/><\/div><div class=\"cell\" data-lazy=\"false\"><img decoding=\"async\" class=\"skip-lazy nectar-lazy\" src=\"https:\/\/turismodeosuna.es\/wp-content\/uploads\/2022\/07\/La-Cilla-del-Cabildo-Colegial-507-600x400.webp\" width=\"600\" height=\"400\" alt=\"La Cilla del Cabildo Colegial (507)\" title=\"La Cilla del Cabildo Colegial (507)\" \/><\/div><div class=\"cell\" data-lazy=\"false\"><img decoding=\"async\" class=\"skip-lazy nectar-lazy\" src=\"https:\/\/turismodeosuna.es\/wp-content\/uploads\/2022\/07\/La-Cilla-del-Cabildo-Colegial-508-600x400.webp\" width=\"600\" height=\"400\" alt=\"La Cilla del Cabildo Colegial (508)\" title=\"La Cilla del Cabildo Colegial (508)\" \/><\/div><div class=\"cell\" data-lazy=\"false\"><img decoding=\"async\" class=\"skip-lazy nectar-lazy\" src=\"https:\/\/turismodeosuna.es\/wp-content\/uploads\/2022\/07\/La-Cilla-del-Cabildo-Colegial-509-600x400.webp\" width=\"600\" height=\"400\" alt=\"La Cilla del Cabildo Colegial (509)\" title=\"La Cilla del Cabildo Colegial (509)\" \/><\/div><\/div><\/div><\/div><\/div>\n\t\t<\/div> \n\t<\/div> \n\t\t\t<\/div> \n\t\t<\/div> \n\t<\/div> \n\t\t\t<\/div> \n\t\t<\/div>\n\t<\/div> \n<\/div><\/div>","protected":false},"excerpt":{"rendered":"B\u00e2timents singuliers Cercle d OsunaSi\u00e9ge du Chapitre Coll\u00e9gial Cercle d Osuna Avec plus de 160 ans, le Cercle ouvre ses ports \u00e0 tous ceux qui veulent se reposer dans ses...","protected":false},"author":1,"featured_media":0,"parent":0,"menu_order":0,"comment_status":"closed","ping_status":"closed","template":"","meta":{"inline_featured_image":false,"footnotes":""},"class_list":["post-4424","page","type-page","status-publish"],"yoast_head":"<!-- This site is optimized with the Yoast SEO plugin v25.3 - https:\/\/yoast.com\/wordpress\/plugins\/seo\/ -->\n<title>B\u00e2timents singuliers - Turismo Osuna<\/title>\n<meta name=\"robots\" content=\"index, follow, max-snippet:-1, max-image-preview:large, max-video-preview:-1\" \/>\n<link rel=\"canonical\" href=\"https:\/\/turismodeosuna.es\/en\/batiments-singuliers\/\" \/>\n<meta property=\"og:locale\" content=\"en_GB\" \/>\n<meta property=\"og:type\" content=\"article\" \/>\n<meta property=\"og:title\" content=\"B\u00e2timents singuliers - Turismo Osuna\" \/>\n<meta property=\"og:url\" content=\"https:\/\/turismodeosuna.es\/en\/batiments-singuliers\/\" \/>\n<meta property=\"og:site_name\" content=\"Turismo Osuna\" \/>\n<meta property=\"article:modified_time\" content=\"2023-03-19T12:53:46+00:00\" \/>\n<meta name=\"twitter:card\" content=\"summary_large_image\" \/>\n<meta name=\"twitter:label1\" content=\"Estimated reading time\" \/>\n\t<meta name=\"twitter:data1\" content=\"3 minutes\" \/>\n<script type=\"application\/ld+json\" class=\"yoast-schema-graph\">{\"@context\":\"https:\/\/schema.org\",\"@graph\":[{\"@type\":\"WebPage\",\"@id\":\"https:\/\/turismodeosuna.es\/batiments-singuliers\/\",\"url\":\"https:\/\/turismodeosuna.es\/batiments-singuliers\/\",\"name\":\"B\u00e2timents singuliers - Turismo Osuna\",\"isPartOf\":{\"@id\":\"https:\/\/turismodeosuna.es\/#website\"},\"datePublished\":\"2022-07-19T09:13:14+00:00\",\"dateModified\":\"2023-03-19T12:53:46+00:00\",\"breadcrumb\":{\"@id\":\"https:\/\/turismodeosuna.es\/batiments-singuliers\/#breadcrumb\"},\"inLanguage\":\"en-GB\",\"potentialAction\":[{\"@type\":\"ReadAction\",\"target\":[\"https:\/\/turismodeosuna.es\/batiments-singuliers\/\"]}]},{\"@type\":\"BreadcrumbList\",\"@id\":\"https:\/\/turismodeosuna.es\/batiments-singuliers\/#breadcrumb\",\"itemListElement\":[{\"@type\":\"ListItem\",\"position\":1,\"name\":\"Portada\",\"item\":\"https:\/\/turismodeosuna.es\/\"},{\"@type\":\"ListItem\",\"position\":2,\"name\":\"B\u00e2timents singuliers\"}]},{\"@type\":\"WebSite\",\"@id\":\"https:\/\/turismodeosuna.es\/#website\",\"url\":\"https:\/\/turismodeosuna.es\/\",\"name\":\"Turismo Osuna\",\"description\":\"Turismo de Osuna\",\"potentialAction\":[{\"@type\":\"SearchAction\",\"target\":{\"@type\":\"EntryPoint\",\"urlTemplate\":\"https:\/\/turismodeosuna.es\/?s={search_term_string}\"},\"query-input\":{\"@type\":\"PropertyValueSpecification\",\"valueRequired\":true,\"valueName\":\"search_term_string\"}}],\"inLanguage\":\"en-GB\"}]}<\/script>\n<!-- \/ Yoast SEO plugin. -->","yoast_head_json":{"title":"B\u00e2timents singuliers - Turismo Osuna","robots":{"index":"index","follow":"follow","max-snippet":"max-snippet:-1","max-image-preview":"max-image-preview:large","max-video-preview":"max-video-preview:-1"},"canonical":"https:\/\/turismodeosuna.es\/en\/batiments-singuliers\/","og_locale":"en_GB","og_type":"article","og_title":"B\u00e2timents singuliers - Turismo Osuna","og_url":"https:\/\/turismodeosuna.es\/en\/batiments-singuliers\/","og_site_name":"Turismo Osuna","article_modified_time":"2023-03-19T12:53:46+00:00","twitter_card":"summary_large_image","twitter_misc":{"Estimated reading time":"3 minutes"},"schema":{"@context":"https:\/\/schema.org","@graph":[{"@type":"WebPage","@id":"https:\/\/turismodeosuna.es\/batiments-singuliers\/","url":"https:\/\/turismodeosuna.es\/batiments-singuliers\/","name":"B\u00e2timents singuliers - Turismo Osuna","isPartOf":{"@id":"https:\/\/turismodeosuna.es\/#website"},"datePublished":"2022-07-19T09:13:14+00:00","dateModified":"2023-03-19T12:53:46+00:00","breadcrumb":{"@id":"https:\/\/turismodeosuna.es\/batiments-singuliers\/#breadcrumb"},"inLanguage":"en-GB","potentialAction":[{"@type":"ReadAction","target":["https:\/\/turismodeosuna.es\/batiments-singuliers\/"]}]},{"@type":"BreadcrumbList","@id":"https:\/\/turismodeosuna.es\/batiments-singuliers\/#breadcrumb","itemListElement":[{"@type":"ListItem","position":1,"name":"Portada","item":"https:\/\/turismodeosuna.es\/"},{"@type":"ListItem","position":2,"name":"B\u00e2timents singuliers"}]},{"@type":"WebSite","@id":"https:\/\/turismodeosuna.es\/#website","url":"https:\/\/turismodeosuna.es\/","name":"Turismo Osuna","description":"Turismo de Osuna","potentialAction":[{"@type":"SearchAction","target":{"@type":"EntryPoint","urlTemplate":"https:\/\/turismodeosuna.es\/?s={search_term_string}"},"query-input":{"@type":"PropertyValueSpecification","valueRequired":true,"valueName":"search_term_string"}}],"inLanguage":"en-GB"}]}},"_links":{"self":[{"href":"https:\/\/turismodeosuna.es\/en\/wp-json\/wp\/v2\/pages\/4424","targetHints":{"allow":["GET"]}}],"collection":[{"href":"https:\/\/turismodeosuna.es\/en\/wp-json\/wp\/v2\/pages"}],"about":[{"href":"https:\/\/turismodeosuna.es\/en\/wp-json\/wp\/v2\/types\/page"}],"author":[{"embeddable":true,"href":"https:\/\/turismodeosuna.es\/en\/wp-json\/wp\/v2\/users\/1"}],"replies":[{"embeddable":true,"href":"https:\/\/turismodeosuna.es\/en\/wp-json\/wp\/v2\/comments?post=4424"}],"version-history":[{"count":3,"href":"https:\/\/turismodeosuna.es\/en\/wp-json\/wp\/v2\/pages\/4424\/revisions"}],"predecessor-version":[{"id":5499,"href":"https:\/\/turismodeosuna.es\/en\/wp-json\/wp\/v2\/pages\/4424\/revisions\/5499"}],"wp:attachment":[{"href":"https:\/\/turismodeosuna.es\/en\/wp-json\/wp\/v2\/media?parent=4424"}],"curies":[{"name":"wp","href":"https:\/\/api.w.org\/{rel}","templated":true}]}}