{"id":4598,"date":"2022-07-28T07:39:08","date_gmt":"2022-07-28T05:39:08","guid":{"rendered":"http:\/\/turismodeosuna.es\/hermitages\/"},"modified":"2023-03-22T11:46:12","modified_gmt":"2023-03-22T10:46:12","slug":"ermitages","status":"publish","type":"page","link":"https:\/\/turismodeosuna.es\/en\/ermitages\/","title":{"rendered":"Ermitages"},"content":{"rendered":"<div id=\"fws_69d917ef22175\"  data-column-margin=\"default\" data-midnight=\"dark\"  class=\"wpb_row vc_row-fluid vc_row full-width-content vc_row-o-equal-height vc_row-flex vc_row-o-content-top\"  style=\"padding-top: 0px; padding-bottom: 0px; \"><div class=\"row-bg-wrap\" data-bg-animation=\"none\" data-bg-overlay=\"false\"><div class=\"inner-wrap\"><div class=\"row-bg viewport-desktop\"  style=\"\"><\/div><\/div><\/div><div class=\"row_col_wrap_12 col span_12 dark left\">\n\t<div  class=\"vc_col-sm-12 wpb_column column_container vc_column_container col no-extra-padding inherit_tablet inherit_phone\"  data-padding-pos=\"all\" data-has-bg-color=\"false\" data-bg-color=\"\" data-bg-opacity=\"1\" data-animation=\"\" data-delay=\"0\" >\n\t\t<div class=\"vc_column-inner\" >\n\t\t\t<div class=\"wpb_wrapper\">\n\t\t\t\t<div class=\"img-with-aniamtion-wrap center\" data-max-width=\"100%\" data-max-width-mobile=\"default\" data-shadow=\"none\" data-animation=\"fade-in\" >\n      <div class=\"inner\">\n        <div class=\"hover-wrap\"> \n          <div class=\"hover-wrap-inner\">\n            <img decoding=\"async\" class=\"img-with-animation skip-lazy\" data-delay=\"0\" height=\"400\" width=\"1920\" data-animation=\"fade-in\" src=\"https:\/\/turismodeosuna.es\/wp-content\/uploads\/2022\/08\/ermita.jpg\" alt=\"\" srcset=\"https:\/\/turismodeosuna.es\/wp-content\/uploads\/2022\/08\/ermita.jpg 1920w, https:\/\/turismodeosuna.es\/wp-content\/uploads\/2022\/08\/ermita-300x63.jpg 300w, https:\/\/turismodeosuna.es\/wp-content\/uploads\/2022\/08\/ermita-1024x213.jpg 1024w, https:\/\/turismodeosuna.es\/wp-content\/uploads\/2022\/08\/ermita-768x160.jpg 768w, https:\/\/turismodeosuna.es\/wp-content\/uploads\/2022\/08\/ermita-1536x320.jpg 1536w\" sizes=\"(max-width: 1920px) 100vw, 1920px\" \/>\n          <\/div>\n        <\/div>\n      <\/div>\n    <\/div><div class=\"img-with-aniamtion-wrap center\" data-max-width=\"100%\" data-max-width-mobile=\"default\" data-shadow=\"none\" data-animation=\"fade-in\" >\n      <div class=\"inner\">\n        <div class=\"hover-wrap\"> \n          <div class=\"hover-wrap-inner\">\n            <img decoding=\"async\" class=\"img-with-animation skip-lazy\" data-delay=\"0\" height=\"100\" width=\"1920\" data-animation=\"fade-in\" src=\"https:\/\/turismodeosuna.es\/wp-content\/uploads\/2022\/07\/sombrabanner-turismodeosuna-estrecho.jpg\" alt=\"\" srcset=\"https:\/\/turismodeosuna.es\/wp-content\/uploads\/2022\/07\/sombrabanner-turismodeosuna-estrecho.jpg 1920w, https:\/\/turismodeosuna.es\/wp-content\/uploads\/2022\/07\/sombrabanner-turismodeosuna-estrecho-300x16.jpg 300w, https:\/\/turismodeosuna.es\/wp-content\/uploads\/2022\/07\/sombrabanner-turismodeosuna-estrecho-1024x53.jpg 1024w, https:\/\/turismodeosuna.es\/wp-content\/uploads\/2022\/07\/sombrabanner-turismodeosuna-estrecho-768x40.jpg 768w, https:\/\/turismodeosuna.es\/wp-content\/uploads\/2022\/07\/sombrabanner-turismodeosuna-estrecho-1536x80.jpg 1536w\" sizes=\"(max-width: 1920px) 100vw, 1920px\" \/>\n          <\/div>\n        <\/div>\n      <\/div>\n    <\/div>\n\t\t\t<\/div> \n\t\t<\/div>\n\t<\/div> \n<\/div><\/div>\n\t\t<div id=\"fws_69d917ef26410\"  data-column-margin=\"default\" data-midnight=\"dark\" data-bottom-percent=\"4%\"  class=\"wpb_row vc_row-fluid vc_row\"  style=\"padding-top: 0px; padding-bottom: calc(100vw * 0.04); \"><div class=\"row-bg-wrap\" data-bg-animation=\"none\" data-bg-overlay=\"false\"><div class=\"inner-wrap\"><div class=\"row-bg viewport-desktop\"  style=\"\"><\/div><\/div><\/div><div class=\"row_col_wrap_12 col span_12 dark left\">\n\t<div  class=\"vc_col-sm-12 wpb_column column_container vc_column_container col no-extra-padding inherit_tablet inherit_phone\"  data-padding-pos=\"all\" data-has-bg-color=\"false\" data-bg-color=\"\" data-bg-opacity=\"1\" data-animation=\"\" data-delay=\"0\" >\n\t\t<div class=\"vc_column-inner\" >\n\t\t\t<div class=\"wpb_wrapper\">\n\t\t\t\t\n<div class=\"wpb_text_column wpb_content_element\" >\n\t<div class=\"wpb_wrapper\">\n\t\t<h1>Ermitages<\/h1>\n\t<\/div>\n<\/div>\n\n\n\n\n\t<div class=\"wpb_content_element\" data-interval=\"0\">\n\t\t<div class=\"wpb_wrapper tabbed clearfix\" data-style=\"vertical\" data-spacing=\"\" data-icon-size=\"\" data-full-width-line=\"\" data-color-scheme=\"accent-color\" data-alignment=\"left\">\n\t\t\t<ul class=\"wpb_tabs_nav ui-tabs-nav clearfix\"><li><a href=\"#tab-1679481899660-8\" class=\"active-tab\"><span>Ermitage de Mar\u00eda Auxiliadora<\/span><\/a><\/li><li><a href=\"#tab-1679481899723-5\" ><span>Ermitage de Ntra. Sra. de Consolaci\u00f3n del Calvario<\/span><\/a><\/li><li><a href=\"#tab-1679481899787-10\" ><span>Ermitage de Santa Ana<\/span><\/a><\/li><li><a href=\"#tab-1679481899838-8\" ><span>Ermitage de San Arcadio<\/span><\/a><\/li><\/ul>\n\n\t\t\t\n\t\t\t<div id=\"tab-ermitage-de-maria-auxiliadora\" data-tab-icon=\"\" class=\"wpb_tab ui-tabs-panel wpb_ui-tabs-hide clearfix\">\n\t\t\t\t\n<div class=\"wpb_text_column wpb_content_element\" >\n\t<div class=\"wpb_wrapper\">\n\t\t<h1>Ermitage de Mar\u00eda Auxiliadora<\/h1>\n<p>L\u2019Ermitage se touve dans le Puerto de la Encina, une commune rurale de la municipalit\u00e9 d\u2019Osuna. Il y a 334 habitants.<\/p>\n<p>Le village se situe \u00e0 15 kilom\u00e8tres au sud de la ville.<\/p>\n<p>L\u2019Ermitage est \u00e9rig\u00e9 sur une parcelle de propri\u00e9t\u00e9 municipale situ\u00e9 dans le carrefour des rues Levante et Llana de la commune rurale du Puerto de la Encina. L\u2019Ermitage est petit et le reste de la parcelle est devenue une place publique dans les terrains autrefois occup\u00e9s par un \u00e9difice multifonctionnel qui servait de salles de cours, chapelle et pharmacie.<\/p>\n\t<\/div>\n<\/div>\n\n\n\n\n\t<div class=\"wpb_gallery wpb_content_element clearfix\">\n\t\t<div class=\"wpb_wrapper\"><div class=\"wpb_gallery_slidesflickity_style\" data-onclick=\"link_image\" data-interval=\"5\"><div class=\"nectar-flickity not-initialized\"  data-touch-icon-color=\"default\" data-stagger=\"\" data-drag-scale=\"\" data-overflow=\"hidden\" data-wrap=\"wrap\" data-spacing=\"default\" data-shadow=\"none\" data-autoplay=\"\" data-autoplay-dur=\"\" data-free-scroll=\"\" data-controls=\"next_prev_arrows_overlaid\" data-desktop-columns=\"1\" data-small-desktop-columns=\"1\" data-tablet-columns=\"1\" data-phone-columns=\"1\"><div class=\"flickity-viewport\"> <div class=\"flickity-slider\"><div class=\"cell\" data-lazy=\"false\"><img decoding=\"async\" class=\"skip-lazy nectar-lazy\" src=\"https:\/\/turismodeosuna.es\/wp-content\/uploads\/2022\/07\/Iglesia-Puerto-de-la-Encina-600x400.webp\" width=\"600\" height=\"400\" alt=\"Iglesia Puerto de la Encina\" title=\"Iglesia Puerto de la Encina\" \/><a class=\"entire-slide-link\"  href=\"https:\/\/turismodeosuna.es\/wp-content\/uploads\/2022\/07\/Iglesia-Puerto-de-la-Encina.webp\"><\/a><\/div><div class=\"cell\" data-lazy=\"false\"><img decoding=\"async\" class=\"skip-lazy nectar-lazy\" src=\"https:\/\/turismodeosuna.es\/wp-content\/uploads\/2022\/07\/interior-ermita-puerto-encina-DSC_6964-600x400.webp\" width=\"600\" height=\"400\" alt=\"interior ermita puerto encina DSC_6964\" title=\"interior ermita puerto encina DSC_6964\" \/><a class=\"entire-slide-link\"  href=\"https:\/\/turismodeosuna.es\/wp-content\/uploads\/2022\/07\/interior-ermita-puerto-encina-DSC_6964.webp\"><\/a><\/div><div class=\"cell\" data-lazy=\"false\"><img decoding=\"async\" class=\"skip-lazy nectar-lazy\" src=\"https:\/\/turismodeosuna.es\/wp-content\/uploads\/2022\/07\/exterior-ermita-puerto-encina-DSC_6936-600x400.webp\" width=\"600\" height=\"400\" alt=\"exterior ermita puerto encina DSC_6936\" title=\"exterior ermita puerto encina DSC_6936\" \/><a class=\"entire-slide-link\"  href=\"https:\/\/turismodeosuna.es\/wp-content\/uploads\/2022\/07\/exterior-ermita-puerto-encina-DSC_6936.webp\"><\/a><\/div><\/div><\/div><\/div><\/div>\n\t\t<\/div> \n\t<\/div> \n\t\t\t<\/div> \n\t\t\t<div id=\"tab-ermitage-de-ntra-sra-de-consolacion-del-calvario\" data-tab-icon=\"\" class=\"wpb_tab ui-tabs-panel wpb_ui-tabs-hide clearfix\">\n\t\t\t\t\n<div class=\"wpb_text_column wpb_content_element\" >\n\t<div class=\"wpb_wrapper\">\n\t\t<h1>Ermitage de Ntra. Sra. de Consolaci\u00f3n del Calvario<\/h1>\n<p>Le premier p\u00e8lerinage de notre \u00e9poque a eu lieu en 1988 avec un grand nombre de p\u00e8lerins. Cependant, c\u2019est en 1996 quand on adopte une annexe aux r\u00e8gles qui lui donnent le caract\u00e8re officiel. Depuis lors, le p\u00e8lerinage se r\u00e9alise jusqu\u2019\u00e0 les terrains de la paroisse dans un endroit de la sierra connu comme\u00a0<em>El Calvario<\/em>, car il se trouve juste \u00e0 c\u00f4t\u00e9 du mont et des ruines de l\u2019ancien couvent des r\u00e9collets du m\u00eame nom. L\u2019enclave se localise \u00e0 environ 8 kilom\u00e8tres par la route de Mart\u00edn de la Jara. Dans ce lieu, s\u2019est \u00e9rig\u00e9 un ermitage pendant les ann\u00e9es quatre-vingt-dix et il est curieux de souligner que les premiers fonds ont \u00e9t\u00e9 collect\u00e9s pendant le p\u00e8lerinage ant\u00e9rieur en tirant au sort une past\u00e8que.<\/p>\n\t<\/div>\n<\/div>\n\n\n\n<div class=\"img-with-aniamtion-wrap center\" data-max-width=\"75%\" data-max-width-mobile=\"default\" data-shadow=\"none\" data-animation=\"fade-in\" >\n      <div class=\"inner\">\n        <div class=\"hover-wrap\"> \n          <div class=\"hover-wrap-inner\">\n            <img decoding=\"async\" class=\"img-with-animation skip-lazy\" data-delay=\"0\" height=\"600\" width=\"800\" data-animation=\"fade-in\" src=\"https:\/\/turismodeosuna.es\/wp-content\/uploads\/2022\/07\/ERMITA-NUESTRA-SENORA-DE-CONSOLACION-.webp\" alt=\"\" srcset=\"https:\/\/turismodeosuna.es\/wp-content\/uploads\/2022\/07\/ERMITA-NUESTRA-SENORA-DE-CONSOLACION-.webp 800w, https:\/\/turismodeosuna.es\/wp-content\/uploads\/2022\/07\/ERMITA-NUESTRA-SENORA-DE-CONSOLACION--300x225.webp 300w, https:\/\/turismodeosuna.es\/wp-content\/uploads\/2022\/07\/ERMITA-NUESTRA-SENORA-DE-CONSOLACION--768x576.webp 768w\" sizes=\"(max-width: 800px) 100vw, 800px\" \/>\n          <\/div>\n        <\/div>\n      <\/div>\n    <\/div>\n\t\t\t<\/div> \n\t\t\t<div id=\"tab-ermitage-de-santa-ana\" data-tab-icon=\"\" class=\"wpb_tab ui-tabs-panel wpb_ui-tabs-hide clearfix\">\n\t\t\t\t\n<div class=\"wpb_text_column wpb_content_element\" >\n\t<div class=\"wpb_wrapper\">\n\t\t<h1>Ermitage de Santa Ana<\/h1>\n<p>La fondation du monast\u00e8re de\u00a0<em>Santa Ana<\/em>\u00a0a lieu quand Mme. Mar\u00eda de la Cueva, \u00e9pouse du quatri\u00e8me Comte d\u2019Ure\u00f1a, demande sa construction pour les moniales clarisses. \u00c0 cause de la d\u00e9population de ce lieu, les moniales l\u2019ont abandonn\u00e9 pour passer au couvent de la rue\u00a0<em>La Huerta<\/em>. Un peu plus tard, ce sont les merc\u00e9daires qui vont au couvent de\u00a0<em>Santa Ana<\/em>, et ils resteront l\u00e0-bas jusqu\u2019\u00e0 la construction du Couvent de la\u00a0<em>Merced<\/em>, dans la place du m\u00eame nom. Le monast\u00e8re de\u00a0<em>Santa Ana<\/em>\u00a0reste abandonn\u00e9 et en ruines jusqu\u2019\u00e0 la reconstruction amen\u00e9 \u00e0 bien par M. Luis de Figueroa, en r\u00e9duisant l\u2019\u00e9glise et le couvent \u00e0 l\u2019ermitage actuel.<\/p>\n<p>En 1746, on a re\u00e7u l\u2019image de\u00a0<em>Santa Ana<\/em>, qui couronne la chapelle aujourd\u2019hui.<\/p>\n<p>Actuellement, cet ermitage est le panth\u00e9on du Comte de Puertohermonso. La tombe centrale garde les restes du pr\u00eatre M. Luis de Soto Torres-Lineros, protecteur de la\u00a0<em>Colegiata.<\/em><\/p>\n\t<\/div>\n<\/div>\n\n\n\n<div class=\"img-with-aniamtion-wrap center\" data-max-width=\"50%\" data-max-width-mobile=\"default\" data-shadow=\"none\" data-animation=\"fade-in\" >\n      <div class=\"inner\">\n        <div class=\"hover-wrap\"> \n          <div class=\"hover-wrap-inner\">\n            <img decoding=\"async\" class=\"img-with-animation skip-lazy\" data-delay=\"0\" height=\"1132\" width=\"800\" data-animation=\"fade-in\" src=\"https:\/\/turismodeosuna.es\/wp-content\/uploads\/2022\/07\/Ermita-Santa-Ana-Manuel-Gonzalez-Luna.webp\" alt=\"\" srcset=\"https:\/\/turismodeosuna.es\/wp-content\/uploads\/2022\/07\/Ermita-Santa-Ana-Manuel-Gonzalez-Luna.webp 800w, https:\/\/turismodeosuna.es\/wp-content\/uploads\/2022\/07\/Ermita-Santa-Ana-Manuel-Gonzalez-Luna-212x300.webp 212w, https:\/\/turismodeosuna.es\/wp-content\/uploads\/2022\/07\/Ermita-Santa-Ana-Manuel-Gonzalez-Luna-724x1024.webp 724w, https:\/\/turismodeosuna.es\/wp-content\/uploads\/2022\/07\/Ermita-Santa-Ana-Manuel-Gonzalez-Luna-768x1087.webp 768w\" sizes=\"(max-width: 800px) 100vw, 800px\" \/>\n          <\/div>\n        <\/div>\n      <\/div>\n    <\/div>\n\t\t\t<\/div> \n\t\t\t<div id=\"tab-ermitage-de-san-arcadio\" data-tab-icon=\"\" class=\"wpb_tab ui-tabs-panel wpb_ui-tabs-hide clearfix\">\n\t\t\t\t\n<div class=\"wpb_text_column wpb_content_element\" >\n\t<div class=\"wpb_wrapper\">\n\t\t<h1>Ermitage de San Arcadio<\/h1>\n<p><strong>XVIIe si\u00e8cle. C\u2019est le lieu o\u00f9 le Saint Patron d\u2019Osuna est v\u00e9n\u00e9r\u00e9, Saint Arcadio. Entr\u00e9e gratuite.<\/strong><\/p>\n<p>Dans cet ermitage, on v\u00e9n\u00e8re l\u2019image du Saint Patron d\u2019Osuna, qui sort en procession par les rues de la ville chaque ann\u00e9e le 12 janvier.<\/p>\n<p>L\u2019\u00e9glise a \u00e9t\u00e9 construite au XVII<sup>e<\/sup>\u00a0si\u00e8cle et r\u00e9nov\u00e9 au XVIII<sup>e<\/sup>\u00a0si\u00e8cle. \u00c0 l\u2019int\u00e9rieur, on trouve une seule nef, couverte par une vo\u00fbte en berceau et une coupole sur pendentifs dans l\u2019espace de la crois\u00e9e du transept.<\/p>\n<p>Les murs lat\u00e9raux sont accompagn\u00e9s de pilastres adoss\u00e9s qui soutiennent un entablement d\u00e9cor\u00e9 avec somptueux pl\u00e2treries. Sur les pendentifs, on trouve des repr\u00e9sentations v\u00e9g\u00e9tales qui encadrent l\u2019\u00e9cusson de la ville d\u2019Osuna.<\/p>\n<p>Le grand retable, \u0153uvre baroque du milieu du XVIII<sup>e\u00a0<\/sup>si\u00e8cle, est situ\u00e9 dans le presbyterium. Il a des reliefs qui racontent les martyres de plusieurs saints de la ville d\u2019Osuna. La niche centrale est occup\u00e9e par Saint Arcadio, saint patron de la ville.<\/p>\n<p>Aux c\u00f4t\u00e9s de la crois\u00e9e du transept, il y a deux retables de la fin du XVIII<sup>e<\/sup>\u00a0si\u00e8cle, dont les niches accueillent les sculptures de la Sainte Famille et de Tobias avec l\u2019ange. Dans les murs, on peut contempler des peintures encadr\u00e9es par des moulures baroques du XVIII<sup>e\u00a0<\/sup>si\u00e8cle.<\/p>\n<p>Dans les murs de l\u2019\u00e9glise, plusieurs toiles d\u2019un apostolat sont distribu\u00e9es, et datent du milieu du XVII<sup>e<\/sup>\u00a0si\u00e8cle.<\/p>\n<p>Actuellement, toute l\u2019enceinte comprend un institut d\u2019enseignement secondaire.<\/p>\n\t<\/div>\n<\/div>\n\n\n\n\n\t<div class=\"wpb_gallery wpb_content_element clearfix\">\n\t\t<div class=\"wpb_wrapper\"><div class=\"wpb_gallery_slidesflickity_style\" data-onclick=\"link_no\" data-interval=\"5\"><div class=\"nectar-flickity not-initialized\"  data-touch-icon-color=\"default\" data-stagger=\"\" data-drag-scale=\"\" data-overflow=\"hidden\" data-wrap=\"wrap\" data-spacing=\"default\" data-shadow=\"none\" data-autoplay=\"\" data-autoplay-dur=\"\" data-free-scroll=\"\" data-controls=\"next_prev_arrows_overlaid\" data-desktop-columns=\"1\" data-small-desktop-columns=\"1\" data-tablet-columns=\"1\" data-phone-columns=\"1\"><div class=\"flickity-viewport\"> <div class=\"flickity-slider\"><div class=\"cell\" data-lazy=\"false\"><img decoding=\"async\" class=\"skip-lazy nectar-lazy\" src=\"https:\/\/turismodeosuna.es\/wp-content\/uploads\/2022\/07\/Exterior-ermita-san-arcadio-600x400.webp\" width=\"600\" height=\"400\" alt=\"Exterior ermita san arcadio\" title=\"Exterior ermita san arcadio\" \/><\/div><div class=\"cell\" data-lazy=\"false\"><img decoding=\"async\" class=\"skip-lazy nectar-lazy\" src=\"https:\/\/turismodeosuna.es\/wp-content\/uploads\/2022\/07\/interior-ermita-San-arcadio-600x400.webp\" width=\"600\" height=\"400\" alt=\"interior ermita San arcadio\" title=\"interior ermita San arcadio\" \/><\/div><\/div><\/div><\/div><\/div>\n\t\t<\/div> \n\t<\/div> \n\t\t\t<\/div> \n\t\t<\/div> \n\t<\/div> \n\t\t\t<\/div> \n\t\t<\/div>\n\t<\/div> \n<\/div><\/div>","protected":false},"excerpt":{"rendered":"Ermitages Ermitage de Mar\u00eda AuxiliadoraErmitage de Ntra. Sra. de Consolaci\u00f3n del CalvarioErmitage de Santa AnaErmitage de San Arcadio Ermitage de Mar\u00eda Auxiliadora L\u2019Ermitage se touve dans le Puerto de la...","protected":false},"author":2,"featured_media":0,"parent":0,"menu_order":0,"comment_status":"closed","ping_status":"closed","template":"","meta":{"inline_featured_image":false,"footnotes":""},"class_list":["post-4598","page","type-page","status-publish"],"yoast_head":"<!-- This site is optimized with the Yoast SEO plugin v25.3 - https:\/\/yoast.com\/wordpress\/plugins\/seo\/ -->\n<title>Ermitages - Turismo Osuna<\/title>\n<meta name=\"robots\" content=\"index, follow, max-snippet:-1, max-image-preview:large, max-video-preview:-1\" \/>\n<link rel=\"canonical\" href=\"https:\/\/turismodeosuna.es\/en\/ermitages\/\" \/>\n<meta property=\"og:locale\" content=\"en_GB\" \/>\n<meta property=\"og:type\" content=\"article\" \/>\n<meta property=\"og:title\" content=\"Ermitages - Turismo Osuna\" \/>\n<meta property=\"og:url\" content=\"https:\/\/turismodeosuna.es\/en\/ermitages\/\" \/>\n<meta property=\"og:site_name\" content=\"Turismo Osuna\" \/>\n<meta property=\"article:modified_time\" content=\"2023-03-22T10:46:12+00:00\" \/>\n<meta name=\"twitter:card\" content=\"summary_large_image\" \/>\n<meta name=\"twitter:label1\" content=\"Estimated reading time\" \/>\n\t<meta name=\"twitter:data1\" content=\"4 minutes\" \/>\n<script type=\"application\/ld+json\" class=\"yoast-schema-graph\">{\"@context\":\"https:\/\/schema.org\",\"@graph\":[{\"@type\":\"WebPage\",\"@id\":\"https:\/\/turismodeosuna.es\/ermitages\/\",\"url\":\"https:\/\/turismodeosuna.es\/ermitages\/\",\"name\":\"Ermitages - Turismo Osuna\",\"isPartOf\":{\"@id\":\"https:\/\/turismodeosuna.es\/#website\"},\"datePublished\":\"2022-07-28T05:39:08+00:00\",\"dateModified\":\"2023-03-22T10:46:12+00:00\",\"breadcrumb\":{\"@id\":\"https:\/\/turismodeosuna.es\/ermitages\/#breadcrumb\"},\"inLanguage\":\"en-GB\",\"potentialAction\":[{\"@type\":\"ReadAction\",\"target\":[\"https:\/\/turismodeosuna.es\/ermitages\/\"]}]},{\"@type\":\"BreadcrumbList\",\"@id\":\"https:\/\/turismodeosuna.es\/ermitages\/#breadcrumb\",\"itemListElement\":[{\"@type\":\"ListItem\",\"position\":1,\"name\":\"Portada\",\"item\":\"https:\/\/turismodeosuna.es\/\"},{\"@type\":\"ListItem\",\"position\":2,\"name\":\"Ermitages\"}]},{\"@type\":\"WebSite\",\"@id\":\"https:\/\/turismodeosuna.es\/#website\",\"url\":\"https:\/\/turismodeosuna.es\/\",\"name\":\"Turismo Osuna\",\"description\":\"Turismo de Osuna\",\"potentialAction\":[{\"@type\":\"SearchAction\",\"target\":{\"@type\":\"EntryPoint\",\"urlTemplate\":\"https:\/\/turismodeosuna.es\/?s={search_term_string}\"},\"query-input\":{\"@type\":\"PropertyValueSpecification\",\"valueRequired\":true,\"valueName\":\"search_term_string\"}}],\"inLanguage\":\"en-GB\"}]}<\/script>\n<!-- \/ Yoast SEO plugin. -->","yoast_head_json":{"title":"Ermitages - Turismo Osuna","robots":{"index":"index","follow":"follow","max-snippet":"max-snippet:-1","max-image-preview":"max-image-preview:large","max-video-preview":"max-video-preview:-1"},"canonical":"https:\/\/turismodeosuna.es\/en\/ermitages\/","og_locale":"en_GB","og_type":"article","og_title":"Ermitages - Turismo Osuna","og_url":"https:\/\/turismodeosuna.es\/en\/ermitages\/","og_site_name":"Turismo Osuna","article_modified_time":"2023-03-22T10:46:12+00:00","twitter_card":"summary_large_image","twitter_misc":{"Estimated reading time":"4 minutes"},"schema":{"@context":"https:\/\/schema.org","@graph":[{"@type":"WebPage","@id":"https:\/\/turismodeosuna.es\/ermitages\/","url":"https:\/\/turismodeosuna.es\/ermitages\/","name":"Ermitages - Turismo Osuna","isPartOf":{"@id":"https:\/\/turismodeosuna.es\/#website"},"datePublished":"2022-07-28T05:39:08+00:00","dateModified":"2023-03-22T10:46:12+00:00","breadcrumb":{"@id":"https:\/\/turismodeosuna.es\/ermitages\/#breadcrumb"},"inLanguage":"en-GB","potentialAction":[{"@type":"ReadAction","target":["https:\/\/turismodeosuna.es\/ermitages\/"]}]},{"@type":"BreadcrumbList","@id":"https:\/\/turismodeosuna.es\/ermitages\/#breadcrumb","itemListElement":[{"@type":"ListItem","position":1,"name":"Portada","item":"https:\/\/turismodeosuna.es\/"},{"@type":"ListItem","position":2,"name":"Ermitages"}]},{"@type":"WebSite","@id":"https:\/\/turismodeosuna.es\/#website","url":"https:\/\/turismodeosuna.es\/","name":"Turismo Osuna","description":"Turismo de Osuna","potentialAction":[{"@type":"SearchAction","target":{"@type":"EntryPoint","urlTemplate":"https:\/\/turismodeosuna.es\/?s={search_term_string}"},"query-input":{"@type":"PropertyValueSpecification","valueRequired":true,"valueName":"search_term_string"}}],"inLanguage":"en-GB"}]}},"_links":{"self":[{"href":"https:\/\/turismodeosuna.es\/en\/wp-json\/wp\/v2\/pages\/4598","targetHints":{"allow":["GET"]}}],"collection":[{"href":"https:\/\/turismodeosuna.es\/en\/wp-json\/wp\/v2\/pages"}],"about":[{"href":"https:\/\/turismodeosuna.es\/en\/wp-json\/wp\/v2\/types\/page"}],"author":[{"embeddable":true,"href":"https:\/\/turismodeosuna.es\/en\/wp-json\/wp\/v2\/users\/2"}],"replies":[{"embeddable":true,"href":"https:\/\/turismodeosuna.es\/en\/wp-json\/wp\/v2\/comments?post=4598"}],"version-history":[{"count":3,"href":"https:\/\/turismodeosuna.es\/en\/wp-json\/wp\/v2\/pages\/4598\/revisions"}],"predecessor-version":[{"id":5711,"href":"https:\/\/turismodeosuna.es\/en\/wp-json\/wp\/v2\/pages\/4598\/revisions\/5711"}],"wp:attachment":[{"href":"https:\/\/turismodeosuna.es\/en\/wp-json\/wp\/v2\/media?parent=4598"}],"curies":[{"name":"wp","href":"https:\/\/api.w.org\/{rel}","templated":true}]}}