{"id":4652,"date":"2022-06-28T11:35:27","date_gmt":"2022-06-28T09:35:27","guid":{"rendered":"http:\/\/turismodeosuna.es\/informacion-turistica\/"},"modified":"2023-03-23T09:13:32","modified_gmt":"2023-03-23T08:13:32","slug":"office-d-information-touristique","status":"publish","type":"page","link":"https:\/\/turismodeosuna.es\/en\/office-d-information-touristique\/","title":{"rendered":"Office d information touristique"},"content":{"rendered":"<div id=\"fws_69d917e521b6f\"  data-column-margin=\"default\" data-midnight=\"dark\"  class=\"wpb_row vc_row-fluid vc_row full-width-content vc_row-o-equal-height vc_row-flex vc_row-o-content-top\"  style=\"padding-top: 0px; padding-bottom: 0px; \"><div class=\"row-bg-wrap\" data-bg-animation=\"none\" data-bg-overlay=\"false\"><div class=\"inner-wrap\"><div class=\"row-bg viewport-desktop\"  style=\"\"><\/div><\/div><\/div><div class=\"row_col_wrap_12 col span_12 dark left\">\n\t<div  class=\"vc_col-sm-12 wpb_column column_container vc_column_container col no-extra-padding inherit_tablet inherit_phone\"  data-padding-pos=\"all\" data-has-bg-color=\"false\" data-bg-color=\"\" data-bg-opacity=\"1\" data-animation=\"\" data-delay=\"0\" >\n\t\t<div class=\"vc_column-inner\" >\n\t\t\t<div class=\"wpb_wrapper\">\n\t\t\t\t<div class=\"img-with-aniamtion-wrap center\" data-max-width=\"100%\" data-max-width-mobile=\"default\" data-shadow=\"none\" data-animation=\"fade-in\" >\n      <div class=\"inner\">\n        <div class=\"hover-wrap\"> \n          <div class=\"hover-wrap-inner\">\n            <img decoding=\"async\" class=\"img-with-animation skip-lazy\" data-delay=\"0\" height=\"400\" width=\"1920\" data-animation=\"fade-in\" src=\"https:\/\/turismodeosuna.es\/wp-content\/uploads\/2022\/07\/banner-infoturistica-turismoosuna.webp\" alt=\"\" srcset=\"https:\/\/turismodeosuna.es\/wp-content\/uploads\/2022\/07\/banner-infoturistica-turismoosuna.webp 1920w, https:\/\/turismodeosuna.es\/wp-content\/uploads\/2022\/07\/banner-infoturistica-turismoosuna-300x63.webp 300w, https:\/\/turismodeosuna.es\/wp-content\/uploads\/2022\/07\/banner-infoturistica-turismoosuna-1024x213.webp 1024w, https:\/\/turismodeosuna.es\/wp-content\/uploads\/2022\/07\/banner-infoturistica-turismoosuna-768x160.webp 768w, https:\/\/turismodeosuna.es\/wp-content\/uploads\/2022\/07\/banner-infoturistica-turismoosuna-1536x320.webp 1536w\" sizes=\"(max-width: 1920px) 100vw, 1920px\" \/>\n          <\/div>\n        <\/div>\n      <\/div>\n    <\/div><div class=\"img-with-aniamtion-wrap center\" data-max-width=\"100%\" data-max-width-mobile=\"default\" data-shadow=\"none\" data-animation=\"fade-in\" >\n      <div class=\"inner\">\n        <div class=\"hover-wrap\"> \n          <div class=\"hover-wrap-inner\">\n            <img decoding=\"async\" class=\"img-with-animation skip-lazy\" data-delay=\"0\" height=\"215\" width=\"1920\" data-animation=\"fade-in\" src=\"https:\/\/turismodeosuna.es\/wp-content\/uploads\/2022\/06\/sombrabanner-turismodeosuna.png\" alt=\"sombra\" srcset=\"https:\/\/turismodeosuna.es\/wp-content\/uploads\/2022\/06\/sombrabanner-turismodeosuna.png 1920w, https:\/\/turismodeosuna.es\/wp-content\/uploads\/2022\/06\/sombrabanner-turismodeosuna-300x34.png 300w, https:\/\/turismodeosuna.es\/wp-content\/uploads\/2022\/06\/sombrabanner-turismodeosuna-1024x115.png 1024w, https:\/\/turismodeosuna.es\/wp-content\/uploads\/2022\/06\/sombrabanner-turismodeosuna-768x86.png 768w, https:\/\/turismodeosuna.es\/wp-content\/uploads\/2022\/06\/sombrabanner-turismodeosuna-1536x172.png 1536w\" sizes=\"(max-width: 1920px) 100vw, 1920px\" \/>\n          <\/div>\n        <\/div>\n      <\/div>\n    <\/div>\n\t\t\t<\/div> \n\t\t<\/div>\n\t<\/div> \n<\/div><\/div>\n\t\t<div id=\"fws_69d917e52286a\"  data-column-margin=\"default\" data-midnight=\"dark\"  class=\"wpb_row vc_row-fluid vc_row vc_row-o-equal-height vc_row-flex vc_row-o-content-middle  top_margin_-4pct top_margin_tablet_5pct top_margin_phone_5pct bottom_margin_tablet_0px\"  style=\"padding-top: 0px; padding-bottom: 0px; \"><div class=\"row-bg-wrap\" data-bg-animation=\"none\" data-bg-overlay=\"false\"><div class=\"inner-wrap\"><div class=\"row-bg viewport-desktop\"  style=\"\"><\/div><\/div><\/div><div class=\"row_col_wrap_12 col span_12 dark left\">\n\t<div  class=\"vc_col-sm-12 wpb_column column_container vc_column_container col no-extra-padding inherit_tablet inherit_phone\"  data-padding-pos=\"all\" data-has-bg-color=\"false\" data-bg-color=\"\" data-bg-opacity=\"1\" data-animation=\"\" data-delay=\"0\" >\n\t\t<div class=\"vc_column-inner\" >\n\t\t\t<div class=\"wpb_wrapper\">\n\t\t\t\t\n<div class=\"wpb_text_column wpb_content_element\" >\n\t<div class=\"wpb_wrapper\">\n\t\t<h1>Office d information touristique: <span style=\"font-weight: 100;\">se d\u00e9placer, services et loisirs<\/span><\/h1>\n\t<\/div>\n<\/div>\n\n\n\n\n\t\t\t<\/div> \n\t\t<\/div>\n\t<\/div> \n<\/div><\/div>\n\t\t<div id=\"fws_69d917e522a0f\"  data-column-margin=\"default\" data-midnight=\"dark\"  class=\"wpb_row vc_row-fluid vc_row vc_row-o-equal-height vc_row-flex vc_row-o-content-middle  bottom_margin_6pct top_margin_tablet_5pct top_margin_phone_5pct bottom_margin_tablet_0px\"  style=\"padding-top: 0px; padding-bottom: 0px; \"><div class=\"row-bg-wrap\" data-bg-animation=\"none\" data-bg-overlay=\"false\"><div class=\"inner-wrap\"><div class=\"row-bg viewport-desktop\"  style=\"\"><\/div><\/div><\/div><div class=\"row_col_wrap_12 col span_12 dark left\">\n\t<div  class=\"vc_col-sm-8 wpb_column column_container vc_column_container col no-extra-padding inherit_tablet inherit_phone\"  data-padding-pos=\"all\" data-has-bg-color=\"false\" data-bg-color=\"\" data-bg-opacity=\"1\" data-animation=\"\" data-delay=\"0\" >\n\t\t<div class=\"vc_column-inner\" >\n\t\t\t<div class=\"wpb_wrapper\">\n\t\t\t\t\n<div class=\"wpb_text_column wpb_content_element\" >\n\t<div class=\"wpb_wrapper\">\n\t\t\n\t<\/div>\n<\/div>\n\n\n\n\n<div class=\"wpb_text_column wpb_content_element\" >\n\t<div class=\"wpb_wrapper\">\n\t\t<h3 class=\"gris\"><strong>Office d information touristique<\/strong><\/h3>\n\t<\/div>\n<\/div>\n\n\n\n\n<div class=\"wpb_text_column wpb_content_element\" >\n\t<div class=\"wpb_wrapper\">\n\t\t<p><span style=\"font-weight: 400;\">L\u2019Office Municipal de Tourisme, appartenant \u00e0 la Mairie d\u2019Osuna, se trouve dans l\u2019ancien maison des fr\u00e8res Arjona et Cubas. C\u2019est un b\u00e2timent du XVIIIe si\u00e8cle et, maintenant, c\u2019est le si\u00e8ge du Mus\u00e9e d\u2019Osuna. L\u2019Office de Tourisme est n\u00e9e avec l\u2019objectif d\u2019orienter et informer aux visiteurs qui arrivent \u00e0 la ville. De plus, elle joue un r\u00f4le d\u00e9terminant dans la promotion et diffusion d\u2019Osuna comme destination touristique et aussi dans l\u2019encouragement de toutes les entreprises li\u00e9es \u00e0 l\u2019activit\u00e9 touristique.<\/span><\/p>\n<p><b>Services fournis:<\/b><\/p>\n<ul>\n<li style=\"font-weight: 400;\" aria-level=\"1\"><span style=\"font-weight: 400;\">Orientation des flux touristiques.<\/span><\/li>\n<li style=\"font-weight: 400;\" aria-level=\"1\"><span style=\"font-weight: 400;\">Organisation des routes et itin\u00e9raires.<\/span><\/li>\n<li style=\"font-weight: 400;\" aria-level=\"1\"><span style=\"font-weight: 400;\">\u00c9laboration des guides et brochures.<\/span><\/li>\n<li style=\"font-weight: 400;\" aria-level=\"1\"><span style=\"font-weight: 400;\">Assistance aux entreprises touristiques.<\/span><\/li>\n<li style=\"font-weight: 400;\" aria-level=\"1\"><span style=\"font-weight: 400;\">D\u2019autres activit\u00e9s li\u00e9es \u00e0 la promotion, diffusion et gestion d\u2019am\u00e9liorations d\u2019Osuna comme lieu id\u00e9al pour le tourisme.<\/span><\/li>\n<\/ul>\n<p><span style=\"font-weight: 400;\">En plus, si vous voulez \u00eatre constamment inform\u00e9 des diff\u00e9rentes activit\u00e9s touristiques et culturales qui se r\u00e9alisent \u00e0 Osuna, vous n\u2019avez que nous envoyer un m\u00e9l \u00e0 <a href=\"mailto:turismodeosuna@gmail.com\">turismodeosuna@gmail.com<\/a><\/span><span style=\"font-weight: 400;\">.<\/span><\/p>\n\t<\/div>\n<\/div>\n\n\n\n\n\t\t\t<\/div> \n\t\t<\/div>\n\t<\/div> \n\n\t<div  class=\"vc_col-sm-4 wpb_column column_container vc_column_container col no-extra-padding inherit_tablet inherit_phone\"  data-padding-pos=\"all\" data-has-bg-color=\"false\" data-bg-color=\"\" data-bg-opacity=\"1\" data-animation=\"\" data-delay=\"0\" >\n\t\t<div class=\"vc_column-inner\" >\n\t\t\t<div class=\"wpb_wrapper\">\n\t\t\t\t<div class=\"nectar-fancy-box using-img\" style=\"min-height: 300px\" data-style=\"hover_desc\" data-border-radius=\"default\" data-animation=\"\" data-bg-animation=\"long_zoom\" data-border=\"\" data-delay=\"\" data-alignment=\"left\" data-color=\"accent-color\" ><div class=\"box-bg lazyload\"  style=\"background-image:inherit; \" data-bg-image=\"url(&#039;https:\/\/turismodeosuna.es\/wp-content\/uploads\/2022\/07\/Informacion-Turistica.webp&#039;)\"><\/div><div class=\"inner\"><div class=\"heading-wrap\"><span style=\"font-weight: 400\">\u00a0<\/span><b>Tourist Office<\/b><\/div><div class=\"hover-content\">37 Sevilla Street (Osuna Museum)<br \/>\n41640 Osuna (Seville)<br \/>\nTel: 954 81 57 32<br \/>\nwww.osuna.es<br \/>\nturismodeosuna@gmail.com<\/div><\/div>   <\/div>\n\t\t\t<\/div> \n\t\t<\/div>\n\t<\/div> \n<\/div><\/div>\n\t\t<div id=\"fws_69d917e52340b\"  data-column-margin=\"default\" data-midnight=\"dark\"  class=\"wpb_row vc_row-fluid vc_row vc_row-o-equal-height vc_row-flex vc_row-o-content-middle  bottom_margin_6pct top_margin_tablet_5pct top_margin_phone_5pct bottom_margin_tablet_0px\"  style=\"padding-top: 0px; padding-bottom: 0px; \"><div class=\"row-bg-wrap\" data-bg-animation=\"none\" data-bg-overlay=\"false\"><div class=\"inner-wrap\"><div class=\"row-bg viewport-desktop\"  style=\"\"><\/div><\/div><\/div><div class=\"row_col_wrap_12 col span_12 dark left\">\n\t<div  class=\"vc_col-sm-12 wpb_column column_container vc_column_container col no-extra-padding inherit_tablet inherit_phone\"  data-padding-pos=\"all\" data-has-bg-color=\"false\" data-bg-color=\"\" data-bg-opacity=\"1\" data-animation=\"\" data-delay=\"0\" >\n\t\t<div class=\"vc_column-inner\" >\n\t\t\t<div class=\"wpb_wrapper\">\n\t\t\t\t\n<div class=\"wpb_text_column wpb_content_element\" >\n\t<div class=\"wpb_wrapper\">\n\t\t<h3 class=\"gris\"><strong>Comment se d\u00e9placer<\/strong><\/h3>\n\t<\/div>\n<\/div>\n\n\n\n\n<div class=\"wpb_text_column wpb_content_element\" >\n\t<div class=\"wpb_wrapper\">\n\t\t<p>La meilleure fa\u00e7on de d\u00e9couvrir Osuna est de se promener dans ses rues, sur ses places et dans la zone monumentale o\u00f9 se trouvent l&#8217;Insigne Iglesia Colegial (\u00e9glise coll\u00e9giale) et l&#8217;Antigua Universidad (vieille universit\u00e9).<br \/>\nPour les d\u00e9placements en voiture, Osuna dispose d&#8217;un parking public dans la zone monumentale. Pour faciliter le stationnement dans le centre de la ville, des parcm\u00e8tres sont disponibles.<br \/>\nOsuna dispose \u00e9galement d&#8217;un service de taxis et de bus urbains<\/p>\n<h3>Bus de ville<\/h3>\n<p>Le bus urbain, adapt\u00e9 aux personnes handicap\u00e9es, fonctionne du lundi au vendredi de 7h30 \u00e0 15h et de 17h \u00e0 20h. Pendant la Feria de Mayo, il existe un service sp\u00e9cial gratuit pour vous emmener \u00e0 la foire.<\/p>\n<h3>Servicie de Taxis<\/h3>\n<p>Taxi Juan Ignacio Molina \u2013 615 789 816 \/ 955 820 862<br \/>\nTaxi Mario Ram\u00f3n Navarro \u2013685 814 904<br \/>\nTaxi Antonio C\u00e1rdenas \u2013 647 412 542<\/p>\n\t<\/div>\n<\/div>\n\n\n\n\n\t\t\t<\/div> \n\t\t<\/div>\n\t<\/div> \n<\/div><\/div>\n\t\t<div id=\"fws_69d917e5235fa\"  data-column-margin=\"default\" data-midnight=\"dark\"  class=\"wpb_row vc_row-fluid vc_row vc_row-o-equal-height vc_row-flex vc_row-o-content-middle  bottom_margin_6pct top_margin_tablet_5pct top_margin_phone_5pct bottom_margin_tablet_0px\"  style=\"padding-top: 0px; padding-bottom: 0px; \"><div class=\"row-bg-wrap\" data-bg-animation=\"none\" data-bg-overlay=\"false\"><div class=\"inner-wrap\"><div class=\"row-bg viewport-desktop\"  style=\"\"><\/div><\/div><\/div><div class=\"row_col_wrap_12 col span_12 dark left\">\n\t<div  class=\"vc_col-sm-12 wpb_column column_container vc_column_container col no-extra-padding inherit_tablet inherit_phone\"  data-padding-pos=\"all\" data-has-bg-color=\"false\" data-bg-color=\"\" data-bg-opacity=\"1\" data-animation=\"\" data-delay=\"0\" >\n\t\t<div class=\"vc_column-inner\" >\n\t\t\t<div class=\"wpb_wrapper\">\n\t\t\t\t\n<div class=\"wpb_text_column wpb_content_element\" >\n\t<div class=\"wpb_wrapper\">\n\t\t<h3 class=\"gris\">Num\u00e9ros de t\u00e9l\u00e9phone utiles<\/h3>\n\t<\/div>\n<\/div>\n\n\n\n<div id=\"fws_69d917e523898\" data-midnight=\"\" data-column-margin=\"default\" class=\"wpb_row vc_row-fluid vc_row inner_row\"  style=\"\"><div class=\"row-bg-wrap\"> <div class=\"row-bg\" ><\/div> <\/div><div class=\"row_col_wrap_12_inner col span_12  left\">\n\t<div  class=\"vc_col-sm-12 wpb_column column_container vc_column_container col child_column no-extra-padding inherit_tablet inherit_phone\"   data-padding-pos=\"all\" data-has-bg-color=\"false\" data-bg-color=\"\" data-bg-opacity=\"1\" data-animation=\"\" data-delay=\"0\" >\n\t\t<div class=\"vc_column-inner\" >\n\t\t<div class=\"wpb_wrapper\">\n\t\t\t\n<div class=\"wpb_text_column wpb_content_element\" >\n\t<div class=\"wpb_wrapper\">\n\t\t<table class=\"table-contact\">\n<thead>\n<tr>\n<th class=\"name-column\">ORGANISMES DE S\u00c9CURIT\u00c9<\/th>\n<th class=\"number-column\">NUMBER<\/th>\n<\/tr>\n<\/thead>\n<tbody>\n<tr>\n<td>Pompiers.- Rue Callej\u00f3n del Matadero, S\/N<\/td>\n<td><a href=\"tel:954810475\">95 481 04 75<\/a><\/td>\n<\/tr>\n<tr>\n<td>Guardia Civil d\u00b4Osuna .- 58, Rue Alfonso XII<\/td>\n<td><a href=\"tel:955821200\">95 582 12 00<\/a><\/td>\n<\/tr>\n<tr>\n<td>Guardia Civil (Services d\u2019urgence)<\/td>\n<td><a href=\"tel:062\">062<\/a><\/td>\n<\/tr>\n<tr>\n<td>Police Locale &#8211; Rue \u00a0del Matadero, S\/N<\/td>\n<td><a href=\"tel:954811718\">95 481 17 18<\/a><\/td>\n<\/tr>\n<tr>\n<td>Police Locale (Services d\u2019urgence)<\/td>\n<td><a href=\"tel:092\">092<\/a><\/td>\n<\/tr>\n<tr>\n<td>Protection Civile.- Rue \u00a0del Matadero, S\/N<\/td>\n<td><a href=\"tel:954810475\">95 481 04 75<\/a><\/td>\n<\/tr>\n<\/tbody>\n<\/table>\n\t<\/div>\n<\/div>\n\n\n\n\n\t\t<\/div> \n\t<\/div>\n\t<\/div> \n<\/div><\/div><div id=\"fws_69d917e523abd\" data-midnight=\"\" data-column-margin=\"default\" class=\"wpb_row vc_row-fluid vc_row inner_row\"  style=\"\"><div class=\"row-bg-wrap\"> <div class=\"row-bg\" ><\/div> <\/div><div class=\"row_col_wrap_12_inner col span_12  left\">\n\t<div  class=\"vc_col-sm-12 wpb_column column_container vc_column_container col child_column no-extra-padding inherit_tablet inherit_phone\"   data-padding-pos=\"all\" data-has-bg-color=\"false\" data-bg-color=\"\" data-bg-opacity=\"1\" data-animation=\"\" data-delay=\"0\" >\n\t\t<div class=\"vc_column-inner\" >\n\t\t<div class=\"wpb_wrapper\">\n\t\t\t\n<div class=\"wpb_text_column wpb_content_element\" >\n\t<div class=\"wpb_wrapper\">\n\t\t<table class=\"table-contact\">\n<thead>\n<tr>\n<th class=\"name-column\">INFORMATION TOURISTIQUE<\/th>\n<th class=\"number-column\">NUMBER<\/th>\n<\/tr>\n<\/thead>\n<tbody>\n<tr>\n<td>Office de Tourisme Municipal- 37, Rue Sevilla\/td&gt;<\/td>\n<td><a href=\"tel:954815732\">95 481 57 32<\/a><\/td>\n<\/tr>\n<tr>\n<td>\u00c9glise Coll\u00e9giale-Plaza de la Encarnaci\u00f3n, S\/N<\/td>\n<td><a href=\"tel:954811121\">95 481 11 21<\/a><\/td>\n<\/tr>\n<tr>\n<td>Mus\u00e9e Arch\u00e9ologique.- Plaza de la Duquesa, S\/N<\/td>\n<td><a href=\"tel:954811207\">95 481 12 07<\/a><\/td>\n<\/tr>\n<tr>\n<td>Monast\u00e8re de la Encarnaci\u00f3n- Plaza de la Encarnaci\u00f3n, S\/N<\/td>\n<td><a href=\"tel:954811718\">95 481 17 18<\/a><\/td>\n<\/tr>\n<tr>\n<td>Mus\u00e9e d\u2019Osuna- 37, Rue Sevilla<\/td>\n<td><a href=\"tel:954815732\">95 481 57 32<\/a><\/td>\n<\/tr>\n<\/tbody>\n<\/table>\n\t<\/div>\n<\/div>\n\n\n\n\n\t\t<\/div> \n\t<\/div>\n\t<\/div> \n<\/div><\/div><div id=\"fws_69d917e523c42\" data-midnight=\"\" data-column-margin=\"default\" class=\"wpb_row vc_row-fluid vc_row inner_row\"  style=\"\"><div class=\"row-bg-wrap\"> <div class=\"row-bg\" ><\/div> <\/div><div class=\"row_col_wrap_12_inner col span_12  left\">\n\t<div  class=\"vc_col-sm-12 wpb_column column_container vc_column_container col child_column no-extra-padding inherit_tablet inherit_phone\"   data-padding-pos=\"all\" data-has-bg-color=\"false\" data-bg-color=\"\" data-bg-opacity=\"1\" data-animation=\"\" data-delay=\"0\" >\n\t\t<div class=\"vc_column-inner\" >\n\t\t<div class=\"wpb_wrapper\">\n\t\t\t\n<div class=\"wpb_text_column wpb_content_element\" >\n\t<div class=\"wpb_wrapper\">\n\t\t<table class=\"table-contact\">\n<thead>\n<tr>\n<th class=\"name-column\">T\u00c9L\u00c9PHONES D\u2019INT\u00c9R\u00caT PUBLIC<\/th>\n<th class=\"number-column\">NUMBER<\/th>\n<\/tr>\n<\/thead>\n<tbody>\n<tr>\n<td>Mairie- Plaza Mayor, S\/N<\/td>\n<td><a href=\"tel:954815851\">95 481 58 51<\/a><\/td>\n<\/tr>\n<tr>\n<td>Gare ferroviaire-Avenida de la Estaci\u00f3n, S\/N<\/td>\n<td><a href=\"tel:902320320\">902 320 320<\/a><\/td>\n<\/tr>\n<tr>\n<td>Taxi Juan Ignacio Molina<\/td>\n<td><a href=\"tel:615789816\">615 78 98 16<\/a><\/td>\n<\/tr>\n<tr>\n<td><\/td>\n<td><\/td>\n<\/tr>\n<tr>\n<td>Taxi Mario Ram\u00f3n Navarro<\/td>\n<td><a href=\"tel:685814904\">685 814 904<\/a><\/td>\n<\/tr>\n<tr>\n<td>Taxi Antonio C\u00e1rdenas<\/td>\n<td><a href=\"tel:647412542\">647 412 542<\/a><\/td>\n<\/tr>\n<\/tbody>\n<\/table>\n\t<\/div>\n<\/div>\n\n\n\n\n\t\t<\/div> \n\t<\/div>\n\t<\/div> \n<\/div><\/div><div id=\"fws_69d917e523dca\" data-midnight=\"\" data-column-margin=\"default\" class=\"wpb_row vc_row-fluid vc_row inner_row\"  style=\"\"><div class=\"row-bg-wrap\"> <div class=\"row-bg\" ><\/div> <\/div><div class=\"row_col_wrap_12_inner col span_12  left\">\n\t<div  class=\"vc_col-sm-12 wpb_column column_container vc_column_container col child_column no-extra-padding inherit_tablet inherit_phone\"   data-padding-pos=\"all\" data-has-bg-color=\"false\" data-bg-color=\"\" data-bg-opacity=\"1\" data-animation=\"\" data-delay=\"0\" >\n\t\t<div class=\"vc_column-inner\" >\n\t\t<div class=\"wpb_wrapper\">\n\t\t\t\n<div class=\"wpb_text_column wpb_content_element\" >\n\t<div class=\"wpb_wrapper\">\n\t\t<table class=\"table-contact\">\n<thead>\n<tr>\n<th class=\"name-column\">SPORTS ET CULTURE<\/th>\n<th class=\"number-column\">NUMBER<\/th>\n<\/tr>\n<\/thead>\n<tbody>\n<tr>\n<td>\u00c9cole Universitaire.- 1, Campo de Cipreses<\/td>\n<td><a href=\"tel:955820289\">95 582 02 89<\/a><\/td>\n<\/tr>\n<tr>\n<td>Biblioth\u00e8que Publique.- 22,Sevilla<\/td>\n<td><a href=\"tel:954812258\">95 481 22 58<\/a><\/td>\n<\/tr>\n<tr>\n<td>House of Culture - 22 Sevilla Street<\/td>\n<td><a href=\"tel:954812211\">95 481 22 11<\/a><\/td>\n<\/tr>\n<tr>\n<td>Maison de la Culture.- 22, Rue San Jos\u00e9 De Calasanz<\/td>\n<td><a href=\"tel:954810176\">95 481 01 76<\/a><\/td>\n<\/tr>\n<tr>\n<td>Conservatoire El\u00e9mentaire et Professionnel de Musique.- 23, RueManuel Losada Villasante<\/td>\n<td><a href=\"tel:671533124\">671 533 124<\/a><\/td>\n<\/tr>\n<\/tbody>\n<\/table>\n\t<\/div>\n<\/div>\n\n\n\n\n\t\t<\/div> \n\t<\/div>\n\t<\/div> \n<\/div><\/div><div id=\"fws_69d917e523f3c\" data-midnight=\"\" data-column-margin=\"default\" class=\"wpb_row vc_row-fluid vc_row inner_row\"  style=\"\"><div class=\"row-bg-wrap\"> <div class=\"row-bg\" ><\/div> <\/div><div class=\"row_col_wrap_12_inner col span_12  left\">\n\t<div  class=\"vc_col-sm-12 wpb_column column_container vc_column_container col child_column no-extra-padding inherit_tablet inherit_phone\"   data-padding-pos=\"all\" data-has-bg-color=\"false\" data-bg-color=\"\" data-bg-opacity=\"1\" data-animation=\"\" data-delay=\"0\" >\n\t\t<div class=\"vc_column-inner\" >\n\t\t<div class=\"wpb_wrapper\">\n\t\t\t\n<div class=\"wpb_text_column wpb_content_element\" >\n\t<div class=\"wpb_wrapper\">\n\t\t<table class=\"table-contact\">\n<thead>\n<tr>\n<th class=\"name-column\">SERVICES DE SANT\u00c9 ET D\u2019URGENCES<\/th>\n<th class=\"number-column\">NUMBER<\/th>\n<\/tr>\n<\/thead>\n<tbody>\n<tr>\n<td>Centre de sant\u00e9.- Rue Santa Clara, S\/N<\/td>\n<td><a href=\"tel:955077600\">955 077 600 \/ 602 \/ 630<\/a><\/td>\n<\/tr>\n<tr>\n<td>Centre de sant\u00e9 (urgences)<\/td>\n<td><a href=\"tel:902505061\">902 505 061<\/a><\/td>\n<\/tr>\n<tr>\n<td>Croix Rouge locale.- 82, Rue Carrera<\/td>\n<td><a href=\"tel:954815000\">954 815 000<\/a><\/td>\n<\/tr>\n<tr>\n<td>H\u00f4pital R\u00e9gional \u2013 2, Avenida de La Constituci\u00f3n<\/td>\n<td><a href=\"tel:955077200\">955 077 200<\/a><\/td>\n<\/tr>\n<tr>\n<td>H\u00f4pital R\u00e9gional (urgences)<\/td>\n<td><a href=\"tel:955077370\">955 077 370<\/a><\/td>\n<\/tr>\n<\/tbody>\n<\/table>\n\t<\/div>\n<\/div>\n\n\n\n\n\t\t<\/div> \n\t<\/div>\n\t<\/div> \n<\/div><\/div>\n\t\t\t<\/div> \n\t\t<\/div>\n\t<\/div> \n<\/div><\/div>","protected":false},"excerpt":{"rendered":"Office d information touristique: se d\u00e9placer, services et loisirs Office d information touristique L\u2019Office Municipal de Tourisme, appartenant \u00e0 la Mairie d\u2019Osuna, se trouve dans l\u2019ancien maison des fr\u00e8res Arjona...","protected":false},"author":2,"featured_media":0,"parent":0,"menu_order":0,"comment_status":"closed","ping_status":"closed","template":"","meta":{"inline_featured_image":false,"footnotes":""},"class_list":["post-4652","page","type-page","status-publish"],"yoast_head":"<!-- This site is optimized with the Yoast SEO plugin v25.3 - https:\/\/yoast.com\/wordpress\/plugins\/seo\/ -->\n<title>Office d information touristique - Turismo Osuna<\/title>\n<meta name=\"robots\" content=\"index, follow, max-snippet:-1, max-image-preview:large, max-video-preview:-1\" \/>\n<link rel=\"canonical\" href=\"https:\/\/turismodeosuna.es\/en\/office-d-information-touristique\/\" \/>\n<meta property=\"og:locale\" content=\"en_GB\" \/>\n<meta property=\"og:type\" content=\"article\" \/>\n<meta property=\"og:title\" content=\"Office d information touristique - Turismo Osuna\" \/>\n<meta property=\"og:url\" content=\"https:\/\/turismodeosuna.es\/en\/office-d-information-touristique\/\" \/>\n<meta property=\"og:site_name\" content=\"Turismo Osuna\" \/>\n<meta property=\"article:modified_time\" content=\"2023-03-23T08:13:32+00:00\" \/>\n<meta name=\"twitter:card\" content=\"summary_large_image\" \/>\n<meta name=\"twitter:label1\" content=\"Estimated reading time\" \/>\n\t<meta name=\"twitter:data1\" content=\"5 minutes\" \/>\n<script type=\"application\/ld+json\" class=\"yoast-schema-graph\">{\"@context\":\"https:\/\/schema.org\",\"@graph\":[{\"@type\":\"WebPage\",\"@id\":\"https:\/\/turismodeosuna.es\/office-d-information-touristique\/\",\"url\":\"https:\/\/turismodeosuna.es\/office-d-information-touristique\/\",\"name\":\"Office d information touristique - Turismo Osuna\",\"isPartOf\":{\"@id\":\"https:\/\/turismodeosuna.es\/#website\"},\"datePublished\":\"2022-06-28T09:35:27+00:00\",\"dateModified\":\"2023-03-23T08:13:32+00:00\",\"breadcrumb\":{\"@id\":\"https:\/\/turismodeosuna.es\/office-d-information-touristique\/#breadcrumb\"},\"inLanguage\":\"en-GB\",\"potentialAction\":[{\"@type\":\"ReadAction\",\"target\":[\"https:\/\/turismodeosuna.es\/office-d-information-touristique\/\"]}]},{\"@type\":\"BreadcrumbList\",\"@id\":\"https:\/\/turismodeosuna.es\/office-d-information-touristique\/#breadcrumb\",\"itemListElement\":[{\"@type\":\"ListItem\",\"position\":1,\"name\":\"Portada\",\"item\":\"https:\/\/turismodeosuna.es\/\"},{\"@type\":\"ListItem\",\"position\":2,\"name\":\"Office d information touristique\"}]},{\"@type\":\"WebSite\",\"@id\":\"https:\/\/turismodeosuna.es\/#website\",\"url\":\"https:\/\/turismodeosuna.es\/\",\"name\":\"Turismo Osuna\",\"description\":\"Turismo de Osuna\",\"potentialAction\":[{\"@type\":\"SearchAction\",\"target\":{\"@type\":\"EntryPoint\",\"urlTemplate\":\"https:\/\/turismodeosuna.es\/?s={search_term_string}\"},\"query-input\":{\"@type\":\"PropertyValueSpecification\",\"valueRequired\":true,\"valueName\":\"search_term_string\"}}],\"inLanguage\":\"en-GB\"}]}<\/script>\n<!-- \/ Yoast SEO plugin. -->","yoast_head_json":{"title":"Office d information touristique - Turismo Osuna","robots":{"index":"index","follow":"follow","max-snippet":"max-snippet:-1","max-image-preview":"max-image-preview:large","max-video-preview":"max-video-preview:-1"},"canonical":"https:\/\/turismodeosuna.es\/en\/office-d-information-touristique\/","og_locale":"en_GB","og_type":"article","og_title":"Office d information touristique - Turismo Osuna","og_url":"https:\/\/turismodeosuna.es\/en\/office-d-information-touristique\/","og_site_name":"Turismo Osuna","article_modified_time":"2023-03-23T08:13:32+00:00","twitter_card":"summary_large_image","twitter_misc":{"Estimated reading time":"5 minutes"},"schema":{"@context":"https:\/\/schema.org","@graph":[{"@type":"WebPage","@id":"https:\/\/turismodeosuna.es\/office-d-information-touristique\/","url":"https:\/\/turismodeosuna.es\/office-d-information-touristique\/","name":"Office d information touristique - Turismo Osuna","isPartOf":{"@id":"https:\/\/turismodeosuna.es\/#website"},"datePublished":"2022-06-28T09:35:27+00:00","dateModified":"2023-03-23T08:13:32+00:00","breadcrumb":{"@id":"https:\/\/turismodeosuna.es\/office-d-information-touristique\/#breadcrumb"},"inLanguage":"en-GB","potentialAction":[{"@type":"ReadAction","target":["https:\/\/turismodeosuna.es\/office-d-information-touristique\/"]}]},{"@type":"BreadcrumbList","@id":"https:\/\/turismodeosuna.es\/office-d-information-touristique\/#breadcrumb","itemListElement":[{"@type":"ListItem","position":1,"name":"Portada","item":"https:\/\/turismodeosuna.es\/"},{"@type":"ListItem","position":2,"name":"Office d information touristique"}]},{"@type":"WebSite","@id":"https:\/\/turismodeosuna.es\/#website","url":"https:\/\/turismodeosuna.es\/","name":"Turismo Osuna","description":"Turismo de Osuna","potentialAction":[{"@type":"SearchAction","target":{"@type":"EntryPoint","urlTemplate":"https:\/\/turismodeosuna.es\/?s={search_term_string}"},"query-input":{"@type":"PropertyValueSpecification","valueRequired":true,"valueName":"search_term_string"}}],"inLanguage":"en-GB"}]}},"_links":{"self":[{"href":"https:\/\/turismodeosuna.es\/en\/wp-json\/wp\/v2\/pages\/4652","targetHints":{"allow":["GET"]}}],"collection":[{"href":"https:\/\/turismodeosuna.es\/en\/wp-json\/wp\/v2\/pages"}],"about":[{"href":"https:\/\/turismodeosuna.es\/en\/wp-json\/wp\/v2\/types\/page"}],"author":[{"embeddable":true,"href":"https:\/\/turismodeosuna.es\/en\/wp-json\/wp\/v2\/users\/2"}],"replies":[{"embeddable":true,"href":"https:\/\/turismodeosuna.es\/en\/wp-json\/wp\/v2\/comments?post=4652"}],"version-history":[{"count":8,"href":"https:\/\/turismodeosuna.es\/en\/wp-json\/wp\/v2\/pages\/4652\/revisions"}],"predecessor-version":[{"id":5765,"href":"https:\/\/turismodeosuna.es\/en\/wp-json\/wp\/v2\/pages\/4652\/revisions\/5765"}],"wp:attachment":[{"href":"https:\/\/turismodeosuna.es\/en\/wp-json\/wp\/v2\/media?parent=4652"}],"curies":[{"name":"wp","href":"https:\/\/api.w.org\/{rel}","templated":true}]}}