{"id":4388,"date":"2022-07-28T10:29:46","date_gmt":"2022-07-28T08:29:46","guid":{"rendered":"http:\/\/turismodeosuna.es\/ruta-de-la-campina\/"},"modified":"2023-02-13T10:32:44","modified_gmt":"2023-02-13T09:32:44","slug":"route-de-la-campina","status":"publish","type":"page","link":"https:\/\/turismodeosuna.es\/fr\/route-de-la-campina\/","title":{"rendered":"Route de la Campi\u00f1a"},"content":{"rendered":"[vc_row type=\u00a0\u00bbfull_width_content\u00a0\u00bb full_screen_row_position=\u00a0\u00bbmiddle\u00a0\u00bb column_margin=\u00a0\u00bbdefault\u00a0\u00bb column_direction=\u00a0\u00bbdefault\u00a0\u00bb column_direction_tablet=\u00a0\u00bbdefault\u00a0\u00bb column_direction_phone=\u00a0\u00bbdefault\u00a0\u00bb scene_position=\u00a0\u00bbcenter\u00a0\u00bb text_color=\u00a0\u00bbdark\u00a0\u00bb text_align=\u00a0\u00bbleft\u00a0\u00bb row_border_radius=\u00a0\u00bbnone\u00a0\u00bb row_border_radius_applies=\u00a0\u00bbbg\u00a0\u00bb overflow=\u00a0\u00bbvisible\u00a0\u00bb advanced_gradient_angle=\u00a0\u00bb0&Prime; overlay_strength=\u00a0\u00bb0.3&Prime; gradient_direction=\u00a0\u00bbleft_to_right\u00a0\u00bb shape_divider_position=\u00a0\u00bbbottom\u00a0\u00bb bg_image_animation=\u00a0\u00bbnone\u00a0\u00bb gradient_type=\u00a0\u00bbdefault\u00a0\u00bb shape_type=\u00a0\u00bb\u00a0\u00bb][vc_column column_padding=\u00a0\u00bbno-extra-padding\u00a0\u00bb column_padding_tablet=\u00a0\u00bbinherit\u00a0\u00bb column_padding_phone=\u00a0\u00bbinherit\u00a0\u00bb column_padding_position=\u00a0\u00bball\u00a0\u00bb column_element_spacing=\u00a0\u00bbdefault\u00a0\u00bb background_color_opacity=\u00a0\u00bb1&Prime; background_hover_color_opacity=\u00a0\u00bb1&Prime; column_shadow=\u00a0\u00bbnone\u00a0\u00bb column_border_radius=\u00a0\u00bbnone\u00a0\u00bb column_link_target=\u00a0\u00bb_self\u00a0\u00bb column_position=\u00a0\u00bbdefault\u00a0\u00bb gradient_direction=\u00a0\u00bbleft_to_right\u00a0\u00bb overlay_strength=\u00a0\u00bb0.3&Prime; width=\u00a0\u00bb1\/1&Prime; tablet_width_inherit=\u00a0\u00bbdefault\u00a0\u00bb tablet_text_alignment=\u00a0\u00bbdefault\u00a0\u00bb phone_text_alignment=\u00a0\u00bbdefault\u00a0\u00bb animation_type=\u00a0\u00bbdefault\u00a0\u00bb bg_image_animation=\u00a0\u00bbnone\u00a0\u00bb border_type=\u00a0\u00bbsimple\u00a0\u00bb column_border_width=\u00a0\u00bbnone\u00a0\u00bb column_border_style=\u00a0\u00bbsolid\u00a0\u00bb][image_with_animation image_url=\u00a0\u00bb1225&Prime; image_size=\u00a0\u00bbfull\u00a0\u00bb animation_type=\u00a0\u00bbentrance\u00a0\u00bb animation=\u00a0\u00bbFade In\u00a0\u00bb hover_animation=\u00a0\u00bbnone\u00a0\u00bb alignment=\u00a0\u00bbcenter\u00a0\u00bb border_radius=\u00a0\u00bbnone\u00a0\u00bb box_shadow=\u00a0\u00bbnone\u00a0\u00bb image_loading=\u00a0\u00bbdefault\u00a0\u00bb max_width=\u00a0\u00bb100%\u00a0\u00bb max_width_mobile=\u00a0\u00bbdefault\u00a0\u00bb el_class=\u00a0\u00bbimg-sendero\u00a0\u00bb][image_with_animation image_url=\u00a0\u00bb22&Prime; image_size=\u00a0\u00bbfull\u00a0\u00bb animation_type=\u00a0\u00bbentrance\u00a0\u00bb animation=\u00a0\u00bbFade In\u00a0\u00bb hover_animation=\u00a0\u00bbnone\u00a0\u00bb alignment=\u00a0\u00bbcenter\u00a0\u00bb border_radius=\u00a0\u00bbnone\u00a0\u00bb box_shadow=\u00a0\u00bbnone\u00a0\u00bb image_loading=\u00a0\u00bbdefault\u00a0\u00bb max_width=\u00a0\u00bb100%\u00a0\u00bb max_width_mobile=\u00a0\u00bbdefault\u00a0\u00bb][\/vc_column][\/vc_row][vc_row type=\u00a0\u00bbin_container\u00a0\u00bb full_screen_row_position=\u00a0\u00bbmiddle\u00a0\u00bb column_margin=\u00a0\u00bbdefault\u00a0\u00bb equal_height=\u00a0\u00bbyes\u00a0\u00bb content_placement=\u00a0\u00bbmiddle\u00a0\u00bb column_direction=\u00a0\u00bbdefault\u00a0\u00bb column_direction_tablet=\u00a0\u00bbdefault\u00a0\u00bb column_direction_phone=\u00a0\u00bbdefault\u00a0\u00bb scene_position=\u00a0\u00bbcenter\u00a0\u00bb top_margin=\u00a0\u00bb-4%\u00a0\u00bb top_margin_tablet=\u00a0\u00bb5%\u00a0\u00bb bottom_margin_tablet=\u00a0\u00bb0&Prime; top_margin_phone=\u00a0\u00bb5%\u00a0\u00bb text_color=\u00a0\u00bbdark\u00a0\u00bb text_align=\u00a0\u00bbleft\u00a0\u00bb row_border_radius=\u00a0\u00bbnone\u00a0\u00bb row_border_radius_applies=\u00a0\u00bbbg\u00a0\u00bb overflow=\u00a0\u00bbvisible\u00a0\u00bb advanced_gradient_angle=\u00a0\u00bb0&Prime; overlay_strength=\u00a0\u00bb0.3&Prime; gradient_direction=\u00a0\u00bbleft_to_right\u00a0\u00bb shape_divider_position=\u00a0\u00bbbottom\u00a0\u00bb bg_image_animation=\u00a0\u00bbnone\u00a0\u00bb gradient_type=\u00a0\u00bbdefault\u00a0\u00bb shape_type=\u00a0\u00bb\u00a0\u00bb][vc_column column_padding=\u00a0\u00bbno-extra-padding\u00a0\u00bb column_padding_tablet=\u00a0\u00bbinherit\u00a0\u00bb column_padding_phone=\u00a0\u00bbinherit\u00a0\u00bb column_padding_position=\u00a0\u00bball\u00a0\u00bb column_element_spacing=\u00a0\u00bbdefault\u00a0\u00bb background_color_opacity=\u00a0\u00bb1&Prime; background_hover_color_opacity=\u00a0\u00bb1&Prime; column_shadow=\u00a0\u00bbnone\u00a0\u00bb column_border_radius=\u00a0\u00bbnone\u00a0\u00bb column_link_target=\u00a0\u00bb_self\u00a0\u00bb column_position=\u00a0\u00bbdefault\u00a0\u00bb gradient_direction=\u00a0\u00bbleft_to_right\u00a0\u00bb overlay_strength=\u00a0\u00bb0.3&Prime; width=\u00a0\u00bb1\/1&Prime; tablet_width_inherit=\u00a0\u00bbdefault\u00a0\u00bb tablet_text_alignment=\u00a0\u00bbdefault\u00a0\u00bb phone_text_alignment=\u00a0\u00bbdefault\u00a0\u00bb animation_type=\u00a0\u00bbdefault\u00a0\u00bb bg_image_animation=\u00a0\u00bbnone\u00a0\u00bb border_type=\u00a0\u00bbsimple\u00a0\u00bb column_border_width=\u00a0\u00bbnone\u00a0\u00bb column_border_style=\u00a0\u00bbsolid\u00a0\u00bb][vc_column_text]\n<h1 style=\"text-align: center;\">Route de la Campi\u00f1a<\/h1>\n[\/vc_column_text][vc_column_text]<span style=\"font-weight: 400;\">Pour cet itin\u00e9raire, le point de d\u00e9part et d&rsquo;arriv\u00e9e est le centre sportif municipal d&rsquo;Osuna. L&rsquo;itin\u00e9raire nous conduit \u00e0 travers des chemins de cultures c\u00e9r\u00e9ali\u00e8res, traversant plusieurs fermes importantes de la campagne d&rsquo;Osuna.<\/span><\/p>\n<p><span style=\"font-weight: 400;\">En partant du centre sportif municipal, nous devons nous diriger vers la zone industrielle de Las Vegas, par la station d&rsquo;essence situ\u00e9e dans cette zone industrielle, nous entrons dans la \u00ab\u00a0Ca\u00f1ada Real de Mor\u00f3n\u00a0\u00bb (en utilisant la voie de service) et peu apr\u00e8s avoir travers\u00e9 l &lsquo;\u00a0\u00bbArroyo del Peinado\u00a0\u00bb Nous prendrons la \u00ab\u00a0Vereda de Otero\u00a0\u00bb situ\u00e9e sur notre droite, juste apr\u00e8s nous tournons encore \u00e0 gauche pour prendre le \u00ab\u00a0Camino del Cambr\u00f3n\u00a0\u00bb que nous continuerons jusqu&rsquo;\u00e0 ce que nous arrivions au \u00ab\u00a0Cortijo de la Due\u00f1a Baja\u00a0\u00bb.<\/span><\/p>\n<p><span style=\"font-weight: 400;\">\u00c0 ce stade, nous entrons dans les oliveraies que nous verrons et relierons \u00e0 la \u00ab\u00a0Vereda de la Romera\u00a0\u00bb, qui passe par le \u00ab\u00a0Cortijo Venta de la Romera\u00a0\u00bb, nous serons situ\u00e9s \u00e0 la jonction des routes \u00ab\u00a0SE-715\u00a0\u00bb avec le \u00ab\u00a0SE -716\u201d dans lequel nous continuerons tout droit en prenant cette derni\u00e8re route mentionn\u00e9e. Ici, nous devons faire une section d&rsquo;environ 3 km par asphalte jusqu&rsquo;\u00e0 ce que nous atteignions \u00e0 nouveau un carrefour o\u00f9 nous devons prendre le chemin que nous voyons sur notre droite, entrant ainsi dans la \u00ab\u00a0Vereda del Alamillo\u00a0\u00bb que nous continuerons \u00e0 traverser le \u00ab\u00a0Cortijo de Pajares\u00a0\u00bb jusqu&rsquo;\u00e0 ce que vous atteigniez le prochain carrefour.<\/span><\/p>\n<p><span style=\"font-weight: 400;\">D\u00e8s que nous traversons l&rsquo;autoroute \u00ab\u00a0SE-710\u00a0\u00bb (autoroute Lantejuela), nous pouvons voir la \u00ab\u00a0Cortijo Casa Blanca\u00a0\u00bb entour\u00e9e d&rsquo;une vaste oliveraie. Nous continuons notre route \u00e0 travers la \u00ab\u00a0Vereda de Rabadanes\u00a0\u00bb en la suivant nous trouverons sur notre droite le \u00ab\u00a0Cortijo de Cantalejos\u00a0\u00bb et nous finirons par arriver \u00e0 la \u00ab\u00a0Ca\u00f1ada Real de Lucena\u00a0\u00bb, nous suivons ce ravin en passant par le \u00ab\u00a0Cortijo de Topetecano\u00a0\u00bb, nous arriverons \u00e0 une autre intersection en celle que nous devons traverser la route \u00ab\u00a0A-351\u00a0\u00bb (Carretera de \u00c9cija-Osuna), apr\u00e8s cela nous atteindrons la derni\u00e8re section de notre route. Nous tournons \u00e0 droite pour prendre le \u00abCamino de Santa Cruz\u00bb et continuons le long sans faire de d\u00e9tour. Lorsque nous atteignons environ la moiti\u00e9 de cette derni\u00e8re section, nous rencontrons le \u00ab\u00a0Cortijo de Santa Cruz\u00a0\u00bb, nous passons la ferme et continuons tout droit jusqu&rsquo;\u00e0 ce que nous atteignions enfin la municipalit\u00e9.<\/span><\/p>\n<p><span style=\"font-weight: 400;\">Il convient de mentionner qu&rsquo;en saison des pluies, certaines routes deviennent impraticables. Il y a quelques alternatives comme celle qui existe \u00e0 la jonction avec la \u00ab\u00a0Vereda de los Arenosos\u00a0\u00bb, au km 9,8 environ de l&rsquo;itin\u00e9raire o\u00f9 nous pouvons tourner \u00e0 droite jusqu&rsquo;\u00e0 la colline de Maestre et apr\u00e8s avoir pass\u00e9 le \u00ab\u00a0Cortijo Los Arenosos\u00a0\u00bb, prendre le trottoir del Alcaparral juste avant d&rsquo;atteindre la route.<\/span>[\/vc_column_text][\/vc_column][\/vc_row][vc_row type=\u00a0\u00bbfull_width_content\u00a0\u00bb full_screen_row_position=\u00a0\u00bbmiddle\u00a0\u00bb column_margin=\u00a0\u00bbdefault\u00a0\u00bb equal_height=\u00a0\u00bbyes\u00a0\u00bb content_placement=\u00a0\u00bbmiddle\u00a0\u00bb column_direction=\u00a0\u00bbdefault\u00a0\u00bb column_direction_tablet=\u00a0\u00bbdefault\u00a0\u00bb column_direction_phone=\u00a0\u00bbdefault\u00a0\u00bb scene_position=\u00a0\u00bbcenter\u00a0\u00bb bottom_margin=\u00a0\u00bb4%\u00a0\u00bb top_margin_tablet=\u00a0\u00bb5%\u00a0\u00bb bottom_margin_tablet=\u00a0\u00bb0&Prime; top_margin_phone=\u00a0\u00bb5%\u00a0\u00bb text_color=\u00a0\u00bbdark\u00a0\u00bb text_align=\u00a0\u00bbleft\u00a0\u00bb row_border_radius=\u00a0\u00bbnone\u00a0\u00bb row_border_radius_applies=\u00a0\u00bbbg\u00a0\u00bb overflow=\u00a0\u00bbvisible\u00a0\u00bb disable_element=\u00a0\u00bbyes\u00a0\u00bb advanced_gradient_angle=\u00a0\u00bb0&Prime; overlay_strength=\u00a0\u00bb0.3&Prime; gradient_direction=\u00a0\u00bbleft_to_right\u00a0\u00bb shape_divider_position=\u00a0\u00bbbottom\u00a0\u00bb bg_image_animation=\u00a0\u00bbnone\u00a0\u00bb gradient_type=\u00a0\u00bbdefault\u00a0\u00bb shape_type=\u00a0\u00bb\u00a0\u00bb][vc_column column_padding=\u00a0\u00bbno-extra-padding\u00a0\u00bb column_padding_tablet=\u00a0\u00bbinherit\u00a0\u00bb column_padding_phone=\u00a0\u00bbinherit\u00a0\u00bb column_padding_position=\u00a0\u00bball\u00a0\u00bb column_element_spacing=\u00a0\u00bbdefault\u00a0\u00bb background_color_opacity=\u00a0\u00bb1&Prime; background_hover_color_opacity=\u00a0\u00bb1&Prime; column_shadow=\u00a0\u00bbnone\u00a0\u00bb column_border_radius=\u00a0\u00bbnone\u00a0\u00bb column_link_target=\u00a0\u00bb_self\u00a0\u00bb column_position=\u00a0\u00bbdefault\u00a0\u00bb gradient_direction=\u00a0\u00bbleft_to_right\u00a0\u00bb overlay_strength=\u00a0\u00bb0.3&Prime; width=\u00a0\u00bb1\/1&Prime; tablet_width_inherit=\u00a0\u00bbdefault\u00a0\u00bb tablet_text_alignment=\u00a0\u00bbdefault\u00a0\u00bb phone_text_alignment=\u00a0\u00bbdefault\u00a0\u00bb animation_type=\u00a0\u00bbdefault\u00a0\u00bb bg_image_animation=\u00a0\u00bbnone\u00a0\u00bb border_type=\u00a0\u00bbsimple\u00a0\u00bb column_border_width=\u00a0\u00bbnone\u00a0\u00bb column_border_style=\u00a0\u00bbsolid\u00a0\u00bb][vc_gallery type=\u00a0\u00bbflickity_style\u00a0\u00bb flickity_spacing=\u00a0\u00bbdefault\u00a0\u00bb flickity_controls=\u00a0\u00bbmaterial_pagination\u00a0\u00bb flickity_overflow=\u00a0\u00bbhidden\u00a0\u00bb flickity_wrap_around=\u00a0\u00bbwrap\u00a0\u00bb flickity_desktop_columns=\u00a0\u00bb3&Prime; flickity_small_desktop_columns=\u00a0\u00bb3&Prime; flickity_tablet_columns=\u00a0\u00bb2&Prime; flickity_phone_columns=\u00a0\u00bb1&Prime; flickity_free_scroll=\u00a0\u00bbtrue\u00a0\u00bb flickity_box_shadow=\u00a0\u00bbnone\u00a0\u00bb image_loading=\u00a0\u00bblazy-load\u00a0\u00bb onclick=\u00a0\u00bblink_image\u00a0\u00bb][\/vc_column][\/vc_row]\n","protected":false},"excerpt":{"rendered":"<p>[vc_row type=\u00a0\u00bbfull_width_content\u00a0\u00bb full_screen_row_position=\u00a0\u00bbmiddle\u00a0\u00bb column_margin=\u00a0\u00bbdefault\u00a0\u00bb column_direction=\u00a0\u00bbdefault\u00a0\u00bb column_direction_tablet=\u00a0\u00bbdefault\u00a0\u00bb column_direction_phone=\u00a0\u00bbdefault\u00a0\u00bb scene_position=\u00a0\u00bbcenter\u00a0\u00bb text_color=\u00a0\u00bbdark\u00a0\u00bb text_align=\u00a0\u00bbleft\u00a0\u00bb row_border_radius=\u00a0\u00bbnone\u00a0\u00bb row_border_radius_applies=\u00a0\u00bbbg\u00a0\u00bb overflow=\u00a0\u00bbvisible\u00a0\u00bb advanced_gradient_angle=\u00a0\u00bb0&Prime; overlay_strength=\u00a0\u00bb0.3&Prime; gradient_direction=\u00a0\u00bbleft_to_right\u00a0\u00bb shape_divider_position=\u00a0\u00bbbottom\u00a0\u00bb bg_image_animation=\u00a0\u00bbnone\u00a0\u00bb gradient_type=\u00a0\u00bbdefault\u00a0\u00bb shape_type=\u00a0\u00bb\u00a0\u00bb][vc_column column_padding=\u00a0\u00bbno-extra-padding\u00a0\u00bb column_padding_tablet=\u00a0\u00bbinherit\u00a0\u00bb column_padding_phone=\u00a0\u00bbinherit\u00a0\u00bb column_padding_position=\u00a0\u00bball\u00a0\u00bb column_element_spacing=\u00a0\u00bbdefault\u00a0\u00bb background_color_opacity=\u00a0\u00bb1&Prime; background_hover_color_opacity=\u00a0\u00bb1&Prime; column_shadow=\u00a0\u00bbnone\u00a0\u00bb column_border_radius=\u00a0\u00bbnone\u00a0\u00bb column_link_target=\u00a0\u00bb_self\u00a0\u00bb&#8230;<\/p>\n","protected":false},"author":3,"featured_media":0,"parent":0,"menu_order":0,"comment_status":"closed","ping_status":"closed","template":"","meta":{"inline_featured_image":false,"h5ap_radio_sources":[],"footnotes":""},"class_list":["post-4388","page","type-page","status-publish"],"yoast_head":"<!-- This site is optimized with the Yoast SEO plugin v27.4 - https:\/\/yoast.com\/product\/yoast-seo-wordpress\/ -->\n<title>Route de la Campi\u00f1a - Turismo Osuna<\/title>\n<meta name=\"robots\" content=\"index, follow, max-snippet:-1, max-image-preview:large, max-video-preview:-1\" \/>\n<link rel=\"canonical\" href=\"https:\/\/turismodeosuna.es\/route-de-la-campina\/\" \/>\n<meta property=\"og:locale\" content=\"fr_FR\" \/>\n<meta property=\"og:type\" content=\"article\" \/>\n<meta property=\"og:title\" content=\"Route de la Campi\u00f1a - Turismo Osuna\" \/>\n<meta property=\"og:description\" content=\"[vc_row type=\u00a0\u00bbfull_width_content\u00a0\u00bb full_screen_row_position=\u00a0\u00bbmiddle\u00a0\u00bb column_margin=\u00a0\u00bbdefault\u00a0\u00bb column_direction=\u00a0\u00bbdefault\u00a0\u00bb column_direction_tablet=\u00a0\u00bbdefault\u00a0\u00bb column_direction_phone=\u00a0\u00bbdefault\u00a0\u00bb scene_position=\u00a0\u00bbcenter\u00a0\u00bb text_color=\u00a0\u00bbdark\u00a0\u00bb text_align=\u00a0\u00bbleft\u00a0\u00bb row_border_radius=\u00a0\u00bbnone\u00a0\u00bb row_border_radius_applies=\u00a0\u00bbbg\u00a0\u00bb overflow=\u00a0\u00bbvisible\u00a0\u00bb advanced_gradient_angle=\u00a0\u00bb0&Prime; overlay_strength=\u00a0\u00bb0.3&Prime; gradient_direction=\u00a0\u00bbleft_to_right\u00a0\u00bb shape_divider_position=\u00a0\u00bbbottom\u00a0\u00bb bg_image_animation=\u00a0\u00bbnone\u00a0\u00bb gradient_type=\u00a0\u00bbdefault\u00a0\u00bb shape_type=\u00a0\u00bb\u00a0\u00bb][vc_column column_padding=\u00a0\u00bbno-extra-padding\u00a0\u00bb column_padding_tablet=\u00a0\u00bbinherit\u00a0\u00bb column_padding_phone=\u00a0\u00bbinherit\u00a0\u00bb column_padding_position=\u00a0\u00bball\u00a0\u00bb column_element_spacing=\u00a0\u00bbdefault\u00a0\u00bb background_color_opacity=\u00a0\u00bb1&Prime; background_hover_color_opacity=\u00a0\u00bb1&Prime; column_shadow=\u00a0\u00bbnone\u00a0\u00bb column_border_radius=\u00a0\u00bbnone\u00a0\u00bb column_link_target=\u00a0\u00bb_self\u00a0\u00bb...\" \/>\n<meta property=\"og:url\" content=\"https:\/\/turismodeosuna.es\/route-de-la-campina\/\" \/>\n<meta property=\"og:site_name\" content=\"Turismo Osuna\" \/>\n<meta property=\"article:modified_time\" content=\"2023-02-13T09:32:44+00:00\" \/>\n<meta name=\"twitter:card\" content=\"summary_large_image\" \/>\n<meta name=\"twitter:label1\" content=\"Dur\u00e9e de lecture estim\u00e9e\" \/>\n\t<meta name=\"twitter:data1\" content=\"3 minutes\" \/>\n<script type=\"application\/ld+json\" class=\"yoast-schema-graph\">{\"@context\":\"https:\\\/\\\/schema.org\",\"@graph\":[{\"@type\":\"WebPage\",\"@id\":\"https:\\\/\\\/turismodeosuna.es\\\/route-de-la-campina\\\/\",\"url\":\"https:\\\/\\\/turismodeosuna.es\\\/route-de-la-campina\\\/\",\"name\":\"Route de la Campi\u00f1a - Turismo Osuna\",\"isPartOf\":{\"@id\":\"https:\\\/\\\/turismodeosuna.es\\\/#website\"},\"datePublished\":\"2022-07-28T08:29:46+00:00\",\"dateModified\":\"2023-02-13T09:32:44+00:00\",\"breadcrumb\":{\"@id\":\"https:\\\/\\\/turismodeosuna.es\\\/route-de-la-campina\\\/#breadcrumb\"},\"inLanguage\":\"fr-FR\",\"potentialAction\":[{\"@type\":\"ReadAction\",\"target\":[\"https:\\\/\\\/turismodeosuna.es\\\/route-de-la-campina\\\/\"]}]},{\"@type\":\"BreadcrumbList\",\"@id\":\"https:\\\/\\\/turismodeosuna.es\\\/route-de-la-campina\\\/#breadcrumb\",\"itemListElement\":[{\"@type\":\"ListItem\",\"position\":1,\"name\":\"Portada\",\"item\":\"https:\\\/\\\/turismodeosuna.es\\\/inicio\\\/\"},{\"@type\":\"ListItem\",\"position\":2,\"name\":\"Route de la Campi\u00f1a\"}]},{\"@type\":\"WebSite\",\"@id\":\"https:\\\/\\\/turismodeosuna.es\\\/#website\",\"url\":\"https:\\\/\\\/turismodeosuna.es\\\/\",\"name\":\"Turismo Osuna\",\"description\":\"Turismo de Osuna\",\"potentialAction\":[{\"@type\":\"SearchAction\",\"target\":{\"@type\":\"EntryPoint\",\"urlTemplate\":\"https:\\\/\\\/turismodeosuna.es\\\/?s={search_term_string}\"},\"query-input\":{\"@type\":\"PropertyValueSpecification\",\"valueRequired\":true,\"valueName\":\"search_term_string\"}}],\"inLanguage\":\"fr-FR\"}]}<\/script>\n<!-- \/ Yoast SEO plugin. -->","yoast_head_json":{"title":"Route de la Campi\u00f1a - Turismo Osuna","robots":{"index":"index","follow":"follow","max-snippet":"max-snippet:-1","max-image-preview":"max-image-preview:large","max-video-preview":"max-video-preview:-1"},"canonical":"https:\/\/turismodeosuna.es\/route-de-la-campina\/","og_locale":"fr_FR","og_type":"article","og_title":"Route de la Campi\u00f1a - Turismo Osuna","og_description":"[vc_row type=\u00a0\u00bbfull_width_content\u00a0\u00bb full_screen_row_position=\u00a0\u00bbmiddle\u00a0\u00bb column_margin=\u00a0\u00bbdefault\u00a0\u00bb column_direction=\u00a0\u00bbdefault\u00a0\u00bb column_direction_tablet=\u00a0\u00bbdefault\u00a0\u00bb column_direction_phone=\u00a0\u00bbdefault\u00a0\u00bb scene_position=\u00a0\u00bbcenter\u00a0\u00bb text_color=\u00a0\u00bbdark\u00a0\u00bb text_align=\u00a0\u00bbleft\u00a0\u00bb row_border_radius=\u00a0\u00bbnone\u00a0\u00bb row_border_radius_applies=\u00a0\u00bbbg\u00a0\u00bb overflow=\u00a0\u00bbvisible\u00a0\u00bb advanced_gradient_angle=\u00a0\u00bb0&Prime; overlay_strength=\u00a0\u00bb0.3&Prime; gradient_direction=\u00a0\u00bbleft_to_right\u00a0\u00bb shape_divider_position=\u00a0\u00bbbottom\u00a0\u00bb bg_image_animation=\u00a0\u00bbnone\u00a0\u00bb gradient_type=\u00a0\u00bbdefault\u00a0\u00bb shape_type=\u00a0\u00bb\u00a0\u00bb][vc_column column_padding=\u00a0\u00bbno-extra-padding\u00a0\u00bb column_padding_tablet=\u00a0\u00bbinherit\u00a0\u00bb column_padding_phone=\u00a0\u00bbinherit\u00a0\u00bb column_padding_position=\u00a0\u00bball\u00a0\u00bb column_element_spacing=\u00a0\u00bbdefault\u00a0\u00bb background_color_opacity=\u00a0\u00bb1&Prime; background_hover_color_opacity=\u00a0\u00bb1&Prime; column_shadow=\u00a0\u00bbnone\u00a0\u00bb column_border_radius=\u00a0\u00bbnone\u00a0\u00bb column_link_target=\u00a0\u00bb_self\u00a0\u00bb...","og_url":"https:\/\/turismodeosuna.es\/route-de-la-campina\/","og_site_name":"Turismo Osuna","article_modified_time":"2023-02-13T09:32:44+00:00","twitter_card":"summary_large_image","twitter_misc":{"Dur\u00e9e de lecture estim\u00e9e":"3 minutes"},"schema":{"@context":"https:\/\/schema.org","@graph":[{"@type":"WebPage","@id":"https:\/\/turismodeosuna.es\/route-de-la-campina\/","url":"https:\/\/turismodeosuna.es\/route-de-la-campina\/","name":"Route de la Campi\u00f1a - Turismo Osuna","isPartOf":{"@id":"https:\/\/turismodeosuna.es\/#website"},"datePublished":"2022-07-28T08:29:46+00:00","dateModified":"2023-02-13T09:32:44+00:00","breadcrumb":{"@id":"https:\/\/turismodeosuna.es\/route-de-la-campina\/#breadcrumb"},"inLanguage":"fr-FR","potentialAction":[{"@type":"ReadAction","target":["https:\/\/turismodeosuna.es\/route-de-la-campina\/"]}]},{"@type":"BreadcrumbList","@id":"https:\/\/turismodeosuna.es\/route-de-la-campina\/#breadcrumb","itemListElement":[{"@type":"ListItem","position":1,"name":"Portada","item":"https:\/\/turismodeosuna.es\/inicio\/"},{"@type":"ListItem","position":2,"name":"Route de la Campi\u00f1a"}]},{"@type":"WebSite","@id":"https:\/\/turismodeosuna.es\/#website","url":"https:\/\/turismodeosuna.es\/","name":"Turismo Osuna","description":"Turismo de Osuna","potentialAction":[{"@type":"SearchAction","target":{"@type":"EntryPoint","urlTemplate":"https:\/\/turismodeosuna.es\/?s={search_term_string}"},"query-input":{"@type":"PropertyValueSpecification","valueRequired":true,"valueName":"search_term_string"}}],"inLanguage":"fr-FR"}]}},"_links":{"self":[{"href":"https:\/\/turismodeosuna.es\/fr\/wp-json\/wp\/v2\/pages\/4388","targetHints":{"allow":["GET"]}}],"collection":[{"href":"https:\/\/turismodeosuna.es\/fr\/wp-json\/wp\/v2\/pages"}],"about":[{"href":"https:\/\/turismodeosuna.es\/fr\/wp-json\/wp\/v2\/types\/page"}],"author":[{"embeddable":true,"href":"https:\/\/turismodeosuna.es\/fr\/wp-json\/wp\/v2\/users\/3"}],"replies":[{"embeddable":true,"href":"https:\/\/turismodeosuna.es\/fr\/wp-json\/wp\/v2\/comments?post=4388"}],"version-history":[{"count":2,"href":"https:\/\/turismodeosuna.es\/fr\/wp-json\/wp\/v2\/pages\/4388\/revisions"}],"predecessor-version":[{"id":4416,"href":"https:\/\/turismodeosuna.es\/fr\/wp-json\/wp\/v2\/pages\/4388\/revisions\/4416"}],"wp:attachment":[{"href":"https:\/\/turismodeosuna.es\/fr\/wp-json\/wp\/v2\/media?parent=4388"}],"curies":[{"name":"wp","href":"https:\/\/api.w.org\/{rel}","templated":true}]}}